{"id":241701,"date":"2023-10-30T00:00:00","date_gmt":"2023-10-29T23:00:00","guid":{"rendered":"https:\/\/wpguerssen-test.odoo.rgbconsulting.com\/product\/thats-what-friends-are-for\/"},"modified":"2024-06-03T19:21:49","modified_gmt":"2024-06-03T17:21:49","slug":"thats-what-friends-are-for","status":"publish","type":"product","link":"https:\/\/wpguerssen-test.odoo.rgbconsulting.com\/es\/producto\/thats-what-friends-are-for\/","title":{"rendered":"That&#8217;s What Friends Are For"},"content":{"rendered":"<p>Formado en 1978 en Derry, una ciudad republicana de Irlanda del Norte, el tr\u00edo de power-pop-punk, los Moondogs, mezclaron la energ\u00eda de los Clash con la inclinaci\u00f3n mel\u00f3dica de los Beatles. Los conciertos con Undertones les dieron un single para Good Vibrations, adem\u00e1s de algunos m\u00e1s para Real Records, y cuando grabaron el LP debut \u00abThat&#8217;s What Friends Are For\u00bb en Nueva York con Todd Rundgren para Sire, estaban en su punto m\u00e1s exitoso. De alguna manera, la banda se separ\u00f3 a mitad de su creaci\u00f3n, haciendo del \u00e1lbum un momento congelado en el tiempo, en lugar de una ventaja para dominar el mundo. Una gran escucha y otra pieza que falta en el rompecabezas punk de Irlanda del Norte.<\/p>\n","protected":false},"excerpt":{"rendered":"<p>Formado en 1978 en Derry, una ciudad republicana de Irlanda del Norte, el tr\u00edo de power-pop-punk, los Moondogs, mezclaron la energ\u00eda de los Clash con la inclinaci\u00f3n<a class=\"read\" href=\"https:\/\/wpguerssen-test.odoo.rgbconsulting.com\/es\/producto\/thats-what-friends-are-for\/\"> (...)<\/a>","protected":false},"featured_media":241650,"template":"","meta":{"_acf_changed":false},"product_brand":[],"product_cat":[21650,23236],"product_tag":[],"class_list":{"0":"post-241701","1":"product","2":"type-product","3":"status-publish","4":"has-post-thumbnail","6":"product_cat-punk-es","7":"product_cat-power-pop-es","8":"pa_artist-moondogs","9":"pa_format-lp-es","10":"pa_gender-power-pop-punk","11":"pa_label-survival-research","12":"pa_location-uk-ireland-es","13":"pa_other-filters-vinyl-only-es","15":"first","16":"instock","17":"taxable","18":"shipping-taxable","19":"purchasable","20":"product-type-simple"},"acf":[],"yoast_head":"<!-- This site is optimized with the Yoast SEO plugin v24.9 - https:\/\/yoast.com\/wordpress\/plugins\/seo\/ -->\n<title>MOONDOGS - That&#039;s What Friends Are For -  (LP) | Guerssen<\/title>\n<meta name=\"description\" content=\"Formed in 1978 in Derry, a Republican city in Northern Ireland, power-pop-punk trio the Moondogs mixed the energy of the Clash with the melodic bent of the Beatles. Gigs with the Undertones led to a 45 for Good Vibrations, plus a few more for Real Records, and by the time they cut debut LP That&#039;s What Friends Are For in New York with Todd Rundgren for Sire, they were at their most accomplished; somehow, the band split mid-way through its creation, rendering the album a frozen moment in time, rather than a leg-up to world domination. A great listen and another missing piece of Northern Ireland&#039;s punk puzzle.\" \/>\n<meta name=\"robots\" content=\"index, follow, max-snippet:-1, max-image-preview:large, max-video-preview:-1\" \/>\n<link rel=\"canonical\" href=\"https:\/\/wpguerssen-test.odoo.rgbconsulting.com\/es\/producto\/thats-what-friends-are-for\/\" \/>\n<meta property=\"og:locale\" content=\"es_ES\" \/>\n<meta property=\"og:type\" content=\"article\" \/>\n<meta property=\"og:title\" content=\"MOONDOGS - That&#039;s What Friends Are For -  (LP) | Guerssen\" \/>\n<meta property=\"og:description\" content=\"Formed in 1978 in Derry, a Republican city in Northern Ireland, power-pop-punk trio the Moondogs mixed the energy of the Clash with the melodic bent of the Beatles. Gigs with the Undertones led to a 45 for Good Vibrations, plus a few more for Real Records, and by the time they cut debut LP That&#039;s What Friends Are For in New York with Todd Rundgren for Sire, they were at their most accomplished; somehow, the band split mid-way through its creation, rendering the album a frozen moment in time, rather than a leg-up to world domination. A great listen and another missing piece of Northern Ireland&#039;s punk puzzle.\" \/>\n<meta property=\"og:url\" content=\"https:\/\/wpguerssen-test.odoo.rgbconsulting.com\/es\/producto\/thats-what-friends-are-for\/\" \/>\n<meta property=\"og:site_name\" content=\"Guerssen records\" \/>\n<meta property=\"article:modified_time\" content=\"2024-06-03T17:21:49+00:00\" \/>\n<meta property=\"og:image\" content=\"https:\/\/wpguerssen-test.odoo.rgbconsulting.com\/wp-content\/uploads\/2023\/09\/45522.jpg\" \/>\n\t<meta property=\"og:image:width\" content=\"1772\" \/>\n\t<meta property=\"og:image:height\" content=\"1772\" \/>\n\t<meta property=\"og:image:type\" content=\"image\/jpeg\" \/>\n<meta name=\"twitter:card\" content=\"summary_large_image\" \/>\n<meta name=\"twitter:title\" content=\"MOONDOGS - That&#039;s What Friends Are For -  (LP) | Guerssen\" \/>\n<meta name=\"twitter:label1\" content=\"Tiempo de lectura\" \/>\n\t<meta name=\"twitter:data1\" content=\"1 minuto\" \/>\n<script type=\"application\/ld+json\" class=\"yoast-schema-graph\">{\"@context\":\"https:\/\/schema.org\",\"@graph\":[{\"@type\":\"WebPage\",\"@id\":\"https:\/\/wpguerssen-test.odoo.rgbconsulting.com\/es\/producto\/thats-what-friends-are-for\/\",\"url\":\"https:\/\/wpguerssen-test.odoo.rgbconsulting.com\/es\/producto\/thats-what-friends-are-for\/\",\"name\":\"MOONDOGS - That's What Friends Are For - (LP) | Guerssen\",\"isPartOf\":{\"@id\":\"https:\/\/wpguerssen-test.odoo.rgbconsulting.com\/es\/#website\"},\"primaryImageOfPage\":{\"@id\":\"https:\/\/wpguerssen-test.odoo.rgbconsulting.com\/es\/producto\/thats-what-friends-are-for\/#primaryimage\"},\"image\":{\"@id\":\"https:\/\/wpguerssen-test.odoo.rgbconsulting.com\/es\/producto\/thats-what-friends-are-for\/#primaryimage\"},\"thumbnailUrl\":\"https:\/\/wpguerssen-test.odoo.rgbconsulting.com\/wp-content\/uploads\/2023\/09\/45522.jpg\",\"datePublished\":\"2023-10-29T23:00:00+00:00\",\"dateModified\":\"2024-06-03T17:21:49+00:00\",\"description\":\"Formed in 1978 in Derry, a Republican city in Northern Ireland, power-pop-punk trio the Moondogs mixed the energy of the Clash with the melodic bent of the Beatles. Gigs with the Undertones led to a 45 for Good Vibrations, plus a few more for Real Records, and by the time they cut debut LP That's What Friends Are For in New York with Todd Rundgren for Sire, they were at their most accomplished; somehow, the band split mid-way through its creation, rendering the album a frozen moment in time, rather than a leg-up to world domination. A great listen and another missing piece of Northern Ireland's punk puzzle.\",\"breadcrumb\":{\"@id\":\"https:\/\/wpguerssen-test.odoo.rgbconsulting.com\/es\/producto\/thats-what-friends-are-for\/#breadcrumb\"},\"inLanguage\":\"es\",\"potentialAction\":[{\"@type\":\"ReadAction\",\"target\":[\"https:\/\/wpguerssen-test.odoo.rgbconsulting.com\/es\/producto\/thats-what-friends-are-for\/\"]}]},{\"@type\":\"ImageObject\",\"inLanguage\":\"es\",\"@id\":\"https:\/\/wpguerssen-test.odoo.rgbconsulting.com\/es\/producto\/thats-what-friends-are-for\/#primaryimage\",\"url\":\"https:\/\/wpguerssen-test.odoo.rgbconsulting.com\/wp-content\/uploads\/2023\/09\/45522.jpg\",\"contentUrl\":\"https:\/\/wpguerssen-test.odoo.rgbconsulting.com\/wp-content\/uploads\/2023\/09\/45522.jpg\",\"width\":1772,\"height\":1772},{\"@type\":\"BreadcrumbList\",\"@id\":\"https:\/\/wpguerssen-test.odoo.rgbconsulting.com\/es\/producto\/thats-what-friends-are-for\/#breadcrumb\",\"itemListElement\":[{\"@type\":\"ListItem\",\"position\":1,\"name\":\"Inicio\",\"item\":\"https:\/\/wpguerssen-test.odoo.rgbconsulting.com\/es\/\"},{\"@type\":\"ListItem\",\"position\":2,\"name\":\"Shop\",\"item\":\"https:\/\/wpguerssen-test.odoo.rgbconsulting.com\/shop\/\"},{\"@type\":\"ListItem\",\"position\":3,\"name\":\"That&#8217;s What Friends Are For\"}]},{\"@type\":\"WebSite\",\"@id\":\"https:\/\/wpguerssen-test.odoo.rgbconsulting.com\/es\/#website\",\"url\":\"https:\/\/wpguerssen-test.odoo.rgbconsulting.com\/es\/\",\"name\":\"Guerssen records\",\"description\":\"psychedelia - progressive - folk - garage \",\"publisher\":{\"@id\":\"https:\/\/wpguerssen-test.odoo.rgbconsulting.com\/es\/#organization\"},\"potentialAction\":[{\"@type\":\"SearchAction\",\"target\":{\"@type\":\"EntryPoint\",\"urlTemplate\":\"https:\/\/wpguerssen-test.odoo.rgbconsulting.com\/es\/?s={search_term_string}\"},\"query-input\":{\"@type\":\"PropertyValueSpecification\",\"valueRequired\":true,\"valueName\":\"search_term_string\"}}],\"inLanguage\":\"es\"},{\"@type\":\"Organization\",\"@id\":\"https:\/\/wpguerssen-test.odoo.rgbconsulting.com\/es\/#organization\",\"name\":\"Guerssen records\",\"url\":\"https:\/\/wpguerssen-test.odoo.rgbconsulting.com\/es\/\",\"logo\":{\"@type\":\"ImageObject\",\"inLanguage\":\"es\",\"@id\":\"https:\/\/wpguerssen-test.odoo.rgbconsulting.com\/es\/#\/schema\/logo\/image\/\",\"url\":\"https:\/\/wpguerssen-test.odoo.rgbconsulting.com\/wp-content\/uploads\/2022\/04\/Logo_Guerssen_trans_100.png\",\"contentUrl\":\"https:\/\/wpguerssen-test.odoo.rgbconsulting.com\/wp-content\/uploads\/2022\/04\/Logo_Guerssen_trans_100.png\",\"width\":122,\"height\":100,\"caption\":\"Guerssen records\"},\"image\":{\"@id\":\"https:\/\/wpguerssen-test.odoo.rgbconsulting.com\/es\/#\/schema\/logo\/image\/\"}}]}<\/script>\n<!-- \/ Yoast SEO plugin. -->","yoast_head_json":{"title":"MOONDOGS - That's What Friends Are For -  (LP) | Guerssen","description":"Formed in 1978 in Derry, a Republican city in Northern Ireland, power-pop-punk trio the Moondogs mixed the energy of the Clash with the melodic bent of the Beatles. Gigs with the Undertones led to a 45 for Good Vibrations, plus a few more for Real Records, and by the time they cut debut LP That's What Friends Are For in New York with Todd Rundgren for Sire, they were at their most accomplished; somehow, the band split mid-way through its creation, rendering the album a frozen moment in time, rather than a leg-up to world domination. A great listen and another missing piece of Northern Ireland's punk puzzle.","robots":{"index":"index","follow":"follow","max-snippet":"max-snippet:-1","max-image-preview":"max-image-preview:large","max-video-preview":"max-video-preview:-1"},"canonical":"https:\/\/wpguerssen-test.odoo.rgbconsulting.com\/es\/producto\/thats-what-friends-are-for\/","og_locale":"es_ES","og_type":"article","og_title":"MOONDOGS - That's What Friends Are For -  (LP) | Guerssen","og_description":"Formed in 1978 in Derry, a Republican city in Northern Ireland, power-pop-punk trio the Moondogs mixed the energy of the Clash with the melodic bent of the Beatles. Gigs with the Undertones led to a 45 for Good Vibrations, plus a few more for Real Records, and by the time they cut debut LP That's What Friends Are For in New York with Todd Rundgren for Sire, they were at their most accomplished; somehow, the band split mid-way through its creation, rendering the album a frozen moment in time, rather than a leg-up to world domination. A great listen and another missing piece of Northern Ireland's punk puzzle.","og_url":"https:\/\/wpguerssen-test.odoo.rgbconsulting.com\/es\/producto\/thats-what-friends-are-for\/","og_site_name":"Guerssen records","article_modified_time":"2024-06-03T17:21:49+00:00","og_image":[{"width":1772,"height":1772,"url":"https:\/\/wpguerssen-test.odoo.rgbconsulting.com\/wp-content\/uploads\/2023\/09\/45522.jpg","type":"image\/jpeg"}],"twitter_card":"summary_large_image","twitter_title":"MOONDOGS - That's What Friends Are For -  (LP) | Guerssen","twitter_misc":{"Tiempo de lectura":"1 minuto"},"schema":{"@context":"https:\/\/schema.org","@graph":[{"@type":"WebPage","@id":"https:\/\/wpguerssen-test.odoo.rgbconsulting.com\/es\/producto\/thats-what-friends-are-for\/","url":"https:\/\/wpguerssen-test.odoo.rgbconsulting.com\/es\/producto\/thats-what-friends-are-for\/","name":"MOONDOGS - That's What Friends Are For - (LP) | Guerssen","isPartOf":{"@id":"https:\/\/wpguerssen-test.odoo.rgbconsulting.com\/es\/#website"},"primaryImageOfPage":{"@id":"https:\/\/wpguerssen-test.odoo.rgbconsulting.com\/es\/producto\/thats-what-friends-are-for\/#primaryimage"},"image":{"@id":"https:\/\/wpguerssen-test.odoo.rgbconsulting.com\/es\/producto\/thats-what-friends-are-for\/#primaryimage"},"thumbnailUrl":"https:\/\/wpguerssen-test.odoo.rgbconsulting.com\/wp-content\/uploads\/2023\/09\/45522.jpg","datePublished":"2023-10-29T23:00:00+00:00","dateModified":"2024-06-03T17:21:49+00:00","description":"Formed in 1978 in Derry, a Republican city in Northern Ireland, power-pop-punk trio the Moondogs mixed the energy of the Clash with the melodic bent of the Beatles. Gigs with the Undertones led to a 45 for Good Vibrations, plus a few more for Real Records, and by the time they cut debut LP That's What Friends Are For in New York with Todd Rundgren for Sire, they were at their most accomplished; somehow, the band split mid-way through its creation, rendering the album a frozen moment in time, rather than a leg-up to world domination. A great listen and another missing piece of Northern Ireland's punk puzzle.","breadcrumb":{"@id":"https:\/\/wpguerssen-test.odoo.rgbconsulting.com\/es\/producto\/thats-what-friends-are-for\/#breadcrumb"},"inLanguage":"es","potentialAction":[{"@type":"ReadAction","target":["https:\/\/wpguerssen-test.odoo.rgbconsulting.com\/es\/producto\/thats-what-friends-are-for\/"]}]},{"@type":"ImageObject","inLanguage":"es","@id":"https:\/\/wpguerssen-test.odoo.rgbconsulting.com\/es\/producto\/thats-what-friends-are-for\/#primaryimage","url":"https:\/\/wpguerssen-test.odoo.rgbconsulting.com\/wp-content\/uploads\/2023\/09\/45522.jpg","contentUrl":"https:\/\/wpguerssen-test.odoo.rgbconsulting.com\/wp-content\/uploads\/2023\/09\/45522.jpg","width":1772,"height":1772},{"@type":"BreadcrumbList","@id":"https:\/\/wpguerssen-test.odoo.rgbconsulting.com\/es\/producto\/thats-what-friends-are-for\/#breadcrumb","itemListElement":[{"@type":"ListItem","position":1,"name":"Inicio","item":"https:\/\/wpguerssen-test.odoo.rgbconsulting.com\/es\/"},{"@type":"ListItem","position":2,"name":"Shop","item":"https:\/\/wpguerssen-test.odoo.rgbconsulting.com\/shop\/"},{"@type":"ListItem","position":3,"name":"That&#8217;s What Friends Are For"}]},{"@type":"WebSite","@id":"https:\/\/wpguerssen-test.odoo.rgbconsulting.com\/es\/#website","url":"https:\/\/wpguerssen-test.odoo.rgbconsulting.com\/es\/","name":"Guerssen records","description":"psychedelia - progressive - folk - garage ","publisher":{"@id":"https:\/\/wpguerssen-test.odoo.rgbconsulting.com\/es\/#organization"},"potentialAction":[{"@type":"SearchAction","target":{"@type":"EntryPoint","urlTemplate":"https:\/\/wpguerssen-test.odoo.rgbconsulting.com\/es\/?s={search_term_string}"},"query-input":{"@type":"PropertyValueSpecification","valueRequired":true,"valueName":"search_term_string"}}],"inLanguage":"es"},{"@type":"Organization","@id":"https:\/\/wpguerssen-test.odoo.rgbconsulting.com\/es\/#organization","name":"Guerssen records","url":"https:\/\/wpguerssen-test.odoo.rgbconsulting.com\/es\/","logo":{"@type":"ImageObject","inLanguage":"es","@id":"https:\/\/wpguerssen-test.odoo.rgbconsulting.com\/es\/#\/schema\/logo\/image\/","url":"https:\/\/wpguerssen-test.odoo.rgbconsulting.com\/wp-content\/uploads\/2022\/04\/Logo_Guerssen_trans_100.png","contentUrl":"https:\/\/wpguerssen-test.odoo.rgbconsulting.com\/wp-content\/uploads\/2022\/04\/Logo_Guerssen_trans_100.png","width":122,"height":100,"caption":"Guerssen records"},"image":{"@id":"https:\/\/wpguerssen-test.odoo.rgbconsulting.com\/es\/#\/schema\/logo\/image\/"}}]}},"_links":{"self":[{"href":"https:\/\/wpguerssen-test.odoo.rgbconsulting.com\/es\/wp-json\/wp\/v2\/product\/241701","targetHints":{"allow":["GET"]}}],"collection":[{"href":"https:\/\/wpguerssen-test.odoo.rgbconsulting.com\/es\/wp-json\/wp\/v2\/product"}],"about":[{"href":"https:\/\/wpguerssen-test.odoo.rgbconsulting.com\/es\/wp-json\/wp\/v2\/types\/product"}],"wp:featuredmedia":[{"embeddable":true,"href":"https:\/\/wpguerssen-test.odoo.rgbconsulting.com\/es\/wp-json\/wp\/v2\/media\/241650"}],"wp:attachment":[{"href":"https:\/\/wpguerssen-test.odoo.rgbconsulting.com\/es\/wp-json\/wp\/v2\/media?parent=241701"}],"wp:term":[{"taxonomy":"product_brand","embeddable":true,"href":"https:\/\/wpguerssen-test.odoo.rgbconsulting.com\/es\/wp-json\/wp\/v2\/product_brand?post=241701"},{"taxonomy":"product_cat","embeddable":true,"href":"https:\/\/wpguerssen-test.odoo.rgbconsulting.com\/es\/wp-json\/wp\/v2\/product_cat?post=241701"},{"taxonomy":"product_tag","embeddable":true,"href":"https:\/\/wpguerssen-test.odoo.rgbconsulting.com\/es\/wp-json\/wp\/v2\/product_tag?post=241701"}],"curies":[{"name":"wp","href":"https:\/\/api.w.org\/{rel}","templated":true}]}}