{"id":241706,"date":"2022-03-24T00:00:00","date_gmt":"2022-03-23T23:00:00","guid":{"rendered":"https:\/\/wpguerssen-test.odoo.rgbconsulting.com\/product\/the-wonderful-world-of-sam-cooke-2\/"},"modified":"2024-06-03T19:22:05","modified_gmt":"2024-06-03T17:22:05","slug":"the-wonderful-world-of-sam-cooke-2","status":"publish","type":"product","link":"https:\/\/wpguerssen-test.odoo.rgbconsulting.com\/es\/producto\/the-wonderful-world-of-sam-cooke-2\/","title":{"rendered":"The Wonderful World Of Sam Cooke"},"content":{"rendered":"<p>Ampliamente celebrado como uno de los artistas de soul m\u00e1s influyentes de todos los tiempos y conocido como el Rey del Soul por sus muchas contribuciones, Sam Cooke obtuvo 29 sencillos entre los 40 primeros en sus siete a\u00f1os de carrera en solitario. The Wonderful World Of Sam Cooke, publicado por Keen en 1960 justo despu\u00e9s de que Cooke firmara con RCA, fue el primer \u00e1lbum de larga duraci\u00f3n que despert\u00f3 un inter\u00e9s serio en el hombre debido a su sublime lista de canciones.<\/p>\n","protected":false},"excerpt":{"rendered":"<p>Ampliamente celebrado como uno de los artistas de soul m\u00e1s influyentes de todos los tiempos y conocido como el Rey del Soul por sus muchas contribuciones, Sam Cooke<a class=\"read\" href=\"https:\/\/wpguerssen-test.odoo.rgbconsulting.com\/es\/producto\/the-wonderful-world-of-sam-cooke-2\/\"> (...)<\/a>","protected":false},"featured_media":241663,"template":"","meta":{"_acf_changed":false},"product_brand":[],"product_cat":[21649],"product_tag":[],"class_list":{"0":"post-241706","1":"product","2":"type-product","3":"status-publish","4":"has-post-thumbnail","6":"product_cat-soul-rnb-es","7":"pa_artist-cooke-sam","8":"pa_format-lp-es","9":"pa_gender-soul-rnb","10":"pa_label-destination-moon","11":"pa_location-north-america-es","12":"pa_other-filters-vinyl-only-es","14":"first","15":"instock","16":"taxable","17":"shipping-taxable","18":"purchasable","19":"product-type-simple"},"acf":[],"yoast_head":"<!-- This site is optimized with the Yoast SEO plugin v24.9 - https:\/\/yoast.com\/wordpress\/plugins\/seo\/ -->\n<title>COOKE, Sam - The Wonderful World Of Sam Cooke -  (LP) | Guerssen<\/title>\n<meta name=\"description\" content=\"Widely feted as one of the most influential soul artists of all time and known as the King of Soul for his many contributions to the form, Sam Cooke scored 29 top-40 singles in his seven-year solo career. The Wonderful World Of Sam Cooke, released by Keen in 1960 just after Cooke signed to RCA, was the first long player to garner serious interest in the man because of its sublime track listing, including distinctive readings of show tunes &#039;Blue Moon,&#039; &#039;Stealing Kisses,&#039; &#039;For Sentimental Reasons,&#039; &#039;Summertime,&#039; and of course the standout title track, which remains a greatly loved classic that has never gone out of fashion.\" \/>\n<meta name=\"robots\" content=\"index, follow, max-snippet:-1, max-image-preview:large, max-video-preview:-1\" \/>\n<link rel=\"canonical\" href=\"https:\/\/wpguerssen-test.odoo.rgbconsulting.com\/es\/producto\/the-wonderful-world-of-sam-cooke-2\/\" \/>\n<meta property=\"og:locale\" content=\"es_ES\" \/>\n<meta property=\"og:type\" content=\"article\" \/>\n<meta property=\"og:title\" content=\"COOKE, Sam - The Wonderful World Of Sam Cooke -  (LP) | Guerssen\" \/>\n<meta property=\"og:description\" content=\"Widely feted as one of the most influential soul artists of all time and known as the King of Soul for his many contributions to the form, Sam Cooke scored 29 top-40 singles in his seven-year solo career. The Wonderful World Of Sam Cooke, released by Keen in 1960 just after Cooke signed to RCA, was the first long player to garner serious interest in the man because of its sublime track listing, including distinctive readings of show tunes &#039;Blue Moon,&#039; &#039;Stealing Kisses,&#039; &#039;For Sentimental Reasons,&#039; &#039;Summertime,&#039; and of course the standout title track, which remains a greatly loved classic that has never gone out of fashion.\" \/>\n<meta property=\"og:url\" content=\"https:\/\/wpguerssen-test.odoo.rgbconsulting.com\/es\/producto\/the-wonderful-world-of-sam-cooke-2\/\" \/>\n<meta property=\"og:site_name\" content=\"Guerssen records\" \/>\n<meta property=\"article:modified_time\" content=\"2024-06-03T17:22:05+00:00\" \/>\n<meta property=\"og:image\" content=\"https:\/\/wpguerssen-test.odoo.rgbconsulting.com\/wp-content\/uploads\/2023\/09\/45527-scaled.jpg\" \/>\n\t<meta property=\"og:image:width\" content=\"2560\" \/>\n\t<meta property=\"og:image:height\" content=\"2500\" \/>\n\t<meta property=\"og:image:type\" content=\"image\/jpeg\" \/>\n<meta name=\"twitter:card\" content=\"summary_large_image\" \/>\n<meta name=\"twitter:title\" content=\"COOKE, Sam - The Wonderful World Of Sam Cooke -  (LP) | Guerssen\" \/>\n<script type=\"application\/ld+json\" class=\"yoast-schema-graph\">{\"@context\":\"https:\/\/schema.org\",\"@graph\":[{\"@type\":\"WebPage\",\"@id\":\"https:\/\/wpguerssen-test.odoo.rgbconsulting.com\/es\/producto\/the-wonderful-world-of-sam-cooke-2\/\",\"url\":\"https:\/\/wpguerssen-test.odoo.rgbconsulting.com\/es\/producto\/the-wonderful-world-of-sam-cooke-2\/\",\"name\":\"COOKE, Sam - The Wonderful World Of Sam Cooke - (LP) | Guerssen\",\"isPartOf\":{\"@id\":\"https:\/\/wpguerssen-test.odoo.rgbconsulting.com\/es\/#website\"},\"primaryImageOfPage\":{\"@id\":\"https:\/\/wpguerssen-test.odoo.rgbconsulting.com\/es\/producto\/the-wonderful-world-of-sam-cooke-2\/#primaryimage\"},\"image\":{\"@id\":\"https:\/\/wpguerssen-test.odoo.rgbconsulting.com\/es\/producto\/the-wonderful-world-of-sam-cooke-2\/#primaryimage\"},\"thumbnailUrl\":\"https:\/\/wpguerssen-test.odoo.rgbconsulting.com\/wp-content\/uploads\/2023\/09\/45527-scaled.jpg\",\"datePublished\":\"2022-03-23T23:00:00+00:00\",\"dateModified\":\"2024-06-03T17:22:05+00:00\",\"description\":\"Widely feted as one of the most influential soul artists of all time and known as the King of Soul for his many contributions to the form, Sam Cooke scored 29 top-40 singles in his seven-year solo career. The Wonderful World Of Sam Cooke, released by Keen in 1960 just after Cooke signed to RCA, was the first long player to garner serious interest in the man because of its sublime track listing, including distinctive readings of show tunes 'Blue Moon,' 'Stealing Kisses,' 'For Sentimental Reasons,' 'Summertime,' and of course the standout title track, which remains a greatly loved classic that has never gone out of fashion.\",\"breadcrumb\":{\"@id\":\"https:\/\/wpguerssen-test.odoo.rgbconsulting.com\/es\/producto\/the-wonderful-world-of-sam-cooke-2\/#breadcrumb\"},\"inLanguage\":\"es\",\"potentialAction\":[{\"@type\":\"ReadAction\",\"target\":[\"https:\/\/wpguerssen-test.odoo.rgbconsulting.com\/es\/producto\/the-wonderful-world-of-sam-cooke-2\/\"]}]},{\"@type\":\"ImageObject\",\"inLanguage\":\"es\",\"@id\":\"https:\/\/wpguerssen-test.odoo.rgbconsulting.com\/es\/producto\/the-wonderful-world-of-sam-cooke-2\/#primaryimage\",\"url\":\"https:\/\/wpguerssen-test.odoo.rgbconsulting.com\/wp-content\/uploads\/2023\/09\/45527-scaled.jpg\",\"contentUrl\":\"https:\/\/wpguerssen-test.odoo.rgbconsulting.com\/wp-content\/uploads\/2023\/09\/45527-scaled.jpg\",\"width\":2560,\"height\":2500,\"caption\":\"Sam - The Wonderful World Of Sam Cooke - DESTINATION MOON (LP) | Guerssen\"},{\"@type\":\"BreadcrumbList\",\"@id\":\"https:\/\/wpguerssen-test.odoo.rgbconsulting.com\/es\/producto\/the-wonderful-world-of-sam-cooke-2\/#breadcrumb\",\"itemListElement\":[{\"@type\":\"ListItem\",\"position\":1,\"name\":\"Inicio\",\"item\":\"https:\/\/wpguerssen-test.odoo.rgbconsulting.com\/es\/\"},{\"@type\":\"ListItem\",\"position\":2,\"name\":\"Shop\",\"item\":\"https:\/\/wpguerssen-test.odoo.rgbconsulting.com\/shop\/\"},{\"@type\":\"ListItem\",\"position\":3,\"name\":\"The Wonderful World Of Sam Cooke\"}]},{\"@type\":\"WebSite\",\"@id\":\"https:\/\/wpguerssen-test.odoo.rgbconsulting.com\/es\/#website\",\"url\":\"https:\/\/wpguerssen-test.odoo.rgbconsulting.com\/es\/\",\"name\":\"Guerssen records\",\"description\":\"psychedelia - progressive - folk - garage \",\"publisher\":{\"@id\":\"https:\/\/wpguerssen-test.odoo.rgbconsulting.com\/es\/#organization\"},\"potentialAction\":[{\"@type\":\"SearchAction\",\"target\":{\"@type\":\"EntryPoint\",\"urlTemplate\":\"https:\/\/wpguerssen-test.odoo.rgbconsulting.com\/es\/?s={search_term_string}\"},\"query-input\":{\"@type\":\"PropertyValueSpecification\",\"valueRequired\":true,\"valueName\":\"search_term_string\"}}],\"inLanguage\":\"es\"},{\"@type\":\"Organization\",\"@id\":\"https:\/\/wpguerssen-test.odoo.rgbconsulting.com\/es\/#organization\",\"name\":\"Guerssen records\",\"url\":\"https:\/\/wpguerssen-test.odoo.rgbconsulting.com\/es\/\",\"logo\":{\"@type\":\"ImageObject\",\"inLanguage\":\"es\",\"@id\":\"https:\/\/wpguerssen-test.odoo.rgbconsulting.com\/es\/#\/schema\/logo\/image\/\",\"url\":\"https:\/\/wpguerssen-test.odoo.rgbconsulting.com\/wp-content\/uploads\/2022\/04\/Logo_Guerssen_trans_100.png\",\"contentUrl\":\"https:\/\/wpguerssen-test.odoo.rgbconsulting.com\/wp-content\/uploads\/2022\/04\/Logo_Guerssen_trans_100.png\",\"width\":122,\"height\":100,\"caption\":\"Guerssen records\"},\"image\":{\"@id\":\"https:\/\/wpguerssen-test.odoo.rgbconsulting.com\/es\/#\/schema\/logo\/image\/\"}}]}<\/script>\n<!-- \/ Yoast SEO plugin. -->","yoast_head_json":{"title":"COOKE, Sam - The Wonderful World Of Sam Cooke -  (LP) | Guerssen","description":"Widely feted as one of the most influential soul artists of all time and known as the King of Soul for his many contributions to the form, Sam Cooke scored 29 top-40 singles in his seven-year solo career. The Wonderful World Of Sam Cooke, released by Keen in 1960 just after Cooke signed to RCA, was the first long player to garner serious interest in the man because of its sublime track listing, including distinctive readings of show tunes 'Blue Moon,' 'Stealing Kisses,' 'For Sentimental Reasons,' 'Summertime,' and of course the standout title track, which remains a greatly loved classic that has never gone out of fashion.","robots":{"index":"index","follow":"follow","max-snippet":"max-snippet:-1","max-image-preview":"max-image-preview:large","max-video-preview":"max-video-preview:-1"},"canonical":"https:\/\/wpguerssen-test.odoo.rgbconsulting.com\/es\/producto\/the-wonderful-world-of-sam-cooke-2\/","og_locale":"es_ES","og_type":"article","og_title":"COOKE, Sam - The Wonderful World Of Sam Cooke -  (LP) | Guerssen","og_description":"Widely feted as one of the most influential soul artists of all time and known as the King of Soul for his many contributions to the form, Sam Cooke scored 29 top-40 singles in his seven-year solo career. The Wonderful World Of Sam Cooke, released by Keen in 1960 just after Cooke signed to RCA, was the first long player to garner serious interest in the man because of its sublime track listing, including distinctive readings of show tunes 'Blue Moon,' 'Stealing Kisses,' 'For Sentimental Reasons,' 'Summertime,' and of course the standout title track, which remains a greatly loved classic that has never gone out of fashion.","og_url":"https:\/\/wpguerssen-test.odoo.rgbconsulting.com\/es\/producto\/the-wonderful-world-of-sam-cooke-2\/","og_site_name":"Guerssen records","article_modified_time":"2024-06-03T17:22:05+00:00","og_image":[{"width":2560,"height":2500,"url":"https:\/\/wpguerssen-test.odoo.rgbconsulting.com\/wp-content\/uploads\/2023\/09\/45527-scaled.jpg","type":"image\/jpeg"}],"twitter_card":"summary_large_image","twitter_title":"COOKE, Sam - The Wonderful World Of Sam Cooke -  (LP) | Guerssen","schema":{"@context":"https:\/\/schema.org","@graph":[{"@type":"WebPage","@id":"https:\/\/wpguerssen-test.odoo.rgbconsulting.com\/es\/producto\/the-wonderful-world-of-sam-cooke-2\/","url":"https:\/\/wpguerssen-test.odoo.rgbconsulting.com\/es\/producto\/the-wonderful-world-of-sam-cooke-2\/","name":"COOKE, Sam - The Wonderful World Of Sam Cooke - (LP) | Guerssen","isPartOf":{"@id":"https:\/\/wpguerssen-test.odoo.rgbconsulting.com\/es\/#website"},"primaryImageOfPage":{"@id":"https:\/\/wpguerssen-test.odoo.rgbconsulting.com\/es\/producto\/the-wonderful-world-of-sam-cooke-2\/#primaryimage"},"image":{"@id":"https:\/\/wpguerssen-test.odoo.rgbconsulting.com\/es\/producto\/the-wonderful-world-of-sam-cooke-2\/#primaryimage"},"thumbnailUrl":"https:\/\/wpguerssen-test.odoo.rgbconsulting.com\/wp-content\/uploads\/2023\/09\/45527-scaled.jpg","datePublished":"2022-03-23T23:00:00+00:00","dateModified":"2024-06-03T17:22:05+00:00","description":"Widely feted as one of the most influential soul artists of all time and known as the King of Soul for his many contributions to the form, Sam Cooke scored 29 top-40 singles in his seven-year solo career. The Wonderful World Of Sam Cooke, released by Keen in 1960 just after Cooke signed to RCA, was the first long player to garner serious interest in the man because of its sublime track listing, including distinctive readings of show tunes 'Blue Moon,' 'Stealing Kisses,' 'For Sentimental Reasons,' 'Summertime,' and of course the standout title track, which remains a greatly loved classic that has never gone out of fashion.","breadcrumb":{"@id":"https:\/\/wpguerssen-test.odoo.rgbconsulting.com\/es\/producto\/the-wonderful-world-of-sam-cooke-2\/#breadcrumb"},"inLanguage":"es","potentialAction":[{"@type":"ReadAction","target":["https:\/\/wpguerssen-test.odoo.rgbconsulting.com\/es\/producto\/the-wonderful-world-of-sam-cooke-2\/"]}]},{"@type":"ImageObject","inLanguage":"es","@id":"https:\/\/wpguerssen-test.odoo.rgbconsulting.com\/es\/producto\/the-wonderful-world-of-sam-cooke-2\/#primaryimage","url":"https:\/\/wpguerssen-test.odoo.rgbconsulting.com\/wp-content\/uploads\/2023\/09\/45527-scaled.jpg","contentUrl":"https:\/\/wpguerssen-test.odoo.rgbconsulting.com\/wp-content\/uploads\/2023\/09\/45527-scaled.jpg","width":2560,"height":2500,"caption":"Sam - The Wonderful World Of Sam Cooke - DESTINATION MOON (LP) | Guerssen"},{"@type":"BreadcrumbList","@id":"https:\/\/wpguerssen-test.odoo.rgbconsulting.com\/es\/producto\/the-wonderful-world-of-sam-cooke-2\/#breadcrumb","itemListElement":[{"@type":"ListItem","position":1,"name":"Inicio","item":"https:\/\/wpguerssen-test.odoo.rgbconsulting.com\/es\/"},{"@type":"ListItem","position":2,"name":"Shop","item":"https:\/\/wpguerssen-test.odoo.rgbconsulting.com\/shop\/"},{"@type":"ListItem","position":3,"name":"The Wonderful World Of Sam Cooke"}]},{"@type":"WebSite","@id":"https:\/\/wpguerssen-test.odoo.rgbconsulting.com\/es\/#website","url":"https:\/\/wpguerssen-test.odoo.rgbconsulting.com\/es\/","name":"Guerssen records","description":"psychedelia - progressive - folk - garage ","publisher":{"@id":"https:\/\/wpguerssen-test.odoo.rgbconsulting.com\/es\/#organization"},"potentialAction":[{"@type":"SearchAction","target":{"@type":"EntryPoint","urlTemplate":"https:\/\/wpguerssen-test.odoo.rgbconsulting.com\/es\/?s={search_term_string}"},"query-input":{"@type":"PropertyValueSpecification","valueRequired":true,"valueName":"search_term_string"}}],"inLanguage":"es"},{"@type":"Organization","@id":"https:\/\/wpguerssen-test.odoo.rgbconsulting.com\/es\/#organization","name":"Guerssen records","url":"https:\/\/wpguerssen-test.odoo.rgbconsulting.com\/es\/","logo":{"@type":"ImageObject","inLanguage":"es","@id":"https:\/\/wpguerssen-test.odoo.rgbconsulting.com\/es\/#\/schema\/logo\/image\/","url":"https:\/\/wpguerssen-test.odoo.rgbconsulting.com\/wp-content\/uploads\/2022\/04\/Logo_Guerssen_trans_100.png","contentUrl":"https:\/\/wpguerssen-test.odoo.rgbconsulting.com\/wp-content\/uploads\/2022\/04\/Logo_Guerssen_trans_100.png","width":122,"height":100,"caption":"Guerssen records"},"image":{"@id":"https:\/\/wpguerssen-test.odoo.rgbconsulting.com\/es\/#\/schema\/logo\/image\/"}}]}},"_links":{"self":[{"href":"https:\/\/wpguerssen-test.odoo.rgbconsulting.com\/es\/wp-json\/wp\/v2\/product\/241706","targetHints":{"allow":["GET"]}}],"collection":[{"href":"https:\/\/wpguerssen-test.odoo.rgbconsulting.com\/es\/wp-json\/wp\/v2\/product"}],"about":[{"href":"https:\/\/wpguerssen-test.odoo.rgbconsulting.com\/es\/wp-json\/wp\/v2\/types\/product"}],"wp:featuredmedia":[{"embeddable":true,"href":"https:\/\/wpguerssen-test.odoo.rgbconsulting.com\/es\/wp-json\/wp\/v2\/media\/241663"}],"wp:attachment":[{"href":"https:\/\/wpguerssen-test.odoo.rgbconsulting.com\/es\/wp-json\/wp\/v2\/media?parent=241706"}],"wp:term":[{"taxonomy":"product_brand","embeddable":true,"href":"https:\/\/wpguerssen-test.odoo.rgbconsulting.com\/es\/wp-json\/wp\/v2\/product_brand?post=241706"},{"taxonomy":"product_cat","embeddable":true,"href":"https:\/\/wpguerssen-test.odoo.rgbconsulting.com\/es\/wp-json\/wp\/v2\/product_cat?post=241706"},{"taxonomy":"product_tag","embeddable":true,"href":"https:\/\/wpguerssen-test.odoo.rgbconsulting.com\/es\/wp-json\/wp\/v2\/product_tag?post=241706"}],"curies":[{"name":"wp","href":"https:\/\/api.w.org\/{rel}","templated":true}]}}