{"id":241708,"date":"2022-03-24T00:00:00","date_gmt":"2022-03-23T23:00:00","guid":{"rendered":"https:\/\/wpguerssen-test.odoo.rgbconsulting.com\/product\/play-clear\/"},"modified":"2025-01-09T15:30:59","modified_gmt":"2025-01-09T14:30:59","slug":"play-clear","status":"publish","type":"product","link":"https:\/\/wpguerssen-test.odoo.rgbconsulting.com\/es\/producto\/play-clear\/","title":{"rendered":"Play (Clear)"},"content":{"rendered":"<p>A principios de la d\u00e9cada de 1960, los estudiantes de secundaria que formaban el legendario grupo de surf rock The Surfaris lograron un \u00e9xito incre\u00edble con su debut instrumental, &#8216;Wipeout&#8217;, y su cara B cantada &#8216;Surfer Joe&#8217; ser\u00eda tard\u00edamente aclamada como un cl\u00e1sico pero las circunstancias de la reedici\u00f3n del \u00e9xito por parte de Dot llevaron a un \u00e1lbum debut falso que solo inclu\u00eda a la banda en esas dos canciones. Play fue el aut\u00e9ntico LP debut de 1963 que solidific\u00f3 su reputaci\u00f3n, y se dice que &#8216;Surfing Drums&#8217; inspir\u00f3 a Keith Moon. Una versi\u00f3n \u00fanica del tema de Batman es agradable, pero los originales realmente deleitan. Llamando a todos los fan\u00e1ticos del surf rock: \u00a1este LP que define el g\u00e9nero es absolutamente imprescindible!<\/p>\n","protected":false},"excerpt":{"rendered":"<p>A principios de la d\u00e9cada de 1960, los estudiantes de secundaria que formaban el legendario grupo de surf rock The Surfaris lograron un \u00e9xito incre\u00edble con su debut<a class=\"read\" href=\"https:\/\/wpguerssen-test.odoo.rgbconsulting.com\/es\/producto\/play-clear\/\"> (...)<\/a>","protected":false},"featured_media":241669,"template":"","meta":{"_acf_changed":false},"product_brand":[],"product_cat":[21642,21664],"product_tag":[29140],"class_list":{"0":"post-241708","1":"product","2":"type-product","3":"status-publish","4":"has-post-thumbnail","6":"product_cat-rocknroll-es","7":"product_cat-surf-es","8":"product_tag-color-vinyl-es","9":"pa_artist-surfaris-the","10":"pa_format-lp-es","11":"pa_gender-surf-rocknroll","12":"pa_label-destination-moon","13":"pa_location-north-america-es","14":"pa_other-filters-vinyl-only-es","16":"first","17":"instock","18":"taxable","19":"shipping-taxable","20":"purchasable","21":"product-type-simple"},"acf":[],"yoast_head":"<!-- This site is optimized with the Yoast SEO plugin v24.9 - https:\/\/yoast.com\/wordpress\/plugins\/seo\/ -->\n<title>SURFARIS, The - Play (Clear) -  (LP) | Guerssen<\/title>\n<meta name=\"description\" content=\"In the early 1960s, the high school students who made up the legendary surf rock outfit The Surfaris scored an incredible hit with their debut instrumental, &#039;Wipeout,&#039; and its sung B-side &#039;Surfer Joe&#039; would be belatedly hailed as a classic, but the circumstances of the hit&#039;s reissue by Dot led to a faux debut album that only featured the band on those two songs. Play was the bonafide 1963 debut LP that solidified their reputation, with &#039;Surfing Drums&#039; reportedly inspiring Keith Moon; a one-off take of the Batman theme is enjoyable, but the originals really delight. Calling all surf rock fans: this genre-defining LP is an absolute must have!\" \/>\n<meta name=\"robots\" content=\"index, follow, max-snippet:-1, max-image-preview:large, max-video-preview:-1\" \/>\n<link rel=\"canonical\" href=\"https:\/\/wpguerssen-test.odoo.rgbconsulting.com\/es\/producto\/play-clear\/\" \/>\n<meta property=\"og:locale\" content=\"es_ES\" \/>\n<meta property=\"og:type\" content=\"article\" \/>\n<meta property=\"og:title\" content=\"SURFARIS, The - Play (Clear) -  (LP) | Guerssen\" \/>\n<meta property=\"og:description\" content=\"In the early 1960s, the high school students who made up the legendary surf rock outfit The Surfaris scored an incredible hit with their debut instrumental, &#039;Wipeout,&#039; and its sung B-side &#039;Surfer Joe&#039; would be belatedly hailed as a classic, but the circumstances of the hit&#039;s reissue by Dot led to a faux debut album that only featured the band on those two songs. Play was the bonafide 1963 debut LP that solidified their reputation, with &#039;Surfing Drums&#039; reportedly inspiring Keith Moon; a one-off take of the Batman theme is enjoyable, but the originals really delight. Calling all surf rock fans: this genre-defining LP is an absolute must have!\" \/>\n<meta property=\"og:url\" content=\"https:\/\/wpguerssen-test.odoo.rgbconsulting.com\/es\/producto\/play-clear\/\" \/>\n<meta property=\"og:site_name\" content=\"Guerssen records\" \/>\n<meta property=\"article:modified_time\" content=\"2025-01-09T14:30:59+00:00\" \/>\n<meta property=\"og:image\" content=\"https:\/\/wpguerssen-test.odoo.rgbconsulting.com\/wp-content\/uploads\/2023\/09\/45529-scaled.jpg\" \/>\n\t<meta property=\"og:image:width\" content=\"2541\" \/>\n\t<meta property=\"og:image:height\" content=\"2560\" \/>\n\t<meta property=\"og:image:type\" content=\"image\/jpeg\" \/>\n<meta name=\"twitter:card\" content=\"summary_large_image\" \/>\n<meta name=\"twitter:title\" content=\"SURFARIS, The - Play (Clear) -  (LP) | Guerssen\" \/>\n<meta name=\"twitter:label1\" content=\"Tiempo de lectura\" \/>\n\t<meta name=\"twitter:data1\" content=\"1 minuto\" \/>\n<script type=\"application\/ld+json\" class=\"yoast-schema-graph\">{\"@context\":\"https:\/\/schema.org\",\"@graph\":[{\"@type\":\"WebPage\",\"@id\":\"https:\/\/wpguerssen-test.odoo.rgbconsulting.com\/es\/producto\/play-clear\/\",\"url\":\"https:\/\/wpguerssen-test.odoo.rgbconsulting.com\/es\/producto\/play-clear\/\",\"name\":\"SURFARIS, The - Play (Clear) - (LP) | Guerssen\",\"isPartOf\":{\"@id\":\"https:\/\/wpguerssen-test.odoo.rgbconsulting.com\/es\/#website\"},\"primaryImageOfPage\":{\"@id\":\"https:\/\/wpguerssen-test.odoo.rgbconsulting.com\/es\/producto\/play-clear\/#primaryimage\"},\"image\":{\"@id\":\"https:\/\/wpguerssen-test.odoo.rgbconsulting.com\/es\/producto\/play-clear\/#primaryimage\"},\"thumbnailUrl\":\"https:\/\/wpguerssen-test.odoo.rgbconsulting.com\/wp-content\/uploads\/2023\/09\/45529-scaled.jpg\",\"datePublished\":\"2022-03-23T23:00:00+00:00\",\"dateModified\":\"2025-01-09T14:30:59+00:00\",\"description\":\"In the early 1960s, the high school students who made up the legendary surf rock outfit The Surfaris scored an incredible hit with their debut instrumental, 'Wipeout,' and its sung B-side 'Surfer Joe' would be belatedly hailed as a classic, but the circumstances of the hit's reissue by Dot led to a faux debut album that only featured the band on those two songs. Play was the bonafide 1963 debut LP that solidified their reputation, with 'Surfing Drums' reportedly inspiring Keith Moon; a one-off take of the Batman theme is enjoyable, but the originals really delight. Calling all surf rock fans: this genre-defining LP is an absolute must have!\",\"breadcrumb\":{\"@id\":\"https:\/\/wpguerssen-test.odoo.rgbconsulting.com\/es\/producto\/play-clear\/#breadcrumb\"},\"inLanguage\":\"es\",\"potentialAction\":[{\"@type\":\"ReadAction\",\"target\":[\"https:\/\/wpguerssen-test.odoo.rgbconsulting.com\/es\/producto\/play-clear\/\"]}]},{\"@type\":\"ImageObject\",\"inLanguage\":\"es\",\"@id\":\"https:\/\/wpguerssen-test.odoo.rgbconsulting.com\/es\/producto\/play-clear\/#primaryimage\",\"url\":\"https:\/\/wpguerssen-test.odoo.rgbconsulting.com\/wp-content\/uploads\/2023\/09\/45529-scaled.jpg\",\"contentUrl\":\"https:\/\/wpguerssen-test.odoo.rgbconsulting.com\/wp-content\/uploads\/2023\/09\/45529-scaled.jpg\",\"width\":2541,\"height\":2560,\"caption\":\"The - Play (Clear) - DESTINATION MOON (LP) | Guerssen\"},{\"@type\":\"BreadcrumbList\",\"@id\":\"https:\/\/wpguerssen-test.odoo.rgbconsulting.com\/es\/producto\/play-clear\/#breadcrumb\",\"itemListElement\":[{\"@type\":\"ListItem\",\"position\":1,\"name\":\"Inicio\",\"item\":\"https:\/\/wpguerssen-test.odoo.rgbconsulting.com\/es\/\"},{\"@type\":\"ListItem\",\"position\":2,\"name\":\"Shop\",\"item\":\"https:\/\/wpguerssen-test.odoo.rgbconsulting.com\/shop\/\"},{\"@type\":\"ListItem\",\"position\":3,\"name\":\"Play (Clear)\"}]},{\"@type\":\"WebSite\",\"@id\":\"https:\/\/wpguerssen-test.odoo.rgbconsulting.com\/es\/#website\",\"url\":\"https:\/\/wpguerssen-test.odoo.rgbconsulting.com\/es\/\",\"name\":\"Guerssen records\",\"description\":\"psychedelia - progressive - folk - garage \",\"publisher\":{\"@id\":\"https:\/\/wpguerssen-test.odoo.rgbconsulting.com\/es\/#organization\"},\"potentialAction\":[{\"@type\":\"SearchAction\",\"target\":{\"@type\":\"EntryPoint\",\"urlTemplate\":\"https:\/\/wpguerssen-test.odoo.rgbconsulting.com\/es\/?s={search_term_string}\"},\"query-input\":{\"@type\":\"PropertyValueSpecification\",\"valueRequired\":true,\"valueName\":\"search_term_string\"}}],\"inLanguage\":\"es\"},{\"@type\":\"Organization\",\"@id\":\"https:\/\/wpguerssen-test.odoo.rgbconsulting.com\/es\/#organization\",\"name\":\"Guerssen records\",\"url\":\"https:\/\/wpguerssen-test.odoo.rgbconsulting.com\/es\/\",\"logo\":{\"@type\":\"ImageObject\",\"inLanguage\":\"es\",\"@id\":\"https:\/\/wpguerssen-test.odoo.rgbconsulting.com\/es\/#\/schema\/logo\/image\/\",\"url\":\"https:\/\/wpguerssen-test.odoo.rgbconsulting.com\/wp-content\/uploads\/2022\/04\/Logo_Guerssen_trans_100.png\",\"contentUrl\":\"https:\/\/wpguerssen-test.odoo.rgbconsulting.com\/wp-content\/uploads\/2022\/04\/Logo_Guerssen_trans_100.png\",\"width\":122,\"height\":100,\"caption\":\"Guerssen records\"},\"image\":{\"@id\":\"https:\/\/wpguerssen-test.odoo.rgbconsulting.com\/es\/#\/schema\/logo\/image\/\"}}]}<\/script>\n<!-- \/ Yoast SEO plugin. -->","yoast_head_json":{"title":"SURFARIS, The - Play (Clear) -  (LP) | Guerssen","description":"In the early 1960s, the high school students who made up the legendary surf rock outfit The Surfaris scored an incredible hit with their debut instrumental, 'Wipeout,' and its sung B-side 'Surfer Joe' would be belatedly hailed as a classic, but the circumstances of the hit's reissue by Dot led to a faux debut album that only featured the band on those two songs. Play was the bonafide 1963 debut LP that solidified their reputation, with 'Surfing Drums' reportedly inspiring Keith Moon; a one-off take of the Batman theme is enjoyable, but the originals really delight. Calling all surf rock fans: this genre-defining LP is an absolute must have!","robots":{"index":"index","follow":"follow","max-snippet":"max-snippet:-1","max-image-preview":"max-image-preview:large","max-video-preview":"max-video-preview:-1"},"canonical":"https:\/\/wpguerssen-test.odoo.rgbconsulting.com\/es\/producto\/play-clear\/","og_locale":"es_ES","og_type":"article","og_title":"SURFARIS, The - Play (Clear) -  (LP) | Guerssen","og_description":"In the early 1960s, the high school students who made up the legendary surf rock outfit The Surfaris scored an incredible hit with their debut instrumental, 'Wipeout,' and its sung B-side 'Surfer Joe' would be belatedly hailed as a classic, but the circumstances of the hit's reissue by Dot led to a faux debut album that only featured the band on those two songs. Play was the bonafide 1963 debut LP that solidified their reputation, with 'Surfing Drums' reportedly inspiring Keith Moon; a one-off take of the Batman theme is enjoyable, but the originals really delight. Calling all surf rock fans: this genre-defining LP is an absolute must have!","og_url":"https:\/\/wpguerssen-test.odoo.rgbconsulting.com\/es\/producto\/play-clear\/","og_site_name":"Guerssen records","article_modified_time":"2025-01-09T14:30:59+00:00","og_image":[{"width":2541,"height":2560,"url":"https:\/\/wpguerssen-test.odoo.rgbconsulting.com\/wp-content\/uploads\/2023\/09\/45529-scaled.jpg","type":"image\/jpeg"}],"twitter_card":"summary_large_image","twitter_title":"SURFARIS, The - Play (Clear) -  (LP) | Guerssen","twitter_misc":{"Tiempo de lectura":"1 minuto"},"schema":{"@context":"https:\/\/schema.org","@graph":[{"@type":"WebPage","@id":"https:\/\/wpguerssen-test.odoo.rgbconsulting.com\/es\/producto\/play-clear\/","url":"https:\/\/wpguerssen-test.odoo.rgbconsulting.com\/es\/producto\/play-clear\/","name":"SURFARIS, The - Play (Clear) - (LP) | Guerssen","isPartOf":{"@id":"https:\/\/wpguerssen-test.odoo.rgbconsulting.com\/es\/#website"},"primaryImageOfPage":{"@id":"https:\/\/wpguerssen-test.odoo.rgbconsulting.com\/es\/producto\/play-clear\/#primaryimage"},"image":{"@id":"https:\/\/wpguerssen-test.odoo.rgbconsulting.com\/es\/producto\/play-clear\/#primaryimage"},"thumbnailUrl":"https:\/\/wpguerssen-test.odoo.rgbconsulting.com\/wp-content\/uploads\/2023\/09\/45529-scaled.jpg","datePublished":"2022-03-23T23:00:00+00:00","dateModified":"2025-01-09T14:30:59+00:00","description":"In the early 1960s, the high school students who made up the legendary surf rock outfit The Surfaris scored an incredible hit with their debut instrumental, 'Wipeout,' and its sung B-side 'Surfer Joe' would be belatedly hailed as a classic, but the circumstances of the hit's reissue by Dot led to a faux debut album that only featured the band on those two songs. Play was the bonafide 1963 debut LP that solidified their reputation, with 'Surfing Drums' reportedly inspiring Keith Moon; a one-off take of the Batman theme is enjoyable, but the originals really delight. Calling all surf rock fans: this genre-defining LP is an absolute must have!","breadcrumb":{"@id":"https:\/\/wpguerssen-test.odoo.rgbconsulting.com\/es\/producto\/play-clear\/#breadcrumb"},"inLanguage":"es","potentialAction":[{"@type":"ReadAction","target":["https:\/\/wpguerssen-test.odoo.rgbconsulting.com\/es\/producto\/play-clear\/"]}]},{"@type":"ImageObject","inLanguage":"es","@id":"https:\/\/wpguerssen-test.odoo.rgbconsulting.com\/es\/producto\/play-clear\/#primaryimage","url":"https:\/\/wpguerssen-test.odoo.rgbconsulting.com\/wp-content\/uploads\/2023\/09\/45529-scaled.jpg","contentUrl":"https:\/\/wpguerssen-test.odoo.rgbconsulting.com\/wp-content\/uploads\/2023\/09\/45529-scaled.jpg","width":2541,"height":2560,"caption":"The - Play (Clear) - DESTINATION MOON (LP) | Guerssen"},{"@type":"BreadcrumbList","@id":"https:\/\/wpguerssen-test.odoo.rgbconsulting.com\/es\/producto\/play-clear\/#breadcrumb","itemListElement":[{"@type":"ListItem","position":1,"name":"Inicio","item":"https:\/\/wpguerssen-test.odoo.rgbconsulting.com\/es\/"},{"@type":"ListItem","position":2,"name":"Shop","item":"https:\/\/wpguerssen-test.odoo.rgbconsulting.com\/shop\/"},{"@type":"ListItem","position":3,"name":"Play (Clear)"}]},{"@type":"WebSite","@id":"https:\/\/wpguerssen-test.odoo.rgbconsulting.com\/es\/#website","url":"https:\/\/wpguerssen-test.odoo.rgbconsulting.com\/es\/","name":"Guerssen records","description":"psychedelia - progressive - folk - garage ","publisher":{"@id":"https:\/\/wpguerssen-test.odoo.rgbconsulting.com\/es\/#organization"},"potentialAction":[{"@type":"SearchAction","target":{"@type":"EntryPoint","urlTemplate":"https:\/\/wpguerssen-test.odoo.rgbconsulting.com\/es\/?s={search_term_string}"},"query-input":{"@type":"PropertyValueSpecification","valueRequired":true,"valueName":"search_term_string"}}],"inLanguage":"es"},{"@type":"Organization","@id":"https:\/\/wpguerssen-test.odoo.rgbconsulting.com\/es\/#organization","name":"Guerssen records","url":"https:\/\/wpguerssen-test.odoo.rgbconsulting.com\/es\/","logo":{"@type":"ImageObject","inLanguage":"es","@id":"https:\/\/wpguerssen-test.odoo.rgbconsulting.com\/es\/#\/schema\/logo\/image\/","url":"https:\/\/wpguerssen-test.odoo.rgbconsulting.com\/wp-content\/uploads\/2022\/04\/Logo_Guerssen_trans_100.png","contentUrl":"https:\/\/wpguerssen-test.odoo.rgbconsulting.com\/wp-content\/uploads\/2022\/04\/Logo_Guerssen_trans_100.png","width":122,"height":100,"caption":"Guerssen records"},"image":{"@id":"https:\/\/wpguerssen-test.odoo.rgbconsulting.com\/es\/#\/schema\/logo\/image\/"}}]}},"_links":{"self":[{"href":"https:\/\/wpguerssen-test.odoo.rgbconsulting.com\/es\/wp-json\/wp\/v2\/product\/241708","targetHints":{"allow":["GET"]}}],"collection":[{"href":"https:\/\/wpguerssen-test.odoo.rgbconsulting.com\/es\/wp-json\/wp\/v2\/product"}],"about":[{"href":"https:\/\/wpguerssen-test.odoo.rgbconsulting.com\/es\/wp-json\/wp\/v2\/types\/product"}],"wp:featuredmedia":[{"embeddable":true,"href":"https:\/\/wpguerssen-test.odoo.rgbconsulting.com\/es\/wp-json\/wp\/v2\/media\/241669"}],"wp:attachment":[{"href":"https:\/\/wpguerssen-test.odoo.rgbconsulting.com\/es\/wp-json\/wp\/v2\/media?parent=241708"}],"wp:term":[{"taxonomy":"product_brand","embeddable":true,"href":"https:\/\/wpguerssen-test.odoo.rgbconsulting.com\/es\/wp-json\/wp\/v2\/product_brand?post=241708"},{"taxonomy":"product_cat","embeddable":true,"href":"https:\/\/wpguerssen-test.odoo.rgbconsulting.com\/es\/wp-json\/wp\/v2\/product_cat?post=241708"},{"taxonomy":"product_tag","embeddable":true,"href":"https:\/\/wpguerssen-test.odoo.rgbconsulting.com\/es\/wp-json\/wp\/v2\/product_tag?post=241708"}],"curies":[{"name":"wp","href":"https:\/\/api.w.org\/{rel}","templated":true}]}}