{"id":241716,"date":"2023-10-23T00:00:00","date_gmt":"2023-10-22T22:00:00","guid":{"rendered":"https:\/\/wpguerssen-test.odoo.rgbconsulting.com\/product\/love-is-so-true\/"},"modified":"2025-02-20T18:34:48","modified_gmt":"2025-02-20T17:34:48","slug":"love-is-so-true","status":"publish","type":"product","link":"https:\/\/wpguerssen-test.odoo.rgbconsulting.com\/es\/producto\/love-is-so-true\/","title":{"rendered":"Love Is So True"},"content":{"rendered":"<p>Dennis Brown, uno de los mejores cantantes de reggae de todos los tiempos, tuvo un impacto incre\u00edble durante una carrera que abarc\u00f3 cuatro d\u00e9cadas; su reinado se vio truncado por su tr\u00e1gica muerte temprana a causa de un colapso pulmonar en 1999, cuando ten\u00eda s\u00f3lo 42 a\u00f1os. Publicado por primera vez en 1995 bajo el nombre de Dennis Brown. Titulado Take A Stand y tambi\u00e9n conocido como Temperature Is Rising, el \u00e1lbum Love Is So True fue producido por expertos por Anthony Dehaney, alias Bunny Gemini, en los estudios Record Factory en Kingston, entonces hogar de algunos de los mejores dancehall que se estaban grabando en Jamaica.<\/p>\n","protected":false},"excerpt":{"rendered":"<p>Dennis Brown, uno de los mejores cantantes de reggae de todos los tiempos, tuvo un impacto incre\u00edble durante una carrera que abarc\u00f3 cuatro d\u00e9cadas; su reinado se<a class=\"read\" href=\"https:\/\/wpguerssen-test.odoo.rgbconsulting.com\/es\/producto\/love-is-so-true\/\"> (...)<\/a>","protected":false},"featured_media":241693,"template":"","meta":{"_acf_changed":false},"product_brand":[],"product_cat":[21666],"product_tag":[],"class_list":{"0":"post-241716","1":"product","2":"type-product","3":"status-publish","4":"has-post-thumbnail","6":"product_cat-reggae-ska-dub-es","7":"pa_artist-brown-dennis","8":"pa_format-lp-es","9":"pa_gender-reggae-ska-dub","10":"pa_label-radiation-roots-es","11":"pa_location-south-america-caribbean-es","12":"pa_other-filters-vinyl-only-es","14":"first","15":"instock","16":"taxable","17":"shipping-taxable","18":"purchasable","19":"product-type-simple"},"acf":[],"yoast_head":"<!-- This site is optimized with the Yoast SEO plugin v24.9 - https:\/\/yoast.com\/wordpress\/plugins\/seo\/ -->\n<title>BROWN, Dennis - Love Is So True -  (LP) | Guerssen<\/title>\n<meta name=\"description\" content=\"One of the greatest reggae singers of all time, Dennis Brown made an incredible impact during a career that spanned four decades, his reign cut short by his tragically early death from a collapsed lung in 1999, aged just 42. First released in 1995 under the title Take A Stand and also known as Temperature Is Rising, the album Love Is So True was expertly produced by Anthony Dehaney, alias Bunny Gemini, at the Record Factory studios in Kingston, then home to some of the better dancehall being cut in Jamaica. Along with saxophonist\/arranger Dean Fraser and the Fire House Crew and &#039;Rhythm Twins&#039; Sly and Robbie, the featured musicians include the stalwart keyboardist Ansel Collins of &quot;Double Barrel&quot; and &quot;Stalag&quot; fame, guitarist Lascelles Beckford and bassist Danny &#039;Axe Man&#039; Thompson of the Gifted Roots band, trumpeter David Madden of Zap Pow, and keyboardist Dennis &#039;Jah D&#039; Fearon. The keen musicianship brought forth by these players helped coax the best out of Brown on songs such as &quot;Never Let Your Heart Be Troubled,&quot; which rides a tough re-cut of the &quot;Full Up&quot; rhythm, and &quot;Temperature Is Rising,&quot; on a durable re-cut of the &quot;Far East&quot;\/&quot;Jah Shakey&quot; rhythm; &quot;A Little Respect&quot; makes use of a bouncing update of &quot;Pressure And Slide,&quot; the meditative &quot;Sea Shore&quot; is on a great dancehall cut of &quot;Real Rock&quot; and the anti-rude boy &quot;Gangster&quot; is voiced on a beautiful dancehall interpretation of &quot;Freedom Blues.&quot; There&#039;s even a dancehall take of the Beatles&#039; &quot;You Won&#039;t See Me,&quot; delivered as only Dennis Brown can, as well as a likeable re-make of Dennis&#039; own &quot;Have You Ever.&quot;\" \/>\n<meta name=\"robots\" content=\"index, follow, max-snippet:-1, max-image-preview:large, max-video-preview:-1\" \/>\n<link rel=\"canonical\" href=\"https:\/\/wpguerssen-test.odoo.rgbconsulting.com\/es\/producto\/love-is-so-true\/\" \/>\n<meta property=\"og:locale\" content=\"es_ES\" \/>\n<meta property=\"og:type\" content=\"article\" \/>\n<meta property=\"og:title\" content=\"BROWN, Dennis - Love Is So True -  (LP) | Guerssen\" \/>\n<meta property=\"og:description\" content=\"One of the greatest reggae singers of all time, Dennis Brown made an incredible impact during a career that spanned four decades, his reign cut short by his tragically early death from a collapsed lung in 1999, aged just 42. First released in 1995 under the title Take A Stand and also known as Temperature Is Rising, the album Love Is So True was expertly produced by Anthony Dehaney, alias Bunny Gemini, at the Record Factory studios in Kingston, then home to some of the better dancehall being cut in Jamaica. Along with saxophonist\/arranger Dean Fraser and the Fire House Crew and &#039;Rhythm Twins&#039; Sly and Robbie, the featured musicians include the stalwart keyboardist Ansel Collins of &quot;Double Barrel&quot; and &quot;Stalag&quot; fame, guitarist Lascelles Beckford and bassist Danny &#039;Axe Man&#039; Thompson of the Gifted Roots band, trumpeter David Madden of Zap Pow, and keyboardist Dennis &#039;Jah D&#039; Fearon. The keen musicianship brought forth by these players helped coax the best out of Brown on songs such as &quot;Never Let Your Heart Be Troubled,&quot; which rides a tough re-cut of the &quot;Full Up&quot; rhythm, and &quot;Temperature Is Rising,&quot; on a durable re-cut of the &quot;Far East&quot;\/&quot;Jah Shakey&quot; rhythm; &quot;A Little Respect&quot; makes use of a bouncing update of &quot;Pressure And Slide,&quot; the meditative &quot;Sea Shore&quot; is on a great dancehall cut of &quot;Real Rock&quot; and the anti-rude boy &quot;Gangster&quot; is voiced on a beautiful dancehall interpretation of &quot;Freedom Blues.&quot; There&#039;s even a dancehall take of the Beatles&#039; &quot;You Won&#039;t See Me,&quot; delivered as only Dennis Brown can, as well as a likeable re-make of Dennis&#039; own &quot;Have You Ever.&quot;\" \/>\n<meta property=\"og:url\" content=\"https:\/\/wpguerssen-test.odoo.rgbconsulting.com\/es\/producto\/love-is-so-true\/\" \/>\n<meta property=\"og:site_name\" content=\"Guerssen records\" \/>\n<meta property=\"article:modified_time\" content=\"2025-02-20T17:34:48+00:00\" \/>\n<meta property=\"og:image\" content=\"https:\/\/wpguerssen-test.odoo.rgbconsulting.com\/wp-content\/uploads\/2023\/09\/45537.jpg\" \/>\n\t<meta property=\"og:image:width\" content=\"585\" \/>\n\t<meta property=\"og:image:height\" content=\"586\" \/>\n\t<meta property=\"og:image:type\" content=\"image\/jpeg\" \/>\n<meta name=\"twitter:card\" content=\"summary_large_image\" \/>\n<meta name=\"twitter:title\" content=\"BROWN, Dennis - Love Is So True -  (LP) | Guerssen\" \/>\n<meta name=\"twitter:label1\" content=\"Tiempo de lectura\" \/>\n\t<meta name=\"twitter:data1\" content=\"1 minuto\" \/>\n<script type=\"application\/ld+json\" class=\"yoast-schema-graph\">{\"@context\":\"https:\/\/schema.org\",\"@graph\":[{\"@type\":\"WebPage\",\"@id\":\"https:\/\/wpguerssen-test.odoo.rgbconsulting.com\/es\/producto\/love-is-so-true\/\",\"url\":\"https:\/\/wpguerssen-test.odoo.rgbconsulting.com\/es\/producto\/love-is-so-true\/\",\"name\":\"BROWN, Dennis - Love Is So True - (LP) | Guerssen\",\"isPartOf\":{\"@id\":\"https:\/\/wpguerssen-test.odoo.rgbconsulting.com\/es\/#website\"},\"primaryImageOfPage\":{\"@id\":\"https:\/\/wpguerssen-test.odoo.rgbconsulting.com\/es\/producto\/love-is-so-true\/#primaryimage\"},\"image\":{\"@id\":\"https:\/\/wpguerssen-test.odoo.rgbconsulting.com\/es\/producto\/love-is-so-true\/#primaryimage\"},\"thumbnailUrl\":\"https:\/\/wpguerssen-test.odoo.rgbconsulting.com\/wp-content\/uploads\/2023\/09\/45537.jpg\",\"datePublished\":\"2023-10-22T22:00:00+00:00\",\"dateModified\":\"2025-02-20T17:34:48+00:00\",\"description\":\"One of the greatest reggae singers of all time, Dennis Brown made an incredible impact during a career that spanned four decades, his reign cut short by his tragically early death from a collapsed lung in 1999, aged just 42. First released in 1995 under the title Take A Stand and also known as Temperature Is Rising, the album Love Is So True was expertly produced by Anthony Dehaney, alias Bunny Gemini, at the Record Factory studios in Kingston, then home to some of the better dancehall being cut in Jamaica. Along with saxophonist\/arranger Dean Fraser and the Fire House Crew and 'Rhythm Twins' Sly and Robbie, the featured musicians include the stalwart keyboardist Ansel Collins of \\\"Double Barrel\\\" and \\\"Stalag\\\" fame, guitarist Lascelles Beckford and bassist Danny 'Axe Man' Thompson of the Gifted Roots band, trumpeter David Madden of Zap Pow, and keyboardist Dennis 'Jah D' Fearon. The keen musicianship brought forth by these players helped coax the best out of Brown on songs such as \\\"Never Let Your Heart Be Troubled,\\\" which rides a tough re-cut of the \\\"Full Up\\\" rhythm, and \\\"Temperature Is Rising,\\\" on a durable re-cut of the \\\"Far East\\\"\/\\\"Jah Shakey\\\" rhythm; \\\"A Little Respect\\\" makes use of a bouncing update of \\\"Pressure And Slide,\\\" the meditative \\\"Sea Shore\\\" is on a great dancehall cut of \\\"Real Rock\\\" and the anti-rude boy \\\"Gangster\\\" is voiced on a beautiful dancehall interpretation of \\\"Freedom Blues.\\\" There's even a dancehall take of the Beatles' \\\"You Won't See Me,\\\" delivered as only Dennis Brown can, as well as a likeable re-make of Dennis' own \\\"Have You Ever.\\\"\",\"breadcrumb\":{\"@id\":\"https:\/\/wpguerssen-test.odoo.rgbconsulting.com\/es\/producto\/love-is-so-true\/#breadcrumb\"},\"inLanguage\":\"es\",\"potentialAction\":[{\"@type\":\"ReadAction\",\"target\":[\"https:\/\/wpguerssen-test.odoo.rgbconsulting.com\/es\/producto\/love-is-so-true\/\"]}]},{\"@type\":\"ImageObject\",\"inLanguage\":\"es\",\"@id\":\"https:\/\/wpguerssen-test.odoo.rgbconsulting.com\/es\/producto\/love-is-so-true\/#primaryimage\",\"url\":\"https:\/\/wpguerssen-test.odoo.rgbconsulting.com\/wp-content\/uploads\/2023\/09\/45537.jpg\",\"contentUrl\":\"https:\/\/wpguerssen-test.odoo.rgbconsulting.com\/wp-content\/uploads\/2023\/09\/45537.jpg\",\"width\":585,\"height\":586,\"caption\":\"Dennis - Love Is So True - RADIATION ROOTS (LP) | Guerssen\"},{\"@type\":\"BreadcrumbList\",\"@id\":\"https:\/\/wpguerssen-test.odoo.rgbconsulting.com\/es\/producto\/love-is-so-true\/#breadcrumb\",\"itemListElement\":[{\"@type\":\"ListItem\",\"position\":1,\"name\":\"Inicio\",\"item\":\"https:\/\/wpguerssen-test.odoo.rgbconsulting.com\/es\/\"},{\"@type\":\"ListItem\",\"position\":2,\"name\":\"Shop\",\"item\":\"https:\/\/wpguerssen-test.odoo.rgbconsulting.com\/shop\/\"},{\"@type\":\"ListItem\",\"position\":3,\"name\":\"Love Is So True\"}]},{\"@type\":\"WebSite\",\"@id\":\"https:\/\/wpguerssen-test.odoo.rgbconsulting.com\/es\/#website\",\"url\":\"https:\/\/wpguerssen-test.odoo.rgbconsulting.com\/es\/\",\"name\":\"Guerssen records\",\"description\":\"psychedelia - progressive - folk - garage \",\"publisher\":{\"@id\":\"https:\/\/wpguerssen-test.odoo.rgbconsulting.com\/es\/#organization\"},\"potentialAction\":[{\"@type\":\"SearchAction\",\"target\":{\"@type\":\"EntryPoint\",\"urlTemplate\":\"https:\/\/wpguerssen-test.odoo.rgbconsulting.com\/es\/?s={search_term_string}\"},\"query-input\":{\"@type\":\"PropertyValueSpecification\",\"valueRequired\":true,\"valueName\":\"search_term_string\"}}],\"inLanguage\":\"es\"},{\"@type\":\"Organization\",\"@id\":\"https:\/\/wpguerssen-test.odoo.rgbconsulting.com\/es\/#organization\",\"name\":\"Guerssen records\",\"url\":\"https:\/\/wpguerssen-test.odoo.rgbconsulting.com\/es\/\",\"logo\":{\"@type\":\"ImageObject\",\"inLanguage\":\"es\",\"@id\":\"https:\/\/wpguerssen-test.odoo.rgbconsulting.com\/es\/#\/schema\/logo\/image\/\",\"url\":\"https:\/\/wpguerssen-test.odoo.rgbconsulting.com\/wp-content\/uploads\/2022\/04\/Logo_Guerssen_trans_100.png\",\"contentUrl\":\"https:\/\/wpguerssen-test.odoo.rgbconsulting.com\/wp-content\/uploads\/2022\/04\/Logo_Guerssen_trans_100.png\",\"width\":122,\"height\":100,\"caption\":\"Guerssen records\"},\"image\":{\"@id\":\"https:\/\/wpguerssen-test.odoo.rgbconsulting.com\/es\/#\/schema\/logo\/image\/\"}}]}<\/script>\n<!-- \/ Yoast SEO plugin. -->","yoast_head_json":{"title":"BROWN, Dennis - Love Is So True -  (LP) | Guerssen","description":"One of the greatest reggae singers of all time, Dennis Brown made an incredible impact during a career that spanned four decades, his reign cut short by his tragically early death from a collapsed lung in 1999, aged just 42. First released in 1995 under the title Take A Stand and also known as Temperature Is Rising, the album Love Is So True was expertly produced by Anthony Dehaney, alias Bunny Gemini, at the Record Factory studios in Kingston, then home to some of the better dancehall being cut in Jamaica. Along with saxophonist\/arranger Dean Fraser and the Fire House Crew and 'Rhythm Twins' Sly and Robbie, the featured musicians include the stalwart keyboardist Ansel Collins of \"Double Barrel\" and \"Stalag\" fame, guitarist Lascelles Beckford and bassist Danny 'Axe Man' Thompson of the Gifted Roots band, trumpeter David Madden of Zap Pow, and keyboardist Dennis 'Jah D' Fearon. The keen musicianship brought forth by these players helped coax the best out of Brown on songs such as \"Never Let Your Heart Be Troubled,\" which rides a tough re-cut of the \"Full Up\" rhythm, and \"Temperature Is Rising,\" on a durable re-cut of the \"Far East\"\/\"Jah Shakey\" rhythm; \"A Little Respect\" makes use of a bouncing update of \"Pressure And Slide,\" the meditative \"Sea Shore\" is on a great dancehall cut of \"Real Rock\" and the anti-rude boy \"Gangster\" is voiced on a beautiful dancehall interpretation of \"Freedom Blues.\" There's even a dancehall take of the Beatles' \"You Won't See Me,\" delivered as only Dennis Brown can, as well as a likeable re-make of Dennis' own \"Have You Ever.\"","robots":{"index":"index","follow":"follow","max-snippet":"max-snippet:-1","max-image-preview":"max-image-preview:large","max-video-preview":"max-video-preview:-1"},"canonical":"https:\/\/wpguerssen-test.odoo.rgbconsulting.com\/es\/producto\/love-is-so-true\/","og_locale":"es_ES","og_type":"article","og_title":"BROWN, Dennis - Love Is So True -  (LP) | Guerssen","og_description":"One of the greatest reggae singers of all time, Dennis Brown made an incredible impact during a career that spanned four decades, his reign cut short by his tragically early death from a collapsed lung in 1999, aged just 42. First released in 1995 under the title Take A Stand and also known as Temperature Is Rising, the album Love Is So True was expertly produced by Anthony Dehaney, alias Bunny Gemini, at the Record Factory studios in Kingston, then home to some of the better dancehall being cut in Jamaica. Along with saxophonist\/arranger Dean Fraser and the Fire House Crew and 'Rhythm Twins' Sly and Robbie, the featured musicians include the stalwart keyboardist Ansel Collins of \"Double Barrel\" and \"Stalag\" fame, guitarist Lascelles Beckford and bassist Danny 'Axe Man' Thompson of the Gifted Roots band, trumpeter David Madden of Zap Pow, and keyboardist Dennis 'Jah D' Fearon. The keen musicianship brought forth by these players helped coax the best out of Brown on songs such as \"Never Let Your Heart Be Troubled,\" which rides a tough re-cut of the \"Full Up\" rhythm, and \"Temperature Is Rising,\" on a durable re-cut of the \"Far East\"\/\"Jah Shakey\" rhythm; \"A Little Respect\" makes use of a bouncing update of \"Pressure And Slide,\" the meditative \"Sea Shore\" is on a great dancehall cut of \"Real Rock\" and the anti-rude boy \"Gangster\" is voiced on a beautiful dancehall interpretation of \"Freedom Blues.\" There's even a dancehall take of the Beatles' \"You Won't See Me,\" delivered as only Dennis Brown can, as well as a likeable re-make of Dennis' own \"Have You Ever.\"","og_url":"https:\/\/wpguerssen-test.odoo.rgbconsulting.com\/es\/producto\/love-is-so-true\/","og_site_name":"Guerssen records","article_modified_time":"2025-02-20T17:34:48+00:00","og_image":[{"width":585,"height":586,"url":"https:\/\/wpguerssen-test.odoo.rgbconsulting.com\/wp-content\/uploads\/2023\/09\/45537.jpg","type":"image\/jpeg"}],"twitter_card":"summary_large_image","twitter_title":"BROWN, Dennis - Love Is So True -  (LP) | Guerssen","twitter_misc":{"Tiempo de lectura":"1 minuto"},"schema":{"@context":"https:\/\/schema.org","@graph":[{"@type":"WebPage","@id":"https:\/\/wpguerssen-test.odoo.rgbconsulting.com\/es\/producto\/love-is-so-true\/","url":"https:\/\/wpguerssen-test.odoo.rgbconsulting.com\/es\/producto\/love-is-so-true\/","name":"BROWN, Dennis - Love Is So True - (LP) | Guerssen","isPartOf":{"@id":"https:\/\/wpguerssen-test.odoo.rgbconsulting.com\/es\/#website"},"primaryImageOfPage":{"@id":"https:\/\/wpguerssen-test.odoo.rgbconsulting.com\/es\/producto\/love-is-so-true\/#primaryimage"},"image":{"@id":"https:\/\/wpguerssen-test.odoo.rgbconsulting.com\/es\/producto\/love-is-so-true\/#primaryimage"},"thumbnailUrl":"https:\/\/wpguerssen-test.odoo.rgbconsulting.com\/wp-content\/uploads\/2023\/09\/45537.jpg","datePublished":"2023-10-22T22:00:00+00:00","dateModified":"2025-02-20T17:34:48+00:00","description":"One of the greatest reggae singers of all time, Dennis Brown made an incredible impact during a career that spanned four decades, his reign cut short by his tragically early death from a collapsed lung in 1999, aged just 42. First released in 1995 under the title Take A Stand and also known as Temperature Is Rising, the album Love Is So True was expertly produced by Anthony Dehaney, alias Bunny Gemini, at the Record Factory studios in Kingston, then home to some of the better dancehall being cut in Jamaica. Along with saxophonist\/arranger Dean Fraser and the Fire House Crew and 'Rhythm Twins' Sly and Robbie, the featured musicians include the stalwart keyboardist Ansel Collins of \"Double Barrel\" and \"Stalag\" fame, guitarist Lascelles Beckford and bassist Danny 'Axe Man' Thompson of the Gifted Roots band, trumpeter David Madden of Zap Pow, and keyboardist Dennis 'Jah D' Fearon. The keen musicianship brought forth by these players helped coax the best out of Brown on songs such as \"Never Let Your Heart Be Troubled,\" which rides a tough re-cut of the \"Full Up\" rhythm, and \"Temperature Is Rising,\" on a durable re-cut of the \"Far East\"\/\"Jah Shakey\" rhythm; \"A Little Respect\" makes use of a bouncing update of \"Pressure And Slide,\" the meditative \"Sea Shore\" is on a great dancehall cut of \"Real Rock\" and the anti-rude boy \"Gangster\" is voiced on a beautiful dancehall interpretation of \"Freedom Blues.\" There's even a dancehall take of the Beatles' \"You Won't See Me,\" delivered as only Dennis Brown can, as well as a likeable re-make of Dennis' own \"Have You Ever.\"","breadcrumb":{"@id":"https:\/\/wpguerssen-test.odoo.rgbconsulting.com\/es\/producto\/love-is-so-true\/#breadcrumb"},"inLanguage":"es","potentialAction":[{"@type":"ReadAction","target":["https:\/\/wpguerssen-test.odoo.rgbconsulting.com\/es\/producto\/love-is-so-true\/"]}]},{"@type":"ImageObject","inLanguage":"es","@id":"https:\/\/wpguerssen-test.odoo.rgbconsulting.com\/es\/producto\/love-is-so-true\/#primaryimage","url":"https:\/\/wpguerssen-test.odoo.rgbconsulting.com\/wp-content\/uploads\/2023\/09\/45537.jpg","contentUrl":"https:\/\/wpguerssen-test.odoo.rgbconsulting.com\/wp-content\/uploads\/2023\/09\/45537.jpg","width":585,"height":586,"caption":"Dennis - Love Is So True - RADIATION ROOTS (LP) | Guerssen"},{"@type":"BreadcrumbList","@id":"https:\/\/wpguerssen-test.odoo.rgbconsulting.com\/es\/producto\/love-is-so-true\/#breadcrumb","itemListElement":[{"@type":"ListItem","position":1,"name":"Inicio","item":"https:\/\/wpguerssen-test.odoo.rgbconsulting.com\/es\/"},{"@type":"ListItem","position":2,"name":"Shop","item":"https:\/\/wpguerssen-test.odoo.rgbconsulting.com\/shop\/"},{"@type":"ListItem","position":3,"name":"Love Is So True"}]},{"@type":"WebSite","@id":"https:\/\/wpguerssen-test.odoo.rgbconsulting.com\/es\/#website","url":"https:\/\/wpguerssen-test.odoo.rgbconsulting.com\/es\/","name":"Guerssen records","description":"psychedelia - progressive - folk - garage ","publisher":{"@id":"https:\/\/wpguerssen-test.odoo.rgbconsulting.com\/es\/#organization"},"potentialAction":[{"@type":"SearchAction","target":{"@type":"EntryPoint","urlTemplate":"https:\/\/wpguerssen-test.odoo.rgbconsulting.com\/es\/?s={search_term_string}"},"query-input":{"@type":"PropertyValueSpecification","valueRequired":true,"valueName":"search_term_string"}}],"inLanguage":"es"},{"@type":"Organization","@id":"https:\/\/wpguerssen-test.odoo.rgbconsulting.com\/es\/#organization","name":"Guerssen records","url":"https:\/\/wpguerssen-test.odoo.rgbconsulting.com\/es\/","logo":{"@type":"ImageObject","inLanguage":"es","@id":"https:\/\/wpguerssen-test.odoo.rgbconsulting.com\/es\/#\/schema\/logo\/image\/","url":"https:\/\/wpguerssen-test.odoo.rgbconsulting.com\/wp-content\/uploads\/2022\/04\/Logo_Guerssen_trans_100.png","contentUrl":"https:\/\/wpguerssen-test.odoo.rgbconsulting.com\/wp-content\/uploads\/2022\/04\/Logo_Guerssen_trans_100.png","width":122,"height":100,"caption":"Guerssen records"},"image":{"@id":"https:\/\/wpguerssen-test.odoo.rgbconsulting.com\/es\/#\/schema\/logo\/image\/"}}]}},"_links":{"self":[{"href":"https:\/\/wpguerssen-test.odoo.rgbconsulting.com\/es\/wp-json\/wp\/v2\/product\/241716","targetHints":{"allow":["GET"]}}],"collection":[{"href":"https:\/\/wpguerssen-test.odoo.rgbconsulting.com\/es\/wp-json\/wp\/v2\/product"}],"about":[{"href":"https:\/\/wpguerssen-test.odoo.rgbconsulting.com\/es\/wp-json\/wp\/v2\/types\/product"}],"wp:featuredmedia":[{"embeddable":true,"href":"https:\/\/wpguerssen-test.odoo.rgbconsulting.com\/es\/wp-json\/wp\/v2\/media\/241693"}],"wp:attachment":[{"href":"https:\/\/wpguerssen-test.odoo.rgbconsulting.com\/es\/wp-json\/wp\/v2\/media?parent=241716"}],"wp:term":[{"taxonomy":"product_brand","embeddable":true,"href":"https:\/\/wpguerssen-test.odoo.rgbconsulting.com\/es\/wp-json\/wp\/v2\/product_brand?post=241716"},{"taxonomy":"product_cat","embeddable":true,"href":"https:\/\/wpguerssen-test.odoo.rgbconsulting.com\/es\/wp-json\/wp\/v2\/product_cat?post=241716"},{"taxonomy":"product_tag","embeddable":true,"href":"https:\/\/wpguerssen-test.odoo.rgbconsulting.com\/es\/wp-json\/wp\/v2\/product_tag?post=241716"}],"curies":[{"name":"wp","href":"https:\/\/api.w.org\/{rel}","templated":true}]}}