{"id":242292,"date":"2023-11-29T00:00:00","date_gmt":"2023-11-28T23:00:00","guid":{"rendered":"https:\/\/wpguerssen-test.odoo.rgbconsulting.com\/product\/roy-rutanen\/"},"modified":"2025-01-07T19:08:29","modified_gmt":"2025-01-07T18:08:29","slug":"roy-rutanen","status":"publish","type":"product","link":"https:\/\/wpguerssen-test.odoo.rgbconsulting.com\/es\/producto\/roy-rutanen\/","title":{"rendered":"Roy Rutanen"},"content":{"rendered":"<p>El \u00e1lbum hom\u00f3nimo de Roy Rutanen sigue siendo un secreto mejor guardado entre los coleccionistas de psicodelia y folk \u00e1cido desde su lanzamiento original en 1971. Lo que podr\u00eda haber sido la base s\u00f3lida para una prometedora carrera en la industria musical fue abandonado debido a la falta de soporte, que posteriormente sobrevivi\u00f3 como una pieza \u00fanica de museo, accesible a unos pocos elegidos que pueden pagar el precio exigido por las copias originales. Este es el momento para que la m\u00fasica de Roy brille con su combinaci\u00f3n \u00fanica de mal humor y solos empapados de \u00e1cido, todo lo cual se resume en Trip Song, la obra maestra de 10 minutos de duraci\u00f3n del \u00e1lbum que bien podr\u00eda incluirse en la lista en el Top 10 de melod\u00edas psicod\u00e9licas de todos los tiempos. Esta esperada reedici\u00f3n en vinilo est\u00e1 limitada a 500 ejemplares numerados a mano, 200 en dorado y 300 en negro de 180gr. vinilo, remasterizado para su m\u00e1ximo placer como audi\u00f3filo, e incluye un inserto con el material oficial de Roy, as\u00ed como im\u00e1genes y recuerdos nunca antes vistos.<br \/>Similar a: Perry Leopold, Byrds, Abstract Truth, Kenny Rogers &#038; The First Edition, Meic Stevens .<\/p>\n","protected":false},"excerpt":{"rendered":"<p>El \u00e1lbum hom\u00f3nimo de Roy Rutanen sigue siendo un secreto mejor guardado entre los coleccionistas de psicodelia y folk \u00e1cido desde su lanzamiento original en 1971.<a class=\"read\" href=\"https:\/\/wpguerssen-test.odoo.rgbconsulting.com\/es\/producto\/roy-rutanen\/\"> (...)<\/a>","protected":false},"featured_media":247473,"template":"","meta":{"_acf_changed":false},"product_brand":[],"product_cat":[21639,23271],"product_tag":[],"class_list":{"0":"post-242292","1":"product","2":"type-product","3":"status-publish","4":"has-post-thumbnail","6":"product_cat-psychedelic60s-70s-es","7":"product_cat-folk-60s-70s-es","8":"pa_artist-rutanen-roy","9":"pa_format-lp-es","10":"pa_gender-psychedelic60s-70s-folk-60s-70s","11":"pa_label-disques-plusquereel","12":"pa_location-australia-nz-es","13":"pa_other-filters-vinyl-only-es","15":"first","16":"instock","17":"taxable","18":"shipping-taxable","19":"purchasable","20":"product-type-simple"},"acf":[],"yoast_head":"<!-- This site is optimized with the Yoast SEO plugin v24.9 - https:\/\/yoast.com\/wordpress\/plugins\/seo\/ -->\n<title>RUTANEN, Roy - Roy Rutanen -  (LP) | Guerssen<\/title>\n<meta name=\"description\" content=\"Roy Rutanen&#039;s self-titled album has remained a best-kept secret among psychedelia and acid-folk collectors ever since its original release in 1971. What could have been the solid foundation for a promising career in the music industry was abandoned due to the lack of label support, subsequently surviving as a one-off museum piece, accessible to a select few who can afford the price commanded for original copies. This is the time for Roy&#039;s music to shine through with his unique combination of moody acoustic bliss and acid-drenched solos, all of which are epitomized in the Trip Song, the 10-minutes long magnum opus of the album that might as well be listed in the Top 10 psychedelic tunes of all times. This long-awaited vinyl reissue is limited to 500 hand-numbered copies, 200 in gold and 300 in black 180gr. vinyl, remastered for your maximum audiophile pleasure, and includes an insert with Roy&#039;s official, as well as never seen before pictures and memorabilia.File nearby: Perry Leopold, Byrds, Abstract Truth, Kenny Rogers &amp; The First Edition, Meic Stevens.\" \/>\n<meta name=\"robots\" content=\"index, follow, max-snippet:-1, max-image-preview:large, max-video-preview:-1\" \/>\n<link rel=\"canonical\" href=\"https:\/\/wpguerssen-test.odoo.rgbconsulting.com\/es\/producto\/roy-rutanen\/\" \/>\n<meta property=\"og:locale\" content=\"es_ES\" \/>\n<meta property=\"og:type\" content=\"article\" \/>\n<meta property=\"og:title\" content=\"RUTANEN, Roy - Roy Rutanen -  (LP) | Guerssen\" \/>\n<meta property=\"og:description\" content=\"Roy Rutanen&#039;s self-titled album has remained a best-kept secret among psychedelia and acid-folk collectors ever since its original release in 1971. What could have been the solid foundation for a promising career in the music industry was abandoned due to the lack of label support, subsequently surviving as a one-off museum piece, accessible to a select few who can afford the price commanded for original copies. This is the time for Roy&#039;s music to shine through with his unique combination of moody acoustic bliss and acid-drenched solos, all of which are epitomized in the Trip Song, the 10-minutes long magnum opus of the album that might as well be listed in the Top 10 psychedelic tunes of all times. This long-awaited vinyl reissue is limited to 500 hand-numbered copies, 200 in gold and 300 in black 180gr. vinyl, remastered for your maximum audiophile pleasure, and includes an insert with Roy&#039;s official, as well as never seen before pictures and memorabilia.File nearby: Perry Leopold, Byrds, Abstract Truth, Kenny Rogers &amp; The First Edition, Meic Stevens.\" \/>\n<meta property=\"og:url\" content=\"https:\/\/wpguerssen-test.odoo.rgbconsulting.com\/es\/producto\/roy-rutanen\/\" \/>\n<meta property=\"og:site_name\" content=\"Guerssen records\" \/>\n<meta property=\"article:modified_time\" content=\"2025-01-07T18:08:29+00:00\" \/>\n<meta property=\"og:image\" content=\"https:\/\/wpguerssen-test.odoo.rgbconsulting.com\/wp-content\/uploads\/2023\/11\/45628.jpg\" \/>\n\t<meta property=\"og:image:width\" content=\"700\" \/>\n\t<meta property=\"og:image:height\" content=\"700\" \/>\n\t<meta property=\"og:image:type\" content=\"image\/jpeg\" \/>\n<meta name=\"twitter:card\" content=\"summary_large_image\" \/>\n<meta name=\"twitter:title\" content=\"RUTANEN, Roy - Roy Rutanen -  (LP) | Guerssen\" \/>\n<meta name=\"twitter:label1\" content=\"Tiempo de lectura\" \/>\n\t<meta name=\"twitter:data1\" content=\"1 minuto\" \/>\n<script type=\"application\/ld+json\" class=\"yoast-schema-graph\">{\"@context\":\"https:\/\/schema.org\",\"@graph\":[{\"@type\":\"WebPage\",\"@id\":\"https:\/\/wpguerssen-test.odoo.rgbconsulting.com\/es\/producto\/roy-rutanen\/\",\"url\":\"https:\/\/wpguerssen-test.odoo.rgbconsulting.com\/es\/producto\/roy-rutanen\/\",\"name\":\"RUTANEN, Roy - Roy Rutanen - (LP) | Guerssen\",\"isPartOf\":{\"@id\":\"https:\/\/wpguerssen-test.odoo.rgbconsulting.com\/es\/#website\"},\"primaryImageOfPage\":{\"@id\":\"https:\/\/wpguerssen-test.odoo.rgbconsulting.com\/es\/producto\/roy-rutanen\/#primaryimage\"},\"image\":{\"@id\":\"https:\/\/wpguerssen-test.odoo.rgbconsulting.com\/es\/producto\/roy-rutanen\/#primaryimage\"},\"thumbnailUrl\":\"https:\/\/wpguerssen-test.odoo.rgbconsulting.com\/wp-content\/uploads\/2023\/11\/45628.jpg\",\"datePublished\":\"2023-11-28T23:00:00+00:00\",\"dateModified\":\"2025-01-07T18:08:29+00:00\",\"description\":\"Roy Rutanen's self-titled album has remained a best-kept secret among psychedelia and acid-folk collectors ever since its original release in 1971. What could have been the solid foundation for a promising career in the music industry was abandoned due to the lack of label support, subsequently surviving as a one-off museum piece, accessible to a select few who can afford the price commanded for original copies. This is the time for Roy's music to shine through with his unique combination of moody acoustic bliss and acid-drenched solos, all of which are epitomized in the Trip Song, the 10-minutes long magnum opus of the album that might as well be listed in the Top 10 psychedelic tunes of all times. This long-awaited vinyl reissue is limited to 500 hand-numbered copies, 200 in gold and 300 in black 180gr. vinyl, remastered for your maximum audiophile pleasure, and includes an insert with Roy's official, as well as never seen before pictures and memorabilia.File nearby: Perry Leopold, Byrds, Abstract Truth, Kenny Rogers & The First Edition, Meic Stevens.\",\"breadcrumb\":{\"@id\":\"https:\/\/wpguerssen-test.odoo.rgbconsulting.com\/es\/producto\/roy-rutanen\/#breadcrumb\"},\"inLanguage\":\"es\",\"potentialAction\":[{\"@type\":\"ReadAction\",\"target\":[\"https:\/\/wpguerssen-test.odoo.rgbconsulting.com\/es\/producto\/roy-rutanen\/\"]}]},{\"@type\":\"ImageObject\",\"inLanguage\":\"es\",\"@id\":\"https:\/\/wpguerssen-test.odoo.rgbconsulting.com\/es\/producto\/roy-rutanen\/#primaryimage\",\"url\":\"https:\/\/wpguerssen-test.odoo.rgbconsulting.com\/wp-content\/uploads\/2023\/11\/45628.jpg\",\"contentUrl\":\"https:\/\/wpguerssen-test.odoo.rgbconsulting.com\/wp-content\/uploads\/2023\/11\/45628.jpg\",\"width\":700,\"height\":700,\"caption\":\"Roy - Roy Rutanen - DISQUES PLUSQUER\u00c9EL (LP) | Guerssen\"},{\"@type\":\"BreadcrumbList\",\"@id\":\"https:\/\/wpguerssen-test.odoo.rgbconsulting.com\/es\/producto\/roy-rutanen\/#breadcrumb\",\"itemListElement\":[{\"@type\":\"ListItem\",\"position\":1,\"name\":\"Inicio\",\"item\":\"https:\/\/wpguerssen-test.odoo.rgbconsulting.com\/es\/\"},{\"@type\":\"ListItem\",\"position\":2,\"name\":\"Shop\",\"item\":\"https:\/\/wpguerssen-test.odoo.rgbconsulting.com\/shop\/\"},{\"@type\":\"ListItem\",\"position\":3,\"name\":\"Roy Rutanen\"}]},{\"@type\":\"WebSite\",\"@id\":\"https:\/\/wpguerssen-test.odoo.rgbconsulting.com\/es\/#website\",\"url\":\"https:\/\/wpguerssen-test.odoo.rgbconsulting.com\/es\/\",\"name\":\"Guerssen records\",\"description\":\"psychedelia - progressive - folk - garage \",\"publisher\":{\"@id\":\"https:\/\/wpguerssen-test.odoo.rgbconsulting.com\/es\/#organization\"},\"potentialAction\":[{\"@type\":\"SearchAction\",\"target\":{\"@type\":\"EntryPoint\",\"urlTemplate\":\"https:\/\/wpguerssen-test.odoo.rgbconsulting.com\/es\/?s={search_term_string}\"},\"query-input\":{\"@type\":\"PropertyValueSpecification\",\"valueRequired\":true,\"valueName\":\"search_term_string\"}}],\"inLanguage\":\"es\"},{\"@type\":\"Organization\",\"@id\":\"https:\/\/wpguerssen-test.odoo.rgbconsulting.com\/es\/#organization\",\"name\":\"Guerssen records\",\"url\":\"https:\/\/wpguerssen-test.odoo.rgbconsulting.com\/es\/\",\"logo\":{\"@type\":\"ImageObject\",\"inLanguage\":\"es\",\"@id\":\"https:\/\/wpguerssen-test.odoo.rgbconsulting.com\/es\/#\/schema\/logo\/image\/\",\"url\":\"https:\/\/wpguerssen-test.odoo.rgbconsulting.com\/wp-content\/uploads\/2022\/04\/Logo_Guerssen_trans_100.png\",\"contentUrl\":\"https:\/\/wpguerssen-test.odoo.rgbconsulting.com\/wp-content\/uploads\/2022\/04\/Logo_Guerssen_trans_100.png\",\"width\":122,\"height\":100,\"caption\":\"Guerssen records\"},\"image\":{\"@id\":\"https:\/\/wpguerssen-test.odoo.rgbconsulting.com\/es\/#\/schema\/logo\/image\/\"}}]}<\/script>\n<!-- \/ Yoast SEO plugin. -->","yoast_head_json":{"title":"RUTANEN, Roy - Roy Rutanen -  (LP) | Guerssen","description":"Roy Rutanen's self-titled album has remained a best-kept secret among psychedelia and acid-folk collectors ever since its original release in 1971. What could have been the solid foundation for a promising career in the music industry was abandoned due to the lack of label support, subsequently surviving as a one-off museum piece, accessible to a select few who can afford the price commanded for original copies. This is the time for Roy's music to shine through with his unique combination of moody acoustic bliss and acid-drenched solos, all of which are epitomized in the Trip Song, the 10-minutes long magnum opus of the album that might as well be listed in the Top 10 psychedelic tunes of all times. This long-awaited vinyl reissue is limited to 500 hand-numbered copies, 200 in gold and 300 in black 180gr. vinyl, remastered for your maximum audiophile pleasure, and includes an insert with Roy's official, as well as never seen before pictures and memorabilia.File nearby: Perry Leopold, Byrds, Abstract Truth, Kenny Rogers & The First Edition, Meic Stevens.","robots":{"index":"index","follow":"follow","max-snippet":"max-snippet:-1","max-image-preview":"max-image-preview:large","max-video-preview":"max-video-preview:-1"},"canonical":"https:\/\/wpguerssen-test.odoo.rgbconsulting.com\/es\/producto\/roy-rutanen\/","og_locale":"es_ES","og_type":"article","og_title":"RUTANEN, Roy - Roy Rutanen -  (LP) | Guerssen","og_description":"Roy Rutanen's self-titled album has remained a best-kept secret among psychedelia and acid-folk collectors ever since its original release in 1971. What could have been the solid foundation for a promising career in the music industry was abandoned due to the lack of label support, subsequently surviving as a one-off museum piece, accessible to a select few who can afford the price commanded for original copies. This is the time for Roy's music to shine through with his unique combination of moody acoustic bliss and acid-drenched solos, all of which are epitomized in the Trip Song, the 10-minutes long magnum opus of the album that might as well be listed in the Top 10 psychedelic tunes of all times. This long-awaited vinyl reissue is limited to 500 hand-numbered copies, 200 in gold and 300 in black 180gr. vinyl, remastered for your maximum audiophile pleasure, and includes an insert with Roy's official, as well as never seen before pictures and memorabilia.File nearby: Perry Leopold, Byrds, Abstract Truth, Kenny Rogers & The First Edition, Meic Stevens.","og_url":"https:\/\/wpguerssen-test.odoo.rgbconsulting.com\/es\/producto\/roy-rutanen\/","og_site_name":"Guerssen records","article_modified_time":"2025-01-07T18:08:29+00:00","og_image":[{"width":700,"height":700,"url":"https:\/\/wpguerssen-test.odoo.rgbconsulting.com\/wp-content\/uploads\/2023\/11\/45628.jpg","type":"image\/jpeg"}],"twitter_card":"summary_large_image","twitter_title":"RUTANEN, Roy - Roy Rutanen -  (LP) | Guerssen","twitter_misc":{"Tiempo de lectura":"1 minuto"},"schema":{"@context":"https:\/\/schema.org","@graph":[{"@type":"WebPage","@id":"https:\/\/wpguerssen-test.odoo.rgbconsulting.com\/es\/producto\/roy-rutanen\/","url":"https:\/\/wpguerssen-test.odoo.rgbconsulting.com\/es\/producto\/roy-rutanen\/","name":"RUTANEN, Roy - Roy Rutanen - (LP) | Guerssen","isPartOf":{"@id":"https:\/\/wpguerssen-test.odoo.rgbconsulting.com\/es\/#website"},"primaryImageOfPage":{"@id":"https:\/\/wpguerssen-test.odoo.rgbconsulting.com\/es\/producto\/roy-rutanen\/#primaryimage"},"image":{"@id":"https:\/\/wpguerssen-test.odoo.rgbconsulting.com\/es\/producto\/roy-rutanen\/#primaryimage"},"thumbnailUrl":"https:\/\/wpguerssen-test.odoo.rgbconsulting.com\/wp-content\/uploads\/2023\/11\/45628.jpg","datePublished":"2023-11-28T23:00:00+00:00","dateModified":"2025-01-07T18:08:29+00:00","description":"Roy Rutanen's self-titled album has remained a best-kept secret among psychedelia and acid-folk collectors ever since its original release in 1971. What could have been the solid foundation for a promising career in the music industry was abandoned due to the lack of label support, subsequently surviving as a one-off museum piece, accessible to a select few who can afford the price commanded for original copies. This is the time for Roy's music to shine through with his unique combination of moody acoustic bliss and acid-drenched solos, all of which are epitomized in the Trip Song, the 10-minutes long magnum opus of the album that might as well be listed in the Top 10 psychedelic tunes of all times. This long-awaited vinyl reissue is limited to 500 hand-numbered copies, 200 in gold and 300 in black 180gr. vinyl, remastered for your maximum audiophile pleasure, and includes an insert with Roy's official, as well as never seen before pictures and memorabilia.File nearby: Perry Leopold, Byrds, Abstract Truth, Kenny Rogers & The First Edition, Meic Stevens.","breadcrumb":{"@id":"https:\/\/wpguerssen-test.odoo.rgbconsulting.com\/es\/producto\/roy-rutanen\/#breadcrumb"},"inLanguage":"es","potentialAction":[{"@type":"ReadAction","target":["https:\/\/wpguerssen-test.odoo.rgbconsulting.com\/es\/producto\/roy-rutanen\/"]}]},{"@type":"ImageObject","inLanguage":"es","@id":"https:\/\/wpguerssen-test.odoo.rgbconsulting.com\/es\/producto\/roy-rutanen\/#primaryimage","url":"https:\/\/wpguerssen-test.odoo.rgbconsulting.com\/wp-content\/uploads\/2023\/11\/45628.jpg","contentUrl":"https:\/\/wpguerssen-test.odoo.rgbconsulting.com\/wp-content\/uploads\/2023\/11\/45628.jpg","width":700,"height":700,"caption":"Roy - Roy Rutanen - DISQUES PLUSQUER\u00c9EL (LP) | Guerssen"},{"@type":"BreadcrumbList","@id":"https:\/\/wpguerssen-test.odoo.rgbconsulting.com\/es\/producto\/roy-rutanen\/#breadcrumb","itemListElement":[{"@type":"ListItem","position":1,"name":"Inicio","item":"https:\/\/wpguerssen-test.odoo.rgbconsulting.com\/es\/"},{"@type":"ListItem","position":2,"name":"Shop","item":"https:\/\/wpguerssen-test.odoo.rgbconsulting.com\/shop\/"},{"@type":"ListItem","position":3,"name":"Roy Rutanen"}]},{"@type":"WebSite","@id":"https:\/\/wpguerssen-test.odoo.rgbconsulting.com\/es\/#website","url":"https:\/\/wpguerssen-test.odoo.rgbconsulting.com\/es\/","name":"Guerssen records","description":"psychedelia - progressive - folk - garage ","publisher":{"@id":"https:\/\/wpguerssen-test.odoo.rgbconsulting.com\/es\/#organization"},"potentialAction":[{"@type":"SearchAction","target":{"@type":"EntryPoint","urlTemplate":"https:\/\/wpguerssen-test.odoo.rgbconsulting.com\/es\/?s={search_term_string}"},"query-input":{"@type":"PropertyValueSpecification","valueRequired":true,"valueName":"search_term_string"}}],"inLanguage":"es"},{"@type":"Organization","@id":"https:\/\/wpguerssen-test.odoo.rgbconsulting.com\/es\/#organization","name":"Guerssen records","url":"https:\/\/wpguerssen-test.odoo.rgbconsulting.com\/es\/","logo":{"@type":"ImageObject","inLanguage":"es","@id":"https:\/\/wpguerssen-test.odoo.rgbconsulting.com\/es\/#\/schema\/logo\/image\/","url":"https:\/\/wpguerssen-test.odoo.rgbconsulting.com\/wp-content\/uploads\/2022\/04\/Logo_Guerssen_trans_100.png","contentUrl":"https:\/\/wpguerssen-test.odoo.rgbconsulting.com\/wp-content\/uploads\/2022\/04\/Logo_Guerssen_trans_100.png","width":122,"height":100,"caption":"Guerssen records"},"image":{"@id":"https:\/\/wpguerssen-test.odoo.rgbconsulting.com\/es\/#\/schema\/logo\/image\/"}}]}},"_links":{"self":[{"href":"https:\/\/wpguerssen-test.odoo.rgbconsulting.com\/es\/wp-json\/wp\/v2\/product\/242292","targetHints":{"allow":["GET"]}}],"collection":[{"href":"https:\/\/wpguerssen-test.odoo.rgbconsulting.com\/es\/wp-json\/wp\/v2\/product"}],"about":[{"href":"https:\/\/wpguerssen-test.odoo.rgbconsulting.com\/es\/wp-json\/wp\/v2\/types\/product"}],"wp:featuredmedia":[{"embeddable":true,"href":"https:\/\/wpguerssen-test.odoo.rgbconsulting.com\/es\/wp-json\/wp\/v2\/media\/247473"}],"wp:attachment":[{"href":"https:\/\/wpguerssen-test.odoo.rgbconsulting.com\/es\/wp-json\/wp\/v2\/media?parent=242292"}],"wp:term":[{"taxonomy":"product_brand","embeddable":true,"href":"https:\/\/wpguerssen-test.odoo.rgbconsulting.com\/es\/wp-json\/wp\/v2\/product_brand?post=242292"},{"taxonomy":"product_cat","embeddable":true,"href":"https:\/\/wpguerssen-test.odoo.rgbconsulting.com\/es\/wp-json\/wp\/v2\/product_cat?post=242292"},{"taxonomy":"product_tag","embeddable":true,"href":"https:\/\/wpguerssen-test.odoo.rgbconsulting.com\/es\/wp-json\/wp\/v2\/product_tag?post=242292"}],"curies":[{"name":"wp","href":"https:\/\/api.w.org\/{rel}","templated":true}]}}