{"id":242451,"date":"2023-10-30T00:00:00","date_gmt":"2023-10-29T23:00:00","guid":{"rendered":"https:\/\/wpguerssen-test.odoo.rgbconsulting.com\/product\/bossa-nova-lpcd\/"},"modified":"2025-03-31T18:44:15","modified_gmt":"2025-03-31T16:44:15","slug":"bossa-nova-lpcd","status":"publish","type":"product","link":"https:\/\/wpguerssen-test.odoo.rgbconsulting.com\/es\/producto\/bossa-nova-lpcd\/","title":{"rendered":"Bossa nova (LP+CD)"},"content":{"rendered":"<p>\u00abLanzado originalmente en 1961 como Joao Gilberto, este \u00e1lbum hist\u00f3rico es una de las grandes piedras angulares de la bossa nova. Acompa\u00f1ado por Tom Jobim (quien escribi\u00f3 est\u00e1ndares como &#8216;Garota de Ipanema&#8217; y &#8216;Desafinado&#8217;) y el organista Walter Wanderley (mejor conocido por su suave interpretaci\u00f3n de Hammond y el \u00e9xito de 1966 &#8216;Summer Samba&#8217;), Gilberto toca canciones como &#8216;Samba da minha terra&#8217; y &#8216;O amor em paz&#8217;, las cuales (junto con la mayor\u00eda de las canciones de este \u00e1lbum) pronto se convertir\u00edan en est\u00e1ndares. del g\u00e9nero.\u00bb En vinilo de 180 gramos con CD del \u00e1lbum completo.<\/p>\n","protected":false},"excerpt":{"rendered":"<p>\u00abLanzado originalmente en 1961 como Joao Gilberto, este \u00e1lbum hist\u00f3rico es una de las grandes piedras angulares de la bossa nova. Acompa\u00f1ado por Tom Jobim (quien<a class=\"read\" href=\"https:\/\/wpguerssen-test.odoo.rgbconsulting.com\/es\/producto\/bossa-nova-lpcd\/\"> (...)<\/a>","protected":false},"featured_media":242504,"template":"","meta":{"_acf_changed":false},"product_brand":[],"product_cat":[23231],"product_tag":[],"class_list":{"0":"post-242451","1":"product","2":"type-product","3":"status-publish","4":"has-post-thumbnail","6":"product_cat-latin-brazilian-es","7":"pa_artist-gilberto-joao","8":"pa_format-lp-es","9":"pa_gender-latin-brazilian","10":"pa_label-doxy","11":"pa_location-south-america-caribbean-es","12":"pa_other-filters-vinyl-only-es","14":"first","15":"instock","16":"taxable","17":"shipping-taxable","18":"purchasable","19":"product-type-simple"},"acf":[],"yoast_head":"<!-- This site is optimized with the Yoast SEO plugin v24.9 - https:\/\/yoast.com\/wordpress\/plugins\/seo\/ -->\n<title>GILBERTO, Joao - Bossa nova (LP+CD) -  (LP) | Guerssen<\/title>\n<meta name=\"description\" content=\"&quot;Originally released in 1961 as Joao Gilberto, this historic album is one of the great cornerstones of bossa nova. Accompanied by Tom Jobim (who wrote such standards as &#039;Garota de Ipanema&#039; and &#039;Desafinado&#039;) and organist Walter Wanderley (best known for his smooth Hammond playing and the 1966 hit &#039;Summer Samba&#039;), Gilberto plays songs like &#039;Samba da minha terra&#039; and &#039;O amor em paz,&#039; both of which (along with most of the songs on this album) would soon become standards of the genre.&quot; On 180 gram vinyl with a CD of the entire album.\" \/>\n<meta name=\"robots\" content=\"index, follow, max-snippet:-1, max-image-preview:large, max-video-preview:-1\" \/>\n<link rel=\"canonical\" href=\"https:\/\/wpguerssen-test.odoo.rgbconsulting.com\/es\/producto\/bossa-nova-lpcd\/\" \/>\n<meta property=\"og:locale\" content=\"es_ES\" \/>\n<meta property=\"og:type\" content=\"article\" \/>\n<meta property=\"og:title\" content=\"GILBERTO, Joao - Bossa nova (LP+CD) -  (LP) | Guerssen\" \/>\n<meta property=\"og:description\" content=\"&quot;Originally released in 1961 as Joao Gilberto, this historic album is one of the great cornerstones of bossa nova. Accompanied by Tom Jobim (who wrote such standards as &#039;Garota de Ipanema&#039; and &#039;Desafinado&#039;) and organist Walter Wanderley (best known for his smooth Hammond playing and the 1966 hit &#039;Summer Samba&#039;), Gilberto plays songs like &#039;Samba da minha terra&#039; and &#039;O amor em paz,&#039; both of which (along with most of the songs on this album) would soon become standards of the genre.&quot; On 180 gram vinyl with a CD of the entire album.\" \/>\n<meta property=\"og:url\" content=\"https:\/\/wpguerssen-test.odoo.rgbconsulting.com\/es\/producto\/bossa-nova-lpcd\/\" \/>\n<meta property=\"og:site_name\" content=\"Guerssen records\" \/>\n<meta property=\"article:modified_time\" content=\"2025-03-31T16:44:15+00:00\" \/>\n<meta property=\"og:image\" content=\"https:\/\/wpguerssen-test.odoo.rgbconsulting.com\/wp-content\/uploads\/2023\/10\/45680.jpg\" \/>\n\t<meta property=\"og:image:width\" content=\"550\" \/>\n\t<meta property=\"og:image:height\" content=\"550\" \/>\n\t<meta property=\"og:image:type\" content=\"image\/jpeg\" \/>\n<meta name=\"twitter:card\" content=\"summary_large_image\" \/>\n<meta name=\"twitter:title\" content=\"GILBERTO, Joao - Bossa nova (LP+CD) -  (LP) | Guerssen\" \/>\n<meta name=\"twitter:label1\" content=\"Tiempo de lectura\" \/>\n\t<meta name=\"twitter:data1\" content=\"1 minuto\" \/>\n<script type=\"application\/ld+json\" class=\"yoast-schema-graph\">{\"@context\":\"https:\/\/schema.org\",\"@graph\":[{\"@type\":\"WebPage\",\"@id\":\"https:\/\/wpguerssen-test.odoo.rgbconsulting.com\/es\/producto\/bossa-nova-lpcd\/\",\"url\":\"https:\/\/wpguerssen-test.odoo.rgbconsulting.com\/es\/producto\/bossa-nova-lpcd\/\",\"name\":\"GILBERTO, Joao - Bossa nova (LP+CD) - (LP) | Guerssen\",\"isPartOf\":{\"@id\":\"https:\/\/wpguerssen-test.odoo.rgbconsulting.com\/es\/#website\"},\"primaryImageOfPage\":{\"@id\":\"https:\/\/wpguerssen-test.odoo.rgbconsulting.com\/es\/producto\/bossa-nova-lpcd\/#primaryimage\"},\"image\":{\"@id\":\"https:\/\/wpguerssen-test.odoo.rgbconsulting.com\/es\/producto\/bossa-nova-lpcd\/#primaryimage\"},\"thumbnailUrl\":\"https:\/\/wpguerssen-test.odoo.rgbconsulting.com\/wp-content\/uploads\/2023\/10\/45680.jpg\",\"datePublished\":\"2023-10-29T23:00:00+00:00\",\"dateModified\":\"2025-03-31T16:44:15+00:00\",\"description\":\"\\\"Originally released in 1961 as Joao Gilberto, this historic album is one of the great cornerstones of bossa nova. Accompanied by Tom Jobim (who wrote such standards as 'Garota de Ipanema' and 'Desafinado') and organist Walter Wanderley (best known for his smooth Hammond playing and the 1966 hit 'Summer Samba'), Gilberto plays songs like 'Samba da minha terra' and 'O amor em paz,' both of which (along with most of the songs on this album) would soon become standards of the genre.\\\" On 180 gram vinyl with a CD of the entire album.\",\"breadcrumb\":{\"@id\":\"https:\/\/wpguerssen-test.odoo.rgbconsulting.com\/es\/producto\/bossa-nova-lpcd\/#breadcrumb\"},\"inLanguage\":\"es\",\"potentialAction\":[{\"@type\":\"ReadAction\",\"target\":[\"https:\/\/wpguerssen-test.odoo.rgbconsulting.com\/es\/producto\/bossa-nova-lpcd\/\"]}]},{\"@type\":\"ImageObject\",\"inLanguage\":\"es\",\"@id\":\"https:\/\/wpguerssen-test.odoo.rgbconsulting.com\/es\/producto\/bossa-nova-lpcd\/#primaryimage\",\"url\":\"https:\/\/wpguerssen-test.odoo.rgbconsulting.com\/wp-content\/uploads\/2023\/10\/45680.jpg\",\"contentUrl\":\"https:\/\/wpguerssen-test.odoo.rgbconsulting.com\/wp-content\/uploads\/2023\/10\/45680.jpg\",\"width\":550,\"height\":550,\"caption\":\"Joao - Bossa nova (LP+CD) - DOXY (LP) | Guerssen\"},{\"@type\":\"BreadcrumbList\",\"@id\":\"https:\/\/wpguerssen-test.odoo.rgbconsulting.com\/es\/producto\/bossa-nova-lpcd\/#breadcrumb\",\"itemListElement\":[{\"@type\":\"ListItem\",\"position\":1,\"name\":\"Inicio\",\"item\":\"https:\/\/wpguerssen-test.odoo.rgbconsulting.com\/es\/\"},{\"@type\":\"ListItem\",\"position\":2,\"name\":\"Shop\",\"item\":\"https:\/\/wpguerssen-test.odoo.rgbconsulting.com\/shop\/\"},{\"@type\":\"ListItem\",\"position\":3,\"name\":\"Bossa nova (LP+CD)\"}]},{\"@type\":\"WebSite\",\"@id\":\"https:\/\/wpguerssen-test.odoo.rgbconsulting.com\/es\/#website\",\"url\":\"https:\/\/wpguerssen-test.odoo.rgbconsulting.com\/es\/\",\"name\":\"Guerssen records\",\"description\":\"psychedelia - progressive - folk - garage \",\"publisher\":{\"@id\":\"https:\/\/wpguerssen-test.odoo.rgbconsulting.com\/es\/#organization\"},\"potentialAction\":[{\"@type\":\"SearchAction\",\"target\":{\"@type\":\"EntryPoint\",\"urlTemplate\":\"https:\/\/wpguerssen-test.odoo.rgbconsulting.com\/es\/?s={search_term_string}\"},\"query-input\":{\"@type\":\"PropertyValueSpecification\",\"valueRequired\":true,\"valueName\":\"search_term_string\"}}],\"inLanguage\":\"es\"},{\"@type\":\"Organization\",\"@id\":\"https:\/\/wpguerssen-test.odoo.rgbconsulting.com\/es\/#organization\",\"name\":\"Guerssen records\",\"url\":\"https:\/\/wpguerssen-test.odoo.rgbconsulting.com\/es\/\",\"logo\":{\"@type\":\"ImageObject\",\"inLanguage\":\"es\",\"@id\":\"https:\/\/wpguerssen-test.odoo.rgbconsulting.com\/es\/#\/schema\/logo\/image\/\",\"url\":\"https:\/\/wpguerssen-test.odoo.rgbconsulting.com\/wp-content\/uploads\/2022\/04\/Logo_Guerssen_trans_100.png\",\"contentUrl\":\"https:\/\/wpguerssen-test.odoo.rgbconsulting.com\/wp-content\/uploads\/2022\/04\/Logo_Guerssen_trans_100.png\",\"width\":122,\"height\":100,\"caption\":\"Guerssen records\"},\"image\":{\"@id\":\"https:\/\/wpguerssen-test.odoo.rgbconsulting.com\/es\/#\/schema\/logo\/image\/\"}}]}<\/script>\n<!-- \/ Yoast SEO plugin. -->","yoast_head_json":{"title":"GILBERTO, Joao - Bossa nova (LP+CD) -  (LP) | Guerssen","description":"\"Originally released in 1961 as Joao Gilberto, this historic album is one of the great cornerstones of bossa nova. Accompanied by Tom Jobim (who wrote such standards as 'Garota de Ipanema' and 'Desafinado') and organist Walter Wanderley (best known for his smooth Hammond playing and the 1966 hit 'Summer Samba'), Gilberto plays songs like 'Samba da minha terra' and 'O amor em paz,' both of which (along with most of the songs on this album) would soon become standards of the genre.\" On 180 gram vinyl with a CD of the entire album.","robots":{"index":"index","follow":"follow","max-snippet":"max-snippet:-1","max-image-preview":"max-image-preview:large","max-video-preview":"max-video-preview:-1"},"canonical":"https:\/\/wpguerssen-test.odoo.rgbconsulting.com\/es\/producto\/bossa-nova-lpcd\/","og_locale":"es_ES","og_type":"article","og_title":"GILBERTO, Joao - Bossa nova (LP+CD) -  (LP) | Guerssen","og_description":"\"Originally released in 1961 as Joao Gilberto, this historic album is one of the great cornerstones of bossa nova. Accompanied by Tom Jobim (who wrote such standards as 'Garota de Ipanema' and 'Desafinado') and organist Walter Wanderley (best known for his smooth Hammond playing and the 1966 hit 'Summer Samba'), Gilberto plays songs like 'Samba da minha terra' and 'O amor em paz,' both of which (along with most of the songs on this album) would soon become standards of the genre.\" On 180 gram vinyl with a CD of the entire album.","og_url":"https:\/\/wpguerssen-test.odoo.rgbconsulting.com\/es\/producto\/bossa-nova-lpcd\/","og_site_name":"Guerssen records","article_modified_time":"2025-03-31T16:44:15+00:00","og_image":[{"width":550,"height":550,"url":"https:\/\/wpguerssen-test.odoo.rgbconsulting.com\/wp-content\/uploads\/2023\/10\/45680.jpg","type":"image\/jpeg"}],"twitter_card":"summary_large_image","twitter_title":"GILBERTO, Joao - Bossa nova (LP+CD) -  (LP) | Guerssen","twitter_misc":{"Tiempo de lectura":"1 minuto"},"schema":{"@context":"https:\/\/schema.org","@graph":[{"@type":"WebPage","@id":"https:\/\/wpguerssen-test.odoo.rgbconsulting.com\/es\/producto\/bossa-nova-lpcd\/","url":"https:\/\/wpguerssen-test.odoo.rgbconsulting.com\/es\/producto\/bossa-nova-lpcd\/","name":"GILBERTO, Joao - Bossa nova (LP+CD) - (LP) | Guerssen","isPartOf":{"@id":"https:\/\/wpguerssen-test.odoo.rgbconsulting.com\/es\/#website"},"primaryImageOfPage":{"@id":"https:\/\/wpguerssen-test.odoo.rgbconsulting.com\/es\/producto\/bossa-nova-lpcd\/#primaryimage"},"image":{"@id":"https:\/\/wpguerssen-test.odoo.rgbconsulting.com\/es\/producto\/bossa-nova-lpcd\/#primaryimage"},"thumbnailUrl":"https:\/\/wpguerssen-test.odoo.rgbconsulting.com\/wp-content\/uploads\/2023\/10\/45680.jpg","datePublished":"2023-10-29T23:00:00+00:00","dateModified":"2025-03-31T16:44:15+00:00","description":"\"Originally released in 1961 as Joao Gilberto, this historic album is one of the great cornerstones of bossa nova. Accompanied by Tom Jobim (who wrote such standards as 'Garota de Ipanema' and 'Desafinado') and organist Walter Wanderley (best known for his smooth Hammond playing and the 1966 hit 'Summer Samba'), Gilberto plays songs like 'Samba da minha terra' and 'O amor em paz,' both of which (along with most of the songs on this album) would soon become standards of the genre.\" On 180 gram vinyl with a CD of the entire album.","breadcrumb":{"@id":"https:\/\/wpguerssen-test.odoo.rgbconsulting.com\/es\/producto\/bossa-nova-lpcd\/#breadcrumb"},"inLanguage":"es","potentialAction":[{"@type":"ReadAction","target":["https:\/\/wpguerssen-test.odoo.rgbconsulting.com\/es\/producto\/bossa-nova-lpcd\/"]}]},{"@type":"ImageObject","inLanguage":"es","@id":"https:\/\/wpguerssen-test.odoo.rgbconsulting.com\/es\/producto\/bossa-nova-lpcd\/#primaryimage","url":"https:\/\/wpguerssen-test.odoo.rgbconsulting.com\/wp-content\/uploads\/2023\/10\/45680.jpg","contentUrl":"https:\/\/wpguerssen-test.odoo.rgbconsulting.com\/wp-content\/uploads\/2023\/10\/45680.jpg","width":550,"height":550,"caption":"Joao - Bossa nova (LP+CD) - DOXY (LP) | Guerssen"},{"@type":"BreadcrumbList","@id":"https:\/\/wpguerssen-test.odoo.rgbconsulting.com\/es\/producto\/bossa-nova-lpcd\/#breadcrumb","itemListElement":[{"@type":"ListItem","position":1,"name":"Inicio","item":"https:\/\/wpguerssen-test.odoo.rgbconsulting.com\/es\/"},{"@type":"ListItem","position":2,"name":"Shop","item":"https:\/\/wpguerssen-test.odoo.rgbconsulting.com\/shop\/"},{"@type":"ListItem","position":3,"name":"Bossa nova (LP+CD)"}]},{"@type":"WebSite","@id":"https:\/\/wpguerssen-test.odoo.rgbconsulting.com\/es\/#website","url":"https:\/\/wpguerssen-test.odoo.rgbconsulting.com\/es\/","name":"Guerssen records","description":"psychedelia - progressive - folk - garage ","publisher":{"@id":"https:\/\/wpguerssen-test.odoo.rgbconsulting.com\/es\/#organization"},"potentialAction":[{"@type":"SearchAction","target":{"@type":"EntryPoint","urlTemplate":"https:\/\/wpguerssen-test.odoo.rgbconsulting.com\/es\/?s={search_term_string}"},"query-input":{"@type":"PropertyValueSpecification","valueRequired":true,"valueName":"search_term_string"}}],"inLanguage":"es"},{"@type":"Organization","@id":"https:\/\/wpguerssen-test.odoo.rgbconsulting.com\/es\/#organization","name":"Guerssen records","url":"https:\/\/wpguerssen-test.odoo.rgbconsulting.com\/es\/","logo":{"@type":"ImageObject","inLanguage":"es","@id":"https:\/\/wpguerssen-test.odoo.rgbconsulting.com\/es\/#\/schema\/logo\/image\/","url":"https:\/\/wpguerssen-test.odoo.rgbconsulting.com\/wp-content\/uploads\/2022\/04\/Logo_Guerssen_trans_100.png","contentUrl":"https:\/\/wpguerssen-test.odoo.rgbconsulting.com\/wp-content\/uploads\/2022\/04\/Logo_Guerssen_trans_100.png","width":122,"height":100,"caption":"Guerssen records"},"image":{"@id":"https:\/\/wpguerssen-test.odoo.rgbconsulting.com\/es\/#\/schema\/logo\/image\/"}}]}},"_links":{"self":[{"href":"https:\/\/wpguerssen-test.odoo.rgbconsulting.com\/es\/wp-json\/wp\/v2\/product\/242451","targetHints":{"allow":["GET"]}}],"collection":[{"href":"https:\/\/wpguerssen-test.odoo.rgbconsulting.com\/es\/wp-json\/wp\/v2\/product"}],"about":[{"href":"https:\/\/wpguerssen-test.odoo.rgbconsulting.com\/es\/wp-json\/wp\/v2\/types\/product"}],"wp:featuredmedia":[{"embeddable":true,"href":"https:\/\/wpguerssen-test.odoo.rgbconsulting.com\/es\/wp-json\/wp\/v2\/media\/242504"}],"wp:attachment":[{"href":"https:\/\/wpguerssen-test.odoo.rgbconsulting.com\/es\/wp-json\/wp\/v2\/media?parent=242451"}],"wp:term":[{"taxonomy":"product_brand","embeddable":true,"href":"https:\/\/wpguerssen-test.odoo.rgbconsulting.com\/es\/wp-json\/wp\/v2\/product_brand?post=242451"},{"taxonomy":"product_cat","embeddable":true,"href":"https:\/\/wpguerssen-test.odoo.rgbconsulting.com\/es\/wp-json\/wp\/v2\/product_cat?post=242451"},{"taxonomy":"product_tag","embeddable":true,"href":"https:\/\/wpguerssen-test.odoo.rgbconsulting.com\/es\/wp-json\/wp\/v2\/product_tag?post=242451"}],"curies":[{"name":"wp","href":"https:\/\/api.w.org\/{rel}","templated":true}]}}