{"id":242534,"date":"2023-10-30T00:00:00","date_gmt":"2023-10-29T23:00:00","guid":{"rendered":"https:\/\/wpguerssen-test.odoo.rgbconsulting.com\/product\/my-own-time-and-space\/"},"modified":"2024-12-11T17:28:23","modified_gmt":"2024-12-11T16:28:23","slug":"my-own-time-and-space","status":"publish","type":"product","link":"https:\/\/wpguerssen-test.odoo.rgbconsulting.com\/es\/producto\/my-own-time-and-space\/","title":{"rendered":"My Own Time And Space"},"content":{"rendered":"<p>De ascendencia filipina, el expresivo teclista, vocalista y compositor Flip Nu\u00f1ez disfrut\u00f3 de una variada carrera en el jazz. Despu\u00e9s de respaldar a Bev Kelly, Jon Hendricks y otros en la d\u00e9cada de 1960, N\u00fa\u00f1ez impact\u00f3 en el grupo de jazz-rock latino Azteca. El maravilloso My Own Time And Space, su \u00fanico \u00e1lbum en solitario, muestra su versatilidad; las cadencias latinas de Willie Col\u00f3n y el ex bajista de Santana, Tom Rutley, y los agudos fraseos de jazz del guitarrista Michael Howell y el baterista Vince Lateano constituyen un magn\u00edfico acompa\u00f1amiento para el piano y el sintetizador de N\u00fa\u00f1ez, reforzados por su emotiva voz. Un cl\u00e1sico perdido y que suena mejor con cada giro.<\/p>\n","protected":false},"excerpt":{"rendered":"<p>De ascendencia filipina, el expresivo teclista, vocalista y compositor Flip Nu\u00f1ez disfrut\u00f3 de una variada carrera en el jazz. Despu\u00e9s de respaldar a Bev Kelly,<a class=\"read\" href=\"https:\/\/wpguerssen-test.odoo.rgbconsulting.com\/es\/producto\/my-own-time-and-space\/\"> (...)<\/a>","protected":false},"featured_media":242478,"template":"","meta":{"_acf_changed":false},"product_brand":[],"product_cat":[23227],"product_tag":[24190],"class_list":{"0":"post-242534","1":"product","2":"type-product","3":"status-publish","4":"has-post-thumbnail","6":"product_cat-jazz-es","7":"product_tag-sales-es","8":"pa_artist-nunez-flip","9":"pa_format-lp-es","10":"pa_gender-jazz","11":"pa_label-trading-places","12":"pa_location-north-america-es","13":"pa_other-filters-vinyl-only-es","15":"first","16":"instock","17":"taxable","18":"shipping-taxable","19":"purchasable","20":"product-type-simple"},"acf":[],"yoast_head":"<!-- This site is optimized with the Yoast SEO plugin v24.9 - https:\/\/yoast.com\/wordpress\/plugins\/seo\/ -->\n<title>NU\u00d1EZ, Flip - My Own Time And Space -  (LP) | Guerssen<\/title>\n<meta name=\"description\" content=\"Of Filipino descent, the expressive keyboardist, vocalist, and composer Flip Nu\u00f1ez enjoyed a varied career in jazz. After backing Bev Kelly, Jon Hendricks, and others in the 1960s, Nu\u00f1ez impacted in the Latin jazz-rock act Azteca. The marvellous My Own Time And Space, his only solo album, showcases his versatility; the Latin cadences of Willie Colon and former Santana bassist Tom Rutley and the keen jazz phrasings of guitarist Michael Howell and drummer Vince Lateano make superb backing for Nu\u00f1ez&#039;s piano and synthesizer flourishes, bolstered by his emotive voice. A lost classic, and one that sounds better with every spin.\" \/>\n<meta name=\"robots\" content=\"index, follow, max-snippet:-1, max-image-preview:large, max-video-preview:-1\" \/>\n<link rel=\"canonical\" href=\"https:\/\/wpguerssen-test.odoo.rgbconsulting.com\/es\/producto\/my-own-time-and-space\/\" \/>\n<meta property=\"og:locale\" content=\"es_ES\" \/>\n<meta property=\"og:type\" content=\"article\" \/>\n<meta property=\"og:title\" content=\"NU\u00d1EZ, Flip - My Own Time And Space -  (LP) | Guerssen\" \/>\n<meta property=\"og:description\" content=\"Of Filipino descent, the expressive keyboardist, vocalist, and composer Flip Nu\u00f1ez enjoyed a varied career in jazz. After backing Bev Kelly, Jon Hendricks, and others in the 1960s, Nu\u00f1ez impacted in the Latin jazz-rock act Azteca. The marvellous My Own Time And Space, his only solo album, showcases his versatility; the Latin cadences of Willie Colon and former Santana bassist Tom Rutley and the keen jazz phrasings of guitarist Michael Howell and drummer Vince Lateano make superb backing for Nu\u00f1ez&#039;s piano and synthesizer flourishes, bolstered by his emotive voice. A lost classic, and one that sounds better with every spin.\" \/>\n<meta property=\"og:url\" content=\"https:\/\/wpguerssen-test.odoo.rgbconsulting.com\/es\/producto\/my-own-time-and-space\/\" \/>\n<meta property=\"og:site_name\" content=\"Guerssen records\" \/>\n<meta property=\"article:modified_time\" content=\"2024-12-11T16:28:23+00:00\" \/>\n<meta property=\"og:image\" content=\"https:\/\/wpguerssen-test.odoo.rgbconsulting.com\/wp-content\/uploads\/2023\/10\/45687.jpg\" \/>\n\t<meta property=\"og:image:width\" content=\"617\" \/>\n\t<meta property=\"og:image:height\" content=\"621\" \/>\n\t<meta property=\"og:image:type\" content=\"image\/jpeg\" \/>\n<meta name=\"twitter:card\" content=\"summary_large_image\" \/>\n<meta name=\"twitter:title\" content=\"NU\u00d1EZ, Flip - My Own Time And Space -  (LP) | Guerssen\" \/>\n<meta name=\"twitter:label1\" content=\"Tiempo de lectura\" \/>\n\t<meta name=\"twitter:data1\" content=\"1 minuto\" \/>\n<script type=\"application\/ld+json\" class=\"yoast-schema-graph\">{\"@context\":\"https:\/\/schema.org\",\"@graph\":[{\"@type\":\"WebPage\",\"@id\":\"https:\/\/wpguerssen-test.odoo.rgbconsulting.com\/es\/producto\/my-own-time-and-space\/\",\"url\":\"https:\/\/wpguerssen-test.odoo.rgbconsulting.com\/es\/producto\/my-own-time-and-space\/\",\"name\":\"NU\u00d1EZ, Flip - My Own Time And Space - (LP) | Guerssen\",\"isPartOf\":{\"@id\":\"https:\/\/wpguerssen-test.odoo.rgbconsulting.com\/es\/#website\"},\"primaryImageOfPage\":{\"@id\":\"https:\/\/wpguerssen-test.odoo.rgbconsulting.com\/es\/producto\/my-own-time-and-space\/#primaryimage\"},\"image\":{\"@id\":\"https:\/\/wpguerssen-test.odoo.rgbconsulting.com\/es\/producto\/my-own-time-and-space\/#primaryimage\"},\"thumbnailUrl\":\"https:\/\/wpguerssen-test.odoo.rgbconsulting.com\/wp-content\/uploads\/2023\/10\/45687.jpg\",\"datePublished\":\"2023-10-29T23:00:00+00:00\",\"dateModified\":\"2024-12-11T16:28:23+00:00\",\"description\":\"Of Filipino descent, the expressive keyboardist, vocalist, and composer Flip Nu\u00f1ez enjoyed a varied career in jazz. After backing Bev Kelly, Jon Hendricks, and others in the 1960s, Nu\u00f1ez impacted in the Latin jazz-rock act Azteca. The marvellous My Own Time And Space, his only solo album, showcases his versatility; the Latin cadences of Willie Colon and former Santana bassist Tom Rutley and the keen jazz phrasings of guitarist Michael Howell and drummer Vince Lateano make superb backing for Nu\u00f1ez's piano and synthesizer flourishes, bolstered by his emotive voice. A lost classic, and one that sounds better with every spin.\",\"breadcrumb\":{\"@id\":\"https:\/\/wpguerssen-test.odoo.rgbconsulting.com\/es\/producto\/my-own-time-and-space\/#breadcrumb\"},\"inLanguage\":\"es\",\"potentialAction\":[{\"@type\":\"ReadAction\",\"target\":[\"https:\/\/wpguerssen-test.odoo.rgbconsulting.com\/es\/producto\/my-own-time-and-space\/\"]}]},{\"@type\":\"ImageObject\",\"inLanguage\":\"es\",\"@id\":\"https:\/\/wpguerssen-test.odoo.rgbconsulting.com\/es\/producto\/my-own-time-and-space\/#primaryimage\",\"url\":\"https:\/\/wpguerssen-test.odoo.rgbconsulting.com\/wp-content\/uploads\/2023\/10\/45687.jpg\",\"contentUrl\":\"https:\/\/wpguerssen-test.odoo.rgbconsulting.com\/wp-content\/uploads\/2023\/10\/45687.jpg\",\"width\":617,\"height\":621,\"caption\":\"Flip - My Own Time And Space - TRADING PLACES (LP) | Guerssen\"},{\"@type\":\"BreadcrumbList\",\"@id\":\"https:\/\/wpguerssen-test.odoo.rgbconsulting.com\/es\/producto\/my-own-time-and-space\/#breadcrumb\",\"itemListElement\":[{\"@type\":\"ListItem\",\"position\":1,\"name\":\"Inicio\",\"item\":\"https:\/\/wpguerssen-test.odoo.rgbconsulting.com\/es\/\"},{\"@type\":\"ListItem\",\"position\":2,\"name\":\"Shop\",\"item\":\"https:\/\/wpguerssen-test.odoo.rgbconsulting.com\/shop\/\"},{\"@type\":\"ListItem\",\"position\":3,\"name\":\"My Own Time And Space\"}]},{\"@type\":\"WebSite\",\"@id\":\"https:\/\/wpguerssen-test.odoo.rgbconsulting.com\/es\/#website\",\"url\":\"https:\/\/wpguerssen-test.odoo.rgbconsulting.com\/es\/\",\"name\":\"Guerssen records\",\"description\":\"psychedelia - progressive - folk - garage \",\"publisher\":{\"@id\":\"https:\/\/wpguerssen-test.odoo.rgbconsulting.com\/es\/#organization\"},\"potentialAction\":[{\"@type\":\"SearchAction\",\"target\":{\"@type\":\"EntryPoint\",\"urlTemplate\":\"https:\/\/wpguerssen-test.odoo.rgbconsulting.com\/es\/?s={search_term_string}\"},\"query-input\":{\"@type\":\"PropertyValueSpecification\",\"valueRequired\":true,\"valueName\":\"search_term_string\"}}],\"inLanguage\":\"es\"},{\"@type\":\"Organization\",\"@id\":\"https:\/\/wpguerssen-test.odoo.rgbconsulting.com\/es\/#organization\",\"name\":\"Guerssen records\",\"url\":\"https:\/\/wpguerssen-test.odoo.rgbconsulting.com\/es\/\",\"logo\":{\"@type\":\"ImageObject\",\"inLanguage\":\"es\",\"@id\":\"https:\/\/wpguerssen-test.odoo.rgbconsulting.com\/es\/#\/schema\/logo\/image\/\",\"url\":\"https:\/\/wpguerssen-test.odoo.rgbconsulting.com\/wp-content\/uploads\/2022\/04\/Logo_Guerssen_trans_100.png\",\"contentUrl\":\"https:\/\/wpguerssen-test.odoo.rgbconsulting.com\/wp-content\/uploads\/2022\/04\/Logo_Guerssen_trans_100.png\",\"width\":122,\"height\":100,\"caption\":\"Guerssen records\"},\"image\":{\"@id\":\"https:\/\/wpguerssen-test.odoo.rgbconsulting.com\/es\/#\/schema\/logo\/image\/\"}}]}<\/script>\n<!-- \/ Yoast SEO plugin. -->","yoast_head_json":{"title":"NU\u00d1EZ, Flip - My Own Time And Space -  (LP) | Guerssen","description":"Of Filipino descent, the expressive keyboardist, vocalist, and composer Flip Nu\u00f1ez enjoyed a varied career in jazz. After backing Bev Kelly, Jon Hendricks, and others in the 1960s, Nu\u00f1ez impacted in the Latin jazz-rock act Azteca. The marvellous My Own Time And Space, his only solo album, showcases his versatility; the Latin cadences of Willie Colon and former Santana bassist Tom Rutley and the keen jazz phrasings of guitarist Michael Howell and drummer Vince Lateano make superb backing for Nu\u00f1ez's piano and synthesizer flourishes, bolstered by his emotive voice. A lost classic, and one that sounds better with every spin.","robots":{"index":"index","follow":"follow","max-snippet":"max-snippet:-1","max-image-preview":"max-image-preview:large","max-video-preview":"max-video-preview:-1"},"canonical":"https:\/\/wpguerssen-test.odoo.rgbconsulting.com\/es\/producto\/my-own-time-and-space\/","og_locale":"es_ES","og_type":"article","og_title":"NU\u00d1EZ, Flip - My Own Time And Space -  (LP) | Guerssen","og_description":"Of Filipino descent, the expressive keyboardist, vocalist, and composer Flip Nu\u00f1ez enjoyed a varied career in jazz. After backing Bev Kelly, Jon Hendricks, and others in the 1960s, Nu\u00f1ez impacted in the Latin jazz-rock act Azteca. The marvellous My Own Time And Space, his only solo album, showcases his versatility; the Latin cadences of Willie Colon and former Santana bassist Tom Rutley and the keen jazz phrasings of guitarist Michael Howell and drummer Vince Lateano make superb backing for Nu\u00f1ez's piano and synthesizer flourishes, bolstered by his emotive voice. A lost classic, and one that sounds better with every spin.","og_url":"https:\/\/wpguerssen-test.odoo.rgbconsulting.com\/es\/producto\/my-own-time-and-space\/","og_site_name":"Guerssen records","article_modified_time":"2024-12-11T16:28:23+00:00","og_image":[{"width":617,"height":621,"url":"https:\/\/wpguerssen-test.odoo.rgbconsulting.com\/wp-content\/uploads\/2023\/10\/45687.jpg","type":"image\/jpeg"}],"twitter_card":"summary_large_image","twitter_title":"NU\u00d1EZ, Flip - My Own Time And Space -  (LP) | Guerssen","twitter_misc":{"Tiempo de lectura":"1 minuto"},"schema":{"@context":"https:\/\/schema.org","@graph":[{"@type":"WebPage","@id":"https:\/\/wpguerssen-test.odoo.rgbconsulting.com\/es\/producto\/my-own-time-and-space\/","url":"https:\/\/wpguerssen-test.odoo.rgbconsulting.com\/es\/producto\/my-own-time-and-space\/","name":"NU\u00d1EZ, Flip - My Own Time And Space - (LP) | Guerssen","isPartOf":{"@id":"https:\/\/wpguerssen-test.odoo.rgbconsulting.com\/es\/#website"},"primaryImageOfPage":{"@id":"https:\/\/wpguerssen-test.odoo.rgbconsulting.com\/es\/producto\/my-own-time-and-space\/#primaryimage"},"image":{"@id":"https:\/\/wpguerssen-test.odoo.rgbconsulting.com\/es\/producto\/my-own-time-and-space\/#primaryimage"},"thumbnailUrl":"https:\/\/wpguerssen-test.odoo.rgbconsulting.com\/wp-content\/uploads\/2023\/10\/45687.jpg","datePublished":"2023-10-29T23:00:00+00:00","dateModified":"2024-12-11T16:28:23+00:00","description":"Of Filipino descent, the expressive keyboardist, vocalist, and composer Flip Nu\u00f1ez enjoyed a varied career in jazz. After backing Bev Kelly, Jon Hendricks, and others in the 1960s, Nu\u00f1ez impacted in the Latin jazz-rock act Azteca. The marvellous My Own Time And Space, his only solo album, showcases his versatility; the Latin cadences of Willie Colon and former Santana bassist Tom Rutley and the keen jazz phrasings of guitarist Michael Howell and drummer Vince Lateano make superb backing for Nu\u00f1ez's piano and synthesizer flourishes, bolstered by his emotive voice. A lost classic, and one that sounds better with every spin.","breadcrumb":{"@id":"https:\/\/wpguerssen-test.odoo.rgbconsulting.com\/es\/producto\/my-own-time-and-space\/#breadcrumb"},"inLanguage":"es","potentialAction":[{"@type":"ReadAction","target":["https:\/\/wpguerssen-test.odoo.rgbconsulting.com\/es\/producto\/my-own-time-and-space\/"]}]},{"@type":"ImageObject","inLanguage":"es","@id":"https:\/\/wpguerssen-test.odoo.rgbconsulting.com\/es\/producto\/my-own-time-and-space\/#primaryimage","url":"https:\/\/wpguerssen-test.odoo.rgbconsulting.com\/wp-content\/uploads\/2023\/10\/45687.jpg","contentUrl":"https:\/\/wpguerssen-test.odoo.rgbconsulting.com\/wp-content\/uploads\/2023\/10\/45687.jpg","width":617,"height":621,"caption":"Flip - My Own Time And Space - TRADING PLACES (LP) | Guerssen"},{"@type":"BreadcrumbList","@id":"https:\/\/wpguerssen-test.odoo.rgbconsulting.com\/es\/producto\/my-own-time-and-space\/#breadcrumb","itemListElement":[{"@type":"ListItem","position":1,"name":"Inicio","item":"https:\/\/wpguerssen-test.odoo.rgbconsulting.com\/es\/"},{"@type":"ListItem","position":2,"name":"Shop","item":"https:\/\/wpguerssen-test.odoo.rgbconsulting.com\/shop\/"},{"@type":"ListItem","position":3,"name":"My Own Time And Space"}]},{"@type":"WebSite","@id":"https:\/\/wpguerssen-test.odoo.rgbconsulting.com\/es\/#website","url":"https:\/\/wpguerssen-test.odoo.rgbconsulting.com\/es\/","name":"Guerssen records","description":"psychedelia - progressive - folk - garage ","publisher":{"@id":"https:\/\/wpguerssen-test.odoo.rgbconsulting.com\/es\/#organization"},"potentialAction":[{"@type":"SearchAction","target":{"@type":"EntryPoint","urlTemplate":"https:\/\/wpguerssen-test.odoo.rgbconsulting.com\/es\/?s={search_term_string}"},"query-input":{"@type":"PropertyValueSpecification","valueRequired":true,"valueName":"search_term_string"}}],"inLanguage":"es"},{"@type":"Organization","@id":"https:\/\/wpguerssen-test.odoo.rgbconsulting.com\/es\/#organization","name":"Guerssen records","url":"https:\/\/wpguerssen-test.odoo.rgbconsulting.com\/es\/","logo":{"@type":"ImageObject","inLanguage":"es","@id":"https:\/\/wpguerssen-test.odoo.rgbconsulting.com\/es\/#\/schema\/logo\/image\/","url":"https:\/\/wpguerssen-test.odoo.rgbconsulting.com\/wp-content\/uploads\/2022\/04\/Logo_Guerssen_trans_100.png","contentUrl":"https:\/\/wpguerssen-test.odoo.rgbconsulting.com\/wp-content\/uploads\/2022\/04\/Logo_Guerssen_trans_100.png","width":122,"height":100,"caption":"Guerssen records"},"image":{"@id":"https:\/\/wpguerssen-test.odoo.rgbconsulting.com\/es\/#\/schema\/logo\/image\/"}}]}},"_links":{"self":[{"href":"https:\/\/wpguerssen-test.odoo.rgbconsulting.com\/es\/wp-json\/wp\/v2\/product\/242534","targetHints":{"allow":["GET"]}}],"collection":[{"href":"https:\/\/wpguerssen-test.odoo.rgbconsulting.com\/es\/wp-json\/wp\/v2\/product"}],"about":[{"href":"https:\/\/wpguerssen-test.odoo.rgbconsulting.com\/es\/wp-json\/wp\/v2\/types\/product"}],"wp:featuredmedia":[{"embeddable":true,"href":"https:\/\/wpguerssen-test.odoo.rgbconsulting.com\/es\/wp-json\/wp\/v2\/media\/242478"}],"wp:attachment":[{"href":"https:\/\/wpguerssen-test.odoo.rgbconsulting.com\/es\/wp-json\/wp\/v2\/media?parent=242534"}],"wp:term":[{"taxonomy":"product_brand","embeddable":true,"href":"https:\/\/wpguerssen-test.odoo.rgbconsulting.com\/es\/wp-json\/wp\/v2\/product_brand?post=242534"},{"taxonomy":"product_cat","embeddable":true,"href":"https:\/\/wpguerssen-test.odoo.rgbconsulting.com\/es\/wp-json\/wp\/v2\/product_cat?post=242534"},{"taxonomy":"product_tag","embeddable":true,"href":"https:\/\/wpguerssen-test.odoo.rgbconsulting.com\/es\/wp-json\/wp\/v2\/product_tag?post=242534"}],"curies":[{"name":"wp","href":"https:\/\/api.w.org\/{rel}","templated":true}]}}