{"id":242536,"date":"2025-01-07T00:00:00","date_gmt":"2025-01-06T23:00:00","guid":{"rendered":"https:\/\/wpguerssen-test.odoo.rgbconsulting.com\/product\/after-the-rain\/"},"modified":"2025-03-28T12:36:39","modified_gmt":"2025-03-28T11:36:39","slug":"after-the-rain","status":"publish","type":"product","link":"https:\/\/wpguerssen-test.odoo.rgbconsulting.com\/es\/producto\/after-the-rain\/","title":{"rendered":"After The Rain"},"content":{"rendered":"<p>El pianista y director de orquesta Frank Strazzeri disfrut\u00f3 de una distinguida carrera en el jazz. Despu\u00e9s de respaldar a Billie Holliday y Woody Herman, Strazzeri se convirti\u00f3 en un pilar de la escena del jazz de la costa oeste. Su excelente \u00e1lbum After The Rain, lanzado por Catalyst en 1976, abarcaba diferentes estilos y estados de \u00e1nimo, el piano de Strazzeri y las melod\u00edas de sintetizador apoyadas por el excelente acompa\u00f1amiento de los ex alumnos de trompa de Herman, Sam Most y Bobby Shew, tocando junto al bajista de Cal Tjader, Harvey Newmark, y el percusionista Don Alias \u00bf\u00bfde Blood Sweat and Tears, con el hijo de Strazzeri, Steve, detr\u00e1s de la bater\u00eda. Otro LP de fina fusi\u00f3n de Strazzeri que est\u00e1 listo para ser redescubierto.<\/p>\n","protected":false},"excerpt":{"rendered":"<p>El pianista y director de orquesta Frank Strazzeri disfrut\u00f3 de una distinguida carrera en el jazz. Despu\u00e9s de respaldar a Billie Holliday y Woody Herman, Strazzeri<a class=\"read\" href=\"https:\/\/wpguerssen-test.odoo.rgbconsulting.com\/es\/producto\/after-the-rain\/\"> (...)<\/a>","protected":false},"featured_media":242484,"template":"","meta":{"_acf_changed":false},"product_brand":[],"product_cat":[23227],"product_tag":[24190],"class_list":{"0":"post-242536","1":"product","2":"type-product","3":"status-publish","4":"has-post-thumbnail","6":"product_cat-jazz-es","7":"product_tag-sales-es","8":"pa_artist-strazzeri-frank","9":"pa_format-lp-es","10":"pa_gender-jazz","11":"pa_label-trading-places","12":"pa_location-north-america-es","13":"pa_other-filters-vinyl-only-es","15":"first","16":"instock","17":"taxable","18":"shipping-taxable","19":"purchasable","20":"product-type-simple"},"acf":[],"yoast_head":"<!-- This site is optimized with the Yoast SEO plugin v24.9 - https:\/\/yoast.com\/wordpress\/plugins\/seo\/ -->\n<title>STRAZZERI, Frank - After The Rain -  (LP) | Guerssen<\/title>\n<meta name=\"description\" content=\"The pianist and bandleader Frank Strazzeri enjoyed a distinguished jazz career. After backing Billie Holliday and Woody Herman, Strazzeri became a mainstay of the west coast jazz scene. His excellent album After The Rain, released by Catalyst in 1976, straddled different styles and moods, Strazzeri&#039;s piano and synth melodies abetted by top accompaniment from Herman&#039;s horn alumni Sam Most and Bobby Shew, playing alongside Cal Tjader&#039;s bassist Harvey Newmark and percussionist Don Alias of Blood Sweat and Tears, with Strazzeri&#039;s son Steve behind the drumkit. Another fine fusion LP from Strazzeri that&#039;s ripe for rediscovery.\" \/>\n<meta name=\"robots\" content=\"index, follow, max-snippet:-1, max-image-preview:large, max-video-preview:-1\" \/>\n<link rel=\"canonical\" href=\"https:\/\/wpguerssen-test.odoo.rgbconsulting.com\/es\/producto\/after-the-rain\/\" \/>\n<meta property=\"og:locale\" content=\"es_ES\" \/>\n<meta property=\"og:type\" content=\"article\" \/>\n<meta property=\"og:title\" content=\"STRAZZERI, Frank - After The Rain -  (LP) | Guerssen\" \/>\n<meta property=\"og:description\" content=\"The pianist and bandleader Frank Strazzeri enjoyed a distinguished jazz career. After backing Billie Holliday and Woody Herman, Strazzeri became a mainstay of the west coast jazz scene. His excellent album After The Rain, released by Catalyst in 1976, straddled different styles and moods, Strazzeri&#039;s piano and synth melodies abetted by top accompaniment from Herman&#039;s horn alumni Sam Most and Bobby Shew, playing alongside Cal Tjader&#039;s bassist Harvey Newmark and percussionist Don Alias of Blood Sweat and Tears, with Strazzeri&#039;s son Steve behind the drumkit. Another fine fusion LP from Strazzeri that&#039;s ripe for rediscovery.\" \/>\n<meta property=\"og:url\" content=\"https:\/\/wpguerssen-test.odoo.rgbconsulting.com\/es\/producto\/after-the-rain\/\" \/>\n<meta property=\"og:site_name\" content=\"Guerssen records\" \/>\n<meta property=\"article:modified_time\" content=\"2025-03-28T11:36:39+00:00\" \/>\n<meta property=\"og:image\" content=\"https:\/\/wpguerssen-test.odoo.rgbconsulting.com\/wp-content\/uploads\/2023\/10\/45689.jpg\" \/>\n\t<meta property=\"og:image:width\" content=\"945\" \/>\n\t<meta property=\"og:image:height\" content=\"939\" \/>\n\t<meta property=\"og:image:type\" content=\"image\/jpeg\" \/>\n<meta name=\"twitter:card\" content=\"summary_large_image\" \/>\n<meta name=\"twitter:title\" content=\"STRAZZERI, Frank - After The Rain -  (LP) | Guerssen\" \/>\n<meta name=\"twitter:label1\" content=\"Tiempo de lectura\" \/>\n\t<meta name=\"twitter:data1\" content=\"1 minuto\" \/>\n<script type=\"application\/ld+json\" class=\"yoast-schema-graph\">{\"@context\":\"https:\/\/schema.org\",\"@graph\":[{\"@type\":\"WebPage\",\"@id\":\"https:\/\/wpguerssen-test.odoo.rgbconsulting.com\/es\/producto\/after-the-rain\/\",\"url\":\"https:\/\/wpguerssen-test.odoo.rgbconsulting.com\/es\/producto\/after-the-rain\/\",\"name\":\"STRAZZERI, Frank - After The Rain - (LP) | Guerssen\",\"isPartOf\":{\"@id\":\"https:\/\/wpguerssen-test.odoo.rgbconsulting.com\/es\/#website\"},\"primaryImageOfPage\":{\"@id\":\"https:\/\/wpguerssen-test.odoo.rgbconsulting.com\/es\/producto\/after-the-rain\/#primaryimage\"},\"image\":{\"@id\":\"https:\/\/wpguerssen-test.odoo.rgbconsulting.com\/es\/producto\/after-the-rain\/#primaryimage\"},\"thumbnailUrl\":\"https:\/\/wpguerssen-test.odoo.rgbconsulting.com\/wp-content\/uploads\/2023\/10\/45689.jpg\",\"datePublished\":\"2025-01-06T23:00:00+00:00\",\"dateModified\":\"2025-03-28T11:36:39+00:00\",\"description\":\"The pianist and bandleader Frank Strazzeri enjoyed a distinguished jazz career. After backing Billie Holliday and Woody Herman, Strazzeri became a mainstay of the west coast jazz scene. His excellent album After The Rain, released by Catalyst in 1976, straddled different styles and moods, Strazzeri's piano and synth melodies abetted by top accompaniment from Herman's horn alumni Sam Most and Bobby Shew, playing alongside Cal Tjader's bassist Harvey Newmark and percussionist Don Alias of Blood Sweat and Tears, with Strazzeri's son Steve behind the drumkit. Another fine fusion LP from Strazzeri that's ripe for rediscovery.\",\"breadcrumb\":{\"@id\":\"https:\/\/wpguerssen-test.odoo.rgbconsulting.com\/es\/producto\/after-the-rain\/#breadcrumb\"},\"inLanguage\":\"es\",\"potentialAction\":[{\"@type\":\"ReadAction\",\"target\":[\"https:\/\/wpguerssen-test.odoo.rgbconsulting.com\/es\/producto\/after-the-rain\/\"]}]},{\"@type\":\"ImageObject\",\"inLanguage\":\"es\",\"@id\":\"https:\/\/wpguerssen-test.odoo.rgbconsulting.com\/es\/producto\/after-the-rain\/#primaryimage\",\"url\":\"https:\/\/wpguerssen-test.odoo.rgbconsulting.com\/wp-content\/uploads\/2023\/10\/45689.jpg\",\"contentUrl\":\"https:\/\/wpguerssen-test.odoo.rgbconsulting.com\/wp-content\/uploads\/2023\/10\/45689.jpg\",\"width\":945,\"height\":939,\"caption\":\"Frank - After The Rain - TRADING PLACES (LP) | Guerssen\"},{\"@type\":\"BreadcrumbList\",\"@id\":\"https:\/\/wpguerssen-test.odoo.rgbconsulting.com\/es\/producto\/after-the-rain\/#breadcrumb\",\"itemListElement\":[{\"@type\":\"ListItem\",\"position\":1,\"name\":\"Inicio\",\"item\":\"https:\/\/wpguerssen-test.odoo.rgbconsulting.com\/es\/\"},{\"@type\":\"ListItem\",\"position\":2,\"name\":\"Shop\",\"item\":\"https:\/\/wpguerssen-test.odoo.rgbconsulting.com\/shop\/\"},{\"@type\":\"ListItem\",\"position\":3,\"name\":\"After The Rain\"}]},{\"@type\":\"WebSite\",\"@id\":\"https:\/\/wpguerssen-test.odoo.rgbconsulting.com\/es\/#website\",\"url\":\"https:\/\/wpguerssen-test.odoo.rgbconsulting.com\/es\/\",\"name\":\"Guerssen records\",\"description\":\"psychedelia - progressive - folk - garage \",\"publisher\":{\"@id\":\"https:\/\/wpguerssen-test.odoo.rgbconsulting.com\/es\/#organization\"},\"potentialAction\":[{\"@type\":\"SearchAction\",\"target\":{\"@type\":\"EntryPoint\",\"urlTemplate\":\"https:\/\/wpguerssen-test.odoo.rgbconsulting.com\/es\/?s={search_term_string}\"},\"query-input\":{\"@type\":\"PropertyValueSpecification\",\"valueRequired\":true,\"valueName\":\"search_term_string\"}}],\"inLanguage\":\"es\"},{\"@type\":\"Organization\",\"@id\":\"https:\/\/wpguerssen-test.odoo.rgbconsulting.com\/es\/#organization\",\"name\":\"Guerssen records\",\"url\":\"https:\/\/wpguerssen-test.odoo.rgbconsulting.com\/es\/\",\"logo\":{\"@type\":\"ImageObject\",\"inLanguage\":\"es\",\"@id\":\"https:\/\/wpguerssen-test.odoo.rgbconsulting.com\/es\/#\/schema\/logo\/image\/\",\"url\":\"https:\/\/wpguerssen-test.odoo.rgbconsulting.com\/wp-content\/uploads\/2022\/04\/Logo_Guerssen_trans_100.png\",\"contentUrl\":\"https:\/\/wpguerssen-test.odoo.rgbconsulting.com\/wp-content\/uploads\/2022\/04\/Logo_Guerssen_trans_100.png\",\"width\":122,\"height\":100,\"caption\":\"Guerssen records\"},\"image\":{\"@id\":\"https:\/\/wpguerssen-test.odoo.rgbconsulting.com\/es\/#\/schema\/logo\/image\/\"}}]}<\/script>\n<!-- \/ Yoast SEO plugin. -->","yoast_head_json":{"title":"STRAZZERI, Frank - After The Rain -  (LP) | Guerssen","description":"The pianist and bandleader Frank Strazzeri enjoyed a distinguished jazz career. After backing Billie Holliday and Woody Herman, Strazzeri became a mainstay of the west coast jazz scene. His excellent album After The Rain, released by Catalyst in 1976, straddled different styles and moods, Strazzeri's piano and synth melodies abetted by top accompaniment from Herman's horn alumni Sam Most and Bobby Shew, playing alongside Cal Tjader's bassist Harvey Newmark and percussionist Don Alias of Blood Sweat and Tears, with Strazzeri's son Steve behind the drumkit. Another fine fusion LP from Strazzeri that's ripe for rediscovery.","robots":{"index":"index","follow":"follow","max-snippet":"max-snippet:-1","max-image-preview":"max-image-preview:large","max-video-preview":"max-video-preview:-1"},"canonical":"https:\/\/wpguerssen-test.odoo.rgbconsulting.com\/es\/producto\/after-the-rain\/","og_locale":"es_ES","og_type":"article","og_title":"STRAZZERI, Frank - After The Rain -  (LP) | Guerssen","og_description":"The pianist and bandleader Frank Strazzeri enjoyed a distinguished jazz career. After backing Billie Holliday and Woody Herman, Strazzeri became a mainstay of the west coast jazz scene. His excellent album After The Rain, released by Catalyst in 1976, straddled different styles and moods, Strazzeri's piano and synth melodies abetted by top accompaniment from Herman's horn alumni Sam Most and Bobby Shew, playing alongside Cal Tjader's bassist Harvey Newmark and percussionist Don Alias of Blood Sweat and Tears, with Strazzeri's son Steve behind the drumkit. Another fine fusion LP from Strazzeri that's ripe for rediscovery.","og_url":"https:\/\/wpguerssen-test.odoo.rgbconsulting.com\/es\/producto\/after-the-rain\/","og_site_name":"Guerssen records","article_modified_time":"2025-03-28T11:36:39+00:00","og_image":[{"width":945,"height":939,"url":"https:\/\/wpguerssen-test.odoo.rgbconsulting.com\/wp-content\/uploads\/2023\/10\/45689.jpg","type":"image\/jpeg"}],"twitter_card":"summary_large_image","twitter_title":"STRAZZERI, Frank - After The Rain -  (LP) | Guerssen","twitter_misc":{"Tiempo de lectura":"1 minuto"},"schema":{"@context":"https:\/\/schema.org","@graph":[{"@type":"WebPage","@id":"https:\/\/wpguerssen-test.odoo.rgbconsulting.com\/es\/producto\/after-the-rain\/","url":"https:\/\/wpguerssen-test.odoo.rgbconsulting.com\/es\/producto\/after-the-rain\/","name":"STRAZZERI, Frank - After The Rain - (LP) | Guerssen","isPartOf":{"@id":"https:\/\/wpguerssen-test.odoo.rgbconsulting.com\/es\/#website"},"primaryImageOfPage":{"@id":"https:\/\/wpguerssen-test.odoo.rgbconsulting.com\/es\/producto\/after-the-rain\/#primaryimage"},"image":{"@id":"https:\/\/wpguerssen-test.odoo.rgbconsulting.com\/es\/producto\/after-the-rain\/#primaryimage"},"thumbnailUrl":"https:\/\/wpguerssen-test.odoo.rgbconsulting.com\/wp-content\/uploads\/2023\/10\/45689.jpg","datePublished":"2025-01-06T23:00:00+00:00","dateModified":"2025-03-28T11:36:39+00:00","description":"The pianist and bandleader Frank Strazzeri enjoyed a distinguished jazz career. After backing Billie Holliday and Woody Herman, Strazzeri became a mainstay of the west coast jazz scene. His excellent album After The Rain, released by Catalyst in 1976, straddled different styles and moods, Strazzeri's piano and synth melodies abetted by top accompaniment from Herman's horn alumni Sam Most and Bobby Shew, playing alongside Cal Tjader's bassist Harvey Newmark and percussionist Don Alias of Blood Sweat and Tears, with Strazzeri's son Steve behind the drumkit. Another fine fusion LP from Strazzeri that's ripe for rediscovery.","breadcrumb":{"@id":"https:\/\/wpguerssen-test.odoo.rgbconsulting.com\/es\/producto\/after-the-rain\/#breadcrumb"},"inLanguage":"es","potentialAction":[{"@type":"ReadAction","target":["https:\/\/wpguerssen-test.odoo.rgbconsulting.com\/es\/producto\/after-the-rain\/"]}]},{"@type":"ImageObject","inLanguage":"es","@id":"https:\/\/wpguerssen-test.odoo.rgbconsulting.com\/es\/producto\/after-the-rain\/#primaryimage","url":"https:\/\/wpguerssen-test.odoo.rgbconsulting.com\/wp-content\/uploads\/2023\/10\/45689.jpg","contentUrl":"https:\/\/wpguerssen-test.odoo.rgbconsulting.com\/wp-content\/uploads\/2023\/10\/45689.jpg","width":945,"height":939,"caption":"Frank - After The Rain - TRADING PLACES (LP) | Guerssen"},{"@type":"BreadcrumbList","@id":"https:\/\/wpguerssen-test.odoo.rgbconsulting.com\/es\/producto\/after-the-rain\/#breadcrumb","itemListElement":[{"@type":"ListItem","position":1,"name":"Inicio","item":"https:\/\/wpguerssen-test.odoo.rgbconsulting.com\/es\/"},{"@type":"ListItem","position":2,"name":"Shop","item":"https:\/\/wpguerssen-test.odoo.rgbconsulting.com\/shop\/"},{"@type":"ListItem","position":3,"name":"After The Rain"}]},{"@type":"WebSite","@id":"https:\/\/wpguerssen-test.odoo.rgbconsulting.com\/es\/#website","url":"https:\/\/wpguerssen-test.odoo.rgbconsulting.com\/es\/","name":"Guerssen records","description":"psychedelia - progressive - folk - garage ","publisher":{"@id":"https:\/\/wpguerssen-test.odoo.rgbconsulting.com\/es\/#organization"},"potentialAction":[{"@type":"SearchAction","target":{"@type":"EntryPoint","urlTemplate":"https:\/\/wpguerssen-test.odoo.rgbconsulting.com\/es\/?s={search_term_string}"},"query-input":{"@type":"PropertyValueSpecification","valueRequired":true,"valueName":"search_term_string"}}],"inLanguage":"es"},{"@type":"Organization","@id":"https:\/\/wpguerssen-test.odoo.rgbconsulting.com\/es\/#organization","name":"Guerssen records","url":"https:\/\/wpguerssen-test.odoo.rgbconsulting.com\/es\/","logo":{"@type":"ImageObject","inLanguage":"es","@id":"https:\/\/wpguerssen-test.odoo.rgbconsulting.com\/es\/#\/schema\/logo\/image\/","url":"https:\/\/wpguerssen-test.odoo.rgbconsulting.com\/wp-content\/uploads\/2022\/04\/Logo_Guerssen_trans_100.png","contentUrl":"https:\/\/wpguerssen-test.odoo.rgbconsulting.com\/wp-content\/uploads\/2022\/04\/Logo_Guerssen_trans_100.png","width":122,"height":100,"caption":"Guerssen records"},"image":{"@id":"https:\/\/wpguerssen-test.odoo.rgbconsulting.com\/es\/#\/schema\/logo\/image\/"}}]}},"_links":{"self":[{"href":"https:\/\/wpguerssen-test.odoo.rgbconsulting.com\/es\/wp-json\/wp\/v2\/product\/242536","targetHints":{"allow":["GET"]}}],"collection":[{"href":"https:\/\/wpguerssen-test.odoo.rgbconsulting.com\/es\/wp-json\/wp\/v2\/product"}],"about":[{"href":"https:\/\/wpguerssen-test.odoo.rgbconsulting.com\/es\/wp-json\/wp\/v2\/types\/product"}],"wp:featuredmedia":[{"embeddable":true,"href":"https:\/\/wpguerssen-test.odoo.rgbconsulting.com\/es\/wp-json\/wp\/v2\/media\/242484"}],"wp:attachment":[{"href":"https:\/\/wpguerssen-test.odoo.rgbconsulting.com\/es\/wp-json\/wp\/v2\/media?parent=242536"}],"wp:term":[{"taxonomy":"product_brand","embeddable":true,"href":"https:\/\/wpguerssen-test.odoo.rgbconsulting.com\/es\/wp-json\/wp\/v2\/product_brand?post=242536"},{"taxonomy":"product_cat","embeddable":true,"href":"https:\/\/wpguerssen-test.odoo.rgbconsulting.com\/es\/wp-json\/wp\/v2\/product_cat?post=242536"},{"taxonomy":"product_tag","embeddable":true,"href":"https:\/\/wpguerssen-test.odoo.rgbconsulting.com\/es\/wp-json\/wp\/v2\/product_tag?post=242536"}],"curies":[{"name":"wp","href":"https:\/\/api.w.org\/{rel}","templated":true}]}}