{"id":242540,"date":"2025-01-07T00:00:00","date_gmt":"2025-01-06T23:00:00","guid":{"rendered":"https:\/\/wpguerssen-test.odoo.rgbconsulting.com\/product\/zzebra\/"},"modified":"2025-04-09T14:06:49","modified_gmt":"2025-04-09T12:06:49","slug":"zzebra","status":"publish","type":"product","link":"https:\/\/wpguerssen-test.odoo.rgbconsulting.com\/es\/producto\/zzebra\/","title":{"rendered":"Zzebra"},"content":{"rendered":"<p>Fundada por miembros del grupo brit\u00e1nico de brass-rock IF con el ex percusionista de Osibisa Loughty Amao, Zzebra era un h\u00edbrido con visi\u00f3n de futuro que mezclaba jazz, rock y m\u00fasicas del mundo. El compositor y saxofonista jefe Dave Quincy mantiene los arreglos complejos y Loughty inyecta el elemento africano, el ex teclista de Elastic Band Gus Yeadon y el guitarrista John Terry agregan capas de inventiva mel\u00f3dica. Con un estilo de jazz progresivo que combina funk, blues y ritmos de \u00c1frica occidental, este fascinante LP habla de la contundente reputaci\u00f3n de Zzebra como un poderoso directo en vivo de la escena brit\u00e1nica de jazz fusi\u00f3n. \u00a1UNA GRAN ESCUCHA!<\/p>\n","protected":false},"excerpt":{"rendered":"<p>Fundada por miembros del grupo brit\u00e1nico de brass-rock IF con el ex percusionista de Osibisa Loughty Amao, Zzebra era un h\u00edbrido con visi\u00f3n de futuro que mezclaba<a class=\"read\" href=\"https:\/\/wpguerssen-test.odoo.rgbconsulting.com\/es\/producto\/zzebra\/\"> (...)<\/a>","protected":false},"featured_media":242496,"template":"","meta":{"_acf_changed":false},"product_brand":[],"product_cat":[23215,23229],"product_tag":[24190],"class_list":{"0":"post-242540","1":"product","2":"type-product","3":"status-publish","4":"has-post-thumbnail","6":"product_cat-progressive60s-70s-es","7":"product_cat-jazz-rock-es","8":"product_tag-sales-es","9":"pa_artist-zzebra","10":"pa_format-lp-es","11":"pa_gender-jazz-rock-progressive60s-70s","12":"pa_label-trading-places","13":"pa_location-uk-ireland-es","14":"pa_other-filters-vinyl-only-es","16":"first","17":"instock","18":"taxable","19":"shipping-taxable","20":"purchasable","21":"product-type-simple"},"acf":[],"yoast_head":"<!-- This site is optimized with the Yoast SEO plugin v24.9 - https:\/\/yoast.com\/wordpress\/plugins\/seo\/ -->\n<title>ZZEBRA - Zzebra -  (LP) | Guerssen<\/title>\n<meta name=\"description\" content=\"Established by members of the British brass-rock outfit IF with the former Osibisa percussionist Loughty Amao, Zzebra was a forward-thinking hybrid mixing jazz, rock, and world music. Chief songwriter\/saxophonist Dave Quincy keeps the arrangements complex and Loughty injects the African element, former Elastic Band keyboardist Gus Yeadon and guitarist John Terry adding layers of melodic inventiveness. Yielding a progressive jazz style that roped in funk, blues, and west African rhythms, this enthralling LP speaks to Zzebra&#039;s forceful reputation as a powerhouse live act of the British jazz fusion scene. A GREAT LISTEN!\" \/>\n<meta name=\"robots\" content=\"index, follow, max-snippet:-1, max-image-preview:large, max-video-preview:-1\" \/>\n<link rel=\"canonical\" href=\"https:\/\/wpguerssen-test.odoo.rgbconsulting.com\/es\/producto\/zzebra\/\" \/>\n<meta property=\"og:locale\" content=\"es_ES\" \/>\n<meta property=\"og:type\" content=\"article\" \/>\n<meta property=\"og:title\" content=\"ZZEBRA - Zzebra -  (LP) | Guerssen\" \/>\n<meta property=\"og:description\" content=\"Established by members of the British brass-rock outfit IF with the former Osibisa percussionist Loughty Amao, Zzebra was a forward-thinking hybrid mixing jazz, rock, and world music. Chief songwriter\/saxophonist Dave Quincy keeps the arrangements complex and Loughty injects the African element, former Elastic Band keyboardist Gus Yeadon and guitarist John Terry adding layers of melodic inventiveness. Yielding a progressive jazz style that roped in funk, blues, and west African rhythms, this enthralling LP speaks to Zzebra&#039;s forceful reputation as a powerhouse live act of the British jazz fusion scene. A GREAT LISTEN!\" \/>\n<meta property=\"og:url\" content=\"https:\/\/wpguerssen-test.odoo.rgbconsulting.com\/es\/producto\/zzebra\/\" \/>\n<meta property=\"og:site_name\" content=\"Guerssen records\" \/>\n<meta property=\"article:modified_time\" content=\"2025-04-09T12:06:49+00:00\" \/>\n<meta property=\"og:image\" content=\"https:\/\/wpguerssen-test.odoo.rgbconsulting.com\/wp-content\/uploads\/2023\/10\/45694.jpg\" \/>\n\t<meta property=\"og:image:width\" content=\"945\" \/>\n\t<meta property=\"og:image:height\" content=\"946\" \/>\n\t<meta property=\"og:image:type\" content=\"image\/jpeg\" \/>\n<meta name=\"twitter:card\" content=\"summary_large_image\" \/>\n<meta name=\"twitter:title\" content=\"ZZEBRA - Zzebra -  (LP) | Guerssen\" \/>\n<meta name=\"twitter:label1\" content=\"Tiempo de lectura\" \/>\n\t<meta name=\"twitter:data1\" content=\"1 minuto\" \/>\n<script type=\"application\/ld+json\" class=\"yoast-schema-graph\">{\"@context\":\"https:\/\/schema.org\",\"@graph\":[{\"@type\":\"WebPage\",\"@id\":\"https:\/\/wpguerssen-test.odoo.rgbconsulting.com\/es\/producto\/zzebra\/\",\"url\":\"https:\/\/wpguerssen-test.odoo.rgbconsulting.com\/es\/producto\/zzebra\/\",\"name\":\"ZZEBRA - Zzebra - (LP) | Guerssen\",\"isPartOf\":{\"@id\":\"https:\/\/wpguerssen-test.odoo.rgbconsulting.com\/es\/#website\"},\"primaryImageOfPage\":{\"@id\":\"https:\/\/wpguerssen-test.odoo.rgbconsulting.com\/es\/producto\/zzebra\/#primaryimage\"},\"image\":{\"@id\":\"https:\/\/wpguerssen-test.odoo.rgbconsulting.com\/es\/producto\/zzebra\/#primaryimage\"},\"thumbnailUrl\":\"https:\/\/wpguerssen-test.odoo.rgbconsulting.com\/wp-content\/uploads\/2023\/10\/45694.jpg\",\"datePublished\":\"2025-01-06T23:00:00+00:00\",\"dateModified\":\"2025-04-09T12:06:49+00:00\",\"description\":\"Established by members of the British brass-rock outfit IF with the former Osibisa percussionist Loughty Amao, Zzebra was a forward-thinking hybrid mixing jazz, rock, and world music. Chief songwriter\/saxophonist Dave Quincy keeps the arrangements complex and Loughty injects the African element, former Elastic Band keyboardist Gus Yeadon and guitarist John Terry adding layers of melodic inventiveness. Yielding a progressive jazz style that roped in funk, blues, and west African rhythms, this enthralling LP speaks to Zzebra's forceful reputation as a powerhouse live act of the British jazz fusion scene. A GREAT LISTEN!\",\"breadcrumb\":{\"@id\":\"https:\/\/wpguerssen-test.odoo.rgbconsulting.com\/es\/producto\/zzebra\/#breadcrumb\"},\"inLanguage\":\"es\",\"potentialAction\":[{\"@type\":\"ReadAction\",\"target\":[\"https:\/\/wpguerssen-test.odoo.rgbconsulting.com\/es\/producto\/zzebra\/\"]}]},{\"@type\":\"ImageObject\",\"inLanguage\":\"es\",\"@id\":\"https:\/\/wpguerssen-test.odoo.rgbconsulting.com\/es\/producto\/zzebra\/#primaryimage\",\"url\":\"https:\/\/wpguerssen-test.odoo.rgbconsulting.com\/wp-content\/uploads\/2023\/10\/45694.jpg\",\"contentUrl\":\"https:\/\/wpguerssen-test.odoo.rgbconsulting.com\/wp-content\/uploads\/2023\/10\/45694.jpg\",\"width\":945,\"height\":946},{\"@type\":\"BreadcrumbList\",\"@id\":\"https:\/\/wpguerssen-test.odoo.rgbconsulting.com\/es\/producto\/zzebra\/#breadcrumb\",\"itemListElement\":[{\"@type\":\"ListItem\",\"position\":1,\"name\":\"Inicio\",\"item\":\"https:\/\/wpguerssen-test.odoo.rgbconsulting.com\/es\/\"},{\"@type\":\"ListItem\",\"position\":2,\"name\":\"Shop\",\"item\":\"https:\/\/wpguerssen-test.odoo.rgbconsulting.com\/shop\/\"},{\"@type\":\"ListItem\",\"position\":3,\"name\":\"Zzebra\"}]},{\"@type\":\"WebSite\",\"@id\":\"https:\/\/wpguerssen-test.odoo.rgbconsulting.com\/es\/#website\",\"url\":\"https:\/\/wpguerssen-test.odoo.rgbconsulting.com\/es\/\",\"name\":\"Guerssen records\",\"description\":\"psychedelia - progressive - folk - garage \",\"publisher\":{\"@id\":\"https:\/\/wpguerssen-test.odoo.rgbconsulting.com\/es\/#organization\"},\"potentialAction\":[{\"@type\":\"SearchAction\",\"target\":{\"@type\":\"EntryPoint\",\"urlTemplate\":\"https:\/\/wpguerssen-test.odoo.rgbconsulting.com\/es\/?s={search_term_string}\"},\"query-input\":{\"@type\":\"PropertyValueSpecification\",\"valueRequired\":true,\"valueName\":\"search_term_string\"}}],\"inLanguage\":\"es\"},{\"@type\":\"Organization\",\"@id\":\"https:\/\/wpguerssen-test.odoo.rgbconsulting.com\/es\/#organization\",\"name\":\"Guerssen records\",\"url\":\"https:\/\/wpguerssen-test.odoo.rgbconsulting.com\/es\/\",\"logo\":{\"@type\":\"ImageObject\",\"inLanguage\":\"es\",\"@id\":\"https:\/\/wpguerssen-test.odoo.rgbconsulting.com\/es\/#\/schema\/logo\/image\/\",\"url\":\"https:\/\/wpguerssen-test.odoo.rgbconsulting.com\/wp-content\/uploads\/2022\/04\/Logo_Guerssen_trans_100.png\",\"contentUrl\":\"https:\/\/wpguerssen-test.odoo.rgbconsulting.com\/wp-content\/uploads\/2022\/04\/Logo_Guerssen_trans_100.png\",\"width\":122,\"height\":100,\"caption\":\"Guerssen records\"},\"image\":{\"@id\":\"https:\/\/wpguerssen-test.odoo.rgbconsulting.com\/es\/#\/schema\/logo\/image\/\"}}]}<\/script>\n<!-- \/ Yoast SEO plugin. -->","yoast_head_json":{"title":"ZZEBRA - Zzebra -  (LP) | Guerssen","description":"Established by members of the British brass-rock outfit IF with the former Osibisa percussionist Loughty Amao, Zzebra was a forward-thinking hybrid mixing jazz, rock, and world music. Chief songwriter\/saxophonist Dave Quincy keeps the arrangements complex and Loughty injects the African element, former Elastic Band keyboardist Gus Yeadon and guitarist John Terry adding layers of melodic inventiveness. Yielding a progressive jazz style that roped in funk, blues, and west African rhythms, this enthralling LP speaks to Zzebra's forceful reputation as a powerhouse live act of the British jazz fusion scene. A GREAT LISTEN!","robots":{"index":"index","follow":"follow","max-snippet":"max-snippet:-1","max-image-preview":"max-image-preview:large","max-video-preview":"max-video-preview:-1"},"canonical":"https:\/\/wpguerssen-test.odoo.rgbconsulting.com\/es\/producto\/zzebra\/","og_locale":"es_ES","og_type":"article","og_title":"ZZEBRA - Zzebra -  (LP) | Guerssen","og_description":"Established by members of the British brass-rock outfit IF with the former Osibisa percussionist Loughty Amao, Zzebra was a forward-thinking hybrid mixing jazz, rock, and world music. Chief songwriter\/saxophonist Dave Quincy keeps the arrangements complex and Loughty injects the African element, former Elastic Band keyboardist Gus Yeadon and guitarist John Terry adding layers of melodic inventiveness. Yielding a progressive jazz style that roped in funk, blues, and west African rhythms, this enthralling LP speaks to Zzebra's forceful reputation as a powerhouse live act of the British jazz fusion scene. A GREAT LISTEN!","og_url":"https:\/\/wpguerssen-test.odoo.rgbconsulting.com\/es\/producto\/zzebra\/","og_site_name":"Guerssen records","article_modified_time":"2025-04-09T12:06:49+00:00","og_image":[{"width":945,"height":946,"url":"https:\/\/wpguerssen-test.odoo.rgbconsulting.com\/wp-content\/uploads\/2023\/10\/45694.jpg","type":"image\/jpeg"}],"twitter_card":"summary_large_image","twitter_title":"ZZEBRA - Zzebra -  (LP) | Guerssen","twitter_misc":{"Tiempo de lectura":"1 minuto"},"schema":{"@context":"https:\/\/schema.org","@graph":[{"@type":"WebPage","@id":"https:\/\/wpguerssen-test.odoo.rgbconsulting.com\/es\/producto\/zzebra\/","url":"https:\/\/wpguerssen-test.odoo.rgbconsulting.com\/es\/producto\/zzebra\/","name":"ZZEBRA - Zzebra - (LP) | Guerssen","isPartOf":{"@id":"https:\/\/wpguerssen-test.odoo.rgbconsulting.com\/es\/#website"},"primaryImageOfPage":{"@id":"https:\/\/wpguerssen-test.odoo.rgbconsulting.com\/es\/producto\/zzebra\/#primaryimage"},"image":{"@id":"https:\/\/wpguerssen-test.odoo.rgbconsulting.com\/es\/producto\/zzebra\/#primaryimage"},"thumbnailUrl":"https:\/\/wpguerssen-test.odoo.rgbconsulting.com\/wp-content\/uploads\/2023\/10\/45694.jpg","datePublished":"2025-01-06T23:00:00+00:00","dateModified":"2025-04-09T12:06:49+00:00","description":"Established by members of the British brass-rock outfit IF with the former Osibisa percussionist Loughty Amao, Zzebra was a forward-thinking hybrid mixing jazz, rock, and world music. Chief songwriter\/saxophonist Dave Quincy keeps the arrangements complex and Loughty injects the African element, former Elastic Band keyboardist Gus Yeadon and guitarist John Terry adding layers of melodic inventiveness. Yielding a progressive jazz style that roped in funk, blues, and west African rhythms, this enthralling LP speaks to Zzebra's forceful reputation as a powerhouse live act of the British jazz fusion scene. A GREAT LISTEN!","breadcrumb":{"@id":"https:\/\/wpguerssen-test.odoo.rgbconsulting.com\/es\/producto\/zzebra\/#breadcrumb"},"inLanguage":"es","potentialAction":[{"@type":"ReadAction","target":["https:\/\/wpguerssen-test.odoo.rgbconsulting.com\/es\/producto\/zzebra\/"]}]},{"@type":"ImageObject","inLanguage":"es","@id":"https:\/\/wpguerssen-test.odoo.rgbconsulting.com\/es\/producto\/zzebra\/#primaryimage","url":"https:\/\/wpguerssen-test.odoo.rgbconsulting.com\/wp-content\/uploads\/2023\/10\/45694.jpg","contentUrl":"https:\/\/wpguerssen-test.odoo.rgbconsulting.com\/wp-content\/uploads\/2023\/10\/45694.jpg","width":945,"height":946},{"@type":"BreadcrumbList","@id":"https:\/\/wpguerssen-test.odoo.rgbconsulting.com\/es\/producto\/zzebra\/#breadcrumb","itemListElement":[{"@type":"ListItem","position":1,"name":"Inicio","item":"https:\/\/wpguerssen-test.odoo.rgbconsulting.com\/es\/"},{"@type":"ListItem","position":2,"name":"Shop","item":"https:\/\/wpguerssen-test.odoo.rgbconsulting.com\/shop\/"},{"@type":"ListItem","position":3,"name":"Zzebra"}]},{"@type":"WebSite","@id":"https:\/\/wpguerssen-test.odoo.rgbconsulting.com\/es\/#website","url":"https:\/\/wpguerssen-test.odoo.rgbconsulting.com\/es\/","name":"Guerssen records","description":"psychedelia - progressive - folk - garage ","publisher":{"@id":"https:\/\/wpguerssen-test.odoo.rgbconsulting.com\/es\/#organization"},"potentialAction":[{"@type":"SearchAction","target":{"@type":"EntryPoint","urlTemplate":"https:\/\/wpguerssen-test.odoo.rgbconsulting.com\/es\/?s={search_term_string}"},"query-input":{"@type":"PropertyValueSpecification","valueRequired":true,"valueName":"search_term_string"}}],"inLanguage":"es"},{"@type":"Organization","@id":"https:\/\/wpguerssen-test.odoo.rgbconsulting.com\/es\/#organization","name":"Guerssen records","url":"https:\/\/wpguerssen-test.odoo.rgbconsulting.com\/es\/","logo":{"@type":"ImageObject","inLanguage":"es","@id":"https:\/\/wpguerssen-test.odoo.rgbconsulting.com\/es\/#\/schema\/logo\/image\/","url":"https:\/\/wpguerssen-test.odoo.rgbconsulting.com\/wp-content\/uploads\/2022\/04\/Logo_Guerssen_trans_100.png","contentUrl":"https:\/\/wpguerssen-test.odoo.rgbconsulting.com\/wp-content\/uploads\/2022\/04\/Logo_Guerssen_trans_100.png","width":122,"height":100,"caption":"Guerssen records"},"image":{"@id":"https:\/\/wpguerssen-test.odoo.rgbconsulting.com\/es\/#\/schema\/logo\/image\/"}}]}},"_links":{"self":[{"href":"https:\/\/wpguerssen-test.odoo.rgbconsulting.com\/es\/wp-json\/wp\/v2\/product\/242540","targetHints":{"allow":["GET"]}}],"collection":[{"href":"https:\/\/wpguerssen-test.odoo.rgbconsulting.com\/es\/wp-json\/wp\/v2\/product"}],"about":[{"href":"https:\/\/wpguerssen-test.odoo.rgbconsulting.com\/es\/wp-json\/wp\/v2\/types\/product"}],"wp:featuredmedia":[{"embeddable":true,"href":"https:\/\/wpguerssen-test.odoo.rgbconsulting.com\/es\/wp-json\/wp\/v2\/media\/242496"}],"wp:attachment":[{"href":"https:\/\/wpguerssen-test.odoo.rgbconsulting.com\/es\/wp-json\/wp\/v2\/media?parent=242540"}],"wp:term":[{"taxonomy":"product_brand","embeddable":true,"href":"https:\/\/wpguerssen-test.odoo.rgbconsulting.com\/es\/wp-json\/wp\/v2\/product_brand?post=242540"},{"taxonomy":"product_cat","embeddable":true,"href":"https:\/\/wpguerssen-test.odoo.rgbconsulting.com\/es\/wp-json\/wp\/v2\/product_cat?post=242540"},{"taxonomy":"product_tag","embeddable":true,"href":"https:\/\/wpguerssen-test.odoo.rgbconsulting.com\/es\/wp-json\/wp\/v2\/product_tag?post=242540"}],"curies":[{"name":"wp","href":"https:\/\/api.w.org\/{rel}","templated":true}]}}