{"id":243348,"date":"2025-02-21T00:00:00","date_gmt":"2025-02-20T23:00:00","guid":{"rendered":"https:\/\/wpguerssen-test.odoo.rgbconsulting.com\/product\/john-coltrane-plays-the-blues\/"},"modified":"2025-03-19T16:28:57","modified_gmt":"2025-03-19T15:28:57","slug":"john-coltrane-plays-the-blues","status":"publish","type":"product","link":"https:\/\/wpguerssen-test.odoo.rgbconsulting.com\/es\/producto\/john-coltrane-plays-the-blues\/","title":{"rendered":"John Coltrane Plays The Blues"},"content":{"rendered":"<p>Edici\u00f3n limitada en vinilo Virgin de 180 gramos.<br \/>Down Beat Las sesiones de Coltrane para Atlantic a finales de octubre de 1960 fueron prol\u00edficas y produjeron el material para My Favourite Things, Coltrane Plays the Blues y Coltrane&#8217;s Sound. My Favourite Things estaba destinado a ser el m\u00e1s recordado e influyente de ellos, y aunque Coltrane Plays the Blues no es tan reconocido ni atrevido en el material, sigue siendo una sesi\u00f3n poderosa. En cuanto a la frase \u00abtoca blues\u00bb en el t\u00edtulo, no es tanto un indicador de que las melod\u00edas sean blues convencional (que no lo son). Es m\u00e1s indicativo de una sensibilidad al blues, ya sea que est\u00e9 tocando un saxof\u00f3n musculoso o, en \u00abBlues to Bechet\u00bb y \u00abMr. Syms\u00bb, el saxo soprano que suena m\u00e1s inusual (en ese momento). Elvin Jones, que no llevaba mucho tiempo en la banda de Coltrane, realmente destaca en los temas m\u00e1s r\u00e1pidos, como \u00abBlues to You\u00bb y \u00abMr. Day\u00bb.<\/p>\n","protected":false},"excerpt":{"rendered":"<p>Edici\u00f3n limitada en vinilo Virgin de 180 gramos.<br \/>Down Beat Las sesiones de Coltrane para Atlantic a finales de octubre de 1960 fueron prol\u00edficas y produjeron<a class=\"read\" href=\"https:\/\/wpguerssen-test.odoo.rgbconsulting.com\/es\/producto\/john-coltrane-plays-the-blues\/\"> (...)<\/a>","protected":false},"featured_media":243294,"template":"","meta":{"_acf_changed":false},"product_brand":[],"product_cat":[23227],"product_tag":[24185],"class_list":{"0":"post-243348","1":"product","2":"type-product","3":"status-publish","4":"has-post-thumbnail","6":"product_cat-jazz-es","7":"product_tag-de-nuevo-en-existencia","8":"pa_artist-coltrane-john-es","9":"pa_format-lp-es","10":"pa_gender-jazz","11":"pa_label-jazz-wax-records","12":"pa_location-north-america-es","13":"pa_other-filters-vinyl-only-es","15":"first","16":"instock","17":"taxable","18":"shipping-taxable","19":"purchasable","20":"product-type-simple"},"acf":[],"yoast_head":"<!-- This site is optimized with the Yoast SEO plugin v24.9 - https:\/\/yoast.com\/wordpress\/plugins\/seo\/ -->\n<title>COLTRANE, John - John Coltrane Plays The Blues -  (LP) | Guerssen<\/title>\n<meta name=\"description\" content=\"180-Gram Virgin Vinyl Limited Edition.Down Beat Coltrane&#039;s sessions for Atlantic in late October 1960 were prolific, yielding the material for My Favorite Things, Coltrane Plays the Blues, and Coltrane&#039;s Sound. My Favorite Things was destined to be the most remembered and influential of these, and while Coltrane Plays the Blues is not as renowned or daring in material, it is still a powerful session. As for the phrase &quot;plays the blues&quot; in the title, that&#039;s not so much an indicator that the tunes are conventional blues (which they aren&#039;t). It&#039;s more indicative of a bluesy sensibility, whether he is playing muscular saxophone or, on &quot;Blues to Bechet&quot; and &quot;Mr. Syms&quot;, the more unusual-sounding (at the time) soprano sax. Elvin Jones, who hadn&#039;t been in Coltrane&#039;s band long, really busts out on the quicker numbers, such as &quot;Blues to You&quot; and &quot;Mr. Day&quot;.\" \/>\n<meta name=\"robots\" content=\"index, follow, max-snippet:-1, max-image-preview:large, max-video-preview:-1\" \/>\n<link rel=\"canonical\" href=\"https:\/\/wpguerssen-test.odoo.rgbconsulting.com\/es\/producto\/john-coltrane-plays-the-blues\/\" \/>\n<meta property=\"og:locale\" content=\"es_ES\" \/>\n<meta property=\"og:type\" content=\"article\" \/>\n<meta property=\"og:title\" content=\"COLTRANE, John - John Coltrane Plays The Blues -  (LP) | Guerssen\" \/>\n<meta property=\"og:description\" content=\"180-Gram Virgin Vinyl Limited Edition.Down Beat Coltrane&#039;s sessions for Atlantic in late October 1960 were prolific, yielding the material for My Favorite Things, Coltrane Plays the Blues, and Coltrane&#039;s Sound. My Favorite Things was destined to be the most remembered and influential of these, and while Coltrane Plays the Blues is not as renowned or daring in material, it is still a powerful session. As for the phrase &quot;plays the blues&quot; in the title, that&#039;s not so much an indicator that the tunes are conventional blues (which they aren&#039;t). It&#039;s more indicative of a bluesy sensibility, whether he is playing muscular saxophone or, on &quot;Blues to Bechet&quot; and &quot;Mr. Syms&quot;, the more unusual-sounding (at the time) soprano sax. Elvin Jones, who hadn&#039;t been in Coltrane&#039;s band long, really busts out on the quicker numbers, such as &quot;Blues to You&quot; and &quot;Mr. Day&quot;.\" \/>\n<meta property=\"og:url\" content=\"https:\/\/wpguerssen-test.odoo.rgbconsulting.com\/es\/producto\/john-coltrane-plays-the-blues\/\" \/>\n<meta property=\"og:site_name\" content=\"Guerssen records\" \/>\n<meta property=\"article:modified_time\" content=\"2025-03-19T15:28:57+00:00\" \/>\n<meta property=\"og:image\" content=\"https:\/\/wpguerssen-test.odoo.rgbconsulting.com\/wp-content\/uploads\/2023\/10\/45704.jpg\" \/>\n\t<meta property=\"og:image:width\" content=\"340\" \/>\n\t<meta property=\"og:image:height\" content=\"340\" \/>\n\t<meta property=\"og:image:type\" content=\"image\/jpeg\" \/>\n<meta name=\"twitter:card\" content=\"summary_large_image\" \/>\n<meta name=\"twitter:title\" content=\"COLTRANE, John - John Coltrane Plays The Blues -  (LP) | Guerssen\" \/>\n<meta name=\"twitter:label1\" content=\"Tiempo de lectura\" \/>\n\t<meta name=\"twitter:data1\" content=\"1 minuto\" \/>\n<script type=\"application\/ld+json\" class=\"yoast-schema-graph\">{\"@context\":\"https:\/\/schema.org\",\"@graph\":[{\"@type\":\"WebPage\",\"@id\":\"https:\/\/wpguerssen-test.odoo.rgbconsulting.com\/es\/producto\/john-coltrane-plays-the-blues\/\",\"url\":\"https:\/\/wpguerssen-test.odoo.rgbconsulting.com\/es\/producto\/john-coltrane-plays-the-blues\/\",\"name\":\"COLTRANE, John - John Coltrane Plays The Blues - (LP) | Guerssen\",\"isPartOf\":{\"@id\":\"https:\/\/wpguerssen-test.odoo.rgbconsulting.com\/es\/#website\"},\"primaryImageOfPage\":{\"@id\":\"https:\/\/wpguerssen-test.odoo.rgbconsulting.com\/es\/producto\/john-coltrane-plays-the-blues\/#primaryimage\"},\"image\":{\"@id\":\"https:\/\/wpguerssen-test.odoo.rgbconsulting.com\/es\/producto\/john-coltrane-plays-the-blues\/#primaryimage\"},\"thumbnailUrl\":\"https:\/\/wpguerssen-test.odoo.rgbconsulting.com\/wp-content\/uploads\/2023\/10\/45704.jpg\",\"datePublished\":\"2025-02-20T23:00:00+00:00\",\"dateModified\":\"2025-03-19T15:28:57+00:00\",\"description\":\"180-Gram Virgin Vinyl Limited Edition.Down Beat Coltrane's sessions for Atlantic in late October 1960 were prolific, yielding the material for My Favorite Things, Coltrane Plays the Blues, and Coltrane's Sound. My Favorite Things was destined to be the most remembered and influential of these, and while Coltrane Plays the Blues is not as renowned or daring in material, it is still a powerful session. As for the phrase \\\"plays the blues\\\" in the title, that's not so much an indicator that the tunes are conventional blues (which they aren't). It's more indicative of a bluesy sensibility, whether he is playing muscular saxophone or, on \\\"Blues to Bechet\\\" and \\\"Mr. Syms\\\", the more unusual-sounding (at the time) soprano sax. Elvin Jones, who hadn't been in Coltrane's band long, really busts out on the quicker numbers, such as \\\"Blues to You\\\" and \\\"Mr. Day\\\".\",\"breadcrumb\":{\"@id\":\"https:\/\/wpguerssen-test.odoo.rgbconsulting.com\/es\/producto\/john-coltrane-plays-the-blues\/#breadcrumb\"},\"inLanguage\":\"es\",\"potentialAction\":[{\"@type\":\"ReadAction\",\"target\":[\"https:\/\/wpguerssen-test.odoo.rgbconsulting.com\/es\/producto\/john-coltrane-plays-the-blues\/\"]}]},{\"@type\":\"ImageObject\",\"inLanguage\":\"es\",\"@id\":\"https:\/\/wpguerssen-test.odoo.rgbconsulting.com\/es\/producto\/john-coltrane-plays-the-blues\/#primaryimage\",\"url\":\"https:\/\/wpguerssen-test.odoo.rgbconsulting.com\/wp-content\/uploads\/2023\/10\/45704.jpg\",\"contentUrl\":\"https:\/\/wpguerssen-test.odoo.rgbconsulting.com\/wp-content\/uploads\/2023\/10\/45704.jpg\",\"width\":340,\"height\":340,\"caption\":\"John - John Coltrane Plays The Blues - JAZZ WAX RECORDS (LP) | Guerssen\"},{\"@type\":\"BreadcrumbList\",\"@id\":\"https:\/\/wpguerssen-test.odoo.rgbconsulting.com\/es\/producto\/john-coltrane-plays-the-blues\/#breadcrumb\",\"itemListElement\":[{\"@type\":\"ListItem\",\"position\":1,\"name\":\"Inicio\",\"item\":\"https:\/\/wpguerssen-test.odoo.rgbconsulting.com\/es\/\"},{\"@type\":\"ListItem\",\"position\":2,\"name\":\"Shop\",\"item\":\"https:\/\/wpguerssen-test.odoo.rgbconsulting.com\/shop\/\"},{\"@type\":\"ListItem\",\"position\":3,\"name\":\"John Coltrane Plays The Blues\"}]},{\"@type\":\"WebSite\",\"@id\":\"https:\/\/wpguerssen-test.odoo.rgbconsulting.com\/es\/#website\",\"url\":\"https:\/\/wpguerssen-test.odoo.rgbconsulting.com\/es\/\",\"name\":\"Guerssen records\",\"description\":\"psychedelia - progressive - folk - garage \",\"publisher\":{\"@id\":\"https:\/\/wpguerssen-test.odoo.rgbconsulting.com\/es\/#organization\"},\"potentialAction\":[{\"@type\":\"SearchAction\",\"target\":{\"@type\":\"EntryPoint\",\"urlTemplate\":\"https:\/\/wpguerssen-test.odoo.rgbconsulting.com\/es\/?s={search_term_string}\"},\"query-input\":{\"@type\":\"PropertyValueSpecification\",\"valueRequired\":true,\"valueName\":\"search_term_string\"}}],\"inLanguage\":\"es\"},{\"@type\":\"Organization\",\"@id\":\"https:\/\/wpguerssen-test.odoo.rgbconsulting.com\/es\/#organization\",\"name\":\"Guerssen records\",\"url\":\"https:\/\/wpguerssen-test.odoo.rgbconsulting.com\/es\/\",\"logo\":{\"@type\":\"ImageObject\",\"inLanguage\":\"es\",\"@id\":\"https:\/\/wpguerssen-test.odoo.rgbconsulting.com\/es\/#\/schema\/logo\/image\/\",\"url\":\"https:\/\/wpguerssen-test.odoo.rgbconsulting.com\/wp-content\/uploads\/2022\/04\/Logo_Guerssen_trans_100.png\",\"contentUrl\":\"https:\/\/wpguerssen-test.odoo.rgbconsulting.com\/wp-content\/uploads\/2022\/04\/Logo_Guerssen_trans_100.png\",\"width\":122,\"height\":100,\"caption\":\"Guerssen records\"},\"image\":{\"@id\":\"https:\/\/wpguerssen-test.odoo.rgbconsulting.com\/es\/#\/schema\/logo\/image\/\"}}]}<\/script>\n<!-- \/ Yoast SEO plugin. -->","yoast_head_json":{"title":"COLTRANE, John - John Coltrane Plays The Blues -  (LP) | Guerssen","description":"180-Gram Virgin Vinyl Limited Edition.Down Beat Coltrane's sessions for Atlantic in late October 1960 were prolific, yielding the material for My Favorite Things, Coltrane Plays the Blues, and Coltrane's Sound. My Favorite Things was destined to be the most remembered and influential of these, and while Coltrane Plays the Blues is not as renowned or daring in material, it is still a powerful session. As for the phrase \"plays the blues\" in the title, that's not so much an indicator that the tunes are conventional blues (which they aren't). It's more indicative of a bluesy sensibility, whether he is playing muscular saxophone or, on \"Blues to Bechet\" and \"Mr. Syms\", the more unusual-sounding (at the time) soprano sax. Elvin Jones, who hadn't been in Coltrane's band long, really busts out on the quicker numbers, such as \"Blues to You\" and \"Mr. Day\".","robots":{"index":"index","follow":"follow","max-snippet":"max-snippet:-1","max-image-preview":"max-image-preview:large","max-video-preview":"max-video-preview:-1"},"canonical":"https:\/\/wpguerssen-test.odoo.rgbconsulting.com\/es\/producto\/john-coltrane-plays-the-blues\/","og_locale":"es_ES","og_type":"article","og_title":"COLTRANE, John - John Coltrane Plays The Blues -  (LP) | Guerssen","og_description":"180-Gram Virgin Vinyl Limited Edition.Down Beat Coltrane's sessions for Atlantic in late October 1960 were prolific, yielding the material for My Favorite Things, Coltrane Plays the Blues, and Coltrane's Sound. My Favorite Things was destined to be the most remembered and influential of these, and while Coltrane Plays the Blues is not as renowned or daring in material, it is still a powerful session. As for the phrase \"plays the blues\" in the title, that's not so much an indicator that the tunes are conventional blues (which they aren't). It's more indicative of a bluesy sensibility, whether he is playing muscular saxophone or, on \"Blues to Bechet\" and \"Mr. Syms\", the more unusual-sounding (at the time) soprano sax. Elvin Jones, who hadn't been in Coltrane's band long, really busts out on the quicker numbers, such as \"Blues to You\" and \"Mr. Day\".","og_url":"https:\/\/wpguerssen-test.odoo.rgbconsulting.com\/es\/producto\/john-coltrane-plays-the-blues\/","og_site_name":"Guerssen records","article_modified_time":"2025-03-19T15:28:57+00:00","og_image":[{"width":340,"height":340,"url":"https:\/\/wpguerssen-test.odoo.rgbconsulting.com\/wp-content\/uploads\/2023\/10\/45704.jpg","type":"image\/jpeg"}],"twitter_card":"summary_large_image","twitter_title":"COLTRANE, John - John Coltrane Plays The Blues -  (LP) | Guerssen","twitter_misc":{"Tiempo de lectura":"1 minuto"},"schema":{"@context":"https:\/\/schema.org","@graph":[{"@type":"WebPage","@id":"https:\/\/wpguerssen-test.odoo.rgbconsulting.com\/es\/producto\/john-coltrane-plays-the-blues\/","url":"https:\/\/wpguerssen-test.odoo.rgbconsulting.com\/es\/producto\/john-coltrane-plays-the-blues\/","name":"COLTRANE, John - John Coltrane Plays The Blues - (LP) | Guerssen","isPartOf":{"@id":"https:\/\/wpguerssen-test.odoo.rgbconsulting.com\/es\/#website"},"primaryImageOfPage":{"@id":"https:\/\/wpguerssen-test.odoo.rgbconsulting.com\/es\/producto\/john-coltrane-plays-the-blues\/#primaryimage"},"image":{"@id":"https:\/\/wpguerssen-test.odoo.rgbconsulting.com\/es\/producto\/john-coltrane-plays-the-blues\/#primaryimage"},"thumbnailUrl":"https:\/\/wpguerssen-test.odoo.rgbconsulting.com\/wp-content\/uploads\/2023\/10\/45704.jpg","datePublished":"2025-02-20T23:00:00+00:00","dateModified":"2025-03-19T15:28:57+00:00","description":"180-Gram Virgin Vinyl Limited Edition.Down Beat Coltrane's sessions for Atlantic in late October 1960 were prolific, yielding the material for My Favorite Things, Coltrane Plays the Blues, and Coltrane's Sound. My Favorite Things was destined to be the most remembered and influential of these, and while Coltrane Plays the Blues is not as renowned or daring in material, it is still a powerful session. As for the phrase \"plays the blues\" in the title, that's not so much an indicator that the tunes are conventional blues (which they aren't). It's more indicative of a bluesy sensibility, whether he is playing muscular saxophone or, on \"Blues to Bechet\" and \"Mr. Syms\", the more unusual-sounding (at the time) soprano sax. Elvin Jones, who hadn't been in Coltrane's band long, really busts out on the quicker numbers, such as \"Blues to You\" and \"Mr. Day\".","breadcrumb":{"@id":"https:\/\/wpguerssen-test.odoo.rgbconsulting.com\/es\/producto\/john-coltrane-plays-the-blues\/#breadcrumb"},"inLanguage":"es","potentialAction":[{"@type":"ReadAction","target":["https:\/\/wpguerssen-test.odoo.rgbconsulting.com\/es\/producto\/john-coltrane-plays-the-blues\/"]}]},{"@type":"ImageObject","inLanguage":"es","@id":"https:\/\/wpguerssen-test.odoo.rgbconsulting.com\/es\/producto\/john-coltrane-plays-the-blues\/#primaryimage","url":"https:\/\/wpguerssen-test.odoo.rgbconsulting.com\/wp-content\/uploads\/2023\/10\/45704.jpg","contentUrl":"https:\/\/wpguerssen-test.odoo.rgbconsulting.com\/wp-content\/uploads\/2023\/10\/45704.jpg","width":340,"height":340,"caption":"John - John Coltrane Plays The Blues - JAZZ WAX RECORDS (LP) | Guerssen"},{"@type":"BreadcrumbList","@id":"https:\/\/wpguerssen-test.odoo.rgbconsulting.com\/es\/producto\/john-coltrane-plays-the-blues\/#breadcrumb","itemListElement":[{"@type":"ListItem","position":1,"name":"Inicio","item":"https:\/\/wpguerssen-test.odoo.rgbconsulting.com\/es\/"},{"@type":"ListItem","position":2,"name":"Shop","item":"https:\/\/wpguerssen-test.odoo.rgbconsulting.com\/shop\/"},{"@type":"ListItem","position":3,"name":"John Coltrane Plays The Blues"}]},{"@type":"WebSite","@id":"https:\/\/wpguerssen-test.odoo.rgbconsulting.com\/es\/#website","url":"https:\/\/wpguerssen-test.odoo.rgbconsulting.com\/es\/","name":"Guerssen records","description":"psychedelia - progressive - folk - garage ","publisher":{"@id":"https:\/\/wpguerssen-test.odoo.rgbconsulting.com\/es\/#organization"},"potentialAction":[{"@type":"SearchAction","target":{"@type":"EntryPoint","urlTemplate":"https:\/\/wpguerssen-test.odoo.rgbconsulting.com\/es\/?s={search_term_string}"},"query-input":{"@type":"PropertyValueSpecification","valueRequired":true,"valueName":"search_term_string"}}],"inLanguage":"es"},{"@type":"Organization","@id":"https:\/\/wpguerssen-test.odoo.rgbconsulting.com\/es\/#organization","name":"Guerssen records","url":"https:\/\/wpguerssen-test.odoo.rgbconsulting.com\/es\/","logo":{"@type":"ImageObject","inLanguage":"es","@id":"https:\/\/wpguerssen-test.odoo.rgbconsulting.com\/es\/#\/schema\/logo\/image\/","url":"https:\/\/wpguerssen-test.odoo.rgbconsulting.com\/wp-content\/uploads\/2022\/04\/Logo_Guerssen_trans_100.png","contentUrl":"https:\/\/wpguerssen-test.odoo.rgbconsulting.com\/wp-content\/uploads\/2022\/04\/Logo_Guerssen_trans_100.png","width":122,"height":100,"caption":"Guerssen records"},"image":{"@id":"https:\/\/wpguerssen-test.odoo.rgbconsulting.com\/es\/#\/schema\/logo\/image\/"}}]}},"_links":{"self":[{"href":"https:\/\/wpguerssen-test.odoo.rgbconsulting.com\/es\/wp-json\/wp\/v2\/product\/243348","targetHints":{"allow":["GET"]}}],"collection":[{"href":"https:\/\/wpguerssen-test.odoo.rgbconsulting.com\/es\/wp-json\/wp\/v2\/product"}],"about":[{"href":"https:\/\/wpguerssen-test.odoo.rgbconsulting.com\/es\/wp-json\/wp\/v2\/types\/product"}],"wp:featuredmedia":[{"embeddable":true,"href":"https:\/\/wpguerssen-test.odoo.rgbconsulting.com\/es\/wp-json\/wp\/v2\/media\/243294"}],"wp:attachment":[{"href":"https:\/\/wpguerssen-test.odoo.rgbconsulting.com\/es\/wp-json\/wp\/v2\/media?parent=243348"}],"wp:term":[{"taxonomy":"product_brand","embeddable":true,"href":"https:\/\/wpguerssen-test.odoo.rgbconsulting.com\/es\/wp-json\/wp\/v2\/product_brand?post=243348"},{"taxonomy":"product_cat","embeddable":true,"href":"https:\/\/wpguerssen-test.odoo.rgbconsulting.com\/es\/wp-json\/wp\/v2\/product_cat?post=243348"},{"taxonomy":"product_tag","embeddable":true,"href":"https:\/\/wpguerssen-test.odoo.rgbconsulting.com\/es\/wp-json\/wp\/v2\/product_tag?post=243348"}],"curies":[{"name":"wp","href":"https:\/\/api.w.org\/{rel}","templated":true}]}}