{"id":243349,"date":"2023-10-27T00:00:00","date_gmt":"2023-10-26T22:00:00","guid":{"rendered":"https:\/\/wpguerssen-test.odoo.rgbconsulting.com\/product\/conversations-with-myself\/"},"modified":"2025-03-03T15:56:57","modified_gmt":"2025-03-03T14:56:57","slug":"conversations-with-myself","status":"publish","type":"product","link":"https:\/\/wpguerssen-test.odoo.rgbconsulting.com\/es\/producto\/conversations-with-myself\/","title":{"rendered":"Conversations With Myself"},"content":{"rendered":"<p>Que Bill Evans se aventurara con pianos sobregrabados para esta sesi\u00f3n fue en 1963 una ocasi\u00f3n hist\u00f3rica. Las sobregrabaciones eran raras en la \u00e9poca de las sesiones producidas por Rudy Van Gelder y Orrin Keepnews, que eran sacrosantas en su naturaleza in situ. Pero en 1963 estaba claro que muy, muy pocas personas pod\u00edan tocar como lo hac\u00eda Evans. Una vez que tuvo consigo mismo con quien tocar, qued\u00f3 muy claro por qu\u00e9 ten\u00eda una mente musical tan singular. Las melod\u00edas aqu\u00ed encajan como dos pares de dedos formando una cuna, y Evans baila las l\u00edneas, las hace fluir de manera irregular y las enreda para pintarse a s\u00ed mismo en constantes ataduras. Luego se escapa de las ataduras, tan ingeniosamente como lo hab\u00eda hecho el domingo en el Village Vanguard y Waltz for Debby con el legendario tr\u00edo formado por \u00e9l mismo, el bajista Scott LaFaro y el baterista Paul Motian. Esta es, con raz\u00f3n, una de las grabaciones m\u00e1s encantadoras del piano de jazz. &#8211;Andrew Bartlett<\/p>\n","protected":false},"excerpt":{"rendered":"<p>Que Bill Evans se aventurara con pianos sobregrabados para esta sesi\u00f3n fue en 1963 una ocasi\u00f3n hist\u00f3rica. Las sobregrabaciones eran raras en la \u00e9poca de las sesiones<a class=\"read\" href=\"https:\/\/wpguerssen-test.odoo.rgbconsulting.com\/es\/producto\/conversations-with-myself\/\"> (...)<\/a>","protected":false},"featured_media":243297,"template":"","meta":{"_acf_changed":false},"product_brand":[],"product_cat":[23227],"product_tag":[],"class_list":{"0":"post-243349","1":"product","2":"type-product","3":"status-publish","4":"has-post-thumbnail","6":"product_cat-jazz-es","7":"pa_artist-evans-bill","8":"pa_format-lp-es","9":"pa_gender-jazz","10":"pa_label-verve","11":"pa_location-north-america-es","12":"pa_other-filters-vinyl-only-es","14":"first","15":"instock","16":"taxable","17":"shipping-taxable","18":"purchasable","19":"product-type-simple"},"acf":[],"yoast_head":"<!-- This site is optimized with the Yoast SEO plugin v24.9 - https:\/\/yoast.com\/wordpress\/plugins\/seo\/ -->\n<title>EVANS, Bill - Conversations With Myself -  (LP) | Guerssen<\/title>\n<meta name=\"description\" content=\"That Bill Evans ventured into overdubbed pianos for this session was in 1963 a historic occasion. Overdubs were seldom in the age of Rudy Van Gelder- and Orrin Keepnews-produced sessions, which were sacrosanct in their on-the-spot nature. But by 1963 it was clear that very, very few people could play the way Evans did. Once he had himself to play along with, it was abundantly clear why he was so singular a musical mind. The melodies here fit together like two sets of fingers making a cradle, and Evans dances the lines, flows them irregularly, and entangles them so as to paint himself into constant binds. Then he escapes the binds, as artfully as he had done on Sunday at the Village Vanguard and Waltz for Debby with the legendary trio of himself, bassist Scott LaFaro, and drummer Paul Motian. This is rightly one of jazz piano&#039;s most enchanted recordings. --Andrew Bartlett\" \/>\n<meta name=\"robots\" content=\"index, follow, max-snippet:-1, max-image-preview:large, max-video-preview:-1\" \/>\n<link rel=\"canonical\" href=\"https:\/\/wpguerssen-test.odoo.rgbconsulting.com\/es\/producto\/conversations-with-myself\/\" \/>\n<meta property=\"og:locale\" content=\"es_ES\" \/>\n<meta property=\"og:type\" content=\"article\" \/>\n<meta property=\"og:title\" content=\"EVANS, Bill - Conversations With Myself -  (LP) | Guerssen\" \/>\n<meta property=\"og:description\" content=\"That Bill Evans ventured into overdubbed pianos for this session was in 1963 a historic occasion. Overdubs were seldom in the age of Rudy Van Gelder- and Orrin Keepnews-produced sessions, which were sacrosanct in their on-the-spot nature. But by 1963 it was clear that very, very few people could play the way Evans did. Once he had himself to play along with, it was abundantly clear why he was so singular a musical mind. The melodies here fit together like two sets of fingers making a cradle, and Evans dances the lines, flows them irregularly, and entangles them so as to paint himself into constant binds. Then he escapes the binds, as artfully as he had done on Sunday at the Village Vanguard and Waltz for Debby with the legendary trio of himself, bassist Scott LaFaro, and drummer Paul Motian. This is rightly one of jazz piano&#039;s most enchanted recordings. --Andrew Bartlett\" \/>\n<meta property=\"og:url\" content=\"https:\/\/wpguerssen-test.odoo.rgbconsulting.com\/es\/producto\/conversations-with-myself\/\" \/>\n<meta property=\"og:site_name\" content=\"Guerssen records\" \/>\n<meta property=\"article:modified_time\" content=\"2025-03-03T14:56:57+00:00\" \/>\n<meta property=\"og:image\" content=\"https:\/\/wpguerssen-test.odoo.rgbconsulting.com\/wp-content\/uploads\/2023\/10\/45705.jpg\" \/>\n\t<meta property=\"og:image:width\" content=\"337\" \/>\n\t<meta property=\"og:image:height\" content=\"337\" \/>\n\t<meta property=\"og:image:type\" content=\"image\/jpeg\" \/>\n<meta name=\"twitter:card\" content=\"summary_large_image\" \/>\n<meta name=\"twitter:title\" content=\"EVANS, Bill - Conversations With Myself -  (LP) | Guerssen\" \/>\n<meta name=\"twitter:label1\" content=\"Tiempo de lectura\" \/>\n\t<meta name=\"twitter:data1\" content=\"1 minuto\" \/>\n<script type=\"application\/ld+json\" class=\"yoast-schema-graph\">{\"@context\":\"https:\/\/schema.org\",\"@graph\":[{\"@type\":\"WebPage\",\"@id\":\"https:\/\/wpguerssen-test.odoo.rgbconsulting.com\/es\/producto\/conversations-with-myself\/\",\"url\":\"https:\/\/wpguerssen-test.odoo.rgbconsulting.com\/es\/producto\/conversations-with-myself\/\",\"name\":\"EVANS, Bill - Conversations With Myself - (LP) | Guerssen\",\"isPartOf\":{\"@id\":\"https:\/\/wpguerssen-test.odoo.rgbconsulting.com\/es\/#website\"},\"primaryImageOfPage\":{\"@id\":\"https:\/\/wpguerssen-test.odoo.rgbconsulting.com\/es\/producto\/conversations-with-myself\/#primaryimage\"},\"image\":{\"@id\":\"https:\/\/wpguerssen-test.odoo.rgbconsulting.com\/es\/producto\/conversations-with-myself\/#primaryimage\"},\"thumbnailUrl\":\"https:\/\/wpguerssen-test.odoo.rgbconsulting.com\/wp-content\/uploads\/2023\/10\/45705.jpg\",\"datePublished\":\"2023-10-26T22:00:00+00:00\",\"dateModified\":\"2025-03-03T14:56:57+00:00\",\"description\":\"That Bill Evans ventured into overdubbed pianos for this session was in 1963 a historic occasion. Overdubs were seldom in the age of Rudy Van Gelder- and Orrin Keepnews-produced sessions, which were sacrosanct in their on-the-spot nature. But by 1963 it was clear that very, very few people could play the way Evans did. Once he had himself to play along with, it was abundantly clear why he was so singular a musical mind. The melodies here fit together like two sets of fingers making a cradle, and Evans dances the lines, flows them irregularly, and entangles them so as to paint himself into constant binds. Then he escapes the binds, as artfully as he had done on Sunday at the Village Vanguard and Waltz for Debby with the legendary trio of himself, bassist Scott LaFaro, and drummer Paul Motian. This is rightly one of jazz piano's most enchanted recordings. --Andrew Bartlett\",\"breadcrumb\":{\"@id\":\"https:\/\/wpguerssen-test.odoo.rgbconsulting.com\/es\/producto\/conversations-with-myself\/#breadcrumb\"},\"inLanguage\":\"es\",\"potentialAction\":[{\"@type\":\"ReadAction\",\"target\":[\"https:\/\/wpguerssen-test.odoo.rgbconsulting.com\/es\/producto\/conversations-with-myself\/\"]}]},{\"@type\":\"ImageObject\",\"inLanguage\":\"es\",\"@id\":\"https:\/\/wpguerssen-test.odoo.rgbconsulting.com\/es\/producto\/conversations-with-myself\/#primaryimage\",\"url\":\"https:\/\/wpguerssen-test.odoo.rgbconsulting.com\/wp-content\/uploads\/2023\/10\/45705.jpg\",\"contentUrl\":\"https:\/\/wpguerssen-test.odoo.rgbconsulting.com\/wp-content\/uploads\/2023\/10\/45705.jpg\",\"width\":337,\"height\":337,\"caption\":\"Bill - Conversations With Myself - VERVE (LP) | Guerssen\"},{\"@type\":\"BreadcrumbList\",\"@id\":\"https:\/\/wpguerssen-test.odoo.rgbconsulting.com\/es\/producto\/conversations-with-myself\/#breadcrumb\",\"itemListElement\":[{\"@type\":\"ListItem\",\"position\":1,\"name\":\"Inicio\",\"item\":\"https:\/\/wpguerssen-test.odoo.rgbconsulting.com\/es\/\"},{\"@type\":\"ListItem\",\"position\":2,\"name\":\"Shop\",\"item\":\"https:\/\/wpguerssen-test.odoo.rgbconsulting.com\/shop\/\"},{\"@type\":\"ListItem\",\"position\":3,\"name\":\"Conversations With Myself\"}]},{\"@type\":\"WebSite\",\"@id\":\"https:\/\/wpguerssen-test.odoo.rgbconsulting.com\/es\/#website\",\"url\":\"https:\/\/wpguerssen-test.odoo.rgbconsulting.com\/es\/\",\"name\":\"Guerssen records\",\"description\":\"psychedelia - progressive - folk - garage \",\"publisher\":{\"@id\":\"https:\/\/wpguerssen-test.odoo.rgbconsulting.com\/es\/#organization\"},\"potentialAction\":[{\"@type\":\"SearchAction\",\"target\":{\"@type\":\"EntryPoint\",\"urlTemplate\":\"https:\/\/wpguerssen-test.odoo.rgbconsulting.com\/es\/?s={search_term_string}\"},\"query-input\":{\"@type\":\"PropertyValueSpecification\",\"valueRequired\":true,\"valueName\":\"search_term_string\"}}],\"inLanguage\":\"es\"},{\"@type\":\"Organization\",\"@id\":\"https:\/\/wpguerssen-test.odoo.rgbconsulting.com\/es\/#organization\",\"name\":\"Guerssen records\",\"url\":\"https:\/\/wpguerssen-test.odoo.rgbconsulting.com\/es\/\",\"logo\":{\"@type\":\"ImageObject\",\"inLanguage\":\"es\",\"@id\":\"https:\/\/wpguerssen-test.odoo.rgbconsulting.com\/es\/#\/schema\/logo\/image\/\",\"url\":\"https:\/\/wpguerssen-test.odoo.rgbconsulting.com\/wp-content\/uploads\/2022\/04\/Logo_Guerssen_trans_100.png\",\"contentUrl\":\"https:\/\/wpguerssen-test.odoo.rgbconsulting.com\/wp-content\/uploads\/2022\/04\/Logo_Guerssen_trans_100.png\",\"width\":122,\"height\":100,\"caption\":\"Guerssen records\"},\"image\":{\"@id\":\"https:\/\/wpguerssen-test.odoo.rgbconsulting.com\/es\/#\/schema\/logo\/image\/\"}}]}<\/script>\n<!-- \/ Yoast SEO plugin. -->","yoast_head_json":{"title":"EVANS, Bill - Conversations With Myself -  (LP) | Guerssen","description":"That Bill Evans ventured into overdubbed pianos for this session was in 1963 a historic occasion. Overdubs were seldom in the age of Rudy Van Gelder- and Orrin Keepnews-produced sessions, which were sacrosanct in their on-the-spot nature. But by 1963 it was clear that very, very few people could play the way Evans did. Once he had himself to play along with, it was abundantly clear why he was so singular a musical mind. The melodies here fit together like two sets of fingers making a cradle, and Evans dances the lines, flows them irregularly, and entangles them so as to paint himself into constant binds. Then he escapes the binds, as artfully as he had done on Sunday at the Village Vanguard and Waltz for Debby with the legendary trio of himself, bassist Scott LaFaro, and drummer Paul Motian. This is rightly one of jazz piano's most enchanted recordings. --Andrew Bartlett","robots":{"index":"index","follow":"follow","max-snippet":"max-snippet:-1","max-image-preview":"max-image-preview:large","max-video-preview":"max-video-preview:-1"},"canonical":"https:\/\/wpguerssen-test.odoo.rgbconsulting.com\/es\/producto\/conversations-with-myself\/","og_locale":"es_ES","og_type":"article","og_title":"EVANS, Bill - Conversations With Myself -  (LP) | Guerssen","og_description":"That Bill Evans ventured into overdubbed pianos for this session was in 1963 a historic occasion. Overdubs were seldom in the age of Rudy Van Gelder- and Orrin Keepnews-produced sessions, which were sacrosanct in their on-the-spot nature. But by 1963 it was clear that very, very few people could play the way Evans did. Once he had himself to play along with, it was abundantly clear why he was so singular a musical mind. The melodies here fit together like two sets of fingers making a cradle, and Evans dances the lines, flows them irregularly, and entangles them so as to paint himself into constant binds. Then he escapes the binds, as artfully as he had done on Sunday at the Village Vanguard and Waltz for Debby with the legendary trio of himself, bassist Scott LaFaro, and drummer Paul Motian. This is rightly one of jazz piano's most enchanted recordings. --Andrew Bartlett","og_url":"https:\/\/wpguerssen-test.odoo.rgbconsulting.com\/es\/producto\/conversations-with-myself\/","og_site_name":"Guerssen records","article_modified_time":"2025-03-03T14:56:57+00:00","og_image":[{"width":337,"height":337,"url":"https:\/\/wpguerssen-test.odoo.rgbconsulting.com\/wp-content\/uploads\/2023\/10\/45705.jpg","type":"image\/jpeg"}],"twitter_card":"summary_large_image","twitter_title":"EVANS, Bill - Conversations With Myself -  (LP) | Guerssen","twitter_misc":{"Tiempo de lectura":"1 minuto"},"schema":{"@context":"https:\/\/schema.org","@graph":[{"@type":"WebPage","@id":"https:\/\/wpguerssen-test.odoo.rgbconsulting.com\/es\/producto\/conversations-with-myself\/","url":"https:\/\/wpguerssen-test.odoo.rgbconsulting.com\/es\/producto\/conversations-with-myself\/","name":"EVANS, Bill - Conversations With Myself - (LP) | Guerssen","isPartOf":{"@id":"https:\/\/wpguerssen-test.odoo.rgbconsulting.com\/es\/#website"},"primaryImageOfPage":{"@id":"https:\/\/wpguerssen-test.odoo.rgbconsulting.com\/es\/producto\/conversations-with-myself\/#primaryimage"},"image":{"@id":"https:\/\/wpguerssen-test.odoo.rgbconsulting.com\/es\/producto\/conversations-with-myself\/#primaryimage"},"thumbnailUrl":"https:\/\/wpguerssen-test.odoo.rgbconsulting.com\/wp-content\/uploads\/2023\/10\/45705.jpg","datePublished":"2023-10-26T22:00:00+00:00","dateModified":"2025-03-03T14:56:57+00:00","description":"That Bill Evans ventured into overdubbed pianos for this session was in 1963 a historic occasion. Overdubs were seldom in the age of Rudy Van Gelder- and Orrin Keepnews-produced sessions, which were sacrosanct in their on-the-spot nature. But by 1963 it was clear that very, very few people could play the way Evans did. Once he had himself to play along with, it was abundantly clear why he was so singular a musical mind. The melodies here fit together like two sets of fingers making a cradle, and Evans dances the lines, flows them irregularly, and entangles them so as to paint himself into constant binds. Then he escapes the binds, as artfully as he had done on Sunday at the Village Vanguard and Waltz for Debby with the legendary trio of himself, bassist Scott LaFaro, and drummer Paul Motian. This is rightly one of jazz piano's most enchanted recordings. --Andrew Bartlett","breadcrumb":{"@id":"https:\/\/wpguerssen-test.odoo.rgbconsulting.com\/es\/producto\/conversations-with-myself\/#breadcrumb"},"inLanguage":"es","potentialAction":[{"@type":"ReadAction","target":["https:\/\/wpguerssen-test.odoo.rgbconsulting.com\/es\/producto\/conversations-with-myself\/"]}]},{"@type":"ImageObject","inLanguage":"es","@id":"https:\/\/wpguerssen-test.odoo.rgbconsulting.com\/es\/producto\/conversations-with-myself\/#primaryimage","url":"https:\/\/wpguerssen-test.odoo.rgbconsulting.com\/wp-content\/uploads\/2023\/10\/45705.jpg","contentUrl":"https:\/\/wpguerssen-test.odoo.rgbconsulting.com\/wp-content\/uploads\/2023\/10\/45705.jpg","width":337,"height":337,"caption":"Bill - Conversations With Myself - VERVE (LP) | Guerssen"},{"@type":"BreadcrumbList","@id":"https:\/\/wpguerssen-test.odoo.rgbconsulting.com\/es\/producto\/conversations-with-myself\/#breadcrumb","itemListElement":[{"@type":"ListItem","position":1,"name":"Inicio","item":"https:\/\/wpguerssen-test.odoo.rgbconsulting.com\/es\/"},{"@type":"ListItem","position":2,"name":"Shop","item":"https:\/\/wpguerssen-test.odoo.rgbconsulting.com\/shop\/"},{"@type":"ListItem","position":3,"name":"Conversations With Myself"}]},{"@type":"WebSite","@id":"https:\/\/wpguerssen-test.odoo.rgbconsulting.com\/es\/#website","url":"https:\/\/wpguerssen-test.odoo.rgbconsulting.com\/es\/","name":"Guerssen records","description":"psychedelia - progressive - folk - garage ","publisher":{"@id":"https:\/\/wpguerssen-test.odoo.rgbconsulting.com\/es\/#organization"},"potentialAction":[{"@type":"SearchAction","target":{"@type":"EntryPoint","urlTemplate":"https:\/\/wpguerssen-test.odoo.rgbconsulting.com\/es\/?s={search_term_string}"},"query-input":{"@type":"PropertyValueSpecification","valueRequired":true,"valueName":"search_term_string"}}],"inLanguage":"es"},{"@type":"Organization","@id":"https:\/\/wpguerssen-test.odoo.rgbconsulting.com\/es\/#organization","name":"Guerssen records","url":"https:\/\/wpguerssen-test.odoo.rgbconsulting.com\/es\/","logo":{"@type":"ImageObject","inLanguage":"es","@id":"https:\/\/wpguerssen-test.odoo.rgbconsulting.com\/es\/#\/schema\/logo\/image\/","url":"https:\/\/wpguerssen-test.odoo.rgbconsulting.com\/wp-content\/uploads\/2022\/04\/Logo_Guerssen_trans_100.png","contentUrl":"https:\/\/wpguerssen-test.odoo.rgbconsulting.com\/wp-content\/uploads\/2022\/04\/Logo_Guerssen_trans_100.png","width":122,"height":100,"caption":"Guerssen records"},"image":{"@id":"https:\/\/wpguerssen-test.odoo.rgbconsulting.com\/es\/#\/schema\/logo\/image\/"}}]}},"_links":{"self":[{"href":"https:\/\/wpguerssen-test.odoo.rgbconsulting.com\/es\/wp-json\/wp\/v2\/product\/243349","targetHints":{"allow":["GET"]}}],"collection":[{"href":"https:\/\/wpguerssen-test.odoo.rgbconsulting.com\/es\/wp-json\/wp\/v2\/product"}],"about":[{"href":"https:\/\/wpguerssen-test.odoo.rgbconsulting.com\/es\/wp-json\/wp\/v2\/types\/product"}],"wp:featuredmedia":[{"embeddable":true,"href":"https:\/\/wpguerssen-test.odoo.rgbconsulting.com\/es\/wp-json\/wp\/v2\/media\/243297"}],"wp:attachment":[{"href":"https:\/\/wpguerssen-test.odoo.rgbconsulting.com\/es\/wp-json\/wp\/v2\/media?parent=243349"}],"wp:term":[{"taxonomy":"product_brand","embeddable":true,"href":"https:\/\/wpguerssen-test.odoo.rgbconsulting.com\/es\/wp-json\/wp\/v2\/product_brand?post=243349"},{"taxonomy":"product_cat","embeddable":true,"href":"https:\/\/wpguerssen-test.odoo.rgbconsulting.com\/es\/wp-json\/wp\/v2\/product_cat?post=243349"},{"taxonomy":"product_tag","embeddable":true,"href":"https:\/\/wpguerssen-test.odoo.rgbconsulting.com\/es\/wp-json\/wp\/v2\/product_tag?post=243349"}],"curies":[{"name":"wp","href":"https:\/\/api.w.org\/{rel}","templated":true}]}}