{"id":243353,"date":"2025-03-25T00:00:00","date_gmt":"2025-03-24T23:00:00","guid":{"rendered":"https:\/\/wpguerssen-test.odoo.rgbconsulting.com\/product\/burglar-limited-gatefold\/"},"modified":"2025-03-27T18:30:51","modified_gmt":"2025-03-27T17:30:51","slug":"burglar-limited-gatefold","status":"publish","type":"product","link":"https:\/\/wpguerssen-test.odoo.rgbconsulting.com\/es\/producto\/burglar-limited-gatefold\/","title":{"rendered":"Burglar (Limited Gatefold)"},"content":{"rendered":"<p>Esto no es t\u00edpico de las grabaciones de Freddie King. Es mucho m\u00e1s funky que Getting Ready, Texas Cannoball o el material que grab\u00f3 durante los a\u00f1os 60. Eso es lo que lo hace tan especial. Cuando Albert King prob\u00f3 suerte con el funk de los 70, no funcion\u00f3 tan bien. En este disco Freddy demuestra lo vers\u00e1til que puede ser como cantante y guitarrista. Una pena que muriera antes de poder probar m\u00e1s grabaciones como esta. Las mejores canciones son Pack It Up y el instrumental Pulp Wood. Muchos cr\u00edticos que parec\u00edan querer que los m\u00fasicos de blues como Freddy se convirtieran en piezas de museo (preservando su m\u00fasica y apeg\u00e1ndose al blues puro) criticaron este disco y especialmente la banda de acompa\u00f1amiento funky. Deber\u00edan haber elogiado al chico por intentar algo diferente. Por cierto, \u00bfalguien sabe si el Bobby Tench que toca la guitarra r\u00edtmica en Burglar es el mismo Sr. Tench que era miembro del segundo grupo de Jeff Beck?<\/p>\n","protected":false},"excerpt":{"rendered":"<p>Esto no es t\u00edpico de las grabaciones de Freddie King. Es mucho m\u00e1s funky que Getting Ready, Texas Cannoball o el material que grab\u00f3 durante los a\u00f1os 60. Eso es<a class=\"read\" href=\"https:\/\/wpguerssen-test.odoo.rgbconsulting.com\/es\/producto\/burglar-limited-gatefold\/\"> (...)<\/a>","protected":false},"featured_media":243309,"template":"","meta":{"_acf_changed":false},"product_brand":[],"product_cat":[23262],"product_tag":[24185],"class_list":{"0":"post-243353","1":"product","2":"type-product","3":"status-publish","4":"has-post-thumbnail","6":"product_cat-blues-blues-rock-es","7":"product_tag-de-nuevo-en-existencia","8":"pa_artist-king-freddy","9":"pa_format-lp-es","10":"pa_gender-blues-blues-rock","11":"pa_label-rso","12":"pa_location-north-america-es","13":"pa_other-filters-vinyl-only-es","15":"first","16":"instock","17":"taxable","18":"shipping-taxable","19":"purchasable","20":"product-type-simple"},"acf":[],"yoast_head":"<!-- This site is optimized with the Yoast SEO plugin v24.9 - https:\/\/yoast.com\/wordpress\/plugins\/seo\/ -->\n<title>KING, Freddy - Burglar (Limited Gatefold) -  (LP) | Guerssen<\/title>\n<meta name=\"description\" content=\"This is not typical of Freddie King&#039;s recordings.It&#039;s a lot more funky than Getting Ready ,Texas Cannoball or the stuff he recorded during the 60&#039;s. Thats what makes it so special. When Albert King tried his hand at 70&#039;s funk it did not work as well as this. On this record Freddy shows what a versatile singer and guitarist he could be. A shame he died before he could try more recordings like this. The best songs are Pack It Up and the instrumental Pulp Wood. A lot of critics who seemed to want bluesmen like Freddy to become museum pieces (by preserving their music and sticking to pure Blues) were critical of this record and especially of the funky backing band. They should have been praising the guy for trying something different. By the way does anyone know if the Bobby Tench who plays rhythm guitar on Burglar is the same Mr Tench who was a member of the 2nd Jeff Beck Group?\" \/>\n<meta name=\"robots\" content=\"index, follow, max-snippet:-1, max-image-preview:large, max-video-preview:-1\" \/>\n<link rel=\"canonical\" href=\"https:\/\/wpguerssen-test.odoo.rgbconsulting.com\/es\/producto\/burglar-limited-gatefold\/\" \/>\n<meta property=\"og:locale\" content=\"es_ES\" \/>\n<meta property=\"og:type\" content=\"article\" \/>\n<meta property=\"og:title\" content=\"KING, Freddy - Burglar (Limited Gatefold) -  (LP) | Guerssen\" \/>\n<meta property=\"og:description\" content=\"This is not typical of Freddie King&#039;s recordings.It&#039;s a lot more funky than Getting Ready ,Texas Cannoball or the stuff he recorded during the 60&#039;s. Thats what makes it so special. When Albert King tried his hand at 70&#039;s funk it did not work as well as this. On this record Freddy shows what a versatile singer and guitarist he could be. A shame he died before he could try more recordings like this. The best songs are Pack It Up and the instrumental Pulp Wood. A lot of critics who seemed to want bluesmen like Freddy to become museum pieces (by preserving their music and sticking to pure Blues) were critical of this record and especially of the funky backing band. They should have been praising the guy for trying something different. By the way does anyone know if the Bobby Tench who plays rhythm guitar on Burglar is the same Mr Tench who was a member of the 2nd Jeff Beck Group?\" \/>\n<meta property=\"og:url\" content=\"https:\/\/wpguerssen-test.odoo.rgbconsulting.com\/es\/producto\/burglar-limited-gatefold\/\" \/>\n<meta property=\"og:site_name\" content=\"Guerssen records\" \/>\n<meta property=\"article:modified_time\" content=\"2025-03-27T17:30:51+00:00\" \/>\n<meta property=\"og:image\" content=\"https:\/\/wpguerssen-test.odoo.rgbconsulting.com\/wp-content\/uploads\/2023\/10\/45709.jpg\" \/>\n\t<meta property=\"og:image:width\" content=\"335\" \/>\n\t<meta property=\"og:image:height\" content=\"335\" \/>\n\t<meta property=\"og:image:type\" content=\"image\/jpeg\" \/>\n<meta name=\"twitter:card\" content=\"summary_large_image\" \/>\n<meta name=\"twitter:title\" content=\"KING, Freddy - Burglar (Limited Gatefold) -  (LP) | Guerssen\" \/>\n<meta name=\"twitter:label1\" content=\"Tiempo de lectura\" \/>\n\t<meta name=\"twitter:data1\" content=\"1 minuto\" \/>\n<script type=\"application\/ld+json\" class=\"yoast-schema-graph\">{\"@context\":\"https:\/\/schema.org\",\"@graph\":[{\"@type\":\"WebPage\",\"@id\":\"https:\/\/wpguerssen-test.odoo.rgbconsulting.com\/es\/producto\/burglar-limited-gatefold\/\",\"url\":\"https:\/\/wpguerssen-test.odoo.rgbconsulting.com\/es\/producto\/burglar-limited-gatefold\/\",\"name\":\"KING, Freddy - Burglar (Limited Gatefold) - (LP) | Guerssen\",\"isPartOf\":{\"@id\":\"https:\/\/wpguerssen-test.odoo.rgbconsulting.com\/es\/#website\"},\"primaryImageOfPage\":{\"@id\":\"https:\/\/wpguerssen-test.odoo.rgbconsulting.com\/es\/producto\/burglar-limited-gatefold\/#primaryimage\"},\"image\":{\"@id\":\"https:\/\/wpguerssen-test.odoo.rgbconsulting.com\/es\/producto\/burglar-limited-gatefold\/#primaryimage\"},\"thumbnailUrl\":\"https:\/\/wpguerssen-test.odoo.rgbconsulting.com\/wp-content\/uploads\/2023\/10\/45709.jpg\",\"datePublished\":\"2025-03-24T23:00:00+00:00\",\"dateModified\":\"2025-03-27T17:30:51+00:00\",\"description\":\"This is not typical of Freddie King's recordings.It's a lot more funky than Getting Ready ,Texas Cannoball or the stuff he recorded during the 60's. Thats what makes it so special. When Albert King tried his hand at 70's funk it did not work as well as this. On this record Freddy shows what a versatile singer and guitarist he could be. A shame he died before he could try more recordings like this. The best songs are Pack It Up and the instrumental Pulp Wood. A lot of critics who seemed to want bluesmen like Freddy to become museum pieces (by preserving their music and sticking to pure Blues) were critical of this record and especially of the funky backing band. They should have been praising the guy for trying something different. By the way does anyone know if the Bobby Tench who plays rhythm guitar on Burglar is the same Mr Tench who was a member of the 2nd Jeff Beck Group?\",\"breadcrumb\":{\"@id\":\"https:\/\/wpguerssen-test.odoo.rgbconsulting.com\/es\/producto\/burglar-limited-gatefold\/#breadcrumb\"},\"inLanguage\":\"es\",\"potentialAction\":[{\"@type\":\"ReadAction\",\"target\":[\"https:\/\/wpguerssen-test.odoo.rgbconsulting.com\/es\/producto\/burglar-limited-gatefold\/\"]}]},{\"@type\":\"ImageObject\",\"inLanguage\":\"es\",\"@id\":\"https:\/\/wpguerssen-test.odoo.rgbconsulting.com\/es\/producto\/burglar-limited-gatefold\/#primaryimage\",\"url\":\"https:\/\/wpguerssen-test.odoo.rgbconsulting.com\/wp-content\/uploads\/2023\/10\/45709.jpg\",\"contentUrl\":\"https:\/\/wpguerssen-test.odoo.rgbconsulting.com\/wp-content\/uploads\/2023\/10\/45709.jpg\",\"width\":335,\"height\":335,\"caption\":\"Freddy - Burglar (Limited Gatefold) - RSO (LP) | Guerssen\"},{\"@type\":\"BreadcrumbList\",\"@id\":\"https:\/\/wpguerssen-test.odoo.rgbconsulting.com\/es\/producto\/burglar-limited-gatefold\/#breadcrumb\",\"itemListElement\":[{\"@type\":\"ListItem\",\"position\":1,\"name\":\"Inicio\",\"item\":\"https:\/\/wpguerssen-test.odoo.rgbconsulting.com\/es\/\"},{\"@type\":\"ListItem\",\"position\":2,\"name\":\"Shop\",\"item\":\"https:\/\/wpguerssen-test.odoo.rgbconsulting.com\/shop\/\"},{\"@type\":\"ListItem\",\"position\":3,\"name\":\"Burglar (Limited Gatefold)\"}]},{\"@type\":\"WebSite\",\"@id\":\"https:\/\/wpguerssen-test.odoo.rgbconsulting.com\/es\/#website\",\"url\":\"https:\/\/wpguerssen-test.odoo.rgbconsulting.com\/es\/\",\"name\":\"Guerssen records\",\"description\":\"psychedelia - progressive - folk - garage \",\"publisher\":{\"@id\":\"https:\/\/wpguerssen-test.odoo.rgbconsulting.com\/es\/#organization\"},\"potentialAction\":[{\"@type\":\"SearchAction\",\"target\":{\"@type\":\"EntryPoint\",\"urlTemplate\":\"https:\/\/wpguerssen-test.odoo.rgbconsulting.com\/es\/?s={search_term_string}\"},\"query-input\":{\"@type\":\"PropertyValueSpecification\",\"valueRequired\":true,\"valueName\":\"search_term_string\"}}],\"inLanguage\":\"es\"},{\"@type\":\"Organization\",\"@id\":\"https:\/\/wpguerssen-test.odoo.rgbconsulting.com\/es\/#organization\",\"name\":\"Guerssen records\",\"url\":\"https:\/\/wpguerssen-test.odoo.rgbconsulting.com\/es\/\",\"logo\":{\"@type\":\"ImageObject\",\"inLanguage\":\"es\",\"@id\":\"https:\/\/wpguerssen-test.odoo.rgbconsulting.com\/es\/#\/schema\/logo\/image\/\",\"url\":\"https:\/\/wpguerssen-test.odoo.rgbconsulting.com\/wp-content\/uploads\/2022\/04\/Logo_Guerssen_trans_100.png\",\"contentUrl\":\"https:\/\/wpguerssen-test.odoo.rgbconsulting.com\/wp-content\/uploads\/2022\/04\/Logo_Guerssen_trans_100.png\",\"width\":122,\"height\":100,\"caption\":\"Guerssen records\"},\"image\":{\"@id\":\"https:\/\/wpguerssen-test.odoo.rgbconsulting.com\/es\/#\/schema\/logo\/image\/\"}}]}<\/script>\n<!-- \/ Yoast SEO plugin. -->","yoast_head_json":{"title":"KING, Freddy - Burglar (Limited Gatefold) -  (LP) | Guerssen","description":"This is not typical of Freddie King's recordings.It's a lot more funky than Getting Ready ,Texas Cannoball or the stuff he recorded during the 60's. Thats what makes it so special. When Albert King tried his hand at 70's funk it did not work as well as this. On this record Freddy shows what a versatile singer and guitarist he could be. A shame he died before he could try more recordings like this. The best songs are Pack It Up and the instrumental Pulp Wood. A lot of critics who seemed to want bluesmen like Freddy to become museum pieces (by preserving their music and sticking to pure Blues) were critical of this record and especially of the funky backing band. They should have been praising the guy for trying something different. By the way does anyone know if the Bobby Tench who plays rhythm guitar on Burglar is the same Mr Tench who was a member of the 2nd Jeff Beck Group?","robots":{"index":"index","follow":"follow","max-snippet":"max-snippet:-1","max-image-preview":"max-image-preview:large","max-video-preview":"max-video-preview:-1"},"canonical":"https:\/\/wpguerssen-test.odoo.rgbconsulting.com\/es\/producto\/burglar-limited-gatefold\/","og_locale":"es_ES","og_type":"article","og_title":"KING, Freddy - Burglar (Limited Gatefold) -  (LP) | Guerssen","og_description":"This is not typical of Freddie King's recordings.It's a lot more funky than Getting Ready ,Texas Cannoball or the stuff he recorded during the 60's. Thats what makes it so special. When Albert King tried his hand at 70's funk it did not work as well as this. On this record Freddy shows what a versatile singer and guitarist he could be. A shame he died before he could try more recordings like this. The best songs are Pack It Up and the instrumental Pulp Wood. A lot of critics who seemed to want bluesmen like Freddy to become museum pieces (by preserving their music and sticking to pure Blues) were critical of this record and especially of the funky backing band. They should have been praising the guy for trying something different. By the way does anyone know if the Bobby Tench who plays rhythm guitar on Burglar is the same Mr Tench who was a member of the 2nd Jeff Beck Group?","og_url":"https:\/\/wpguerssen-test.odoo.rgbconsulting.com\/es\/producto\/burglar-limited-gatefold\/","og_site_name":"Guerssen records","article_modified_time":"2025-03-27T17:30:51+00:00","og_image":[{"width":335,"height":335,"url":"https:\/\/wpguerssen-test.odoo.rgbconsulting.com\/wp-content\/uploads\/2023\/10\/45709.jpg","type":"image\/jpeg"}],"twitter_card":"summary_large_image","twitter_title":"KING, Freddy - Burglar (Limited Gatefold) -  (LP) | Guerssen","twitter_misc":{"Tiempo de lectura":"1 minuto"},"schema":{"@context":"https:\/\/schema.org","@graph":[{"@type":"WebPage","@id":"https:\/\/wpguerssen-test.odoo.rgbconsulting.com\/es\/producto\/burglar-limited-gatefold\/","url":"https:\/\/wpguerssen-test.odoo.rgbconsulting.com\/es\/producto\/burglar-limited-gatefold\/","name":"KING, Freddy - Burglar (Limited Gatefold) - (LP) | Guerssen","isPartOf":{"@id":"https:\/\/wpguerssen-test.odoo.rgbconsulting.com\/es\/#website"},"primaryImageOfPage":{"@id":"https:\/\/wpguerssen-test.odoo.rgbconsulting.com\/es\/producto\/burglar-limited-gatefold\/#primaryimage"},"image":{"@id":"https:\/\/wpguerssen-test.odoo.rgbconsulting.com\/es\/producto\/burglar-limited-gatefold\/#primaryimage"},"thumbnailUrl":"https:\/\/wpguerssen-test.odoo.rgbconsulting.com\/wp-content\/uploads\/2023\/10\/45709.jpg","datePublished":"2025-03-24T23:00:00+00:00","dateModified":"2025-03-27T17:30:51+00:00","description":"This is not typical of Freddie King's recordings.It's a lot more funky than Getting Ready ,Texas Cannoball or the stuff he recorded during the 60's. Thats what makes it so special. When Albert King tried his hand at 70's funk it did not work as well as this. On this record Freddy shows what a versatile singer and guitarist he could be. A shame he died before he could try more recordings like this. The best songs are Pack It Up and the instrumental Pulp Wood. A lot of critics who seemed to want bluesmen like Freddy to become museum pieces (by preserving their music and sticking to pure Blues) were critical of this record and especially of the funky backing band. They should have been praising the guy for trying something different. By the way does anyone know if the Bobby Tench who plays rhythm guitar on Burglar is the same Mr Tench who was a member of the 2nd Jeff Beck Group?","breadcrumb":{"@id":"https:\/\/wpguerssen-test.odoo.rgbconsulting.com\/es\/producto\/burglar-limited-gatefold\/#breadcrumb"},"inLanguage":"es","potentialAction":[{"@type":"ReadAction","target":["https:\/\/wpguerssen-test.odoo.rgbconsulting.com\/es\/producto\/burglar-limited-gatefold\/"]}]},{"@type":"ImageObject","inLanguage":"es","@id":"https:\/\/wpguerssen-test.odoo.rgbconsulting.com\/es\/producto\/burglar-limited-gatefold\/#primaryimage","url":"https:\/\/wpguerssen-test.odoo.rgbconsulting.com\/wp-content\/uploads\/2023\/10\/45709.jpg","contentUrl":"https:\/\/wpguerssen-test.odoo.rgbconsulting.com\/wp-content\/uploads\/2023\/10\/45709.jpg","width":335,"height":335,"caption":"Freddy - Burglar (Limited Gatefold) - RSO (LP) | Guerssen"},{"@type":"BreadcrumbList","@id":"https:\/\/wpguerssen-test.odoo.rgbconsulting.com\/es\/producto\/burglar-limited-gatefold\/#breadcrumb","itemListElement":[{"@type":"ListItem","position":1,"name":"Inicio","item":"https:\/\/wpguerssen-test.odoo.rgbconsulting.com\/es\/"},{"@type":"ListItem","position":2,"name":"Shop","item":"https:\/\/wpguerssen-test.odoo.rgbconsulting.com\/shop\/"},{"@type":"ListItem","position":3,"name":"Burglar (Limited Gatefold)"}]},{"@type":"WebSite","@id":"https:\/\/wpguerssen-test.odoo.rgbconsulting.com\/es\/#website","url":"https:\/\/wpguerssen-test.odoo.rgbconsulting.com\/es\/","name":"Guerssen records","description":"psychedelia - progressive - folk - garage ","publisher":{"@id":"https:\/\/wpguerssen-test.odoo.rgbconsulting.com\/es\/#organization"},"potentialAction":[{"@type":"SearchAction","target":{"@type":"EntryPoint","urlTemplate":"https:\/\/wpguerssen-test.odoo.rgbconsulting.com\/es\/?s={search_term_string}"},"query-input":{"@type":"PropertyValueSpecification","valueRequired":true,"valueName":"search_term_string"}}],"inLanguage":"es"},{"@type":"Organization","@id":"https:\/\/wpguerssen-test.odoo.rgbconsulting.com\/es\/#organization","name":"Guerssen records","url":"https:\/\/wpguerssen-test.odoo.rgbconsulting.com\/es\/","logo":{"@type":"ImageObject","inLanguage":"es","@id":"https:\/\/wpguerssen-test.odoo.rgbconsulting.com\/es\/#\/schema\/logo\/image\/","url":"https:\/\/wpguerssen-test.odoo.rgbconsulting.com\/wp-content\/uploads\/2022\/04\/Logo_Guerssen_trans_100.png","contentUrl":"https:\/\/wpguerssen-test.odoo.rgbconsulting.com\/wp-content\/uploads\/2022\/04\/Logo_Guerssen_trans_100.png","width":122,"height":100,"caption":"Guerssen records"},"image":{"@id":"https:\/\/wpguerssen-test.odoo.rgbconsulting.com\/es\/#\/schema\/logo\/image\/"}}]}},"_links":{"self":[{"href":"https:\/\/wpguerssen-test.odoo.rgbconsulting.com\/es\/wp-json\/wp\/v2\/product\/243353","targetHints":{"allow":["GET"]}}],"collection":[{"href":"https:\/\/wpguerssen-test.odoo.rgbconsulting.com\/es\/wp-json\/wp\/v2\/product"}],"about":[{"href":"https:\/\/wpguerssen-test.odoo.rgbconsulting.com\/es\/wp-json\/wp\/v2\/types\/product"}],"wp:featuredmedia":[{"embeddable":true,"href":"https:\/\/wpguerssen-test.odoo.rgbconsulting.com\/es\/wp-json\/wp\/v2\/media\/243309"}],"wp:attachment":[{"href":"https:\/\/wpguerssen-test.odoo.rgbconsulting.com\/es\/wp-json\/wp\/v2\/media?parent=243353"}],"wp:term":[{"taxonomy":"product_brand","embeddable":true,"href":"https:\/\/wpguerssen-test.odoo.rgbconsulting.com\/es\/wp-json\/wp\/v2\/product_brand?post=243353"},{"taxonomy":"product_cat","embeddable":true,"href":"https:\/\/wpguerssen-test.odoo.rgbconsulting.com\/es\/wp-json\/wp\/v2\/product_cat?post=243353"},{"taxonomy":"product_tag","embeddable":true,"href":"https:\/\/wpguerssen-test.odoo.rgbconsulting.com\/es\/wp-json\/wp\/v2\/product_tag?post=243353"}],"curies":[{"name":"wp","href":"https:\/\/api.w.org\/{rel}","templated":true}]}}