{"id":243727,"date":"2021-08-24T00:00:00","date_gmt":"2021-08-23T22:00:00","guid":{"rendered":"https:\/\/wpguerssen-test.odoo.rgbconsulting.com\/product\/the-encyclopedia-of-civilizations-vol-5-babylon\/"},"modified":"2025-03-03T15:57:08","modified_gmt":"2025-03-03T14:57:08","slug":"the-encyclopedia-of-civilizations-vol-5-babylon","status":"publish","type":"product","link":"https:\/\/wpguerssen-test.odoo.rgbconsulting.com\/es\/producto\/the-encyclopedia-of-civilizations-vol-5-babylon\/","title":{"rendered":"The Encyclopedia Of Civilizations Vol 5: Babylon"},"content":{"rendered":"<p>Quinto volumen de \u00abLa Enciclopedia de las Civilizaciones\u00bb, la colecci\u00f3n de LP divididos de Abstrakce donde artistas seleccionados ofrecen su propia visi\u00f3n de fascinantes culturas antiguas. Esta vez la atenci\u00f3n se centra en la enigm\u00e1tica Babylon, visitada por dos de las bandas electr\u00f3nicas favoritas del sello actualmente activas.<br \/>El d\u00fao con sede en Berl\u00edn Driftmachine nos lleva en un viaje entre las antiguas ciudades de Akkad, Uruk y Ashur. Electr\u00f3nica asombrosa con un sonido soberbio y preciso, flotando en alg\u00fan lugar entre el ambient modular, el leftfield, el dub abstracto&#8230; Cada detalle ha sido cuidadosamente elaborado en esta compleja arquitectura. Los ritmos tribales no convencionales recuerdan rituales oscuros, mientras que los pulsos c\u00e1lidos y din\u00e1micos se contraen y expanden, interactuando en su viaje a lo largo de los caminos arenosos de la cuenca mesopot\u00e1mica y llev\u00e1ndote a un trance profundo.<br \/>El proyecto Komodo Kolektif, con sede en Glasgow, profundiza en la visi\u00f3n babil\u00f3nica de la magia a trav\u00e9s de las figuras de los Kassaptu (brujas y magos) y el uso de la Mandr\u00e1gora. Su vasto arsenal de sintetizadores y unidades de efectos antiguos, metal\u00f3fonos orientales y percusi\u00f3n manual tradicional proporcionan una mezcla de primitivismo tribal y una visi\u00f3n futurista. Electr\u00f3nica profunda y psicod\u00e9lica que captura el esp\u00edritu de las antiguas ceremonias sagradas babil\u00f3nicas y su visi\u00f3n del cosmos. Esta edici\u00f3n de lujo incluye un extenso folleto con notas e im\u00e1genes sobre Babilonia, para ayudarte a sumergirte en esta fascinante civilizaci\u00f3n mientras escuchas m\u00fasica. La funda est\u00e1 impresa a la antigua usanza: tipogr\u00e1fica con tipos m\u00f3viles met\u00e1licos, como sol\u00eda hacer Gutenberg, sobre papeles reciclados de alta calidad. Masterizado por Colin Potter. Edici\u00f3n limitada de 500 ejemplares, sin reprensado.<\/p>\n","protected":false},"excerpt":{"rendered":"<p>Quinto volumen de \u00abLa Enciclopedia de las Civilizaciones\u00bb, la colecci\u00f3n de LP divididos de Abstrakce donde artistas seleccionados ofrecen su propia visi\u00f3n de fascinantes<a class=\"read\" href=\"https:\/\/wpguerssen-test.odoo.rgbconsulting.com\/es\/producto\/the-encyclopedia-of-civilizations-vol-5-babylon\/\"> (...)<\/a>","protected":false},"featured_media":262549,"template":"","meta":{"_acf_changed":false},"product_brand":[],"product_cat":[23266],"product_tag":[],"class_list":{"0":"post-243727","1":"product","2":"type-product","3":"status-publish","4":"has-post-thumbnail","6":"product_cat-electronic-es","7":"pa_artist-driftmachine-komodo-kolektif","8":"pa_format-lp-es","9":"pa_gender-electronic","10":"pa_label-abstrakce-records","11":"pa_location-europe-es","12":"pa_other-filters-vinyl-only-es","14":"first","15":"instock","16":"taxable","17":"shipping-taxable","18":"purchasable","19":"product-type-simple"},"acf":[],"yoast_head":"<!-- This site is optimized with the Yoast SEO plugin v24.9 - https:\/\/yoast.com\/wordpress\/plugins\/seo\/ -->\n<title>DRIFTMACHINE \/ KOMODO KOLEKTIF - The Encyclopedia Of Civilizations Vol 5: Babylon -  (LP) | Guerssen<\/title>\n<meta name=\"description\" content=\"Fifth volume of &quot;The Encyclopedia of Civilizations&quot;, Abstrakce&#039;s collection of split LPs where selected artists offer their own insight into fascinating ancient cultures. This time the focus is on the enigmatic Babylon, visited by two of the label&#039;s favourite electronic bands currently active.Berlin-based duo Driftmachine take us on a journey between the ancient cities of Akkad, Uruk and Ashur. Astonishing electronics with a superb and precise sound, floating somewhere between modular ambient, leftfield, abstract dub... Every detail has been carefully crafted in this complex architecture. Unconventional tribal rhythms recall obscure rituals, meanwhile warm, dynamic pulses contract and expand, interacting on their journey along the sandy roads of the Mesopotamian basin and leading you into a deep trance.Glasgow-based project Komodo Kolektif delves into the Babylonian vision of magic through the figures of the Kassaptu (witches and wizards) and the use of Mandragora. A blend of both tribal primitivism and a futuristic vision is provided by their vast arsenal of vintage synths and effects units, eastern metallophones and traditional hand percussion. Deep, psychedelic electronics that capture the spirit of ancient Babylonian sacred ceremonies and their vision of the cosmos. This deluxe edition includes an extensive booklet with notes and images about Babylon, to help you to immerse yourself in this fascinating civilization while you listen to the music. The sleeve is printed in the old way: letterpressed with metal movable type, as Gutenberg used to do it, on high-quality recycled papers. Mastered by Colin Potter. 500 copies limited edition, no repress.\" \/>\n<meta name=\"robots\" content=\"index, follow, max-snippet:-1, max-image-preview:large, max-video-preview:-1\" \/>\n<link rel=\"canonical\" href=\"https:\/\/wpguerssen-test.odoo.rgbconsulting.com\/es\/producto\/the-encyclopedia-of-civilizations-vol-5-babylon\/\" \/>\n<meta property=\"og:locale\" content=\"es_ES\" \/>\n<meta property=\"og:type\" content=\"article\" \/>\n<meta property=\"og:title\" content=\"DRIFTMACHINE \/ KOMODO KOLEKTIF - The Encyclopedia Of Civilizations Vol 5: Babylon -  (LP) | Guerssen\" \/>\n<meta property=\"og:description\" content=\"Fifth volume of &quot;The Encyclopedia of Civilizations&quot;, Abstrakce&#039;s collection of split LPs where selected artists offer their own insight into fascinating ancient cultures. This time the focus is on the enigmatic Babylon, visited by two of the label&#039;s favourite electronic bands currently active.Berlin-based duo Driftmachine take us on a journey between the ancient cities of Akkad, Uruk and Ashur. Astonishing electronics with a superb and precise sound, floating somewhere between modular ambient, leftfield, abstract dub... Every detail has been carefully crafted in this complex architecture. Unconventional tribal rhythms recall obscure rituals, meanwhile warm, dynamic pulses contract and expand, interacting on their journey along the sandy roads of the Mesopotamian basin and leading you into a deep trance.Glasgow-based project Komodo Kolektif delves into the Babylonian vision of magic through the figures of the Kassaptu (witches and wizards) and the use of Mandragora. A blend of both tribal primitivism and a futuristic vision is provided by their vast arsenal of vintage synths and effects units, eastern metallophones and traditional hand percussion. Deep, psychedelic electronics that capture the spirit of ancient Babylonian sacred ceremonies and their vision of the cosmos. This deluxe edition includes an extensive booklet with notes and images about Babylon, to help you to immerse yourself in this fascinating civilization while you listen to the music. The sleeve is printed in the old way: letterpressed with metal movable type, as Gutenberg used to do it, on high-quality recycled papers. Mastered by Colin Potter. 500 copies limited edition, no repress.\" \/>\n<meta property=\"og:url\" content=\"https:\/\/wpguerssen-test.odoo.rgbconsulting.com\/es\/producto\/the-encyclopedia-of-civilizations-vol-5-babylon\/\" \/>\n<meta property=\"og:site_name\" content=\"Guerssen records\" \/>\n<meta property=\"article:modified_time\" content=\"2025-03-03T14:57:08+00:00\" \/>\n<meta property=\"og:image\" content=\"https:\/\/wpguerssen-test.odoo.rgbconsulting.com\/wp-content\/uploads\/2024\/03\/45753.jpg\" \/>\n\t<meta property=\"og:image:width\" content=\"700\" \/>\n\t<meta property=\"og:image:height\" content=\"700\" \/>\n\t<meta property=\"og:image:type\" content=\"image\/jpeg\" \/>\n<meta name=\"twitter:card\" content=\"summary_large_image\" \/>\n<meta name=\"twitter:title\" content=\"DRIFTMACHINE \/ KOMODO KOLEKTIF - The Encyclopedia Of Civilizations Vol 5: Babylon -  (LP) | Guerssen\" \/>\n<meta name=\"twitter:label1\" content=\"Tiempo de lectura\" \/>\n\t<meta name=\"twitter:data1\" content=\"2 minutos\" \/>\n<script type=\"application\/ld+json\" class=\"yoast-schema-graph\">{\"@context\":\"https:\/\/schema.org\",\"@graph\":[{\"@type\":\"WebPage\",\"@id\":\"https:\/\/wpguerssen-test.odoo.rgbconsulting.com\/es\/producto\/the-encyclopedia-of-civilizations-vol-5-babylon\/\",\"url\":\"https:\/\/wpguerssen-test.odoo.rgbconsulting.com\/es\/producto\/the-encyclopedia-of-civilizations-vol-5-babylon\/\",\"name\":\"DRIFTMACHINE \/ KOMODO KOLEKTIF - The Encyclopedia Of Civilizations Vol 5: Babylon - (LP) | Guerssen\",\"isPartOf\":{\"@id\":\"https:\/\/wpguerssen-test.odoo.rgbconsulting.com\/es\/#website\"},\"primaryImageOfPage\":{\"@id\":\"https:\/\/wpguerssen-test.odoo.rgbconsulting.com\/es\/producto\/the-encyclopedia-of-civilizations-vol-5-babylon\/#primaryimage\"},\"image\":{\"@id\":\"https:\/\/wpguerssen-test.odoo.rgbconsulting.com\/es\/producto\/the-encyclopedia-of-civilizations-vol-5-babylon\/#primaryimage\"},\"thumbnailUrl\":\"https:\/\/wpguerssen-test.odoo.rgbconsulting.com\/wp-content\/uploads\/2024\/03\/45753.jpg\",\"datePublished\":\"2021-08-23T22:00:00+00:00\",\"dateModified\":\"2025-03-03T14:57:08+00:00\",\"description\":\"Fifth volume of \\\"The Encyclopedia of Civilizations\\\", Abstrakce's collection of split LPs where selected artists offer their own insight into fascinating ancient cultures. This time the focus is on the enigmatic Babylon, visited by two of the label's favourite electronic bands currently active.Berlin-based duo Driftmachine take us on a journey between the ancient cities of Akkad, Uruk and Ashur. Astonishing electronics with a superb and precise sound, floating somewhere between modular ambient, leftfield, abstract dub... Every detail has been carefully crafted in this complex architecture. Unconventional tribal rhythms recall obscure rituals, meanwhile warm, dynamic pulses contract and expand, interacting on their journey along the sandy roads of the Mesopotamian basin and leading you into a deep trance.Glasgow-based project Komodo Kolektif delves into the Babylonian vision of magic through the figures of the Kassaptu (witches and wizards) and the use of Mandragora. A blend of both tribal primitivism and a futuristic vision is provided by their vast arsenal of vintage synths and effects units, eastern metallophones and traditional hand percussion. Deep, psychedelic electronics that capture the spirit of ancient Babylonian sacred ceremonies and their vision of the cosmos. This deluxe edition includes an extensive booklet with notes and images about Babylon, to help you to immerse yourself in this fascinating civilization while you listen to the music. The sleeve is printed in the old way: letterpressed with metal movable type, as Gutenberg used to do it, on high-quality recycled papers. Mastered by Colin Potter. 500 copies limited edition, no repress.\",\"breadcrumb\":{\"@id\":\"https:\/\/wpguerssen-test.odoo.rgbconsulting.com\/es\/producto\/the-encyclopedia-of-civilizations-vol-5-babylon\/#breadcrumb\"},\"inLanguage\":\"es\",\"potentialAction\":[{\"@type\":\"ReadAction\",\"target\":[\"https:\/\/wpguerssen-test.odoo.rgbconsulting.com\/es\/producto\/the-encyclopedia-of-civilizations-vol-5-babylon\/\"]}]},{\"@type\":\"ImageObject\",\"inLanguage\":\"es\",\"@id\":\"https:\/\/wpguerssen-test.odoo.rgbconsulting.com\/es\/producto\/the-encyclopedia-of-civilizations-vol-5-babylon\/#primaryimage\",\"url\":\"https:\/\/wpguerssen-test.odoo.rgbconsulting.com\/wp-content\/uploads\/2024\/03\/45753.jpg\",\"contentUrl\":\"https:\/\/wpguerssen-test.odoo.rgbconsulting.com\/wp-content\/uploads\/2024\/03\/45753.jpg\",\"width\":700,\"height\":700},{\"@type\":\"BreadcrumbList\",\"@id\":\"https:\/\/wpguerssen-test.odoo.rgbconsulting.com\/es\/producto\/the-encyclopedia-of-civilizations-vol-5-babylon\/#breadcrumb\",\"itemListElement\":[{\"@type\":\"ListItem\",\"position\":1,\"name\":\"Inicio\",\"item\":\"https:\/\/wpguerssen-test.odoo.rgbconsulting.com\/es\/\"},{\"@type\":\"ListItem\",\"position\":2,\"name\":\"Shop\",\"item\":\"https:\/\/wpguerssen-test.odoo.rgbconsulting.com\/shop\/\"},{\"@type\":\"ListItem\",\"position\":3,\"name\":\"The Encyclopedia Of Civilizations Vol 5: Babylon\"}]},{\"@type\":\"WebSite\",\"@id\":\"https:\/\/wpguerssen-test.odoo.rgbconsulting.com\/es\/#website\",\"url\":\"https:\/\/wpguerssen-test.odoo.rgbconsulting.com\/es\/\",\"name\":\"Guerssen records\",\"description\":\"psychedelia - progressive - folk - garage \",\"publisher\":{\"@id\":\"https:\/\/wpguerssen-test.odoo.rgbconsulting.com\/es\/#organization\"},\"potentialAction\":[{\"@type\":\"SearchAction\",\"target\":{\"@type\":\"EntryPoint\",\"urlTemplate\":\"https:\/\/wpguerssen-test.odoo.rgbconsulting.com\/es\/?s={search_term_string}\"},\"query-input\":{\"@type\":\"PropertyValueSpecification\",\"valueRequired\":true,\"valueName\":\"search_term_string\"}}],\"inLanguage\":\"es\"},{\"@type\":\"Organization\",\"@id\":\"https:\/\/wpguerssen-test.odoo.rgbconsulting.com\/es\/#organization\",\"name\":\"Guerssen records\",\"url\":\"https:\/\/wpguerssen-test.odoo.rgbconsulting.com\/es\/\",\"logo\":{\"@type\":\"ImageObject\",\"inLanguage\":\"es\",\"@id\":\"https:\/\/wpguerssen-test.odoo.rgbconsulting.com\/es\/#\/schema\/logo\/image\/\",\"url\":\"https:\/\/wpguerssen-test.odoo.rgbconsulting.com\/wp-content\/uploads\/2022\/04\/Logo_Guerssen_trans_100.png\",\"contentUrl\":\"https:\/\/wpguerssen-test.odoo.rgbconsulting.com\/wp-content\/uploads\/2022\/04\/Logo_Guerssen_trans_100.png\",\"width\":122,\"height\":100,\"caption\":\"Guerssen records\"},\"image\":{\"@id\":\"https:\/\/wpguerssen-test.odoo.rgbconsulting.com\/es\/#\/schema\/logo\/image\/\"}}]}<\/script>\n<!-- \/ Yoast SEO plugin. -->","yoast_head_json":{"title":"DRIFTMACHINE \/ KOMODO KOLEKTIF - The Encyclopedia Of Civilizations Vol 5: Babylon -  (LP) | Guerssen","description":"Fifth volume of \"The Encyclopedia of Civilizations\", Abstrakce's collection of split LPs where selected artists offer their own insight into fascinating ancient cultures. This time the focus is on the enigmatic Babylon, visited by two of the label's favourite electronic bands currently active.Berlin-based duo Driftmachine take us on a journey between the ancient cities of Akkad, Uruk and Ashur. Astonishing electronics with a superb and precise sound, floating somewhere between modular ambient, leftfield, abstract dub... Every detail has been carefully crafted in this complex architecture. Unconventional tribal rhythms recall obscure rituals, meanwhile warm, dynamic pulses contract and expand, interacting on their journey along the sandy roads of the Mesopotamian basin and leading you into a deep trance.Glasgow-based project Komodo Kolektif delves into the Babylonian vision of magic through the figures of the Kassaptu (witches and wizards) and the use of Mandragora. A blend of both tribal primitivism and a futuristic vision is provided by their vast arsenal of vintage synths and effects units, eastern metallophones and traditional hand percussion. Deep, psychedelic electronics that capture the spirit of ancient Babylonian sacred ceremonies and their vision of the cosmos. This deluxe edition includes an extensive booklet with notes and images about Babylon, to help you to immerse yourself in this fascinating civilization while you listen to the music. The sleeve is printed in the old way: letterpressed with metal movable type, as Gutenberg used to do it, on high-quality recycled papers. Mastered by Colin Potter. 500 copies limited edition, no repress.","robots":{"index":"index","follow":"follow","max-snippet":"max-snippet:-1","max-image-preview":"max-image-preview:large","max-video-preview":"max-video-preview:-1"},"canonical":"https:\/\/wpguerssen-test.odoo.rgbconsulting.com\/es\/producto\/the-encyclopedia-of-civilizations-vol-5-babylon\/","og_locale":"es_ES","og_type":"article","og_title":"DRIFTMACHINE \/ KOMODO KOLEKTIF - The Encyclopedia Of Civilizations Vol 5: Babylon -  (LP) | Guerssen","og_description":"Fifth volume of \"The Encyclopedia of Civilizations\", Abstrakce's collection of split LPs where selected artists offer their own insight into fascinating ancient cultures. This time the focus is on the enigmatic Babylon, visited by two of the label's favourite electronic bands currently active.Berlin-based duo Driftmachine take us on a journey between the ancient cities of Akkad, Uruk and Ashur. Astonishing electronics with a superb and precise sound, floating somewhere between modular ambient, leftfield, abstract dub... Every detail has been carefully crafted in this complex architecture. Unconventional tribal rhythms recall obscure rituals, meanwhile warm, dynamic pulses contract and expand, interacting on their journey along the sandy roads of the Mesopotamian basin and leading you into a deep trance.Glasgow-based project Komodo Kolektif delves into the Babylonian vision of magic through the figures of the Kassaptu (witches and wizards) and the use of Mandragora. A blend of both tribal primitivism and a futuristic vision is provided by their vast arsenal of vintage synths and effects units, eastern metallophones and traditional hand percussion. Deep, psychedelic electronics that capture the spirit of ancient Babylonian sacred ceremonies and their vision of the cosmos. This deluxe edition includes an extensive booklet with notes and images about Babylon, to help you to immerse yourself in this fascinating civilization while you listen to the music. The sleeve is printed in the old way: letterpressed with metal movable type, as Gutenberg used to do it, on high-quality recycled papers. Mastered by Colin Potter. 500 copies limited edition, no repress.","og_url":"https:\/\/wpguerssen-test.odoo.rgbconsulting.com\/es\/producto\/the-encyclopedia-of-civilizations-vol-5-babylon\/","og_site_name":"Guerssen records","article_modified_time":"2025-03-03T14:57:08+00:00","og_image":[{"width":700,"height":700,"url":"https:\/\/wpguerssen-test.odoo.rgbconsulting.com\/wp-content\/uploads\/2024\/03\/45753.jpg","type":"image\/jpeg"}],"twitter_card":"summary_large_image","twitter_title":"DRIFTMACHINE \/ KOMODO KOLEKTIF - The Encyclopedia Of Civilizations Vol 5: Babylon -  (LP) | Guerssen","twitter_misc":{"Tiempo de lectura":"2 minutos"},"schema":{"@context":"https:\/\/schema.org","@graph":[{"@type":"WebPage","@id":"https:\/\/wpguerssen-test.odoo.rgbconsulting.com\/es\/producto\/the-encyclopedia-of-civilizations-vol-5-babylon\/","url":"https:\/\/wpguerssen-test.odoo.rgbconsulting.com\/es\/producto\/the-encyclopedia-of-civilizations-vol-5-babylon\/","name":"DRIFTMACHINE \/ KOMODO KOLEKTIF - The Encyclopedia Of Civilizations Vol 5: Babylon - (LP) | Guerssen","isPartOf":{"@id":"https:\/\/wpguerssen-test.odoo.rgbconsulting.com\/es\/#website"},"primaryImageOfPage":{"@id":"https:\/\/wpguerssen-test.odoo.rgbconsulting.com\/es\/producto\/the-encyclopedia-of-civilizations-vol-5-babylon\/#primaryimage"},"image":{"@id":"https:\/\/wpguerssen-test.odoo.rgbconsulting.com\/es\/producto\/the-encyclopedia-of-civilizations-vol-5-babylon\/#primaryimage"},"thumbnailUrl":"https:\/\/wpguerssen-test.odoo.rgbconsulting.com\/wp-content\/uploads\/2024\/03\/45753.jpg","datePublished":"2021-08-23T22:00:00+00:00","dateModified":"2025-03-03T14:57:08+00:00","description":"Fifth volume of \"The Encyclopedia of Civilizations\", Abstrakce's collection of split LPs where selected artists offer their own insight into fascinating ancient cultures. This time the focus is on the enigmatic Babylon, visited by two of the label's favourite electronic bands currently active.Berlin-based duo Driftmachine take us on a journey between the ancient cities of Akkad, Uruk and Ashur. Astonishing electronics with a superb and precise sound, floating somewhere between modular ambient, leftfield, abstract dub... Every detail has been carefully crafted in this complex architecture. Unconventional tribal rhythms recall obscure rituals, meanwhile warm, dynamic pulses contract and expand, interacting on their journey along the sandy roads of the Mesopotamian basin and leading you into a deep trance.Glasgow-based project Komodo Kolektif delves into the Babylonian vision of magic through the figures of the Kassaptu (witches and wizards) and the use of Mandragora. A blend of both tribal primitivism and a futuristic vision is provided by their vast arsenal of vintage synths and effects units, eastern metallophones and traditional hand percussion. Deep, psychedelic electronics that capture the spirit of ancient Babylonian sacred ceremonies and their vision of the cosmos. This deluxe edition includes an extensive booklet with notes and images about Babylon, to help you to immerse yourself in this fascinating civilization while you listen to the music. The sleeve is printed in the old way: letterpressed with metal movable type, as Gutenberg used to do it, on high-quality recycled papers. Mastered by Colin Potter. 500 copies limited edition, no repress.","breadcrumb":{"@id":"https:\/\/wpguerssen-test.odoo.rgbconsulting.com\/es\/producto\/the-encyclopedia-of-civilizations-vol-5-babylon\/#breadcrumb"},"inLanguage":"es","potentialAction":[{"@type":"ReadAction","target":["https:\/\/wpguerssen-test.odoo.rgbconsulting.com\/es\/producto\/the-encyclopedia-of-civilizations-vol-5-babylon\/"]}]},{"@type":"ImageObject","inLanguage":"es","@id":"https:\/\/wpguerssen-test.odoo.rgbconsulting.com\/es\/producto\/the-encyclopedia-of-civilizations-vol-5-babylon\/#primaryimage","url":"https:\/\/wpguerssen-test.odoo.rgbconsulting.com\/wp-content\/uploads\/2024\/03\/45753.jpg","contentUrl":"https:\/\/wpguerssen-test.odoo.rgbconsulting.com\/wp-content\/uploads\/2024\/03\/45753.jpg","width":700,"height":700},{"@type":"BreadcrumbList","@id":"https:\/\/wpguerssen-test.odoo.rgbconsulting.com\/es\/producto\/the-encyclopedia-of-civilizations-vol-5-babylon\/#breadcrumb","itemListElement":[{"@type":"ListItem","position":1,"name":"Inicio","item":"https:\/\/wpguerssen-test.odoo.rgbconsulting.com\/es\/"},{"@type":"ListItem","position":2,"name":"Shop","item":"https:\/\/wpguerssen-test.odoo.rgbconsulting.com\/shop\/"},{"@type":"ListItem","position":3,"name":"The Encyclopedia Of Civilizations Vol 5: Babylon"}]},{"@type":"WebSite","@id":"https:\/\/wpguerssen-test.odoo.rgbconsulting.com\/es\/#website","url":"https:\/\/wpguerssen-test.odoo.rgbconsulting.com\/es\/","name":"Guerssen records","description":"psychedelia - progressive - folk - garage ","publisher":{"@id":"https:\/\/wpguerssen-test.odoo.rgbconsulting.com\/es\/#organization"},"potentialAction":[{"@type":"SearchAction","target":{"@type":"EntryPoint","urlTemplate":"https:\/\/wpguerssen-test.odoo.rgbconsulting.com\/es\/?s={search_term_string}"},"query-input":{"@type":"PropertyValueSpecification","valueRequired":true,"valueName":"search_term_string"}}],"inLanguage":"es"},{"@type":"Organization","@id":"https:\/\/wpguerssen-test.odoo.rgbconsulting.com\/es\/#organization","name":"Guerssen records","url":"https:\/\/wpguerssen-test.odoo.rgbconsulting.com\/es\/","logo":{"@type":"ImageObject","inLanguage":"es","@id":"https:\/\/wpguerssen-test.odoo.rgbconsulting.com\/es\/#\/schema\/logo\/image\/","url":"https:\/\/wpguerssen-test.odoo.rgbconsulting.com\/wp-content\/uploads\/2022\/04\/Logo_Guerssen_trans_100.png","contentUrl":"https:\/\/wpguerssen-test.odoo.rgbconsulting.com\/wp-content\/uploads\/2022\/04\/Logo_Guerssen_trans_100.png","width":122,"height":100,"caption":"Guerssen records"},"image":{"@id":"https:\/\/wpguerssen-test.odoo.rgbconsulting.com\/es\/#\/schema\/logo\/image\/"}}]}},"_links":{"self":[{"href":"https:\/\/wpguerssen-test.odoo.rgbconsulting.com\/es\/wp-json\/wp\/v2\/product\/243727","targetHints":{"allow":["GET"]}}],"collection":[{"href":"https:\/\/wpguerssen-test.odoo.rgbconsulting.com\/es\/wp-json\/wp\/v2\/product"}],"about":[{"href":"https:\/\/wpguerssen-test.odoo.rgbconsulting.com\/es\/wp-json\/wp\/v2\/types\/product"}],"wp:featuredmedia":[{"embeddable":true,"href":"https:\/\/wpguerssen-test.odoo.rgbconsulting.com\/es\/wp-json\/wp\/v2\/media\/262549"}],"wp:attachment":[{"href":"https:\/\/wpguerssen-test.odoo.rgbconsulting.com\/es\/wp-json\/wp\/v2\/media?parent=243727"}],"wp:term":[{"taxonomy":"product_brand","embeddable":true,"href":"https:\/\/wpguerssen-test.odoo.rgbconsulting.com\/es\/wp-json\/wp\/v2\/product_brand?post=243727"},{"taxonomy":"product_cat","embeddable":true,"href":"https:\/\/wpguerssen-test.odoo.rgbconsulting.com\/es\/wp-json\/wp\/v2\/product_cat?post=243727"},{"taxonomy":"product_tag","embeddable":true,"href":"https:\/\/wpguerssen-test.odoo.rgbconsulting.com\/es\/wp-json\/wp\/v2\/product_tag?post=243727"}],"curies":[{"name":"wp","href":"https:\/\/api.w.org\/{rel}","templated":true}]}}