{"id":243832,"date":"2025-04-07T00:00:00","date_gmt":"2025-04-06T22:00:00","guid":{"rendered":"https:\/\/wpguerssen-test.odoo.rgbconsulting.com\/product\/naino-queens-flamenco-groovy-beats-on-the-verge\/"},"modified":"2025-04-10T16:39:15","modified_gmt":"2025-04-10T14:39:15","slug":"naino-queens-flamenco-groovy-beats-on-the-verge","status":"publish","type":"product","link":"https:\/\/wpguerssen-test.odoo.rgbconsulting.com\/es\/producto\/naino-queens-flamenco-groovy-beats-on-the-verge\/","title":{"rendered":"Naino! Queens &#8211; Flamenco Groovy Beats on the Verge"},"content":{"rendered":"<p>Antes de presentarte esta novedad, hay que entender que en la segunda mitad de los a\u00f1os setenta, algo estaba cambiando en la escena musical. Los grupos musicales estaban en su auge hasta que lleg\u00f3 la llamada al servicio militar obligatorio. Entonces, todo el mundo volv\u00eda de \u00e9l sin sus largas melenas y sin dinero. Los baladistas sin personalidad tomaban el control de la m\u00fasica, seg\u00fan lo dictado por las discogr\u00e1ficas. Es entonces cuando las copleras, cantaoras y rumberas se convierten en la respuesta necesaria para combatir la ins\u00edpida melosidad. A pesar de un contexto sociocultural desfavorable, arreglistas y productores invert\u00edan horas de sue\u00f1o para revivir un sonido que estaba al borde de la extinci\u00f3n. A pesar de los cambios que haya podido haber desde entonces, el m\u00e1s significativo es que ahora la inmediatez digital dicta el rumbo. <\/p>\n<p> Es por toda esta importancia que finalmente ha llegado un \u00e1lbum que re\u00fane a un elenco de folcl\u00f3ricas en una combinaci\u00f3n \u00fanica, fusionando el concepto del groovy funk; con canciones que abarcan todo el espectro afroamericano de la m\u00fasica de baile de los setenta, con toques de gritos y susurros aflamencados que le dan un giro impresionante. Podr\u00edamos considerarlo el \u00e1lbum destacado de las Rosalias del siglo XX, una especie de viaje lis\u00e9rgico en blanco y negro a la Espa\u00f1a de la posfranquista. Con su hiperrealismo revolucionario, este disco nos ofrece a una una estirpe de artistas sin igual. <\/p>\n<p> En este encontrar\u00e1s las joyas ocultas de artistas como Flores, Pantoja, Jurado, Polaca, entre otras. Aunque se mantuvieron fieles a sus estilos, todas ellas fueron famosas por otras facetas de sus extensas discograf\u00edas, y muchas incluso aparecieron en la portada de Intervi\u00fa en m\u00e1s del cincuenta por ciento de los casos, como las feministas de los a\u00f1os setenta seg\u00fan Francisco Umbral.<\/p>\n","protected":false},"excerpt":{"rendered":"<p>Antes de presentarte esta novedad, hay que entender que en la segunda mitad de los a\u00f1os setenta, algo estaba cambiando en la escena musical. Los grupos musicales<a class=\"read\" href=\"https:\/\/wpguerssen-test.odoo.rgbconsulting.com\/es\/producto\/naino-queens-flamenco-groovy-beats-on-the-verge\/\"> (...)<\/a>","protected":false},"featured_media":243789,"template":"","meta":{"_acf_changed":false},"product_brand":[],"product_cat":[23268],"product_tag":[24185],"class_list":{"0":"post-243832","1":"product","2":"type-product","3":"status-publish","4":"has-post-thumbnail","6":"product_cat-flamenco-rock-rumba-es","7":"product_tag-de-nuevo-en-existencia","8":"pa_artist-various-artists-es","9":"pa_format-lp-es","10":"pa_gender-flamenco-rock-rumba","11":"pa_label-adarce-records","12":"pa_location-spain-es","13":"pa_other-filters-vinyl-only-es","15":"first","16":"instock","17":"taxable","18":"shipping-taxable","19":"purchasable","20":"product-type-simple"},"acf":[],"yoast_head":"<!-- This site is optimized with the Yoast SEO plugin v24.9 - https:\/\/yoast.com\/wordpress\/plugins\/seo\/ -->\n<title>VARIOUS ARTISTS - Naino! Queens - Flamenco Groovy Beats on the Verge -  (LP) | Guerssen<\/title>\n<meta name=\"description\" content=\"A Dream Team of folcl\u00f3ricas covering the wide spectrum of African-American influenced 1970s dance music spiced with flamenco. The hits of Isaac Hayes, Billy Preston or The Temptations in the charts showed the way to go. An almanac for 20th Century Rosal\u00edas headed by Lola Flores, Isabel Pantoja, Roc\u00edo Jurado and a bunch of female singers, copleras, cantaoras and rumberas. A black and white lysergic dream amidst post-Franco&#039;s Spain. Stick your ears to the speakers. Here comes an emotional rollercoaster!\" \/>\n<meta name=\"robots\" content=\"index, follow, max-snippet:-1, max-image-preview:large, max-video-preview:-1\" \/>\n<link rel=\"canonical\" href=\"https:\/\/wpguerssen-test.odoo.rgbconsulting.com\/es\/producto\/naino-queens-flamenco-groovy-beats-on-the-verge\/\" \/>\n<meta property=\"og:locale\" content=\"es_ES\" \/>\n<meta property=\"og:type\" content=\"article\" \/>\n<meta property=\"og:title\" content=\"VARIOUS ARTISTS - Naino! Queens - Flamenco Groovy Beats on the Verge -  (LP) | Guerssen\" \/>\n<meta property=\"og:description\" content=\"A Dream Team of folcl\u00f3ricas covering the wide spectrum of African-American influenced 1970s dance music spiced with flamenco. The hits of Isaac Hayes, Billy Preston or The Temptations in the charts showed the way to go. An almanac for 20th Century Rosal\u00edas headed by Lola Flores, Isabel Pantoja, Roc\u00edo Jurado and a bunch of female singers, copleras, cantaoras and rumberas. A black and white lysergic dream amidst post-Franco&#039;s Spain. Stick your ears to the speakers. Here comes an emotional rollercoaster!\" \/>\n<meta property=\"og:url\" content=\"https:\/\/wpguerssen-test.odoo.rgbconsulting.com\/es\/producto\/naino-queens-flamenco-groovy-beats-on-the-verge\/\" \/>\n<meta property=\"og:site_name\" content=\"Guerssen records\" \/>\n<meta property=\"article:modified_time\" content=\"2025-04-10T14:39:15+00:00\" \/>\n<meta property=\"og:image\" content=\"https:\/\/wpguerssen-test.odoo.rgbconsulting.com\/wp-content\/uploads\/2023\/10\/45766.jpg\" \/>\n\t<meta property=\"og:image:width\" content=\"731\" \/>\n\t<meta property=\"og:image:height\" content=\"731\" \/>\n\t<meta property=\"og:image:type\" content=\"image\/jpeg\" \/>\n<meta name=\"twitter:card\" content=\"summary_large_image\" \/>\n<meta name=\"twitter:title\" content=\"VARIOUS ARTISTS - Naino! Queens - Flamenco Groovy Beats on the Verge -  (LP) | Guerssen\" \/>\n<meta name=\"twitter:label1\" content=\"Tiempo de lectura\" \/>\n\t<meta name=\"twitter:data1\" content=\"2 minutos\" \/>\n<script type=\"application\/ld+json\" class=\"yoast-schema-graph\">{\"@context\":\"https:\/\/schema.org\",\"@graph\":[{\"@type\":\"WebPage\",\"@id\":\"https:\/\/wpguerssen-test.odoo.rgbconsulting.com\/es\/producto\/naino-queens-flamenco-groovy-beats-on-the-verge\/\",\"url\":\"https:\/\/wpguerssen-test.odoo.rgbconsulting.com\/es\/producto\/naino-queens-flamenco-groovy-beats-on-the-verge\/\",\"name\":\"VARIOUS ARTISTS - Naino! Queens - Flamenco Groovy Beats on the Verge - (LP) | Guerssen\",\"isPartOf\":{\"@id\":\"https:\/\/wpguerssen-test.odoo.rgbconsulting.com\/es\/#website\"},\"primaryImageOfPage\":{\"@id\":\"https:\/\/wpguerssen-test.odoo.rgbconsulting.com\/es\/producto\/naino-queens-flamenco-groovy-beats-on-the-verge\/#primaryimage\"},\"image\":{\"@id\":\"https:\/\/wpguerssen-test.odoo.rgbconsulting.com\/es\/producto\/naino-queens-flamenco-groovy-beats-on-the-verge\/#primaryimage\"},\"thumbnailUrl\":\"https:\/\/wpguerssen-test.odoo.rgbconsulting.com\/wp-content\/uploads\/2023\/10\/45766.jpg\",\"datePublished\":\"2025-04-06T22:00:00+00:00\",\"dateModified\":\"2025-04-10T14:39:15+00:00\",\"description\":\"A Dream Team of folcl\u00f3ricas covering the wide spectrum of African-American influenced 1970s dance music spiced with flamenco. The hits of Isaac Hayes, Billy Preston or The Temptations in the charts showed the way to go. An almanac for 20th Century Rosal\u00edas headed by Lola Flores, Isabel Pantoja, Roc\u00edo Jurado and a bunch of female singers, copleras, cantaoras and rumberas. A black and white lysergic dream amidst post-Franco's Spain. Stick your ears to the speakers. Here comes an emotional rollercoaster!\",\"breadcrumb\":{\"@id\":\"https:\/\/wpguerssen-test.odoo.rgbconsulting.com\/es\/producto\/naino-queens-flamenco-groovy-beats-on-the-verge\/#breadcrumb\"},\"inLanguage\":\"es\",\"potentialAction\":[{\"@type\":\"ReadAction\",\"target\":[\"https:\/\/wpguerssen-test.odoo.rgbconsulting.com\/es\/producto\/naino-queens-flamenco-groovy-beats-on-the-verge\/\"]}]},{\"@type\":\"ImageObject\",\"inLanguage\":\"es\",\"@id\":\"https:\/\/wpguerssen-test.odoo.rgbconsulting.com\/es\/producto\/naino-queens-flamenco-groovy-beats-on-the-verge\/#primaryimage\",\"url\":\"https:\/\/wpguerssen-test.odoo.rgbconsulting.com\/wp-content\/uploads\/2023\/10\/45766.jpg\",\"contentUrl\":\"https:\/\/wpguerssen-test.odoo.rgbconsulting.com\/wp-content\/uploads\/2023\/10\/45766.jpg\",\"width\":731,\"height\":731},{\"@type\":\"BreadcrumbList\",\"@id\":\"https:\/\/wpguerssen-test.odoo.rgbconsulting.com\/es\/producto\/naino-queens-flamenco-groovy-beats-on-the-verge\/#breadcrumb\",\"itemListElement\":[{\"@type\":\"ListItem\",\"position\":1,\"name\":\"Inicio\",\"item\":\"https:\/\/wpguerssen-test.odoo.rgbconsulting.com\/es\/\"},{\"@type\":\"ListItem\",\"position\":2,\"name\":\"Shop\",\"item\":\"https:\/\/wpguerssen-test.odoo.rgbconsulting.com\/shop\/\"},{\"@type\":\"ListItem\",\"position\":3,\"name\":\"Naino! Queens &#8211; Flamenco Groovy Beats on the Verge\"}]},{\"@type\":\"WebSite\",\"@id\":\"https:\/\/wpguerssen-test.odoo.rgbconsulting.com\/es\/#website\",\"url\":\"https:\/\/wpguerssen-test.odoo.rgbconsulting.com\/es\/\",\"name\":\"Guerssen records\",\"description\":\"psychedelia - progressive - folk - garage \",\"publisher\":{\"@id\":\"https:\/\/wpguerssen-test.odoo.rgbconsulting.com\/es\/#organization\"},\"potentialAction\":[{\"@type\":\"SearchAction\",\"target\":{\"@type\":\"EntryPoint\",\"urlTemplate\":\"https:\/\/wpguerssen-test.odoo.rgbconsulting.com\/es\/?s={search_term_string}\"},\"query-input\":{\"@type\":\"PropertyValueSpecification\",\"valueRequired\":true,\"valueName\":\"search_term_string\"}}],\"inLanguage\":\"es\"},{\"@type\":\"Organization\",\"@id\":\"https:\/\/wpguerssen-test.odoo.rgbconsulting.com\/es\/#organization\",\"name\":\"Guerssen records\",\"url\":\"https:\/\/wpguerssen-test.odoo.rgbconsulting.com\/es\/\",\"logo\":{\"@type\":\"ImageObject\",\"inLanguage\":\"es\",\"@id\":\"https:\/\/wpguerssen-test.odoo.rgbconsulting.com\/es\/#\/schema\/logo\/image\/\",\"url\":\"https:\/\/wpguerssen-test.odoo.rgbconsulting.com\/wp-content\/uploads\/2022\/04\/Logo_Guerssen_trans_100.png\",\"contentUrl\":\"https:\/\/wpguerssen-test.odoo.rgbconsulting.com\/wp-content\/uploads\/2022\/04\/Logo_Guerssen_trans_100.png\",\"width\":122,\"height\":100,\"caption\":\"Guerssen records\"},\"image\":{\"@id\":\"https:\/\/wpguerssen-test.odoo.rgbconsulting.com\/es\/#\/schema\/logo\/image\/\"}}]}<\/script>\n<!-- \/ Yoast SEO plugin. -->","yoast_head_json":{"title":"VARIOUS ARTISTS - Naino! Queens - Flamenco Groovy Beats on the Verge -  (LP) | Guerssen","description":"A Dream Team of folcl\u00f3ricas covering the wide spectrum of African-American influenced 1970s dance music spiced with flamenco. The hits of Isaac Hayes, Billy Preston or The Temptations in the charts showed the way to go. An almanac for 20th Century Rosal\u00edas headed by Lola Flores, Isabel Pantoja, Roc\u00edo Jurado and a bunch of female singers, copleras, cantaoras and rumberas. A black and white lysergic dream amidst post-Franco's Spain. Stick your ears to the speakers. Here comes an emotional rollercoaster!","robots":{"index":"index","follow":"follow","max-snippet":"max-snippet:-1","max-image-preview":"max-image-preview:large","max-video-preview":"max-video-preview:-1"},"canonical":"https:\/\/wpguerssen-test.odoo.rgbconsulting.com\/es\/producto\/naino-queens-flamenco-groovy-beats-on-the-verge\/","og_locale":"es_ES","og_type":"article","og_title":"VARIOUS ARTISTS - Naino! Queens - Flamenco Groovy Beats on the Verge -  (LP) | Guerssen","og_description":"A Dream Team of folcl\u00f3ricas covering the wide spectrum of African-American influenced 1970s dance music spiced with flamenco. The hits of Isaac Hayes, Billy Preston or The Temptations in the charts showed the way to go. An almanac for 20th Century Rosal\u00edas headed by Lola Flores, Isabel Pantoja, Roc\u00edo Jurado and a bunch of female singers, copleras, cantaoras and rumberas. A black and white lysergic dream amidst post-Franco's Spain. Stick your ears to the speakers. Here comes an emotional rollercoaster!","og_url":"https:\/\/wpguerssen-test.odoo.rgbconsulting.com\/es\/producto\/naino-queens-flamenco-groovy-beats-on-the-verge\/","og_site_name":"Guerssen records","article_modified_time":"2025-04-10T14:39:15+00:00","og_image":[{"width":731,"height":731,"url":"https:\/\/wpguerssen-test.odoo.rgbconsulting.com\/wp-content\/uploads\/2023\/10\/45766.jpg","type":"image\/jpeg"}],"twitter_card":"summary_large_image","twitter_title":"VARIOUS ARTISTS - Naino! Queens - Flamenco Groovy Beats on the Verge -  (LP) | Guerssen","twitter_misc":{"Tiempo de lectura":"2 minutos"},"schema":{"@context":"https:\/\/schema.org","@graph":[{"@type":"WebPage","@id":"https:\/\/wpguerssen-test.odoo.rgbconsulting.com\/es\/producto\/naino-queens-flamenco-groovy-beats-on-the-verge\/","url":"https:\/\/wpguerssen-test.odoo.rgbconsulting.com\/es\/producto\/naino-queens-flamenco-groovy-beats-on-the-verge\/","name":"VARIOUS ARTISTS - Naino! Queens - Flamenco Groovy Beats on the Verge - (LP) | Guerssen","isPartOf":{"@id":"https:\/\/wpguerssen-test.odoo.rgbconsulting.com\/es\/#website"},"primaryImageOfPage":{"@id":"https:\/\/wpguerssen-test.odoo.rgbconsulting.com\/es\/producto\/naino-queens-flamenco-groovy-beats-on-the-verge\/#primaryimage"},"image":{"@id":"https:\/\/wpguerssen-test.odoo.rgbconsulting.com\/es\/producto\/naino-queens-flamenco-groovy-beats-on-the-verge\/#primaryimage"},"thumbnailUrl":"https:\/\/wpguerssen-test.odoo.rgbconsulting.com\/wp-content\/uploads\/2023\/10\/45766.jpg","datePublished":"2025-04-06T22:00:00+00:00","dateModified":"2025-04-10T14:39:15+00:00","description":"A Dream Team of folcl\u00f3ricas covering the wide spectrum of African-American influenced 1970s dance music spiced with flamenco. The hits of Isaac Hayes, Billy Preston or The Temptations in the charts showed the way to go. An almanac for 20th Century Rosal\u00edas headed by Lola Flores, Isabel Pantoja, Roc\u00edo Jurado and a bunch of female singers, copleras, cantaoras and rumberas. A black and white lysergic dream amidst post-Franco's Spain. Stick your ears to the speakers. Here comes an emotional rollercoaster!","breadcrumb":{"@id":"https:\/\/wpguerssen-test.odoo.rgbconsulting.com\/es\/producto\/naino-queens-flamenco-groovy-beats-on-the-verge\/#breadcrumb"},"inLanguage":"es","potentialAction":[{"@type":"ReadAction","target":["https:\/\/wpguerssen-test.odoo.rgbconsulting.com\/es\/producto\/naino-queens-flamenco-groovy-beats-on-the-verge\/"]}]},{"@type":"ImageObject","inLanguage":"es","@id":"https:\/\/wpguerssen-test.odoo.rgbconsulting.com\/es\/producto\/naino-queens-flamenco-groovy-beats-on-the-verge\/#primaryimage","url":"https:\/\/wpguerssen-test.odoo.rgbconsulting.com\/wp-content\/uploads\/2023\/10\/45766.jpg","contentUrl":"https:\/\/wpguerssen-test.odoo.rgbconsulting.com\/wp-content\/uploads\/2023\/10\/45766.jpg","width":731,"height":731},{"@type":"BreadcrumbList","@id":"https:\/\/wpguerssen-test.odoo.rgbconsulting.com\/es\/producto\/naino-queens-flamenco-groovy-beats-on-the-verge\/#breadcrumb","itemListElement":[{"@type":"ListItem","position":1,"name":"Inicio","item":"https:\/\/wpguerssen-test.odoo.rgbconsulting.com\/es\/"},{"@type":"ListItem","position":2,"name":"Shop","item":"https:\/\/wpguerssen-test.odoo.rgbconsulting.com\/shop\/"},{"@type":"ListItem","position":3,"name":"Naino! Queens &#8211; Flamenco Groovy Beats on the Verge"}]},{"@type":"WebSite","@id":"https:\/\/wpguerssen-test.odoo.rgbconsulting.com\/es\/#website","url":"https:\/\/wpguerssen-test.odoo.rgbconsulting.com\/es\/","name":"Guerssen records","description":"psychedelia - progressive - folk - garage ","publisher":{"@id":"https:\/\/wpguerssen-test.odoo.rgbconsulting.com\/es\/#organization"},"potentialAction":[{"@type":"SearchAction","target":{"@type":"EntryPoint","urlTemplate":"https:\/\/wpguerssen-test.odoo.rgbconsulting.com\/es\/?s={search_term_string}"},"query-input":{"@type":"PropertyValueSpecification","valueRequired":true,"valueName":"search_term_string"}}],"inLanguage":"es"},{"@type":"Organization","@id":"https:\/\/wpguerssen-test.odoo.rgbconsulting.com\/es\/#organization","name":"Guerssen records","url":"https:\/\/wpguerssen-test.odoo.rgbconsulting.com\/es\/","logo":{"@type":"ImageObject","inLanguage":"es","@id":"https:\/\/wpguerssen-test.odoo.rgbconsulting.com\/es\/#\/schema\/logo\/image\/","url":"https:\/\/wpguerssen-test.odoo.rgbconsulting.com\/wp-content\/uploads\/2022\/04\/Logo_Guerssen_trans_100.png","contentUrl":"https:\/\/wpguerssen-test.odoo.rgbconsulting.com\/wp-content\/uploads\/2022\/04\/Logo_Guerssen_trans_100.png","width":122,"height":100,"caption":"Guerssen records"},"image":{"@id":"https:\/\/wpguerssen-test.odoo.rgbconsulting.com\/es\/#\/schema\/logo\/image\/"}}]}},"_links":{"self":[{"href":"https:\/\/wpguerssen-test.odoo.rgbconsulting.com\/es\/wp-json\/wp\/v2\/product\/243832","targetHints":{"allow":["GET"]}}],"collection":[{"href":"https:\/\/wpguerssen-test.odoo.rgbconsulting.com\/es\/wp-json\/wp\/v2\/product"}],"about":[{"href":"https:\/\/wpguerssen-test.odoo.rgbconsulting.com\/es\/wp-json\/wp\/v2\/types\/product"}],"wp:featuredmedia":[{"embeddable":true,"href":"https:\/\/wpguerssen-test.odoo.rgbconsulting.com\/es\/wp-json\/wp\/v2\/media\/243789"}],"wp:attachment":[{"href":"https:\/\/wpguerssen-test.odoo.rgbconsulting.com\/es\/wp-json\/wp\/v2\/media?parent=243832"}],"wp:term":[{"taxonomy":"product_brand","embeddable":true,"href":"https:\/\/wpguerssen-test.odoo.rgbconsulting.com\/es\/wp-json\/wp\/v2\/product_brand?post=243832"},{"taxonomy":"product_cat","embeddable":true,"href":"https:\/\/wpguerssen-test.odoo.rgbconsulting.com\/es\/wp-json\/wp\/v2\/product_cat?post=243832"},{"taxonomy":"product_tag","embeddable":true,"href":"https:\/\/wpguerssen-test.odoo.rgbconsulting.com\/es\/wp-json\/wp\/v2\/product_tag?post=243832"}],"curies":[{"name":"wp","href":"https:\/\/api.w.org\/{rel}","templated":true}]}}