{"id":243837,"date":"2023-12-05T00:00:00","date_gmt":"2023-12-04T23:00:00","guid":{"rendered":"https:\/\/wpguerssen-test.odoo.rgbconsulting.com\/product\/bbc-sessions-1964-1967\/"},"modified":"2024-04-30T11:21:51","modified_gmt":"2024-04-30T09:21:51","slug":"bbc-sessions-1964-1967","status":"publish","type":"product","link":"https:\/\/wpguerssen-test.odoo.rgbconsulting.com\/es\/producto\/bbc-sessions-1964-1967\/","title":{"rendered":"BBC Sessions 1964-1967"},"content":{"rendered":"<p>Formada en Muswell Hill, al norte de Londres, en 1964 por los hermanos Ray y Dave Davies, The Kinks todav\u00eda son consideradas una de las bandas de rock m\u00e1s influyentes de la d\u00e9cada de 1960. El grupo surgi\u00f3 durante el apogeo del Rhythm and Blues brit\u00e1nico y el Merseybeat, y fue brevemente parte de la invasi\u00f3n brit\u00e1nica de los Estados Unidos hasta que se les prohibi\u00f3 realizar giras en 1965. Su tercer sencillo, &#8216;You Really Got Me&#8217;, escrito por Ray Davies, se convirti\u00f3 en un \u00e9xito internacional, que encabez\u00f3 las listas en el Reino Unido y alcanz\u00f3 el Top 10 en los EE. UU. <br \/>Este doble LP re\u00fane una colecci\u00f3n de actuaciones en vivo y en estudio de los Kinks, grabadas entre 1964 y 1967. 26 temas grabados para la BBC, en gran parte como sesiones de radio y televisi\u00f3n, transmitidos en todo el Reino Unido y otras regiones en ese momento.<\/p>\n","protected":false},"excerpt":{"rendered":"<p>Formada en Muswell Hill, al norte de Londres, en 1964 por los hermanos Ray y Dave Davies, The Kinks todav\u00eda son consideradas una de las bandas de rock m\u00e1s influyentes<a class=\"read\" href=\"https:\/\/wpguerssen-test.odoo.rgbconsulting.com\/es\/producto\/bbc-sessions-1964-1967\/\"> (...)<\/a>","protected":false},"featured_media":243804,"template":"","meta":{"_acf_changed":false},"product_brand":[],"product_cat":[23281,21639],"product_tag":[],"class_list":{"0":"post-243837","1":"product","2":"type-product","3":"status-publish","4":"has-post-thumbnail","6":"product_cat-garagebeatrnb60-70-es","7":"product_cat-psychedelic60s-70s-es","8":"pa_artist-kinks-the","9":"pa_format-2lp-es","10":"pa_gender-garagebeatrnb60-70-psychedelic60s-70s","11":"pa_label-expensive-woodland-recordings","12":"pa_location-uk-ireland-es","13":"pa_other-filters-vinyl-only-es","15":"first","16":"instock","17":"taxable","18":"shipping-taxable","19":"purchasable","20":"product-type-simple"},"acf":[],"yoast_head":"<!-- This site is optimized with the Yoast SEO plugin v24.9 - https:\/\/yoast.com\/wordpress\/plugins\/seo\/ -->\n<title>KINKS, The - BBC Sessions 1964-1967 -  (2LP) | Guerssen<\/title>\n<meta name=\"description\" content=\"Formed in Muswell Hill, North London, in 1964 by brothers Ray and Dave Davies, The Kinks are still regarded as one of the most influential rock bands of the 1960s. The group emerged during the height of British rhythm and blues and Merseybeat, and were briefly part of the British Invasion of the United States until their touring ban in 1965. Their third single, the Ray Davies-penned &#039;You Really Got Me&#039;, became an international hit, topping the charts in the United Kingdom and reaching the Top 10 in the US.This double LP set brings together a collection of live and studio performances by the Kinks, recorded between 1964 and 1967.Featuring 26 tracks recorded for the BBC, largely as radio and TV sessions, transmitted across the UK and other regions at the time.Includes the classic hits: All Day And All Of The Night, You Really Got Me, Till The End Of The Day and Tired Of Waiting For You.\" \/>\n<meta name=\"robots\" content=\"index, follow, max-snippet:-1, max-image-preview:large, max-video-preview:-1\" \/>\n<link rel=\"canonical\" href=\"https:\/\/wpguerssen-test.odoo.rgbconsulting.com\/es\/producto\/bbc-sessions-1964-1967\/\" \/>\n<meta property=\"og:locale\" content=\"es_ES\" \/>\n<meta property=\"og:type\" content=\"article\" \/>\n<meta property=\"og:title\" content=\"KINKS, The - BBC Sessions 1964-1967 -  (2LP) | Guerssen\" \/>\n<meta property=\"og:description\" content=\"Formed in Muswell Hill, North London, in 1964 by brothers Ray and Dave Davies, The Kinks are still regarded as one of the most influential rock bands of the 1960s. The group emerged during the height of British rhythm and blues and Merseybeat, and were briefly part of the British Invasion of the United States until their touring ban in 1965. Their third single, the Ray Davies-penned &#039;You Really Got Me&#039;, became an international hit, topping the charts in the United Kingdom and reaching the Top 10 in the US.This double LP set brings together a collection of live and studio performances by the Kinks, recorded between 1964 and 1967.Featuring 26 tracks recorded for the BBC, largely as radio and TV sessions, transmitted across the UK and other regions at the time.Includes the classic hits: All Day And All Of The Night, You Really Got Me, Till The End Of The Day and Tired Of Waiting For You.\" \/>\n<meta property=\"og:url\" content=\"https:\/\/wpguerssen-test.odoo.rgbconsulting.com\/es\/producto\/bbc-sessions-1964-1967\/\" \/>\n<meta property=\"og:site_name\" content=\"Guerssen records\" \/>\n<meta property=\"article:modified_time\" content=\"2024-04-30T09:21:51+00:00\" \/>\n<meta property=\"og:image\" content=\"https:\/\/wpguerssen-test.odoo.rgbconsulting.com\/wp-content\/uploads\/2023\/10\/45771.jpg\" \/>\n\t<meta property=\"og:image:width\" content=\"2315\" \/>\n\t<meta property=\"og:image:height\" content=\"1324\" \/>\n\t<meta property=\"og:image:type\" content=\"image\/jpeg\" \/>\n<meta name=\"twitter:card\" content=\"summary_large_image\" \/>\n<meta name=\"twitter:title\" content=\"KINKS, The - BBC Sessions 1964-1967 -  (2LP) | Guerssen\" \/>\n<meta name=\"twitter:label1\" content=\"Tiempo de lectura\" \/>\n\t<meta name=\"twitter:data1\" content=\"1 minuto\" \/>\n<script type=\"application\/ld+json\" class=\"yoast-schema-graph\">{\"@context\":\"https:\/\/schema.org\",\"@graph\":[{\"@type\":\"WebPage\",\"@id\":\"https:\/\/wpguerssen-test.odoo.rgbconsulting.com\/es\/producto\/bbc-sessions-1964-1967\/\",\"url\":\"https:\/\/wpguerssen-test.odoo.rgbconsulting.com\/es\/producto\/bbc-sessions-1964-1967\/\",\"name\":\"KINKS, The - BBC Sessions 1964-1967 - (2LP) | Guerssen\",\"isPartOf\":{\"@id\":\"https:\/\/wpguerssen-test.odoo.rgbconsulting.com\/es\/#website\"},\"primaryImageOfPage\":{\"@id\":\"https:\/\/wpguerssen-test.odoo.rgbconsulting.com\/es\/producto\/bbc-sessions-1964-1967\/#primaryimage\"},\"image\":{\"@id\":\"https:\/\/wpguerssen-test.odoo.rgbconsulting.com\/es\/producto\/bbc-sessions-1964-1967\/#primaryimage\"},\"thumbnailUrl\":\"https:\/\/wpguerssen-test.odoo.rgbconsulting.com\/wp-content\/uploads\/2023\/10\/45771.jpg\",\"datePublished\":\"2023-12-04T23:00:00+00:00\",\"dateModified\":\"2024-04-30T09:21:51+00:00\",\"description\":\"Formed in Muswell Hill, North London, in 1964 by brothers Ray and Dave Davies, The Kinks are still regarded as one of the most influential rock bands of the 1960s. The group emerged during the height of British rhythm and blues and Merseybeat, and were briefly part of the British Invasion of the United States until their touring ban in 1965. Their third single, the Ray Davies-penned 'You Really Got Me', became an international hit, topping the charts in the United Kingdom and reaching the Top 10 in the US.This double LP set brings together a collection of live and studio performances by the Kinks, recorded between 1964 and 1967.Featuring 26 tracks recorded for the BBC, largely as radio and TV sessions, transmitted across the UK and other regions at the time.Includes the classic hits: All Day And All Of The Night, You Really Got Me, Till The End Of The Day and Tired Of Waiting For You.\",\"breadcrumb\":{\"@id\":\"https:\/\/wpguerssen-test.odoo.rgbconsulting.com\/es\/producto\/bbc-sessions-1964-1967\/#breadcrumb\"},\"inLanguage\":\"es\",\"potentialAction\":[{\"@type\":\"ReadAction\",\"target\":[\"https:\/\/wpguerssen-test.odoo.rgbconsulting.com\/es\/producto\/bbc-sessions-1964-1967\/\"]}]},{\"@type\":\"ImageObject\",\"inLanguage\":\"es\",\"@id\":\"https:\/\/wpguerssen-test.odoo.rgbconsulting.com\/es\/producto\/bbc-sessions-1964-1967\/#primaryimage\",\"url\":\"https:\/\/wpguerssen-test.odoo.rgbconsulting.com\/wp-content\/uploads\/2023\/10\/45771.jpg\",\"contentUrl\":\"https:\/\/wpguerssen-test.odoo.rgbconsulting.com\/wp-content\/uploads\/2023\/10\/45771.jpg\",\"width\":2315,\"height\":1324,\"caption\":\"The - BBC Sessions 1964-1967 - EXPENSIVE WOODLAND RECORDINGS (2LP) | Guerssen\"},{\"@type\":\"BreadcrumbList\",\"@id\":\"https:\/\/wpguerssen-test.odoo.rgbconsulting.com\/es\/producto\/bbc-sessions-1964-1967\/#breadcrumb\",\"itemListElement\":[{\"@type\":\"ListItem\",\"position\":1,\"name\":\"Inicio\",\"item\":\"https:\/\/wpguerssen-test.odoo.rgbconsulting.com\/es\/\"},{\"@type\":\"ListItem\",\"position\":2,\"name\":\"Shop\",\"item\":\"https:\/\/wpguerssen-test.odoo.rgbconsulting.com\/shop\/\"},{\"@type\":\"ListItem\",\"position\":3,\"name\":\"BBC Sessions 1964-1967\"}]},{\"@type\":\"WebSite\",\"@id\":\"https:\/\/wpguerssen-test.odoo.rgbconsulting.com\/es\/#website\",\"url\":\"https:\/\/wpguerssen-test.odoo.rgbconsulting.com\/es\/\",\"name\":\"Guerssen records\",\"description\":\"psychedelia - progressive - folk - garage \",\"publisher\":{\"@id\":\"https:\/\/wpguerssen-test.odoo.rgbconsulting.com\/es\/#organization\"},\"potentialAction\":[{\"@type\":\"SearchAction\",\"target\":{\"@type\":\"EntryPoint\",\"urlTemplate\":\"https:\/\/wpguerssen-test.odoo.rgbconsulting.com\/es\/?s={search_term_string}\"},\"query-input\":{\"@type\":\"PropertyValueSpecification\",\"valueRequired\":true,\"valueName\":\"search_term_string\"}}],\"inLanguage\":\"es\"},{\"@type\":\"Organization\",\"@id\":\"https:\/\/wpguerssen-test.odoo.rgbconsulting.com\/es\/#organization\",\"name\":\"Guerssen records\",\"url\":\"https:\/\/wpguerssen-test.odoo.rgbconsulting.com\/es\/\",\"logo\":{\"@type\":\"ImageObject\",\"inLanguage\":\"es\",\"@id\":\"https:\/\/wpguerssen-test.odoo.rgbconsulting.com\/es\/#\/schema\/logo\/image\/\",\"url\":\"https:\/\/wpguerssen-test.odoo.rgbconsulting.com\/wp-content\/uploads\/2022\/04\/Logo_Guerssen_trans_100.png\",\"contentUrl\":\"https:\/\/wpguerssen-test.odoo.rgbconsulting.com\/wp-content\/uploads\/2022\/04\/Logo_Guerssen_trans_100.png\",\"width\":122,\"height\":100,\"caption\":\"Guerssen records\"},\"image\":{\"@id\":\"https:\/\/wpguerssen-test.odoo.rgbconsulting.com\/es\/#\/schema\/logo\/image\/\"}}]}<\/script>\n<!-- \/ Yoast SEO plugin. -->","yoast_head_json":{"title":"KINKS, The - BBC Sessions 1964-1967 -  (2LP) | Guerssen","description":"Formed in Muswell Hill, North London, in 1964 by brothers Ray and Dave Davies, The Kinks are still regarded as one of the most influential rock bands of the 1960s. The group emerged during the height of British rhythm and blues and Merseybeat, and were briefly part of the British Invasion of the United States until their touring ban in 1965. Their third single, the Ray Davies-penned 'You Really Got Me', became an international hit, topping the charts in the United Kingdom and reaching the Top 10 in the US.This double LP set brings together a collection of live and studio performances by the Kinks, recorded between 1964 and 1967.Featuring 26 tracks recorded for the BBC, largely as radio and TV sessions, transmitted across the UK and other regions at the time.Includes the classic hits: All Day And All Of The Night, You Really Got Me, Till The End Of The Day and Tired Of Waiting For You.","robots":{"index":"index","follow":"follow","max-snippet":"max-snippet:-1","max-image-preview":"max-image-preview:large","max-video-preview":"max-video-preview:-1"},"canonical":"https:\/\/wpguerssen-test.odoo.rgbconsulting.com\/es\/producto\/bbc-sessions-1964-1967\/","og_locale":"es_ES","og_type":"article","og_title":"KINKS, The - BBC Sessions 1964-1967 -  (2LP) | Guerssen","og_description":"Formed in Muswell Hill, North London, in 1964 by brothers Ray and Dave Davies, The Kinks are still regarded as one of the most influential rock bands of the 1960s. The group emerged during the height of British rhythm and blues and Merseybeat, and were briefly part of the British Invasion of the United States until their touring ban in 1965. Their third single, the Ray Davies-penned 'You Really Got Me', became an international hit, topping the charts in the United Kingdom and reaching the Top 10 in the US.This double LP set brings together a collection of live and studio performances by the Kinks, recorded between 1964 and 1967.Featuring 26 tracks recorded for the BBC, largely as radio and TV sessions, transmitted across the UK and other regions at the time.Includes the classic hits: All Day And All Of The Night, You Really Got Me, Till The End Of The Day and Tired Of Waiting For You.","og_url":"https:\/\/wpguerssen-test.odoo.rgbconsulting.com\/es\/producto\/bbc-sessions-1964-1967\/","og_site_name":"Guerssen records","article_modified_time":"2024-04-30T09:21:51+00:00","og_image":[{"width":2315,"height":1324,"url":"https:\/\/wpguerssen-test.odoo.rgbconsulting.com\/wp-content\/uploads\/2023\/10\/45771.jpg","type":"image\/jpeg"}],"twitter_card":"summary_large_image","twitter_title":"KINKS, The - BBC Sessions 1964-1967 -  (2LP) | Guerssen","twitter_misc":{"Tiempo de lectura":"1 minuto"},"schema":{"@context":"https:\/\/schema.org","@graph":[{"@type":"WebPage","@id":"https:\/\/wpguerssen-test.odoo.rgbconsulting.com\/es\/producto\/bbc-sessions-1964-1967\/","url":"https:\/\/wpguerssen-test.odoo.rgbconsulting.com\/es\/producto\/bbc-sessions-1964-1967\/","name":"KINKS, The - BBC Sessions 1964-1967 - (2LP) | Guerssen","isPartOf":{"@id":"https:\/\/wpguerssen-test.odoo.rgbconsulting.com\/es\/#website"},"primaryImageOfPage":{"@id":"https:\/\/wpguerssen-test.odoo.rgbconsulting.com\/es\/producto\/bbc-sessions-1964-1967\/#primaryimage"},"image":{"@id":"https:\/\/wpguerssen-test.odoo.rgbconsulting.com\/es\/producto\/bbc-sessions-1964-1967\/#primaryimage"},"thumbnailUrl":"https:\/\/wpguerssen-test.odoo.rgbconsulting.com\/wp-content\/uploads\/2023\/10\/45771.jpg","datePublished":"2023-12-04T23:00:00+00:00","dateModified":"2024-04-30T09:21:51+00:00","description":"Formed in Muswell Hill, North London, in 1964 by brothers Ray and Dave Davies, The Kinks are still regarded as one of the most influential rock bands of the 1960s. The group emerged during the height of British rhythm and blues and Merseybeat, and were briefly part of the British Invasion of the United States until their touring ban in 1965. Their third single, the Ray Davies-penned 'You Really Got Me', became an international hit, topping the charts in the United Kingdom and reaching the Top 10 in the US.This double LP set brings together a collection of live and studio performances by the Kinks, recorded between 1964 and 1967.Featuring 26 tracks recorded for the BBC, largely as radio and TV sessions, transmitted across the UK and other regions at the time.Includes the classic hits: All Day And All Of The Night, You Really Got Me, Till The End Of The Day and Tired Of Waiting For You.","breadcrumb":{"@id":"https:\/\/wpguerssen-test.odoo.rgbconsulting.com\/es\/producto\/bbc-sessions-1964-1967\/#breadcrumb"},"inLanguage":"es","potentialAction":[{"@type":"ReadAction","target":["https:\/\/wpguerssen-test.odoo.rgbconsulting.com\/es\/producto\/bbc-sessions-1964-1967\/"]}]},{"@type":"ImageObject","inLanguage":"es","@id":"https:\/\/wpguerssen-test.odoo.rgbconsulting.com\/es\/producto\/bbc-sessions-1964-1967\/#primaryimage","url":"https:\/\/wpguerssen-test.odoo.rgbconsulting.com\/wp-content\/uploads\/2023\/10\/45771.jpg","contentUrl":"https:\/\/wpguerssen-test.odoo.rgbconsulting.com\/wp-content\/uploads\/2023\/10\/45771.jpg","width":2315,"height":1324,"caption":"The - BBC Sessions 1964-1967 - EXPENSIVE WOODLAND RECORDINGS (2LP) | Guerssen"},{"@type":"BreadcrumbList","@id":"https:\/\/wpguerssen-test.odoo.rgbconsulting.com\/es\/producto\/bbc-sessions-1964-1967\/#breadcrumb","itemListElement":[{"@type":"ListItem","position":1,"name":"Inicio","item":"https:\/\/wpguerssen-test.odoo.rgbconsulting.com\/es\/"},{"@type":"ListItem","position":2,"name":"Shop","item":"https:\/\/wpguerssen-test.odoo.rgbconsulting.com\/shop\/"},{"@type":"ListItem","position":3,"name":"BBC Sessions 1964-1967"}]},{"@type":"WebSite","@id":"https:\/\/wpguerssen-test.odoo.rgbconsulting.com\/es\/#website","url":"https:\/\/wpguerssen-test.odoo.rgbconsulting.com\/es\/","name":"Guerssen records","description":"psychedelia - progressive - folk - garage ","publisher":{"@id":"https:\/\/wpguerssen-test.odoo.rgbconsulting.com\/es\/#organization"},"potentialAction":[{"@type":"SearchAction","target":{"@type":"EntryPoint","urlTemplate":"https:\/\/wpguerssen-test.odoo.rgbconsulting.com\/es\/?s={search_term_string}"},"query-input":{"@type":"PropertyValueSpecification","valueRequired":true,"valueName":"search_term_string"}}],"inLanguage":"es"},{"@type":"Organization","@id":"https:\/\/wpguerssen-test.odoo.rgbconsulting.com\/es\/#organization","name":"Guerssen records","url":"https:\/\/wpguerssen-test.odoo.rgbconsulting.com\/es\/","logo":{"@type":"ImageObject","inLanguage":"es","@id":"https:\/\/wpguerssen-test.odoo.rgbconsulting.com\/es\/#\/schema\/logo\/image\/","url":"https:\/\/wpguerssen-test.odoo.rgbconsulting.com\/wp-content\/uploads\/2022\/04\/Logo_Guerssen_trans_100.png","contentUrl":"https:\/\/wpguerssen-test.odoo.rgbconsulting.com\/wp-content\/uploads\/2022\/04\/Logo_Guerssen_trans_100.png","width":122,"height":100,"caption":"Guerssen records"},"image":{"@id":"https:\/\/wpguerssen-test.odoo.rgbconsulting.com\/es\/#\/schema\/logo\/image\/"}}]}},"_links":{"self":[{"href":"https:\/\/wpguerssen-test.odoo.rgbconsulting.com\/es\/wp-json\/wp\/v2\/product\/243837","targetHints":{"allow":["GET"]}}],"collection":[{"href":"https:\/\/wpguerssen-test.odoo.rgbconsulting.com\/es\/wp-json\/wp\/v2\/product"}],"about":[{"href":"https:\/\/wpguerssen-test.odoo.rgbconsulting.com\/es\/wp-json\/wp\/v2\/types\/product"}],"wp:featuredmedia":[{"embeddable":true,"href":"https:\/\/wpguerssen-test.odoo.rgbconsulting.com\/es\/wp-json\/wp\/v2\/media\/243804"}],"wp:attachment":[{"href":"https:\/\/wpguerssen-test.odoo.rgbconsulting.com\/es\/wp-json\/wp\/v2\/media?parent=243837"}],"wp:term":[{"taxonomy":"product_brand","embeddable":true,"href":"https:\/\/wpguerssen-test.odoo.rgbconsulting.com\/es\/wp-json\/wp\/v2\/product_brand?post=243837"},{"taxonomy":"product_cat","embeddable":true,"href":"https:\/\/wpguerssen-test.odoo.rgbconsulting.com\/es\/wp-json\/wp\/v2\/product_cat?post=243837"},{"taxonomy":"product_tag","embeddable":true,"href":"https:\/\/wpguerssen-test.odoo.rgbconsulting.com\/es\/wp-json\/wp\/v2\/product_tag?post=243837"}],"curies":[{"name":"wp","href":"https:\/\/api.w.org\/{rel}","templated":true}]}}