{"id":243841,"date":"2025-04-01T00:00:00","date_gmt":"2025-03-31T22:00:00","guid":{"rendered":"https:\/\/wpguerssen-test.odoo.rgbconsulting.com\/product\/ce-nest-qun-debut\/"},"modified":"2025-04-04T12:30:53","modified_gmt":"2025-04-04T10:30:53","slug":"ce-nest-qun-debut","status":"publish","type":"product","link":"https:\/\/wpguerssen-test.odoo.rgbconsulting.com\/es\/producto\/ce-nest-qun-debut\/","title":{"rendered":"Ce N&#8217;est Q&#8217;Un Debut"},"content":{"rendered":"<p>\u00a1REPRESS! Surgido de las cenizas de la nueva ola de los ochenta (cuando Materiali Sonori debut\u00f3 con la serie Fuzz Dance), Problemes D&#8217;Amour pronto comenz\u00f3 a convertirse en un cl\u00e1sico disco y electro por todas partes. El productor y m\u00fasico florentino Maurizio Dami, junto con sus co-conspiradores Giampiero Bigazzi, Arlo Bigazzi y Marzio Benelli, crearon un personaje misterioso, una llamada \u00abestructura modular nacida de una calculadora sovi\u00e9tica y r\u00e1pidamente desbocada\u00bb. Cantaba en franc\u00e9s y contaba con apoyo por la m\u00e1quina digital primordial, utilizando al mismo tiempo las guitarras el\u00e9ctricas m\u00e1s cl\u00e1sicas, el saxo y las sensuales voces femeninas. Un pu\u00f1ado de canciones de hoja perenne todav\u00eda son reproducidas en todo el mundo por muchos deejays internacionales, mientras que \u00abProblemes d&#8217;Amour\u00bb incluso apareci\u00f3 en influyentes Compilaci\u00f3n Strut Disco Not Disco 2. El sello estadounidense Sire (hogar de Talking Heads y una joven Madonna) public\u00f3 un Ep Fuzz Dance en 1985 con la obra maestra de Robotnick y varias contribuciones de Mya &#038; The Mirror, Gina &#038; The Flexix y Na\u00eff Orchestra. Maurizio Dami Sigue actuando en todo el mundo como DJ y sigue componiendo nueva m\u00fasica. Despu\u00e9s de 40 a\u00f1os, Spittle Records, en colaboraci\u00f3n con Materiali Sonori, reedita el mini \u00e1lbum y el 12&#8243; con su arte original.<\/p>\n","protected":false},"excerpt":{"rendered":"<p>\u00a1REPRESS! Surgido de las cenizas de la nueva ola de los ochenta (cuando Materiali Sonori debut\u00f3 con la serie Fuzz Dance), Problemes D&#8217;Amour pronto comenz\u00f3<a class=\"read\" href=\"https:\/\/wpguerssen-test.odoo.rgbconsulting.com\/es\/producto\/ce-nest-qun-debut\/\"> (...)<\/a>","protected":false},"featured_media":243816,"template":"","meta":{"_acf_changed":false},"product_brand":[],"product_cat":[23265],"product_tag":[24185],"class_list":{"0":"post-243841","1":"product","2":"type-product","3":"status-publish","4":"has-post-thumbnail","6":"product_cat-disco-cosmic-italo-es","7":"product_tag-de-nuevo-en-existencia","8":"pa_artist-robotnick-alexander-es","9":"pa_format-lp-es","10":"pa_gender-disco-cosmic-italo","11":"pa_label-spittle-records","12":"pa_location-europe-es","13":"pa_other-filters-vinyl-only-es","15":"first","16":"instock","17":"taxable","18":"shipping-taxable","19":"purchasable","20":"product-type-simple"},"acf":[],"yoast_head":"<!-- This site is optimized with the Yoast SEO plugin v24.9 - https:\/\/yoast.com\/wordpress\/plugins\/seo\/ -->\n<title>ROBOTNICK, Alexander - Ce N&#039;est Q&#039;Un Debut -  (LP) | Guerssen<\/title>\n<meta name=\"description\" content=\"REPRESS ! Raised from the ashes of eighties new wave (when Materiali Sonori debuted the Fuzz Dance series), Problemes D&#039;Amour soon began a disco and electro classic all over the place. Florence born producer and musician Maurizio Dami - with co-conspirators Giampiero Bigazzi, Arlo Bigazzi and Marzio Benelli - created a mysterious character, a so called &quot;modular structure born out a soviet calculator and promptly runaway&quot;. He was singing in french and was supported by primordial digital machine, using at the same time the more classical electric guitars, sax and sensual female voices. A handful of evergreen are still played all over the world by many international deejays, while &quot;Problemes d&#039;Amour&quot; was even featured on influential Strut compilation Disco Not Disco 2. American label Sire (home of Talking Heads and a young Madonna) published a Fuzz Dance Ep in 1985 with the Robotnick masterpiece and several contribution from Mya &amp; The Mirror, Gina &amp; The Flexix and Na\u00eff Orchestra. Maurizio Dami is still performing worldwide as a dj and is still composing new music. After 40 years Spittle Records in joint venture with Materiali Sonori re-issues the mini album and the 12&quot; with its original artwork.\" \/>\n<meta name=\"robots\" content=\"index, follow, max-snippet:-1, max-image-preview:large, max-video-preview:-1\" \/>\n<link rel=\"canonical\" href=\"https:\/\/wpguerssen-test.odoo.rgbconsulting.com\/es\/producto\/ce-nest-qun-debut\/\" \/>\n<meta property=\"og:locale\" content=\"es_ES\" \/>\n<meta property=\"og:type\" content=\"article\" \/>\n<meta property=\"og:title\" content=\"ROBOTNICK, Alexander - Ce N&#039;est Q&#039;Un Debut -  (LP) | Guerssen\" \/>\n<meta property=\"og:description\" content=\"REPRESS ! Raised from the ashes of eighties new wave (when Materiali Sonori debuted the Fuzz Dance series), Problemes D&#039;Amour soon began a disco and electro classic all over the place. Florence born producer and musician Maurizio Dami - with co-conspirators Giampiero Bigazzi, Arlo Bigazzi and Marzio Benelli - created a mysterious character, a so called &quot;modular structure born out a soviet calculator and promptly runaway&quot;. He was singing in french and was supported by primordial digital machine, using at the same time the more classical electric guitars, sax and sensual female voices. A handful of evergreen are still played all over the world by many international deejays, while &quot;Problemes d&#039;Amour&quot; was even featured on influential Strut compilation Disco Not Disco 2. American label Sire (home of Talking Heads and a young Madonna) published a Fuzz Dance Ep in 1985 with the Robotnick masterpiece and several contribution from Mya &amp; The Mirror, Gina &amp; The Flexix and Na\u00eff Orchestra. Maurizio Dami is still performing worldwide as a dj and is still composing new music. After 40 years Spittle Records in joint venture with Materiali Sonori re-issues the mini album and the 12&quot; with its original artwork.\" \/>\n<meta property=\"og:url\" content=\"https:\/\/wpguerssen-test.odoo.rgbconsulting.com\/es\/producto\/ce-nest-qun-debut\/\" \/>\n<meta property=\"og:site_name\" content=\"Guerssen records\" \/>\n<meta property=\"article:modified_time\" content=\"2025-04-04T10:30:53+00:00\" \/>\n<meta property=\"og:image\" content=\"https:\/\/wpguerssen-test.odoo.rgbconsulting.com\/wp-content\/uploads\/2023\/10\/45775.jpg\" \/>\n\t<meta property=\"og:image:width\" content=\"768\" \/>\n\t<meta property=\"og:image:height\" content=\"768\" \/>\n\t<meta property=\"og:image:type\" content=\"image\/jpeg\" \/>\n<meta name=\"twitter:card\" content=\"summary_large_image\" \/>\n<meta name=\"twitter:title\" content=\"ROBOTNICK, Alexander - Ce N&#039;est Q&#039;Un Debut -  (LP) | Guerssen\" \/>\n<meta name=\"twitter:label1\" content=\"Tiempo de lectura\" \/>\n\t<meta name=\"twitter:data1\" content=\"1 minuto\" \/>\n<script type=\"application\/ld+json\" class=\"yoast-schema-graph\">{\"@context\":\"https:\/\/schema.org\",\"@graph\":[{\"@type\":\"WebPage\",\"@id\":\"https:\/\/wpguerssen-test.odoo.rgbconsulting.com\/es\/producto\/ce-nest-qun-debut\/\",\"url\":\"https:\/\/wpguerssen-test.odoo.rgbconsulting.com\/es\/producto\/ce-nest-qun-debut\/\",\"name\":\"ROBOTNICK, Alexander - Ce N'est Q'Un Debut - (LP) | Guerssen\",\"isPartOf\":{\"@id\":\"https:\/\/wpguerssen-test.odoo.rgbconsulting.com\/es\/#website\"},\"primaryImageOfPage\":{\"@id\":\"https:\/\/wpguerssen-test.odoo.rgbconsulting.com\/es\/producto\/ce-nest-qun-debut\/#primaryimage\"},\"image\":{\"@id\":\"https:\/\/wpguerssen-test.odoo.rgbconsulting.com\/es\/producto\/ce-nest-qun-debut\/#primaryimage\"},\"thumbnailUrl\":\"https:\/\/wpguerssen-test.odoo.rgbconsulting.com\/wp-content\/uploads\/2023\/10\/45775.jpg\",\"datePublished\":\"2025-03-31T22:00:00+00:00\",\"dateModified\":\"2025-04-04T10:30:53+00:00\",\"description\":\"REPRESS ! Raised from the ashes of eighties new wave (when Materiali Sonori debuted the Fuzz Dance series), Problemes D'Amour soon began a disco and electro classic all over the place. Florence born producer and musician Maurizio Dami - with co-conspirators Giampiero Bigazzi, Arlo Bigazzi and Marzio Benelli - created a mysterious character, a so called \\\"modular structure born out a soviet calculator and promptly runaway\\\". He was singing in french and was supported by primordial digital machine, using at the same time the more classical electric guitars, sax and sensual female voices. A handful of evergreen are still played all over the world by many international deejays, while \\\"Problemes d'Amour\\\" was even featured on influential Strut compilation Disco Not Disco 2. American label Sire (home of Talking Heads and a young Madonna) published a Fuzz Dance Ep in 1985 with the Robotnick masterpiece and several contribution from Mya & The Mirror, Gina & The Flexix and Na\u00eff Orchestra. Maurizio Dami is still performing worldwide as a dj and is still composing new music. After 40 years Spittle Records in joint venture with Materiali Sonori re-issues the mini album and the 12\\\" with its original artwork.\",\"breadcrumb\":{\"@id\":\"https:\/\/wpguerssen-test.odoo.rgbconsulting.com\/es\/producto\/ce-nest-qun-debut\/#breadcrumb\"},\"inLanguage\":\"es\",\"potentialAction\":[{\"@type\":\"ReadAction\",\"target\":[\"https:\/\/wpguerssen-test.odoo.rgbconsulting.com\/es\/producto\/ce-nest-qun-debut\/\"]}]},{\"@type\":\"ImageObject\",\"inLanguage\":\"es\",\"@id\":\"https:\/\/wpguerssen-test.odoo.rgbconsulting.com\/es\/producto\/ce-nest-qun-debut\/#primaryimage\",\"url\":\"https:\/\/wpguerssen-test.odoo.rgbconsulting.com\/wp-content\/uploads\/2023\/10\/45775.jpg\",\"contentUrl\":\"https:\/\/wpguerssen-test.odoo.rgbconsulting.com\/wp-content\/uploads\/2023\/10\/45775.jpg\",\"width\":768,\"height\":768,\"caption\":\"Alexander - Ce N'est Q'Un Debut - SPITTLE RECORDS (LP) | Guerssen\"},{\"@type\":\"BreadcrumbList\",\"@id\":\"https:\/\/wpguerssen-test.odoo.rgbconsulting.com\/es\/producto\/ce-nest-qun-debut\/#breadcrumb\",\"itemListElement\":[{\"@type\":\"ListItem\",\"position\":1,\"name\":\"Inicio\",\"item\":\"https:\/\/wpguerssen-test.odoo.rgbconsulting.com\/es\/\"},{\"@type\":\"ListItem\",\"position\":2,\"name\":\"Shop\",\"item\":\"https:\/\/wpguerssen-test.odoo.rgbconsulting.com\/shop\/\"},{\"@type\":\"ListItem\",\"position\":3,\"name\":\"Ce N&#8217;est Q&#8217;Un Debut\"}]},{\"@type\":\"WebSite\",\"@id\":\"https:\/\/wpguerssen-test.odoo.rgbconsulting.com\/es\/#website\",\"url\":\"https:\/\/wpguerssen-test.odoo.rgbconsulting.com\/es\/\",\"name\":\"Guerssen records\",\"description\":\"psychedelia - progressive - folk - garage \",\"publisher\":{\"@id\":\"https:\/\/wpguerssen-test.odoo.rgbconsulting.com\/es\/#organization\"},\"potentialAction\":[{\"@type\":\"SearchAction\",\"target\":{\"@type\":\"EntryPoint\",\"urlTemplate\":\"https:\/\/wpguerssen-test.odoo.rgbconsulting.com\/es\/?s={search_term_string}\"},\"query-input\":{\"@type\":\"PropertyValueSpecification\",\"valueRequired\":true,\"valueName\":\"search_term_string\"}}],\"inLanguage\":\"es\"},{\"@type\":\"Organization\",\"@id\":\"https:\/\/wpguerssen-test.odoo.rgbconsulting.com\/es\/#organization\",\"name\":\"Guerssen records\",\"url\":\"https:\/\/wpguerssen-test.odoo.rgbconsulting.com\/es\/\",\"logo\":{\"@type\":\"ImageObject\",\"inLanguage\":\"es\",\"@id\":\"https:\/\/wpguerssen-test.odoo.rgbconsulting.com\/es\/#\/schema\/logo\/image\/\",\"url\":\"https:\/\/wpguerssen-test.odoo.rgbconsulting.com\/wp-content\/uploads\/2022\/04\/Logo_Guerssen_trans_100.png\",\"contentUrl\":\"https:\/\/wpguerssen-test.odoo.rgbconsulting.com\/wp-content\/uploads\/2022\/04\/Logo_Guerssen_trans_100.png\",\"width\":122,\"height\":100,\"caption\":\"Guerssen records\"},\"image\":{\"@id\":\"https:\/\/wpguerssen-test.odoo.rgbconsulting.com\/es\/#\/schema\/logo\/image\/\"}}]}<\/script>\n<!-- \/ Yoast SEO plugin. -->","yoast_head_json":{"title":"ROBOTNICK, Alexander - Ce N'est Q'Un Debut -  (LP) | Guerssen","description":"REPRESS ! Raised from the ashes of eighties new wave (when Materiali Sonori debuted the Fuzz Dance series), Problemes D'Amour soon began a disco and electro classic all over the place. Florence born producer and musician Maurizio Dami - with co-conspirators Giampiero Bigazzi, Arlo Bigazzi and Marzio Benelli - created a mysterious character, a so called \"modular structure born out a soviet calculator and promptly runaway\". He was singing in french and was supported by primordial digital machine, using at the same time the more classical electric guitars, sax and sensual female voices. A handful of evergreen are still played all over the world by many international deejays, while \"Problemes d'Amour\" was even featured on influential Strut compilation Disco Not Disco 2. American label Sire (home of Talking Heads and a young Madonna) published a Fuzz Dance Ep in 1985 with the Robotnick masterpiece and several contribution from Mya & The Mirror, Gina & The Flexix and Na\u00eff Orchestra. Maurizio Dami is still performing worldwide as a dj and is still composing new music. After 40 years Spittle Records in joint venture with Materiali Sonori re-issues the mini album and the 12\" with its original artwork.","robots":{"index":"index","follow":"follow","max-snippet":"max-snippet:-1","max-image-preview":"max-image-preview:large","max-video-preview":"max-video-preview:-1"},"canonical":"https:\/\/wpguerssen-test.odoo.rgbconsulting.com\/es\/producto\/ce-nest-qun-debut\/","og_locale":"es_ES","og_type":"article","og_title":"ROBOTNICK, Alexander - Ce N'est Q'Un Debut -  (LP) | Guerssen","og_description":"REPRESS ! Raised from the ashes of eighties new wave (when Materiali Sonori debuted the Fuzz Dance series), Problemes D'Amour soon began a disco and electro classic all over the place. Florence born producer and musician Maurizio Dami - with co-conspirators Giampiero Bigazzi, Arlo Bigazzi and Marzio Benelli - created a mysterious character, a so called \"modular structure born out a soviet calculator and promptly runaway\". He was singing in french and was supported by primordial digital machine, using at the same time the more classical electric guitars, sax and sensual female voices. A handful of evergreen are still played all over the world by many international deejays, while \"Problemes d'Amour\" was even featured on influential Strut compilation Disco Not Disco 2. American label Sire (home of Talking Heads and a young Madonna) published a Fuzz Dance Ep in 1985 with the Robotnick masterpiece and several contribution from Mya & The Mirror, Gina & The Flexix and Na\u00eff Orchestra. Maurizio Dami is still performing worldwide as a dj and is still composing new music. After 40 years Spittle Records in joint venture with Materiali Sonori re-issues the mini album and the 12\" with its original artwork.","og_url":"https:\/\/wpguerssen-test.odoo.rgbconsulting.com\/es\/producto\/ce-nest-qun-debut\/","og_site_name":"Guerssen records","article_modified_time":"2025-04-04T10:30:53+00:00","og_image":[{"width":768,"height":768,"url":"https:\/\/wpguerssen-test.odoo.rgbconsulting.com\/wp-content\/uploads\/2023\/10\/45775.jpg","type":"image\/jpeg"}],"twitter_card":"summary_large_image","twitter_title":"ROBOTNICK, Alexander - Ce N'est Q'Un Debut -  (LP) | Guerssen","twitter_misc":{"Tiempo de lectura":"1 minuto"},"schema":{"@context":"https:\/\/schema.org","@graph":[{"@type":"WebPage","@id":"https:\/\/wpguerssen-test.odoo.rgbconsulting.com\/es\/producto\/ce-nest-qun-debut\/","url":"https:\/\/wpguerssen-test.odoo.rgbconsulting.com\/es\/producto\/ce-nest-qun-debut\/","name":"ROBOTNICK, Alexander - Ce N'est Q'Un Debut - (LP) | Guerssen","isPartOf":{"@id":"https:\/\/wpguerssen-test.odoo.rgbconsulting.com\/es\/#website"},"primaryImageOfPage":{"@id":"https:\/\/wpguerssen-test.odoo.rgbconsulting.com\/es\/producto\/ce-nest-qun-debut\/#primaryimage"},"image":{"@id":"https:\/\/wpguerssen-test.odoo.rgbconsulting.com\/es\/producto\/ce-nest-qun-debut\/#primaryimage"},"thumbnailUrl":"https:\/\/wpguerssen-test.odoo.rgbconsulting.com\/wp-content\/uploads\/2023\/10\/45775.jpg","datePublished":"2025-03-31T22:00:00+00:00","dateModified":"2025-04-04T10:30:53+00:00","description":"REPRESS ! Raised from the ashes of eighties new wave (when Materiali Sonori debuted the Fuzz Dance series), Problemes D'Amour soon began a disco and electro classic all over the place. Florence born producer and musician Maurizio Dami - with co-conspirators Giampiero Bigazzi, Arlo Bigazzi and Marzio Benelli - created a mysterious character, a so called \"modular structure born out a soviet calculator and promptly runaway\". He was singing in french and was supported by primordial digital machine, using at the same time the more classical electric guitars, sax and sensual female voices. A handful of evergreen are still played all over the world by many international deejays, while \"Problemes d'Amour\" was even featured on influential Strut compilation Disco Not Disco 2. American label Sire (home of Talking Heads and a young Madonna) published a Fuzz Dance Ep in 1985 with the Robotnick masterpiece and several contribution from Mya & The Mirror, Gina & The Flexix and Na\u00eff Orchestra. Maurizio Dami is still performing worldwide as a dj and is still composing new music. After 40 years Spittle Records in joint venture with Materiali Sonori re-issues the mini album and the 12\" with its original artwork.","breadcrumb":{"@id":"https:\/\/wpguerssen-test.odoo.rgbconsulting.com\/es\/producto\/ce-nest-qun-debut\/#breadcrumb"},"inLanguage":"es","potentialAction":[{"@type":"ReadAction","target":["https:\/\/wpguerssen-test.odoo.rgbconsulting.com\/es\/producto\/ce-nest-qun-debut\/"]}]},{"@type":"ImageObject","inLanguage":"es","@id":"https:\/\/wpguerssen-test.odoo.rgbconsulting.com\/es\/producto\/ce-nest-qun-debut\/#primaryimage","url":"https:\/\/wpguerssen-test.odoo.rgbconsulting.com\/wp-content\/uploads\/2023\/10\/45775.jpg","contentUrl":"https:\/\/wpguerssen-test.odoo.rgbconsulting.com\/wp-content\/uploads\/2023\/10\/45775.jpg","width":768,"height":768,"caption":"Alexander - Ce N'est Q'Un Debut - SPITTLE RECORDS (LP) | Guerssen"},{"@type":"BreadcrumbList","@id":"https:\/\/wpguerssen-test.odoo.rgbconsulting.com\/es\/producto\/ce-nest-qun-debut\/#breadcrumb","itemListElement":[{"@type":"ListItem","position":1,"name":"Inicio","item":"https:\/\/wpguerssen-test.odoo.rgbconsulting.com\/es\/"},{"@type":"ListItem","position":2,"name":"Shop","item":"https:\/\/wpguerssen-test.odoo.rgbconsulting.com\/shop\/"},{"@type":"ListItem","position":3,"name":"Ce N&#8217;est Q&#8217;Un Debut"}]},{"@type":"WebSite","@id":"https:\/\/wpguerssen-test.odoo.rgbconsulting.com\/es\/#website","url":"https:\/\/wpguerssen-test.odoo.rgbconsulting.com\/es\/","name":"Guerssen records","description":"psychedelia - progressive - folk - garage ","publisher":{"@id":"https:\/\/wpguerssen-test.odoo.rgbconsulting.com\/es\/#organization"},"potentialAction":[{"@type":"SearchAction","target":{"@type":"EntryPoint","urlTemplate":"https:\/\/wpguerssen-test.odoo.rgbconsulting.com\/es\/?s={search_term_string}"},"query-input":{"@type":"PropertyValueSpecification","valueRequired":true,"valueName":"search_term_string"}}],"inLanguage":"es"},{"@type":"Organization","@id":"https:\/\/wpguerssen-test.odoo.rgbconsulting.com\/es\/#organization","name":"Guerssen records","url":"https:\/\/wpguerssen-test.odoo.rgbconsulting.com\/es\/","logo":{"@type":"ImageObject","inLanguage":"es","@id":"https:\/\/wpguerssen-test.odoo.rgbconsulting.com\/es\/#\/schema\/logo\/image\/","url":"https:\/\/wpguerssen-test.odoo.rgbconsulting.com\/wp-content\/uploads\/2022\/04\/Logo_Guerssen_trans_100.png","contentUrl":"https:\/\/wpguerssen-test.odoo.rgbconsulting.com\/wp-content\/uploads\/2022\/04\/Logo_Guerssen_trans_100.png","width":122,"height":100,"caption":"Guerssen records"},"image":{"@id":"https:\/\/wpguerssen-test.odoo.rgbconsulting.com\/es\/#\/schema\/logo\/image\/"}}]}},"_links":{"self":[{"href":"https:\/\/wpguerssen-test.odoo.rgbconsulting.com\/es\/wp-json\/wp\/v2\/product\/243841","targetHints":{"allow":["GET"]}}],"collection":[{"href":"https:\/\/wpguerssen-test.odoo.rgbconsulting.com\/es\/wp-json\/wp\/v2\/product"}],"about":[{"href":"https:\/\/wpguerssen-test.odoo.rgbconsulting.com\/es\/wp-json\/wp\/v2\/types\/product"}],"wp:featuredmedia":[{"embeddable":true,"href":"https:\/\/wpguerssen-test.odoo.rgbconsulting.com\/es\/wp-json\/wp\/v2\/media\/243816"}],"wp:attachment":[{"href":"https:\/\/wpguerssen-test.odoo.rgbconsulting.com\/es\/wp-json\/wp\/v2\/media?parent=243841"}],"wp:term":[{"taxonomy":"product_brand","embeddable":true,"href":"https:\/\/wpguerssen-test.odoo.rgbconsulting.com\/es\/wp-json\/wp\/v2\/product_brand?post=243841"},{"taxonomy":"product_cat","embeddable":true,"href":"https:\/\/wpguerssen-test.odoo.rgbconsulting.com\/es\/wp-json\/wp\/v2\/product_cat?post=243841"},{"taxonomy":"product_tag","embeddable":true,"href":"https:\/\/wpguerssen-test.odoo.rgbconsulting.com\/es\/wp-json\/wp\/v2\/product_tag?post=243841"}],"curies":[{"name":"wp","href":"https:\/\/api.w.org\/{rel}","templated":true}]}}