{"id":243842,"date":"2023-12-07T00:00:00","date_gmt":"2023-12-06T23:00:00","guid":{"rendered":"https:\/\/wpguerssen-test.odoo.rgbconsulting.com\/product\/tony-scott-in-south-africa\/"},"modified":"2024-04-30T11:22:16","modified_gmt":"2024-04-30T09:22:16","slug":"tony-scott-in-south-africa","status":"publish","type":"product","link":"https:\/\/wpguerssen-test.odoo.rgbconsulting.com\/es\/producto\/tony-scott-in-south-africa\/","title":{"rendered":"Tony Scott In South Africa"},"content":{"rendered":"<p>Este es el incomparable Tony Scott, uno de los mejores clarinetistas de jazz estadounidenses de todos los tiempos, captado durante una gira por Sud\u00e1frica en 1957. En el \u00e1lbum, Scott se une a una banda de baile local de Marabi llamada Alexandra Dead End Kids y toca en vivo con su cuarteto de jazz frente a multitudes hiperentusiastas. Es fant\u00e1stico escuchar su magistral clarinete dividi\u00e9ndose entre el sonido de las melod\u00edas populares sudafricanas y el virtuosismo de una interpretaci\u00f3n de jazz real. Este disco revela la gran versatilidad, el gran esp\u00edritu y el profundo amor de Scott por la m\u00fasica y la gente.<\/p>\n","protected":false},"excerpt":{"rendered":"<p>Este es el incomparable Tony Scott, uno de los mejores clarinetistas de jazz estadounidenses de todos los tiempos, captado durante una gira por Sud\u00e1frica en 1957.<a class=\"read\" href=\"https:\/\/wpguerssen-test.odoo.rgbconsulting.com\/es\/producto\/tony-scott-in-south-africa\/\"> (...)<\/a>","protected":false},"featured_media":243819,"template":"","meta":{"_acf_changed":false},"product_brand":[],"product_cat":[23258,23227],"product_tag":[],"class_list":{"0":"post-243842","1":"product","2":"type-product","3":"status-publish","4":"has-post-thumbnail","6":"product_cat-afro-funk-afrobeat-es","7":"product_cat-jazz-es","8":"pa_artist-scott-tony","9":"pa_format-lp-es","10":"pa_gender-afro-funk-afrobeat-jazz","11":"pa_label-honeypie","12":"pa_location-north-america-es","13":"pa_other-filters-vinyl-only-es","15":"first","16":"instock","17":"taxable","18":"shipping-taxable","19":"purchasable","20":"product-type-simple"},"acf":[],"yoast_head":"<!-- This site is optimized with the Yoast SEO plugin v24.9 - https:\/\/yoast.com\/wordpress\/plugins\/seo\/ -->\n<title>SCOTT, Tony - Tony Scott In South Africa -  (LP) | Guerssen<\/title>\n<meta name=\"description\" content=\"This is the incomparable Tony Scott, one of the greatest American jazz clarinetists of all times caught while touring South Africa in 1957. The album sees Scott joining a local Marabi dance band called Alexandra Dead End Kids and playing live with his jazz quartet in front of hyper-enthusiastic crowds. It&#039;s great to hear his masterful clarinet splitting between the penny whistle sound of South African folk tunes and the virtuosity of a real jazz performance. This disc reveals Scott&#039;s great versatility, high spirit and deep love for music and people.\" \/>\n<meta name=\"robots\" content=\"index, follow, max-snippet:-1, max-image-preview:large, max-video-preview:-1\" \/>\n<link rel=\"canonical\" href=\"https:\/\/wpguerssen-test.odoo.rgbconsulting.com\/es\/producto\/tony-scott-in-south-africa\/\" \/>\n<meta property=\"og:locale\" content=\"es_ES\" \/>\n<meta property=\"og:type\" content=\"article\" \/>\n<meta property=\"og:title\" content=\"SCOTT, Tony - Tony Scott In South Africa -  (LP) | Guerssen\" \/>\n<meta property=\"og:description\" content=\"This is the incomparable Tony Scott, one of the greatest American jazz clarinetists of all times caught while touring South Africa in 1957. The album sees Scott joining a local Marabi dance band called Alexandra Dead End Kids and playing live with his jazz quartet in front of hyper-enthusiastic crowds. It&#039;s great to hear his masterful clarinet splitting between the penny whistle sound of South African folk tunes and the virtuosity of a real jazz performance. This disc reveals Scott&#039;s great versatility, high spirit and deep love for music and people.\" \/>\n<meta property=\"og:url\" content=\"https:\/\/wpguerssen-test.odoo.rgbconsulting.com\/es\/producto\/tony-scott-in-south-africa\/\" \/>\n<meta property=\"og:site_name\" content=\"Guerssen records\" \/>\n<meta property=\"article:modified_time\" content=\"2024-04-30T09:22:16+00:00\" \/>\n<meta property=\"og:image\" content=\"https:\/\/wpguerssen-test.odoo.rgbconsulting.com\/wp-content\/uploads\/2023\/10\/45776.jpg\" \/>\n\t<meta property=\"og:image:width\" content=\"1181\" \/>\n\t<meta property=\"og:image:height\" content=\"1169\" \/>\n\t<meta property=\"og:image:type\" content=\"image\/jpeg\" \/>\n<meta name=\"twitter:card\" content=\"summary_large_image\" \/>\n<meta name=\"twitter:title\" content=\"SCOTT, Tony - Tony Scott In South Africa -  (LP) | Guerssen\" \/>\n<meta name=\"twitter:label1\" content=\"Tiempo de lectura\" \/>\n\t<meta name=\"twitter:data1\" content=\"1 minuto\" \/>\n<script type=\"application\/ld+json\" class=\"yoast-schema-graph\">{\"@context\":\"https:\/\/schema.org\",\"@graph\":[{\"@type\":\"WebPage\",\"@id\":\"https:\/\/wpguerssen-test.odoo.rgbconsulting.com\/es\/producto\/tony-scott-in-south-africa\/\",\"url\":\"https:\/\/wpguerssen-test.odoo.rgbconsulting.com\/es\/producto\/tony-scott-in-south-africa\/\",\"name\":\"SCOTT, Tony - Tony Scott In South Africa - (LP) | Guerssen\",\"isPartOf\":{\"@id\":\"https:\/\/wpguerssen-test.odoo.rgbconsulting.com\/es\/#website\"},\"primaryImageOfPage\":{\"@id\":\"https:\/\/wpguerssen-test.odoo.rgbconsulting.com\/es\/producto\/tony-scott-in-south-africa\/#primaryimage\"},\"image\":{\"@id\":\"https:\/\/wpguerssen-test.odoo.rgbconsulting.com\/es\/producto\/tony-scott-in-south-africa\/#primaryimage\"},\"thumbnailUrl\":\"https:\/\/wpguerssen-test.odoo.rgbconsulting.com\/wp-content\/uploads\/2023\/10\/45776.jpg\",\"datePublished\":\"2023-12-06T23:00:00+00:00\",\"dateModified\":\"2024-04-30T09:22:16+00:00\",\"description\":\"This is the incomparable Tony Scott, one of the greatest American jazz clarinetists of all times caught while touring South Africa in 1957. The album sees Scott joining a local Marabi dance band called Alexandra Dead End Kids and playing live with his jazz quartet in front of hyper-enthusiastic crowds. It's great to hear his masterful clarinet splitting between the penny whistle sound of South African folk tunes and the virtuosity of a real jazz performance. This disc reveals Scott's great versatility, high spirit and deep love for music and people.\",\"breadcrumb\":{\"@id\":\"https:\/\/wpguerssen-test.odoo.rgbconsulting.com\/es\/producto\/tony-scott-in-south-africa\/#breadcrumb\"},\"inLanguage\":\"es\",\"potentialAction\":[{\"@type\":\"ReadAction\",\"target\":[\"https:\/\/wpguerssen-test.odoo.rgbconsulting.com\/es\/producto\/tony-scott-in-south-africa\/\"]}]},{\"@type\":\"ImageObject\",\"inLanguage\":\"es\",\"@id\":\"https:\/\/wpguerssen-test.odoo.rgbconsulting.com\/es\/producto\/tony-scott-in-south-africa\/#primaryimage\",\"url\":\"https:\/\/wpguerssen-test.odoo.rgbconsulting.com\/wp-content\/uploads\/2023\/10\/45776.jpg\",\"contentUrl\":\"https:\/\/wpguerssen-test.odoo.rgbconsulting.com\/wp-content\/uploads\/2023\/10\/45776.jpg\",\"width\":1181,\"height\":1169,\"caption\":\"Tony - Tony Scott In South Africa - HONEYPIE (LP) | Guerssen\"},{\"@type\":\"BreadcrumbList\",\"@id\":\"https:\/\/wpguerssen-test.odoo.rgbconsulting.com\/es\/producto\/tony-scott-in-south-africa\/#breadcrumb\",\"itemListElement\":[{\"@type\":\"ListItem\",\"position\":1,\"name\":\"Inicio\",\"item\":\"https:\/\/wpguerssen-test.odoo.rgbconsulting.com\/es\/\"},{\"@type\":\"ListItem\",\"position\":2,\"name\":\"Shop\",\"item\":\"https:\/\/wpguerssen-test.odoo.rgbconsulting.com\/shop\/\"},{\"@type\":\"ListItem\",\"position\":3,\"name\":\"Tony Scott In South Africa\"}]},{\"@type\":\"WebSite\",\"@id\":\"https:\/\/wpguerssen-test.odoo.rgbconsulting.com\/es\/#website\",\"url\":\"https:\/\/wpguerssen-test.odoo.rgbconsulting.com\/es\/\",\"name\":\"Guerssen records\",\"description\":\"psychedelia - progressive - folk - garage \",\"publisher\":{\"@id\":\"https:\/\/wpguerssen-test.odoo.rgbconsulting.com\/es\/#organization\"},\"potentialAction\":[{\"@type\":\"SearchAction\",\"target\":{\"@type\":\"EntryPoint\",\"urlTemplate\":\"https:\/\/wpguerssen-test.odoo.rgbconsulting.com\/es\/?s={search_term_string}\"},\"query-input\":{\"@type\":\"PropertyValueSpecification\",\"valueRequired\":true,\"valueName\":\"search_term_string\"}}],\"inLanguage\":\"es\"},{\"@type\":\"Organization\",\"@id\":\"https:\/\/wpguerssen-test.odoo.rgbconsulting.com\/es\/#organization\",\"name\":\"Guerssen records\",\"url\":\"https:\/\/wpguerssen-test.odoo.rgbconsulting.com\/es\/\",\"logo\":{\"@type\":\"ImageObject\",\"inLanguage\":\"es\",\"@id\":\"https:\/\/wpguerssen-test.odoo.rgbconsulting.com\/es\/#\/schema\/logo\/image\/\",\"url\":\"https:\/\/wpguerssen-test.odoo.rgbconsulting.com\/wp-content\/uploads\/2022\/04\/Logo_Guerssen_trans_100.png\",\"contentUrl\":\"https:\/\/wpguerssen-test.odoo.rgbconsulting.com\/wp-content\/uploads\/2022\/04\/Logo_Guerssen_trans_100.png\",\"width\":122,\"height\":100,\"caption\":\"Guerssen records\"},\"image\":{\"@id\":\"https:\/\/wpguerssen-test.odoo.rgbconsulting.com\/es\/#\/schema\/logo\/image\/\"}}]}<\/script>\n<!-- \/ Yoast SEO plugin. -->","yoast_head_json":{"title":"SCOTT, Tony - Tony Scott In South Africa -  (LP) | Guerssen","description":"This is the incomparable Tony Scott, one of the greatest American jazz clarinetists of all times caught while touring South Africa in 1957. The album sees Scott joining a local Marabi dance band called Alexandra Dead End Kids and playing live with his jazz quartet in front of hyper-enthusiastic crowds. It's great to hear his masterful clarinet splitting between the penny whistle sound of South African folk tunes and the virtuosity of a real jazz performance. This disc reveals Scott's great versatility, high spirit and deep love for music and people.","robots":{"index":"index","follow":"follow","max-snippet":"max-snippet:-1","max-image-preview":"max-image-preview:large","max-video-preview":"max-video-preview:-1"},"canonical":"https:\/\/wpguerssen-test.odoo.rgbconsulting.com\/es\/producto\/tony-scott-in-south-africa\/","og_locale":"es_ES","og_type":"article","og_title":"SCOTT, Tony - Tony Scott In South Africa -  (LP) | Guerssen","og_description":"This is the incomparable Tony Scott, one of the greatest American jazz clarinetists of all times caught while touring South Africa in 1957. The album sees Scott joining a local Marabi dance band called Alexandra Dead End Kids and playing live with his jazz quartet in front of hyper-enthusiastic crowds. It's great to hear his masterful clarinet splitting between the penny whistle sound of South African folk tunes and the virtuosity of a real jazz performance. This disc reveals Scott's great versatility, high spirit and deep love for music and people.","og_url":"https:\/\/wpguerssen-test.odoo.rgbconsulting.com\/es\/producto\/tony-scott-in-south-africa\/","og_site_name":"Guerssen records","article_modified_time":"2024-04-30T09:22:16+00:00","og_image":[{"width":1181,"height":1169,"url":"https:\/\/wpguerssen-test.odoo.rgbconsulting.com\/wp-content\/uploads\/2023\/10\/45776.jpg","type":"image\/jpeg"}],"twitter_card":"summary_large_image","twitter_title":"SCOTT, Tony - Tony Scott In South Africa -  (LP) | Guerssen","twitter_misc":{"Tiempo de lectura":"1 minuto"},"schema":{"@context":"https:\/\/schema.org","@graph":[{"@type":"WebPage","@id":"https:\/\/wpguerssen-test.odoo.rgbconsulting.com\/es\/producto\/tony-scott-in-south-africa\/","url":"https:\/\/wpguerssen-test.odoo.rgbconsulting.com\/es\/producto\/tony-scott-in-south-africa\/","name":"SCOTT, Tony - Tony Scott In South Africa - (LP) | Guerssen","isPartOf":{"@id":"https:\/\/wpguerssen-test.odoo.rgbconsulting.com\/es\/#website"},"primaryImageOfPage":{"@id":"https:\/\/wpguerssen-test.odoo.rgbconsulting.com\/es\/producto\/tony-scott-in-south-africa\/#primaryimage"},"image":{"@id":"https:\/\/wpguerssen-test.odoo.rgbconsulting.com\/es\/producto\/tony-scott-in-south-africa\/#primaryimage"},"thumbnailUrl":"https:\/\/wpguerssen-test.odoo.rgbconsulting.com\/wp-content\/uploads\/2023\/10\/45776.jpg","datePublished":"2023-12-06T23:00:00+00:00","dateModified":"2024-04-30T09:22:16+00:00","description":"This is the incomparable Tony Scott, one of the greatest American jazz clarinetists of all times caught while touring South Africa in 1957. The album sees Scott joining a local Marabi dance band called Alexandra Dead End Kids and playing live with his jazz quartet in front of hyper-enthusiastic crowds. It's great to hear his masterful clarinet splitting between the penny whistle sound of South African folk tunes and the virtuosity of a real jazz performance. This disc reveals Scott's great versatility, high spirit and deep love for music and people.","breadcrumb":{"@id":"https:\/\/wpguerssen-test.odoo.rgbconsulting.com\/es\/producto\/tony-scott-in-south-africa\/#breadcrumb"},"inLanguage":"es","potentialAction":[{"@type":"ReadAction","target":["https:\/\/wpguerssen-test.odoo.rgbconsulting.com\/es\/producto\/tony-scott-in-south-africa\/"]}]},{"@type":"ImageObject","inLanguage":"es","@id":"https:\/\/wpguerssen-test.odoo.rgbconsulting.com\/es\/producto\/tony-scott-in-south-africa\/#primaryimage","url":"https:\/\/wpguerssen-test.odoo.rgbconsulting.com\/wp-content\/uploads\/2023\/10\/45776.jpg","contentUrl":"https:\/\/wpguerssen-test.odoo.rgbconsulting.com\/wp-content\/uploads\/2023\/10\/45776.jpg","width":1181,"height":1169,"caption":"Tony - Tony Scott In South Africa - HONEYPIE (LP) | Guerssen"},{"@type":"BreadcrumbList","@id":"https:\/\/wpguerssen-test.odoo.rgbconsulting.com\/es\/producto\/tony-scott-in-south-africa\/#breadcrumb","itemListElement":[{"@type":"ListItem","position":1,"name":"Inicio","item":"https:\/\/wpguerssen-test.odoo.rgbconsulting.com\/es\/"},{"@type":"ListItem","position":2,"name":"Shop","item":"https:\/\/wpguerssen-test.odoo.rgbconsulting.com\/shop\/"},{"@type":"ListItem","position":3,"name":"Tony Scott In South Africa"}]},{"@type":"WebSite","@id":"https:\/\/wpguerssen-test.odoo.rgbconsulting.com\/es\/#website","url":"https:\/\/wpguerssen-test.odoo.rgbconsulting.com\/es\/","name":"Guerssen records","description":"psychedelia - progressive - folk - garage ","publisher":{"@id":"https:\/\/wpguerssen-test.odoo.rgbconsulting.com\/es\/#organization"},"potentialAction":[{"@type":"SearchAction","target":{"@type":"EntryPoint","urlTemplate":"https:\/\/wpguerssen-test.odoo.rgbconsulting.com\/es\/?s={search_term_string}"},"query-input":{"@type":"PropertyValueSpecification","valueRequired":true,"valueName":"search_term_string"}}],"inLanguage":"es"},{"@type":"Organization","@id":"https:\/\/wpguerssen-test.odoo.rgbconsulting.com\/es\/#organization","name":"Guerssen records","url":"https:\/\/wpguerssen-test.odoo.rgbconsulting.com\/es\/","logo":{"@type":"ImageObject","inLanguage":"es","@id":"https:\/\/wpguerssen-test.odoo.rgbconsulting.com\/es\/#\/schema\/logo\/image\/","url":"https:\/\/wpguerssen-test.odoo.rgbconsulting.com\/wp-content\/uploads\/2022\/04\/Logo_Guerssen_trans_100.png","contentUrl":"https:\/\/wpguerssen-test.odoo.rgbconsulting.com\/wp-content\/uploads\/2022\/04\/Logo_Guerssen_trans_100.png","width":122,"height":100,"caption":"Guerssen records"},"image":{"@id":"https:\/\/wpguerssen-test.odoo.rgbconsulting.com\/es\/#\/schema\/logo\/image\/"}}]}},"_links":{"self":[{"href":"https:\/\/wpguerssen-test.odoo.rgbconsulting.com\/es\/wp-json\/wp\/v2\/product\/243842","targetHints":{"allow":["GET"]}}],"collection":[{"href":"https:\/\/wpguerssen-test.odoo.rgbconsulting.com\/es\/wp-json\/wp\/v2\/product"}],"about":[{"href":"https:\/\/wpguerssen-test.odoo.rgbconsulting.com\/es\/wp-json\/wp\/v2\/types\/product"}],"wp:featuredmedia":[{"embeddable":true,"href":"https:\/\/wpguerssen-test.odoo.rgbconsulting.com\/es\/wp-json\/wp\/v2\/media\/243819"}],"wp:attachment":[{"href":"https:\/\/wpguerssen-test.odoo.rgbconsulting.com\/es\/wp-json\/wp\/v2\/media?parent=243842"}],"wp:term":[{"taxonomy":"product_brand","embeddable":true,"href":"https:\/\/wpguerssen-test.odoo.rgbconsulting.com\/es\/wp-json\/wp\/v2\/product_brand?post=243842"},{"taxonomy":"product_cat","embeddable":true,"href":"https:\/\/wpguerssen-test.odoo.rgbconsulting.com\/es\/wp-json\/wp\/v2\/product_cat?post=243842"},{"taxonomy":"product_tag","embeddable":true,"href":"https:\/\/wpguerssen-test.odoo.rgbconsulting.com\/es\/wp-json\/wp\/v2\/product_tag?post=243842"}],"curies":[{"name":"wp","href":"https:\/\/api.w.org\/{rel}","templated":true}]}}