{"id":243843,"date":"2023-12-05T00:00:00","date_gmt":"2023-12-04T23:00:00","guid":{"rendered":"https:\/\/wpguerssen-test.odoo.rgbconsulting.com\/product\/transmission\/"},"modified":"2025-03-26T16:51:45","modified_gmt":"2025-03-26T15:51:45","slug":"transmission","status":"publish","type":"product","link":"https:\/\/wpguerssen-test.odoo.rgbconsulting.com\/es\/producto\/transmission\/","title":{"rendered":"Transmission"},"content":{"rendered":"<p>Una incre\u00edble colecci\u00f3n de sesiones de radio y retransmisiones televisivas de la legendaria banda brit\u00e1nica de mod SMALL FACES. Desde el resurgimiento del R&#038;B del \u00e1lbum debut hasta el soul psicod\u00e9lico del cl\u00e1sico &#8216;Ogdens&#8217; Nut Gone Flake&#8217;, SMALL FACES fueron una de las bandas m\u00e1s emocionantes e influyentes de la invasi\u00f3n brit\u00e1nica. Las 23 pistas recopiladas en este 2LP re\u00fanen las grabaciones de la banda para los programas de radio de la BBC Saturday Club, Top Gear y Joe Loss Pop Show y transmisiones de televisi\u00f3n europeas en el fant\u00e1stico per\u00edodo de cuatro a\u00f1os de 1965 a 1968.<\/p>\n","protected":false},"excerpt":{"rendered":"<p>Una incre\u00edble colecci\u00f3n de sesiones de radio y retransmisiones televisivas de la legendaria banda brit\u00e1nica de mod SMALL FACES. Desde el resurgimiento del R&#038;B<a class=\"read\" href=\"https:\/\/wpguerssen-test.odoo.rgbconsulting.com\/es\/producto\/transmission\/\"> (...)<\/a>","protected":false},"featured_media":243822,"template":"","meta":{"_acf_changed":false},"product_brand":[],"product_cat":[23281],"product_tag":[],"class_list":{"0":"post-243843","1":"product","2":"type-product","3":"status-publish","4":"has-post-thumbnail","6":"product_cat-garagebeatrnb60-70-es","7":"pa_artist-small-faces-es","8":"pa_format-2lp-es","9":"pa_gender-garage-beat-rnb60-70-garagebeatrnb60-70","10":"pa_label-expensive-woodland-recordings","11":"pa_location-uk-ireland-es","12":"pa_other-filters-vinyl-only-es","14":"first","15":"instock","16":"taxable","17":"shipping-taxable","18":"purchasable","19":"product-type-simple"},"acf":[],"yoast_head":"<!-- This site is optimized with the Yoast SEO plugin v24.9 - https:\/\/yoast.com\/wordpress\/plugins\/seo\/ -->\n<title>SMALL FACES - Transmission -  (2LP) | Guerssen<\/title>\n<meta name=\"description\" content=\"An amazing collection of radio sessions and TV broadcasts from the legendary British mod band, SMALL FACES. From the R&amp;B revival of the debut album to the psychedelic soul of the classic &#039;Ogdens&#039; Nut Gone Flake&#039; SMALL FACES were one of the most exciting and influential bands of the British invasion. The 23 tracks collected on this 2LP set bring together the band&#039;s recordings for the BBC radio shows Saturday Club, Top Gear and the Joe Loss Pop Show and European television broadcasts in the fantastic four year period from 1965 to 1968.\" \/>\n<meta name=\"robots\" content=\"index, follow, max-snippet:-1, max-image-preview:large, max-video-preview:-1\" \/>\n<link rel=\"canonical\" href=\"https:\/\/wpguerssen-test.odoo.rgbconsulting.com\/es\/producto\/transmission\/\" \/>\n<meta property=\"og:locale\" content=\"es_ES\" \/>\n<meta property=\"og:type\" content=\"article\" \/>\n<meta property=\"og:title\" content=\"SMALL FACES - Transmission -  (2LP) | Guerssen\" \/>\n<meta property=\"og:description\" content=\"An amazing collection of radio sessions and TV broadcasts from the legendary British mod band, SMALL FACES. From the R&amp;B revival of the debut album to the psychedelic soul of the classic &#039;Ogdens&#039; Nut Gone Flake&#039; SMALL FACES were one of the most exciting and influential bands of the British invasion. The 23 tracks collected on this 2LP set bring together the band&#039;s recordings for the BBC radio shows Saturday Club, Top Gear and the Joe Loss Pop Show and European television broadcasts in the fantastic four year period from 1965 to 1968.\" \/>\n<meta property=\"og:url\" content=\"https:\/\/wpguerssen-test.odoo.rgbconsulting.com\/es\/producto\/transmission\/\" \/>\n<meta property=\"og:site_name\" content=\"Guerssen records\" \/>\n<meta property=\"article:modified_time\" content=\"2025-03-26T15:51:45+00:00\" \/>\n<meta property=\"og:image\" content=\"https:\/\/wpguerssen-test.odoo.rgbconsulting.com\/wp-content\/uploads\/2023\/10\/45777.jpg\" \/>\n\t<meta property=\"og:image:width\" content=\"2315\" \/>\n\t<meta property=\"og:image:height\" content=\"1324\" \/>\n\t<meta property=\"og:image:type\" content=\"image\/jpeg\" \/>\n<meta name=\"twitter:card\" content=\"summary_large_image\" \/>\n<meta name=\"twitter:title\" content=\"SMALL FACES - Transmission -  (2LP) | Guerssen\" \/>\n<meta name=\"twitter:label1\" content=\"Tiempo de lectura\" \/>\n\t<meta name=\"twitter:data1\" content=\"1 minuto\" \/>\n<script type=\"application\/ld+json\" class=\"yoast-schema-graph\">{\"@context\":\"https:\/\/schema.org\",\"@graph\":[{\"@type\":\"WebPage\",\"@id\":\"https:\/\/wpguerssen-test.odoo.rgbconsulting.com\/es\/producto\/transmission\/\",\"url\":\"https:\/\/wpguerssen-test.odoo.rgbconsulting.com\/es\/producto\/transmission\/\",\"name\":\"SMALL FACES - Transmission - (2LP) | Guerssen\",\"isPartOf\":{\"@id\":\"https:\/\/wpguerssen-test.odoo.rgbconsulting.com\/es\/#website\"},\"primaryImageOfPage\":{\"@id\":\"https:\/\/wpguerssen-test.odoo.rgbconsulting.com\/es\/producto\/transmission\/#primaryimage\"},\"image\":{\"@id\":\"https:\/\/wpguerssen-test.odoo.rgbconsulting.com\/es\/producto\/transmission\/#primaryimage\"},\"thumbnailUrl\":\"https:\/\/wpguerssen-test.odoo.rgbconsulting.com\/wp-content\/uploads\/2023\/10\/45777.jpg\",\"datePublished\":\"2023-12-04T23:00:00+00:00\",\"dateModified\":\"2025-03-26T15:51:45+00:00\",\"description\":\"An amazing collection of radio sessions and TV broadcasts from the legendary British mod band, SMALL FACES. From the R&B revival of the debut album to the psychedelic soul of the classic 'Ogdens' Nut Gone Flake' SMALL FACES were one of the most exciting and influential bands of the British invasion. The 23 tracks collected on this 2LP set bring together the band's recordings for the BBC radio shows Saturday Club, Top Gear and the Joe Loss Pop Show and European television broadcasts in the fantastic four year period from 1965 to 1968.\",\"breadcrumb\":{\"@id\":\"https:\/\/wpguerssen-test.odoo.rgbconsulting.com\/es\/producto\/transmission\/#breadcrumb\"},\"inLanguage\":\"es\",\"potentialAction\":[{\"@type\":\"ReadAction\",\"target\":[\"https:\/\/wpguerssen-test.odoo.rgbconsulting.com\/es\/producto\/transmission\/\"]}]},{\"@type\":\"ImageObject\",\"inLanguage\":\"es\",\"@id\":\"https:\/\/wpguerssen-test.odoo.rgbconsulting.com\/es\/producto\/transmission\/#primaryimage\",\"url\":\"https:\/\/wpguerssen-test.odoo.rgbconsulting.com\/wp-content\/uploads\/2023\/10\/45777.jpg\",\"contentUrl\":\"https:\/\/wpguerssen-test.odoo.rgbconsulting.com\/wp-content\/uploads\/2023\/10\/45777.jpg\",\"width\":2315,\"height\":1324},{\"@type\":\"BreadcrumbList\",\"@id\":\"https:\/\/wpguerssen-test.odoo.rgbconsulting.com\/es\/producto\/transmission\/#breadcrumb\",\"itemListElement\":[{\"@type\":\"ListItem\",\"position\":1,\"name\":\"Inicio\",\"item\":\"https:\/\/wpguerssen-test.odoo.rgbconsulting.com\/es\/\"},{\"@type\":\"ListItem\",\"position\":2,\"name\":\"Shop\",\"item\":\"https:\/\/wpguerssen-test.odoo.rgbconsulting.com\/shop\/\"},{\"@type\":\"ListItem\",\"position\":3,\"name\":\"Transmission\"}]},{\"@type\":\"WebSite\",\"@id\":\"https:\/\/wpguerssen-test.odoo.rgbconsulting.com\/es\/#website\",\"url\":\"https:\/\/wpguerssen-test.odoo.rgbconsulting.com\/es\/\",\"name\":\"Guerssen records\",\"description\":\"psychedelia - progressive - folk - garage \",\"publisher\":{\"@id\":\"https:\/\/wpguerssen-test.odoo.rgbconsulting.com\/es\/#organization\"},\"potentialAction\":[{\"@type\":\"SearchAction\",\"target\":{\"@type\":\"EntryPoint\",\"urlTemplate\":\"https:\/\/wpguerssen-test.odoo.rgbconsulting.com\/es\/?s={search_term_string}\"},\"query-input\":{\"@type\":\"PropertyValueSpecification\",\"valueRequired\":true,\"valueName\":\"search_term_string\"}}],\"inLanguage\":\"es\"},{\"@type\":\"Organization\",\"@id\":\"https:\/\/wpguerssen-test.odoo.rgbconsulting.com\/es\/#organization\",\"name\":\"Guerssen records\",\"url\":\"https:\/\/wpguerssen-test.odoo.rgbconsulting.com\/es\/\",\"logo\":{\"@type\":\"ImageObject\",\"inLanguage\":\"es\",\"@id\":\"https:\/\/wpguerssen-test.odoo.rgbconsulting.com\/es\/#\/schema\/logo\/image\/\",\"url\":\"https:\/\/wpguerssen-test.odoo.rgbconsulting.com\/wp-content\/uploads\/2022\/04\/Logo_Guerssen_trans_100.png\",\"contentUrl\":\"https:\/\/wpguerssen-test.odoo.rgbconsulting.com\/wp-content\/uploads\/2022\/04\/Logo_Guerssen_trans_100.png\",\"width\":122,\"height\":100,\"caption\":\"Guerssen records\"},\"image\":{\"@id\":\"https:\/\/wpguerssen-test.odoo.rgbconsulting.com\/es\/#\/schema\/logo\/image\/\"}}]}<\/script>\n<!-- \/ Yoast SEO plugin. -->","yoast_head_json":{"title":"SMALL FACES - Transmission -  (2LP) | Guerssen","description":"An amazing collection of radio sessions and TV broadcasts from the legendary British mod band, SMALL FACES. From the R&B revival of the debut album to the psychedelic soul of the classic 'Ogdens' Nut Gone Flake' SMALL FACES were one of the most exciting and influential bands of the British invasion. The 23 tracks collected on this 2LP set bring together the band's recordings for the BBC radio shows Saturday Club, Top Gear and the Joe Loss Pop Show and European television broadcasts in the fantastic four year period from 1965 to 1968.","robots":{"index":"index","follow":"follow","max-snippet":"max-snippet:-1","max-image-preview":"max-image-preview:large","max-video-preview":"max-video-preview:-1"},"canonical":"https:\/\/wpguerssen-test.odoo.rgbconsulting.com\/es\/producto\/transmission\/","og_locale":"es_ES","og_type":"article","og_title":"SMALL FACES - Transmission -  (2LP) | Guerssen","og_description":"An amazing collection of radio sessions and TV broadcasts from the legendary British mod band, SMALL FACES. From the R&B revival of the debut album to the psychedelic soul of the classic 'Ogdens' Nut Gone Flake' SMALL FACES were one of the most exciting and influential bands of the British invasion. The 23 tracks collected on this 2LP set bring together the band's recordings for the BBC radio shows Saturday Club, Top Gear and the Joe Loss Pop Show and European television broadcasts in the fantastic four year period from 1965 to 1968.","og_url":"https:\/\/wpguerssen-test.odoo.rgbconsulting.com\/es\/producto\/transmission\/","og_site_name":"Guerssen records","article_modified_time":"2025-03-26T15:51:45+00:00","og_image":[{"width":2315,"height":1324,"url":"https:\/\/wpguerssen-test.odoo.rgbconsulting.com\/wp-content\/uploads\/2023\/10\/45777.jpg","type":"image\/jpeg"}],"twitter_card":"summary_large_image","twitter_title":"SMALL FACES - Transmission -  (2LP) | Guerssen","twitter_misc":{"Tiempo de lectura":"1 minuto"},"schema":{"@context":"https:\/\/schema.org","@graph":[{"@type":"WebPage","@id":"https:\/\/wpguerssen-test.odoo.rgbconsulting.com\/es\/producto\/transmission\/","url":"https:\/\/wpguerssen-test.odoo.rgbconsulting.com\/es\/producto\/transmission\/","name":"SMALL FACES - Transmission - (2LP) | Guerssen","isPartOf":{"@id":"https:\/\/wpguerssen-test.odoo.rgbconsulting.com\/es\/#website"},"primaryImageOfPage":{"@id":"https:\/\/wpguerssen-test.odoo.rgbconsulting.com\/es\/producto\/transmission\/#primaryimage"},"image":{"@id":"https:\/\/wpguerssen-test.odoo.rgbconsulting.com\/es\/producto\/transmission\/#primaryimage"},"thumbnailUrl":"https:\/\/wpguerssen-test.odoo.rgbconsulting.com\/wp-content\/uploads\/2023\/10\/45777.jpg","datePublished":"2023-12-04T23:00:00+00:00","dateModified":"2025-03-26T15:51:45+00:00","description":"An amazing collection of radio sessions and TV broadcasts from the legendary British mod band, SMALL FACES. From the R&B revival of the debut album to the psychedelic soul of the classic 'Ogdens' Nut Gone Flake' SMALL FACES were one of the most exciting and influential bands of the British invasion. The 23 tracks collected on this 2LP set bring together the band's recordings for the BBC radio shows Saturday Club, Top Gear and the Joe Loss Pop Show and European television broadcasts in the fantastic four year period from 1965 to 1968.","breadcrumb":{"@id":"https:\/\/wpguerssen-test.odoo.rgbconsulting.com\/es\/producto\/transmission\/#breadcrumb"},"inLanguage":"es","potentialAction":[{"@type":"ReadAction","target":["https:\/\/wpguerssen-test.odoo.rgbconsulting.com\/es\/producto\/transmission\/"]}]},{"@type":"ImageObject","inLanguage":"es","@id":"https:\/\/wpguerssen-test.odoo.rgbconsulting.com\/es\/producto\/transmission\/#primaryimage","url":"https:\/\/wpguerssen-test.odoo.rgbconsulting.com\/wp-content\/uploads\/2023\/10\/45777.jpg","contentUrl":"https:\/\/wpguerssen-test.odoo.rgbconsulting.com\/wp-content\/uploads\/2023\/10\/45777.jpg","width":2315,"height":1324},{"@type":"BreadcrumbList","@id":"https:\/\/wpguerssen-test.odoo.rgbconsulting.com\/es\/producto\/transmission\/#breadcrumb","itemListElement":[{"@type":"ListItem","position":1,"name":"Inicio","item":"https:\/\/wpguerssen-test.odoo.rgbconsulting.com\/es\/"},{"@type":"ListItem","position":2,"name":"Shop","item":"https:\/\/wpguerssen-test.odoo.rgbconsulting.com\/shop\/"},{"@type":"ListItem","position":3,"name":"Transmission"}]},{"@type":"WebSite","@id":"https:\/\/wpguerssen-test.odoo.rgbconsulting.com\/es\/#website","url":"https:\/\/wpguerssen-test.odoo.rgbconsulting.com\/es\/","name":"Guerssen records","description":"psychedelia - progressive - folk - garage ","publisher":{"@id":"https:\/\/wpguerssen-test.odoo.rgbconsulting.com\/es\/#organization"},"potentialAction":[{"@type":"SearchAction","target":{"@type":"EntryPoint","urlTemplate":"https:\/\/wpguerssen-test.odoo.rgbconsulting.com\/es\/?s={search_term_string}"},"query-input":{"@type":"PropertyValueSpecification","valueRequired":true,"valueName":"search_term_string"}}],"inLanguage":"es"},{"@type":"Organization","@id":"https:\/\/wpguerssen-test.odoo.rgbconsulting.com\/es\/#organization","name":"Guerssen records","url":"https:\/\/wpguerssen-test.odoo.rgbconsulting.com\/es\/","logo":{"@type":"ImageObject","inLanguage":"es","@id":"https:\/\/wpguerssen-test.odoo.rgbconsulting.com\/es\/#\/schema\/logo\/image\/","url":"https:\/\/wpguerssen-test.odoo.rgbconsulting.com\/wp-content\/uploads\/2022\/04\/Logo_Guerssen_trans_100.png","contentUrl":"https:\/\/wpguerssen-test.odoo.rgbconsulting.com\/wp-content\/uploads\/2022\/04\/Logo_Guerssen_trans_100.png","width":122,"height":100,"caption":"Guerssen records"},"image":{"@id":"https:\/\/wpguerssen-test.odoo.rgbconsulting.com\/es\/#\/schema\/logo\/image\/"}}]}},"_links":{"self":[{"href":"https:\/\/wpguerssen-test.odoo.rgbconsulting.com\/es\/wp-json\/wp\/v2\/product\/243843","targetHints":{"allow":["GET"]}}],"collection":[{"href":"https:\/\/wpguerssen-test.odoo.rgbconsulting.com\/es\/wp-json\/wp\/v2\/product"}],"about":[{"href":"https:\/\/wpguerssen-test.odoo.rgbconsulting.com\/es\/wp-json\/wp\/v2\/types\/product"}],"wp:featuredmedia":[{"embeddable":true,"href":"https:\/\/wpguerssen-test.odoo.rgbconsulting.com\/es\/wp-json\/wp\/v2\/media\/243822"}],"wp:attachment":[{"href":"https:\/\/wpguerssen-test.odoo.rgbconsulting.com\/es\/wp-json\/wp\/v2\/media?parent=243843"}],"wp:term":[{"taxonomy":"product_brand","embeddable":true,"href":"https:\/\/wpguerssen-test.odoo.rgbconsulting.com\/es\/wp-json\/wp\/v2\/product_brand?post=243843"},{"taxonomy":"product_cat","embeddable":true,"href":"https:\/\/wpguerssen-test.odoo.rgbconsulting.com\/es\/wp-json\/wp\/v2\/product_cat?post=243843"},{"taxonomy":"product_tag","embeddable":true,"href":"https:\/\/wpguerssen-test.odoo.rgbconsulting.com\/es\/wp-json\/wp\/v2\/product_tag?post=243843"}],"curies":[{"name":"wp","href":"https:\/\/api.w.org\/{rel}","templated":true}]}}