{"id":243960,"date":"2025-01-21T00:00:00","date_gmt":"2025-01-20T23:00:00","guid":{"rendered":"https:\/\/wpguerssen-test.odoo.rgbconsulting.com\/product\/1984-gatefold\/"},"modified":"2025-03-27T18:31:03","modified_gmt":"2025-03-27T17:31:03","slug":"1984-gatefold","status":"publish","type":"product","link":"https:\/\/wpguerssen-test.odoo.rgbconsulting.com\/es\/producto\/1984-gatefold\/","title":{"rendered":"1984 (Gatefold)"},"content":{"rendered":"<p>Magia realmente cambiante del gran Yusef Lateef, un artista que definitivamente estaba usando su tiempo en el sello Impulse para abrir un nuevo territorio en su m\u00fasica. Este set bien podr\u00eda ser el m\u00e1s experimental que Lateef haya grabado hasta la fecha, todav\u00eda lleno de los toques ex\u00f3ticos de sus discos anteriores, incluido el trabajo en una amplia gama de instrumentos de leng\u00fceta de todo el mundo, pero aborda una fascinaci\u00f3n m\u00e1s profunda por el sonido y la forma, tanto por lo que Lateef a veces se aleja del swing directo hacia momentos muy creativos. Una parte clave de este sonido es el pianista Mike Nock, que se une a Lateef aqu\u00ed y realmente abre su propio sonido tambi\u00e9n, tocando a un nivel que est\u00e1 a a\u00f1os luz de muchos pianistas estadounidenses y realmente preparando el escenario para algunos de sus trabajos futuros. un l\u00edder. El resto del grupo tambi\u00e9n es genial: un cuarteto inusual con Reggie Workman al bajo y James Black a la bater\u00eda, y los t\u00edtulos incluyen \u00abTry Love\u00bb, \u00abSoul Sister\u00bb, \u00abLove Waltz\u00bb, \u00abWarm Fire\u00bb, \u00abGee Sam Gee\u00bb. \u00bb y \u00abEscucha el viento<\/p>\n","protected":false},"excerpt":{"rendered":"<p>Magia realmente cambiante del gran Yusef Lateef, un artista que definitivamente estaba usando su tiempo en el sello Impulse para abrir un nuevo territorio en su m\u00fasica.<a class=\"read\" href=\"https:\/\/wpguerssen-test.odoo.rgbconsulting.com\/es\/producto\/1984-gatefold\/\"> (...)<\/a>","protected":false},"featured_media":244301,"template":"","meta":{"_acf_changed":false},"product_brand":[],"product_cat":[23227],"product_tag":[],"class_list":{"0":"post-243960","1":"product","2":"type-product","3":"status-publish","4":"has-post-thumbnail","6":"product_cat-jazz-es","7":"pa_artist-lateef-yusef","8":"pa_format-lp-es","9":"pa_gender-jazz","10":"pa_label-impulse","11":"pa_location-north-america-es","12":"pa_other-filters-vinyl-only-es","14":"first","15":"instock","16":"taxable","17":"shipping-taxable","18":"purchasable","19":"product-type-simple"},"acf":[],"yoast_head":"<!-- This site is optimized with the Yoast SEO plugin v24.9 - https:\/\/yoast.com\/wordpress\/plugins\/seo\/ -->\n<title>LATEEF, Yusef - 1984 (Gatefold) -  (LP) | Guerssen<\/title>\n<meta name=\"description\" content=\"Really moody magic from the great Yusef Lateef - an artist who was definitely using his time on the Impulse label to open up some new territory in his music! This set might well be the most experimental that Lateef had recorded to date - still filled with the exotic touches of his previous records - including work on a wide range of global reed instruments - but handles with a deeper fascination with sound and shape, so much so that Lateef sometimes steps away from straight swing to some very creative moments. A key part of this sound is pianist Mike Nock - who joins Lateef here, and really opens up his own sound too - playing at a level that&#039;s light years past many American pianists, and really setting the stage for some of his work to come as a leader. The rest of the group is great too - an unusual quartet with Reggie Workman on bass and James Black on drums - and titles include &quot;Try Love&quot;, &quot;Soul Sister&quot;, &quot;Love Waltz&quot;, &quot;Warm Fire&quot;, &quot;Gee Sam Gee&quot;, and &quot;Listen To the Wind\" \/>\n<meta name=\"robots\" content=\"index, follow, max-snippet:-1, max-image-preview:large, max-video-preview:-1\" \/>\n<link rel=\"canonical\" href=\"https:\/\/wpguerssen-test.odoo.rgbconsulting.com\/es\/producto\/1984-gatefold\/\" \/>\n<meta property=\"og:locale\" content=\"es_ES\" \/>\n<meta property=\"og:type\" content=\"article\" \/>\n<meta property=\"og:title\" content=\"LATEEF, Yusef - 1984 (Gatefold) -  (LP) | Guerssen\" \/>\n<meta property=\"og:description\" content=\"Really moody magic from the great Yusef Lateef - an artist who was definitely using his time on the Impulse label to open up some new territory in his music! This set might well be the most experimental that Lateef had recorded to date - still filled with the exotic touches of his previous records - including work on a wide range of global reed instruments - but handles with a deeper fascination with sound and shape, so much so that Lateef sometimes steps away from straight swing to some very creative moments. A key part of this sound is pianist Mike Nock - who joins Lateef here, and really opens up his own sound too - playing at a level that&#039;s light years past many American pianists, and really setting the stage for some of his work to come as a leader. The rest of the group is great too - an unusual quartet with Reggie Workman on bass and James Black on drums - and titles include &quot;Try Love&quot;, &quot;Soul Sister&quot;, &quot;Love Waltz&quot;, &quot;Warm Fire&quot;, &quot;Gee Sam Gee&quot;, and &quot;Listen To the Wind\" \/>\n<meta property=\"og:url\" content=\"https:\/\/wpguerssen-test.odoo.rgbconsulting.com\/es\/producto\/1984-gatefold\/\" \/>\n<meta property=\"og:site_name\" content=\"Guerssen records\" \/>\n<meta property=\"article:modified_time\" content=\"2025-03-27T17:31:03+00:00\" \/>\n<meta property=\"og:image\" content=\"https:\/\/wpguerssen-test.odoo.rgbconsulting.com\/wp-content\/uploads\/2023\/10\/45798.jpg\" \/>\n\t<meta property=\"og:image:width\" content=\"362\" \/>\n\t<meta property=\"og:image:height\" content=\"362\" \/>\n\t<meta property=\"og:image:type\" content=\"image\/jpeg\" \/>\n<meta name=\"twitter:card\" content=\"summary_large_image\" \/>\n<meta name=\"twitter:title\" content=\"LATEEF, Yusef - 1984 (Gatefold) -  (LP) | Guerssen\" \/>\n<meta name=\"twitter:label1\" content=\"Tiempo de lectura\" \/>\n\t<meta name=\"twitter:data1\" content=\"1 minuto\" \/>\n<script type=\"application\/ld+json\" class=\"yoast-schema-graph\">{\"@context\":\"https:\/\/schema.org\",\"@graph\":[{\"@type\":\"WebPage\",\"@id\":\"https:\/\/wpguerssen-test.odoo.rgbconsulting.com\/es\/producto\/1984-gatefold\/\",\"url\":\"https:\/\/wpguerssen-test.odoo.rgbconsulting.com\/es\/producto\/1984-gatefold\/\",\"name\":\"LATEEF, Yusef - 1984 (Gatefold) - (LP) | Guerssen\",\"isPartOf\":{\"@id\":\"https:\/\/wpguerssen-test.odoo.rgbconsulting.com\/es\/#website\"},\"primaryImageOfPage\":{\"@id\":\"https:\/\/wpguerssen-test.odoo.rgbconsulting.com\/es\/producto\/1984-gatefold\/#primaryimage\"},\"image\":{\"@id\":\"https:\/\/wpguerssen-test.odoo.rgbconsulting.com\/es\/producto\/1984-gatefold\/#primaryimage\"},\"thumbnailUrl\":\"https:\/\/wpguerssen-test.odoo.rgbconsulting.com\/wp-content\/uploads\/2023\/10\/45798.jpg\",\"datePublished\":\"2025-01-20T23:00:00+00:00\",\"dateModified\":\"2025-03-27T17:31:03+00:00\",\"description\":\"Really moody magic from the great Yusef Lateef - an artist who was definitely using his time on the Impulse label to open up some new territory in his music! This set might well be the most experimental that Lateef had recorded to date - still filled with the exotic touches of his previous records - including work on a wide range of global reed instruments - but handles with a deeper fascination with sound and shape, so much so that Lateef sometimes steps away from straight swing to some very creative moments. A key part of this sound is pianist Mike Nock - who joins Lateef here, and really opens up his own sound too - playing at a level that's light years past many American pianists, and really setting the stage for some of his work to come as a leader. The rest of the group is great too - an unusual quartet with Reggie Workman on bass and James Black on drums - and titles include \\\"Try Love\\\", \\\"Soul Sister\\\", \\\"Love Waltz\\\", \\\"Warm Fire\\\", \\\"Gee Sam Gee\\\", and \\\"Listen To the Wind\",\"breadcrumb\":{\"@id\":\"https:\/\/wpguerssen-test.odoo.rgbconsulting.com\/es\/producto\/1984-gatefold\/#breadcrumb\"},\"inLanguage\":\"es\",\"potentialAction\":[{\"@type\":\"ReadAction\",\"target\":[\"https:\/\/wpguerssen-test.odoo.rgbconsulting.com\/es\/producto\/1984-gatefold\/\"]}]},{\"@type\":\"ImageObject\",\"inLanguage\":\"es\",\"@id\":\"https:\/\/wpguerssen-test.odoo.rgbconsulting.com\/es\/producto\/1984-gatefold\/#primaryimage\",\"url\":\"https:\/\/wpguerssen-test.odoo.rgbconsulting.com\/wp-content\/uploads\/2023\/10\/45798.jpg\",\"contentUrl\":\"https:\/\/wpguerssen-test.odoo.rgbconsulting.com\/wp-content\/uploads\/2023\/10\/45798.jpg\",\"width\":362,\"height\":362,\"caption\":\"Yusef - 1984 (Gatefold) - IMPULSE (LP) | Guerssen\"},{\"@type\":\"BreadcrumbList\",\"@id\":\"https:\/\/wpguerssen-test.odoo.rgbconsulting.com\/es\/producto\/1984-gatefold\/#breadcrumb\",\"itemListElement\":[{\"@type\":\"ListItem\",\"position\":1,\"name\":\"Inicio\",\"item\":\"https:\/\/wpguerssen-test.odoo.rgbconsulting.com\/es\/\"},{\"@type\":\"ListItem\",\"position\":2,\"name\":\"Shop\",\"item\":\"https:\/\/wpguerssen-test.odoo.rgbconsulting.com\/shop\/\"},{\"@type\":\"ListItem\",\"position\":3,\"name\":\"1984 (Gatefold)\"}]},{\"@type\":\"WebSite\",\"@id\":\"https:\/\/wpguerssen-test.odoo.rgbconsulting.com\/es\/#website\",\"url\":\"https:\/\/wpguerssen-test.odoo.rgbconsulting.com\/es\/\",\"name\":\"Guerssen records\",\"description\":\"psychedelia - progressive - folk - garage \",\"publisher\":{\"@id\":\"https:\/\/wpguerssen-test.odoo.rgbconsulting.com\/es\/#organization\"},\"potentialAction\":[{\"@type\":\"SearchAction\",\"target\":{\"@type\":\"EntryPoint\",\"urlTemplate\":\"https:\/\/wpguerssen-test.odoo.rgbconsulting.com\/es\/?s={search_term_string}\"},\"query-input\":{\"@type\":\"PropertyValueSpecification\",\"valueRequired\":true,\"valueName\":\"search_term_string\"}}],\"inLanguage\":\"es\"},{\"@type\":\"Organization\",\"@id\":\"https:\/\/wpguerssen-test.odoo.rgbconsulting.com\/es\/#organization\",\"name\":\"Guerssen records\",\"url\":\"https:\/\/wpguerssen-test.odoo.rgbconsulting.com\/es\/\",\"logo\":{\"@type\":\"ImageObject\",\"inLanguage\":\"es\",\"@id\":\"https:\/\/wpguerssen-test.odoo.rgbconsulting.com\/es\/#\/schema\/logo\/image\/\",\"url\":\"https:\/\/wpguerssen-test.odoo.rgbconsulting.com\/wp-content\/uploads\/2022\/04\/Logo_Guerssen_trans_100.png\",\"contentUrl\":\"https:\/\/wpguerssen-test.odoo.rgbconsulting.com\/wp-content\/uploads\/2022\/04\/Logo_Guerssen_trans_100.png\",\"width\":122,\"height\":100,\"caption\":\"Guerssen records\"},\"image\":{\"@id\":\"https:\/\/wpguerssen-test.odoo.rgbconsulting.com\/es\/#\/schema\/logo\/image\/\"}}]}<\/script>\n<!-- \/ Yoast SEO plugin. -->","yoast_head_json":{"title":"LATEEF, Yusef - 1984 (Gatefold) -  (LP) | Guerssen","description":"Really moody magic from the great Yusef Lateef - an artist who was definitely using his time on the Impulse label to open up some new territory in his music! This set might well be the most experimental that Lateef had recorded to date - still filled with the exotic touches of his previous records - including work on a wide range of global reed instruments - but handles with a deeper fascination with sound and shape, so much so that Lateef sometimes steps away from straight swing to some very creative moments. A key part of this sound is pianist Mike Nock - who joins Lateef here, and really opens up his own sound too - playing at a level that's light years past many American pianists, and really setting the stage for some of his work to come as a leader. The rest of the group is great too - an unusual quartet with Reggie Workman on bass and James Black on drums - and titles include \"Try Love\", \"Soul Sister\", \"Love Waltz\", \"Warm Fire\", \"Gee Sam Gee\", and \"Listen To the Wind","robots":{"index":"index","follow":"follow","max-snippet":"max-snippet:-1","max-image-preview":"max-image-preview:large","max-video-preview":"max-video-preview:-1"},"canonical":"https:\/\/wpguerssen-test.odoo.rgbconsulting.com\/es\/producto\/1984-gatefold\/","og_locale":"es_ES","og_type":"article","og_title":"LATEEF, Yusef - 1984 (Gatefold) -  (LP) | Guerssen","og_description":"Really moody magic from the great Yusef Lateef - an artist who was definitely using his time on the Impulse label to open up some new territory in his music! This set might well be the most experimental that Lateef had recorded to date - still filled with the exotic touches of his previous records - including work on a wide range of global reed instruments - but handles with a deeper fascination with sound and shape, so much so that Lateef sometimes steps away from straight swing to some very creative moments. A key part of this sound is pianist Mike Nock - who joins Lateef here, and really opens up his own sound too - playing at a level that's light years past many American pianists, and really setting the stage for some of his work to come as a leader. The rest of the group is great too - an unusual quartet with Reggie Workman on bass and James Black on drums - and titles include \"Try Love\", \"Soul Sister\", \"Love Waltz\", \"Warm Fire\", \"Gee Sam Gee\", and \"Listen To the Wind","og_url":"https:\/\/wpguerssen-test.odoo.rgbconsulting.com\/es\/producto\/1984-gatefold\/","og_site_name":"Guerssen records","article_modified_time":"2025-03-27T17:31:03+00:00","og_image":[{"width":362,"height":362,"url":"https:\/\/wpguerssen-test.odoo.rgbconsulting.com\/wp-content\/uploads\/2023\/10\/45798.jpg","type":"image\/jpeg"}],"twitter_card":"summary_large_image","twitter_title":"LATEEF, Yusef - 1984 (Gatefold) -  (LP) | Guerssen","twitter_misc":{"Tiempo de lectura":"1 minuto"},"schema":{"@context":"https:\/\/schema.org","@graph":[{"@type":"WebPage","@id":"https:\/\/wpguerssen-test.odoo.rgbconsulting.com\/es\/producto\/1984-gatefold\/","url":"https:\/\/wpguerssen-test.odoo.rgbconsulting.com\/es\/producto\/1984-gatefold\/","name":"LATEEF, Yusef - 1984 (Gatefold) - (LP) | Guerssen","isPartOf":{"@id":"https:\/\/wpguerssen-test.odoo.rgbconsulting.com\/es\/#website"},"primaryImageOfPage":{"@id":"https:\/\/wpguerssen-test.odoo.rgbconsulting.com\/es\/producto\/1984-gatefold\/#primaryimage"},"image":{"@id":"https:\/\/wpguerssen-test.odoo.rgbconsulting.com\/es\/producto\/1984-gatefold\/#primaryimage"},"thumbnailUrl":"https:\/\/wpguerssen-test.odoo.rgbconsulting.com\/wp-content\/uploads\/2023\/10\/45798.jpg","datePublished":"2025-01-20T23:00:00+00:00","dateModified":"2025-03-27T17:31:03+00:00","description":"Really moody magic from the great Yusef Lateef - an artist who was definitely using his time on the Impulse label to open up some new territory in his music! This set might well be the most experimental that Lateef had recorded to date - still filled with the exotic touches of his previous records - including work on a wide range of global reed instruments - but handles with a deeper fascination with sound and shape, so much so that Lateef sometimes steps away from straight swing to some very creative moments. A key part of this sound is pianist Mike Nock - who joins Lateef here, and really opens up his own sound too - playing at a level that's light years past many American pianists, and really setting the stage for some of his work to come as a leader. The rest of the group is great too - an unusual quartet with Reggie Workman on bass and James Black on drums - and titles include \"Try Love\", \"Soul Sister\", \"Love Waltz\", \"Warm Fire\", \"Gee Sam Gee\", and \"Listen To the Wind","breadcrumb":{"@id":"https:\/\/wpguerssen-test.odoo.rgbconsulting.com\/es\/producto\/1984-gatefold\/#breadcrumb"},"inLanguage":"es","potentialAction":[{"@type":"ReadAction","target":["https:\/\/wpguerssen-test.odoo.rgbconsulting.com\/es\/producto\/1984-gatefold\/"]}]},{"@type":"ImageObject","inLanguage":"es","@id":"https:\/\/wpguerssen-test.odoo.rgbconsulting.com\/es\/producto\/1984-gatefold\/#primaryimage","url":"https:\/\/wpguerssen-test.odoo.rgbconsulting.com\/wp-content\/uploads\/2023\/10\/45798.jpg","contentUrl":"https:\/\/wpguerssen-test.odoo.rgbconsulting.com\/wp-content\/uploads\/2023\/10\/45798.jpg","width":362,"height":362,"caption":"Yusef - 1984 (Gatefold) - IMPULSE (LP) | Guerssen"},{"@type":"BreadcrumbList","@id":"https:\/\/wpguerssen-test.odoo.rgbconsulting.com\/es\/producto\/1984-gatefold\/#breadcrumb","itemListElement":[{"@type":"ListItem","position":1,"name":"Inicio","item":"https:\/\/wpguerssen-test.odoo.rgbconsulting.com\/es\/"},{"@type":"ListItem","position":2,"name":"Shop","item":"https:\/\/wpguerssen-test.odoo.rgbconsulting.com\/shop\/"},{"@type":"ListItem","position":3,"name":"1984 (Gatefold)"}]},{"@type":"WebSite","@id":"https:\/\/wpguerssen-test.odoo.rgbconsulting.com\/es\/#website","url":"https:\/\/wpguerssen-test.odoo.rgbconsulting.com\/es\/","name":"Guerssen records","description":"psychedelia - progressive - folk - garage ","publisher":{"@id":"https:\/\/wpguerssen-test.odoo.rgbconsulting.com\/es\/#organization"},"potentialAction":[{"@type":"SearchAction","target":{"@type":"EntryPoint","urlTemplate":"https:\/\/wpguerssen-test.odoo.rgbconsulting.com\/es\/?s={search_term_string}"},"query-input":{"@type":"PropertyValueSpecification","valueRequired":true,"valueName":"search_term_string"}}],"inLanguage":"es"},{"@type":"Organization","@id":"https:\/\/wpguerssen-test.odoo.rgbconsulting.com\/es\/#organization","name":"Guerssen records","url":"https:\/\/wpguerssen-test.odoo.rgbconsulting.com\/es\/","logo":{"@type":"ImageObject","inLanguage":"es","@id":"https:\/\/wpguerssen-test.odoo.rgbconsulting.com\/es\/#\/schema\/logo\/image\/","url":"https:\/\/wpguerssen-test.odoo.rgbconsulting.com\/wp-content\/uploads\/2022\/04\/Logo_Guerssen_trans_100.png","contentUrl":"https:\/\/wpguerssen-test.odoo.rgbconsulting.com\/wp-content\/uploads\/2022\/04\/Logo_Guerssen_trans_100.png","width":122,"height":100,"caption":"Guerssen records"},"image":{"@id":"https:\/\/wpguerssen-test.odoo.rgbconsulting.com\/es\/#\/schema\/logo\/image\/"}}]}},"_links":{"self":[{"href":"https:\/\/wpguerssen-test.odoo.rgbconsulting.com\/es\/wp-json\/wp\/v2\/product\/243960","targetHints":{"allow":["GET"]}}],"collection":[{"href":"https:\/\/wpguerssen-test.odoo.rgbconsulting.com\/es\/wp-json\/wp\/v2\/product"}],"about":[{"href":"https:\/\/wpguerssen-test.odoo.rgbconsulting.com\/es\/wp-json\/wp\/v2\/types\/product"}],"wp:featuredmedia":[{"embeddable":true,"href":"https:\/\/wpguerssen-test.odoo.rgbconsulting.com\/es\/wp-json\/wp\/v2\/media\/244301"}],"wp:attachment":[{"href":"https:\/\/wpguerssen-test.odoo.rgbconsulting.com\/es\/wp-json\/wp\/v2\/media?parent=243960"}],"wp:term":[{"taxonomy":"product_brand","embeddable":true,"href":"https:\/\/wpguerssen-test.odoo.rgbconsulting.com\/es\/wp-json\/wp\/v2\/product_brand?post=243960"},{"taxonomy":"product_cat","embeddable":true,"href":"https:\/\/wpguerssen-test.odoo.rgbconsulting.com\/es\/wp-json\/wp\/v2\/product_cat?post=243960"},{"taxonomy":"product_tag","embeddable":true,"href":"https:\/\/wpguerssen-test.odoo.rgbconsulting.com\/es\/wp-json\/wp\/v2\/product_tag?post=243960"}],"curies":[{"name":"wp","href":"https:\/\/api.w.org\/{rel}","templated":true}]}}