{"id":244100,"date":"2024-06-27T00:00:00","date_gmt":"2024-06-26T22:00:00","guid":{"rendered":"https:\/\/wpguerssen-test.odoo.rgbconsulting.com\/product\/fire-and-bullets\/"},"modified":"2024-10-29T16:43:04","modified_gmt":"2024-10-29T15:43:04","slug":"fire-and-bullets","status":"publish","type":"product","link":"https:\/\/wpguerssen-test.odoo.rgbconsulting.com\/es\/producto\/fire-and-bullets\/","title":{"rendered":"Fire And Bullets"},"content":{"rendered":"<p>Licencia oficial, vinilo de 140 gr. Reeditado por primera vez en vinilo, un incre\u00edble escaparate para los amantes del roots y el reggae, lanzado originalmente en Trojan en 1977. Aunque no se puede cuestionar su lugar como pionero del reggae, Owen Gray ha sentido durante muchos a\u00f1os que nunca obtuvo lo que le correspond\u00eda de Jamaica, su tierra natal. El 6 de agosto de 2023, el gobierno finalmente reconoci\u00f3 su contribuci\u00f3n otorg\u00e1ndole el honor de la Orden de Distinci\u00f3n, el sexto honor m\u00e1s alto de Jamaica. Gray, que ahora tiene 87 a\u00f1os, est\u00e1 euf\u00f3rico por lo que considera una recompensa merecida y atrasada. En la era del rocksteady, grab\u00f3 para el productor Sir Clancy Collins, tambi\u00e9n conocido como sir Collins. Su popularidad continu\u00f3 durante la d\u00e9cada de 1960, trabajando con productores como Clement Dodd, Prince Buster, Sydney Crooks, Arthur \u00abDuke\u00bb Reid, Leslie Kong y Clancy Eccles incluyendo trabajo a d\u00fao con Millie Small, con canciones que van desde ska hasta baladas. Continu\u00f3 grabando regularmente y logr\u00f3 un gran \u00e9xito en 1968 con \u00abCupid\u00bb. Su tema de 1970 \u00abApollo 12\u00bb encontr\u00f3 el favor de los primeros skinheads, y en 1972 regres\u00f3 a Island Records, grabando versiones reggae de \u00abTumblin&#8217; Dice\u00bb de The Rolling Stones y \u00abJealous Guy\u00bb de John Lennon, aunque tuvieron poco \u00e9xito. Durante este per\u00edodo, public\u00f3 regularmente en el sello Pama y Pioneer Internacional, Camel Records, y un sencillo en Hot Lead Records. Sin embargo, tuvo mayor \u00e9xito en Jamaica con \u00abHail the Man\u00bb, un tributo al emperador Haile Selassie, que fue popular entre el creciente n\u00famero de seguidores rastafari.<\/p>\n","protected":false},"excerpt":{"rendered":"<p>Licencia oficial, vinilo de 140 gr. Reeditado por primera vez en vinilo, un incre\u00edble escaparate para los amantes del roots y el reggae, lanzado originalmente en<a class=\"read\" href=\"https:\/\/wpguerssen-test.odoo.rgbconsulting.com\/es\/producto\/fire-and-bullets\/\"> (...)<\/a>","protected":false},"featured_media":244048,"template":"","meta":{"_acf_changed":false},"product_brand":[],"product_cat":[21666],"product_tag":[],"class_list":{"0":"post-244100","1":"product","2":"type-product","3":"status-publish","4":"has-post-thumbnail","6":"product_cat-reggae-ska-dub-es","7":"pa_artist-gray-owen","8":"pa_format-lp-es","9":"pa_gender-reggae-ska-dub","10":"pa_label-lantern-rec-es","11":"pa_location-south-america-caribbean-es","12":"pa_other-filters-vinyl-only-es","14":"first","15":"instock","16":"taxable","17":"shipping-taxable","18":"purchasable","19":"product-type-simple"},"acf":[],"yoast_head":"<!-- This site is optimized with the Yoast SEO plugin v24.9 - https:\/\/yoast.com\/wordpress\/plugins\/seo\/ -->\n<title>GRAY, Owen - Fire And Bullets -  (LP) | Guerssen<\/title>\n<meta name=\"description\" content=\"Fully licensed, 140 gr vinyl. Reissued for the first time on vinyl, an amazing showcase of roots &amp; reggae lovers, originally released on Trojan in 1977.Although his place as a reggae pioneer cannot be questioned, Owen Gray has felt for many years that he never got his due from Jamaica, his homeland. On August 6 2023, the government finally recognized his contribution awarding him with the honor of Order Of Distinction, Jamaica&#039;s sixth-highest honour. Gray, now 87, is ecstatic about what he considers an overdue and deserved reward. In the rocksteady era, he recorded for producer Sir Clancy Collins AKA sir collins .His popularity continued throughout the 1960s, working with producers such as Clement Dodd, Prince Buster, Sydney Crooks, Arthur &quot;Duke&quot; Reid, Leslie Kong, and Clancy Eccles, including work as a duo with Millie Small, with songs ranging from ska to ballads. He continued to record regularly, having a big hit in 1968 with &quot;Cupid&quot;. His 1970 track &quot;Apollo 12&quot; found favour with the early skinheads, and in 1972 he returned to Island Records, recording reggae versions of The Rolling Stones&#039; &quot;Tumblin&#039; Dice&quot; and John Lennon&#039;s &quot;Jealous Guy&quot;, although they met with little success. During this period, he regularly had releases on Pama and Pioneer Internacional label, Camel Records, and one single on Hot Lead Records. He had greater success in Jamaica, however, with &quot;Hail the Man&quot;, a tribute to Emperor Haile Selassie, which was popular with the increasing Rastafari following.\" \/>\n<meta name=\"robots\" content=\"index, follow, max-snippet:-1, max-image-preview:large, max-video-preview:-1\" \/>\n<link rel=\"canonical\" href=\"https:\/\/wpguerssen-test.odoo.rgbconsulting.com\/es\/producto\/fire-and-bullets\/\" \/>\n<meta property=\"og:locale\" content=\"es_ES\" \/>\n<meta property=\"og:type\" content=\"article\" \/>\n<meta property=\"og:title\" content=\"GRAY, Owen - Fire And Bullets -  (LP) | Guerssen\" \/>\n<meta property=\"og:description\" content=\"Fully licensed, 140 gr vinyl. Reissued for the first time on vinyl, an amazing showcase of roots &amp; reggae lovers, originally released on Trojan in 1977.Although his place as a reggae pioneer cannot be questioned, Owen Gray has felt for many years that he never got his due from Jamaica, his homeland. On August 6 2023, the government finally recognized his contribution awarding him with the honor of Order Of Distinction, Jamaica&#039;s sixth-highest honour. Gray, now 87, is ecstatic about what he considers an overdue and deserved reward. In the rocksteady era, he recorded for producer Sir Clancy Collins AKA sir collins .His popularity continued throughout the 1960s, working with producers such as Clement Dodd, Prince Buster, Sydney Crooks, Arthur &quot;Duke&quot; Reid, Leslie Kong, and Clancy Eccles, including work as a duo with Millie Small, with songs ranging from ska to ballads. He continued to record regularly, having a big hit in 1968 with &quot;Cupid&quot;. His 1970 track &quot;Apollo 12&quot; found favour with the early skinheads, and in 1972 he returned to Island Records, recording reggae versions of The Rolling Stones&#039; &quot;Tumblin&#039; Dice&quot; and John Lennon&#039;s &quot;Jealous Guy&quot;, although they met with little success. During this period, he regularly had releases on Pama and Pioneer Internacional label, Camel Records, and one single on Hot Lead Records. He had greater success in Jamaica, however, with &quot;Hail the Man&quot;, a tribute to Emperor Haile Selassie, which was popular with the increasing Rastafari following.\" \/>\n<meta property=\"og:url\" content=\"https:\/\/wpguerssen-test.odoo.rgbconsulting.com\/es\/producto\/fire-and-bullets\/\" \/>\n<meta property=\"og:site_name\" content=\"Guerssen records\" \/>\n<meta property=\"article:modified_time\" content=\"2024-10-29T15:43:04+00:00\" \/>\n<meta property=\"og:image\" content=\"https:\/\/wpguerssen-test.odoo.rgbconsulting.com\/wp-content\/uploads\/2023\/10\/45817.jpg\" \/>\n\t<meta property=\"og:image:width\" content=\"1080\" \/>\n\t<meta property=\"og:image:height\" content=\"1080\" \/>\n\t<meta property=\"og:image:type\" content=\"image\/jpeg\" \/>\n<meta name=\"twitter:card\" content=\"summary_large_image\" \/>\n<meta name=\"twitter:title\" content=\"GRAY, Owen - Fire And Bullets -  (LP) | Guerssen\" \/>\n<meta name=\"twitter:label1\" content=\"Tiempo de lectura\" \/>\n\t<meta name=\"twitter:data1\" content=\"1 minuto\" \/>\n<script type=\"application\/ld+json\" class=\"yoast-schema-graph\">{\"@context\":\"https:\/\/schema.org\",\"@graph\":[{\"@type\":\"WebPage\",\"@id\":\"https:\/\/wpguerssen-test.odoo.rgbconsulting.com\/es\/producto\/fire-and-bullets\/\",\"url\":\"https:\/\/wpguerssen-test.odoo.rgbconsulting.com\/es\/producto\/fire-and-bullets\/\",\"name\":\"GRAY, Owen - Fire And Bullets - (LP) | Guerssen\",\"isPartOf\":{\"@id\":\"https:\/\/wpguerssen-test.odoo.rgbconsulting.com\/es\/#website\"},\"primaryImageOfPage\":{\"@id\":\"https:\/\/wpguerssen-test.odoo.rgbconsulting.com\/es\/producto\/fire-and-bullets\/#primaryimage\"},\"image\":{\"@id\":\"https:\/\/wpguerssen-test.odoo.rgbconsulting.com\/es\/producto\/fire-and-bullets\/#primaryimage\"},\"thumbnailUrl\":\"https:\/\/wpguerssen-test.odoo.rgbconsulting.com\/wp-content\/uploads\/2023\/10\/45817.jpg\",\"datePublished\":\"2024-06-26T22:00:00+00:00\",\"dateModified\":\"2024-10-29T15:43:04+00:00\",\"description\":\"Fully licensed, 140 gr vinyl. Reissued for the first time on vinyl, an amazing showcase of roots & reggae lovers, originally released on Trojan in 1977.Although his place as a reggae pioneer cannot be questioned, Owen Gray has felt for many years that he never got his due from Jamaica, his homeland. On August 6 2023, the government finally recognized his contribution awarding him with the honor of Order Of Distinction, Jamaica's sixth-highest honour. Gray, now 87, is ecstatic about what he considers an overdue and deserved reward. In the rocksteady era, he recorded for producer Sir Clancy Collins AKA sir collins .His popularity continued throughout the 1960s, working with producers such as Clement Dodd, Prince Buster, Sydney Crooks, Arthur \\\"Duke\\\" Reid, Leslie Kong, and Clancy Eccles, including work as a duo with Millie Small, with songs ranging from ska to ballads. He continued to record regularly, having a big hit in 1968 with \\\"Cupid\\\". His 1970 track \\\"Apollo 12\\\" found favour with the early skinheads, and in 1972 he returned to Island Records, recording reggae versions of The Rolling Stones' \\\"Tumblin' Dice\\\" and John Lennon's \\\"Jealous Guy\\\", although they met with little success. During this period, he regularly had releases on Pama and Pioneer Internacional label, Camel Records, and one single on Hot Lead Records. He had greater success in Jamaica, however, with \\\"Hail the Man\\\", a tribute to Emperor Haile Selassie, which was popular with the increasing Rastafari following.\",\"breadcrumb\":{\"@id\":\"https:\/\/wpguerssen-test.odoo.rgbconsulting.com\/es\/producto\/fire-and-bullets\/#breadcrumb\"},\"inLanguage\":\"es\",\"potentialAction\":[{\"@type\":\"ReadAction\",\"target\":[\"https:\/\/wpguerssen-test.odoo.rgbconsulting.com\/es\/producto\/fire-and-bullets\/\"]}]},{\"@type\":\"ImageObject\",\"inLanguage\":\"es\",\"@id\":\"https:\/\/wpguerssen-test.odoo.rgbconsulting.com\/es\/producto\/fire-and-bullets\/#primaryimage\",\"url\":\"https:\/\/wpguerssen-test.odoo.rgbconsulting.com\/wp-content\/uploads\/2023\/10\/45817.jpg\",\"contentUrl\":\"https:\/\/wpguerssen-test.odoo.rgbconsulting.com\/wp-content\/uploads\/2023\/10\/45817.jpg\",\"width\":1080,\"height\":1080,\"caption\":\"Owen - Fire And Bullets - LANTERN REC. (LP) | Guerssen\"},{\"@type\":\"BreadcrumbList\",\"@id\":\"https:\/\/wpguerssen-test.odoo.rgbconsulting.com\/es\/producto\/fire-and-bullets\/#breadcrumb\",\"itemListElement\":[{\"@type\":\"ListItem\",\"position\":1,\"name\":\"Inicio\",\"item\":\"https:\/\/wpguerssen-test.odoo.rgbconsulting.com\/es\/\"},{\"@type\":\"ListItem\",\"position\":2,\"name\":\"Shop\",\"item\":\"https:\/\/wpguerssen-test.odoo.rgbconsulting.com\/shop\/\"},{\"@type\":\"ListItem\",\"position\":3,\"name\":\"Fire And Bullets\"}]},{\"@type\":\"WebSite\",\"@id\":\"https:\/\/wpguerssen-test.odoo.rgbconsulting.com\/es\/#website\",\"url\":\"https:\/\/wpguerssen-test.odoo.rgbconsulting.com\/es\/\",\"name\":\"Guerssen records\",\"description\":\"psychedelia - progressive - folk - garage \",\"publisher\":{\"@id\":\"https:\/\/wpguerssen-test.odoo.rgbconsulting.com\/es\/#organization\"},\"potentialAction\":[{\"@type\":\"SearchAction\",\"target\":{\"@type\":\"EntryPoint\",\"urlTemplate\":\"https:\/\/wpguerssen-test.odoo.rgbconsulting.com\/es\/?s={search_term_string}\"},\"query-input\":{\"@type\":\"PropertyValueSpecification\",\"valueRequired\":true,\"valueName\":\"search_term_string\"}}],\"inLanguage\":\"es\"},{\"@type\":\"Organization\",\"@id\":\"https:\/\/wpguerssen-test.odoo.rgbconsulting.com\/es\/#organization\",\"name\":\"Guerssen records\",\"url\":\"https:\/\/wpguerssen-test.odoo.rgbconsulting.com\/es\/\",\"logo\":{\"@type\":\"ImageObject\",\"inLanguage\":\"es\",\"@id\":\"https:\/\/wpguerssen-test.odoo.rgbconsulting.com\/es\/#\/schema\/logo\/image\/\",\"url\":\"https:\/\/wpguerssen-test.odoo.rgbconsulting.com\/wp-content\/uploads\/2022\/04\/Logo_Guerssen_trans_100.png\",\"contentUrl\":\"https:\/\/wpguerssen-test.odoo.rgbconsulting.com\/wp-content\/uploads\/2022\/04\/Logo_Guerssen_trans_100.png\",\"width\":122,\"height\":100,\"caption\":\"Guerssen records\"},\"image\":{\"@id\":\"https:\/\/wpguerssen-test.odoo.rgbconsulting.com\/es\/#\/schema\/logo\/image\/\"}}]}<\/script>\n<!-- \/ Yoast SEO plugin. -->","yoast_head_json":{"title":"GRAY, Owen - Fire And Bullets -  (LP) | Guerssen","description":"Fully licensed, 140 gr vinyl. Reissued for the first time on vinyl, an amazing showcase of roots & reggae lovers, originally released on Trojan in 1977.Although his place as a reggae pioneer cannot be questioned, Owen Gray has felt for many years that he never got his due from Jamaica, his homeland. On August 6 2023, the government finally recognized his contribution awarding him with the honor of Order Of Distinction, Jamaica's sixth-highest honour. Gray, now 87, is ecstatic about what he considers an overdue and deserved reward. In the rocksteady era, he recorded for producer Sir Clancy Collins AKA sir collins .His popularity continued throughout the 1960s, working with producers such as Clement Dodd, Prince Buster, Sydney Crooks, Arthur \"Duke\" Reid, Leslie Kong, and Clancy Eccles, including work as a duo with Millie Small, with songs ranging from ska to ballads. He continued to record regularly, having a big hit in 1968 with \"Cupid\". His 1970 track \"Apollo 12\" found favour with the early skinheads, and in 1972 he returned to Island Records, recording reggae versions of The Rolling Stones' \"Tumblin' Dice\" and John Lennon's \"Jealous Guy\", although they met with little success. During this period, he regularly had releases on Pama and Pioneer Internacional label, Camel Records, and one single on Hot Lead Records. He had greater success in Jamaica, however, with \"Hail the Man\", a tribute to Emperor Haile Selassie, which was popular with the increasing Rastafari following.","robots":{"index":"index","follow":"follow","max-snippet":"max-snippet:-1","max-image-preview":"max-image-preview:large","max-video-preview":"max-video-preview:-1"},"canonical":"https:\/\/wpguerssen-test.odoo.rgbconsulting.com\/es\/producto\/fire-and-bullets\/","og_locale":"es_ES","og_type":"article","og_title":"GRAY, Owen - Fire And Bullets -  (LP) | Guerssen","og_description":"Fully licensed, 140 gr vinyl. Reissued for the first time on vinyl, an amazing showcase of roots & reggae lovers, originally released on Trojan in 1977.Although his place as a reggae pioneer cannot be questioned, Owen Gray has felt for many years that he never got his due from Jamaica, his homeland. On August 6 2023, the government finally recognized his contribution awarding him with the honor of Order Of Distinction, Jamaica's sixth-highest honour. Gray, now 87, is ecstatic about what he considers an overdue and deserved reward. In the rocksteady era, he recorded for producer Sir Clancy Collins AKA sir collins .His popularity continued throughout the 1960s, working with producers such as Clement Dodd, Prince Buster, Sydney Crooks, Arthur \"Duke\" Reid, Leslie Kong, and Clancy Eccles, including work as a duo with Millie Small, with songs ranging from ska to ballads. He continued to record regularly, having a big hit in 1968 with \"Cupid\". His 1970 track \"Apollo 12\" found favour with the early skinheads, and in 1972 he returned to Island Records, recording reggae versions of The Rolling Stones' \"Tumblin' Dice\" and John Lennon's \"Jealous Guy\", although they met with little success. During this period, he regularly had releases on Pama and Pioneer Internacional label, Camel Records, and one single on Hot Lead Records. He had greater success in Jamaica, however, with \"Hail the Man\", a tribute to Emperor Haile Selassie, which was popular with the increasing Rastafari following.","og_url":"https:\/\/wpguerssen-test.odoo.rgbconsulting.com\/es\/producto\/fire-and-bullets\/","og_site_name":"Guerssen records","article_modified_time":"2024-10-29T15:43:04+00:00","og_image":[{"width":1080,"height":1080,"url":"https:\/\/wpguerssen-test.odoo.rgbconsulting.com\/wp-content\/uploads\/2023\/10\/45817.jpg","type":"image\/jpeg"}],"twitter_card":"summary_large_image","twitter_title":"GRAY, Owen - Fire And Bullets -  (LP) | Guerssen","twitter_misc":{"Tiempo de lectura":"1 minuto"},"schema":{"@context":"https:\/\/schema.org","@graph":[{"@type":"WebPage","@id":"https:\/\/wpguerssen-test.odoo.rgbconsulting.com\/es\/producto\/fire-and-bullets\/","url":"https:\/\/wpguerssen-test.odoo.rgbconsulting.com\/es\/producto\/fire-and-bullets\/","name":"GRAY, Owen - Fire And Bullets - (LP) | Guerssen","isPartOf":{"@id":"https:\/\/wpguerssen-test.odoo.rgbconsulting.com\/es\/#website"},"primaryImageOfPage":{"@id":"https:\/\/wpguerssen-test.odoo.rgbconsulting.com\/es\/producto\/fire-and-bullets\/#primaryimage"},"image":{"@id":"https:\/\/wpguerssen-test.odoo.rgbconsulting.com\/es\/producto\/fire-and-bullets\/#primaryimage"},"thumbnailUrl":"https:\/\/wpguerssen-test.odoo.rgbconsulting.com\/wp-content\/uploads\/2023\/10\/45817.jpg","datePublished":"2024-06-26T22:00:00+00:00","dateModified":"2024-10-29T15:43:04+00:00","description":"Fully licensed, 140 gr vinyl. Reissued for the first time on vinyl, an amazing showcase of roots & reggae lovers, originally released on Trojan in 1977.Although his place as a reggae pioneer cannot be questioned, Owen Gray has felt for many years that he never got his due from Jamaica, his homeland. On August 6 2023, the government finally recognized his contribution awarding him with the honor of Order Of Distinction, Jamaica's sixth-highest honour. Gray, now 87, is ecstatic about what he considers an overdue and deserved reward. In the rocksteady era, he recorded for producer Sir Clancy Collins AKA sir collins .His popularity continued throughout the 1960s, working with producers such as Clement Dodd, Prince Buster, Sydney Crooks, Arthur \"Duke\" Reid, Leslie Kong, and Clancy Eccles, including work as a duo with Millie Small, with songs ranging from ska to ballads. He continued to record regularly, having a big hit in 1968 with \"Cupid\". His 1970 track \"Apollo 12\" found favour with the early skinheads, and in 1972 he returned to Island Records, recording reggae versions of The Rolling Stones' \"Tumblin' Dice\" and John Lennon's \"Jealous Guy\", although they met with little success. During this period, he regularly had releases on Pama and Pioneer Internacional label, Camel Records, and one single on Hot Lead Records. He had greater success in Jamaica, however, with \"Hail the Man\", a tribute to Emperor Haile Selassie, which was popular with the increasing Rastafari following.","breadcrumb":{"@id":"https:\/\/wpguerssen-test.odoo.rgbconsulting.com\/es\/producto\/fire-and-bullets\/#breadcrumb"},"inLanguage":"es","potentialAction":[{"@type":"ReadAction","target":["https:\/\/wpguerssen-test.odoo.rgbconsulting.com\/es\/producto\/fire-and-bullets\/"]}]},{"@type":"ImageObject","inLanguage":"es","@id":"https:\/\/wpguerssen-test.odoo.rgbconsulting.com\/es\/producto\/fire-and-bullets\/#primaryimage","url":"https:\/\/wpguerssen-test.odoo.rgbconsulting.com\/wp-content\/uploads\/2023\/10\/45817.jpg","contentUrl":"https:\/\/wpguerssen-test.odoo.rgbconsulting.com\/wp-content\/uploads\/2023\/10\/45817.jpg","width":1080,"height":1080,"caption":"Owen - Fire And Bullets - LANTERN REC. (LP) | Guerssen"},{"@type":"BreadcrumbList","@id":"https:\/\/wpguerssen-test.odoo.rgbconsulting.com\/es\/producto\/fire-and-bullets\/#breadcrumb","itemListElement":[{"@type":"ListItem","position":1,"name":"Inicio","item":"https:\/\/wpguerssen-test.odoo.rgbconsulting.com\/es\/"},{"@type":"ListItem","position":2,"name":"Shop","item":"https:\/\/wpguerssen-test.odoo.rgbconsulting.com\/shop\/"},{"@type":"ListItem","position":3,"name":"Fire And Bullets"}]},{"@type":"WebSite","@id":"https:\/\/wpguerssen-test.odoo.rgbconsulting.com\/es\/#website","url":"https:\/\/wpguerssen-test.odoo.rgbconsulting.com\/es\/","name":"Guerssen records","description":"psychedelia - progressive - folk - garage ","publisher":{"@id":"https:\/\/wpguerssen-test.odoo.rgbconsulting.com\/es\/#organization"},"potentialAction":[{"@type":"SearchAction","target":{"@type":"EntryPoint","urlTemplate":"https:\/\/wpguerssen-test.odoo.rgbconsulting.com\/es\/?s={search_term_string}"},"query-input":{"@type":"PropertyValueSpecification","valueRequired":true,"valueName":"search_term_string"}}],"inLanguage":"es"},{"@type":"Organization","@id":"https:\/\/wpguerssen-test.odoo.rgbconsulting.com\/es\/#organization","name":"Guerssen records","url":"https:\/\/wpguerssen-test.odoo.rgbconsulting.com\/es\/","logo":{"@type":"ImageObject","inLanguage":"es","@id":"https:\/\/wpguerssen-test.odoo.rgbconsulting.com\/es\/#\/schema\/logo\/image\/","url":"https:\/\/wpguerssen-test.odoo.rgbconsulting.com\/wp-content\/uploads\/2022\/04\/Logo_Guerssen_trans_100.png","contentUrl":"https:\/\/wpguerssen-test.odoo.rgbconsulting.com\/wp-content\/uploads\/2022\/04\/Logo_Guerssen_trans_100.png","width":122,"height":100,"caption":"Guerssen records"},"image":{"@id":"https:\/\/wpguerssen-test.odoo.rgbconsulting.com\/es\/#\/schema\/logo\/image\/"}}]}},"_links":{"self":[{"href":"https:\/\/wpguerssen-test.odoo.rgbconsulting.com\/es\/wp-json\/wp\/v2\/product\/244100","targetHints":{"allow":["GET"]}}],"collection":[{"href":"https:\/\/wpguerssen-test.odoo.rgbconsulting.com\/es\/wp-json\/wp\/v2\/product"}],"about":[{"href":"https:\/\/wpguerssen-test.odoo.rgbconsulting.com\/es\/wp-json\/wp\/v2\/types\/product"}],"wp:featuredmedia":[{"embeddable":true,"href":"https:\/\/wpguerssen-test.odoo.rgbconsulting.com\/es\/wp-json\/wp\/v2\/media\/244048"}],"wp:attachment":[{"href":"https:\/\/wpguerssen-test.odoo.rgbconsulting.com\/es\/wp-json\/wp\/v2\/media?parent=244100"}],"wp:term":[{"taxonomy":"product_brand","embeddable":true,"href":"https:\/\/wpguerssen-test.odoo.rgbconsulting.com\/es\/wp-json\/wp\/v2\/product_brand?post=244100"},{"taxonomy":"product_cat","embeddable":true,"href":"https:\/\/wpguerssen-test.odoo.rgbconsulting.com\/es\/wp-json\/wp\/v2\/product_cat?post=244100"},{"taxonomy":"product_tag","embeddable":true,"href":"https:\/\/wpguerssen-test.odoo.rgbconsulting.com\/es\/wp-json\/wp\/v2\/product_tag?post=244100"}],"curies":[{"name":"wp","href":"https:\/\/api.w.org\/{rel}","templated":true}]}}