{"id":244105,"date":"2024-08-13T00:00:00","date_gmt":"2024-08-12T22:00:00","guid":{"rendered":"https:\/\/wpguerssen-test.odoo.rgbconsulting.com\/product\/mass-in-f-minor-yellow\/"},"modified":"2025-03-26T16:52:04","modified_gmt":"2025-03-26T15:52:04","slug":"mass-in-f-minor-yellow","status":"publish","type":"product","link":"https:\/\/wpguerssen-test.odoo.rgbconsulting.com\/es\/producto\/mass-in-f-minor-yellow\/","title":{"rendered":"Mass in F minor (Yellow)"},"content":{"rendered":"<p>En 1968, The Electric Prunes colabor\u00f3 \u00bf\u00bfcon el m\u00fasico de formaci\u00f3n cl\u00e1sica David Axelrod para crear \u00abMass in F Minor\u00bb, una \u00f3pera rock de base religiosa. Aunque el \u00e1lbum es sorprendente al lado de sus discos anteriores, este se ha convertido en uno de los lanzamientos m\u00e1s extra\u00f1os e hipn\u00f3ticos de la \u00e9poca. Cantado en lat\u00edn con la banda aferr\u00e1ndose a los ambiciosos arreglos de Axelrod; nunca has o\u00eddo nada parecido. Cre\u00f3 suficiente marca cultural que la canci\u00f3n principal &#8216;Kyrie Eleison&#8217; incluso se us\u00f3 en la pel\u00edcula que defini\u00f3 a la generaci\u00f3n de finales de los 60, Easy Rider.<br \/>1968 Psychedelic Concept Record arreglado por David Axelrod.<br \/>Cortado del original Cintas anal\u00f3gicas maestras de Kevin Gray.<\/p>\n","protected":false},"excerpt":{"rendered":"<p>En 1968, The Electric Prunes colabor\u00f3 \u00bf\u00bfcon el m\u00fasico de formaci\u00f3n cl\u00e1sica David Axelrod para crear \u00abMass in F Minor\u00bb, una \u00f3pera rock de base religiosa. Aunque<a class=\"read\" href=\"https:\/\/wpguerssen-test.odoo.rgbconsulting.com\/es\/producto\/mass-in-f-minor-yellow\/\"> (...)<\/a>","protected":false},"featured_media":244063,"template":"","meta":{"_acf_changed":false},"product_brand":[],"product_cat":[23281,21639],"product_tag":[29140],"class_list":{"0":"post-244105","1":"product","2":"type-product","3":"status-publish","4":"has-post-thumbnail","6":"product_cat-garagebeatrnb60-70-es","7":"product_cat-psychedelic60s-70s-es","8":"product_tag-color-vinyl-es","9":"pa_artist-electric-prunes-the-es","10":"pa_format-lp-es","11":"pa_gender-psychedelic60s-70s-garagebeatrnb60-70","12":"pa_label-jackpot-es","13":"pa_location-north-america-es","14":"pa_other-filters-vinyl-only-es","16":"first","17":"instock","18":"taxable","19":"shipping-taxable","20":"purchasable","21":"product-type-simple"},"acf":[],"yoast_head":"<!-- This site is optimized with the Yoast SEO plugin v24.9 - https:\/\/yoast.com\/wordpress\/plugins\/seo\/ -->\n<title>ELECTRIC PRUNES, The - Mass in F minor (Yellow) -  (LP) | Guerssen<\/title>\n<meta name=\"description\" content=\"In 1968, The Electric Prunes collaborated with classically-trained musician David Axelrod to create &quot;Mass in F Minor&quot;, a religious-based rock opera. Even though the album is a head-scratcher side by side with their previous records, this has become one of the era&#039;s most bizarre and hypnotic releases. Sung in Latin with the band hanging onto Axelrod&#039;s ambitious arrangements; you&#039;ve never heard anything like it. It created enough of a cultural mark that the lead track &#039;Kyrie Eleison&#039; was even used in the movie that defined the late 60&#039;s generation, Easy Rider.1968 Psychedelic Concept Record Arranged By David Axelrod.Cut from the Original Analog Master tapes by Kevin Gray.\" \/>\n<meta name=\"robots\" content=\"index, follow, max-snippet:-1, max-image-preview:large, max-video-preview:-1\" \/>\n<link rel=\"canonical\" href=\"https:\/\/wpguerssen-test.odoo.rgbconsulting.com\/es\/producto\/mass-in-f-minor-yellow\/\" \/>\n<meta property=\"og:locale\" content=\"es_ES\" \/>\n<meta property=\"og:type\" content=\"article\" \/>\n<meta property=\"og:title\" content=\"ELECTRIC PRUNES, The - Mass in F minor (Yellow) -  (LP) | Guerssen\" \/>\n<meta property=\"og:description\" content=\"In 1968, The Electric Prunes collaborated with classically-trained musician David Axelrod to create &quot;Mass in F Minor&quot;, a religious-based rock opera. Even though the album is a head-scratcher side by side with their previous records, this has become one of the era&#039;s most bizarre and hypnotic releases. Sung in Latin with the band hanging onto Axelrod&#039;s ambitious arrangements; you&#039;ve never heard anything like it. It created enough of a cultural mark that the lead track &#039;Kyrie Eleison&#039; was even used in the movie that defined the late 60&#039;s generation, Easy Rider.1968 Psychedelic Concept Record Arranged By David Axelrod.Cut from the Original Analog Master tapes by Kevin Gray.\" \/>\n<meta property=\"og:url\" content=\"https:\/\/wpguerssen-test.odoo.rgbconsulting.com\/es\/producto\/mass-in-f-minor-yellow\/\" \/>\n<meta property=\"og:site_name\" content=\"Guerssen records\" \/>\n<meta property=\"article:modified_time\" content=\"2025-03-26T15:52:04+00:00\" \/>\n<meta property=\"og:image\" content=\"https:\/\/wpguerssen-test.odoo.rgbconsulting.com\/wp-content\/uploads\/2023\/10\/45822.jpg\" \/>\n\t<meta property=\"og:image:width\" content=\"563\" \/>\n\t<meta property=\"og:image:height\" content=\"423\" \/>\n\t<meta property=\"og:image:type\" content=\"image\/jpeg\" \/>\n<meta name=\"twitter:card\" content=\"summary_large_image\" \/>\n<meta name=\"twitter:title\" content=\"ELECTRIC PRUNES, The - Mass in F minor (Yellow) -  (LP) | Guerssen\" \/>\n<meta name=\"twitter:label1\" content=\"Tiempo de lectura\" \/>\n\t<meta name=\"twitter:data1\" content=\"1 minuto\" \/>\n<script type=\"application\/ld+json\" class=\"yoast-schema-graph\">{\"@context\":\"https:\/\/schema.org\",\"@graph\":[{\"@type\":\"WebPage\",\"@id\":\"https:\/\/wpguerssen-test.odoo.rgbconsulting.com\/es\/producto\/mass-in-f-minor-yellow\/\",\"url\":\"https:\/\/wpguerssen-test.odoo.rgbconsulting.com\/es\/producto\/mass-in-f-minor-yellow\/\",\"name\":\"ELECTRIC PRUNES, The - Mass in F minor (Yellow) - (LP) | Guerssen\",\"isPartOf\":{\"@id\":\"https:\/\/wpguerssen-test.odoo.rgbconsulting.com\/es\/#website\"},\"primaryImageOfPage\":{\"@id\":\"https:\/\/wpguerssen-test.odoo.rgbconsulting.com\/es\/producto\/mass-in-f-minor-yellow\/#primaryimage\"},\"image\":{\"@id\":\"https:\/\/wpguerssen-test.odoo.rgbconsulting.com\/es\/producto\/mass-in-f-minor-yellow\/#primaryimage\"},\"thumbnailUrl\":\"https:\/\/wpguerssen-test.odoo.rgbconsulting.com\/wp-content\/uploads\/2023\/10\/45822.jpg\",\"datePublished\":\"2024-08-12T22:00:00+00:00\",\"dateModified\":\"2025-03-26T15:52:04+00:00\",\"description\":\"In 1968, The Electric Prunes collaborated with classically-trained musician David Axelrod to create \\\"Mass in F Minor\\\", a religious-based rock opera. Even though the album is a head-scratcher side by side with their previous records, this has become one of the era's most bizarre and hypnotic releases. Sung in Latin with the band hanging onto Axelrod's ambitious arrangements; you've never heard anything like it. It created enough of a cultural mark that the lead track 'Kyrie Eleison' was even used in the movie that defined the late 60's generation, Easy Rider.1968 Psychedelic Concept Record Arranged By David Axelrod.Cut from the Original Analog Master tapes by Kevin Gray.\",\"breadcrumb\":{\"@id\":\"https:\/\/wpguerssen-test.odoo.rgbconsulting.com\/es\/producto\/mass-in-f-minor-yellow\/#breadcrumb\"},\"inLanguage\":\"es\",\"potentialAction\":[{\"@type\":\"ReadAction\",\"target\":[\"https:\/\/wpguerssen-test.odoo.rgbconsulting.com\/es\/producto\/mass-in-f-minor-yellow\/\"]}]},{\"@type\":\"ImageObject\",\"inLanguage\":\"es\",\"@id\":\"https:\/\/wpguerssen-test.odoo.rgbconsulting.com\/es\/producto\/mass-in-f-minor-yellow\/#primaryimage\",\"url\":\"https:\/\/wpguerssen-test.odoo.rgbconsulting.com\/wp-content\/uploads\/2023\/10\/45822.jpg\",\"contentUrl\":\"https:\/\/wpguerssen-test.odoo.rgbconsulting.com\/wp-content\/uploads\/2023\/10\/45822.jpg\",\"width\":563,\"height\":423,\"caption\":\"The - Mass in F minor (Yellow) - JACKPOT (LP) | Guerssen\"},{\"@type\":\"BreadcrumbList\",\"@id\":\"https:\/\/wpguerssen-test.odoo.rgbconsulting.com\/es\/producto\/mass-in-f-minor-yellow\/#breadcrumb\",\"itemListElement\":[{\"@type\":\"ListItem\",\"position\":1,\"name\":\"Inicio\",\"item\":\"https:\/\/wpguerssen-test.odoo.rgbconsulting.com\/es\/\"},{\"@type\":\"ListItem\",\"position\":2,\"name\":\"Shop\",\"item\":\"https:\/\/wpguerssen-test.odoo.rgbconsulting.com\/shop\/\"},{\"@type\":\"ListItem\",\"position\":3,\"name\":\"Mass in F minor (Yellow)\"}]},{\"@type\":\"WebSite\",\"@id\":\"https:\/\/wpguerssen-test.odoo.rgbconsulting.com\/es\/#website\",\"url\":\"https:\/\/wpguerssen-test.odoo.rgbconsulting.com\/es\/\",\"name\":\"Guerssen records\",\"description\":\"psychedelia - progressive - folk - garage \",\"publisher\":{\"@id\":\"https:\/\/wpguerssen-test.odoo.rgbconsulting.com\/es\/#organization\"},\"potentialAction\":[{\"@type\":\"SearchAction\",\"target\":{\"@type\":\"EntryPoint\",\"urlTemplate\":\"https:\/\/wpguerssen-test.odoo.rgbconsulting.com\/es\/?s={search_term_string}\"},\"query-input\":{\"@type\":\"PropertyValueSpecification\",\"valueRequired\":true,\"valueName\":\"search_term_string\"}}],\"inLanguage\":\"es\"},{\"@type\":\"Organization\",\"@id\":\"https:\/\/wpguerssen-test.odoo.rgbconsulting.com\/es\/#organization\",\"name\":\"Guerssen records\",\"url\":\"https:\/\/wpguerssen-test.odoo.rgbconsulting.com\/es\/\",\"logo\":{\"@type\":\"ImageObject\",\"inLanguage\":\"es\",\"@id\":\"https:\/\/wpguerssen-test.odoo.rgbconsulting.com\/es\/#\/schema\/logo\/image\/\",\"url\":\"https:\/\/wpguerssen-test.odoo.rgbconsulting.com\/wp-content\/uploads\/2022\/04\/Logo_Guerssen_trans_100.png\",\"contentUrl\":\"https:\/\/wpguerssen-test.odoo.rgbconsulting.com\/wp-content\/uploads\/2022\/04\/Logo_Guerssen_trans_100.png\",\"width\":122,\"height\":100,\"caption\":\"Guerssen records\"},\"image\":{\"@id\":\"https:\/\/wpguerssen-test.odoo.rgbconsulting.com\/es\/#\/schema\/logo\/image\/\"}}]}<\/script>\n<!-- \/ Yoast SEO plugin. -->","yoast_head_json":{"title":"ELECTRIC PRUNES, The - Mass in F minor (Yellow) -  (LP) | Guerssen","description":"In 1968, The Electric Prunes collaborated with classically-trained musician David Axelrod to create \"Mass in F Minor\", a religious-based rock opera. Even though the album is a head-scratcher side by side with their previous records, this has become one of the era's most bizarre and hypnotic releases. Sung in Latin with the band hanging onto Axelrod's ambitious arrangements; you've never heard anything like it. It created enough of a cultural mark that the lead track 'Kyrie Eleison' was even used in the movie that defined the late 60's generation, Easy Rider.1968 Psychedelic Concept Record Arranged By David Axelrod.Cut from the Original Analog Master tapes by Kevin Gray.","robots":{"index":"index","follow":"follow","max-snippet":"max-snippet:-1","max-image-preview":"max-image-preview:large","max-video-preview":"max-video-preview:-1"},"canonical":"https:\/\/wpguerssen-test.odoo.rgbconsulting.com\/es\/producto\/mass-in-f-minor-yellow\/","og_locale":"es_ES","og_type":"article","og_title":"ELECTRIC PRUNES, The - Mass in F minor (Yellow) -  (LP) | Guerssen","og_description":"In 1968, The Electric Prunes collaborated with classically-trained musician David Axelrod to create \"Mass in F Minor\", a religious-based rock opera. Even though the album is a head-scratcher side by side with their previous records, this has become one of the era's most bizarre and hypnotic releases. Sung in Latin with the band hanging onto Axelrod's ambitious arrangements; you've never heard anything like it. It created enough of a cultural mark that the lead track 'Kyrie Eleison' was even used in the movie that defined the late 60's generation, Easy Rider.1968 Psychedelic Concept Record Arranged By David Axelrod.Cut from the Original Analog Master tapes by Kevin Gray.","og_url":"https:\/\/wpguerssen-test.odoo.rgbconsulting.com\/es\/producto\/mass-in-f-minor-yellow\/","og_site_name":"Guerssen records","article_modified_time":"2025-03-26T15:52:04+00:00","og_image":[{"width":563,"height":423,"url":"https:\/\/wpguerssen-test.odoo.rgbconsulting.com\/wp-content\/uploads\/2023\/10\/45822.jpg","type":"image\/jpeg"}],"twitter_card":"summary_large_image","twitter_title":"ELECTRIC PRUNES, The - Mass in F minor (Yellow) -  (LP) | Guerssen","twitter_misc":{"Tiempo de lectura":"1 minuto"},"schema":{"@context":"https:\/\/schema.org","@graph":[{"@type":"WebPage","@id":"https:\/\/wpguerssen-test.odoo.rgbconsulting.com\/es\/producto\/mass-in-f-minor-yellow\/","url":"https:\/\/wpguerssen-test.odoo.rgbconsulting.com\/es\/producto\/mass-in-f-minor-yellow\/","name":"ELECTRIC PRUNES, The - Mass in F minor (Yellow) - (LP) | Guerssen","isPartOf":{"@id":"https:\/\/wpguerssen-test.odoo.rgbconsulting.com\/es\/#website"},"primaryImageOfPage":{"@id":"https:\/\/wpguerssen-test.odoo.rgbconsulting.com\/es\/producto\/mass-in-f-minor-yellow\/#primaryimage"},"image":{"@id":"https:\/\/wpguerssen-test.odoo.rgbconsulting.com\/es\/producto\/mass-in-f-minor-yellow\/#primaryimage"},"thumbnailUrl":"https:\/\/wpguerssen-test.odoo.rgbconsulting.com\/wp-content\/uploads\/2023\/10\/45822.jpg","datePublished":"2024-08-12T22:00:00+00:00","dateModified":"2025-03-26T15:52:04+00:00","description":"In 1968, The Electric Prunes collaborated with classically-trained musician David Axelrod to create \"Mass in F Minor\", a religious-based rock opera. Even though the album is a head-scratcher side by side with their previous records, this has become one of the era's most bizarre and hypnotic releases. Sung in Latin with the band hanging onto Axelrod's ambitious arrangements; you've never heard anything like it. It created enough of a cultural mark that the lead track 'Kyrie Eleison' was even used in the movie that defined the late 60's generation, Easy Rider.1968 Psychedelic Concept Record Arranged By David Axelrod.Cut from the Original Analog Master tapes by Kevin Gray.","breadcrumb":{"@id":"https:\/\/wpguerssen-test.odoo.rgbconsulting.com\/es\/producto\/mass-in-f-minor-yellow\/#breadcrumb"},"inLanguage":"es","potentialAction":[{"@type":"ReadAction","target":["https:\/\/wpguerssen-test.odoo.rgbconsulting.com\/es\/producto\/mass-in-f-minor-yellow\/"]}]},{"@type":"ImageObject","inLanguage":"es","@id":"https:\/\/wpguerssen-test.odoo.rgbconsulting.com\/es\/producto\/mass-in-f-minor-yellow\/#primaryimage","url":"https:\/\/wpguerssen-test.odoo.rgbconsulting.com\/wp-content\/uploads\/2023\/10\/45822.jpg","contentUrl":"https:\/\/wpguerssen-test.odoo.rgbconsulting.com\/wp-content\/uploads\/2023\/10\/45822.jpg","width":563,"height":423,"caption":"The - Mass in F minor (Yellow) - JACKPOT (LP) | Guerssen"},{"@type":"BreadcrumbList","@id":"https:\/\/wpguerssen-test.odoo.rgbconsulting.com\/es\/producto\/mass-in-f-minor-yellow\/#breadcrumb","itemListElement":[{"@type":"ListItem","position":1,"name":"Inicio","item":"https:\/\/wpguerssen-test.odoo.rgbconsulting.com\/es\/"},{"@type":"ListItem","position":2,"name":"Shop","item":"https:\/\/wpguerssen-test.odoo.rgbconsulting.com\/shop\/"},{"@type":"ListItem","position":3,"name":"Mass in F minor (Yellow)"}]},{"@type":"WebSite","@id":"https:\/\/wpguerssen-test.odoo.rgbconsulting.com\/es\/#website","url":"https:\/\/wpguerssen-test.odoo.rgbconsulting.com\/es\/","name":"Guerssen records","description":"psychedelia - progressive - folk - garage ","publisher":{"@id":"https:\/\/wpguerssen-test.odoo.rgbconsulting.com\/es\/#organization"},"potentialAction":[{"@type":"SearchAction","target":{"@type":"EntryPoint","urlTemplate":"https:\/\/wpguerssen-test.odoo.rgbconsulting.com\/es\/?s={search_term_string}"},"query-input":{"@type":"PropertyValueSpecification","valueRequired":true,"valueName":"search_term_string"}}],"inLanguage":"es"},{"@type":"Organization","@id":"https:\/\/wpguerssen-test.odoo.rgbconsulting.com\/es\/#organization","name":"Guerssen records","url":"https:\/\/wpguerssen-test.odoo.rgbconsulting.com\/es\/","logo":{"@type":"ImageObject","inLanguage":"es","@id":"https:\/\/wpguerssen-test.odoo.rgbconsulting.com\/es\/#\/schema\/logo\/image\/","url":"https:\/\/wpguerssen-test.odoo.rgbconsulting.com\/wp-content\/uploads\/2022\/04\/Logo_Guerssen_trans_100.png","contentUrl":"https:\/\/wpguerssen-test.odoo.rgbconsulting.com\/wp-content\/uploads\/2022\/04\/Logo_Guerssen_trans_100.png","width":122,"height":100,"caption":"Guerssen records"},"image":{"@id":"https:\/\/wpguerssen-test.odoo.rgbconsulting.com\/es\/#\/schema\/logo\/image\/"}}]}},"_links":{"self":[{"href":"https:\/\/wpguerssen-test.odoo.rgbconsulting.com\/es\/wp-json\/wp\/v2\/product\/244105","targetHints":{"allow":["GET"]}}],"collection":[{"href":"https:\/\/wpguerssen-test.odoo.rgbconsulting.com\/es\/wp-json\/wp\/v2\/product"}],"about":[{"href":"https:\/\/wpguerssen-test.odoo.rgbconsulting.com\/es\/wp-json\/wp\/v2\/types\/product"}],"wp:featuredmedia":[{"embeddable":true,"href":"https:\/\/wpguerssen-test.odoo.rgbconsulting.com\/es\/wp-json\/wp\/v2\/media\/244063"}],"wp:attachment":[{"href":"https:\/\/wpguerssen-test.odoo.rgbconsulting.com\/es\/wp-json\/wp\/v2\/media?parent=244105"}],"wp:term":[{"taxonomy":"product_brand","embeddable":true,"href":"https:\/\/wpguerssen-test.odoo.rgbconsulting.com\/es\/wp-json\/wp\/v2\/product_brand?post=244105"},{"taxonomy":"product_cat","embeddable":true,"href":"https:\/\/wpguerssen-test.odoo.rgbconsulting.com\/es\/wp-json\/wp\/v2\/product_cat?post=244105"},{"taxonomy":"product_tag","embeddable":true,"href":"https:\/\/wpguerssen-test.odoo.rgbconsulting.com\/es\/wp-json\/wp\/v2\/product_tag?post=244105"}],"curies":[{"name":"wp","href":"https:\/\/api.w.org\/{rel}","templated":true}]}}