{"id":244107,"date":"2024-08-13T00:00:00","date_gmt":"2024-08-12T22:00:00","guid":{"rendered":"https:\/\/wpguerssen-test.odoo.rgbconsulting.com\/product\/underground-cyan\/"},"modified":"2025-03-26T16:52:10","modified_gmt":"2025-03-26T15:52:10","slug":"underground-cyan","status":"publish","type":"product","link":"https:\/\/wpguerssen-test.odoo.rgbconsulting.com\/es\/producto\/underground-cyan\/","title":{"rendered":"Underground (Cyan)"},"content":{"rendered":"<p>Debido a su exitoso debut, el productor de la banda estaba muy solicitado, dejando poco tiempo para dedicarlo a los Prunes. La banda aprovech\u00f3 al m\u00e1ximo que los adultos no estuvieran en la sala y cre\u00f3 una incre\u00edble continuaci\u00f3n del material original en \u00abUnderground\u00bb de 1968. Aqu\u00ed es donde la banda realmente se apoy\u00f3 en gran medida en su habilidad para desafiar el pop. Este \u00e1lbum lleg\u00f3 a definir lo que m\u00e1s tarde, los sepultureros del g\u00e9nero garage llegaron a devorarlo. Iggy Pop, The Ramones y Patti Smith adoptaron un riff aqu\u00ed y una actitud all\u00e1.<\/p>\n","protected":false},"excerpt":{"rendered":"<p>Debido a su exitoso debut, el productor de la banda estaba muy solicitado, dejando poco tiempo para dedicarlo a los Prunes. La banda aprovech\u00f3 al m\u00e1ximo que los<a class=\"read\" href=\"https:\/\/wpguerssen-test.odoo.rgbconsulting.com\/es\/producto\/underground-cyan\/\"> (...)<\/a>","protected":false},"featured_media":244069,"template":"","meta":{"_acf_changed":false},"product_brand":[],"product_cat":[23281,21639],"product_tag":[29140],"class_list":{"0":"post-244107","1":"product","2":"type-product","3":"status-publish","4":"has-post-thumbnail","6":"product_cat-garagebeatrnb60-70-es","7":"product_cat-psychedelic60s-70s-es","8":"product_tag-color-vinyl-es","9":"pa_artist-electric-prunes-the-es","10":"pa_format-lp-es","11":"pa_gender-psychedelic60s-70s-garagebeatrnb60-70","12":"pa_label-jackpot-es","13":"pa_location-north-america-es","14":"pa_other-filters-vinyl-only-es","16":"first","17":"instock","18":"taxable","19":"shipping-taxable","20":"purchasable","21":"product-type-simple"},"acf":[],"yoast_head":"<!-- This site is optimized with the Yoast SEO plugin v24.9 - https:\/\/yoast.com\/wordpress\/plugins\/seo\/ -->\n<title>ELECTRIC PRUNES, The - Underground (Cyan) -  (LP) | Guerssen<\/title>\n<meta name=\"description\" content=\"Due to their successful debut, the band&#039;s producer was in demand, leaving little time to devote to the Prunes. The band took full advantage of the adults not being in the room and created an incredible follow-up of original material on 1968&#039;s &quot;Underground&quot;. Here is where the band really leaned heavily into their knack for challenging pop. This album came to define what later gravediggers of the garage genre came to devour: Iggy Pop, The Ramones, and Patti Smith all took a riff here; an attitude there.\" \/>\n<meta name=\"robots\" content=\"index, follow, max-snippet:-1, max-image-preview:large, max-video-preview:-1\" \/>\n<link rel=\"canonical\" href=\"https:\/\/wpguerssen-test.odoo.rgbconsulting.com\/es\/producto\/underground-cyan\/\" \/>\n<meta property=\"og:locale\" content=\"es_ES\" \/>\n<meta property=\"og:type\" content=\"article\" \/>\n<meta property=\"og:title\" content=\"ELECTRIC PRUNES, The - Underground (Cyan) -  (LP) | Guerssen\" \/>\n<meta property=\"og:description\" content=\"Due to their successful debut, the band&#039;s producer was in demand, leaving little time to devote to the Prunes. The band took full advantage of the adults not being in the room and created an incredible follow-up of original material on 1968&#039;s &quot;Underground&quot;. Here is where the band really leaned heavily into their knack for challenging pop. This album came to define what later gravediggers of the garage genre came to devour: Iggy Pop, The Ramones, and Patti Smith all took a riff here; an attitude there.\" \/>\n<meta property=\"og:url\" content=\"https:\/\/wpguerssen-test.odoo.rgbconsulting.com\/es\/producto\/underground-cyan\/\" \/>\n<meta property=\"og:site_name\" content=\"Guerssen records\" \/>\n<meta property=\"article:modified_time\" content=\"2025-03-26T15:52:10+00:00\" \/>\n<meta property=\"og:image\" content=\"https:\/\/wpguerssen-test.odoo.rgbconsulting.com\/wp-content\/uploads\/2023\/10\/45824.jpg\" \/>\n\t<meta property=\"og:image:width\" content=\"563\" \/>\n\t<meta property=\"og:image:height\" content=\"423\" \/>\n\t<meta property=\"og:image:type\" content=\"image\/jpeg\" \/>\n<meta name=\"twitter:card\" content=\"summary_large_image\" \/>\n<meta name=\"twitter:title\" content=\"ELECTRIC PRUNES, The - Underground (Cyan) -  (LP) | Guerssen\" \/>\n<meta name=\"twitter:label1\" content=\"Tiempo de lectura\" \/>\n\t<meta name=\"twitter:data1\" content=\"1 minuto\" \/>\n<script type=\"application\/ld+json\" class=\"yoast-schema-graph\">{\"@context\":\"https:\/\/schema.org\",\"@graph\":[{\"@type\":\"WebPage\",\"@id\":\"https:\/\/wpguerssen-test.odoo.rgbconsulting.com\/es\/producto\/underground-cyan\/\",\"url\":\"https:\/\/wpguerssen-test.odoo.rgbconsulting.com\/es\/producto\/underground-cyan\/\",\"name\":\"ELECTRIC PRUNES, The - Underground (Cyan) - (LP) | Guerssen\",\"isPartOf\":{\"@id\":\"https:\/\/wpguerssen-test.odoo.rgbconsulting.com\/es\/#website\"},\"primaryImageOfPage\":{\"@id\":\"https:\/\/wpguerssen-test.odoo.rgbconsulting.com\/es\/producto\/underground-cyan\/#primaryimage\"},\"image\":{\"@id\":\"https:\/\/wpguerssen-test.odoo.rgbconsulting.com\/es\/producto\/underground-cyan\/#primaryimage\"},\"thumbnailUrl\":\"https:\/\/wpguerssen-test.odoo.rgbconsulting.com\/wp-content\/uploads\/2023\/10\/45824.jpg\",\"datePublished\":\"2024-08-12T22:00:00+00:00\",\"dateModified\":\"2025-03-26T15:52:10+00:00\",\"description\":\"Due to their successful debut, the band's producer was in demand, leaving little time to devote to the Prunes. The band took full advantage of the adults not being in the room and created an incredible follow-up of original material on 1968's \\\"Underground\\\". Here is where the band really leaned heavily into their knack for challenging pop. This album came to define what later gravediggers of the garage genre came to devour: Iggy Pop, The Ramones, and Patti Smith all took a riff here; an attitude there.\",\"breadcrumb\":{\"@id\":\"https:\/\/wpguerssen-test.odoo.rgbconsulting.com\/es\/producto\/underground-cyan\/#breadcrumb\"},\"inLanguage\":\"es\",\"potentialAction\":[{\"@type\":\"ReadAction\",\"target\":[\"https:\/\/wpguerssen-test.odoo.rgbconsulting.com\/es\/producto\/underground-cyan\/\"]}]},{\"@type\":\"ImageObject\",\"inLanguage\":\"es\",\"@id\":\"https:\/\/wpguerssen-test.odoo.rgbconsulting.com\/es\/producto\/underground-cyan\/#primaryimage\",\"url\":\"https:\/\/wpguerssen-test.odoo.rgbconsulting.com\/wp-content\/uploads\/2023\/10\/45824.jpg\",\"contentUrl\":\"https:\/\/wpguerssen-test.odoo.rgbconsulting.com\/wp-content\/uploads\/2023\/10\/45824.jpg\",\"width\":563,\"height\":423,\"caption\":\"The - Underground (Cyan) - JACKPOT (LP) | Guerssen\"},{\"@type\":\"BreadcrumbList\",\"@id\":\"https:\/\/wpguerssen-test.odoo.rgbconsulting.com\/es\/producto\/underground-cyan\/#breadcrumb\",\"itemListElement\":[{\"@type\":\"ListItem\",\"position\":1,\"name\":\"Inicio\",\"item\":\"https:\/\/wpguerssen-test.odoo.rgbconsulting.com\/es\/\"},{\"@type\":\"ListItem\",\"position\":2,\"name\":\"Shop\",\"item\":\"https:\/\/wpguerssen-test.odoo.rgbconsulting.com\/shop\/\"},{\"@type\":\"ListItem\",\"position\":3,\"name\":\"Underground (Cyan)\"}]},{\"@type\":\"WebSite\",\"@id\":\"https:\/\/wpguerssen-test.odoo.rgbconsulting.com\/es\/#website\",\"url\":\"https:\/\/wpguerssen-test.odoo.rgbconsulting.com\/es\/\",\"name\":\"Guerssen records\",\"description\":\"psychedelia - progressive - folk - garage \",\"publisher\":{\"@id\":\"https:\/\/wpguerssen-test.odoo.rgbconsulting.com\/es\/#organization\"},\"potentialAction\":[{\"@type\":\"SearchAction\",\"target\":{\"@type\":\"EntryPoint\",\"urlTemplate\":\"https:\/\/wpguerssen-test.odoo.rgbconsulting.com\/es\/?s={search_term_string}\"},\"query-input\":{\"@type\":\"PropertyValueSpecification\",\"valueRequired\":true,\"valueName\":\"search_term_string\"}}],\"inLanguage\":\"es\"},{\"@type\":\"Organization\",\"@id\":\"https:\/\/wpguerssen-test.odoo.rgbconsulting.com\/es\/#organization\",\"name\":\"Guerssen records\",\"url\":\"https:\/\/wpguerssen-test.odoo.rgbconsulting.com\/es\/\",\"logo\":{\"@type\":\"ImageObject\",\"inLanguage\":\"es\",\"@id\":\"https:\/\/wpguerssen-test.odoo.rgbconsulting.com\/es\/#\/schema\/logo\/image\/\",\"url\":\"https:\/\/wpguerssen-test.odoo.rgbconsulting.com\/wp-content\/uploads\/2022\/04\/Logo_Guerssen_trans_100.png\",\"contentUrl\":\"https:\/\/wpguerssen-test.odoo.rgbconsulting.com\/wp-content\/uploads\/2022\/04\/Logo_Guerssen_trans_100.png\",\"width\":122,\"height\":100,\"caption\":\"Guerssen records\"},\"image\":{\"@id\":\"https:\/\/wpguerssen-test.odoo.rgbconsulting.com\/es\/#\/schema\/logo\/image\/\"}}]}<\/script>\n<!-- \/ Yoast SEO plugin. -->","yoast_head_json":{"title":"ELECTRIC PRUNES, The - Underground (Cyan) -  (LP) | Guerssen","description":"Due to their successful debut, the band's producer was in demand, leaving little time to devote to the Prunes. The band took full advantage of the adults not being in the room and created an incredible follow-up of original material on 1968's \"Underground\". Here is where the band really leaned heavily into their knack for challenging pop. This album came to define what later gravediggers of the garage genre came to devour: Iggy Pop, The Ramones, and Patti Smith all took a riff here; an attitude there.","robots":{"index":"index","follow":"follow","max-snippet":"max-snippet:-1","max-image-preview":"max-image-preview:large","max-video-preview":"max-video-preview:-1"},"canonical":"https:\/\/wpguerssen-test.odoo.rgbconsulting.com\/es\/producto\/underground-cyan\/","og_locale":"es_ES","og_type":"article","og_title":"ELECTRIC PRUNES, The - Underground (Cyan) -  (LP) | Guerssen","og_description":"Due to their successful debut, the band's producer was in demand, leaving little time to devote to the Prunes. The band took full advantage of the adults not being in the room and created an incredible follow-up of original material on 1968's \"Underground\". Here is where the band really leaned heavily into their knack for challenging pop. This album came to define what later gravediggers of the garage genre came to devour: Iggy Pop, The Ramones, and Patti Smith all took a riff here; an attitude there.","og_url":"https:\/\/wpguerssen-test.odoo.rgbconsulting.com\/es\/producto\/underground-cyan\/","og_site_name":"Guerssen records","article_modified_time":"2025-03-26T15:52:10+00:00","og_image":[{"width":563,"height":423,"url":"https:\/\/wpguerssen-test.odoo.rgbconsulting.com\/wp-content\/uploads\/2023\/10\/45824.jpg","type":"image\/jpeg"}],"twitter_card":"summary_large_image","twitter_title":"ELECTRIC PRUNES, The - Underground (Cyan) -  (LP) | Guerssen","twitter_misc":{"Tiempo de lectura":"1 minuto"},"schema":{"@context":"https:\/\/schema.org","@graph":[{"@type":"WebPage","@id":"https:\/\/wpguerssen-test.odoo.rgbconsulting.com\/es\/producto\/underground-cyan\/","url":"https:\/\/wpguerssen-test.odoo.rgbconsulting.com\/es\/producto\/underground-cyan\/","name":"ELECTRIC PRUNES, The - Underground (Cyan) - (LP) | Guerssen","isPartOf":{"@id":"https:\/\/wpguerssen-test.odoo.rgbconsulting.com\/es\/#website"},"primaryImageOfPage":{"@id":"https:\/\/wpguerssen-test.odoo.rgbconsulting.com\/es\/producto\/underground-cyan\/#primaryimage"},"image":{"@id":"https:\/\/wpguerssen-test.odoo.rgbconsulting.com\/es\/producto\/underground-cyan\/#primaryimage"},"thumbnailUrl":"https:\/\/wpguerssen-test.odoo.rgbconsulting.com\/wp-content\/uploads\/2023\/10\/45824.jpg","datePublished":"2024-08-12T22:00:00+00:00","dateModified":"2025-03-26T15:52:10+00:00","description":"Due to their successful debut, the band's producer was in demand, leaving little time to devote to the Prunes. The band took full advantage of the adults not being in the room and created an incredible follow-up of original material on 1968's \"Underground\". Here is where the band really leaned heavily into their knack for challenging pop. This album came to define what later gravediggers of the garage genre came to devour: Iggy Pop, The Ramones, and Patti Smith all took a riff here; an attitude there.","breadcrumb":{"@id":"https:\/\/wpguerssen-test.odoo.rgbconsulting.com\/es\/producto\/underground-cyan\/#breadcrumb"},"inLanguage":"es","potentialAction":[{"@type":"ReadAction","target":["https:\/\/wpguerssen-test.odoo.rgbconsulting.com\/es\/producto\/underground-cyan\/"]}]},{"@type":"ImageObject","inLanguage":"es","@id":"https:\/\/wpguerssen-test.odoo.rgbconsulting.com\/es\/producto\/underground-cyan\/#primaryimage","url":"https:\/\/wpguerssen-test.odoo.rgbconsulting.com\/wp-content\/uploads\/2023\/10\/45824.jpg","contentUrl":"https:\/\/wpguerssen-test.odoo.rgbconsulting.com\/wp-content\/uploads\/2023\/10\/45824.jpg","width":563,"height":423,"caption":"The - Underground (Cyan) - JACKPOT (LP) | Guerssen"},{"@type":"BreadcrumbList","@id":"https:\/\/wpguerssen-test.odoo.rgbconsulting.com\/es\/producto\/underground-cyan\/#breadcrumb","itemListElement":[{"@type":"ListItem","position":1,"name":"Inicio","item":"https:\/\/wpguerssen-test.odoo.rgbconsulting.com\/es\/"},{"@type":"ListItem","position":2,"name":"Shop","item":"https:\/\/wpguerssen-test.odoo.rgbconsulting.com\/shop\/"},{"@type":"ListItem","position":3,"name":"Underground (Cyan)"}]},{"@type":"WebSite","@id":"https:\/\/wpguerssen-test.odoo.rgbconsulting.com\/es\/#website","url":"https:\/\/wpguerssen-test.odoo.rgbconsulting.com\/es\/","name":"Guerssen records","description":"psychedelia - progressive - folk - garage ","publisher":{"@id":"https:\/\/wpguerssen-test.odoo.rgbconsulting.com\/es\/#organization"},"potentialAction":[{"@type":"SearchAction","target":{"@type":"EntryPoint","urlTemplate":"https:\/\/wpguerssen-test.odoo.rgbconsulting.com\/es\/?s={search_term_string}"},"query-input":{"@type":"PropertyValueSpecification","valueRequired":true,"valueName":"search_term_string"}}],"inLanguage":"es"},{"@type":"Organization","@id":"https:\/\/wpguerssen-test.odoo.rgbconsulting.com\/es\/#organization","name":"Guerssen records","url":"https:\/\/wpguerssen-test.odoo.rgbconsulting.com\/es\/","logo":{"@type":"ImageObject","inLanguage":"es","@id":"https:\/\/wpguerssen-test.odoo.rgbconsulting.com\/es\/#\/schema\/logo\/image\/","url":"https:\/\/wpguerssen-test.odoo.rgbconsulting.com\/wp-content\/uploads\/2022\/04\/Logo_Guerssen_trans_100.png","contentUrl":"https:\/\/wpguerssen-test.odoo.rgbconsulting.com\/wp-content\/uploads\/2022\/04\/Logo_Guerssen_trans_100.png","width":122,"height":100,"caption":"Guerssen records"},"image":{"@id":"https:\/\/wpguerssen-test.odoo.rgbconsulting.com\/es\/#\/schema\/logo\/image\/"}}]}},"_links":{"self":[{"href":"https:\/\/wpguerssen-test.odoo.rgbconsulting.com\/es\/wp-json\/wp\/v2\/product\/244107","targetHints":{"allow":["GET"]}}],"collection":[{"href":"https:\/\/wpguerssen-test.odoo.rgbconsulting.com\/es\/wp-json\/wp\/v2\/product"}],"about":[{"href":"https:\/\/wpguerssen-test.odoo.rgbconsulting.com\/es\/wp-json\/wp\/v2\/types\/product"}],"wp:featuredmedia":[{"embeddable":true,"href":"https:\/\/wpguerssen-test.odoo.rgbconsulting.com\/es\/wp-json\/wp\/v2\/media\/244069"}],"wp:attachment":[{"href":"https:\/\/wpguerssen-test.odoo.rgbconsulting.com\/es\/wp-json\/wp\/v2\/media?parent=244107"}],"wp:term":[{"taxonomy":"product_brand","embeddable":true,"href":"https:\/\/wpguerssen-test.odoo.rgbconsulting.com\/es\/wp-json\/wp\/v2\/product_brand?post=244107"},{"taxonomy":"product_cat","embeddable":true,"href":"https:\/\/wpguerssen-test.odoo.rgbconsulting.com\/es\/wp-json\/wp\/v2\/product_cat?post=244107"},{"taxonomy":"product_tag","embeddable":true,"href":"https:\/\/wpguerssen-test.odoo.rgbconsulting.com\/es\/wp-json\/wp\/v2\/product_tag?post=244107"}],"curies":[{"name":"wp","href":"https:\/\/api.w.org\/{rel}","templated":true}]}}