{"id":244180,"date":"2023-11-29T00:00:00","date_gmt":"2023-11-28T23:00:00","guid":{"rendered":"https:\/\/wpguerssen-test.odoo.rgbconsulting.com\/product\/upon-velveatur-cd\/"},"modified":"2025-02-17T16:39:27","modified_gmt":"2025-02-17T15:39:27","slug":"upon-velveatur-cd","status":"publish","type":"product","link":"https:\/\/wpguerssen-test.odoo.rgbconsulting.com\/es\/producto\/upon-velveatur-cd\/","title":{"rendered":"Upon Velveatur (+CD)"},"content":{"rendered":"<p>&#8216;Upon Velveatur&#8217; es una enigm\u00e1tica suite folk-ps\u00edicod\u00e9lica franco-canadiense, que presenta hermosas melod\u00edas, una orquestaci\u00f3n exuberante y una guitarra el\u00e9ctrica punzante. Apenas circul\u00f3 en su lanzamiento original en 1972, desde entonces ha ganado seguidores de culto. Esta edici\u00f3n del 50 aniversario viene en una funda desplegable que contiene notas de fondo e im\u00e1genes raras, e incluye una reproducci\u00f3n del folleto de letras original, as\u00ed como un comunicado de prensa y un p\u00f3ster promocional del momento del lanzamiento. El set tambi\u00e9n incluye un CD que contiene el \u00e1lbum completo y cinco pistas extra.<\/p>\n","protected":false},"excerpt":{"rendered":"<p>&#8216;Upon Velveatur&#8217; es una enigm\u00e1tica suite folk-ps\u00edicod\u00e9lica franco-canadiense, que presenta hermosas melod\u00edas, una orquestaci\u00f3n exuberante y una guitarra<a class=\"read\" href=\"https:\/\/wpguerssen-test.odoo.rgbconsulting.com\/es\/producto\/upon-velveatur-cd\/\"> (...)<\/a>","protected":false},"featured_media":244141,"template":"","meta":{"_acf_changed":false},"product_brand":[],"product_cat":[21639,23274],"product_tag":[],"class_list":{"0":"post-244180","1":"product","2":"type-product","3":"status-publish","4":"has-post-thumbnail","6":"product_cat-psychedelic60s-70s-es","7":"product_cat-folk-rock-60s-70s-es","8":"pa_artist-rodier-roger","9":"pa_format-lp-es","10":"pa_gender-folk-rock-60s-70s-psychedelic60s-70s","11":"pa_label-sunbeam","12":"pa_location-north-america-es","13":"pa_other-filters-vinyl-only-es","15":"first","16":"instock","17":"taxable","18":"shipping-taxable","19":"purchasable","20":"product-type-simple"},"acf":[],"yoast_head":"<!-- This site is optimized with the Yoast SEO plugin v24.9 - https:\/\/yoast.com\/wordpress\/plugins\/seo\/ -->\n<title>RODIER, Roger - Upon Velveatur (+CD) -  (LP) | Guerssen<\/title>\n<meta name=\"description\" content=\"&#039;Upon Velveatur&#039; is an enigmatic French-Canadian folk-psych suite, featuring beautiful melodies, lush orchestration and stinging electric guitar. Barely circulated on its original release in 1972, it has since gathered a cult following. This 50th anniversary edition comes in a gatefold sleeve containing background notes and rare images, and includes a reproduction of the original lyric booklet as well as a press release and promo poster from the time of release. The set also includes a CD containing the full album and five bonus tracks.\" \/>\n<meta name=\"robots\" content=\"index, follow, max-snippet:-1, max-image-preview:large, max-video-preview:-1\" \/>\n<link rel=\"canonical\" href=\"https:\/\/wpguerssen-test.odoo.rgbconsulting.com\/es\/producto\/upon-velveatur-cd\/\" \/>\n<meta property=\"og:locale\" content=\"es_ES\" \/>\n<meta property=\"og:type\" content=\"article\" \/>\n<meta property=\"og:title\" content=\"RODIER, Roger - Upon Velveatur (+CD) -  (LP) | Guerssen\" \/>\n<meta property=\"og:description\" content=\"&#039;Upon Velveatur&#039; is an enigmatic French-Canadian folk-psych suite, featuring beautiful melodies, lush orchestration and stinging electric guitar. Barely circulated on its original release in 1972, it has since gathered a cult following. This 50th anniversary edition comes in a gatefold sleeve containing background notes and rare images, and includes a reproduction of the original lyric booklet as well as a press release and promo poster from the time of release. The set also includes a CD containing the full album and five bonus tracks.\" \/>\n<meta property=\"og:url\" content=\"https:\/\/wpguerssen-test.odoo.rgbconsulting.com\/es\/producto\/upon-velveatur-cd\/\" \/>\n<meta property=\"og:site_name\" content=\"Guerssen records\" \/>\n<meta property=\"article:modified_time\" content=\"2025-02-17T15:39:27+00:00\" \/>\n<meta property=\"og:image\" content=\"https:\/\/wpguerssen-test.odoo.rgbconsulting.com\/wp-content\/uploads\/2023\/10\/45838.jpg\" \/>\n\t<meta property=\"og:image:width\" content=\"600\" \/>\n\t<meta property=\"og:image:height\" content=\"596\" \/>\n\t<meta property=\"og:image:type\" content=\"image\/jpeg\" \/>\n<meta name=\"twitter:card\" content=\"summary_large_image\" \/>\n<meta name=\"twitter:title\" content=\"RODIER, Roger - Upon Velveatur (+CD) -  (LP) | Guerssen\" \/>\n<meta name=\"twitter:label1\" content=\"Tiempo de lectura\" \/>\n\t<meta name=\"twitter:data1\" content=\"1 minuto\" \/>\n<script type=\"application\/ld+json\" class=\"yoast-schema-graph\">{\"@context\":\"https:\/\/schema.org\",\"@graph\":[{\"@type\":\"WebPage\",\"@id\":\"https:\/\/wpguerssen-test.odoo.rgbconsulting.com\/es\/producto\/upon-velveatur-cd\/\",\"url\":\"https:\/\/wpguerssen-test.odoo.rgbconsulting.com\/es\/producto\/upon-velveatur-cd\/\",\"name\":\"RODIER, Roger - Upon Velveatur (+CD) - (LP) | Guerssen\",\"isPartOf\":{\"@id\":\"https:\/\/wpguerssen-test.odoo.rgbconsulting.com\/es\/#website\"},\"primaryImageOfPage\":{\"@id\":\"https:\/\/wpguerssen-test.odoo.rgbconsulting.com\/es\/producto\/upon-velveatur-cd\/#primaryimage\"},\"image\":{\"@id\":\"https:\/\/wpguerssen-test.odoo.rgbconsulting.com\/es\/producto\/upon-velveatur-cd\/#primaryimage\"},\"thumbnailUrl\":\"https:\/\/wpguerssen-test.odoo.rgbconsulting.com\/wp-content\/uploads\/2023\/10\/45838.jpg\",\"datePublished\":\"2023-11-28T23:00:00+00:00\",\"dateModified\":\"2025-02-17T15:39:27+00:00\",\"description\":\"'Upon Velveatur' is an enigmatic French-Canadian folk-psych suite, featuring beautiful melodies, lush orchestration and stinging electric guitar. Barely circulated on its original release in 1972, it has since gathered a cult following. This 50th anniversary edition comes in a gatefold sleeve containing background notes and rare images, and includes a reproduction of the original lyric booklet as well as a press release and promo poster from the time of release. The set also includes a CD containing the full album and five bonus tracks.\",\"breadcrumb\":{\"@id\":\"https:\/\/wpguerssen-test.odoo.rgbconsulting.com\/es\/producto\/upon-velveatur-cd\/#breadcrumb\"},\"inLanguage\":\"es\",\"potentialAction\":[{\"@type\":\"ReadAction\",\"target\":[\"https:\/\/wpguerssen-test.odoo.rgbconsulting.com\/es\/producto\/upon-velveatur-cd\/\"]}]},{\"@type\":\"ImageObject\",\"inLanguage\":\"es\",\"@id\":\"https:\/\/wpguerssen-test.odoo.rgbconsulting.com\/es\/producto\/upon-velveatur-cd\/#primaryimage\",\"url\":\"https:\/\/wpguerssen-test.odoo.rgbconsulting.com\/wp-content\/uploads\/2023\/10\/45838.jpg\",\"contentUrl\":\"https:\/\/wpguerssen-test.odoo.rgbconsulting.com\/wp-content\/uploads\/2023\/10\/45838.jpg\",\"width\":600,\"height\":596,\"caption\":\"Roger - Upon Velveatur (+CD) - SUNBEAM (LP) | Guerssen\"},{\"@type\":\"BreadcrumbList\",\"@id\":\"https:\/\/wpguerssen-test.odoo.rgbconsulting.com\/es\/producto\/upon-velveatur-cd\/#breadcrumb\",\"itemListElement\":[{\"@type\":\"ListItem\",\"position\":1,\"name\":\"Inicio\",\"item\":\"https:\/\/wpguerssen-test.odoo.rgbconsulting.com\/es\/\"},{\"@type\":\"ListItem\",\"position\":2,\"name\":\"Shop\",\"item\":\"https:\/\/wpguerssen-test.odoo.rgbconsulting.com\/shop\/\"},{\"@type\":\"ListItem\",\"position\":3,\"name\":\"Upon Velveatur (+CD)\"}]},{\"@type\":\"WebSite\",\"@id\":\"https:\/\/wpguerssen-test.odoo.rgbconsulting.com\/es\/#website\",\"url\":\"https:\/\/wpguerssen-test.odoo.rgbconsulting.com\/es\/\",\"name\":\"Guerssen records\",\"description\":\"psychedelia - progressive - folk - garage \",\"publisher\":{\"@id\":\"https:\/\/wpguerssen-test.odoo.rgbconsulting.com\/es\/#organization\"},\"potentialAction\":[{\"@type\":\"SearchAction\",\"target\":{\"@type\":\"EntryPoint\",\"urlTemplate\":\"https:\/\/wpguerssen-test.odoo.rgbconsulting.com\/es\/?s={search_term_string}\"},\"query-input\":{\"@type\":\"PropertyValueSpecification\",\"valueRequired\":true,\"valueName\":\"search_term_string\"}}],\"inLanguage\":\"es\"},{\"@type\":\"Organization\",\"@id\":\"https:\/\/wpguerssen-test.odoo.rgbconsulting.com\/es\/#organization\",\"name\":\"Guerssen records\",\"url\":\"https:\/\/wpguerssen-test.odoo.rgbconsulting.com\/es\/\",\"logo\":{\"@type\":\"ImageObject\",\"inLanguage\":\"es\",\"@id\":\"https:\/\/wpguerssen-test.odoo.rgbconsulting.com\/es\/#\/schema\/logo\/image\/\",\"url\":\"https:\/\/wpguerssen-test.odoo.rgbconsulting.com\/wp-content\/uploads\/2022\/04\/Logo_Guerssen_trans_100.png\",\"contentUrl\":\"https:\/\/wpguerssen-test.odoo.rgbconsulting.com\/wp-content\/uploads\/2022\/04\/Logo_Guerssen_trans_100.png\",\"width\":122,\"height\":100,\"caption\":\"Guerssen records\"},\"image\":{\"@id\":\"https:\/\/wpguerssen-test.odoo.rgbconsulting.com\/es\/#\/schema\/logo\/image\/\"}}]}<\/script>\n<!-- \/ Yoast SEO plugin. -->","yoast_head_json":{"title":"RODIER, Roger - Upon Velveatur (+CD) -  (LP) | Guerssen","description":"'Upon Velveatur' is an enigmatic French-Canadian folk-psych suite, featuring beautiful melodies, lush orchestration and stinging electric guitar. Barely circulated on its original release in 1972, it has since gathered a cult following. This 50th anniversary edition comes in a gatefold sleeve containing background notes and rare images, and includes a reproduction of the original lyric booklet as well as a press release and promo poster from the time of release. The set also includes a CD containing the full album and five bonus tracks.","robots":{"index":"index","follow":"follow","max-snippet":"max-snippet:-1","max-image-preview":"max-image-preview:large","max-video-preview":"max-video-preview:-1"},"canonical":"https:\/\/wpguerssen-test.odoo.rgbconsulting.com\/es\/producto\/upon-velveatur-cd\/","og_locale":"es_ES","og_type":"article","og_title":"RODIER, Roger - Upon Velveatur (+CD) -  (LP) | Guerssen","og_description":"'Upon Velveatur' is an enigmatic French-Canadian folk-psych suite, featuring beautiful melodies, lush orchestration and stinging electric guitar. Barely circulated on its original release in 1972, it has since gathered a cult following. This 50th anniversary edition comes in a gatefold sleeve containing background notes and rare images, and includes a reproduction of the original lyric booklet as well as a press release and promo poster from the time of release. The set also includes a CD containing the full album and five bonus tracks.","og_url":"https:\/\/wpguerssen-test.odoo.rgbconsulting.com\/es\/producto\/upon-velveatur-cd\/","og_site_name":"Guerssen records","article_modified_time":"2025-02-17T15:39:27+00:00","og_image":[{"width":600,"height":596,"url":"https:\/\/wpguerssen-test.odoo.rgbconsulting.com\/wp-content\/uploads\/2023\/10\/45838.jpg","type":"image\/jpeg"}],"twitter_card":"summary_large_image","twitter_title":"RODIER, Roger - Upon Velveatur (+CD) -  (LP) | Guerssen","twitter_misc":{"Tiempo de lectura":"1 minuto"},"schema":{"@context":"https:\/\/schema.org","@graph":[{"@type":"WebPage","@id":"https:\/\/wpguerssen-test.odoo.rgbconsulting.com\/es\/producto\/upon-velveatur-cd\/","url":"https:\/\/wpguerssen-test.odoo.rgbconsulting.com\/es\/producto\/upon-velveatur-cd\/","name":"RODIER, Roger - Upon Velveatur (+CD) - (LP) | Guerssen","isPartOf":{"@id":"https:\/\/wpguerssen-test.odoo.rgbconsulting.com\/es\/#website"},"primaryImageOfPage":{"@id":"https:\/\/wpguerssen-test.odoo.rgbconsulting.com\/es\/producto\/upon-velveatur-cd\/#primaryimage"},"image":{"@id":"https:\/\/wpguerssen-test.odoo.rgbconsulting.com\/es\/producto\/upon-velveatur-cd\/#primaryimage"},"thumbnailUrl":"https:\/\/wpguerssen-test.odoo.rgbconsulting.com\/wp-content\/uploads\/2023\/10\/45838.jpg","datePublished":"2023-11-28T23:00:00+00:00","dateModified":"2025-02-17T15:39:27+00:00","description":"'Upon Velveatur' is an enigmatic French-Canadian folk-psych suite, featuring beautiful melodies, lush orchestration and stinging electric guitar. Barely circulated on its original release in 1972, it has since gathered a cult following. This 50th anniversary edition comes in a gatefold sleeve containing background notes and rare images, and includes a reproduction of the original lyric booklet as well as a press release and promo poster from the time of release. The set also includes a CD containing the full album and five bonus tracks.","breadcrumb":{"@id":"https:\/\/wpguerssen-test.odoo.rgbconsulting.com\/es\/producto\/upon-velveatur-cd\/#breadcrumb"},"inLanguage":"es","potentialAction":[{"@type":"ReadAction","target":["https:\/\/wpguerssen-test.odoo.rgbconsulting.com\/es\/producto\/upon-velveatur-cd\/"]}]},{"@type":"ImageObject","inLanguage":"es","@id":"https:\/\/wpguerssen-test.odoo.rgbconsulting.com\/es\/producto\/upon-velveatur-cd\/#primaryimage","url":"https:\/\/wpguerssen-test.odoo.rgbconsulting.com\/wp-content\/uploads\/2023\/10\/45838.jpg","contentUrl":"https:\/\/wpguerssen-test.odoo.rgbconsulting.com\/wp-content\/uploads\/2023\/10\/45838.jpg","width":600,"height":596,"caption":"Roger - Upon Velveatur (+CD) - SUNBEAM (LP) | Guerssen"},{"@type":"BreadcrumbList","@id":"https:\/\/wpguerssen-test.odoo.rgbconsulting.com\/es\/producto\/upon-velveatur-cd\/#breadcrumb","itemListElement":[{"@type":"ListItem","position":1,"name":"Inicio","item":"https:\/\/wpguerssen-test.odoo.rgbconsulting.com\/es\/"},{"@type":"ListItem","position":2,"name":"Shop","item":"https:\/\/wpguerssen-test.odoo.rgbconsulting.com\/shop\/"},{"@type":"ListItem","position":3,"name":"Upon Velveatur (+CD)"}]},{"@type":"WebSite","@id":"https:\/\/wpguerssen-test.odoo.rgbconsulting.com\/es\/#website","url":"https:\/\/wpguerssen-test.odoo.rgbconsulting.com\/es\/","name":"Guerssen records","description":"psychedelia - progressive - folk - garage ","publisher":{"@id":"https:\/\/wpguerssen-test.odoo.rgbconsulting.com\/es\/#organization"},"potentialAction":[{"@type":"SearchAction","target":{"@type":"EntryPoint","urlTemplate":"https:\/\/wpguerssen-test.odoo.rgbconsulting.com\/es\/?s={search_term_string}"},"query-input":{"@type":"PropertyValueSpecification","valueRequired":true,"valueName":"search_term_string"}}],"inLanguage":"es"},{"@type":"Organization","@id":"https:\/\/wpguerssen-test.odoo.rgbconsulting.com\/es\/#organization","name":"Guerssen records","url":"https:\/\/wpguerssen-test.odoo.rgbconsulting.com\/es\/","logo":{"@type":"ImageObject","inLanguage":"es","@id":"https:\/\/wpguerssen-test.odoo.rgbconsulting.com\/es\/#\/schema\/logo\/image\/","url":"https:\/\/wpguerssen-test.odoo.rgbconsulting.com\/wp-content\/uploads\/2022\/04\/Logo_Guerssen_trans_100.png","contentUrl":"https:\/\/wpguerssen-test.odoo.rgbconsulting.com\/wp-content\/uploads\/2022\/04\/Logo_Guerssen_trans_100.png","width":122,"height":100,"caption":"Guerssen records"},"image":{"@id":"https:\/\/wpguerssen-test.odoo.rgbconsulting.com\/es\/#\/schema\/logo\/image\/"}}]}},"_links":{"self":[{"href":"https:\/\/wpguerssen-test.odoo.rgbconsulting.com\/es\/wp-json\/wp\/v2\/product\/244180","targetHints":{"allow":["GET"]}}],"collection":[{"href":"https:\/\/wpguerssen-test.odoo.rgbconsulting.com\/es\/wp-json\/wp\/v2\/product"}],"about":[{"href":"https:\/\/wpguerssen-test.odoo.rgbconsulting.com\/es\/wp-json\/wp\/v2\/types\/product"}],"wp:featuredmedia":[{"embeddable":true,"href":"https:\/\/wpguerssen-test.odoo.rgbconsulting.com\/es\/wp-json\/wp\/v2\/media\/244141"}],"wp:attachment":[{"href":"https:\/\/wpguerssen-test.odoo.rgbconsulting.com\/es\/wp-json\/wp\/v2\/media?parent=244180"}],"wp:term":[{"taxonomy":"product_brand","embeddable":true,"href":"https:\/\/wpguerssen-test.odoo.rgbconsulting.com\/es\/wp-json\/wp\/v2\/product_brand?post=244180"},{"taxonomy":"product_cat","embeddable":true,"href":"https:\/\/wpguerssen-test.odoo.rgbconsulting.com\/es\/wp-json\/wp\/v2\/product_cat?post=244180"},{"taxonomy":"product_tag","embeddable":true,"href":"https:\/\/wpguerssen-test.odoo.rgbconsulting.com\/es\/wp-json\/wp\/v2\/product_tag?post=244180"}],"curies":[{"name":"wp","href":"https:\/\/api.w.org\/{rel}","templated":true}]}}