{"id":244181,"date":"2024-02-13T00:00:00","date_gmt":"2024-02-12T23:00:00","guid":{"rendered":"https:\/\/wpguerssen-test.odoo.rgbconsulting.com\/product\/sobre-la-hierba-virgen\/"},"modified":"2024-07-01T19:02:33","modified_gmt":"2024-07-01T17:02:33","slug":"sobre-la-hierba-virgen","status":"publish","type":"product","link":"https:\/\/wpguerssen-test.odoo.rgbconsulting.com\/es\/producto\/sobre-la-hierba-virgen\/","title":{"rendered":"Sobre La Hierba&#8230; Virgen"},"content":{"rendered":"<p>Mega rara banda sonora de la oscura pel\u00edcula venezolana sobre explotaci\u00f3n sexual \u00abSobre la Hierba&#8230; Virgen\u00bb, estrenada originalmente en 1976 y casi imposible de encontrar en cualquier condici\u00f3n. El \u00e1lbum incluye una amplia variedad de m\u00fasica para disfrutar, desde emocionantes jazz-funk psicod\u00e9licos hasta temas experimentales espaciales, breaks de bater\u00eda incre\u00edbles o melod\u00edas instrumentales rom\u00e1nticas. Una de las mejores grabaciones del compositor y teclista Pablo Schneider en la cima de su carrera.<\/p>\n","protected":false},"excerpt":{"rendered":"<p>Mega rara banda sonora de la oscura pel\u00edcula venezolana sobre explotaci\u00f3n sexual \u00abSobre la Hierba&#8230; Virgen\u00bb, estrenada originalmente en 1976 y casi imposible<a class=\"read\" href=\"https:\/\/wpguerssen-test.odoo.rgbconsulting.com\/es\/producto\/sobre-la-hierba-virgen\/\"> (...)<\/a>","protected":false},"featured_media":247200,"template":"","meta":{"_acf_changed":false},"product_brand":[],"product_cat":[21641],"product_tag":[],"class_list":{"0":"post-244181","1":"product","2":"type-product","3":"status-publish","4":"has-post-thumbnail","6":"product_cat-soundtracks-es","7":"pa_artist-schneider-pablo","8":"pa_format-lp-es","9":"pa_gender-soundtracks","10":"pa_label-vampi-soul-es","11":"pa_location-south-america-caribbean-es","12":"pa_other-filters-vinyl-only-es","14":"first","15":"instock","16":"taxable","17":"shipping-taxable","18":"purchasable","19":"product-type-simple"},"acf":[],"yoast_head":"<!-- This site is optimized with the Yoast SEO plugin v24.9 - https:\/\/yoast.com\/wordpress\/plugins\/seo\/ -->\n<title>SCHNEIDER, Pablo - Sobre La Hierba... Virgen -  (LP) | Guerssen<\/title>\n<meta name=\"description\" content=\"Mega rare soundtrack to the obscure Venezuelan sexploitation film &quot;Sobre la Hierba... Virgen&quot; originally released in 1976 and almost impossible to find in any condition. The album includes a wide variety of music to enjoy, from thrilling psychedelic jazz-funk to spacey experimental tracks, killer drum-breaks or romantic instrumental tunes. One of the best recordings of composer and keyboard player Pablo Schneider at the peak of his career.TRACKLIST Side A A1. JENNY A2. EL ASEDIO A3. TEMA CENTRAL (VIOLIN Y PIANO) A4. MALANDRO A5. EL SECUESTRO A6. MORIR SIN NACER Side B B1. LA VENGANZA B2. BAJANDO EL CERRO B3. AMOR EN LLAMAS B4. TEMA DE AMOR B5. ACARIGUA\" \/>\n<meta name=\"robots\" content=\"index, follow, max-snippet:-1, max-image-preview:large, max-video-preview:-1\" \/>\n<link rel=\"canonical\" href=\"https:\/\/wpguerssen-test.odoo.rgbconsulting.com\/es\/producto\/sobre-la-hierba-virgen\/\" \/>\n<meta property=\"og:locale\" content=\"es_ES\" \/>\n<meta property=\"og:type\" content=\"article\" \/>\n<meta property=\"og:title\" content=\"SCHNEIDER, Pablo - Sobre La Hierba... Virgen -  (LP) | Guerssen\" \/>\n<meta property=\"og:description\" content=\"Mega rare soundtrack to the obscure Venezuelan sexploitation film &quot;Sobre la Hierba... Virgen&quot; originally released in 1976 and almost impossible to find in any condition. The album includes a wide variety of music to enjoy, from thrilling psychedelic jazz-funk to spacey experimental tracks, killer drum-breaks or romantic instrumental tunes. One of the best recordings of composer and keyboard player Pablo Schneider at the peak of his career.TRACKLIST Side A A1. JENNY A2. EL ASEDIO A3. TEMA CENTRAL (VIOLIN Y PIANO) A4. MALANDRO A5. EL SECUESTRO A6. MORIR SIN NACER Side B B1. LA VENGANZA B2. BAJANDO EL CERRO B3. AMOR EN LLAMAS B4. TEMA DE AMOR B5. ACARIGUA\" \/>\n<meta property=\"og:url\" content=\"https:\/\/wpguerssen-test.odoo.rgbconsulting.com\/es\/producto\/sobre-la-hierba-virgen\/\" \/>\n<meta property=\"og:site_name\" content=\"Guerssen records\" \/>\n<meta property=\"article:modified_time\" content=\"2024-07-01T17:02:33+00:00\" \/>\n<meta property=\"og:image\" content=\"https:\/\/wpguerssen-test.odoo.rgbconsulting.com\/wp-content\/uploads\/2023\/11\/45839.jpg\" \/>\n\t<meta property=\"og:image:width\" content=\"600\" \/>\n\t<meta property=\"og:image:height\" content=\"600\" \/>\n\t<meta property=\"og:image:type\" content=\"image\/jpeg\" \/>\n<meta name=\"twitter:card\" content=\"summary_large_image\" \/>\n<meta name=\"twitter:title\" content=\"SCHNEIDER, Pablo - Sobre La Hierba... Virgen -  (LP) | Guerssen\" \/>\n<script type=\"application\/ld+json\" class=\"yoast-schema-graph\">{\"@context\":\"https:\/\/schema.org\",\"@graph\":[{\"@type\":\"WebPage\",\"@id\":\"https:\/\/wpguerssen-test.odoo.rgbconsulting.com\/es\/producto\/sobre-la-hierba-virgen\/\",\"url\":\"https:\/\/wpguerssen-test.odoo.rgbconsulting.com\/es\/producto\/sobre-la-hierba-virgen\/\",\"name\":\"SCHNEIDER, Pablo - Sobre La Hierba... Virgen - (LP) | Guerssen\",\"isPartOf\":{\"@id\":\"https:\/\/wpguerssen-test.odoo.rgbconsulting.com\/es\/#website\"},\"primaryImageOfPage\":{\"@id\":\"https:\/\/wpguerssen-test.odoo.rgbconsulting.com\/es\/producto\/sobre-la-hierba-virgen\/#primaryimage\"},\"image\":{\"@id\":\"https:\/\/wpguerssen-test.odoo.rgbconsulting.com\/es\/producto\/sobre-la-hierba-virgen\/#primaryimage\"},\"thumbnailUrl\":\"https:\/\/wpguerssen-test.odoo.rgbconsulting.com\/wp-content\/uploads\/2023\/11\/45839.jpg\",\"datePublished\":\"2024-02-12T23:00:00+00:00\",\"dateModified\":\"2024-07-01T17:02:33+00:00\",\"description\":\"Mega rare soundtrack to the obscure Venezuelan sexploitation film \\\"Sobre la Hierba... Virgen\\\" originally released in 1976 and almost impossible to find in any condition. The album includes a wide variety of music to enjoy, from thrilling psychedelic jazz-funk to spacey experimental tracks, killer drum-breaks or romantic instrumental tunes. One of the best recordings of composer and keyboard player Pablo Schneider at the peak of his career.TRACKLIST Side A A1. JENNY A2. EL ASEDIO A3. TEMA CENTRAL (VIOLIN Y PIANO) A4. MALANDRO A5. EL SECUESTRO A6. MORIR SIN NACER Side B B1. LA VENGANZA B2. BAJANDO EL CERRO B3. AMOR EN LLAMAS B4. TEMA DE AMOR B5. ACARIGUA\",\"breadcrumb\":{\"@id\":\"https:\/\/wpguerssen-test.odoo.rgbconsulting.com\/es\/producto\/sobre-la-hierba-virgen\/#breadcrumb\"},\"inLanguage\":\"es\",\"potentialAction\":[{\"@type\":\"ReadAction\",\"target\":[\"https:\/\/wpguerssen-test.odoo.rgbconsulting.com\/es\/producto\/sobre-la-hierba-virgen\/\"]}]},{\"@type\":\"ImageObject\",\"inLanguage\":\"es\",\"@id\":\"https:\/\/wpguerssen-test.odoo.rgbconsulting.com\/es\/producto\/sobre-la-hierba-virgen\/#primaryimage\",\"url\":\"https:\/\/wpguerssen-test.odoo.rgbconsulting.com\/wp-content\/uploads\/2023\/11\/45839.jpg\",\"contentUrl\":\"https:\/\/wpguerssen-test.odoo.rgbconsulting.com\/wp-content\/uploads\/2023\/11\/45839.jpg\",\"width\":600,\"height\":600,\"caption\":\"Pablo - Sobre La Hierba... Virgen - VAMPI SOUL (LP) | Guerssen\"},{\"@type\":\"BreadcrumbList\",\"@id\":\"https:\/\/wpguerssen-test.odoo.rgbconsulting.com\/es\/producto\/sobre-la-hierba-virgen\/#breadcrumb\",\"itemListElement\":[{\"@type\":\"ListItem\",\"position\":1,\"name\":\"Inicio\",\"item\":\"https:\/\/wpguerssen-test.odoo.rgbconsulting.com\/es\/\"},{\"@type\":\"ListItem\",\"position\":2,\"name\":\"Shop\",\"item\":\"https:\/\/wpguerssen-test.odoo.rgbconsulting.com\/shop\/\"},{\"@type\":\"ListItem\",\"position\":3,\"name\":\"Sobre La Hierba&#8230; Virgen\"}]},{\"@type\":\"WebSite\",\"@id\":\"https:\/\/wpguerssen-test.odoo.rgbconsulting.com\/es\/#website\",\"url\":\"https:\/\/wpguerssen-test.odoo.rgbconsulting.com\/es\/\",\"name\":\"Guerssen records\",\"description\":\"psychedelia - progressive - folk - garage \",\"publisher\":{\"@id\":\"https:\/\/wpguerssen-test.odoo.rgbconsulting.com\/es\/#organization\"},\"potentialAction\":[{\"@type\":\"SearchAction\",\"target\":{\"@type\":\"EntryPoint\",\"urlTemplate\":\"https:\/\/wpguerssen-test.odoo.rgbconsulting.com\/es\/?s={search_term_string}\"},\"query-input\":{\"@type\":\"PropertyValueSpecification\",\"valueRequired\":true,\"valueName\":\"search_term_string\"}}],\"inLanguage\":\"es\"},{\"@type\":\"Organization\",\"@id\":\"https:\/\/wpguerssen-test.odoo.rgbconsulting.com\/es\/#organization\",\"name\":\"Guerssen records\",\"url\":\"https:\/\/wpguerssen-test.odoo.rgbconsulting.com\/es\/\",\"logo\":{\"@type\":\"ImageObject\",\"inLanguage\":\"es\",\"@id\":\"https:\/\/wpguerssen-test.odoo.rgbconsulting.com\/es\/#\/schema\/logo\/image\/\",\"url\":\"https:\/\/wpguerssen-test.odoo.rgbconsulting.com\/wp-content\/uploads\/2022\/04\/Logo_Guerssen_trans_100.png\",\"contentUrl\":\"https:\/\/wpguerssen-test.odoo.rgbconsulting.com\/wp-content\/uploads\/2022\/04\/Logo_Guerssen_trans_100.png\",\"width\":122,\"height\":100,\"caption\":\"Guerssen records\"},\"image\":{\"@id\":\"https:\/\/wpguerssen-test.odoo.rgbconsulting.com\/es\/#\/schema\/logo\/image\/\"}}]}<\/script>\n<!-- \/ Yoast SEO plugin. -->","yoast_head_json":{"title":"SCHNEIDER, Pablo - Sobre La Hierba... Virgen -  (LP) | Guerssen","description":"Mega rare soundtrack to the obscure Venezuelan sexploitation film \"Sobre la Hierba... Virgen\" originally released in 1976 and almost impossible to find in any condition. The album includes a wide variety of music to enjoy, from thrilling psychedelic jazz-funk to spacey experimental tracks, killer drum-breaks or romantic instrumental tunes. One of the best recordings of composer and keyboard player Pablo Schneider at the peak of his career.TRACKLIST Side A A1. JENNY A2. EL ASEDIO A3. TEMA CENTRAL (VIOLIN Y PIANO) A4. MALANDRO A5. EL SECUESTRO A6. MORIR SIN NACER Side B B1. LA VENGANZA B2. BAJANDO EL CERRO B3. AMOR EN LLAMAS B4. TEMA DE AMOR B5. ACARIGUA","robots":{"index":"index","follow":"follow","max-snippet":"max-snippet:-1","max-image-preview":"max-image-preview:large","max-video-preview":"max-video-preview:-1"},"canonical":"https:\/\/wpguerssen-test.odoo.rgbconsulting.com\/es\/producto\/sobre-la-hierba-virgen\/","og_locale":"es_ES","og_type":"article","og_title":"SCHNEIDER, Pablo - Sobre La Hierba... Virgen -  (LP) | Guerssen","og_description":"Mega rare soundtrack to the obscure Venezuelan sexploitation film \"Sobre la Hierba... Virgen\" originally released in 1976 and almost impossible to find in any condition. The album includes a wide variety of music to enjoy, from thrilling psychedelic jazz-funk to spacey experimental tracks, killer drum-breaks or romantic instrumental tunes. One of the best recordings of composer and keyboard player Pablo Schneider at the peak of his career.TRACKLIST Side A A1. JENNY A2. EL ASEDIO A3. TEMA CENTRAL (VIOLIN Y PIANO) A4. MALANDRO A5. EL SECUESTRO A6. MORIR SIN NACER Side B B1. LA VENGANZA B2. BAJANDO EL CERRO B3. AMOR EN LLAMAS B4. TEMA DE AMOR B5. ACARIGUA","og_url":"https:\/\/wpguerssen-test.odoo.rgbconsulting.com\/es\/producto\/sobre-la-hierba-virgen\/","og_site_name":"Guerssen records","article_modified_time":"2024-07-01T17:02:33+00:00","og_image":[{"width":600,"height":600,"url":"https:\/\/wpguerssen-test.odoo.rgbconsulting.com\/wp-content\/uploads\/2023\/11\/45839.jpg","type":"image\/jpeg"}],"twitter_card":"summary_large_image","twitter_title":"SCHNEIDER, Pablo - Sobre La Hierba... Virgen -  (LP) | Guerssen","schema":{"@context":"https:\/\/schema.org","@graph":[{"@type":"WebPage","@id":"https:\/\/wpguerssen-test.odoo.rgbconsulting.com\/es\/producto\/sobre-la-hierba-virgen\/","url":"https:\/\/wpguerssen-test.odoo.rgbconsulting.com\/es\/producto\/sobre-la-hierba-virgen\/","name":"SCHNEIDER, Pablo - Sobre La Hierba... Virgen - (LP) | Guerssen","isPartOf":{"@id":"https:\/\/wpguerssen-test.odoo.rgbconsulting.com\/es\/#website"},"primaryImageOfPage":{"@id":"https:\/\/wpguerssen-test.odoo.rgbconsulting.com\/es\/producto\/sobre-la-hierba-virgen\/#primaryimage"},"image":{"@id":"https:\/\/wpguerssen-test.odoo.rgbconsulting.com\/es\/producto\/sobre-la-hierba-virgen\/#primaryimage"},"thumbnailUrl":"https:\/\/wpguerssen-test.odoo.rgbconsulting.com\/wp-content\/uploads\/2023\/11\/45839.jpg","datePublished":"2024-02-12T23:00:00+00:00","dateModified":"2024-07-01T17:02:33+00:00","description":"Mega rare soundtrack to the obscure Venezuelan sexploitation film \"Sobre la Hierba... Virgen\" originally released in 1976 and almost impossible to find in any condition. The album includes a wide variety of music to enjoy, from thrilling psychedelic jazz-funk to spacey experimental tracks, killer drum-breaks or romantic instrumental tunes. One of the best recordings of composer and keyboard player Pablo Schneider at the peak of his career.TRACKLIST Side A A1. JENNY A2. EL ASEDIO A3. TEMA CENTRAL (VIOLIN Y PIANO) A4. MALANDRO A5. EL SECUESTRO A6. MORIR SIN NACER Side B B1. LA VENGANZA B2. BAJANDO EL CERRO B3. AMOR EN LLAMAS B4. TEMA DE AMOR B5. ACARIGUA","breadcrumb":{"@id":"https:\/\/wpguerssen-test.odoo.rgbconsulting.com\/es\/producto\/sobre-la-hierba-virgen\/#breadcrumb"},"inLanguage":"es","potentialAction":[{"@type":"ReadAction","target":["https:\/\/wpguerssen-test.odoo.rgbconsulting.com\/es\/producto\/sobre-la-hierba-virgen\/"]}]},{"@type":"ImageObject","inLanguage":"es","@id":"https:\/\/wpguerssen-test.odoo.rgbconsulting.com\/es\/producto\/sobre-la-hierba-virgen\/#primaryimage","url":"https:\/\/wpguerssen-test.odoo.rgbconsulting.com\/wp-content\/uploads\/2023\/11\/45839.jpg","contentUrl":"https:\/\/wpguerssen-test.odoo.rgbconsulting.com\/wp-content\/uploads\/2023\/11\/45839.jpg","width":600,"height":600,"caption":"Pablo - Sobre La Hierba... Virgen - VAMPI SOUL (LP) | Guerssen"},{"@type":"BreadcrumbList","@id":"https:\/\/wpguerssen-test.odoo.rgbconsulting.com\/es\/producto\/sobre-la-hierba-virgen\/#breadcrumb","itemListElement":[{"@type":"ListItem","position":1,"name":"Inicio","item":"https:\/\/wpguerssen-test.odoo.rgbconsulting.com\/es\/"},{"@type":"ListItem","position":2,"name":"Shop","item":"https:\/\/wpguerssen-test.odoo.rgbconsulting.com\/shop\/"},{"@type":"ListItem","position":3,"name":"Sobre La Hierba&#8230; Virgen"}]},{"@type":"WebSite","@id":"https:\/\/wpguerssen-test.odoo.rgbconsulting.com\/es\/#website","url":"https:\/\/wpguerssen-test.odoo.rgbconsulting.com\/es\/","name":"Guerssen records","description":"psychedelia - progressive - folk - garage ","publisher":{"@id":"https:\/\/wpguerssen-test.odoo.rgbconsulting.com\/es\/#organization"},"potentialAction":[{"@type":"SearchAction","target":{"@type":"EntryPoint","urlTemplate":"https:\/\/wpguerssen-test.odoo.rgbconsulting.com\/es\/?s={search_term_string}"},"query-input":{"@type":"PropertyValueSpecification","valueRequired":true,"valueName":"search_term_string"}}],"inLanguage":"es"},{"@type":"Organization","@id":"https:\/\/wpguerssen-test.odoo.rgbconsulting.com\/es\/#organization","name":"Guerssen records","url":"https:\/\/wpguerssen-test.odoo.rgbconsulting.com\/es\/","logo":{"@type":"ImageObject","inLanguage":"es","@id":"https:\/\/wpguerssen-test.odoo.rgbconsulting.com\/es\/#\/schema\/logo\/image\/","url":"https:\/\/wpguerssen-test.odoo.rgbconsulting.com\/wp-content\/uploads\/2022\/04\/Logo_Guerssen_trans_100.png","contentUrl":"https:\/\/wpguerssen-test.odoo.rgbconsulting.com\/wp-content\/uploads\/2022\/04\/Logo_Guerssen_trans_100.png","width":122,"height":100,"caption":"Guerssen records"},"image":{"@id":"https:\/\/wpguerssen-test.odoo.rgbconsulting.com\/es\/#\/schema\/logo\/image\/"}}]}},"_links":{"self":[{"href":"https:\/\/wpguerssen-test.odoo.rgbconsulting.com\/es\/wp-json\/wp\/v2\/product\/244181","targetHints":{"allow":["GET"]}}],"collection":[{"href":"https:\/\/wpguerssen-test.odoo.rgbconsulting.com\/es\/wp-json\/wp\/v2\/product"}],"about":[{"href":"https:\/\/wpguerssen-test.odoo.rgbconsulting.com\/es\/wp-json\/wp\/v2\/types\/product"}],"wp:featuredmedia":[{"embeddable":true,"href":"https:\/\/wpguerssen-test.odoo.rgbconsulting.com\/es\/wp-json\/wp\/v2\/media\/247200"}],"wp:attachment":[{"href":"https:\/\/wpguerssen-test.odoo.rgbconsulting.com\/es\/wp-json\/wp\/v2\/media?parent=244181"}],"wp:term":[{"taxonomy":"product_brand","embeddable":true,"href":"https:\/\/wpguerssen-test.odoo.rgbconsulting.com\/es\/wp-json\/wp\/v2\/product_brand?post=244181"},{"taxonomy":"product_cat","embeddable":true,"href":"https:\/\/wpguerssen-test.odoo.rgbconsulting.com\/es\/wp-json\/wp\/v2\/product_cat?post=244181"},{"taxonomy":"product_tag","embeddable":true,"href":"https:\/\/wpguerssen-test.odoo.rgbconsulting.com\/es\/wp-json\/wp\/v2\/product_tag?post=244181"}],"curies":[{"name":"wp","href":"https:\/\/api.w.org\/{rel}","templated":true}]}}