{"id":244258,"date":"2024-03-20T00:00:00","date_gmt":"2024-03-19T23:00:00","guid":{"rendered":"https:\/\/wpguerssen-test.odoo.rgbconsulting.com\/product\/hub-tones\/"},"modified":"2024-05-27T16:23:10","modified_gmt":"2024-05-27T14:23:10","slug":"hub-tones","status":"publish","type":"product","link":"https:\/\/wpguerssen-test.odoo.rgbconsulting.com\/es\/producto\/hub-tones\/","title":{"rendered":"Hub-Tones"},"content":{"rendered":"<p>La leyenda de la trompeta Freddie Hubbard mostr\u00f3 muchos sonidos diferentes en su estilo a lo largo de su hist\u00f3rica carrera, gran parte de ella en Blue Note, y todos se hicieron un nombre como parte de The Jazz Messengers. Su \u00e1lbum Hip Tones es uno de los m\u00e1s venerados por los conocedores y es por eso que recibe esta reedici\u00f3n de la Edici\u00f3n de Coleccionista en vinilo de edici\u00f3n limitada de 180 g. Presenta cinco de sus piezas m\u00e1s s\u00f3lidas para Blue Note con actuaciones de Hubbard, James Spaulding, Herbie Hancock, Reggie Workman y Clifford Jarvis, todas lanzadas por primera vez en 1963 con cr\u00edticas de cinco estrellas.<\/p>\n","protected":false},"excerpt":{"rendered":"<p>La leyenda de la trompeta Freddie Hubbard mostr\u00f3 muchos sonidos diferentes en su estilo a lo largo de su hist\u00f3rica carrera, gran parte de ella en Blue Note, y todos<a class=\"read\" href=\"https:\/\/wpguerssen-test.odoo.rgbconsulting.com\/es\/producto\/hub-tones\/\"> (...)<\/a>","protected":false},"featured_media":247242,"template":"","meta":{"_acf_changed":false},"product_brand":[],"product_cat":[23227],"product_tag":[24189],"class_list":{"0":"post-244258","1":"product","2":"type-product","3":"status-publish","4":"has-post-thumbnail","6":"product_cat-jazz-es","7":"product_tag-recien-llegadas","8":"pa_artist-hubbard-freddie","9":"pa_format-lp-es","10":"pa_gender-jazz","11":"pa_label-culture-factory-usa","12":"pa_location-north-america-es","13":"pa_other-filters-vinyl-only-es","15":"first","16":"instock","17":"taxable","18":"shipping-taxable","19":"purchasable","20":"product-type-simple"},"acf":[],"yoast_head":"<!-- This site is optimized with the Yoast SEO plugin v24.9 - https:\/\/yoast.com\/wordpress\/plugins\/seo\/ -->\n<title>HUBBARD, Freddie - Hub-Tones -  (LP) | Guerssen<\/title>\n<meta name=\"description\" content=\"Trumpet legend Freddie Hubbard showed many different sounds to his style in his storied career - much of it on Blue Note - and all having made his name as part of The Jazz Messengers. His Hip Tones album is one of his most revered by those in the know and that&#039;s why it gets this Collector&#039;s Edition reissue on limited edition 180g vinyl. It features five of his most solid pieces for Blue Note with performances by Hubbard, James Spaulding, Herbie Hancock, Reggie Workman and Clifford Jarvis, all first released in 1963 to five star reviews.\" \/>\n<meta name=\"robots\" content=\"index, follow, max-snippet:-1, max-image-preview:large, max-video-preview:-1\" \/>\n<link rel=\"canonical\" href=\"https:\/\/wpguerssen-test.odoo.rgbconsulting.com\/es\/producto\/hub-tones\/\" \/>\n<meta property=\"og:locale\" content=\"es_ES\" \/>\n<meta property=\"og:type\" content=\"article\" \/>\n<meta property=\"og:title\" content=\"HUBBARD, Freddie - Hub-Tones -  (LP) | Guerssen\" \/>\n<meta property=\"og:description\" content=\"Trumpet legend Freddie Hubbard showed many different sounds to his style in his storied career - much of it on Blue Note - and all having made his name as part of The Jazz Messengers. His Hip Tones album is one of his most revered by those in the know and that&#039;s why it gets this Collector&#039;s Edition reissue on limited edition 180g vinyl. It features five of his most solid pieces for Blue Note with performances by Hubbard, James Spaulding, Herbie Hancock, Reggie Workman and Clifford Jarvis, all first released in 1963 to five star reviews.\" \/>\n<meta property=\"og:url\" content=\"https:\/\/wpguerssen-test.odoo.rgbconsulting.com\/es\/producto\/hub-tones\/\" \/>\n<meta property=\"og:site_name\" content=\"Guerssen records\" \/>\n<meta property=\"article:modified_time\" content=\"2024-05-27T14:23:10+00:00\" \/>\n<meta property=\"og:image\" content=\"https:\/\/wpguerssen-test.odoo.rgbconsulting.com\/wp-content\/uploads\/2023\/11\/45867.jpg\" \/>\n\t<meta property=\"og:image:width\" content=\"700\" \/>\n\t<meta property=\"og:image:height\" content=\"700\" \/>\n\t<meta property=\"og:image:type\" content=\"image\/jpeg\" \/>\n<meta name=\"twitter:card\" content=\"summary_large_image\" \/>\n<meta name=\"twitter:title\" content=\"HUBBARD, Freddie - Hub-Tones -  (LP) | Guerssen\" \/>\n<meta name=\"twitter:label1\" content=\"Tiempo de lectura\" \/>\n\t<meta name=\"twitter:data1\" content=\"1 minuto\" \/>\n<script type=\"application\/ld+json\" class=\"yoast-schema-graph\">{\"@context\":\"https:\/\/schema.org\",\"@graph\":[{\"@type\":\"WebPage\",\"@id\":\"https:\/\/wpguerssen-test.odoo.rgbconsulting.com\/es\/producto\/hub-tones\/\",\"url\":\"https:\/\/wpguerssen-test.odoo.rgbconsulting.com\/es\/producto\/hub-tones\/\",\"name\":\"HUBBARD, Freddie - Hub-Tones - (LP) | Guerssen\",\"isPartOf\":{\"@id\":\"https:\/\/wpguerssen-test.odoo.rgbconsulting.com\/es\/#website\"},\"primaryImageOfPage\":{\"@id\":\"https:\/\/wpguerssen-test.odoo.rgbconsulting.com\/es\/producto\/hub-tones\/#primaryimage\"},\"image\":{\"@id\":\"https:\/\/wpguerssen-test.odoo.rgbconsulting.com\/es\/producto\/hub-tones\/#primaryimage\"},\"thumbnailUrl\":\"https:\/\/wpguerssen-test.odoo.rgbconsulting.com\/wp-content\/uploads\/2023\/11\/45867.jpg\",\"datePublished\":\"2024-03-19T23:00:00+00:00\",\"dateModified\":\"2024-05-27T14:23:10+00:00\",\"description\":\"Trumpet legend Freddie Hubbard showed many different sounds to his style in his storied career - much of it on Blue Note - and all having made his name as part of The Jazz Messengers. His Hip Tones album is one of his most revered by those in the know and that's why it gets this Collector's Edition reissue on limited edition 180g vinyl. It features five of his most solid pieces for Blue Note with performances by Hubbard, James Spaulding, Herbie Hancock, Reggie Workman and Clifford Jarvis, all first released in 1963 to five star reviews.\",\"breadcrumb\":{\"@id\":\"https:\/\/wpguerssen-test.odoo.rgbconsulting.com\/es\/producto\/hub-tones\/#breadcrumb\"},\"inLanguage\":\"es\",\"potentialAction\":[{\"@type\":\"ReadAction\",\"target\":[\"https:\/\/wpguerssen-test.odoo.rgbconsulting.com\/es\/producto\/hub-tones\/\"]}]},{\"@type\":\"ImageObject\",\"inLanguage\":\"es\",\"@id\":\"https:\/\/wpguerssen-test.odoo.rgbconsulting.com\/es\/producto\/hub-tones\/#primaryimage\",\"url\":\"https:\/\/wpguerssen-test.odoo.rgbconsulting.com\/wp-content\/uploads\/2023\/11\/45867.jpg\",\"contentUrl\":\"https:\/\/wpguerssen-test.odoo.rgbconsulting.com\/wp-content\/uploads\/2023\/11\/45867.jpg\",\"width\":700,\"height\":700,\"caption\":\"Freddie - Hub-Tones - CULTURE FACTORY USA (LP) | Guerssen\"},{\"@type\":\"BreadcrumbList\",\"@id\":\"https:\/\/wpguerssen-test.odoo.rgbconsulting.com\/es\/producto\/hub-tones\/#breadcrumb\",\"itemListElement\":[{\"@type\":\"ListItem\",\"position\":1,\"name\":\"Inicio\",\"item\":\"https:\/\/wpguerssen-test.odoo.rgbconsulting.com\/es\/\"},{\"@type\":\"ListItem\",\"position\":2,\"name\":\"Shop\",\"item\":\"https:\/\/wpguerssen-test.odoo.rgbconsulting.com\/shop\/\"},{\"@type\":\"ListItem\",\"position\":3,\"name\":\"Hub-Tones\"}]},{\"@type\":\"WebSite\",\"@id\":\"https:\/\/wpguerssen-test.odoo.rgbconsulting.com\/es\/#website\",\"url\":\"https:\/\/wpguerssen-test.odoo.rgbconsulting.com\/es\/\",\"name\":\"Guerssen records\",\"description\":\"psychedelia - progressive - folk - garage \",\"publisher\":{\"@id\":\"https:\/\/wpguerssen-test.odoo.rgbconsulting.com\/es\/#organization\"},\"potentialAction\":[{\"@type\":\"SearchAction\",\"target\":{\"@type\":\"EntryPoint\",\"urlTemplate\":\"https:\/\/wpguerssen-test.odoo.rgbconsulting.com\/es\/?s={search_term_string}\"},\"query-input\":{\"@type\":\"PropertyValueSpecification\",\"valueRequired\":true,\"valueName\":\"search_term_string\"}}],\"inLanguage\":\"es\"},{\"@type\":\"Organization\",\"@id\":\"https:\/\/wpguerssen-test.odoo.rgbconsulting.com\/es\/#organization\",\"name\":\"Guerssen records\",\"url\":\"https:\/\/wpguerssen-test.odoo.rgbconsulting.com\/es\/\",\"logo\":{\"@type\":\"ImageObject\",\"inLanguage\":\"es\",\"@id\":\"https:\/\/wpguerssen-test.odoo.rgbconsulting.com\/es\/#\/schema\/logo\/image\/\",\"url\":\"https:\/\/wpguerssen-test.odoo.rgbconsulting.com\/wp-content\/uploads\/2022\/04\/Logo_Guerssen_trans_100.png\",\"contentUrl\":\"https:\/\/wpguerssen-test.odoo.rgbconsulting.com\/wp-content\/uploads\/2022\/04\/Logo_Guerssen_trans_100.png\",\"width\":122,\"height\":100,\"caption\":\"Guerssen records\"},\"image\":{\"@id\":\"https:\/\/wpguerssen-test.odoo.rgbconsulting.com\/es\/#\/schema\/logo\/image\/\"}}]}<\/script>\n<!-- \/ Yoast SEO plugin. -->","yoast_head_json":{"title":"HUBBARD, Freddie - Hub-Tones -  (LP) | Guerssen","description":"Trumpet legend Freddie Hubbard showed many different sounds to his style in his storied career - much of it on Blue Note - and all having made his name as part of The Jazz Messengers. His Hip Tones album is one of his most revered by those in the know and that's why it gets this Collector's Edition reissue on limited edition 180g vinyl. It features five of his most solid pieces for Blue Note with performances by Hubbard, James Spaulding, Herbie Hancock, Reggie Workman and Clifford Jarvis, all first released in 1963 to five star reviews.","robots":{"index":"index","follow":"follow","max-snippet":"max-snippet:-1","max-image-preview":"max-image-preview:large","max-video-preview":"max-video-preview:-1"},"canonical":"https:\/\/wpguerssen-test.odoo.rgbconsulting.com\/es\/producto\/hub-tones\/","og_locale":"es_ES","og_type":"article","og_title":"HUBBARD, Freddie - Hub-Tones -  (LP) | Guerssen","og_description":"Trumpet legend Freddie Hubbard showed many different sounds to his style in his storied career - much of it on Blue Note - and all having made his name as part of The Jazz Messengers. His Hip Tones album is one of his most revered by those in the know and that's why it gets this Collector's Edition reissue on limited edition 180g vinyl. It features five of his most solid pieces for Blue Note with performances by Hubbard, James Spaulding, Herbie Hancock, Reggie Workman and Clifford Jarvis, all first released in 1963 to five star reviews.","og_url":"https:\/\/wpguerssen-test.odoo.rgbconsulting.com\/es\/producto\/hub-tones\/","og_site_name":"Guerssen records","article_modified_time":"2024-05-27T14:23:10+00:00","og_image":[{"width":700,"height":700,"url":"https:\/\/wpguerssen-test.odoo.rgbconsulting.com\/wp-content\/uploads\/2023\/11\/45867.jpg","type":"image\/jpeg"}],"twitter_card":"summary_large_image","twitter_title":"HUBBARD, Freddie - Hub-Tones -  (LP) | Guerssen","twitter_misc":{"Tiempo de lectura":"1 minuto"},"schema":{"@context":"https:\/\/schema.org","@graph":[{"@type":"WebPage","@id":"https:\/\/wpguerssen-test.odoo.rgbconsulting.com\/es\/producto\/hub-tones\/","url":"https:\/\/wpguerssen-test.odoo.rgbconsulting.com\/es\/producto\/hub-tones\/","name":"HUBBARD, Freddie - Hub-Tones - (LP) | Guerssen","isPartOf":{"@id":"https:\/\/wpguerssen-test.odoo.rgbconsulting.com\/es\/#website"},"primaryImageOfPage":{"@id":"https:\/\/wpguerssen-test.odoo.rgbconsulting.com\/es\/producto\/hub-tones\/#primaryimage"},"image":{"@id":"https:\/\/wpguerssen-test.odoo.rgbconsulting.com\/es\/producto\/hub-tones\/#primaryimage"},"thumbnailUrl":"https:\/\/wpguerssen-test.odoo.rgbconsulting.com\/wp-content\/uploads\/2023\/11\/45867.jpg","datePublished":"2024-03-19T23:00:00+00:00","dateModified":"2024-05-27T14:23:10+00:00","description":"Trumpet legend Freddie Hubbard showed many different sounds to his style in his storied career - much of it on Blue Note - and all having made his name as part of The Jazz Messengers. His Hip Tones album is one of his most revered by those in the know and that's why it gets this Collector's Edition reissue on limited edition 180g vinyl. It features five of his most solid pieces for Blue Note with performances by Hubbard, James Spaulding, Herbie Hancock, Reggie Workman and Clifford Jarvis, all first released in 1963 to five star reviews.","breadcrumb":{"@id":"https:\/\/wpguerssen-test.odoo.rgbconsulting.com\/es\/producto\/hub-tones\/#breadcrumb"},"inLanguage":"es","potentialAction":[{"@type":"ReadAction","target":["https:\/\/wpguerssen-test.odoo.rgbconsulting.com\/es\/producto\/hub-tones\/"]}]},{"@type":"ImageObject","inLanguage":"es","@id":"https:\/\/wpguerssen-test.odoo.rgbconsulting.com\/es\/producto\/hub-tones\/#primaryimage","url":"https:\/\/wpguerssen-test.odoo.rgbconsulting.com\/wp-content\/uploads\/2023\/11\/45867.jpg","contentUrl":"https:\/\/wpguerssen-test.odoo.rgbconsulting.com\/wp-content\/uploads\/2023\/11\/45867.jpg","width":700,"height":700,"caption":"Freddie - Hub-Tones - CULTURE FACTORY USA (LP) | Guerssen"},{"@type":"BreadcrumbList","@id":"https:\/\/wpguerssen-test.odoo.rgbconsulting.com\/es\/producto\/hub-tones\/#breadcrumb","itemListElement":[{"@type":"ListItem","position":1,"name":"Inicio","item":"https:\/\/wpguerssen-test.odoo.rgbconsulting.com\/es\/"},{"@type":"ListItem","position":2,"name":"Shop","item":"https:\/\/wpguerssen-test.odoo.rgbconsulting.com\/shop\/"},{"@type":"ListItem","position":3,"name":"Hub-Tones"}]},{"@type":"WebSite","@id":"https:\/\/wpguerssen-test.odoo.rgbconsulting.com\/es\/#website","url":"https:\/\/wpguerssen-test.odoo.rgbconsulting.com\/es\/","name":"Guerssen records","description":"psychedelia - progressive - folk - garage ","publisher":{"@id":"https:\/\/wpguerssen-test.odoo.rgbconsulting.com\/es\/#organization"},"potentialAction":[{"@type":"SearchAction","target":{"@type":"EntryPoint","urlTemplate":"https:\/\/wpguerssen-test.odoo.rgbconsulting.com\/es\/?s={search_term_string}"},"query-input":{"@type":"PropertyValueSpecification","valueRequired":true,"valueName":"search_term_string"}}],"inLanguage":"es"},{"@type":"Organization","@id":"https:\/\/wpguerssen-test.odoo.rgbconsulting.com\/es\/#organization","name":"Guerssen records","url":"https:\/\/wpguerssen-test.odoo.rgbconsulting.com\/es\/","logo":{"@type":"ImageObject","inLanguage":"es","@id":"https:\/\/wpguerssen-test.odoo.rgbconsulting.com\/es\/#\/schema\/logo\/image\/","url":"https:\/\/wpguerssen-test.odoo.rgbconsulting.com\/wp-content\/uploads\/2022\/04\/Logo_Guerssen_trans_100.png","contentUrl":"https:\/\/wpguerssen-test.odoo.rgbconsulting.com\/wp-content\/uploads\/2022\/04\/Logo_Guerssen_trans_100.png","width":122,"height":100,"caption":"Guerssen records"},"image":{"@id":"https:\/\/wpguerssen-test.odoo.rgbconsulting.com\/es\/#\/schema\/logo\/image\/"}}]}},"_links":{"self":[{"href":"https:\/\/wpguerssen-test.odoo.rgbconsulting.com\/es\/wp-json\/wp\/v2\/product\/244258","targetHints":{"allow":["GET"]}}],"collection":[{"href":"https:\/\/wpguerssen-test.odoo.rgbconsulting.com\/es\/wp-json\/wp\/v2\/product"}],"about":[{"href":"https:\/\/wpguerssen-test.odoo.rgbconsulting.com\/es\/wp-json\/wp\/v2\/types\/product"}],"wp:featuredmedia":[{"embeddable":true,"href":"https:\/\/wpguerssen-test.odoo.rgbconsulting.com\/es\/wp-json\/wp\/v2\/media\/247242"}],"wp:attachment":[{"href":"https:\/\/wpguerssen-test.odoo.rgbconsulting.com\/es\/wp-json\/wp\/v2\/media?parent=244258"}],"wp:term":[{"taxonomy":"product_brand","embeddable":true,"href":"https:\/\/wpguerssen-test.odoo.rgbconsulting.com\/es\/wp-json\/wp\/v2\/product_brand?post=244258"},{"taxonomy":"product_cat","embeddable":true,"href":"https:\/\/wpguerssen-test.odoo.rgbconsulting.com\/es\/wp-json\/wp\/v2\/product_cat?post=244258"},{"taxonomy":"product_tag","embeddable":true,"href":"https:\/\/wpguerssen-test.odoo.rgbconsulting.com\/es\/wp-json\/wp\/v2\/product_tag?post=244258"}],"curies":[{"name":"wp","href":"https:\/\/api.w.org\/{rel}","templated":true}]}}