{"id":244268,"date":"2025-01-30T00:00:00","date_gmt":"2025-01-29T23:00:00","guid":{"rendered":"https:\/\/wpguerssen-test.odoo.rgbconsulting.com\/product\/gravy-train\/"},"modified":"2025-02-25T16:21:18","modified_gmt":"2025-02-25T15:21:18","slug":"gravy-train","status":"publish","type":"product","link":"https:\/\/wpguerssen-test.odoo.rgbconsulting.com\/es\/producto\/gravy-train\/","title":{"rendered":"Gravy Train"},"content":{"rendered":"<p>Gravy Train es un disco excelente, si no excepcional, de la fase inicial de soul-jazz de Lou Donaldson a principios de los a\u00f1os 60. En realidad, dado el t\u00edtulo y el per\u00edodo en el que fue grabado, el \u00e1lbum no es tan grasiento y funky en general como cabr\u00eda esperar; la mayor parte del repertorio est\u00e1 dedicada a baladas pop y est\u00e1ndares de tiempo medio, el \u00faltimo de los cuales tiende a resaltar m\u00e1s elementos bop en la interpretaci\u00f3n de Donaldson. Sin embargo, eso no es cierto para todo el \u00e1lbum; el corte del t\u00edtulo es un ritmo de blues relajado, te\u00f1ido de conga, en el molde cl\u00e1sico de Donaldson, aunque sea un poco profesional. Al pianista de toda la vida de Donaldson, Herman Foster, se le asigna bastante espacio solista aqu\u00ed, y se concentra m\u00e1s en acordes gruesos y ondulantes que en l\u00edneas de una sola nota. Por su parte, la interpretaci\u00f3n de Donaldson es agradable y el resto del grupo de apoyo mantiene un ritmo constante en todo momento. Todas las sesiones de Donaldson de este per\u00edodo (Here &#8216;Tis, The Natural Soul, Good Gracious) tienen suficientes momentos que valen la pena para los fan\u00e1ticos devotos, y eso tambi\u00e9n se aplica a Gravy Train, aunque los fan\u00e1ticos ocasionales probablemente no encontrar\u00e1n necesario rastrearlos.<\/p>\n","protected":false},"excerpt":{"rendered":"<p>Gravy Train es un disco excelente, si no excepcional, de la fase inicial de soul-jazz de Lou Donaldson a principios de los a\u00f1os 60. En realidad, dado el t\u00edtulo y<a class=\"read\" href=\"https:\/\/wpguerssen-test.odoo.rgbconsulting.com\/es\/producto\/gravy-train\/\"> (...)<\/a>","protected":false},"featured_media":247248,"template":"","meta":{"_acf_changed":false},"product_brand":[],"product_cat":[23227],"product_tag":[],"class_list":{"0":"post-244268","1":"product","2":"type-product","3":"status-publish","4":"has-post-thumbnail","6":"product_cat-jazz-es","7":"pa_artist-donaldson-lou","8":"pa_format-lp-es","9":"pa_gender-jazz","10":"pa_label-culture-factory-usa","11":"pa_location-north-america-es","12":"pa_other-filters-vinyl-only-es","14":"first","15":"instock","16":"taxable","17":"shipping-taxable","18":"purchasable","19":"product-type-simple"},"acf":[],"yoast_head":"<!-- This site is optimized with the Yoast SEO plugin v24.9 - https:\/\/yoast.com\/wordpress\/plugins\/seo\/ -->\n<title>DONALDSON, Lou - Gravy Train -  (LP) | Guerssen<\/title>\n<meta name=\"description\" content=\"Gravy Train is a fine, if not quite exceptional record from Lou Donaldson&#039;s initial soul-jazz phase of the early &#039;60s. Actually, given the title and the period in which it was recorded, the album isn&#039;t quite as greasy and funky overall as one might expect; most of the repertoire is devoted to pop ballads and mid-tempo standards, the latter of which tends to bring out more of the bop elements in Donaldson&#039;s playing. That&#039;s not true for the entire album, though; the title cut is a laid-back, conga-tinged, bluesy groover in the classic Donaldson mold, even if it&#039;s a bit workmanlike. Donaldson&#039;s longtime pianist, Herman Foster, is allotted quite a bit of solo space here, and he concentrates more on thick, rippling chords than single-note lines. For his part, Donaldson&#039;s playing is pleasant, and the rest of the supporting group maintains a steady groove throughout. All of Donaldson&#039;s sessions from this period (Here &#039;Tis, The Natural Soul, Good Gracious) have enough worthwhile moments for devoted fans, and that&#039;s true of Gravy Train as well, though casual fans probably won&#039;t find it necessary enough to track down.\" \/>\n<meta name=\"robots\" content=\"index, follow, max-snippet:-1, max-image-preview:large, max-video-preview:-1\" \/>\n<link rel=\"canonical\" href=\"https:\/\/wpguerssen-test.odoo.rgbconsulting.com\/es\/producto\/gravy-train\/\" \/>\n<meta property=\"og:locale\" content=\"es_ES\" \/>\n<meta property=\"og:type\" content=\"article\" \/>\n<meta property=\"og:title\" content=\"DONALDSON, Lou - Gravy Train -  (LP) | Guerssen\" \/>\n<meta property=\"og:description\" content=\"Gravy Train is a fine, if not quite exceptional record from Lou Donaldson&#039;s initial soul-jazz phase of the early &#039;60s. Actually, given the title and the period in which it was recorded, the album isn&#039;t quite as greasy and funky overall as one might expect; most of the repertoire is devoted to pop ballads and mid-tempo standards, the latter of which tends to bring out more of the bop elements in Donaldson&#039;s playing. That&#039;s not true for the entire album, though; the title cut is a laid-back, conga-tinged, bluesy groover in the classic Donaldson mold, even if it&#039;s a bit workmanlike. Donaldson&#039;s longtime pianist, Herman Foster, is allotted quite a bit of solo space here, and he concentrates more on thick, rippling chords than single-note lines. For his part, Donaldson&#039;s playing is pleasant, and the rest of the supporting group maintains a steady groove throughout. All of Donaldson&#039;s sessions from this period (Here &#039;Tis, The Natural Soul, Good Gracious) have enough worthwhile moments for devoted fans, and that&#039;s true of Gravy Train as well, though casual fans probably won&#039;t find it necessary enough to track down.\" \/>\n<meta property=\"og:url\" content=\"https:\/\/wpguerssen-test.odoo.rgbconsulting.com\/es\/producto\/gravy-train\/\" \/>\n<meta property=\"og:site_name\" content=\"Guerssen records\" \/>\n<meta property=\"article:modified_time\" content=\"2025-02-25T15:21:18+00:00\" \/>\n<meta property=\"og:image\" content=\"https:\/\/wpguerssen-test.odoo.rgbconsulting.com\/wp-content\/uploads\/2023\/11\/45878.jpg\" \/>\n\t<meta property=\"og:image:width\" content=\"400\" \/>\n\t<meta property=\"og:image:height\" content=\"266\" \/>\n\t<meta property=\"og:image:type\" content=\"image\/jpeg\" \/>\n<meta name=\"twitter:card\" content=\"summary_large_image\" \/>\n<meta name=\"twitter:title\" content=\"DONALDSON, Lou - Gravy Train -  (LP) | Guerssen\" \/>\n<meta name=\"twitter:label1\" content=\"Tiempo de lectura\" \/>\n\t<meta name=\"twitter:data1\" content=\"1 minuto\" \/>\n<script type=\"application\/ld+json\" class=\"yoast-schema-graph\">{\"@context\":\"https:\/\/schema.org\",\"@graph\":[{\"@type\":\"WebPage\",\"@id\":\"https:\/\/wpguerssen-test.odoo.rgbconsulting.com\/es\/producto\/gravy-train\/\",\"url\":\"https:\/\/wpguerssen-test.odoo.rgbconsulting.com\/es\/producto\/gravy-train\/\",\"name\":\"DONALDSON, Lou - Gravy Train - (LP) | Guerssen\",\"isPartOf\":{\"@id\":\"https:\/\/wpguerssen-test.odoo.rgbconsulting.com\/es\/#website\"},\"primaryImageOfPage\":{\"@id\":\"https:\/\/wpguerssen-test.odoo.rgbconsulting.com\/es\/producto\/gravy-train\/#primaryimage\"},\"image\":{\"@id\":\"https:\/\/wpguerssen-test.odoo.rgbconsulting.com\/es\/producto\/gravy-train\/#primaryimage\"},\"thumbnailUrl\":\"https:\/\/wpguerssen-test.odoo.rgbconsulting.com\/wp-content\/uploads\/2023\/11\/45878.jpg\",\"datePublished\":\"2025-01-29T23:00:00+00:00\",\"dateModified\":\"2025-02-25T15:21:18+00:00\",\"description\":\"Gravy Train is a fine, if not quite exceptional record from Lou Donaldson's initial soul-jazz phase of the early '60s. Actually, given the title and the period in which it was recorded, the album isn't quite as greasy and funky overall as one might expect; most of the repertoire is devoted to pop ballads and mid-tempo standards, the latter of which tends to bring out more of the bop elements in Donaldson's playing. That's not true for the entire album, though; the title cut is a laid-back, conga-tinged, bluesy groover in the classic Donaldson mold, even if it's a bit workmanlike. Donaldson's longtime pianist, Herman Foster, is allotted quite a bit of solo space here, and he concentrates more on thick, rippling chords than single-note lines. For his part, Donaldson's playing is pleasant, and the rest of the supporting group maintains a steady groove throughout. All of Donaldson's sessions from this period (Here 'Tis, The Natural Soul, Good Gracious) have enough worthwhile moments for devoted fans, and that's true of Gravy Train as well, though casual fans probably won't find it necessary enough to track down.\",\"breadcrumb\":{\"@id\":\"https:\/\/wpguerssen-test.odoo.rgbconsulting.com\/es\/producto\/gravy-train\/#breadcrumb\"},\"inLanguage\":\"es\",\"potentialAction\":[{\"@type\":\"ReadAction\",\"target\":[\"https:\/\/wpguerssen-test.odoo.rgbconsulting.com\/es\/producto\/gravy-train\/\"]}]},{\"@type\":\"ImageObject\",\"inLanguage\":\"es\",\"@id\":\"https:\/\/wpguerssen-test.odoo.rgbconsulting.com\/es\/producto\/gravy-train\/#primaryimage\",\"url\":\"https:\/\/wpguerssen-test.odoo.rgbconsulting.com\/wp-content\/uploads\/2023\/11\/45878.jpg\",\"contentUrl\":\"https:\/\/wpguerssen-test.odoo.rgbconsulting.com\/wp-content\/uploads\/2023\/11\/45878.jpg\",\"width\":400,\"height\":266,\"caption\":\"Lou - Gravy Train - CULTURE FACTORY USA (LP) | Guerssen\"},{\"@type\":\"BreadcrumbList\",\"@id\":\"https:\/\/wpguerssen-test.odoo.rgbconsulting.com\/es\/producto\/gravy-train\/#breadcrumb\",\"itemListElement\":[{\"@type\":\"ListItem\",\"position\":1,\"name\":\"Inicio\",\"item\":\"https:\/\/wpguerssen-test.odoo.rgbconsulting.com\/es\/\"},{\"@type\":\"ListItem\",\"position\":2,\"name\":\"Shop\",\"item\":\"https:\/\/wpguerssen-test.odoo.rgbconsulting.com\/shop\/\"},{\"@type\":\"ListItem\",\"position\":3,\"name\":\"Gravy Train\"}]},{\"@type\":\"WebSite\",\"@id\":\"https:\/\/wpguerssen-test.odoo.rgbconsulting.com\/es\/#website\",\"url\":\"https:\/\/wpguerssen-test.odoo.rgbconsulting.com\/es\/\",\"name\":\"Guerssen records\",\"description\":\"psychedelia - progressive - folk - garage \",\"publisher\":{\"@id\":\"https:\/\/wpguerssen-test.odoo.rgbconsulting.com\/es\/#organization\"},\"potentialAction\":[{\"@type\":\"SearchAction\",\"target\":{\"@type\":\"EntryPoint\",\"urlTemplate\":\"https:\/\/wpguerssen-test.odoo.rgbconsulting.com\/es\/?s={search_term_string}\"},\"query-input\":{\"@type\":\"PropertyValueSpecification\",\"valueRequired\":true,\"valueName\":\"search_term_string\"}}],\"inLanguage\":\"es\"},{\"@type\":\"Organization\",\"@id\":\"https:\/\/wpguerssen-test.odoo.rgbconsulting.com\/es\/#organization\",\"name\":\"Guerssen records\",\"url\":\"https:\/\/wpguerssen-test.odoo.rgbconsulting.com\/es\/\",\"logo\":{\"@type\":\"ImageObject\",\"inLanguage\":\"es\",\"@id\":\"https:\/\/wpguerssen-test.odoo.rgbconsulting.com\/es\/#\/schema\/logo\/image\/\",\"url\":\"https:\/\/wpguerssen-test.odoo.rgbconsulting.com\/wp-content\/uploads\/2022\/04\/Logo_Guerssen_trans_100.png\",\"contentUrl\":\"https:\/\/wpguerssen-test.odoo.rgbconsulting.com\/wp-content\/uploads\/2022\/04\/Logo_Guerssen_trans_100.png\",\"width\":122,\"height\":100,\"caption\":\"Guerssen records\"},\"image\":{\"@id\":\"https:\/\/wpguerssen-test.odoo.rgbconsulting.com\/es\/#\/schema\/logo\/image\/\"}}]}<\/script>\n<!-- \/ Yoast SEO plugin. -->","yoast_head_json":{"title":"DONALDSON, Lou - Gravy Train -  (LP) | Guerssen","description":"Gravy Train is a fine, if not quite exceptional record from Lou Donaldson's initial soul-jazz phase of the early '60s. Actually, given the title and the period in which it was recorded, the album isn't quite as greasy and funky overall as one might expect; most of the repertoire is devoted to pop ballads and mid-tempo standards, the latter of which tends to bring out more of the bop elements in Donaldson's playing. That's not true for the entire album, though; the title cut is a laid-back, conga-tinged, bluesy groover in the classic Donaldson mold, even if it's a bit workmanlike. Donaldson's longtime pianist, Herman Foster, is allotted quite a bit of solo space here, and he concentrates more on thick, rippling chords than single-note lines. For his part, Donaldson's playing is pleasant, and the rest of the supporting group maintains a steady groove throughout. All of Donaldson's sessions from this period (Here 'Tis, The Natural Soul, Good Gracious) have enough worthwhile moments for devoted fans, and that's true of Gravy Train as well, though casual fans probably won't find it necessary enough to track down.","robots":{"index":"index","follow":"follow","max-snippet":"max-snippet:-1","max-image-preview":"max-image-preview:large","max-video-preview":"max-video-preview:-1"},"canonical":"https:\/\/wpguerssen-test.odoo.rgbconsulting.com\/es\/producto\/gravy-train\/","og_locale":"es_ES","og_type":"article","og_title":"DONALDSON, Lou - Gravy Train -  (LP) | Guerssen","og_description":"Gravy Train is a fine, if not quite exceptional record from Lou Donaldson's initial soul-jazz phase of the early '60s. Actually, given the title and the period in which it was recorded, the album isn't quite as greasy and funky overall as one might expect; most of the repertoire is devoted to pop ballads and mid-tempo standards, the latter of which tends to bring out more of the bop elements in Donaldson's playing. That's not true for the entire album, though; the title cut is a laid-back, conga-tinged, bluesy groover in the classic Donaldson mold, even if it's a bit workmanlike. Donaldson's longtime pianist, Herman Foster, is allotted quite a bit of solo space here, and he concentrates more on thick, rippling chords than single-note lines. For his part, Donaldson's playing is pleasant, and the rest of the supporting group maintains a steady groove throughout. All of Donaldson's sessions from this period (Here 'Tis, The Natural Soul, Good Gracious) have enough worthwhile moments for devoted fans, and that's true of Gravy Train as well, though casual fans probably won't find it necessary enough to track down.","og_url":"https:\/\/wpguerssen-test.odoo.rgbconsulting.com\/es\/producto\/gravy-train\/","og_site_name":"Guerssen records","article_modified_time":"2025-02-25T15:21:18+00:00","og_image":[{"width":400,"height":266,"url":"https:\/\/wpguerssen-test.odoo.rgbconsulting.com\/wp-content\/uploads\/2023\/11\/45878.jpg","type":"image\/jpeg"}],"twitter_card":"summary_large_image","twitter_title":"DONALDSON, Lou - Gravy Train -  (LP) | Guerssen","twitter_misc":{"Tiempo de lectura":"1 minuto"},"schema":{"@context":"https:\/\/schema.org","@graph":[{"@type":"WebPage","@id":"https:\/\/wpguerssen-test.odoo.rgbconsulting.com\/es\/producto\/gravy-train\/","url":"https:\/\/wpguerssen-test.odoo.rgbconsulting.com\/es\/producto\/gravy-train\/","name":"DONALDSON, Lou - Gravy Train - (LP) | Guerssen","isPartOf":{"@id":"https:\/\/wpguerssen-test.odoo.rgbconsulting.com\/es\/#website"},"primaryImageOfPage":{"@id":"https:\/\/wpguerssen-test.odoo.rgbconsulting.com\/es\/producto\/gravy-train\/#primaryimage"},"image":{"@id":"https:\/\/wpguerssen-test.odoo.rgbconsulting.com\/es\/producto\/gravy-train\/#primaryimage"},"thumbnailUrl":"https:\/\/wpguerssen-test.odoo.rgbconsulting.com\/wp-content\/uploads\/2023\/11\/45878.jpg","datePublished":"2025-01-29T23:00:00+00:00","dateModified":"2025-02-25T15:21:18+00:00","description":"Gravy Train is a fine, if not quite exceptional record from Lou Donaldson's initial soul-jazz phase of the early '60s. Actually, given the title and the period in which it was recorded, the album isn't quite as greasy and funky overall as one might expect; most of the repertoire is devoted to pop ballads and mid-tempo standards, the latter of which tends to bring out more of the bop elements in Donaldson's playing. That's not true for the entire album, though; the title cut is a laid-back, conga-tinged, bluesy groover in the classic Donaldson mold, even if it's a bit workmanlike. Donaldson's longtime pianist, Herman Foster, is allotted quite a bit of solo space here, and he concentrates more on thick, rippling chords than single-note lines. For his part, Donaldson's playing is pleasant, and the rest of the supporting group maintains a steady groove throughout. All of Donaldson's sessions from this period (Here 'Tis, The Natural Soul, Good Gracious) have enough worthwhile moments for devoted fans, and that's true of Gravy Train as well, though casual fans probably won't find it necessary enough to track down.","breadcrumb":{"@id":"https:\/\/wpguerssen-test.odoo.rgbconsulting.com\/es\/producto\/gravy-train\/#breadcrumb"},"inLanguage":"es","potentialAction":[{"@type":"ReadAction","target":["https:\/\/wpguerssen-test.odoo.rgbconsulting.com\/es\/producto\/gravy-train\/"]}]},{"@type":"ImageObject","inLanguage":"es","@id":"https:\/\/wpguerssen-test.odoo.rgbconsulting.com\/es\/producto\/gravy-train\/#primaryimage","url":"https:\/\/wpguerssen-test.odoo.rgbconsulting.com\/wp-content\/uploads\/2023\/11\/45878.jpg","contentUrl":"https:\/\/wpguerssen-test.odoo.rgbconsulting.com\/wp-content\/uploads\/2023\/11\/45878.jpg","width":400,"height":266,"caption":"Lou - Gravy Train - CULTURE FACTORY USA (LP) | Guerssen"},{"@type":"BreadcrumbList","@id":"https:\/\/wpguerssen-test.odoo.rgbconsulting.com\/es\/producto\/gravy-train\/#breadcrumb","itemListElement":[{"@type":"ListItem","position":1,"name":"Inicio","item":"https:\/\/wpguerssen-test.odoo.rgbconsulting.com\/es\/"},{"@type":"ListItem","position":2,"name":"Shop","item":"https:\/\/wpguerssen-test.odoo.rgbconsulting.com\/shop\/"},{"@type":"ListItem","position":3,"name":"Gravy Train"}]},{"@type":"WebSite","@id":"https:\/\/wpguerssen-test.odoo.rgbconsulting.com\/es\/#website","url":"https:\/\/wpguerssen-test.odoo.rgbconsulting.com\/es\/","name":"Guerssen records","description":"psychedelia - progressive - folk - garage ","publisher":{"@id":"https:\/\/wpguerssen-test.odoo.rgbconsulting.com\/es\/#organization"},"potentialAction":[{"@type":"SearchAction","target":{"@type":"EntryPoint","urlTemplate":"https:\/\/wpguerssen-test.odoo.rgbconsulting.com\/es\/?s={search_term_string}"},"query-input":{"@type":"PropertyValueSpecification","valueRequired":true,"valueName":"search_term_string"}}],"inLanguage":"es"},{"@type":"Organization","@id":"https:\/\/wpguerssen-test.odoo.rgbconsulting.com\/es\/#organization","name":"Guerssen records","url":"https:\/\/wpguerssen-test.odoo.rgbconsulting.com\/es\/","logo":{"@type":"ImageObject","inLanguage":"es","@id":"https:\/\/wpguerssen-test.odoo.rgbconsulting.com\/es\/#\/schema\/logo\/image\/","url":"https:\/\/wpguerssen-test.odoo.rgbconsulting.com\/wp-content\/uploads\/2022\/04\/Logo_Guerssen_trans_100.png","contentUrl":"https:\/\/wpguerssen-test.odoo.rgbconsulting.com\/wp-content\/uploads\/2022\/04\/Logo_Guerssen_trans_100.png","width":122,"height":100,"caption":"Guerssen records"},"image":{"@id":"https:\/\/wpguerssen-test.odoo.rgbconsulting.com\/es\/#\/schema\/logo\/image\/"}}]}},"_links":{"self":[{"href":"https:\/\/wpguerssen-test.odoo.rgbconsulting.com\/es\/wp-json\/wp\/v2\/product\/244268","targetHints":{"allow":["GET"]}}],"collection":[{"href":"https:\/\/wpguerssen-test.odoo.rgbconsulting.com\/es\/wp-json\/wp\/v2\/product"}],"about":[{"href":"https:\/\/wpguerssen-test.odoo.rgbconsulting.com\/es\/wp-json\/wp\/v2\/types\/product"}],"wp:featuredmedia":[{"embeddable":true,"href":"https:\/\/wpguerssen-test.odoo.rgbconsulting.com\/es\/wp-json\/wp\/v2\/media\/247248"}],"wp:attachment":[{"href":"https:\/\/wpguerssen-test.odoo.rgbconsulting.com\/es\/wp-json\/wp\/v2\/media?parent=244268"}],"wp:term":[{"taxonomy":"product_brand","embeddable":true,"href":"https:\/\/wpguerssen-test.odoo.rgbconsulting.com\/es\/wp-json\/wp\/v2\/product_brand?post=244268"},{"taxonomy":"product_cat","embeddable":true,"href":"https:\/\/wpguerssen-test.odoo.rgbconsulting.com\/es\/wp-json\/wp\/v2\/product_cat?post=244268"},{"taxonomy":"product_tag","embeddable":true,"href":"https:\/\/wpguerssen-test.odoo.rgbconsulting.com\/es\/wp-json\/wp\/v2\/product_tag?post=244268"}],"curies":[{"name":"wp","href":"https:\/\/api.w.org\/{rel}","templated":true}]}}