{"id":244305,"date":"2025-02-21T00:00:00","date_gmt":"2025-02-20T23:00:00","guid":{"rendered":"https:\/\/wpguerssen-test.odoo.rgbconsulting.com\/product\/chets-choice-gatefold\/"},"modified":"2025-03-21T12:42:32","modified_gmt":"2025-03-21T11:42:32","slug":"chets-choice-gatefold","status":"publish","type":"product","link":"https:\/\/wpguerssen-test.odoo.rgbconsulting.com\/es\/producto\/chets-choice-gatefold\/","title":{"rendered":"Chet&#8217;s Choice (Gatefold)"},"content":{"rendered":"<p>Grabado y lanzado en los Pa\u00edses Bajos por Gerry Teekens para su sello Criss Cross en 1985, Chet&#8217;s Choice marc\u00f3 uno de los mejores \u00e1lbumes de estudio de los \u00faltimos a\u00f1os de Chet Baker. Presenta a Baker, bellamente capturado en est\u00e9reo, cantando y tocando la trompeta en un formato de tr\u00edo \u00edntimo con el guitarrista Philip Catherine y el bajista Jean-Louis Rassinfosse.<br \/>Esta edici\u00f3n ampliada presenta las siete melod\u00edas completas del \u00e1lbum original m\u00e1s tres canciones que solo apareci\u00f3 anteriormente en la edici\u00f3n en CD de Chet&#8217;s Choice, as\u00ed como en cinco incre\u00edbles tomas alternativas nunca antes escuchadas.<\/p>\n","protected":false},"excerpt":{"rendered":"<p>Grabado y lanzado en los Pa\u00edses Bajos por Gerry Teekens para su sello Criss Cross en 1985, Chet&#8217;s Choice marc\u00f3 uno de los mejores \u00e1lbumes de estudio de los<a class=\"read\" href=\"https:\/\/wpguerssen-test.odoo.rgbconsulting.com\/es\/producto\/chets-choice-gatefold\/\"> (...)<\/a>","protected":false},"featured_media":247254,"template":"","meta":{"_acf_changed":false},"product_brand":[],"product_cat":[23227],"product_tag":[24189],"class_list":{"0":"post-244305","1":"product","2":"type-product","3":"status-publish","4":"has-post-thumbnail","6":"product_cat-jazz-es","7":"product_tag-recien-llegadas","8":"pa_artist-baker-chet","9":"pa_format-2lp-es","10":"pa_gender-jazz","11":"pa_label-criss-cross","12":"pa_location-north-america-es","13":"pa_other-filters-vinyl-only-es","15":"first","16":"instock","17":"taxable","18":"shipping-taxable","19":"purchasable","20":"product-type-simple"},"acf":[],"yoast_head":"<!-- This site is optimized with the Yoast SEO plugin v24.9 - https:\/\/yoast.com\/wordpress\/plugins\/seo\/ -->\n<title>BAKER, Chet - Chet&#039;s Choice (Gatefold) -  (2LP) | Guerssen<\/title>\n<meta name=\"description\" content=\"Recorded and released in The Netherlands by Gerry Teekens for his Criss Cross label in 1985, Chet&#039;s Choice marked one of the best studio albums from Chet Baker&#039;s final years. It presents Baker, beautifully captured in Stereo, singing and playing the trumpet in an intimate trio format with guitarist Philip Catherine and bassist Jean-Louis Rassinfosse.This expanded edition presents the full seven tunes from the original album plus three songs that only previously appeared on the CD edition of Chet&#039;s Choice, as well as five amazing never before heard alternate takes.\" \/>\n<meta name=\"robots\" content=\"index, follow, max-snippet:-1, max-image-preview:large, max-video-preview:-1\" \/>\n<link rel=\"canonical\" href=\"https:\/\/wpguerssen-test.odoo.rgbconsulting.com\/es\/producto\/chets-choice-gatefold\/\" \/>\n<meta property=\"og:locale\" content=\"es_ES\" \/>\n<meta property=\"og:type\" content=\"article\" \/>\n<meta property=\"og:title\" content=\"BAKER, Chet - Chet&#039;s Choice (Gatefold) -  (2LP) | Guerssen\" \/>\n<meta property=\"og:description\" content=\"Recorded and released in The Netherlands by Gerry Teekens for his Criss Cross label in 1985, Chet&#039;s Choice marked one of the best studio albums from Chet Baker&#039;s final years. It presents Baker, beautifully captured in Stereo, singing and playing the trumpet in an intimate trio format with guitarist Philip Catherine and bassist Jean-Louis Rassinfosse.This expanded edition presents the full seven tunes from the original album plus three songs that only previously appeared on the CD edition of Chet&#039;s Choice, as well as five amazing never before heard alternate takes.\" \/>\n<meta property=\"og:url\" content=\"https:\/\/wpguerssen-test.odoo.rgbconsulting.com\/es\/producto\/chets-choice-gatefold\/\" \/>\n<meta property=\"og:site_name\" content=\"Guerssen records\" \/>\n<meta property=\"article:modified_time\" content=\"2025-03-21T11:42:32+00:00\" \/>\n<meta property=\"og:image\" content=\"https:\/\/wpguerssen-test.odoo.rgbconsulting.com\/wp-content\/uploads\/2023\/11\/45883.jpg\" \/>\n\t<meta property=\"og:image:width\" content=\"324\" \/>\n\t<meta property=\"og:image:height\" content=\"324\" \/>\n\t<meta property=\"og:image:type\" content=\"image\/jpeg\" \/>\n<meta name=\"twitter:card\" content=\"summary_large_image\" \/>\n<meta name=\"twitter:title\" content=\"BAKER, Chet - Chet&#039;s Choice (Gatefold) -  (2LP) | Guerssen\" \/>\n<meta name=\"twitter:label1\" content=\"Tiempo de lectura\" \/>\n\t<meta name=\"twitter:data1\" content=\"1 minuto\" \/>\n<script type=\"application\/ld+json\" class=\"yoast-schema-graph\">{\"@context\":\"https:\/\/schema.org\",\"@graph\":[{\"@type\":\"WebPage\",\"@id\":\"https:\/\/wpguerssen-test.odoo.rgbconsulting.com\/es\/producto\/chets-choice-gatefold\/\",\"url\":\"https:\/\/wpguerssen-test.odoo.rgbconsulting.com\/es\/producto\/chets-choice-gatefold\/\",\"name\":\"BAKER, Chet - Chet's Choice (Gatefold) - (2LP) | Guerssen\",\"isPartOf\":{\"@id\":\"https:\/\/wpguerssen-test.odoo.rgbconsulting.com\/es\/#website\"},\"primaryImageOfPage\":{\"@id\":\"https:\/\/wpguerssen-test.odoo.rgbconsulting.com\/es\/producto\/chets-choice-gatefold\/#primaryimage\"},\"image\":{\"@id\":\"https:\/\/wpguerssen-test.odoo.rgbconsulting.com\/es\/producto\/chets-choice-gatefold\/#primaryimage\"},\"thumbnailUrl\":\"https:\/\/wpguerssen-test.odoo.rgbconsulting.com\/wp-content\/uploads\/2023\/11\/45883.jpg\",\"datePublished\":\"2025-02-20T23:00:00+00:00\",\"dateModified\":\"2025-03-21T11:42:32+00:00\",\"description\":\"Recorded and released in The Netherlands by Gerry Teekens for his Criss Cross label in 1985, Chet's Choice marked one of the best studio albums from Chet Baker's final years. It presents Baker, beautifully captured in Stereo, singing and playing the trumpet in an intimate trio format with guitarist Philip Catherine and bassist Jean-Louis Rassinfosse.This expanded edition presents the full seven tunes from the original album plus three songs that only previously appeared on the CD edition of Chet's Choice, as well as five amazing never before heard alternate takes.\",\"breadcrumb\":{\"@id\":\"https:\/\/wpguerssen-test.odoo.rgbconsulting.com\/es\/producto\/chets-choice-gatefold\/#breadcrumb\"},\"inLanguage\":\"es\",\"potentialAction\":[{\"@type\":\"ReadAction\",\"target\":[\"https:\/\/wpguerssen-test.odoo.rgbconsulting.com\/es\/producto\/chets-choice-gatefold\/\"]}]},{\"@type\":\"ImageObject\",\"inLanguage\":\"es\",\"@id\":\"https:\/\/wpguerssen-test.odoo.rgbconsulting.com\/es\/producto\/chets-choice-gatefold\/#primaryimage\",\"url\":\"https:\/\/wpguerssen-test.odoo.rgbconsulting.com\/wp-content\/uploads\/2023\/11\/45883.jpg\",\"contentUrl\":\"https:\/\/wpguerssen-test.odoo.rgbconsulting.com\/wp-content\/uploads\/2023\/11\/45883.jpg\",\"width\":324,\"height\":324,\"caption\":\"Chet - Chet's Choice (Gatefold) - CRISS CROSS (2LP) | Guerssen\"},{\"@type\":\"BreadcrumbList\",\"@id\":\"https:\/\/wpguerssen-test.odoo.rgbconsulting.com\/es\/producto\/chets-choice-gatefold\/#breadcrumb\",\"itemListElement\":[{\"@type\":\"ListItem\",\"position\":1,\"name\":\"Inicio\",\"item\":\"https:\/\/wpguerssen-test.odoo.rgbconsulting.com\/es\/\"},{\"@type\":\"ListItem\",\"position\":2,\"name\":\"Shop\",\"item\":\"https:\/\/wpguerssen-test.odoo.rgbconsulting.com\/shop\/\"},{\"@type\":\"ListItem\",\"position\":3,\"name\":\"Chet&#8217;s Choice (Gatefold)\"}]},{\"@type\":\"WebSite\",\"@id\":\"https:\/\/wpguerssen-test.odoo.rgbconsulting.com\/es\/#website\",\"url\":\"https:\/\/wpguerssen-test.odoo.rgbconsulting.com\/es\/\",\"name\":\"Guerssen records\",\"description\":\"psychedelia - progressive - folk - garage \",\"publisher\":{\"@id\":\"https:\/\/wpguerssen-test.odoo.rgbconsulting.com\/es\/#organization\"},\"potentialAction\":[{\"@type\":\"SearchAction\",\"target\":{\"@type\":\"EntryPoint\",\"urlTemplate\":\"https:\/\/wpguerssen-test.odoo.rgbconsulting.com\/es\/?s={search_term_string}\"},\"query-input\":{\"@type\":\"PropertyValueSpecification\",\"valueRequired\":true,\"valueName\":\"search_term_string\"}}],\"inLanguage\":\"es\"},{\"@type\":\"Organization\",\"@id\":\"https:\/\/wpguerssen-test.odoo.rgbconsulting.com\/es\/#organization\",\"name\":\"Guerssen records\",\"url\":\"https:\/\/wpguerssen-test.odoo.rgbconsulting.com\/es\/\",\"logo\":{\"@type\":\"ImageObject\",\"inLanguage\":\"es\",\"@id\":\"https:\/\/wpguerssen-test.odoo.rgbconsulting.com\/es\/#\/schema\/logo\/image\/\",\"url\":\"https:\/\/wpguerssen-test.odoo.rgbconsulting.com\/wp-content\/uploads\/2022\/04\/Logo_Guerssen_trans_100.png\",\"contentUrl\":\"https:\/\/wpguerssen-test.odoo.rgbconsulting.com\/wp-content\/uploads\/2022\/04\/Logo_Guerssen_trans_100.png\",\"width\":122,\"height\":100,\"caption\":\"Guerssen records\"},\"image\":{\"@id\":\"https:\/\/wpguerssen-test.odoo.rgbconsulting.com\/es\/#\/schema\/logo\/image\/\"}}]}<\/script>\n<!-- \/ Yoast SEO plugin. -->","yoast_head_json":{"title":"BAKER, Chet - Chet's Choice (Gatefold) -  (2LP) | Guerssen","description":"Recorded and released in The Netherlands by Gerry Teekens for his Criss Cross label in 1985, Chet's Choice marked one of the best studio albums from Chet Baker's final years. It presents Baker, beautifully captured in Stereo, singing and playing the trumpet in an intimate trio format with guitarist Philip Catherine and bassist Jean-Louis Rassinfosse.This expanded edition presents the full seven tunes from the original album plus three songs that only previously appeared on the CD edition of Chet's Choice, as well as five amazing never before heard alternate takes.","robots":{"index":"index","follow":"follow","max-snippet":"max-snippet:-1","max-image-preview":"max-image-preview:large","max-video-preview":"max-video-preview:-1"},"canonical":"https:\/\/wpguerssen-test.odoo.rgbconsulting.com\/es\/producto\/chets-choice-gatefold\/","og_locale":"es_ES","og_type":"article","og_title":"BAKER, Chet - Chet's Choice (Gatefold) -  (2LP) | Guerssen","og_description":"Recorded and released in The Netherlands by Gerry Teekens for his Criss Cross label in 1985, Chet's Choice marked one of the best studio albums from Chet Baker's final years. It presents Baker, beautifully captured in Stereo, singing and playing the trumpet in an intimate trio format with guitarist Philip Catherine and bassist Jean-Louis Rassinfosse.This expanded edition presents the full seven tunes from the original album plus three songs that only previously appeared on the CD edition of Chet's Choice, as well as five amazing never before heard alternate takes.","og_url":"https:\/\/wpguerssen-test.odoo.rgbconsulting.com\/es\/producto\/chets-choice-gatefold\/","og_site_name":"Guerssen records","article_modified_time":"2025-03-21T11:42:32+00:00","og_image":[{"width":324,"height":324,"url":"https:\/\/wpguerssen-test.odoo.rgbconsulting.com\/wp-content\/uploads\/2023\/11\/45883.jpg","type":"image\/jpeg"}],"twitter_card":"summary_large_image","twitter_title":"BAKER, Chet - Chet's Choice (Gatefold) -  (2LP) | Guerssen","twitter_misc":{"Tiempo de lectura":"1 minuto"},"schema":{"@context":"https:\/\/schema.org","@graph":[{"@type":"WebPage","@id":"https:\/\/wpguerssen-test.odoo.rgbconsulting.com\/es\/producto\/chets-choice-gatefold\/","url":"https:\/\/wpguerssen-test.odoo.rgbconsulting.com\/es\/producto\/chets-choice-gatefold\/","name":"BAKER, Chet - Chet's Choice (Gatefold) - (2LP) | Guerssen","isPartOf":{"@id":"https:\/\/wpguerssen-test.odoo.rgbconsulting.com\/es\/#website"},"primaryImageOfPage":{"@id":"https:\/\/wpguerssen-test.odoo.rgbconsulting.com\/es\/producto\/chets-choice-gatefold\/#primaryimage"},"image":{"@id":"https:\/\/wpguerssen-test.odoo.rgbconsulting.com\/es\/producto\/chets-choice-gatefold\/#primaryimage"},"thumbnailUrl":"https:\/\/wpguerssen-test.odoo.rgbconsulting.com\/wp-content\/uploads\/2023\/11\/45883.jpg","datePublished":"2025-02-20T23:00:00+00:00","dateModified":"2025-03-21T11:42:32+00:00","description":"Recorded and released in The Netherlands by Gerry Teekens for his Criss Cross label in 1985, Chet's Choice marked one of the best studio albums from Chet Baker's final years. It presents Baker, beautifully captured in Stereo, singing and playing the trumpet in an intimate trio format with guitarist Philip Catherine and bassist Jean-Louis Rassinfosse.This expanded edition presents the full seven tunes from the original album plus three songs that only previously appeared on the CD edition of Chet's Choice, as well as five amazing never before heard alternate takes.","breadcrumb":{"@id":"https:\/\/wpguerssen-test.odoo.rgbconsulting.com\/es\/producto\/chets-choice-gatefold\/#breadcrumb"},"inLanguage":"es","potentialAction":[{"@type":"ReadAction","target":["https:\/\/wpguerssen-test.odoo.rgbconsulting.com\/es\/producto\/chets-choice-gatefold\/"]}]},{"@type":"ImageObject","inLanguage":"es","@id":"https:\/\/wpguerssen-test.odoo.rgbconsulting.com\/es\/producto\/chets-choice-gatefold\/#primaryimage","url":"https:\/\/wpguerssen-test.odoo.rgbconsulting.com\/wp-content\/uploads\/2023\/11\/45883.jpg","contentUrl":"https:\/\/wpguerssen-test.odoo.rgbconsulting.com\/wp-content\/uploads\/2023\/11\/45883.jpg","width":324,"height":324,"caption":"Chet - Chet's Choice (Gatefold) - CRISS CROSS (2LP) | Guerssen"},{"@type":"BreadcrumbList","@id":"https:\/\/wpguerssen-test.odoo.rgbconsulting.com\/es\/producto\/chets-choice-gatefold\/#breadcrumb","itemListElement":[{"@type":"ListItem","position":1,"name":"Inicio","item":"https:\/\/wpguerssen-test.odoo.rgbconsulting.com\/es\/"},{"@type":"ListItem","position":2,"name":"Shop","item":"https:\/\/wpguerssen-test.odoo.rgbconsulting.com\/shop\/"},{"@type":"ListItem","position":3,"name":"Chet&#8217;s Choice (Gatefold)"}]},{"@type":"WebSite","@id":"https:\/\/wpguerssen-test.odoo.rgbconsulting.com\/es\/#website","url":"https:\/\/wpguerssen-test.odoo.rgbconsulting.com\/es\/","name":"Guerssen records","description":"psychedelia - progressive - folk - garage ","publisher":{"@id":"https:\/\/wpguerssen-test.odoo.rgbconsulting.com\/es\/#organization"},"potentialAction":[{"@type":"SearchAction","target":{"@type":"EntryPoint","urlTemplate":"https:\/\/wpguerssen-test.odoo.rgbconsulting.com\/es\/?s={search_term_string}"},"query-input":{"@type":"PropertyValueSpecification","valueRequired":true,"valueName":"search_term_string"}}],"inLanguage":"es"},{"@type":"Organization","@id":"https:\/\/wpguerssen-test.odoo.rgbconsulting.com\/es\/#organization","name":"Guerssen records","url":"https:\/\/wpguerssen-test.odoo.rgbconsulting.com\/es\/","logo":{"@type":"ImageObject","inLanguage":"es","@id":"https:\/\/wpguerssen-test.odoo.rgbconsulting.com\/es\/#\/schema\/logo\/image\/","url":"https:\/\/wpguerssen-test.odoo.rgbconsulting.com\/wp-content\/uploads\/2022\/04\/Logo_Guerssen_trans_100.png","contentUrl":"https:\/\/wpguerssen-test.odoo.rgbconsulting.com\/wp-content\/uploads\/2022\/04\/Logo_Guerssen_trans_100.png","width":122,"height":100,"caption":"Guerssen records"},"image":{"@id":"https:\/\/wpguerssen-test.odoo.rgbconsulting.com\/es\/#\/schema\/logo\/image\/"}}]}},"_links":{"self":[{"href":"https:\/\/wpguerssen-test.odoo.rgbconsulting.com\/es\/wp-json\/wp\/v2\/product\/244305","targetHints":{"allow":["GET"]}}],"collection":[{"href":"https:\/\/wpguerssen-test.odoo.rgbconsulting.com\/es\/wp-json\/wp\/v2\/product"}],"about":[{"href":"https:\/\/wpguerssen-test.odoo.rgbconsulting.com\/es\/wp-json\/wp\/v2\/types\/product"}],"wp:featuredmedia":[{"embeddable":true,"href":"https:\/\/wpguerssen-test.odoo.rgbconsulting.com\/es\/wp-json\/wp\/v2\/media\/247254"}],"wp:attachment":[{"href":"https:\/\/wpguerssen-test.odoo.rgbconsulting.com\/es\/wp-json\/wp\/v2\/media?parent=244305"}],"wp:term":[{"taxonomy":"product_brand","embeddable":true,"href":"https:\/\/wpguerssen-test.odoo.rgbconsulting.com\/es\/wp-json\/wp\/v2\/product_brand?post=244305"},{"taxonomy":"product_cat","embeddable":true,"href":"https:\/\/wpguerssen-test.odoo.rgbconsulting.com\/es\/wp-json\/wp\/v2\/product_cat?post=244305"},{"taxonomy":"product_tag","embeddable":true,"href":"https:\/\/wpguerssen-test.odoo.rgbconsulting.com\/es\/wp-json\/wp\/v2\/product_tag?post=244305"}],"curies":[{"name":"wp","href":"https:\/\/api.w.org\/{rel}","templated":true}]}}