{"id":244592,"date":"2023-11-22T00:00:00","date_gmt":"2023-11-21T23:00:00","guid":{"rendered":"https:\/\/wpguerssen-test.odoo.rgbconsulting.com\/product\/ashhollow\/"},"modified":"2025-04-22T15:53:41","modified_gmt":"2025-04-22T13:53:41","slug":"ashhollow","status":"publish","type":"product","link":"https:\/\/wpguerssen-test.odoo.rgbconsulting.com\/es\/producto\/ashhollow\/","title":{"rendered":"Ashhollow"},"content":{"rendered":"<p>ASHHOLLOW, la banda, formada en 1973, Oklahoma USA. Despu\u00e9s de algunos cambios de personal, tomaron su forma final en 1975 con Bill Kirtley: voz, guitarra, Mike Stewart: voz, guitarra, Mike Hanna: voz, bajo y Gary Bruce: bater\u00eda. Tocaban localmente en clubes y conciertos y ten\u00edan sus propias composiciones escritas por los 4 miembros. Adem\u00e1s del material original (la mayor parte se presenta aqu\u00ed), tocaron una variedad de versiones de bandas como Lynyrd Skynyrd, CSN&#038;Y, Kansas, etc.<br \/>Su m\u00fasica se clasifica entre hard rock con muchas vibraciones psicol\u00f3gicas underground y rock progresivo con tintes de jazz. Wishbone Ash, Primevil, Majic Ship&#8230;<br \/>Este \u00e1lbum fue hecho a partir de una cinta original de carrete a carrete, grabada el 30 de enero de 1976. Todo en vivo en el estudio sin sobregrabaciones. La cinta contiene 11 canciones en total, pero solo usamos 9 debido a limitaciones del vinilo. Poco despu\u00e9s de las grabaciones, ASHHOLLOW se detuvo.<\/p>\n","protected":false},"excerpt":{"rendered":"<p>ASHHOLLOW, la banda, formada en 1973, Oklahoma USA. Despu\u00e9s de algunos cambios de personal, tomaron su forma final en 1975 con Bill Kirtley: voz, guitarra, Mike Stewart:<a class=\"read\" href=\"https:\/\/wpguerssen-test.odoo.rgbconsulting.com\/es\/producto\/ashhollow\/\"> (...)<\/a>","protected":false},"featured_media":244537,"template":"","meta":{"_acf_changed":false},"product_brand":[],"product_cat":[21639,23224],"product_tag":[],"class_list":{"0":"post-244592","1":"product","2":"type-product","3":"status-publish","4":"has-post-thumbnail","6":"product_cat-psychedelic60s-70s-es","7":"product_cat-hard-rock-60s-70s-es","8":"pa_artist-ashhollow","9":"pa_format-lp-es","10":"pa_gender-hard-rock-60s-70s-psychedelic60s-70s","11":"pa_label-anazitisi","12":"pa_location-north-america-es","13":"pa_other-filters-vinyl-only-es","15":"first","16":"instock","17":"taxable","18":"shipping-taxable","19":"purchasable","20":"product-type-simple"},"acf":[],"yoast_head":"<!-- This site is optimized with the Yoast SEO plugin v24.9 - https:\/\/yoast.com\/wordpress\/plugins\/seo\/ -->\n<title>ASHHOLLOW - Ashhollow -  (LP) | Guerssen<\/title>\n<meta name=\"description\" content=\"ASHHOLLOW, the band, formed in 1973, Oklahoma USA. After some personnel changes they took their final form in 1975 with Bill Kirtley: vocals, guitar, Mike Stewart: vocals, guitar, Mike Hanna: vocals, bass and Gary Bruce: drums.They played locally in clubs and concerts and had their own compositions written by all 4 members. Besides the original material (most of it, is presented here) they played a variety of covers by bands like Lynyrd Skynyrd, CSN&amp;Y, Kansas etc.Their music is ranged between hard rock with many psych underground vibes and progressive rock with jazzy overtones. Wishbone Ash, Primevil, Majic Ship, Hard Meat, even quieter and less polished Ashbury come in mind...This album was made from an original reel-to-reel tape, recorded on January 30, 1976. All live in the studio with no overdubs. The tape contains 11 songs in total but we used only the 9 of them because of vinyl limitations. Soon after the recordings, ASHHOLLOW came to a halt.\" \/>\n<meta name=\"robots\" content=\"index, follow, max-snippet:-1, max-image-preview:large, max-video-preview:-1\" \/>\n<link rel=\"canonical\" href=\"https:\/\/wpguerssen-test.odoo.rgbconsulting.com\/es\/producto\/ashhollow\/\" \/>\n<meta property=\"og:locale\" content=\"es_ES\" \/>\n<meta property=\"og:type\" content=\"article\" \/>\n<meta property=\"og:title\" content=\"ASHHOLLOW - Ashhollow -  (LP) | Guerssen\" \/>\n<meta property=\"og:description\" content=\"ASHHOLLOW, the band, formed in 1973, Oklahoma USA. After some personnel changes they took their final form in 1975 with Bill Kirtley: vocals, guitar, Mike Stewart: vocals, guitar, Mike Hanna: vocals, bass and Gary Bruce: drums.They played locally in clubs and concerts and had their own compositions written by all 4 members. Besides the original material (most of it, is presented here) they played a variety of covers by bands like Lynyrd Skynyrd, CSN&amp;Y, Kansas etc.Their music is ranged between hard rock with many psych underground vibes and progressive rock with jazzy overtones. Wishbone Ash, Primevil, Majic Ship, Hard Meat, even quieter and less polished Ashbury come in mind...This album was made from an original reel-to-reel tape, recorded on January 30, 1976. All live in the studio with no overdubs. The tape contains 11 songs in total but we used only the 9 of them because of vinyl limitations. Soon after the recordings, ASHHOLLOW came to a halt.\" \/>\n<meta property=\"og:url\" content=\"https:\/\/wpguerssen-test.odoo.rgbconsulting.com\/es\/producto\/ashhollow\/\" \/>\n<meta property=\"og:site_name\" content=\"Guerssen records\" \/>\n<meta property=\"article:modified_time\" content=\"2025-04-22T13:53:41+00:00\" \/>\n<meta property=\"og:image\" content=\"https:\/\/wpguerssen-test.odoo.rgbconsulting.com\/wp-content\/uploads\/2023\/10\/45894.jpg\" \/>\n\t<meta property=\"og:image:width\" content=\"428\" \/>\n\t<meta property=\"og:image:height\" content=\"425\" \/>\n\t<meta property=\"og:image:type\" content=\"image\/jpeg\" \/>\n<meta name=\"twitter:card\" content=\"summary_large_image\" \/>\n<meta name=\"twitter:title\" content=\"ASHHOLLOW - Ashhollow -  (LP) | Guerssen\" \/>\n<meta name=\"twitter:label1\" content=\"Tiempo de lectura\" \/>\n\t<meta name=\"twitter:data1\" content=\"1 minuto\" \/>\n<script type=\"application\/ld+json\" class=\"yoast-schema-graph\">{\"@context\":\"https:\/\/schema.org\",\"@graph\":[{\"@type\":\"WebPage\",\"@id\":\"https:\/\/wpguerssen-test.odoo.rgbconsulting.com\/es\/producto\/ashhollow\/\",\"url\":\"https:\/\/wpguerssen-test.odoo.rgbconsulting.com\/es\/producto\/ashhollow\/\",\"name\":\"ASHHOLLOW - Ashhollow - (LP) | Guerssen\",\"isPartOf\":{\"@id\":\"https:\/\/wpguerssen-test.odoo.rgbconsulting.com\/es\/#website\"},\"primaryImageOfPage\":{\"@id\":\"https:\/\/wpguerssen-test.odoo.rgbconsulting.com\/es\/producto\/ashhollow\/#primaryimage\"},\"image\":{\"@id\":\"https:\/\/wpguerssen-test.odoo.rgbconsulting.com\/es\/producto\/ashhollow\/#primaryimage\"},\"thumbnailUrl\":\"https:\/\/wpguerssen-test.odoo.rgbconsulting.com\/wp-content\/uploads\/2023\/10\/45894.jpg\",\"datePublished\":\"2023-11-21T23:00:00+00:00\",\"dateModified\":\"2025-04-22T13:53:41+00:00\",\"description\":\"ASHHOLLOW, the band, formed in 1973, Oklahoma USA. After some personnel changes they took their final form in 1975 with Bill Kirtley: vocals, guitar, Mike Stewart: vocals, guitar, Mike Hanna: vocals, bass and Gary Bruce: drums.They played locally in clubs and concerts and had their own compositions written by all 4 members. Besides the original material (most of it, is presented here) they played a variety of covers by bands like Lynyrd Skynyrd, CSN&Y, Kansas etc.Their music is ranged between hard rock with many psych underground vibes and progressive rock with jazzy overtones. Wishbone Ash, Primevil, Majic Ship, Hard Meat, even quieter and less polished Ashbury come in mind...This album was made from an original reel-to-reel tape, recorded on January 30, 1976. All live in the studio with no overdubs. The tape contains 11 songs in total but we used only the 9 of them because of vinyl limitations. Soon after the recordings, ASHHOLLOW came to a halt.\",\"breadcrumb\":{\"@id\":\"https:\/\/wpguerssen-test.odoo.rgbconsulting.com\/es\/producto\/ashhollow\/#breadcrumb\"},\"inLanguage\":\"es\",\"potentialAction\":[{\"@type\":\"ReadAction\",\"target\":[\"https:\/\/wpguerssen-test.odoo.rgbconsulting.com\/es\/producto\/ashhollow\/\"]}]},{\"@type\":\"ImageObject\",\"inLanguage\":\"es\",\"@id\":\"https:\/\/wpguerssen-test.odoo.rgbconsulting.com\/es\/producto\/ashhollow\/#primaryimage\",\"url\":\"https:\/\/wpguerssen-test.odoo.rgbconsulting.com\/wp-content\/uploads\/2023\/10\/45894.jpg\",\"contentUrl\":\"https:\/\/wpguerssen-test.odoo.rgbconsulting.com\/wp-content\/uploads\/2023\/10\/45894.jpg\",\"width\":428,\"height\":425},{\"@type\":\"BreadcrumbList\",\"@id\":\"https:\/\/wpguerssen-test.odoo.rgbconsulting.com\/es\/producto\/ashhollow\/#breadcrumb\",\"itemListElement\":[{\"@type\":\"ListItem\",\"position\":1,\"name\":\"Inicio\",\"item\":\"https:\/\/wpguerssen-test.odoo.rgbconsulting.com\/es\/\"},{\"@type\":\"ListItem\",\"position\":2,\"name\":\"Shop\",\"item\":\"https:\/\/wpguerssen-test.odoo.rgbconsulting.com\/shop\/\"},{\"@type\":\"ListItem\",\"position\":3,\"name\":\"Ashhollow\"}]},{\"@type\":\"WebSite\",\"@id\":\"https:\/\/wpguerssen-test.odoo.rgbconsulting.com\/es\/#website\",\"url\":\"https:\/\/wpguerssen-test.odoo.rgbconsulting.com\/es\/\",\"name\":\"Guerssen records\",\"description\":\"psychedelia - progressive - folk - garage \",\"publisher\":{\"@id\":\"https:\/\/wpguerssen-test.odoo.rgbconsulting.com\/es\/#organization\"},\"potentialAction\":[{\"@type\":\"SearchAction\",\"target\":{\"@type\":\"EntryPoint\",\"urlTemplate\":\"https:\/\/wpguerssen-test.odoo.rgbconsulting.com\/es\/?s={search_term_string}\"},\"query-input\":{\"@type\":\"PropertyValueSpecification\",\"valueRequired\":true,\"valueName\":\"search_term_string\"}}],\"inLanguage\":\"es\"},{\"@type\":\"Organization\",\"@id\":\"https:\/\/wpguerssen-test.odoo.rgbconsulting.com\/es\/#organization\",\"name\":\"Guerssen records\",\"url\":\"https:\/\/wpguerssen-test.odoo.rgbconsulting.com\/es\/\",\"logo\":{\"@type\":\"ImageObject\",\"inLanguage\":\"es\",\"@id\":\"https:\/\/wpguerssen-test.odoo.rgbconsulting.com\/es\/#\/schema\/logo\/image\/\",\"url\":\"https:\/\/wpguerssen-test.odoo.rgbconsulting.com\/wp-content\/uploads\/2022\/04\/Logo_Guerssen_trans_100.png\",\"contentUrl\":\"https:\/\/wpguerssen-test.odoo.rgbconsulting.com\/wp-content\/uploads\/2022\/04\/Logo_Guerssen_trans_100.png\",\"width\":122,\"height\":100,\"caption\":\"Guerssen records\"},\"image\":{\"@id\":\"https:\/\/wpguerssen-test.odoo.rgbconsulting.com\/es\/#\/schema\/logo\/image\/\"}}]}<\/script>\n<!-- \/ Yoast SEO plugin. -->","yoast_head_json":{"title":"ASHHOLLOW - Ashhollow -  (LP) | Guerssen","description":"ASHHOLLOW, the band, formed in 1973, Oklahoma USA. After some personnel changes they took their final form in 1975 with Bill Kirtley: vocals, guitar, Mike Stewart: vocals, guitar, Mike Hanna: vocals, bass and Gary Bruce: drums.They played locally in clubs and concerts and had their own compositions written by all 4 members. Besides the original material (most of it, is presented here) they played a variety of covers by bands like Lynyrd Skynyrd, CSN&Y, Kansas etc.Their music is ranged between hard rock with many psych underground vibes and progressive rock with jazzy overtones. Wishbone Ash, Primevil, Majic Ship, Hard Meat, even quieter and less polished Ashbury come in mind...This album was made from an original reel-to-reel tape, recorded on January 30, 1976. All live in the studio with no overdubs. The tape contains 11 songs in total but we used only the 9 of them because of vinyl limitations. Soon after the recordings, ASHHOLLOW came to a halt.","robots":{"index":"index","follow":"follow","max-snippet":"max-snippet:-1","max-image-preview":"max-image-preview:large","max-video-preview":"max-video-preview:-1"},"canonical":"https:\/\/wpguerssen-test.odoo.rgbconsulting.com\/es\/producto\/ashhollow\/","og_locale":"es_ES","og_type":"article","og_title":"ASHHOLLOW - Ashhollow -  (LP) | Guerssen","og_description":"ASHHOLLOW, the band, formed in 1973, Oklahoma USA. After some personnel changes they took their final form in 1975 with Bill Kirtley: vocals, guitar, Mike Stewart: vocals, guitar, Mike Hanna: vocals, bass and Gary Bruce: drums.They played locally in clubs and concerts and had their own compositions written by all 4 members. Besides the original material (most of it, is presented here) they played a variety of covers by bands like Lynyrd Skynyrd, CSN&Y, Kansas etc.Their music is ranged between hard rock with many psych underground vibes and progressive rock with jazzy overtones. Wishbone Ash, Primevil, Majic Ship, Hard Meat, even quieter and less polished Ashbury come in mind...This album was made from an original reel-to-reel tape, recorded on January 30, 1976. All live in the studio with no overdubs. The tape contains 11 songs in total but we used only the 9 of them because of vinyl limitations. Soon after the recordings, ASHHOLLOW came to a halt.","og_url":"https:\/\/wpguerssen-test.odoo.rgbconsulting.com\/es\/producto\/ashhollow\/","og_site_name":"Guerssen records","article_modified_time":"2025-04-22T13:53:41+00:00","og_image":[{"width":428,"height":425,"url":"https:\/\/wpguerssen-test.odoo.rgbconsulting.com\/wp-content\/uploads\/2023\/10\/45894.jpg","type":"image\/jpeg"}],"twitter_card":"summary_large_image","twitter_title":"ASHHOLLOW - Ashhollow -  (LP) | Guerssen","twitter_misc":{"Tiempo de lectura":"1 minuto"},"schema":{"@context":"https:\/\/schema.org","@graph":[{"@type":"WebPage","@id":"https:\/\/wpguerssen-test.odoo.rgbconsulting.com\/es\/producto\/ashhollow\/","url":"https:\/\/wpguerssen-test.odoo.rgbconsulting.com\/es\/producto\/ashhollow\/","name":"ASHHOLLOW - Ashhollow - (LP) | Guerssen","isPartOf":{"@id":"https:\/\/wpguerssen-test.odoo.rgbconsulting.com\/es\/#website"},"primaryImageOfPage":{"@id":"https:\/\/wpguerssen-test.odoo.rgbconsulting.com\/es\/producto\/ashhollow\/#primaryimage"},"image":{"@id":"https:\/\/wpguerssen-test.odoo.rgbconsulting.com\/es\/producto\/ashhollow\/#primaryimage"},"thumbnailUrl":"https:\/\/wpguerssen-test.odoo.rgbconsulting.com\/wp-content\/uploads\/2023\/10\/45894.jpg","datePublished":"2023-11-21T23:00:00+00:00","dateModified":"2025-04-22T13:53:41+00:00","description":"ASHHOLLOW, the band, formed in 1973, Oklahoma USA. After some personnel changes they took their final form in 1975 with Bill Kirtley: vocals, guitar, Mike Stewart: vocals, guitar, Mike Hanna: vocals, bass and Gary Bruce: drums.They played locally in clubs and concerts and had their own compositions written by all 4 members. Besides the original material (most of it, is presented here) they played a variety of covers by bands like Lynyrd Skynyrd, CSN&Y, Kansas etc.Their music is ranged between hard rock with many psych underground vibes and progressive rock with jazzy overtones. Wishbone Ash, Primevil, Majic Ship, Hard Meat, even quieter and less polished Ashbury come in mind...This album was made from an original reel-to-reel tape, recorded on January 30, 1976. All live in the studio with no overdubs. The tape contains 11 songs in total but we used only the 9 of them because of vinyl limitations. Soon after the recordings, ASHHOLLOW came to a halt.","breadcrumb":{"@id":"https:\/\/wpguerssen-test.odoo.rgbconsulting.com\/es\/producto\/ashhollow\/#breadcrumb"},"inLanguage":"es","potentialAction":[{"@type":"ReadAction","target":["https:\/\/wpguerssen-test.odoo.rgbconsulting.com\/es\/producto\/ashhollow\/"]}]},{"@type":"ImageObject","inLanguage":"es","@id":"https:\/\/wpguerssen-test.odoo.rgbconsulting.com\/es\/producto\/ashhollow\/#primaryimage","url":"https:\/\/wpguerssen-test.odoo.rgbconsulting.com\/wp-content\/uploads\/2023\/10\/45894.jpg","contentUrl":"https:\/\/wpguerssen-test.odoo.rgbconsulting.com\/wp-content\/uploads\/2023\/10\/45894.jpg","width":428,"height":425},{"@type":"BreadcrumbList","@id":"https:\/\/wpguerssen-test.odoo.rgbconsulting.com\/es\/producto\/ashhollow\/#breadcrumb","itemListElement":[{"@type":"ListItem","position":1,"name":"Inicio","item":"https:\/\/wpguerssen-test.odoo.rgbconsulting.com\/es\/"},{"@type":"ListItem","position":2,"name":"Shop","item":"https:\/\/wpguerssen-test.odoo.rgbconsulting.com\/shop\/"},{"@type":"ListItem","position":3,"name":"Ashhollow"}]},{"@type":"WebSite","@id":"https:\/\/wpguerssen-test.odoo.rgbconsulting.com\/es\/#website","url":"https:\/\/wpguerssen-test.odoo.rgbconsulting.com\/es\/","name":"Guerssen records","description":"psychedelia - progressive - folk - garage ","publisher":{"@id":"https:\/\/wpguerssen-test.odoo.rgbconsulting.com\/es\/#organization"},"potentialAction":[{"@type":"SearchAction","target":{"@type":"EntryPoint","urlTemplate":"https:\/\/wpguerssen-test.odoo.rgbconsulting.com\/es\/?s={search_term_string}"},"query-input":{"@type":"PropertyValueSpecification","valueRequired":true,"valueName":"search_term_string"}}],"inLanguage":"es"},{"@type":"Organization","@id":"https:\/\/wpguerssen-test.odoo.rgbconsulting.com\/es\/#organization","name":"Guerssen records","url":"https:\/\/wpguerssen-test.odoo.rgbconsulting.com\/es\/","logo":{"@type":"ImageObject","inLanguage":"es","@id":"https:\/\/wpguerssen-test.odoo.rgbconsulting.com\/es\/#\/schema\/logo\/image\/","url":"https:\/\/wpguerssen-test.odoo.rgbconsulting.com\/wp-content\/uploads\/2022\/04\/Logo_Guerssen_trans_100.png","contentUrl":"https:\/\/wpguerssen-test.odoo.rgbconsulting.com\/wp-content\/uploads\/2022\/04\/Logo_Guerssen_trans_100.png","width":122,"height":100,"caption":"Guerssen records"},"image":{"@id":"https:\/\/wpguerssen-test.odoo.rgbconsulting.com\/es\/#\/schema\/logo\/image\/"}}]}},"_links":{"self":[{"href":"https:\/\/wpguerssen-test.odoo.rgbconsulting.com\/es\/wp-json\/wp\/v2\/product\/244592","targetHints":{"allow":["GET"]}}],"collection":[{"href":"https:\/\/wpguerssen-test.odoo.rgbconsulting.com\/es\/wp-json\/wp\/v2\/product"}],"about":[{"href":"https:\/\/wpguerssen-test.odoo.rgbconsulting.com\/es\/wp-json\/wp\/v2\/types\/product"}],"wp:featuredmedia":[{"embeddable":true,"href":"https:\/\/wpguerssen-test.odoo.rgbconsulting.com\/es\/wp-json\/wp\/v2\/media\/244537"}],"wp:attachment":[{"href":"https:\/\/wpguerssen-test.odoo.rgbconsulting.com\/es\/wp-json\/wp\/v2\/media?parent=244592"}],"wp:term":[{"taxonomy":"product_brand","embeddable":true,"href":"https:\/\/wpguerssen-test.odoo.rgbconsulting.com\/es\/wp-json\/wp\/v2\/product_brand?post=244592"},{"taxonomy":"product_cat","embeddable":true,"href":"https:\/\/wpguerssen-test.odoo.rgbconsulting.com\/es\/wp-json\/wp\/v2\/product_cat?post=244592"},{"taxonomy":"product_tag","embeddable":true,"href":"https:\/\/wpguerssen-test.odoo.rgbconsulting.com\/es\/wp-json\/wp\/v2\/product_tag?post=244592"}],"curies":[{"name":"wp","href":"https:\/\/api.w.org\/{rel}","templated":true}]}}