{"id":244596,"date":"2024-01-08T00:00:00","date_gmt":"2024-01-07T23:00:00","guid":{"rendered":"https:\/\/wpguerssen-test.odoo.rgbconsulting.com\/product\/african-day\/"},"modified":"2024-09-03T16:18:30","modified_gmt":"2024-09-03T14:18:30","slug":"african-day","status":"publish","type":"product","link":"https:\/\/wpguerssen-test.odoo.rgbconsulting.com\/es\/producto\/african-day\/","title":{"rendered":"African day"},"content":{"rendered":"<p>\u00abEst\u00e1 oscuro y todav\u00eda en la aldea del jefe protegida por las monta\u00f1as de las grandes regiones del sur de \u00c1frica&#8230;\u00bb as\u00ed comienza la \u00e9pica de diecisiete minutos &#8216;D\u00eda Africano&#8217; que da inicio a la mayor \u00c1lbum conceptual afro-psicod\u00e9lico jam\u00e1s creado, lanzado por primera vez en Parlophone en 1971. La m\u00fasica de Hawk en este \u00e1lbum hist\u00f3rico es una fusi\u00f3n de ritmos africanos tribales con elementos de m\u00fasica hippie ac\u00fastica (largas improvisaciones en solitario, pausas de saxof\u00f3n, percusi\u00f3n) que suena a veces como una versi\u00f3n africana. of Embryo liderado por Tim Buckley!<br \/>En Johannesburgo, repleto, como Durban, de m\u00fasicos adelantados a su tiempo, Hawk a\u00f1adi\u00f3 las praderas marrones y quemadas por el sol de \u00c1frica al g\u00e9nero del \u00e1lbum conceptual: el ritmo embriagador y constante de los tambores, y suficientes ritmos cruzados como para marearte. A\u00f1ade voces fascinantes y la narraci\u00f3n de una historia. Meta la flauta de rango, el saxof\u00f3n. El zumbido de los graves profundos. Y los hipn\u00f3ticos tambores parlantes. M\u00fasica al estilo africano: material terrenal: viril, extraordinario, sustancial.<br \/>Hawk estaba escuchando muchas cintas de Hugh Tracey (el music\u00f3logo afro que viaj\u00f3 por \u00c1frica capturando sonidos y m\u00fasica en cintas para la posteridad). Fueron a Suazilandia y regresaron con sus propios sonidos: tambores y un deseo ardiente de hacer su propia m\u00fasica africana. De todo esto surgi\u00f3 el \u00abD\u00eda Africano\u00bb. Nuestra reedici\u00f3n de Lion\/RTA viene con un folleto de 12 p\u00e1ginas tama\u00f1o LP que incluye una historia completa de la banda escrita por el compositor Owen Coetzer, repleta de fotograf\u00edas, adem\u00e1s de la historia del redescubrimiento de las cintas maestras multipista y la transferencia de esas cintas reci\u00e9n descubiertas que resultaron en esta misma reedici\u00f3n.<\/p>\n","protected":false},"excerpt":{"rendered":"<p>\u00abEst\u00e1 oscuro y todav\u00eda en la aldea del jefe protegida por las monta\u00f1as de las grandes regiones del sur de \u00c1frica&#8230;\u00bb as\u00ed comienza la \u00e9pica de diecisiete<a class=\"read\" href=\"https:\/\/wpguerssen-test.odoo.rgbconsulting.com\/es\/producto\/african-day\/\"> (...)<\/a>","protected":false},"featured_media":244549,"template":"","meta":{"_acf_changed":false},"product_brand":[],"product_cat":[23215,23258],"product_tag":[],"class_list":{"0":"post-244596","1":"product","2":"type-product","3":"status-publish","4":"has-post-thumbnail","6":"product_cat-progressive60s-70s-es","7":"product_cat-afro-funk-afrobeat-es","8":"pa_artist-hawk","9":"pa_format-lp-es","10":"pa_gender-afro-funk-afrobeat-progressive60s-70s","11":"pa_label-return-to-analog","12":"pa_location-africa-es","13":"pa_other-filters-vinyl-only-es","15":"first","16":"instock","17":"taxable","18":"shipping-taxable","19":"purchasable","20":"product-type-simple"},"acf":[],"yoast_head":"<!-- This site is optimized with the Yoast SEO plugin v24.9 - https:\/\/yoast.com\/wordpress\/plugins\/seo\/ -->\n<title>HAWK - African day -  (LP) | Guerssen<\/title>\n<meta name=\"description\" content=\"&quot;It&#039;s dark and still in the chief&#039;s village protected by mountains of the great southern regions of Africa...&quot; so begins the seventeen minute epic &#039;African Day&#039; that kicks off the greatest Afro-psychedelic concept album ever made -- first released on Parlophone in 1971. Hawk&#039;s music on this epochal album is a fusion of tribal African rhythms with acoustic hippie music elements -- long solo jams, saxophone breaks, percussion -- sounding at times like an African version of Embryo fronted by Tim Buckley!In Johannesburg, bursting, like Durban, with musicians aeons ahead of their time, Hawk added the sunburnt, brown prairies of Africa to the genre of the concept album -- the heady, steady beat of drums, and enough cross-rhythms to make you dizzy. Add the mesmerizing voices - and the telling of a story. Tuck in the ranging flute, the saxophone. The deep bass buzz. And the hypnotic talking drums. Music the African way: earthy stuff - virile, extraordinary, substantial.Hawk were listening to a lot of Hugh Tracey tapes (the Afro-musicologist who travelled Africa capturing sounds and music on tape for posterity). They went to Swaziland and came back with their own sounds: drums and a burning desire to make their own brand of African music. From all of this came &quot;African Day.&quot; Our Lion\/RTA reissue comes with an LP-sized 12-page booklet which includes a complete band history by music writer Owen Coetzer, packed with photos, plus the story of the re-discovery of the multi-track master tapes and the transfer of those newfound tapes that resulted in this very reissue.\" \/>\n<meta name=\"robots\" content=\"index, follow, max-snippet:-1, max-image-preview:large, max-video-preview:-1\" \/>\n<link rel=\"canonical\" href=\"https:\/\/wpguerssen-test.odoo.rgbconsulting.com\/es\/producto\/african-day\/\" \/>\n<meta property=\"og:locale\" content=\"es_ES\" \/>\n<meta property=\"og:type\" content=\"article\" \/>\n<meta property=\"og:title\" content=\"HAWK - African day -  (LP) | Guerssen\" \/>\n<meta property=\"og:description\" content=\"&quot;It&#039;s dark and still in the chief&#039;s village protected by mountains of the great southern regions of Africa...&quot; so begins the seventeen minute epic &#039;African Day&#039; that kicks off the greatest Afro-psychedelic concept album ever made -- first released on Parlophone in 1971. Hawk&#039;s music on this epochal album is a fusion of tribal African rhythms with acoustic hippie music elements -- long solo jams, saxophone breaks, percussion -- sounding at times like an African version of Embryo fronted by Tim Buckley!In Johannesburg, bursting, like Durban, with musicians aeons ahead of their time, Hawk added the sunburnt, brown prairies of Africa to the genre of the concept album -- the heady, steady beat of drums, and enough cross-rhythms to make you dizzy. Add the mesmerizing voices - and the telling of a story. Tuck in the ranging flute, the saxophone. The deep bass buzz. And the hypnotic talking drums. Music the African way: earthy stuff - virile, extraordinary, substantial.Hawk were listening to a lot of Hugh Tracey tapes (the Afro-musicologist who travelled Africa capturing sounds and music on tape for posterity). They went to Swaziland and came back with their own sounds: drums and a burning desire to make their own brand of African music. From all of this came &quot;African Day.&quot; Our Lion\/RTA reissue comes with an LP-sized 12-page booklet which includes a complete band history by music writer Owen Coetzer, packed with photos, plus the story of the re-discovery of the multi-track master tapes and the transfer of those newfound tapes that resulted in this very reissue.\" \/>\n<meta property=\"og:url\" content=\"https:\/\/wpguerssen-test.odoo.rgbconsulting.com\/es\/producto\/african-day\/\" \/>\n<meta property=\"og:site_name\" content=\"Guerssen records\" \/>\n<meta property=\"article:modified_time\" content=\"2024-09-03T14:18:30+00:00\" \/>\n<meta property=\"og:image\" content=\"https:\/\/wpguerssen-test.odoo.rgbconsulting.com\/wp-content\/uploads\/2023\/10\/45898.jpg\" \/>\n\t<meta property=\"og:image:width\" content=\"960\" \/>\n\t<meta property=\"og:image:height\" content=\"960\" \/>\n\t<meta property=\"og:image:type\" content=\"image\/jpeg\" \/>\n<meta name=\"twitter:card\" content=\"summary_large_image\" \/>\n<meta name=\"twitter:title\" content=\"HAWK - African day -  (LP) | Guerssen\" \/>\n<meta name=\"twitter:label1\" content=\"Tiempo de lectura\" \/>\n\t<meta name=\"twitter:data1\" content=\"2 minutos\" \/>\n<script type=\"application\/ld+json\" class=\"yoast-schema-graph\">{\"@context\":\"https:\/\/schema.org\",\"@graph\":[{\"@type\":\"WebPage\",\"@id\":\"https:\/\/wpguerssen-test.odoo.rgbconsulting.com\/es\/producto\/african-day\/\",\"url\":\"https:\/\/wpguerssen-test.odoo.rgbconsulting.com\/es\/producto\/african-day\/\",\"name\":\"HAWK - African day - (LP) | Guerssen\",\"isPartOf\":{\"@id\":\"https:\/\/wpguerssen-test.odoo.rgbconsulting.com\/es\/#website\"},\"primaryImageOfPage\":{\"@id\":\"https:\/\/wpguerssen-test.odoo.rgbconsulting.com\/es\/producto\/african-day\/#primaryimage\"},\"image\":{\"@id\":\"https:\/\/wpguerssen-test.odoo.rgbconsulting.com\/es\/producto\/african-day\/#primaryimage\"},\"thumbnailUrl\":\"https:\/\/wpguerssen-test.odoo.rgbconsulting.com\/wp-content\/uploads\/2023\/10\/45898.jpg\",\"datePublished\":\"2024-01-07T23:00:00+00:00\",\"dateModified\":\"2024-09-03T14:18:30+00:00\",\"description\":\"\\\"It's dark and still in the chief's village protected by mountains of the great southern regions of Africa...\\\" so begins the seventeen minute epic 'African Day' that kicks off the greatest Afro-psychedelic concept album ever made -- first released on Parlophone in 1971. Hawk's music on this epochal album is a fusion of tribal African rhythms with acoustic hippie music elements -- long solo jams, saxophone breaks, percussion -- sounding at times like an African version of Embryo fronted by Tim Buckley!In Johannesburg, bursting, like Durban, with musicians aeons ahead of their time, Hawk added the sunburnt, brown prairies of Africa to the genre of the concept album -- the heady, steady beat of drums, and enough cross-rhythms to make you dizzy. Add the mesmerizing voices - and the telling of a story. Tuck in the ranging flute, the saxophone. The deep bass buzz. And the hypnotic talking drums. Music the African way: earthy stuff - virile, extraordinary, substantial.Hawk were listening to a lot of Hugh Tracey tapes (the Afro-musicologist who travelled Africa capturing sounds and music on tape for posterity). They went to Swaziland and came back with their own sounds: drums and a burning desire to make their own brand of African music. From all of this came \\\"African Day.\\\" Our Lion\/RTA reissue comes with an LP-sized 12-page booklet which includes a complete band history by music writer Owen Coetzer, packed with photos, plus the story of the re-discovery of the multi-track master tapes and the transfer of those newfound tapes that resulted in this very reissue.\",\"breadcrumb\":{\"@id\":\"https:\/\/wpguerssen-test.odoo.rgbconsulting.com\/es\/producto\/african-day\/#breadcrumb\"},\"inLanguage\":\"es\",\"potentialAction\":[{\"@type\":\"ReadAction\",\"target\":[\"https:\/\/wpguerssen-test.odoo.rgbconsulting.com\/es\/producto\/african-day\/\"]}]},{\"@type\":\"ImageObject\",\"inLanguage\":\"es\",\"@id\":\"https:\/\/wpguerssen-test.odoo.rgbconsulting.com\/es\/producto\/african-day\/#primaryimage\",\"url\":\"https:\/\/wpguerssen-test.odoo.rgbconsulting.com\/wp-content\/uploads\/2023\/10\/45898.jpg\",\"contentUrl\":\"https:\/\/wpguerssen-test.odoo.rgbconsulting.com\/wp-content\/uploads\/2023\/10\/45898.jpg\",\"width\":960,\"height\":960},{\"@type\":\"BreadcrumbList\",\"@id\":\"https:\/\/wpguerssen-test.odoo.rgbconsulting.com\/es\/producto\/african-day\/#breadcrumb\",\"itemListElement\":[{\"@type\":\"ListItem\",\"position\":1,\"name\":\"Inicio\",\"item\":\"https:\/\/wpguerssen-test.odoo.rgbconsulting.com\/es\/\"},{\"@type\":\"ListItem\",\"position\":2,\"name\":\"Shop\",\"item\":\"https:\/\/wpguerssen-test.odoo.rgbconsulting.com\/shop\/\"},{\"@type\":\"ListItem\",\"position\":3,\"name\":\"African day\"}]},{\"@type\":\"WebSite\",\"@id\":\"https:\/\/wpguerssen-test.odoo.rgbconsulting.com\/es\/#website\",\"url\":\"https:\/\/wpguerssen-test.odoo.rgbconsulting.com\/es\/\",\"name\":\"Guerssen records\",\"description\":\"psychedelia - progressive - folk - garage \",\"publisher\":{\"@id\":\"https:\/\/wpguerssen-test.odoo.rgbconsulting.com\/es\/#organization\"},\"potentialAction\":[{\"@type\":\"SearchAction\",\"target\":{\"@type\":\"EntryPoint\",\"urlTemplate\":\"https:\/\/wpguerssen-test.odoo.rgbconsulting.com\/es\/?s={search_term_string}\"},\"query-input\":{\"@type\":\"PropertyValueSpecification\",\"valueRequired\":true,\"valueName\":\"search_term_string\"}}],\"inLanguage\":\"es\"},{\"@type\":\"Organization\",\"@id\":\"https:\/\/wpguerssen-test.odoo.rgbconsulting.com\/es\/#organization\",\"name\":\"Guerssen records\",\"url\":\"https:\/\/wpguerssen-test.odoo.rgbconsulting.com\/es\/\",\"logo\":{\"@type\":\"ImageObject\",\"inLanguage\":\"es\",\"@id\":\"https:\/\/wpguerssen-test.odoo.rgbconsulting.com\/es\/#\/schema\/logo\/image\/\",\"url\":\"https:\/\/wpguerssen-test.odoo.rgbconsulting.com\/wp-content\/uploads\/2022\/04\/Logo_Guerssen_trans_100.png\",\"contentUrl\":\"https:\/\/wpguerssen-test.odoo.rgbconsulting.com\/wp-content\/uploads\/2022\/04\/Logo_Guerssen_trans_100.png\",\"width\":122,\"height\":100,\"caption\":\"Guerssen records\"},\"image\":{\"@id\":\"https:\/\/wpguerssen-test.odoo.rgbconsulting.com\/es\/#\/schema\/logo\/image\/\"}}]}<\/script>\n<!-- \/ Yoast SEO plugin. -->","yoast_head_json":{"title":"HAWK - African day -  (LP) | Guerssen","description":"\"It's dark and still in the chief's village protected by mountains of the great southern regions of Africa...\" so begins the seventeen minute epic 'African Day' that kicks off the greatest Afro-psychedelic concept album ever made -- first released on Parlophone in 1971. Hawk's music on this epochal album is a fusion of tribal African rhythms with acoustic hippie music elements -- long solo jams, saxophone breaks, percussion -- sounding at times like an African version of Embryo fronted by Tim Buckley!In Johannesburg, bursting, like Durban, with musicians aeons ahead of their time, Hawk added the sunburnt, brown prairies of Africa to the genre of the concept album -- the heady, steady beat of drums, and enough cross-rhythms to make you dizzy. Add the mesmerizing voices - and the telling of a story. Tuck in the ranging flute, the saxophone. The deep bass buzz. And the hypnotic talking drums. Music the African way: earthy stuff - virile, extraordinary, substantial.Hawk were listening to a lot of Hugh Tracey tapes (the Afro-musicologist who travelled Africa capturing sounds and music on tape for posterity). They went to Swaziland and came back with their own sounds: drums and a burning desire to make their own brand of African music. From all of this came \"African Day.\" Our Lion\/RTA reissue comes with an LP-sized 12-page booklet which includes a complete band history by music writer Owen Coetzer, packed with photos, plus the story of the re-discovery of the multi-track master tapes and the transfer of those newfound tapes that resulted in this very reissue.","robots":{"index":"index","follow":"follow","max-snippet":"max-snippet:-1","max-image-preview":"max-image-preview:large","max-video-preview":"max-video-preview:-1"},"canonical":"https:\/\/wpguerssen-test.odoo.rgbconsulting.com\/es\/producto\/african-day\/","og_locale":"es_ES","og_type":"article","og_title":"HAWK - African day -  (LP) | Guerssen","og_description":"\"It's dark and still in the chief's village protected by mountains of the great southern regions of Africa...\" so begins the seventeen minute epic 'African Day' that kicks off the greatest Afro-psychedelic concept album ever made -- first released on Parlophone in 1971. Hawk's music on this epochal album is a fusion of tribal African rhythms with acoustic hippie music elements -- long solo jams, saxophone breaks, percussion -- sounding at times like an African version of Embryo fronted by Tim Buckley!In Johannesburg, bursting, like Durban, with musicians aeons ahead of their time, Hawk added the sunburnt, brown prairies of Africa to the genre of the concept album -- the heady, steady beat of drums, and enough cross-rhythms to make you dizzy. Add the mesmerizing voices - and the telling of a story. Tuck in the ranging flute, the saxophone. The deep bass buzz. And the hypnotic talking drums. Music the African way: earthy stuff - virile, extraordinary, substantial.Hawk were listening to a lot of Hugh Tracey tapes (the Afro-musicologist who travelled Africa capturing sounds and music on tape for posterity). They went to Swaziland and came back with their own sounds: drums and a burning desire to make their own brand of African music. From all of this came \"African Day.\" Our Lion\/RTA reissue comes with an LP-sized 12-page booklet which includes a complete band history by music writer Owen Coetzer, packed with photos, plus the story of the re-discovery of the multi-track master tapes and the transfer of those newfound tapes that resulted in this very reissue.","og_url":"https:\/\/wpguerssen-test.odoo.rgbconsulting.com\/es\/producto\/african-day\/","og_site_name":"Guerssen records","article_modified_time":"2024-09-03T14:18:30+00:00","og_image":[{"width":960,"height":960,"url":"https:\/\/wpguerssen-test.odoo.rgbconsulting.com\/wp-content\/uploads\/2023\/10\/45898.jpg","type":"image\/jpeg"}],"twitter_card":"summary_large_image","twitter_title":"HAWK - African day -  (LP) | Guerssen","twitter_misc":{"Tiempo de lectura":"2 minutos"},"schema":{"@context":"https:\/\/schema.org","@graph":[{"@type":"WebPage","@id":"https:\/\/wpguerssen-test.odoo.rgbconsulting.com\/es\/producto\/african-day\/","url":"https:\/\/wpguerssen-test.odoo.rgbconsulting.com\/es\/producto\/african-day\/","name":"HAWK - African day - (LP) | Guerssen","isPartOf":{"@id":"https:\/\/wpguerssen-test.odoo.rgbconsulting.com\/es\/#website"},"primaryImageOfPage":{"@id":"https:\/\/wpguerssen-test.odoo.rgbconsulting.com\/es\/producto\/african-day\/#primaryimage"},"image":{"@id":"https:\/\/wpguerssen-test.odoo.rgbconsulting.com\/es\/producto\/african-day\/#primaryimage"},"thumbnailUrl":"https:\/\/wpguerssen-test.odoo.rgbconsulting.com\/wp-content\/uploads\/2023\/10\/45898.jpg","datePublished":"2024-01-07T23:00:00+00:00","dateModified":"2024-09-03T14:18:30+00:00","description":"\"It's dark and still in the chief's village protected by mountains of the great southern regions of Africa...\" so begins the seventeen minute epic 'African Day' that kicks off the greatest Afro-psychedelic concept album ever made -- first released on Parlophone in 1971. Hawk's music on this epochal album is a fusion of tribal African rhythms with acoustic hippie music elements -- long solo jams, saxophone breaks, percussion -- sounding at times like an African version of Embryo fronted by Tim Buckley!In Johannesburg, bursting, like Durban, with musicians aeons ahead of their time, Hawk added the sunburnt, brown prairies of Africa to the genre of the concept album -- the heady, steady beat of drums, and enough cross-rhythms to make you dizzy. Add the mesmerizing voices - and the telling of a story. Tuck in the ranging flute, the saxophone. The deep bass buzz. And the hypnotic talking drums. Music the African way: earthy stuff - virile, extraordinary, substantial.Hawk were listening to a lot of Hugh Tracey tapes (the Afro-musicologist who travelled Africa capturing sounds and music on tape for posterity). They went to Swaziland and came back with their own sounds: drums and a burning desire to make their own brand of African music. From all of this came \"African Day.\" Our Lion\/RTA reissue comes with an LP-sized 12-page booklet which includes a complete band history by music writer Owen Coetzer, packed with photos, plus the story of the re-discovery of the multi-track master tapes and the transfer of those newfound tapes that resulted in this very reissue.","breadcrumb":{"@id":"https:\/\/wpguerssen-test.odoo.rgbconsulting.com\/es\/producto\/african-day\/#breadcrumb"},"inLanguage":"es","potentialAction":[{"@type":"ReadAction","target":["https:\/\/wpguerssen-test.odoo.rgbconsulting.com\/es\/producto\/african-day\/"]}]},{"@type":"ImageObject","inLanguage":"es","@id":"https:\/\/wpguerssen-test.odoo.rgbconsulting.com\/es\/producto\/african-day\/#primaryimage","url":"https:\/\/wpguerssen-test.odoo.rgbconsulting.com\/wp-content\/uploads\/2023\/10\/45898.jpg","contentUrl":"https:\/\/wpguerssen-test.odoo.rgbconsulting.com\/wp-content\/uploads\/2023\/10\/45898.jpg","width":960,"height":960},{"@type":"BreadcrumbList","@id":"https:\/\/wpguerssen-test.odoo.rgbconsulting.com\/es\/producto\/african-day\/#breadcrumb","itemListElement":[{"@type":"ListItem","position":1,"name":"Inicio","item":"https:\/\/wpguerssen-test.odoo.rgbconsulting.com\/es\/"},{"@type":"ListItem","position":2,"name":"Shop","item":"https:\/\/wpguerssen-test.odoo.rgbconsulting.com\/shop\/"},{"@type":"ListItem","position":3,"name":"African day"}]},{"@type":"WebSite","@id":"https:\/\/wpguerssen-test.odoo.rgbconsulting.com\/es\/#website","url":"https:\/\/wpguerssen-test.odoo.rgbconsulting.com\/es\/","name":"Guerssen records","description":"psychedelia - progressive - folk - garage ","publisher":{"@id":"https:\/\/wpguerssen-test.odoo.rgbconsulting.com\/es\/#organization"},"potentialAction":[{"@type":"SearchAction","target":{"@type":"EntryPoint","urlTemplate":"https:\/\/wpguerssen-test.odoo.rgbconsulting.com\/es\/?s={search_term_string}"},"query-input":{"@type":"PropertyValueSpecification","valueRequired":true,"valueName":"search_term_string"}}],"inLanguage":"es"},{"@type":"Organization","@id":"https:\/\/wpguerssen-test.odoo.rgbconsulting.com\/es\/#organization","name":"Guerssen records","url":"https:\/\/wpguerssen-test.odoo.rgbconsulting.com\/es\/","logo":{"@type":"ImageObject","inLanguage":"es","@id":"https:\/\/wpguerssen-test.odoo.rgbconsulting.com\/es\/#\/schema\/logo\/image\/","url":"https:\/\/wpguerssen-test.odoo.rgbconsulting.com\/wp-content\/uploads\/2022\/04\/Logo_Guerssen_trans_100.png","contentUrl":"https:\/\/wpguerssen-test.odoo.rgbconsulting.com\/wp-content\/uploads\/2022\/04\/Logo_Guerssen_trans_100.png","width":122,"height":100,"caption":"Guerssen records"},"image":{"@id":"https:\/\/wpguerssen-test.odoo.rgbconsulting.com\/es\/#\/schema\/logo\/image\/"}}]}},"_links":{"self":[{"href":"https:\/\/wpguerssen-test.odoo.rgbconsulting.com\/es\/wp-json\/wp\/v2\/product\/244596","targetHints":{"allow":["GET"]}}],"collection":[{"href":"https:\/\/wpguerssen-test.odoo.rgbconsulting.com\/es\/wp-json\/wp\/v2\/product"}],"about":[{"href":"https:\/\/wpguerssen-test.odoo.rgbconsulting.com\/es\/wp-json\/wp\/v2\/types\/product"}],"wp:featuredmedia":[{"embeddable":true,"href":"https:\/\/wpguerssen-test.odoo.rgbconsulting.com\/es\/wp-json\/wp\/v2\/media\/244549"}],"wp:attachment":[{"href":"https:\/\/wpguerssen-test.odoo.rgbconsulting.com\/es\/wp-json\/wp\/v2\/media?parent=244596"}],"wp:term":[{"taxonomy":"product_brand","embeddable":true,"href":"https:\/\/wpguerssen-test.odoo.rgbconsulting.com\/es\/wp-json\/wp\/v2\/product_brand?post=244596"},{"taxonomy":"product_cat","embeddable":true,"href":"https:\/\/wpguerssen-test.odoo.rgbconsulting.com\/es\/wp-json\/wp\/v2\/product_cat?post=244596"},{"taxonomy":"product_tag","embeddable":true,"href":"https:\/\/wpguerssen-test.odoo.rgbconsulting.com\/es\/wp-json\/wp\/v2\/product_tag?post=244596"}],"curies":[{"name":"wp","href":"https:\/\/api.w.org\/{rel}","templated":true}]}}