{"id":244601,"date":"2024-01-08T00:00:00","date_gmt":"2024-01-07T23:00:00","guid":{"rendered":"https:\/\/wpguerssen-test.odoo.rgbconsulting.com\/product\/sainte-anthonys-fyre\/"},"modified":"2025-04-22T15:53:53","modified_gmt":"2025-04-22T13:53:53","slug":"sainte-anthonys-fyre","status":"publish","type":"product","link":"https:\/\/wpguerssen-test.odoo.rgbconsulting.com\/es\/producto\/sainte-anthonys-fyre\/","title":{"rendered":"Sainte Anthony&#8217;s Fyre"},"content":{"rendered":"<p>Una bestia psicod\u00e9lica salvaje, ruidosa y cruda de Nueva Jersey que ha sido el objetivo favorito de coleccionistas de discos, comerciantes, contrabandistas y habitantes de pantanos durante las \u00faltimas dos d\u00e9cadas, lanzado originalmente en el sello Zonk. Guitarras resonantes, solos gritones, voces roncas, bater\u00edas y bajo contundentes.<br \/>\u00abEste \u00e1lbum sangra con ese aut\u00e9ntico sonido sucio de s\u00f3tano construido alrededor de un conjunto s\u00f3lido de heavy psych. \u00a1Pistas influenciadas por la sant\u00edsima trinidad de Cream, Blue Cheer y Jimi Hendrix! La biblia del psico rock underground, Acid Archives, dice esto sobre Fyre de Sainte Anthony: \u00abEsta legendario prensaje privado est\u00e1 considerada por muchos conocedores como una de las \u00faltimas explosiones locales de hard rock de s\u00f3tano. Lanzado ya en 1970, el resultado final tiene algunas similitudes con el sagrado Kick Out the Jams de MC5, pero creo que es un \u00e1lbum superior y m\u00e1s poderoso\u00bb.<br \/>El paquete Deluxe incluye un p\u00f3ster de 11&#215;17 y un encarte de tama\u00f1o completo con notas, recortes de prensa y letras.<br \/>Otra colaboraci\u00f3n de calidad entre Lion Productions y el sello Vintage\/Rockadrome. Limitado a 500 copias.<\/p>\n","protected":false},"excerpt":{"rendered":"<p>Una bestia psicod\u00e9lica salvaje, ruidosa y cruda de Nueva Jersey que ha sido el objetivo favorito de coleccionistas de discos, comerciantes, contrabandistas y habitantes<a class=\"read\" href=\"https:\/\/wpguerssen-test.odoo.rgbconsulting.com\/es\/producto\/sainte-anthonys-fyre\/\"> (...)<\/a>","protected":false},"featured_media":244564,"template":"","meta":{"_acf_changed":false},"product_brand":[],"product_cat":[21639,23224],"product_tag":[],"class_list":{"0":"post-244601","1":"product","2":"type-product","3":"status-publish","4":"has-post-thumbnail","6":"product_cat-psychedelic60s-70s-es","7":"product_cat-hard-rock-60s-70s-es","8":"pa_artist-sainte-anthonys-fyre-es","9":"pa_format-lp-es","10":"pa_gender-psychedelic60s-70s-hard-rock-60s-70s","11":"pa_label-lion-es","12":"pa_location-north-america-es","13":"pa_other-filters-vinyl-only-es","15":"first","16":"instock","17":"taxable","18":"shipping-taxable","19":"purchasable","20":"product-type-simple"},"acf":[],"yoast_head":"<!-- This site is optimized with the Yoast SEO plugin v24.9 - https:\/\/yoast.com\/wordpress\/plugins\/seo\/ -->\n<title>SAINTE ANTHONY&#039;S FYRE - Sainte Anthony&#039;s Fyre -  (LP) | Guerssen<\/title>\n<meta name=\"description\" content=\"A wild, loud, raw New Jersey hard psych beast that&#039;s been a favorite target of record collectors, dealers, bootleggers, and swamp dwellers for the past two decades, originally released on the Zonk! label. Chugging guitars, screaming solos, gruff shouted vocals, hard-hitting drums, and a thumping bass.Also described in this manner: &quot;Totally fu*ked up, messed up New Jersey hard psych monster that can&#039;t be bettered. Loud, wasted vocals, speedfreak riffing \/ soloing, bashing rhythm section, like a hayride to hell. To me, one of the all-time best albums if you like drugged-out 60s anarchic hard psych.&quot;Or like so: &quot;This album is bleeding with that authentic dirty basement sound built around a solid set of catchy heavy weight tracks influenced by the holy trinity of Cream, Blue Cheer and Jimi Hendrix! The bible of underground psych rock, Acid Archives, says this about Sainte Anthony&#039;s Fyre: &quot;This legendary private press is rated as one of the ultimate local basement hard rock blowouts by many connoisseurs. Released as early as 1970, the end result has some similarities to MC5&#039;s hallowed Kick Out the Jams, but I find this a superior and more powerful album.&quot; Popular UK magazine that majors in all things 60s and psychedelic, Shindig!, proclaims: &quot;a masterpiece of zonked out, fuzz-drenched hard rock.&quot; Deluxe package includes an 11x17 poster and full size insert with liner notes, press clippings and lyrics.Another quality collaboration between Lion Productions and the Vintage\/Rockadrome label. Limited to 500x copies -- only 250x copies for wholesale distribution.\" \/>\n<meta name=\"robots\" content=\"index, follow, max-snippet:-1, max-image-preview:large, max-video-preview:-1\" \/>\n<link rel=\"canonical\" href=\"https:\/\/wpguerssen-test.odoo.rgbconsulting.com\/es\/producto\/sainte-anthonys-fyre\/\" \/>\n<meta property=\"og:locale\" content=\"es_ES\" \/>\n<meta property=\"og:type\" content=\"article\" \/>\n<meta property=\"og:title\" content=\"SAINTE ANTHONY&#039;S FYRE - Sainte Anthony&#039;s Fyre -  (LP) | Guerssen\" \/>\n<meta property=\"og:description\" content=\"A wild, loud, raw New Jersey hard psych beast that&#039;s been a favorite target of record collectors, dealers, bootleggers, and swamp dwellers for the past two decades, originally released on the Zonk! label. Chugging guitars, screaming solos, gruff shouted vocals, hard-hitting drums, and a thumping bass.Also described in this manner: &quot;Totally fu*ked up, messed up New Jersey hard psych monster that can&#039;t be bettered. Loud, wasted vocals, speedfreak riffing \/ soloing, bashing rhythm section, like a hayride to hell. To me, one of the all-time best albums if you like drugged-out 60s anarchic hard psych.&quot;Or like so: &quot;This album is bleeding with that authentic dirty basement sound built around a solid set of catchy heavy weight tracks influenced by the holy trinity of Cream, Blue Cheer and Jimi Hendrix! The bible of underground psych rock, Acid Archives, says this about Sainte Anthony&#039;s Fyre: &quot;This legendary private press is rated as one of the ultimate local basement hard rock blowouts by many connoisseurs. Released as early as 1970, the end result has some similarities to MC5&#039;s hallowed Kick Out the Jams, but I find this a superior and more powerful album.&quot; Popular UK magazine that majors in all things 60s and psychedelic, Shindig!, proclaims: &quot;a masterpiece of zonked out, fuzz-drenched hard rock.&quot; Deluxe package includes an 11x17 poster and full size insert with liner notes, press clippings and lyrics.Another quality collaboration between Lion Productions and the Vintage\/Rockadrome label. Limited to 500x copies -- only 250x copies for wholesale distribution.\" \/>\n<meta property=\"og:url\" content=\"https:\/\/wpguerssen-test.odoo.rgbconsulting.com\/es\/producto\/sainte-anthonys-fyre\/\" \/>\n<meta property=\"og:site_name\" content=\"Guerssen records\" \/>\n<meta property=\"article:modified_time\" content=\"2025-04-22T13:53:53+00:00\" \/>\n<meta property=\"og:image\" content=\"https:\/\/wpguerssen-test.odoo.rgbconsulting.com\/wp-content\/uploads\/2023\/10\/45903.jpg\" \/>\n\t<meta property=\"og:image:width\" content=\"960\" \/>\n\t<meta property=\"og:image:height\" content=\"960\" \/>\n\t<meta property=\"og:image:type\" content=\"image\/jpeg\" \/>\n<meta name=\"twitter:card\" content=\"summary_large_image\" \/>\n<meta name=\"twitter:title\" content=\"SAINTE ANTHONY&#039;S FYRE - Sainte Anthony&#039;s Fyre -  (LP) | Guerssen\" \/>\n<meta name=\"twitter:label1\" content=\"Tiempo de lectura\" \/>\n\t<meta name=\"twitter:data1\" content=\"1 minuto\" \/>\n<script type=\"application\/ld+json\" class=\"yoast-schema-graph\">{\"@context\":\"https:\/\/schema.org\",\"@graph\":[{\"@type\":\"WebPage\",\"@id\":\"https:\/\/wpguerssen-test.odoo.rgbconsulting.com\/es\/producto\/sainte-anthonys-fyre\/\",\"url\":\"https:\/\/wpguerssen-test.odoo.rgbconsulting.com\/es\/producto\/sainte-anthonys-fyre\/\",\"name\":\"SAINTE ANTHONY'S FYRE - Sainte Anthony's Fyre - (LP) | Guerssen\",\"isPartOf\":{\"@id\":\"https:\/\/wpguerssen-test.odoo.rgbconsulting.com\/es\/#website\"},\"primaryImageOfPage\":{\"@id\":\"https:\/\/wpguerssen-test.odoo.rgbconsulting.com\/es\/producto\/sainte-anthonys-fyre\/#primaryimage\"},\"image\":{\"@id\":\"https:\/\/wpguerssen-test.odoo.rgbconsulting.com\/es\/producto\/sainte-anthonys-fyre\/#primaryimage\"},\"thumbnailUrl\":\"https:\/\/wpguerssen-test.odoo.rgbconsulting.com\/wp-content\/uploads\/2023\/10\/45903.jpg\",\"datePublished\":\"2024-01-07T23:00:00+00:00\",\"dateModified\":\"2025-04-22T13:53:53+00:00\",\"description\":\"A wild, loud, raw New Jersey hard psych beast that's been a favorite target of record collectors, dealers, bootleggers, and swamp dwellers for the past two decades, originally released on the Zonk! label. Chugging guitars, screaming solos, gruff shouted vocals, hard-hitting drums, and a thumping bass.Also described in this manner: \\\"Totally fu*ked up, messed up New Jersey hard psych monster that can't be bettered. Loud, wasted vocals, speedfreak riffing \/ soloing, bashing rhythm section, like a hayride to hell. To me, one of the all-time best albums if you like drugged-out 60s anarchic hard psych.\\\"Or like so: \\\"This album is bleeding with that authentic dirty basement sound built around a solid set of catchy heavy weight tracks influenced by the holy trinity of Cream, Blue Cheer and Jimi Hendrix! The bible of underground psych rock, Acid Archives, says this about Sainte Anthony's Fyre: \\\"This legendary private press is rated as one of the ultimate local basement hard rock blowouts by many connoisseurs. Released as early as 1970, the end result has some similarities to MC5's hallowed Kick Out the Jams, but I find this a superior and more powerful album.\\\" Popular UK magazine that majors in all things 60s and psychedelic, Shindig!, proclaims: \\\"a masterpiece of zonked out, fuzz-drenched hard rock.\\\" Deluxe package includes an 11x17 poster and full size insert with liner notes, press clippings and lyrics.Another quality collaboration between Lion Productions and the Vintage\/Rockadrome label. Limited to 500x copies -- only 250x copies for wholesale distribution.\",\"breadcrumb\":{\"@id\":\"https:\/\/wpguerssen-test.odoo.rgbconsulting.com\/es\/producto\/sainte-anthonys-fyre\/#breadcrumb\"},\"inLanguage\":\"es\",\"potentialAction\":[{\"@type\":\"ReadAction\",\"target\":[\"https:\/\/wpguerssen-test.odoo.rgbconsulting.com\/es\/producto\/sainte-anthonys-fyre\/\"]}]},{\"@type\":\"ImageObject\",\"inLanguage\":\"es\",\"@id\":\"https:\/\/wpguerssen-test.odoo.rgbconsulting.com\/es\/producto\/sainte-anthonys-fyre\/#primaryimage\",\"url\":\"https:\/\/wpguerssen-test.odoo.rgbconsulting.com\/wp-content\/uploads\/2023\/10\/45903.jpg\",\"contentUrl\":\"https:\/\/wpguerssen-test.odoo.rgbconsulting.com\/wp-content\/uploads\/2023\/10\/45903.jpg\",\"width\":960,\"height\":960},{\"@type\":\"BreadcrumbList\",\"@id\":\"https:\/\/wpguerssen-test.odoo.rgbconsulting.com\/es\/producto\/sainte-anthonys-fyre\/#breadcrumb\",\"itemListElement\":[{\"@type\":\"ListItem\",\"position\":1,\"name\":\"Inicio\",\"item\":\"https:\/\/wpguerssen-test.odoo.rgbconsulting.com\/es\/\"},{\"@type\":\"ListItem\",\"position\":2,\"name\":\"Shop\",\"item\":\"https:\/\/wpguerssen-test.odoo.rgbconsulting.com\/shop\/\"},{\"@type\":\"ListItem\",\"position\":3,\"name\":\"Sainte Anthony&#8217;s Fyre\"}]},{\"@type\":\"WebSite\",\"@id\":\"https:\/\/wpguerssen-test.odoo.rgbconsulting.com\/es\/#website\",\"url\":\"https:\/\/wpguerssen-test.odoo.rgbconsulting.com\/es\/\",\"name\":\"Guerssen records\",\"description\":\"psychedelia - progressive - folk - garage \",\"publisher\":{\"@id\":\"https:\/\/wpguerssen-test.odoo.rgbconsulting.com\/es\/#organization\"},\"potentialAction\":[{\"@type\":\"SearchAction\",\"target\":{\"@type\":\"EntryPoint\",\"urlTemplate\":\"https:\/\/wpguerssen-test.odoo.rgbconsulting.com\/es\/?s={search_term_string}\"},\"query-input\":{\"@type\":\"PropertyValueSpecification\",\"valueRequired\":true,\"valueName\":\"search_term_string\"}}],\"inLanguage\":\"es\"},{\"@type\":\"Organization\",\"@id\":\"https:\/\/wpguerssen-test.odoo.rgbconsulting.com\/es\/#organization\",\"name\":\"Guerssen records\",\"url\":\"https:\/\/wpguerssen-test.odoo.rgbconsulting.com\/es\/\",\"logo\":{\"@type\":\"ImageObject\",\"inLanguage\":\"es\",\"@id\":\"https:\/\/wpguerssen-test.odoo.rgbconsulting.com\/es\/#\/schema\/logo\/image\/\",\"url\":\"https:\/\/wpguerssen-test.odoo.rgbconsulting.com\/wp-content\/uploads\/2022\/04\/Logo_Guerssen_trans_100.png\",\"contentUrl\":\"https:\/\/wpguerssen-test.odoo.rgbconsulting.com\/wp-content\/uploads\/2022\/04\/Logo_Guerssen_trans_100.png\",\"width\":122,\"height\":100,\"caption\":\"Guerssen records\"},\"image\":{\"@id\":\"https:\/\/wpguerssen-test.odoo.rgbconsulting.com\/es\/#\/schema\/logo\/image\/\"}}]}<\/script>\n<!-- \/ Yoast SEO plugin. -->","yoast_head_json":{"title":"SAINTE ANTHONY'S FYRE - Sainte Anthony's Fyre -  (LP) | Guerssen","description":"A wild, loud, raw New Jersey hard psych beast that's been a favorite target of record collectors, dealers, bootleggers, and swamp dwellers for the past two decades, originally released on the Zonk! label. Chugging guitars, screaming solos, gruff shouted vocals, hard-hitting drums, and a thumping bass.Also described in this manner: \"Totally fu*ked up, messed up New Jersey hard psych monster that can't be bettered. Loud, wasted vocals, speedfreak riffing \/ soloing, bashing rhythm section, like a hayride to hell. To me, one of the all-time best albums if you like drugged-out 60s anarchic hard psych.\"Or like so: \"This album is bleeding with that authentic dirty basement sound built around a solid set of catchy heavy weight tracks influenced by the holy trinity of Cream, Blue Cheer and Jimi Hendrix! The bible of underground psych rock, Acid Archives, says this about Sainte Anthony's Fyre: \"This legendary private press is rated as one of the ultimate local basement hard rock blowouts by many connoisseurs. Released as early as 1970, the end result has some similarities to MC5's hallowed Kick Out the Jams, but I find this a superior and more powerful album.\" Popular UK magazine that majors in all things 60s and psychedelic, Shindig!, proclaims: \"a masterpiece of zonked out, fuzz-drenched hard rock.\" Deluxe package includes an 11x17 poster and full size insert with liner notes, press clippings and lyrics.Another quality collaboration between Lion Productions and the Vintage\/Rockadrome label. Limited to 500x copies -- only 250x copies for wholesale distribution.","robots":{"index":"index","follow":"follow","max-snippet":"max-snippet:-1","max-image-preview":"max-image-preview:large","max-video-preview":"max-video-preview:-1"},"canonical":"https:\/\/wpguerssen-test.odoo.rgbconsulting.com\/es\/producto\/sainte-anthonys-fyre\/","og_locale":"es_ES","og_type":"article","og_title":"SAINTE ANTHONY'S FYRE - Sainte Anthony's Fyre -  (LP) | Guerssen","og_description":"A wild, loud, raw New Jersey hard psych beast that's been a favorite target of record collectors, dealers, bootleggers, and swamp dwellers for the past two decades, originally released on the Zonk! label. Chugging guitars, screaming solos, gruff shouted vocals, hard-hitting drums, and a thumping bass.Also described in this manner: \"Totally fu*ked up, messed up New Jersey hard psych monster that can't be bettered. Loud, wasted vocals, speedfreak riffing \/ soloing, bashing rhythm section, like a hayride to hell. To me, one of the all-time best albums if you like drugged-out 60s anarchic hard psych.\"Or like so: \"This album is bleeding with that authentic dirty basement sound built around a solid set of catchy heavy weight tracks influenced by the holy trinity of Cream, Blue Cheer and Jimi Hendrix! The bible of underground psych rock, Acid Archives, says this about Sainte Anthony's Fyre: \"This legendary private press is rated as one of the ultimate local basement hard rock blowouts by many connoisseurs. Released as early as 1970, the end result has some similarities to MC5's hallowed Kick Out the Jams, but I find this a superior and more powerful album.\" Popular UK magazine that majors in all things 60s and psychedelic, Shindig!, proclaims: \"a masterpiece of zonked out, fuzz-drenched hard rock.\" Deluxe package includes an 11x17 poster and full size insert with liner notes, press clippings and lyrics.Another quality collaboration between Lion Productions and the Vintage\/Rockadrome label. Limited to 500x copies -- only 250x copies for wholesale distribution.","og_url":"https:\/\/wpguerssen-test.odoo.rgbconsulting.com\/es\/producto\/sainte-anthonys-fyre\/","og_site_name":"Guerssen records","article_modified_time":"2025-04-22T13:53:53+00:00","og_image":[{"width":960,"height":960,"url":"https:\/\/wpguerssen-test.odoo.rgbconsulting.com\/wp-content\/uploads\/2023\/10\/45903.jpg","type":"image\/jpeg"}],"twitter_card":"summary_large_image","twitter_title":"SAINTE ANTHONY'S FYRE - Sainte Anthony's Fyre -  (LP) | Guerssen","twitter_misc":{"Tiempo de lectura":"1 minuto"},"schema":{"@context":"https:\/\/schema.org","@graph":[{"@type":"WebPage","@id":"https:\/\/wpguerssen-test.odoo.rgbconsulting.com\/es\/producto\/sainte-anthonys-fyre\/","url":"https:\/\/wpguerssen-test.odoo.rgbconsulting.com\/es\/producto\/sainte-anthonys-fyre\/","name":"SAINTE ANTHONY'S FYRE - Sainte Anthony's Fyre - (LP) | Guerssen","isPartOf":{"@id":"https:\/\/wpguerssen-test.odoo.rgbconsulting.com\/es\/#website"},"primaryImageOfPage":{"@id":"https:\/\/wpguerssen-test.odoo.rgbconsulting.com\/es\/producto\/sainte-anthonys-fyre\/#primaryimage"},"image":{"@id":"https:\/\/wpguerssen-test.odoo.rgbconsulting.com\/es\/producto\/sainte-anthonys-fyre\/#primaryimage"},"thumbnailUrl":"https:\/\/wpguerssen-test.odoo.rgbconsulting.com\/wp-content\/uploads\/2023\/10\/45903.jpg","datePublished":"2024-01-07T23:00:00+00:00","dateModified":"2025-04-22T13:53:53+00:00","description":"A wild, loud, raw New Jersey hard psych beast that's been a favorite target of record collectors, dealers, bootleggers, and swamp dwellers for the past two decades, originally released on the Zonk! label. Chugging guitars, screaming solos, gruff shouted vocals, hard-hitting drums, and a thumping bass.Also described in this manner: \"Totally fu*ked up, messed up New Jersey hard psych monster that can't be bettered. Loud, wasted vocals, speedfreak riffing \/ soloing, bashing rhythm section, like a hayride to hell. To me, one of the all-time best albums if you like drugged-out 60s anarchic hard psych.\"Or like so: \"This album is bleeding with that authentic dirty basement sound built around a solid set of catchy heavy weight tracks influenced by the holy trinity of Cream, Blue Cheer and Jimi Hendrix! The bible of underground psych rock, Acid Archives, says this about Sainte Anthony's Fyre: \"This legendary private press is rated as one of the ultimate local basement hard rock blowouts by many connoisseurs. Released as early as 1970, the end result has some similarities to MC5's hallowed Kick Out the Jams, but I find this a superior and more powerful album.\" Popular UK magazine that majors in all things 60s and psychedelic, Shindig!, proclaims: \"a masterpiece of zonked out, fuzz-drenched hard rock.\" Deluxe package includes an 11x17 poster and full size insert with liner notes, press clippings and lyrics.Another quality collaboration between Lion Productions and the Vintage\/Rockadrome label. Limited to 500x copies -- only 250x copies for wholesale distribution.","breadcrumb":{"@id":"https:\/\/wpguerssen-test.odoo.rgbconsulting.com\/es\/producto\/sainte-anthonys-fyre\/#breadcrumb"},"inLanguage":"es","potentialAction":[{"@type":"ReadAction","target":["https:\/\/wpguerssen-test.odoo.rgbconsulting.com\/es\/producto\/sainte-anthonys-fyre\/"]}]},{"@type":"ImageObject","inLanguage":"es","@id":"https:\/\/wpguerssen-test.odoo.rgbconsulting.com\/es\/producto\/sainte-anthonys-fyre\/#primaryimage","url":"https:\/\/wpguerssen-test.odoo.rgbconsulting.com\/wp-content\/uploads\/2023\/10\/45903.jpg","contentUrl":"https:\/\/wpguerssen-test.odoo.rgbconsulting.com\/wp-content\/uploads\/2023\/10\/45903.jpg","width":960,"height":960},{"@type":"BreadcrumbList","@id":"https:\/\/wpguerssen-test.odoo.rgbconsulting.com\/es\/producto\/sainte-anthonys-fyre\/#breadcrumb","itemListElement":[{"@type":"ListItem","position":1,"name":"Inicio","item":"https:\/\/wpguerssen-test.odoo.rgbconsulting.com\/es\/"},{"@type":"ListItem","position":2,"name":"Shop","item":"https:\/\/wpguerssen-test.odoo.rgbconsulting.com\/shop\/"},{"@type":"ListItem","position":3,"name":"Sainte Anthony&#8217;s Fyre"}]},{"@type":"WebSite","@id":"https:\/\/wpguerssen-test.odoo.rgbconsulting.com\/es\/#website","url":"https:\/\/wpguerssen-test.odoo.rgbconsulting.com\/es\/","name":"Guerssen records","description":"psychedelia - progressive - folk - garage ","publisher":{"@id":"https:\/\/wpguerssen-test.odoo.rgbconsulting.com\/es\/#organization"},"potentialAction":[{"@type":"SearchAction","target":{"@type":"EntryPoint","urlTemplate":"https:\/\/wpguerssen-test.odoo.rgbconsulting.com\/es\/?s={search_term_string}"},"query-input":{"@type":"PropertyValueSpecification","valueRequired":true,"valueName":"search_term_string"}}],"inLanguage":"es"},{"@type":"Organization","@id":"https:\/\/wpguerssen-test.odoo.rgbconsulting.com\/es\/#organization","name":"Guerssen records","url":"https:\/\/wpguerssen-test.odoo.rgbconsulting.com\/es\/","logo":{"@type":"ImageObject","inLanguage":"es","@id":"https:\/\/wpguerssen-test.odoo.rgbconsulting.com\/es\/#\/schema\/logo\/image\/","url":"https:\/\/wpguerssen-test.odoo.rgbconsulting.com\/wp-content\/uploads\/2022\/04\/Logo_Guerssen_trans_100.png","contentUrl":"https:\/\/wpguerssen-test.odoo.rgbconsulting.com\/wp-content\/uploads\/2022\/04\/Logo_Guerssen_trans_100.png","width":122,"height":100,"caption":"Guerssen records"},"image":{"@id":"https:\/\/wpguerssen-test.odoo.rgbconsulting.com\/es\/#\/schema\/logo\/image\/"}}]}},"_links":{"self":[{"href":"https:\/\/wpguerssen-test.odoo.rgbconsulting.com\/es\/wp-json\/wp\/v2\/product\/244601","targetHints":{"allow":["GET"]}}],"collection":[{"href":"https:\/\/wpguerssen-test.odoo.rgbconsulting.com\/es\/wp-json\/wp\/v2\/product"}],"about":[{"href":"https:\/\/wpguerssen-test.odoo.rgbconsulting.com\/es\/wp-json\/wp\/v2\/types\/product"}],"wp:featuredmedia":[{"embeddable":true,"href":"https:\/\/wpguerssen-test.odoo.rgbconsulting.com\/es\/wp-json\/wp\/v2\/media\/244564"}],"wp:attachment":[{"href":"https:\/\/wpguerssen-test.odoo.rgbconsulting.com\/es\/wp-json\/wp\/v2\/media?parent=244601"}],"wp:term":[{"taxonomy":"product_brand","embeddable":true,"href":"https:\/\/wpguerssen-test.odoo.rgbconsulting.com\/es\/wp-json\/wp\/v2\/product_brand?post=244601"},{"taxonomy":"product_cat","embeddable":true,"href":"https:\/\/wpguerssen-test.odoo.rgbconsulting.com\/es\/wp-json\/wp\/v2\/product_cat?post=244601"},{"taxonomy":"product_tag","embeddable":true,"href":"https:\/\/wpguerssen-test.odoo.rgbconsulting.com\/es\/wp-json\/wp\/v2\/product_tag?post=244601"}],"curies":[{"name":"wp","href":"https:\/\/api.w.org\/{rel}","templated":true}]}}