{"id":244757,"date":"2025-03-27T00:00:00","date_gmt":"2025-03-26T23:00:00","guid":{"rendered":"https:\/\/wpguerssen-test.odoo.rgbconsulting.com\/product\/tentacles-of-whorror-white-red-splatter\/"},"modified":"2025-03-27T18:31:17","modified_gmt":"2025-03-27T17:31:17","slug":"tentacles-of-whorror-white-red-splatter","status":"publish","type":"product","link":"https:\/\/wpguerssen-test.odoo.rgbconsulting.com\/es\/producto\/tentacles-of-whorror-white-red-splatter\/","title":{"rendered":"Tentacles of Whorror (White\/Red Splatter)"},"content":{"rendered":"<p>\u00a1\u00a1\u00a1EDICI\u00d3N DE VINILO DE LUJO!!!<br \/>\u00abTentacles of Whorror\u00bb es el segundo \u00e1lbum de larga duraci\u00f3n del grupo unipersonal de black metal Leviathan, lanzado originalmente en 2004. Despu\u00e9s de a\u00f1os de estar en un infierno suicida, Wrest (El hombre detr\u00e1s de Leviathan) , se centra en lo que queda de una psique destrozada. El camino de la demencia conduce directamente a \u00abTentacles of Whorror\u00bb. La pura ira y rabia de \u00abEl d\u00e9cimo subnivel del suicidio\u00bb ahora se lleva en una direcci\u00f3n diferente; las emociones mencionadas siguen presentes, pero el arte creado aqu\u00ed es producto de un loco; un psic\u00f3pata que ahora da la impresi\u00f3n de que estas emociones ya no solo causan dolor sino que tambi\u00e9n le dan a Wrest una especie de satisfacci\u00f3n. El dolor ahora es igual al placer; de una manera que hace que GG Allin parezca infantil.<\/p>\n","protected":false},"excerpt":{"rendered":"<p>\u00a1\u00a1\u00a1EDICI\u00d3N DE VINILO DE LUJO!!!<br \/>\u00abTentacles of Whorror\u00bb es el segundo \u00e1lbum de larga duraci\u00f3n del grupo unipersonal de black metal Leviathan, lanzado originalmente<a class=\"read\" href=\"https:\/\/wpguerssen-test.odoo.rgbconsulting.com\/es\/producto\/tentacles-of-whorror-white-red-splatter\/\"> (...)<\/a>","protected":false},"featured_media":244668,"template":"","meta":{"_acf_changed":false},"product_brand":[],"product_cat":[23233],"product_tag":[29140,24189],"class_list":{"0":"post-244757","1":"product","2":"type-product","3":"status-publish","4":"has-post-thumbnail","6":"product_cat-metal-es","7":"product_tag-color-vinyl-es","8":"product_tag-recien-llegadas","9":"pa_artist-leviathan","10":"pa_format-2lp-es","11":"pa_gender-metal","12":"pa_label-moribund-records","13":"pa_location-north-america-es","14":"pa_other-filters-vinyl-only-es","16":"first","17":"instock","18":"taxable","19":"shipping-taxable","20":"purchasable","21":"product-type-simple"},"acf":[],"yoast_head":"<!-- This site is optimized with the Yoast SEO plugin v24.9 - https:\/\/yoast.com\/wordpress\/plugins\/seo\/ -->\n<title>LEVIATHAN - Tentacles of Whorror (White\/Red Splatter) -  (2LP) | Guerssen<\/title>\n<meta name=\"description\" content=\"DELUXE VINYL EDITION!!!&quot;Tentacles of Whorror&quot; is the second full-length album by one-man black metal act Leviathan, originally released in 2004. After years of standing in suicidal hell, Wrest (The man behind Leviathan), focuses on what remains of a shattered psyche; the road of dementia leads straight to &quot;Tentacles of Whorror&quot;. The pure anger and rage of &quot;The Tenth Sub Level of Suicide&quot; is now taken in a different direction; the emotions mentioned are still present, but the created art here is the product of a madman; a psycho that now gives the impression that these emotions no longer just cause pain but also give Wrest a satisfaction of sorts. Pain now equals pleasure; in a way that makes GG Allin seem childish.\" \/>\n<meta name=\"robots\" content=\"index, follow, max-snippet:-1, max-image-preview:large, max-video-preview:-1\" \/>\n<link rel=\"canonical\" href=\"https:\/\/wpguerssen-test.odoo.rgbconsulting.com\/es\/producto\/tentacles-of-whorror-white-red-splatter\/\" \/>\n<meta property=\"og:locale\" content=\"es_ES\" \/>\n<meta property=\"og:type\" content=\"article\" \/>\n<meta property=\"og:title\" content=\"LEVIATHAN - Tentacles of Whorror (White\/Red Splatter) -  (2LP) | Guerssen\" \/>\n<meta property=\"og:description\" content=\"DELUXE VINYL EDITION!!!&quot;Tentacles of Whorror&quot; is the second full-length album by one-man black metal act Leviathan, originally released in 2004. After years of standing in suicidal hell, Wrest (The man behind Leviathan), focuses on what remains of a shattered psyche; the road of dementia leads straight to &quot;Tentacles of Whorror&quot;. The pure anger and rage of &quot;The Tenth Sub Level of Suicide&quot; is now taken in a different direction; the emotions mentioned are still present, but the created art here is the product of a madman; a psycho that now gives the impression that these emotions no longer just cause pain but also give Wrest a satisfaction of sorts. Pain now equals pleasure; in a way that makes GG Allin seem childish.\" \/>\n<meta property=\"og:url\" content=\"https:\/\/wpguerssen-test.odoo.rgbconsulting.com\/es\/producto\/tentacles-of-whorror-white-red-splatter\/\" \/>\n<meta property=\"og:site_name\" content=\"Guerssen records\" \/>\n<meta property=\"article:modified_time\" content=\"2025-03-27T17:31:17+00:00\" \/>\n<meta property=\"og:image\" content=\"https:\/\/wpguerssen-test.odoo.rgbconsulting.com\/wp-content\/uploads\/2023\/11\/45915.jpg\" \/>\n\t<meta property=\"og:image:width\" content=\"2315\" \/>\n\t<meta property=\"og:image:height\" content=\"1324\" \/>\n\t<meta property=\"og:image:type\" content=\"image\/jpeg\" \/>\n<meta name=\"twitter:card\" content=\"summary_large_image\" \/>\n<meta name=\"twitter:title\" content=\"LEVIATHAN - Tentacles of Whorror (White\/Red Splatter) -  (2LP) | Guerssen\" \/>\n<meta name=\"twitter:label1\" content=\"Tiempo de lectura\" \/>\n\t<meta name=\"twitter:data1\" content=\"1 minuto\" \/>\n<script type=\"application\/ld+json\" class=\"yoast-schema-graph\">{\"@context\":\"https:\/\/schema.org\",\"@graph\":[{\"@type\":\"WebPage\",\"@id\":\"https:\/\/wpguerssen-test.odoo.rgbconsulting.com\/es\/producto\/tentacles-of-whorror-white-red-splatter\/\",\"url\":\"https:\/\/wpguerssen-test.odoo.rgbconsulting.com\/es\/producto\/tentacles-of-whorror-white-red-splatter\/\",\"name\":\"LEVIATHAN - Tentacles of Whorror (White\/Red Splatter) - (2LP) | Guerssen\",\"isPartOf\":{\"@id\":\"https:\/\/wpguerssen-test.odoo.rgbconsulting.com\/es\/#website\"},\"primaryImageOfPage\":{\"@id\":\"https:\/\/wpguerssen-test.odoo.rgbconsulting.com\/es\/producto\/tentacles-of-whorror-white-red-splatter\/#primaryimage\"},\"image\":{\"@id\":\"https:\/\/wpguerssen-test.odoo.rgbconsulting.com\/es\/producto\/tentacles-of-whorror-white-red-splatter\/#primaryimage\"},\"thumbnailUrl\":\"https:\/\/wpguerssen-test.odoo.rgbconsulting.com\/wp-content\/uploads\/2023\/11\/45915.jpg\",\"datePublished\":\"2025-03-26T23:00:00+00:00\",\"dateModified\":\"2025-03-27T17:31:17+00:00\",\"description\":\"DELUXE VINYL EDITION!!!\\\"Tentacles of Whorror\\\" is the second full-length album by one-man black metal act Leviathan, originally released in 2004. After years of standing in suicidal hell, Wrest (The man behind Leviathan), focuses on what remains of a shattered psyche; the road of dementia leads straight to \\\"Tentacles of Whorror\\\". The pure anger and rage of \\\"The Tenth Sub Level of Suicide\\\" is now taken in a different direction; the emotions mentioned are still present, but the created art here is the product of a madman; a psycho that now gives the impression that these emotions no longer just cause pain but also give Wrest a satisfaction of sorts. Pain now equals pleasure; in a way that makes GG Allin seem childish.\",\"breadcrumb\":{\"@id\":\"https:\/\/wpguerssen-test.odoo.rgbconsulting.com\/es\/producto\/tentacles-of-whorror-white-red-splatter\/#breadcrumb\"},\"inLanguage\":\"es\",\"potentialAction\":[{\"@type\":\"ReadAction\",\"target\":[\"https:\/\/wpguerssen-test.odoo.rgbconsulting.com\/es\/producto\/tentacles-of-whorror-white-red-splatter\/\"]}]},{\"@type\":\"ImageObject\",\"inLanguage\":\"es\",\"@id\":\"https:\/\/wpguerssen-test.odoo.rgbconsulting.com\/es\/producto\/tentacles-of-whorror-white-red-splatter\/#primaryimage\",\"url\":\"https:\/\/wpguerssen-test.odoo.rgbconsulting.com\/wp-content\/uploads\/2023\/11\/45915.jpg\",\"contentUrl\":\"https:\/\/wpguerssen-test.odoo.rgbconsulting.com\/wp-content\/uploads\/2023\/11\/45915.jpg\",\"width\":2315,\"height\":1324},{\"@type\":\"BreadcrumbList\",\"@id\":\"https:\/\/wpguerssen-test.odoo.rgbconsulting.com\/es\/producto\/tentacles-of-whorror-white-red-splatter\/#breadcrumb\",\"itemListElement\":[{\"@type\":\"ListItem\",\"position\":1,\"name\":\"Inicio\",\"item\":\"https:\/\/wpguerssen-test.odoo.rgbconsulting.com\/es\/\"},{\"@type\":\"ListItem\",\"position\":2,\"name\":\"Shop\",\"item\":\"https:\/\/wpguerssen-test.odoo.rgbconsulting.com\/shop\/\"},{\"@type\":\"ListItem\",\"position\":3,\"name\":\"Tentacles of Whorror (White\/Red Splatter)\"}]},{\"@type\":\"WebSite\",\"@id\":\"https:\/\/wpguerssen-test.odoo.rgbconsulting.com\/es\/#website\",\"url\":\"https:\/\/wpguerssen-test.odoo.rgbconsulting.com\/es\/\",\"name\":\"Guerssen records\",\"description\":\"psychedelia - progressive - folk - garage \",\"publisher\":{\"@id\":\"https:\/\/wpguerssen-test.odoo.rgbconsulting.com\/es\/#organization\"},\"potentialAction\":[{\"@type\":\"SearchAction\",\"target\":{\"@type\":\"EntryPoint\",\"urlTemplate\":\"https:\/\/wpguerssen-test.odoo.rgbconsulting.com\/es\/?s={search_term_string}\"},\"query-input\":{\"@type\":\"PropertyValueSpecification\",\"valueRequired\":true,\"valueName\":\"search_term_string\"}}],\"inLanguage\":\"es\"},{\"@type\":\"Organization\",\"@id\":\"https:\/\/wpguerssen-test.odoo.rgbconsulting.com\/es\/#organization\",\"name\":\"Guerssen records\",\"url\":\"https:\/\/wpguerssen-test.odoo.rgbconsulting.com\/es\/\",\"logo\":{\"@type\":\"ImageObject\",\"inLanguage\":\"es\",\"@id\":\"https:\/\/wpguerssen-test.odoo.rgbconsulting.com\/es\/#\/schema\/logo\/image\/\",\"url\":\"https:\/\/wpguerssen-test.odoo.rgbconsulting.com\/wp-content\/uploads\/2022\/04\/Logo_Guerssen_trans_100.png\",\"contentUrl\":\"https:\/\/wpguerssen-test.odoo.rgbconsulting.com\/wp-content\/uploads\/2022\/04\/Logo_Guerssen_trans_100.png\",\"width\":122,\"height\":100,\"caption\":\"Guerssen records\"},\"image\":{\"@id\":\"https:\/\/wpguerssen-test.odoo.rgbconsulting.com\/es\/#\/schema\/logo\/image\/\"}}]}<\/script>\n<!-- \/ Yoast SEO plugin. -->","yoast_head_json":{"title":"LEVIATHAN - Tentacles of Whorror (White\/Red Splatter) -  (2LP) | Guerssen","description":"DELUXE VINYL EDITION!!!\"Tentacles of Whorror\" is the second full-length album by one-man black metal act Leviathan, originally released in 2004. After years of standing in suicidal hell, Wrest (The man behind Leviathan), focuses on what remains of a shattered psyche; the road of dementia leads straight to \"Tentacles of Whorror\". The pure anger and rage of \"The Tenth Sub Level of Suicide\" is now taken in a different direction; the emotions mentioned are still present, but the created art here is the product of a madman; a psycho that now gives the impression that these emotions no longer just cause pain but also give Wrest a satisfaction of sorts. Pain now equals pleasure; in a way that makes GG Allin seem childish.","robots":{"index":"index","follow":"follow","max-snippet":"max-snippet:-1","max-image-preview":"max-image-preview:large","max-video-preview":"max-video-preview:-1"},"canonical":"https:\/\/wpguerssen-test.odoo.rgbconsulting.com\/es\/producto\/tentacles-of-whorror-white-red-splatter\/","og_locale":"es_ES","og_type":"article","og_title":"LEVIATHAN - Tentacles of Whorror (White\/Red Splatter) -  (2LP) | Guerssen","og_description":"DELUXE VINYL EDITION!!!\"Tentacles of Whorror\" is the second full-length album by one-man black metal act Leviathan, originally released in 2004. After years of standing in suicidal hell, Wrest (The man behind Leviathan), focuses on what remains of a shattered psyche; the road of dementia leads straight to \"Tentacles of Whorror\". The pure anger and rage of \"The Tenth Sub Level of Suicide\" is now taken in a different direction; the emotions mentioned are still present, but the created art here is the product of a madman; a psycho that now gives the impression that these emotions no longer just cause pain but also give Wrest a satisfaction of sorts. Pain now equals pleasure; in a way that makes GG Allin seem childish.","og_url":"https:\/\/wpguerssen-test.odoo.rgbconsulting.com\/es\/producto\/tentacles-of-whorror-white-red-splatter\/","og_site_name":"Guerssen records","article_modified_time":"2025-03-27T17:31:17+00:00","og_image":[{"width":2315,"height":1324,"url":"https:\/\/wpguerssen-test.odoo.rgbconsulting.com\/wp-content\/uploads\/2023\/11\/45915.jpg","type":"image\/jpeg"}],"twitter_card":"summary_large_image","twitter_title":"LEVIATHAN - Tentacles of Whorror (White\/Red Splatter) -  (2LP) | Guerssen","twitter_misc":{"Tiempo de lectura":"1 minuto"},"schema":{"@context":"https:\/\/schema.org","@graph":[{"@type":"WebPage","@id":"https:\/\/wpguerssen-test.odoo.rgbconsulting.com\/es\/producto\/tentacles-of-whorror-white-red-splatter\/","url":"https:\/\/wpguerssen-test.odoo.rgbconsulting.com\/es\/producto\/tentacles-of-whorror-white-red-splatter\/","name":"LEVIATHAN - Tentacles of Whorror (White\/Red Splatter) - (2LP) | Guerssen","isPartOf":{"@id":"https:\/\/wpguerssen-test.odoo.rgbconsulting.com\/es\/#website"},"primaryImageOfPage":{"@id":"https:\/\/wpguerssen-test.odoo.rgbconsulting.com\/es\/producto\/tentacles-of-whorror-white-red-splatter\/#primaryimage"},"image":{"@id":"https:\/\/wpguerssen-test.odoo.rgbconsulting.com\/es\/producto\/tentacles-of-whorror-white-red-splatter\/#primaryimage"},"thumbnailUrl":"https:\/\/wpguerssen-test.odoo.rgbconsulting.com\/wp-content\/uploads\/2023\/11\/45915.jpg","datePublished":"2025-03-26T23:00:00+00:00","dateModified":"2025-03-27T17:31:17+00:00","description":"DELUXE VINYL EDITION!!!\"Tentacles of Whorror\" is the second full-length album by one-man black metal act Leviathan, originally released in 2004. After years of standing in suicidal hell, Wrest (The man behind Leviathan), focuses on what remains of a shattered psyche; the road of dementia leads straight to \"Tentacles of Whorror\". The pure anger and rage of \"The Tenth Sub Level of Suicide\" is now taken in a different direction; the emotions mentioned are still present, but the created art here is the product of a madman; a psycho that now gives the impression that these emotions no longer just cause pain but also give Wrest a satisfaction of sorts. Pain now equals pleasure; in a way that makes GG Allin seem childish.","breadcrumb":{"@id":"https:\/\/wpguerssen-test.odoo.rgbconsulting.com\/es\/producto\/tentacles-of-whorror-white-red-splatter\/#breadcrumb"},"inLanguage":"es","potentialAction":[{"@type":"ReadAction","target":["https:\/\/wpguerssen-test.odoo.rgbconsulting.com\/es\/producto\/tentacles-of-whorror-white-red-splatter\/"]}]},{"@type":"ImageObject","inLanguage":"es","@id":"https:\/\/wpguerssen-test.odoo.rgbconsulting.com\/es\/producto\/tentacles-of-whorror-white-red-splatter\/#primaryimage","url":"https:\/\/wpguerssen-test.odoo.rgbconsulting.com\/wp-content\/uploads\/2023\/11\/45915.jpg","contentUrl":"https:\/\/wpguerssen-test.odoo.rgbconsulting.com\/wp-content\/uploads\/2023\/11\/45915.jpg","width":2315,"height":1324},{"@type":"BreadcrumbList","@id":"https:\/\/wpguerssen-test.odoo.rgbconsulting.com\/es\/producto\/tentacles-of-whorror-white-red-splatter\/#breadcrumb","itemListElement":[{"@type":"ListItem","position":1,"name":"Inicio","item":"https:\/\/wpguerssen-test.odoo.rgbconsulting.com\/es\/"},{"@type":"ListItem","position":2,"name":"Shop","item":"https:\/\/wpguerssen-test.odoo.rgbconsulting.com\/shop\/"},{"@type":"ListItem","position":3,"name":"Tentacles of Whorror (White\/Red Splatter)"}]},{"@type":"WebSite","@id":"https:\/\/wpguerssen-test.odoo.rgbconsulting.com\/es\/#website","url":"https:\/\/wpguerssen-test.odoo.rgbconsulting.com\/es\/","name":"Guerssen records","description":"psychedelia - progressive - folk - garage ","publisher":{"@id":"https:\/\/wpguerssen-test.odoo.rgbconsulting.com\/es\/#organization"},"potentialAction":[{"@type":"SearchAction","target":{"@type":"EntryPoint","urlTemplate":"https:\/\/wpguerssen-test.odoo.rgbconsulting.com\/es\/?s={search_term_string}"},"query-input":{"@type":"PropertyValueSpecification","valueRequired":true,"valueName":"search_term_string"}}],"inLanguage":"es"},{"@type":"Organization","@id":"https:\/\/wpguerssen-test.odoo.rgbconsulting.com\/es\/#organization","name":"Guerssen records","url":"https:\/\/wpguerssen-test.odoo.rgbconsulting.com\/es\/","logo":{"@type":"ImageObject","inLanguage":"es","@id":"https:\/\/wpguerssen-test.odoo.rgbconsulting.com\/es\/#\/schema\/logo\/image\/","url":"https:\/\/wpguerssen-test.odoo.rgbconsulting.com\/wp-content\/uploads\/2022\/04\/Logo_Guerssen_trans_100.png","contentUrl":"https:\/\/wpguerssen-test.odoo.rgbconsulting.com\/wp-content\/uploads\/2022\/04\/Logo_Guerssen_trans_100.png","width":122,"height":100,"caption":"Guerssen records"},"image":{"@id":"https:\/\/wpguerssen-test.odoo.rgbconsulting.com\/es\/#\/schema\/logo\/image\/"}}]}},"_links":{"self":[{"href":"https:\/\/wpguerssen-test.odoo.rgbconsulting.com\/es\/wp-json\/wp\/v2\/product\/244757","targetHints":{"allow":["GET"]}}],"collection":[{"href":"https:\/\/wpguerssen-test.odoo.rgbconsulting.com\/es\/wp-json\/wp\/v2\/product"}],"about":[{"href":"https:\/\/wpguerssen-test.odoo.rgbconsulting.com\/es\/wp-json\/wp\/v2\/types\/product"}],"wp:featuredmedia":[{"embeddable":true,"href":"https:\/\/wpguerssen-test.odoo.rgbconsulting.com\/es\/wp-json\/wp\/v2\/media\/244668"}],"wp:attachment":[{"href":"https:\/\/wpguerssen-test.odoo.rgbconsulting.com\/es\/wp-json\/wp\/v2\/media?parent=244757"}],"wp:term":[{"taxonomy":"product_brand","embeddable":true,"href":"https:\/\/wpguerssen-test.odoo.rgbconsulting.com\/es\/wp-json\/wp\/v2\/product_brand?post=244757"},{"taxonomy":"product_cat","embeddable":true,"href":"https:\/\/wpguerssen-test.odoo.rgbconsulting.com\/es\/wp-json\/wp\/v2\/product_cat?post=244757"},{"taxonomy":"product_tag","embeddable":true,"href":"https:\/\/wpguerssen-test.odoo.rgbconsulting.com\/es\/wp-json\/wp\/v2\/product_tag?post=244757"}],"curies":[{"name":"wp","href":"https:\/\/api.w.org\/{rel}","templated":true}]}}