{"id":244779,"date":"2023-06-28T00:00:00","date_gmt":"2023-06-27T22:00:00","guid":{"rendered":"https:\/\/wpguerssen-test.odoo.rgbconsulting.com\/product\/in-the-breeze-blue\/"},"modified":"2025-04-24T09:33:24","modified_gmt":"2025-04-24T07:33:24","slug":"in-the-breeze","status":"publish","type":"product","link":"https:\/\/wpguerssen-test.odoo.rgbconsulting.com\/es\/producto\/in-the-breeze\/","title":{"rendered":"In The Breeze"},"content":{"rendered":"<p>Una reedici\u00f3n m\u00e1s que bienvenida de la ic\u00f3nica banda de post-punk procedente de Watford. El \u00e1lbum presenta una colecci\u00f3n de grabaciones in\u00e9ditas, en su mayor\u00eda concebidas entre 1981 y 1983, y es el complemento perfecto para sus dos obras maestras de estudio: \u00abEpic Garden Music\u00bb y \u00abFeeding The Flames\u00bb.<\/p>\n","protected":false},"excerpt":{"rendered":"<p>Una reedici\u00f3n m\u00e1s que bienvenida de la ic\u00f3nica banda de post-punk procedente de Watford. El \u00e1lbum presenta una colecci\u00f3n de grabaciones in\u00e9ditas, en su mayor\u00eda<a class=\"read\" href=\"https:\/\/wpguerssen-test.odoo.rgbconsulting.com\/es\/producto\/in-the-breeze\/\"> (...)<\/a>","protected":false},"featured_media":244716,"template":"","meta":{"_acf_changed":false},"product_brand":[],"product_cat":[23235,23222],"product_tag":[],"class_list":{"0":"post-244779","1":"product","2":"type-product","3":"status-publish","4":"has-post-thumbnail","6":"product_cat-post-punk-es","7":"product_cat-goth-darkwave-minima-es","8":"pa_artist-sad-lovers-giants","9":"pa_format-lp-es","10":"pa_gender-post-punk-goth-darkwave-minima","11":"pa_label-lantern-rec-es","12":"pa_location-uk-ireland-es","13":"pa_other-filters-vinyl-only-es","15":"first","16":"instock","17":"taxable","18":"shipping-taxable","19":"purchasable","20":"product-type-simple"},"acf":[],"yoast_head":"<!-- This site is optimized with the Yoast SEO plugin v24.9 - https:\/\/yoast.com\/wordpress\/plugins\/seo\/ -->\n<title>SAD LOVERS &amp; GIANTS - In The Breeze -  (LP) | Guerssen<\/title>\n<meta name=\"description\" content=\"A more than welcomed re-issue for the iconic post-punk band coming all the way from Watford. The album showcase a collection of unreleased recordings - mostly conceived between 1981 and 1983 - and it is a right companion to their two studio masterpiece: &quot;Epic Garden Music&quot; and &quot;Feeding The Flames&quot;.\" \/>\n<meta name=\"robots\" content=\"index, follow, max-snippet:-1, max-image-preview:large, max-video-preview:-1\" \/>\n<link rel=\"canonical\" href=\"https:\/\/wpguerssen-test.odoo.rgbconsulting.com\/es\/producto\/in-the-breeze\/\" \/>\n<meta property=\"og:locale\" content=\"es_ES\" \/>\n<meta property=\"og:type\" content=\"article\" \/>\n<meta property=\"og:title\" content=\"SAD LOVERS &amp; GIANTS - In The Breeze -  (LP) | Guerssen\" \/>\n<meta property=\"og:description\" content=\"A more than welcomed re-issue for the iconic post-punk band coming all the way from Watford. The album showcase a collection of unreleased recordings - mostly conceived between 1981 and 1983 - and it is a right companion to their two studio masterpiece: &quot;Epic Garden Music&quot; and &quot;Feeding The Flames&quot;.\" \/>\n<meta property=\"og:url\" content=\"https:\/\/wpguerssen-test.odoo.rgbconsulting.com\/es\/producto\/in-the-breeze\/\" \/>\n<meta property=\"og:site_name\" content=\"Guerssen records\" \/>\n<meta property=\"article:modified_time\" content=\"2025-04-24T07:33:24+00:00\" \/>\n<meta property=\"og:image\" content=\"https:\/\/wpguerssen-test.odoo.rgbconsulting.com\/wp-content\/uploads\/2023\/11\/45938.jpg\" \/>\n\t<meta property=\"og:image:width\" content=\"1080\" \/>\n\t<meta property=\"og:image:height\" content=\"1080\" \/>\n\t<meta property=\"og:image:type\" content=\"image\/jpeg\" \/>\n<meta name=\"twitter:card\" content=\"summary_large_image\" \/>\n<meta name=\"twitter:title\" content=\"SAD LOVERS &amp; GIANTS - In The Breeze -  (LP) | Guerssen\" \/>\n<script type=\"application\/ld+json\" class=\"yoast-schema-graph\">{\"@context\":\"https:\/\/schema.org\",\"@graph\":[{\"@type\":\"WebPage\",\"@id\":\"https:\/\/wpguerssen-test.odoo.rgbconsulting.com\/es\/producto\/in-the-breeze\/\",\"url\":\"https:\/\/wpguerssen-test.odoo.rgbconsulting.com\/es\/producto\/in-the-breeze\/\",\"name\":\"SAD LOVERS & GIANTS - In The Breeze - (LP) | Guerssen\",\"isPartOf\":{\"@id\":\"https:\/\/wpguerssen-test.odoo.rgbconsulting.com\/es\/#website\"},\"primaryImageOfPage\":{\"@id\":\"https:\/\/wpguerssen-test.odoo.rgbconsulting.com\/es\/producto\/in-the-breeze\/#primaryimage\"},\"image\":{\"@id\":\"https:\/\/wpguerssen-test.odoo.rgbconsulting.com\/es\/producto\/in-the-breeze\/#primaryimage\"},\"thumbnailUrl\":\"https:\/\/wpguerssen-test.odoo.rgbconsulting.com\/wp-content\/uploads\/2023\/11\/45938.jpg\",\"datePublished\":\"2023-06-27T22:00:00+00:00\",\"dateModified\":\"2025-04-24T07:33:24+00:00\",\"description\":\"A more than welcomed re-issue for the iconic post-punk band coming all the way from Watford. The album showcase a collection of unreleased recordings - mostly conceived between 1981 and 1983 - and it is a right companion to their two studio masterpiece: \\\"Epic Garden Music\\\" and \\\"Feeding The Flames\\\".\",\"breadcrumb\":{\"@id\":\"https:\/\/wpguerssen-test.odoo.rgbconsulting.com\/es\/producto\/in-the-breeze\/#breadcrumb\"},\"inLanguage\":\"es\",\"potentialAction\":[{\"@type\":\"ReadAction\",\"target\":[\"https:\/\/wpguerssen-test.odoo.rgbconsulting.com\/es\/producto\/in-the-breeze\/\"]}]},{\"@type\":\"ImageObject\",\"inLanguage\":\"es\",\"@id\":\"https:\/\/wpguerssen-test.odoo.rgbconsulting.com\/es\/producto\/in-the-breeze\/#primaryimage\",\"url\":\"https:\/\/wpguerssen-test.odoo.rgbconsulting.com\/wp-content\/uploads\/2023\/11\/45938.jpg\",\"contentUrl\":\"https:\/\/wpguerssen-test.odoo.rgbconsulting.com\/wp-content\/uploads\/2023\/11\/45938.jpg\",\"width\":1080,\"height\":1080},{\"@type\":\"BreadcrumbList\",\"@id\":\"https:\/\/wpguerssen-test.odoo.rgbconsulting.com\/es\/producto\/in-the-breeze\/#breadcrumb\",\"itemListElement\":[{\"@type\":\"ListItem\",\"position\":1,\"name\":\"Inicio\",\"item\":\"https:\/\/wpguerssen-test.odoo.rgbconsulting.com\/es\/\"},{\"@type\":\"ListItem\",\"position\":2,\"name\":\"Shop\",\"item\":\"https:\/\/wpguerssen-test.odoo.rgbconsulting.com\/shop\/\"},{\"@type\":\"ListItem\",\"position\":3,\"name\":\"In The Breeze\"}]},{\"@type\":\"WebSite\",\"@id\":\"https:\/\/wpguerssen-test.odoo.rgbconsulting.com\/es\/#website\",\"url\":\"https:\/\/wpguerssen-test.odoo.rgbconsulting.com\/es\/\",\"name\":\"Guerssen records\",\"description\":\"psychedelia - progressive - folk - garage \",\"publisher\":{\"@id\":\"https:\/\/wpguerssen-test.odoo.rgbconsulting.com\/es\/#organization\"},\"potentialAction\":[{\"@type\":\"SearchAction\",\"target\":{\"@type\":\"EntryPoint\",\"urlTemplate\":\"https:\/\/wpguerssen-test.odoo.rgbconsulting.com\/es\/?s={search_term_string}\"},\"query-input\":{\"@type\":\"PropertyValueSpecification\",\"valueRequired\":true,\"valueName\":\"search_term_string\"}}],\"inLanguage\":\"es\"},{\"@type\":\"Organization\",\"@id\":\"https:\/\/wpguerssen-test.odoo.rgbconsulting.com\/es\/#organization\",\"name\":\"Guerssen records\",\"url\":\"https:\/\/wpguerssen-test.odoo.rgbconsulting.com\/es\/\",\"logo\":{\"@type\":\"ImageObject\",\"inLanguage\":\"es\",\"@id\":\"https:\/\/wpguerssen-test.odoo.rgbconsulting.com\/es\/#\/schema\/logo\/image\/\",\"url\":\"https:\/\/wpguerssen-test.odoo.rgbconsulting.com\/wp-content\/uploads\/2022\/04\/Logo_Guerssen_trans_100.png\",\"contentUrl\":\"https:\/\/wpguerssen-test.odoo.rgbconsulting.com\/wp-content\/uploads\/2022\/04\/Logo_Guerssen_trans_100.png\",\"width\":122,\"height\":100,\"caption\":\"Guerssen records\"},\"image\":{\"@id\":\"https:\/\/wpguerssen-test.odoo.rgbconsulting.com\/es\/#\/schema\/logo\/image\/\"}}]}<\/script>\n<!-- \/ Yoast SEO plugin. -->","yoast_head_json":{"title":"SAD LOVERS & GIANTS - In The Breeze -  (LP) | Guerssen","description":"A more than welcomed re-issue for the iconic post-punk band coming all the way from Watford. The album showcase a collection of unreleased recordings - mostly conceived between 1981 and 1983 - and it is a right companion to their two studio masterpiece: \"Epic Garden Music\" and \"Feeding The Flames\".","robots":{"index":"index","follow":"follow","max-snippet":"max-snippet:-1","max-image-preview":"max-image-preview:large","max-video-preview":"max-video-preview:-1"},"canonical":"https:\/\/wpguerssen-test.odoo.rgbconsulting.com\/es\/producto\/in-the-breeze\/","og_locale":"es_ES","og_type":"article","og_title":"SAD LOVERS & GIANTS - In The Breeze -  (LP) | Guerssen","og_description":"A more than welcomed re-issue for the iconic post-punk band coming all the way from Watford. The album showcase a collection of unreleased recordings - mostly conceived between 1981 and 1983 - and it is a right companion to their two studio masterpiece: \"Epic Garden Music\" and \"Feeding The Flames\".","og_url":"https:\/\/wpguerssen-test.odoo.rgbconsulting.com\/es\/producto\/in-the-breeze\/","og_site_name":"Guerssen records","article_modified_time":"2025-04-24T07:33:24+00:00","og_image":[{"width":1080,"height":1080,"url":"https:\/\/wpguerssen-test.odoo.rgbconsulting.com\/wp-content\/uploads\/2023\/11\/45938.jpg","type":"image\/jpeg"}],"twitter_card":"summary_large_image","twitter_title":"SAD LOVERS & GIANTS - In The Breeze -  (LP) | Guerssen","schema":{"@context":"https:\/\/schema.org","@graph":[{"@type":"WebPage","@id":"https:\/\/wpguerssen-test.odoo.rgbconsulting.com\/es\/producto\/in-the-breeze\/","url":"https:\/\/wpguerssen-test.odoo.rgbconsulting.com\/es\/producto\/in-the-breeze\/","name":"SAD LOVERS & GIANTS - In The Breeze - (LP) | Guerssen","isPartOf":{"@id":"https:\/\/wpguerssen-test.odoo.rgbconsulting.com\/es\/#website"},"primaryImageOfPage":{"@id":"https:\/\/wpguerssen-test.odoo.rgbconsulting.com\/es\/producto\/in-the-breeze\/#primaryimage"},"image":{"@id":"https:\/\/wpguerssen-test.odoo.rgbconsulting.com\/es\/producto\/in-the-breeze\/#primaryimage"},"thumbnailUrl":"https:\/\/wpguerssen-test.odoo.rgbconsulting.com\/wp-content\/uploads\/2023\/11\/45938.jpg","datePublished":"2023-06-27T22:00:00+00:00","dateModified":"2025-04-24T07:33:24+00:00","description":"A more than welcomed re-issue for the iconic post-punk band coming all the way from Watford. The album showcase a collection of unreleased recordings - mostly conceived between 1981 and 1983 - and it is a right companion to their two studio masterpiece: \"Epic Garden Music\" and \"Feeding The Flames\".","breadcrumb":{"@id":"https:\/\/wpguerssen-test.odoo.rgbconsulting.com\/es\/producto\/in-the-breeze\/#breadcrumb"},"inLanguage":"es","potentialAction":[{"@type":"ReadAction","target":["https:\/\/wpguerssen-test.odoo.rgbconsulting.com\/es\/producto\/in-the-breeze\/"]}]},{"@type":"ImageObject","inLanguage":"es","@id":"https:\/\/wpguerssen-test.odoo.rgbconsulting.com\/es\/producto\/in-the-breeze\/#primaryimage","url":"https:\/\/wpguerssen-test.odoo.rgbconsulting.com\/wp-content\/uploads\/2023\/11\/45938.jpg","contentUrl":"https:\/\/wpguerssen-test.odoo.rgbconsulting.com\/wp-content\/uploads\/2023\/11\/45938.jpg","width":1080,"height":1080},{"@type":"BreadcrumbList","@id":"https:\/\/wpguerssen-test.odoo.rgbconsulting.com\/es\/producto\/in-the-breeze\/#breadcrumb","itemListElement":[{"@type":"ListItem","position":1,"name":"Inicio","item":"https:\/\/wpguerssen-test.odoo.rgbconsulting.com\/es\/"},{"@type":"ListItem","position":2,"name":"Shop","item":"https:\/\/wpguerssen-test.odoo.rgbconsulting.com\/shop\/"},{"@type":"ListItem","position":3,"name":"In The Breeze"}]},{"@type":"WebSite","@id":"https:\/\/wpguerssen-test.odoo.rgbconsulting.com\/es\/#website","url":"https:\/\/wpguerssen-test.odoo.rgbconsulting.com\/es\/","name":"Guerssen records","description":"psychedelia - progressive - folk - garage ","publisher":{"@id":"https:\/\/wpguerssen-test.odoo.rgbconsulting.com\/es\/#organization"},"potentialAction":[{"@type":"SearchAction","target":{"@type":"EntryPoint","urlTemplate":"https:\/\/wpguerssen-test.odoo.rgbconsulting.com\/es\/?s={search_term_string}"},"query-input":{"@type":"PropertyValueSpecification","valueRequired":true,"valueName":"search_term_string"}}],"inLanguage":"es"},{"@type":"Organization","@id":"https:\/\/wpguerssen-test.odoo.rgbconsulting.com\/es\/#organization","name":"Guerssen records","url":"https:\/\/wpguerssen-test.odoo.rgbconsulting.com\/es\/","logo":{"@type":"ImageObject","inLanguage":"es","@id":"https:\/\/wpguerssen-test.odoo.rgbconsulting.com\/es\/#\/schema\/logo\/image\/","url":"https:\/\/wpguerssen-test.odoo.rgbconsulting.com\/wp-content\/uploads\/2022\/04\/Logo_Guerssen_trans_100.png","contentUrl":"https:\/\/wpguerssen-test.odoo.rgbconsulting.com\/wp-content\/uploads\/2022\/04\/Logo_Guerssen_trans_100.png","width":122,"height":100,"caption":"Guerssen records"},"image":{"@id":"https:\/\/wpguerssen-test.odoo.rgbconsulting.com\/es\/#\/schema\/logo\/image\/"}}]}},"_links":{"self":[{"href":"https:\/\/wpguerssen-test.odoo.rgbconsulting.com\/es\/wp-json\/wp\/v2\/product\/244779","targetHints":{"allow":["GET"]}}],"collection":[{"href":"https:\/\/wpguerssen-test.odoo.rgbconsulting.com\/es\/wp-json\/wp\/v2\/product"}],"about":[{"href":"https:\/\/wpguerssen-test.odoo.rgbconsulting.com\/es\/wp-json\/wp\/v2\/types\/product"}],"wp:featuredmedia":[{"embeddable":true,"href":"https:\/\/wpguerssen-test.odoo.rgbconsulting.com\/es\/wp-json\/wp\/v2\/media\/244716"}],"wp:attachment":[{"href":"https:\/\/wpguerssen-test.odoo.rgbconsulting.com\/es\/wp-json\/wp\/v2\/media?parent=244779"}],"wp:term":[{"taxonomy":"product_brand","embeddable":true,"href":"https:\/\/wpguerssen-test.odoo.rgbconsulting.com\/es\/wp-json\/wp\/v2\/product_brand?post=244779"},{"taxonomy":"product_cat","embeddable":true,"href":"https:\/\/wpguerssen-test.odoo.rgbconsulting.com\/es\/wp-json\/wp\/v2\/product_cat?post=244779"},{"taxonomy":"product_tag","embeddable":true,"href":"https:\/\/wpguerssen-test.odoo.rgbconsulting.com\/es\/wp-json\/wp\/v2\/product_tag?post=244779"}],"curies":[{"name":"wp","href":"https:\/\/api.w.org\/{rel}","templated":true}]}}