{"id":244781,"date":"2023-11-13T00:00:00","date_gmt":"2023-11-12T23:00:00","guid":{"rendered":"https:\/\/wpguerssen-test.odoo.rgbconsulting.com\/product\/new-dance\/"},"modified":"2024-10-01T19:10:46","modified_gmt":"2024-10-01T17:10:46","slug":"new-dance","status":"publish","type":"product","link":"https:\/\/wpguerssen-test.odoo.rgbconsulting.com\/es\/producto\/new-dance\/","title":{"rendered":"New Dance"},"content":{"rendered":"<p>Gregory Isaacs, uno de los vocalistas de reggae jamaicanos m\u00e1s populares, fue un diamante en bruto que se abri\u00f3 camino fuera del duro gueto del oeste de Kingston con una voz instant\u00e1neamente reconocible que era maravillosamente emotiva, expresando tanto su dureza como su determinaci\u00f3n de mejorar, as\u00ed como as\u00ed como el coraz\u00f3n sangrante de un amante vulnerable. New Dance es uno de los excelentes \u00e1lbumes de dancehall de mediados de los 90 producido por Anthony Dehaney, tambi\u00e9n conocido como Bunny Gemini, trabajando como de costumbre con Firehouse Crew, esta vez con Fatman Thompson del estudio de King Tubby en la mesa de mezclas y el guitarrista Lascelles Beckford de The Gifted, banda Roots como invitada especial. Como de costumbre, Gregory maneja los ritmos con considerable aplomo, sinti\u00e9ndose completamente natural sobre los ritmos duros y abordando una variedad de temas a lo largo del camino. Gran parte del \u00e1lbum trata sobre el amor perdido, el amor ganado y el amor diferido; &#8216;Say A Special Prayer&#8217; renueva el imperecedero &#8216;Send Me The Pillow That You Dream On&#8217; y &#8216;New Dance&#8217; rinde homenaje al encanto de la m\u00fasica dancehall al aire libre. Esta es una de las mejores ofertas del Sr. Isaacs de mediados de la d\u00e9cada de 1990, vale la pena conocerla si a\u00fan no est\u00e1 familiarizado con ella y es imprescindible si ha desgastado su copia original.<\/p>\n","protected":false},"excerpt":{"rendered":"<p>Gregory Isaacs, uno de los vocalistas de reggae jamaicanos m\u00e1s populares, fue un diamante en bruto que se abri\u00f3 camino fuera del duro gueto del oeste de Kingston<a class=\"read\" href=\"https:\/\/wpguerssen-test.odoo.rgbconsulting.com\/es\/producto\/new-dance\/\"> (...)<\/a>","protected":false},"featured_media":244722,"template":"","meta":{"_acf_changed":false},"product_brand":[],"product_cat":[21666],"product_tag":[],"class_list":{"0":"post-244781","1":"product","2":"type-product","3":"status-publish","4":"has-post-thumbnail","6":"product_cat-reggae-ska-dub-es","7":"pa_artist-isaacs-gregory","8":"pa_format-lp-es","9":"pa_gender-reggae-ska-dub","10":"pa_label-radiation-roots-es","11":"pa_location-south-america-caribbean-es","12":"pa_other-filters-vinyl-only-es","14":"first","15":"instock","16":"taxable","17":"shipping-taxable","18":"purchasable","19":"product-type-simple"},"acf":[],"yoast_head":"<!-- This site is optimized with the Yoast SEO plugin v24.9 - https:\/\/yoast.com\/wordpress\/plugins\/seo\/ -->\n<title>ISAACS, Gregory - New Dance -  (LP) | Guerssen<\/title>\n<meta name=\"description\" content=\"One of the most popular and high profile of Jamaican reggae vocalists, Gregory Isaacs was a rough diamond who clawed his way out of the harsh western Kingston ghetto with an instantly recognisable voice that was wonderfully emotive, expressing both his toughness and determination for betterment, as well as the bleeding heart of a vulnerable lover. New Dance is one of the excellent mid-1990s dancehall albums expertly produced by Anthony Dehaney, alias Bunny Gemini, working as usual with the Firehouse Crew, this time with Fatman Thompson of King Tubby&#039;s studio at the mixing desk and guitarist Lascelles Beckford of the Gifted Roots band as special guest. As usual, Gregory rides the rhythms with considerable aplomb, feeling completely natural atop the hard-edged rhythms and tackling a range of topics along the way. Much of the album deals with love lost, love gained, and love deferred; &#039;Say A Special Prayer&#039; revamps the evergreen &#039;Send Me The Pillow That You Dream On&#039; and &#039;New Dance&#039; salutes the allure of dancehall music in the open air. This is one of Mr Isaacs&#039; better offerings from the mid-1990s, worth getting to know if you&#039;re not already familiar with it, and a must-have if you&#039;ve worn out your original copy.\" \/>\n<meta name=\"robots\" content=\"index, follow, max-snippet:-1, max-image-preview:large, max-video-preview:-1\" \/>\n<link rel=\"canonical\" href=\"https:\/\/wpguerssen-test.odoo.rgbconsulting.com\/es\/producto\/new-dance\/\" \/>\n<meta property=\"og:locale\" content=\"es_ES\" \/>\n<meta property=\"og:type\" content=\"article\" \/>\n<meta property=\"og:title\" content=\"ISAACS, Gregory - New Dance -  (LP) | Guerssen\" \/>\n<meta property=\"og:description\" content=\"One of the most popular and high profile of Jamaican reggae vocalists, Gregory Isaacs was a rough diamond who clawed his way out of the harsh western Kingston ghetto with an instantly recognisable voice that was wonderfully emotive, expressing both his toughness and determination for betterment, as well as the bleeding heart of a vulnerable lover. New Dance is one of the excellent mid-1990s dancehall albums expertly produced by Anthony Dehaney, alias Bunny Gemini, working as usual with the Firehouse Crew, this time with Fatman Thompson of King Tubby&#039;s studio at the mixing desk and guitarist Lascelles Beckford of the Gifted Roots band as special guest. As usual, Gregory rides the rhythms with considerable aplomb, feeling completely natural atop the hard-edged rhythms and tackling a range of topics along the way. Much of the album deals with love lost, love gained, and love deferred; &#039;Say A Special Prayer&#039; revamps the evergreen &#039;Send Me The Pillow That You Dream On&#039; and &#039;New Dance&#039; salutes the allure of dancehall music in the open air. This is one of Mr Isaacs&#039; better offerings from the mid-1990s, worth getting to know if you&#039;re not already familiar with it, and a must-have if you&#039;ve worn out your original copy.\" \/>\n<meta property=\"og:url\" content=\"https:\/\/wpguerssen-test.odoo.rgbconsulting.com\/es\/producto\/new-dance\/\" \/>\n<meta property=\"og:site_name\" content=\"Guerssen records\" \/>\n<meta property=\"article:modified_time\" content=\"2024-10-01T17:10:46+00:00\" \/>\n<meta property=\"og:image\" content=\"https:\/\/wpguerssen-test.odoo.rgbconsulting.com\/wp-content\/uploads\/2023\/11\/45940.jpg\" \/>\n\t<meta property=\"og:image:width\" content=\"582\" \/>\n\t<meta property=\"og:image:height\" content=\"586\" \/>\n\t<meta property=\"og:image:type\" content=\"image\/png\" \/>\n<meta name=\"twitter:card\" content=\"summary_large_image\" \/>\n<meta name=\"twitter:title\" content=\"ISAACS, Gregory - New Dance -  (LP) | Guerssen\" \/>\n<meta name=\"twitter:label1\" content=\"Tiempo de lectura\" \/>\n\t<meta name=\"twitter:data1\" content=\"1 minuto\" \/>\n<script type=\"application\/ld+json\" class=\"yoast-schema-graph\">{\"@context\":\"https:\/\/schema.org\",\"@graph\":[{\"@type\":\"WebPage\",\"@id\":\"https:\/\/wpguerssen-test.odoo.rgbconsulting.com\/es\/producto\/new-dance\/\",\"url\":\"https:\/\/wpguerssen-test.odoo.rgbconsulting.com\/es\/producto\/new-dance\/\",\"name\":\"ISAACS, Gregory - New Dance - (LP) | Guerssen\",\"isPartOf\":{\"@id\":\"https:\/\/wpguerssen-test.odoo.rgbconsulting.com\/es\/#website\"},\"primaryImageOfPage\":{\"@id\":\"https:\/\/wpguerssen-test.odoo.rgbconsulting.com\/es\/producto\/new-dance\/#primaryimage\"},\"image\":{\"@id\":\"https:\/\/wpguerssen-test.odoo.rgbconsulting.com\/es\/producto\/new-dance\/#primaryimage\"},\"thumbnailUrl\":\"https:\/\/wpguerssen-test.odoo.rgbconsulting.com\/wp-content\/uploads\/2023\/11\/45940.jpg\",\"datePublished\":\"2023-11-12T23:00:00+00:00\",\"dateModified\":\"2024-10-01T17:10:46+00:00\",\"description\":\"One of the most popular and high profile of Jamaican reggae vocalists, Gregory Isaacs was a rough diamond who clawed his way out of the harsh western Kingston ghetto with an instantly recognisable voice that was wonderfully emotive, expressing both his toughness and determination for betterment, as well as the bleeding heart of a vulnerable lover. New Dance is one of the excellent mid-1990s dancehall albums expertly produced by Anthony Dehaney, alias Bunny Gemini, working as usual with the Firehouse Crew, this time with Fatman Thompson of King Tubby's studio at the mixing desk and guitarist Lascelles Beckford of the Gifted Roots band as special guest. As usual, Gregory rides the rhythms with considerable aplomb, feeling completely natural atop the hard-edged rhythms and tackling a range of topics along the way. Much of the album deals with love lost, love gained, and love deferred; 'Say A Special Prayer' revamps the evergreen 'Send Me The Pillow That You Dream On' and 'New Dance' salutes the allure of dancehall music in the open air. This is one of Mr Isaacs' better offerings from the mid-1990s, worth getting to know if you're not already familiar with it, and a must-have if you've worn out your original copy.\",\"breadcrumb\":{\"@id\":\"https:\/\/wpguerssen-test.odoo.rgbconsulting.com\/es\/producto\/new-dance\/#breadcrumb\"},\"inLanguage\":\"es\",\"potentialAction\":[{\"@type\":\"ReadAction\",\"target\":[\"https:\/\/wpguerssen-test.odoo.rgbconsulting.com\/es\/producto\/new-dance\/\"]}]},{\"@type\":\"ImageObject\",\"inLanguage\":\"es\",\"@id\":\"https:\/\/wpguerssen-test.odoo.rgbconsulting.com\/es\/producto\/new-dance\/#primaryimage\",\"url\":\"https:\/\/wpguerssen-test.odoo.rgbconsulting.com\/wp-content\/uploads\/2023\/11\/45940.jpg\",\"contentUrl\":\"https:\/\/wpguerssen-test.odoo.rgbconsulting.com\/wp-content\/uploads\/2023\/11\/45940.jpg\",\"width\":582,\"height\":586,\"caption\":\"Gregory - New Dance - RADIATION ROOTS (LP) | Guerssen\"},{\"@type\":\"BreadcrumbList\",\"@id\":\"https:\/\/wpguerssen-test.odoo.rgbconsulting.com\/es\/producto\/new-dance\/#breadcrumb\",\"itemListElement\":[{\"@type\":\"ListItem\",\"position\":1,\"name\":\"Inicio\",\"item\":\"https:\/\/wpguerssen-test.odoo.rgbconsulting.com\/es\/\"},{\"@type\":\"ListItem\",\"position\":2,\"name\":\"Shop\",\"item\":\"https:\/\/wpguerssen-test.odoo.rgbconsulting.com\/shop\/\"},{\"@type\":\"ListItem\",\"position\":3,\"name\":\"New Dance\"}]},{\"@type\":\"WebSite\",\"@id\":\"https:\/\/wpguerssen-test.odoo.rgbconsulting.com\/es\/#website\",\"url\":\"https:\/\/wpguerssen-test.odoo.rgbconsulting.com\/es\/\",\"name\":\"Guerssen records\",\"description\":\"psychedelia - progressive - folk - garage \",\"publisher\":{\"@id\":\"https:\/\/wpguerssen-test.odoo.rgbconsulting.com\/es\/#organization\"},\"potentialAction\":[{\"@type\":\"SearchAction\",\"target\":{\"@type\":\"EntryPoint\",\"urlTemplate\":\"https:\/\/wpguerssen-test.odoo.rgbconsulting.com\/es\/?s={search_term_string}\"},\"query-input\":{\"@type\":\"PropertyValueSpecification\",\"valueRequired\":true,\"valueName\":\"search_term_string\"}}],\"inLanguage\":\"es\"},{\"@type\":\"Organization\",\"@id\":\"https:\/\/wpguerssen-test.odoo.rgbconsulting.com\/es\/#organization\",\"name\":\"Guerssen records\",\"url\":\"https:\/\/wpguerssen-test.odoo.rgbconsulting.com\/es\/\",\"logo\":{\"@type\":\"ImageObject\",\"inLanguage\":\"es\",\"@id\":\"https:\/\/wpguerssen-test.odoo.rgbconsulting.com\/es\/#\/schema\/logo\/image\/\",\"url\":\"https:\/\/wpguerssen-test.odoo.rgbconsulting.com\/wp-content\/uploads\/2022\/04\/Logo_Guerssen_trans_100.png\",\"contentUrl\":\"https:\/\/wpguerssen-test.odoo.rgbconsulting.com\/wp-content\/uploads\/2022\/04\/Logo_Guerssen_trans_100.png\",\"width\":122,\"height\":100,\"caption\":\"Guerssen records\"},\"image\":{\"@id\":\"https:\/\/wpguerssen-test.odoo.rgbconsulting.com\/es\/#\/schema\/logo\/image\/\"}}]}<\/script>\n<!-- \/ Yoast SEO plugin. -->","yoast_head_json":{"title":"ISAACS, Gregory - New Dance -  (LP) | Guerssen","description":"One of the most popular and high profile of Jamaican reggae vocalists, Gregory Isaacs was a rough diamond who clawed his way out of the harsh western Kingston ghetto with an instantly recognisable voice that was wonderfully emotive, expressing both his toughness and determination for betterment, as well as the bleeding heart of a vulnerable lover. New Dance is one of the excellent mid-1990s dancehall albums expertly produced by Anthony Dehaney, alias Bunny Gemini, working as usual with the Firehouse Crew, this time with Fatman Thompson of King Tubby's studio at the mixing desk and guitarist Lascelles Beckford of the Gifted Roots band as special guest. As usual, Gregory rides the rhythms with considerable aplomb, feeling completely natural atop the hard-edged rhythms and tackling a range of topics along the way. Much of the album deals with love lost, love gained, and love deferred; 'Say A Special Prayer' revamps the evergreen 'Send Me The Pillow That You Dream On' and 'New Dance' salutes the allure of dancehall music in the open air. This is one of Mr Isaacs' better offerings from the mid-1990s, worth getting to know if you're not already familiar with it, and a must-have if you've worn out your original copy.","robots":{"index":"index","follow":"follow","max-snippet":"max-snippet:-1","max-image-preview":"max-image-preview:large","max-video-preview":"max-video-preview:-1"},"canonical":"https:\/\/wpguerssen-test.odoo.rgbconsulting.com\/es\/producto\/new-dance\/","og_locale":"es_ES","og_type":"article","og_title":"ISAACS, Gregory - New Dance -  (LP) | Guerssen","og_description":"One of the most popular and high profile of Jamaican reggae vocalists, Gregory Isaacs was a rough diamond who clawed his way out of the harsh western Kingston ghetto with an instantly recognisable voice that was wonderfully emotive, expressing both his toughness and determination for betterment, as well as the bleeding heart of a vulnerable lover. New Dance is one of the excellent mid-1990s dancehall albums expertly produced by Anthony Dehaney, alias Bunny Gemini, working as usual with the Firehouse Crew, this time with Fatman Thompson of King Tubby's studio at the mixing desk and guitarist Lascelles Beckford of the Gifted Roots band as special guest. As usual, Gregory rides the rhythms with considerable aplomb, feeling completely natural atop the hard-edged rhythms and tackling a range of topics along the way. Much of the album deals with love lost, love gained, and love deferred; 'Say A Special Prayer' revamps the evergreen 'Send Me The Pillow That You Dream On' and 'New Dance' salutes the allure of dancehall music in the open air. This is one of Mr Isaacs' better offerings from the mid-1990s, worth getting to know if you're not already familiar with it, and a must-have if you've worn out your original copy.","og_url":"https:\/\/wpguerssen-test.odoo.rgbconsulting.com\/es\/producto\/new-dance\/","og_site_name":"Guerssen records","article_modified_time":"2024-10-01T17:10:46+00:00","og_image":[{"width":582,"height":586,"url":"https:\/\/wpguerssen-test.odoo.rgbconsulting.com\/wp-content\/uploads\/2023\/11\/45940.jpg","type":"image\/png"}],"twitter_card":"summary_large_image","twitter_title":"ISAACS, Gregory - New Dance -  (LP) | Guerssen","twitter_misc":{"Tiempo de lectura":"1 minuto"},"schema":{"@context":"https:\/\/schema.org","@graph":[{"@type":"WebPage","@id":"https:\/\/wpguerssen-test.odoo.rgbconsulting.com\/es\/producto\/new-dance\/","url":"https:\/\/wpguerssen-test.odoo.rgbconsulting.com\/es\/producto\/new-dance\/","name":"ISAACS, Gregory - New Dance - (LP) | Guerssen","isPartOf":{"@id":"https:\/\/wpguerssen-test.odoo.rgbconsulting.com\/es\/#website"},"primaryImageOfPage":{"@id":"https:\/\/wpguerssen-test.odoo.rgbconsulting.com\/es\/producto\/new-dance\/#primaryimage"},"image":{"@id":"https:\/\/wpguerssen-test.odoo.rgbconsulting.com\/es\/producto\/new-dance\/#primaryimage"},"thumbnailUrl":"https:\/\/wpguerssen-test.odoo.rgbconsulting.com\/wp-content\/uploads\/2023\/11\/45940.jpg","datePublished":"2023-11-12T23:00:00+00:00","dateModified":"2024-10-01T17:10:46+00:00","description":"One of the most popular and high profile of Jamaican reggae vocalists, Gregory Isaacs was a rough diamond who clawed his way out of the harsh western Kingston ghetto with an instantly recognisable voice that was wonderfully emotive, expressing both his toughness and determination for betterment, as well as the bleeding heart of a vulnerable lover. New Dance is one of the excellent mid-1990s dancehall albums expertly produced by Anthony Dehaney, alias Bunny Gemini, working as usual with the Firehouse Crew, this time with Fatman Thompson of King Tubby's studio at the mixing desk and guitarist Lascelles Beckford of the Gifted Roots band as special guest. As usual, Gregory rides the rhythms with considerable aplomb, feeling completely natural atop the hard-edged rhythms and tackling a range of topics along the way. Much of the album deals with love lost, love gained, and love deferred; 'Say A Special Prayer' revamps the evergreen 'Send Me The Pillow That You Dream On' and 'New Dance' salutes the allure of dancehall music in the open air. This is one of Mr Isaacs' better offerings from the mid-1990s, worth getting to know if you're not already familiar with it, and a must-have if you've worn out your original copy.","breadcrumb":{"@id":"https:\/\/wpguerssen-test.odoo.rgbconsulting.com\/es\/producto\/new-dance\/#breadcrumb"},"inLanguage":"es","potentialAction":[{"@type":"ReadAction","target":["https:\/\/wpguerssen-test.odoo.rgbconsulting.com\/es\/producto\/new-dance\/"]}]},{"@type":"ImageObject","inLanguage":"es","@id":"https:\/\/wpguerssen-test.odoo.rgbconsulting.com\/es\/producto\/new-dance\/#primaryimage","url":"https:\/\/wpguerssen-test.odoo.rgbconsulting.com\/wp-content\/uploads\/2023\/11\/45940.jpg","contentUrl":"https:\/\/wpguerssen-test.odoo.rgbconsulting.com\/wp-content\/uploads\/2023\/11\/45940.jpg","width":582,"height":586,"caption":"Gregory - New Dance - RADIATION ROOTS (LP) | Guerssen"},{"@type":"BreadcrumbList","@id":"https:\/\/wpguerssen-test.odoo.rgbconsulting.com\/es\/producto\/new-dance\/#breadcrumb","itemListElement":[{"@type":"ListItem","position":1,"name":"Inicio","item":"https:\/\/wpguerssen-test.odoo.rgbconsulting.com\/es\/"},{"@type":"ListItem","position":2,"name":"Shop","item":"https:\/\/wpguerssen-test.odoo.rgbconsulting.com\/shop\/"},{"@type":"ListItem","position":3,"name":"New Dance"}]},{"@type":"WebSite","@id":"https:\/\/wpguerssen-test.odoo.rgbconsulting.com\/es\/#website","url":"https:\/\/wpguerssen-test.odoo.rgbconsulting.com\/es\/","name":"Guerssen records","description":"psychedelia - progressive - folk - garage ","publisher":{"@id":"https:\/\/wpguerssen-test.odoo.rgbconsulting.com\/es\/#organization"},"potentialAction":[{"@type":"SearchAction","target":{"@type":"EntryPoint","urlTemplate":"https:\/\/wpguerssen-test.odoo.rgbconsulting.com\/es\/?s={search_term_string}"},"query-input":{"@type":"PropertyValueSpecification","valueRequired":true,"valueName":"search_term_string"}}],"inLanguage":"es"},{"@type":"Organization","@id":"https:\/\/wpguerssen-test.odoo.rgbconsulting.com\/es\/#organization","name":"Guerssen records","url":"https:\/\/wpguerssen-test.odoo.rgbconsulting.com\/es\/","logo":{"@type":"ImageObject","inLanguage":"es","@id":"https:\/\/wpguerssen-test.odoo.rgbconsulting.com\/es\/#\/schema\/logo\/image\/","url":"https:\/\/wpguerssen-test.odoo.rgbconsulting.com\/wp-content\/uploads\/2022\/04\/Logo_Guerssen_trans_100.png","contentUrl":"https:\/\/wpguerssen-test.odoo.rgbconsulting.com\/wp-content\/uploads\/2022\/04\/Logo_Guerssen_trans_100.png","width":122,"height":100,"caption":"Guerssen records"},"image":{"@id":"https:\/\/wpguerssen-test.odoo.rgbconsulting.com\/es\/#\/schema\/logo\/image\/"}}]}},"_links":{"self":[{"href":"https:\/\/wpguerssen-test.odoo.rgbconsulting.com\/es\/wp-json\/wp\/v2\/product\/244781","targetHints":{"allow":["GET"]}}],"collection":[{"href":"https:\/\/wpguerssen-test.odoo.rgbconsulting.com\/es\/wp-json\/wp\/v2\/product"}],"about":[{"href":"https:\/\/wpguerssen-test.odoo.rgbconsulting.com\/es\/wp-json\/wp\/v2\/types\/product"}],"wp:featuredmedia":[{"embeddable":true,"href":"https:\/\/wpguerssen-test.odoo.rgbconsulting.com\/es\/wp-json\/wp\/v2\/media\/244722"}],"wp:attachment":[{"href":"https:\/\/wpguerssen-test.odoo.rgbconsulting.com\/es\/wp-json\/wp\/v2\/media?parent=244781"}],"wp:term":[{"taxonomy":"product_brand","embeddable":true,"href":"https:\/\/wpguerssen-test.odoo.rgbconsulting.com\/es\/wp-json\/wp\/v2\/product_brand?post=244781"},{"taxonomy":"product_cat","embeddable":true,"href":"https:\/\/wpguerssen-test.odoo.rgbconsulting.com\/es\/wp-json\/wp\/v2\/product_cat?post=244781"},{"taxonomy":"product_tag","embeddable":true,"href":"https:\/\/wpguerssen-test.odoo.rgbconsulting.com\/es\/wp-json\/wp\/v2\/product_tag?post=244781"}],"curies":[{"name":"wp","href":"https:\/\/api.w.org\/{rel}","templated":true}]}}