{"id":244898,"date":"2024-01-15T00:00:00","date_gmt":"2024-01-14T23:00:00","guid":{"rendered":"https:\/\/wpguerssen-test.odoo.rgbconsulting.com\/product\/rare-and-lost-tapes\/"},"modified":"2024-06-03T19:26:14","modified_gmt":"2024-06-03T17:26:14","slug":"rare-and-lost-tapes","status":"publish","type":"product","link":"https:\/\/wpguerssen-test.odoo.rgbconsulting.com\/es\/producto\/rare-and-lost-tapes\/","title":{"rendered":"Rare And Lost Tapes"},"content":{"rendered":"<p>\u00abRARE &#038; LOST TAPES\u00bb es una colecci\u00f3n de sencillos del legendario grupo CORTEX que nunca se publicaron en un \u00e1lbum.<br \/>Este \u00e1lbum re\u00fane grabaciones raras y in\u00e9ditas como \u00abLes Oiseaux Morts\u00bb (Alternative Take 76), lanzada solo como test pressing. \u00abMary &#038; Jeff\u00bb (Fender Rhodes Version 77) grabado para TV, o \u00abCalifornie\u00bb &#038; \u00abStevie\u00bb lanzados para el proyecto paralelo CARIBOU en 7 pulgadas.<\/p>\n","protected":false},"excerpt":{"rendered":"<p>\u00abRARE &#038; LOST TAPES\u00bb es una colecci\u00f3n de sencillos del legendario grupo CORTEX que nunca se publicaron en un \u00e1lbum.<br \/>Este \u00e1lbum re\u00fane grabaciones raras<a class=\"read\" href=\"https:\/\/wpguerssen-test.odoo.rgbconsulting.com\/es\/producto\/rare-and-lost-tapes\/\"> (...)<\/a>","protected":false},"featured_media":247280,"template":"","meta":{"_acf_changed":false},"product_brand":[],"product_cat":[21649,23228],"product_tag":[],"class_list":{"0":"post-244898","1":"product","2":"type-product","3":"status-publish","4":"has-post-thumbnail","6":"product_cat-soul-rnb-es","7":"product_cat-jazz-funk-es","8":"pa_artist-cortex","9":"pa_format-lp-es","10":"pa_gender-jazz-funk-soul-rnb","11":"pa_label-trad-vibe-records","12":"pa_location-europe-es","13":"pa_other-filters-vinyl-only-es","15":"first","16":"instock","17":"taxable","18":"shipping-taxable","19":"purchasable","20":"product-type-simple"},"acf":[],"yoast_head":"<!-- This site is optimized with the Yoast SEO plugin v24.9 - https:\/\/yoast.com\/wordpress\/plugins\/seo\/ -->\n<title>CORTEX - Rare And Lost Tapes -  (LP) | Guerssen<\/title>\n<meta name=\"description\" content=\"&quot;RARE &amp; LOST TAPES&quot; is a collection of singles by the legendary group CORTEX never released on album.This album brings together previously unreleased and rare recordings such as &quot;Les Oiseaux Morts&quot; (Alternative Take 76) released only as a Test Pressing, &quot;Mary &amp; Jeff&quot; (Fender Rhodes Version 77) recorded for TV, or &quot;Californie&quot; &amp; &quot;Stevie&quot; released for the Side Project CARIBOU in 7Inch...\" \/>\n<meta name=\"robots\" content=\"index, follow, max-snippet:-1, max-image-preview:large, max-video-preview:-1\" \/>\n<link rel=\"canonical\" href=\"https:\/\/wpguerssen-test.odoo.rgbconsulting.com\/es\/producto\/rare-and-lost-tapes\/\" \/>\n<meta property=\"og:locale\" content=\"es_ES\" \/>\n<meta property=\"og:type\" content=\"article\" \/>\n<meta property=\"og:title\" content=\"CORTEX - Rare And Lost Tapes -  (LP) | Guerssen\" \/>\n<meta property=\"og:description\" content=\"&quot;RARE &amp; LOST TAPES&quot; is a collection of singles by the legendary group CORTEX never released on album.This album brings together previously unreleased and rare recordings such as &quot;Les Oiseaux Morts&quot; (Alternative Take 76) released only as a Test Pressing, &quot;Mary &amp; Jeff&quot; (Fender Rhodes Version 77) recorded for TV, or &quot;Californie&quot; &amp; &quot;Stevie&quot; released for the Side Project CARIBOU in 7Inch...\" \/>\n<meta property=\"og:url\" content=\"https:\/\/wpguerssen-test.odoo.rgbconsulting.com\/es\/producto\/rare-and-lost-tapes\/\" \/>\n<meta property=\"og:site_name\" content=\"Guerssen records\" \/>\n<meta property=\"article:modified_time\" content=\"2024-06-03T17:26:14+00:00\" \/>\n<meta property=\"og:image\" content=\"https:\/\/wpguerssen-test.odoo.rgbconsulting.com\/wp-content\/uploads\/2023\/11\/45957.jpg\" \/>\n\t<meta property=\"og:image:width\" content=\"1440\" \/>\n\t<meta property=\"og:image:height\" content=\"1440\" \/>\n\t<meta property=\"og:image:type\" content=\"image\/jpeg\" \/>\n<meta name=\"twitter:card\" content=\"summary_large_image\" \/>\n<meta name=\"twitter:title\" content=\"CORTEX - Rare And Lost Tapes -  (LP) | Guerssen\" \/>\n<script type=\"application\/ld+json\" class=\"yoast-schema-graph\">{\"@context\":\"https:\/\/schema.org\",\"@graph\":[{\"@type\":\"WebPage\",\"@id\":\"https:\/\/wpguerssen-test.odoo.rgbconsulting.com\/es\/producto\/rare-and-lost-tapes\/\",\"url\":\"https:\/\/wpguerssen-test.odoo.rgbconsulting.com\/es\/producto\/rare-and-lost-tapes\/\",\"name\":\"CORTEX - Rare And Lost Tapes - (LP) | Guerssen\",\"isPartOf\":{\"@id\":\"https:\/\/wpguerssen-test.odoo.rgbconsulting.com\/es\/#website\"},\"primaryImageOfPage\":{\"@id\":\"https:\/\/wpguerssen-test.odoo.rgbconsulting.com\/es\/producto\/rare-and-lost-tapes\/#primaryimage\"},\"image\":{\"@id\":\"https:\/\/wpguerssen-test.odoo.rgbconsulting.com\/es\/producto\/rare-and-lost-tapes\/#primaryimage\"},\"thumbnailUrl\":\"https:\/\/wpguerssen-test.odoo.rgbconsulting.com\/wp-content\/uploads\/2023\/11\/45957.jpg\",\"datePublished\":\"2024-01-14T23:00:00+00:00\",\"dateModified\":\"2024-06-03T17:26:14+00:00\",\"description\":\"\\\"RARE & LOST TAPES\\\" is a collection of singles by the legendary group CORTEX never released on album.This album brings together previously unreleased and rare recordings such as \\\"Les Oiseaux Morts\\\" (Alternative Take 76) released only as a Test Pressing, \\\"Mary & Jeff\\\" (Fender Rhodes Version 77) recorded for TV, or \\\"Californie\\\" & \\\"Stevie\\\" released for the Side Project CARIBOU in 7Inch...\",\"breadcrumb\":{\"@id\":\"https:\/\/wpguerssen-test.odoo.rgbconsulting.com\/es\/producto\/rare-and-lost-tapes\/#breadcrumb\"},\"inLanguage\":\"es\",\"potentialAction\":[{\"@type\":\"ReadAction\",\"target\":[\"https:\/\/wpguerssen-test.odoo.rgbconsulting.com\/es\/producto\/rare-and-lost-tapes\/\"]}]},{\"@type\":\"ImageObject\",\"inLanguage\":\"es\",\"@id\":\"https:\/\/wpguerssen-test.odoo.rgbconsulting.com\/es\/producto\/rare-and-lost-tapes\/#primaryimage\",\"url\":\"https:\/\/wpguerssen-test.odoo.rgbconsulting.com\/wp-content\/uploads\/2023\/11\/45957.jpg\",\"contentUrl\":\"https:\/\/wpguerssen-test.odoo.rgbconsulting.com\/wp-content\/uploads\/2023\/11\/45957.jpg\",\"width\":1440,\"height\":1440},{\"@type\":\"BreadcrumbList\",\"@id\":\"https:\/\/wpguerssen-test.odoo.rgbconsulting.com\/es\/producto\/rare-and-lost-tapes\/#breadcrumb\",\"itemListElement\":[{\"@type\":\"ListItem\",\"position\":1,\"name\":\"Inicio\",\"item\":\"https:\/\/wpguerssen-test.odoo.rgbconsulting.com\/es\/\"},{\"@type\":\"ListItem\",\"position\":2,\"name\":\"Shop\",\"item\":\"https:\/\/wpguerssen-test.odoo.rgbconsulting.com\/shop\/\"},{\"@type\":\"ListItem\",\"position\":3,\"name\":\"Rare And Lost Tapes\"}]},{\"@type\":\"WebSite\",\"@id\":\"https:\/\/wpguerssen-test.odoo.rgbconsulting.com\/es\/#website\",\"url\":\"https:\/\/wpguerssen-test.odoo.rgbconsulting.com\/es\/\",\"name\":\"Guerssen records\",\"description\":\"psychedelia - progressive - folk - garage \",\"publisher\":{\"@id\":\"https:\/\/wpguerssen-test.odoo.rgbconsulting.com\/es\/#organization\"},\"potentialAction\":[{\"@type\":\"SearchAction\",\"target\":{\"@type\":\"EntryPoint\",\"urlTemplate\":\"https:\/\/wpguerssen-test.odoo.rgbconsulting.com\/es\/?s={search_term_string}\"},\"query-input\":{\"@type\":\"PropertyValueSpecification\",\"valueRequired\":true,\"valueName\":\"search_term_string\"}}],\"inLanguage\":\"es\"},{\"@type\":\"Organization\",\"@id\":\"https:\/\/wpguerssen-test.odoo.rgbconsulting.com\/es\/#organization\",\"name\":\"Guerssen records\",\"url\":\"https:\/\/wpguerssen-test.odoo.rgbconsulting.com\/es\/\",\"logo\":{\"@type\":\"ImageObject\",\"inLanguage\":\"es\",\"@id\":\"https:\/\/wpguerssen-test.odoo.rgbconsulting.com\/es\/#\/schema\/logo\/image\/\",\"url\":\"https:\/\/wpguerssen-test.odoo.rgbconsulting.com\/wp-content\/uploads\/2022\/04\/Logo_Guerssen_trans_100.png\",\"contentUrl\":\"https:\/\/wpguerssen-test.odoo.rgbconsulting.com\/wp-content\/uploads\/2022\/04\/Logo_Guerssen_trans_100.png\",\"width\":122,\"height\":100,\"caption\":\"Guerssen records\"},\"image\":{\"@id\":\"https:\/\/wpguerssen-test.odoo.rgbconsulting.com\/es\/#\/schema\/logo\/image\/\"}}]}<\/script>\n<!-- \/ Yoast SEO plugin. -->","yoast_head_json":{"title":"CORTEX - Rare And Lost Tapes -  (LP) | Guerssen","description":"\"RARE & LOST TAPES\" is a collection of singles by the legendary group CORTEX never released on album.This album brings together previously unreleased and rare recordings such as \"Les Oiseaux Morts\" (Alternative Take 76) released only as a Test Pressing, \"Mary & Jeff\" (Fender Rhodes Version 77) recorded for TV, or \"Californie\" & \"Stevie\" released for the Side Project CARIBOU in 7Inch...","robots":{"index":"index","follow":"follow","max-snippet":"max-snippet:-1","max-image-preview":"max-image-preview:large","max-video-preview":"max-video-preview:-1"},"canonical":"https:\/\/wpguerssen-test.odoo.rgbconsulting.com\/es\/producto\/rare-and-lost-tapes\/","og_locale":"es_ES","og_type":"article","og_title":"CORTEX - Rare And Lost Tapes -  (LP) | Guerssen","og_description":"\"RARE & LOST TAPES\" is a collection of singles by the legendary group CORTEX never released on album.This album brings together previously unreleased and rare recordings such as \"Les Oiseaux Morts\" (Alternative Take 76) released only as a Test Pressing, \"Mary & Jeff\" (Fender Rhodes Version 77) recorded for TV, or \"Californie\" & \"Stevie\" released for the Side Project CARIBOU in 7Inch...","og_url":"https:\/\/wpguerssen-test.odoo.rgbconsulting.com\/es\/producto\/rare-and-lost-tapes\/","og_site_name":"Guerssen records","article_modified_time":"2024-06-03T17:26:14+00:00","og_image":[{"width":1440,"height":1440,"url":"https:\/\/wpguerssen-test.odoo.rgbconsulting.com\/wp-content\/uploads\/2023\/11\/45957.jpg","type":"image\/jpeg"}],"twitter_card":"summary_large_image","twitter_title":"CORTEX - Rare And Lost Tapes -  (LP) | Guerssen","schema":{"@context":"https:\/\/schema.org","@graph":[{"@type":"WebPage","@id":"https:\/\/wpguerssen-test.odoo.rgbconsulting.com\/es\/producto\/rare-and-lost-tapes\/","url":"https:\/\/wpguerssen-test.odoo.rgbconsulting.com\/es\/producto\/rare-and-lost-tapes\/","name":"CORTEX - Rare And Lost Tapes - (LP) | Guerssen","isPartOf":{"@id":"https:\/\/wpguerssen-test.odoo.rgbconsulting.com\/es\/#website"},"primaryImageOfPage":{"@id":"https:\/\/wpguerssen-test.odoo.rgbconsulting.com\/es\/producto\/rare-and-lost-tapes\/#primaryimage"},"image":{"@id":"https:\/\/wpguerssen-test.odoo.rgbconsulting.com\/es\/producto\/rare-and-lost-tapes\/#primaryimage"},"thumbnailUrl":"https:\/\/wpguerssen-test.odoo.rgbconsulting.com\/wp-content\/uploads\/2023\/11\/45957.jpg","datePublished":"2024-01-14T23:00:00+00:00","dateModified":"2024-06-03T17:26:14+00:00","description":"\"RARE & LOST TAPES\" is a collection of singles by the legendary group CORTEX never released on album.This album brings together previously unreleased and rare recordings such as \"Les Oiseaux Morts\" (Alternative Take 76) released only as a Test Pressing, \"Mary & Jeff\" (Fender Rhodes Version 77) recorded for TV, or \"Californie\" & \"Stevie\" released for the Side Project CARIBOU in 7Inch...","breadcrumb":{"@id":"https:\/\/wpguerssen-test.odoo.rgbconsulting.com\/es\/producto\/rare-and-lost-tapes\/#breadcrumb"},"inLanguage":"es","potentialAction":[{"@type":"ReadAction","target":["https:\/\/wpguerssen-test.odoo.rgbconsulting.com\/es\/producto\/rare-and-lost-tapes\/"]}]},{"@type":"ImageObject","inLanguage":"es","@id":"https:\/\/wpguerssen-test.odoo.rgbconsulting.com\/es\/producto\/rare-and-lost-tapes\/#primaryimage","url":"https:\/\/wpguerssen-test.odoo.rgbconsulting.com\/wp-content\/uploads\/2023\/11\/45957.jpg","contentUrl":"https:\/\/wpguerssen-test.odoo.rgbconsulting.com\/wp-content\/uploads\/2023\/11\/45957.jpg","width":1440,"height":1440},{"@type":"BreadcrumbList","@id":"https:\/\/wpguerssen-test.odoo.rgbconsulting.com\/es\/producto\/rare-and-lost-tapes\/#breadcrumb","itemListElement":[{"@type":"ListItem","position":1,"name":"Inicio","item":"https:\/\/wpguerssen-test.odoo.rgbconsulting.com\/es\/"},{"@type":"ListItem","position":2,"name":"Shop","item":"https:\/\/wpguerssen-test.odoo.rgbconsulting.com\/shop\/"},{"@type":"ListItem","position":3,"name":"Rare And Lost Tapes"}]},{"@type":"WebSite","@id":"https:\/\/wpguerssen-test.odoo.rgbconsulting.com\/es\/#website","url":"https:\/\/wpguerssen-test.odoo.rgbconsulting.com\/es\/","name":"Guerssen records","description":"psychedelia - progressive - folk - garage ","publisher":{"@id":"https:\/\/wpguerssen-test.odoo.rgbconsulting.com\/es\/#organization"},"potentialAction":[{"@type":"SearchAction","target":{"@type":"EntryPoint","urlTemplate":"https:\/\/wpguerssen-test.odoo.rgbconsulting.com\/es\/?s={search_term_string}"},"query-input":{"@type":"PropertyValueSpecification","valueRequired":true,"valueName":"search_term_string"}}],"inLanguage":"es"},{"@type":"Organization","@id":"https:\/\/wpguerssen-test.odoo.rgbconsulting.com\/es\/#organization","name":"Guerssen records","url":"https:\/\/wpguerssen-test.odoo.rgbconsulting.com\/es\/","logo":{"@type":"ImageObject","inLanguage":"es","@id":"https:\/\/wpguerssen-test.odoo.rgbconsulting.com\/es\/#\/schema\/logo\/image\/","url":"https:\/\/wpguerssen-test.odoo.rgbconsulting.com\/wp-content\/uploads\/2022\/04\/Logo_Guerssen_trans_100.png","contentUrl":"https:\/\/wpguerssen-test.odoo.rgbconsulting.com\/wp-content\/uploads\/2022\/04\/Logo_Guerssen_trans_100.png","width":122,"height":100,"caption":"Guerssen records"},"image":{"@id":"https:\/\/wpguerssen-test.odoo.rgbconsulting.com\/es\/#\/schema\/logo\/image\/"}}]}},"_links":{"self":[{"href":"https:\/\/wpguerssen-test.odoo.rgbconsulting.com\/es\/wp-json\/wp\/v2\/product\/244898","targetHints":{"allow":["GET"]}}],"collection":[{"href":"https:\/\/wpguerssen-test.odoo.rgbconsulting.com\/es\/wp-json\/wp\/v2\/product"}],"about":[{"href":"https:\/\/wpguerssen-test.odoo.rgbconsulting.com\/es\/wp-json\/wp\/v2\/types\/product"}],"wp:featuredmedia":[{"embeddable":true,"href":"https:\/\/wpguerssen-test.odoo.rgbconsulting.com\/es\/wp-json\/wp\/v2\/media\/247280"}],"wp:attachment":[{"href":"https:\/\/wpguerssen-test.odoo.rgbconsulting.com\/es\/wp-json\/wp\/v2\/media?parent=244898"}],"wp:term":[{"taxonomy":"product_brand","embeddable":true,"href":"https:\/\/wpguerssen-test.odoo.rgbconsulting.com\/es\/wp-json\/wp\/v2\/product_brand?post=244898"},{"taxonomy":"product_cat","embeddable":true,"href":"https:\/\/wpguerssen-test.odoo.rgbconsulting.com\/es\/wp-json\/wp\/v2\/product_cat?post=244898"},{"taxonomy":"product_tag","embeddable":true,"href":"https:\/\/wpguerssen-test.odoo.rgbconsulting.com\/es\/wp-json\/wp\/v2\/product_tag?post=244898"}],"curies":[{"name":"wp","href":"https:\/\/api.w.org\/{rel}","templated":true}]}}