{"id":244906,"date":"2022-03-24T00:00:00","date_gmt":"2022-03-23T23:00:00","guid":{"rendered":"https:\/\/wpguerssen-test.odoo.rgbconsulting.com\/product\/human-cries-live-at-the-apollo-oxford-85\/"},"modified":"2024-07-22T17:39:27","modified_gmt":"2024-07-22T15:39:27","slug":"human-cries-live-at-the-apollo-oxford-85","status":"publish","type":"product","link":"https:\/\/wpguerssen-test.odoo.rgbconsulting.com\/es\/producto\/human-cries-live-at-the-apollo-oxford-85\/","title":{"rendered":"Human Cries: Live At The Apollo Oxford 85"},"content":{"rendered":"<p>Este concierto fue la decimotercera fecha de la etapa brit\u00e1nica de la gira Meat Is Murder. Esta etapa de la gira comenz\u00f3 en febrero y finaliz\u00f3 a principios de abril. Para la fecha de Oxford, la radio BBC grab\u00f3 y transmiti\u00f3 14 de las canciones reproducidas.<\/p>\n","protected":false},"excerpt":{"rendered":"<p>Este concierto fue la decimotercera fecha de la etapa brit\u00e1nica de la gira Meat Is Murder. Esta etapa de la gira comenz\u00f3 en febrero y finaliz\u00f3 a principios de abril.<a class=\"read\" href=\"https:\/\/wpguerssen-test.odoo.rgbconsulting.com\/es\/producto\/human-cries-live-at-the-apollo-oxford-85\/\"> (...)<\/a>","protected":false},"featured_media":247292,"template":"","meta":{"_acf_changed":false},"product_brand":[],"product_cat":[23234],"product_tag":[],"class_list":{"0":"post-244906","1":"product","2":"type-product","3":"status-publish","4":"has-post-thumbnail","6":"product_cat-pop-rock-es","7":"pa_artist-smiths-the-es","8":"pa_format-lp-es","9":"pa_gender-pop-rock","10":"pa_label-dear-boss","11":"pa_location-uk-ireland-es","12":"pa_other-filters-vinyl-only-es","14":"first","15":"instock","16":"taxable","17":"shipping-taxable","18":"purchasable","19":"product-type-simple"},"acf":[],"yoast_head":"<!-- This site is optimized with the Yoast SEO plugin v24.9 - https:\/\/yoast.com\/wordpress\/plugins\/seo\/ -->\n<title>SMITHS, The - Human Cries: Live At The Apollo Oxford 85 -  (LP) | Guerssen<\/title>\n<meta name=\"description\" content=\"This gig was the thirteenth date on the UK leg of the Meat Is Murder tour. This leg of the tour started in February and ended in early April. For the Oxford date, BBC radio recorded and broadcast 14 of the songs played.\" \/>\n<meta name=\"robots\" content=\"index, follow, max-snippet:-1, max-image-preview:large, max-video-preview:-1\" \/>\n<link rel=\"canonical\" href=\"https:\/\/wpguerssen-test.odoo.rgbconsulting.com\/es\/producto\/human-cries-live-at-the-apollo-oxford-85\/\" \/>\n<meta property=\"og:locale\" content=\"es_ES\" \/>\n<meta property=\"og:type\" content=\"article\" \/>\n<meta property=\"og:title\" content=\"SMITHS, The - Human Cries: Live At The Apollo Oxford 85 -  (LP) | Guerssen\" \/>\n<meta property=\"og:description\" content=\"This gig was the thirteenth date on the UK leg of the Meat Is Murder tour. This leg of the tour started in February and ended in early April. For the Oxford date, BBC radio recorded and broadcast 14 of the songs played.\" \/>\n<meta property=\"og:url\" content=\"https:\/\/wpguerssen-test.odoo.rgbconsulting.com\/es\/producto\/human-cries-live-at-the-apollo-oxford-85\/\" \/>\n<meta property=\"og:site_name\" content=\"Guerssen records\" \/>\n<meta property=\"article:modified_time\" content=\"2024-07-22T15:39:27+00:00\" \/>\n<meta property=\"og:image\" content=\"https:\/\/wpguerssen-test.odoo.rgbconsulting.com\/wp-content\/uploads\/2023\/11\/45969.jpg\" \/>\n\t<meta property=\"og:image:width\" content=\"587\" \/>\n\t<meta property=\"og:image:height\" content=\"587\" \/>\n\t<meta property=\"og:image:type\" content=\"image\/jpeg\" \/>\n<meta name=\"twitter:card\" content=\"summary_large_image\" \/>\n<meta name=\"twitter:title\" content=\"SMITHS, The - Human Cries: Live At The Apollo Oxford 85 -  (LP) | Guerssen\" \/>\n<script type=\"application\/ld+json\" class=\"yoast-schema-graph\">{\"@context\":\"https:\/\/schema.org\",\"@graph\":[{\"@type\":\"WebPage\",\"@id\":\"https:\/\/wpguerssen-test.odoo.rgbconsulting.com\/es\/producto\/human-cries-live-at-the-apollo-oxford-85\/\",\"url\":\"https:\/\/wpguerssen-test.odoo.rgbconsulting.com\/es\/producto\/human-cries-live-at-the-apollo-oxford-85\/\",\"name\":\"SMITHS, The - Human Cries: Live At The Apollo Oxford 85 - (LP) | Guerssen\",\"isPartOf\":{\"@id\":\"https:\/\/wpguerssen-test.odoo.rgbconsulting.com\/es\/#website\"},\"primaryImageOfPage\":{\"@id\":\"https:\/\/wpguerssen-test.odoo.rgbconsulting.com\/es\/producto\/human-cries-live-at-the-apollo-oxford-85\/#primaryimage\"},\"image\":{\"@id\":\"https:\/\/wpguerssen-test.odoo.rgbconsulting.com\/es\/producto\/human-cries-live-at-the-apollo-oxford-85\/#primaryimage\"},\"thumbnailUrl\":\"https:\/\/wpguerssen-test.odoo.rgbconsulting.com\/wp-content\/uploads\/2023\/11\/45969.jpg\",\"datePublished\":\"2022-03-23T23:00:00+00:00\",\"dateModified\":\"2024-07-22T15:39:27+00:00\",\"description\":\"This gig was the thirteenth date on the UK leg of the Meat Is Murder tour. This leg of the tour started in February and ended in early April. For the Oxford date, BBC radio recorded and broadcast 14 of the songs played.\",\"breadcrumb\":{\"@id\":\"https:\/\/wpguerssen-test.odoo.rgbconsulting.com\/es\/producto\/human-cries-live-at-the-apollo-oxford-85\/#breadcrumb\"},\"inLanguage\":\"es\",\"potentialAction\":[{\"@type\":\"ReadAction\",\"target\":[\"https:\/\/wpguerssen-test.odoo.rgbconsulting.com\/es\/producto\/human-cries-live-at-the-apollo-oxford-85\/\"]}]},{\"@type\":\"ImageObject\",\"inLanguage\":\"es\",\"@id\":\"https:\/\/wpguerssen-test.odoo.rgbconsulting.com\/es\/producto\/human-cries-live-at-the-apollo-oxford-85\/#primaryimage\",\"url\":\"https:\/\/wpguerssen-test.odoo.rgbconsulting.com\/wp-content\/uploads\/2023\/11\/45969.jpg\",\"contentUrl\":\"https:\/\/wpguerssen-test.odoo.rgbconsulting.com\/wp-content\/uploads\/2023\/11\/45969.jpg\",\"width\":587,\"height\":587,\"caption\":\"The - Human Cries: Live At The Apollo Oxford 85 - DEAR BOSS (LP) | Guerssen\"},{\"@type\":\"BreadcrumbList\",\"@id\":\"https:\/\/wpguerssen-test.odoo.rgbconsulting.com\/es\/producto\/human-cries-live-at-the-apollo-oxford-85\/#breadcrumb\",\"itemListElement\":[{\"@type\":\"ListItem\",\"position\":1,\"name\":\"Inicio\",\"item\":\"https:\/\/wpguerssen-test.odoo.rgbconsulting.com\/es\/\"},{\"@type\":\"ListItem\",\"position\":2,\"name\":\"Shop\",\"item\":\"https:\/\/wpguerssen-test.odoo.rgbconsulting.com\/shop\/\"},{\"@type\":\"ListItem\",\"position\":3,\"name\":\"Human Cries: Live At The Apollo Oxford 85\"}]},{\"@type\":\"WebSite\",\"@id\":\"https:\/\/wpguerssen-test.odoo.rgbconsulting.com\/es\/#website\",\"url\":\"https:\/\/wpguerssen-test.odoo.rgbconsulting.com\/es\/\",\"name\":\"Guerssen records\",\"description\":\"psychedelia - progressive - folk - garage \",\"publisher\":{\"@id\":\"https:\/\/wpguerssen-test.odoo.rgbconsulting.com\/es\/#organization\"},\"potentialAction\":[{\"@type\":\"SearchAction\",\"target\":{\"@type\":\"EntryPoint\",\"urlTemplate\":\"https:\/\/wpguerssen-test.odoo.rgbconsulting.com\/es\/?s={search_term_string}\"},\"query-input\":{\"@type\":\"PropertyValueSpecification\",\"valueRequired\":true,\"valueName\":\"search_term_string\"}}],\"inLanguage\":\"es\"},{\"@type\":\"Organization\",\"@id\":\"https:\/\/wpguerssen-test.odoo.rgbconsulting.com\/es\/#organization\",\"name\":\"Guerssen records\",\"url\":\"https:\/\/wpguerssen-test.odoo.rgbconsulting.com\/es\/\",\"logo\":{\"@type\":\"ImageObject\",\"inLanguage\":\"es\",\"@id\":\"https:\/\/wpguerssen-test.odoo.rgbconsulting.com\/es\/#\/schema\/logo\/image\/\",\"url\":\"https:\/\/wpguerssen-test.odoo.rgbconsulting.com\/wp-content\/uploads\/2022\/04\/Logo_Guerssen_trans_100.png\",\"contentUrl\":\"https:\/\/wpguerssen-test.odoo.rgbconsulting.com\/wp-content\/uploads\/2022\/04\/Logo_Guerssen_trans_100.png\",\"width\":122,\"height\":100,\"caption\":\"Guerssen records\"},\"image\":{\"@id\":\"https:\/\/wpguerssen-test.odoo.rgbconsulting.com\/es\/#\/schema\/logo\/image\/\"}}]}<\/script>\n<!-- \/ Yoast SEO plugin. -->","yoast_head_json":{"title":"SMITHS, The - Human Cries: Live At The Apollo Oxford 85 -  (LP) | Guerssen","description":"This gig was the thirteenth date on the UK leg of the Meat Is Murder tour. This leg of the tour started in February and ended in early April. For the Oxford date, BBC radio recorded and broadcast 14 of the songs played.","robots":{"index":"index","follow":"follow","max-snippet":"max-snippet:-1","max-image-preview":"max-image-preview:large","max-video-preview":"max-video-preview:-1"},"canonical":"https:\/\/wpguerssen-test.odoo.rgbconsulting.com\/es\/producto\/human-cries-live-at-the-apollo-oxford-85\/","og_locale":"es_ES","og_type":"article","og_title":"SMITHS, The - Human Cries: Live At The Apollo Oxford 85 -  (LP) | Guerssen","og_description":"This gig was the thirteenth date on the UK leg of the Meat Is Murder tour. This leg of the tour started in February and ended in early April. For the Oxford date, BBC radio recorded and broadcast 14 of the songs played.","og_url":"https:\/\/wpguerssen-test.odoo.rgbconsulting.com\/es\/producto\/human-cries-live-at-the-apollo-oxford-85\/","og_site_name":"Guerssen records","article_modified_time":"2024-07-22T15:39:27+00:00","og_image":[{"width":587,"height":587,"url":"https:\/\/wpguerssen-test.odoo.rgbconsulting.com\/wp-content\/uploads\/2023\/11\/45969.jpg","type":"image\/jpeg"}],"twitter_card":"summary_large_image","twitter_title":"SMITHS, The - Human Cries: Live At The Apollo Oxford 85 -  (LP) | Guerssen","schema":{"@context":"https:\/\/schema.org","@graph":[{"@type":"WebPage","@id":"https:\/\/wpguerssen-test.odoo.rgbconsulting.com\/es\/producto\/human-cries-live-at-the-apollo-oxford-85\/","url":"https:\/\/wpguerssen-test.odoo.rgbconsulting.com\/es\/producto\/human-cries-live-at-the-apollo-oxford-85\/","name":"SMITHS, The - Human Cries: Live At The Apollo Oxford 85 - (LP) | Guerssen","isPartOf":{"@id":"https:\/\/wpguerssen-test.odoo.rgbconsulting.com\/es\/#website"},"primaryImageOfPage":{"@id":"https:\/\/wpguerssen-test.odoo.rgbconsulting.com\/es\/producto\/human-cries-live-at-the-apollo-oxford-85\/#primaryimage"},"image":{"@id":"https:\/\/wpguerssen-test.odoo.rgbconsulting.com\/es\/producto\/human-cries-live-at-the-apollo-oxford-85\/#primaryimage"},"thumbnailUrl":"https:\/\/wpguerssen-test.odoo.rgbconsulting.com\/wp-content\/uploads\/2023\/11\/45969.jpg","datePublished":"2022-03-23T23:00:00+00:00","dateModified":"2024-07-22T15:39:27+00:00","description":"This gig was the thirteenth date on the UK leg of the Meat Is Murder tour. This leg of the tour started in February and ended in early April. For the Oxford date, BBC radio recorded and broadcast 14 of the songs played.","breadcrumb":{"@id":"https:\/\/wpguerssen-test.odoo.rgbconsulting.com\/es\/producto\/human-cries-live-at-the-apollo-oxford-85\/#breadcrumb"},"inLanguage":"es","potentialAction":[{"@type":"ReadAction","target":["https:\/\/wpguerssen-test.odoo.rgbconsulting.com\/es\/producto\/human-cries-live-at-the-apollo-oxford-85\/"]}]},{"@type":"ImageObject","inLanguage":"es","@id":"https:\/\/wpguerssen-test.odoo.rgbconsulting.com\/es\/producto\/human-cries-live-at-the-apollo-oxford-85\/#primaryimage","url":"https:\/\/wpguerssen-test.odoo.rgbconsulting.com\/wp-content\/uploads\/2023\/11\/45969.jpg","contentUrl":"https:\/\/wpguerssen-test.odoo.rgbconsulting.com\/wp-content\/uploads\/2023\/11\/45969.jpg","width":587,"height":587,"caption":"The - Human Cries: Live At The Apollo Oxford 85 - DEAR BOSS (LP) | Guerssen"},{"@type":"BreadcrumbList","@id":"https:\/\/wpguerssen-test.odoo.rgbconsulting.com\/es\/producto\/human-cries-live-at-the-apollo-oxford-85\/#breadcrumb","itemListElement":[{"@type":"ListItem","position":1,"name":"Inicio","item":"https:\/\/wpguerssen-test.odoo.rgbconsulting.com\/es\/"},{"@type":"ListItem","position":2,"name":"Shop","item":"https:\/\/wpguerssen-test.odoo.rgbconsulting.com\/shop\/"},{"@type":"ListItem","position":3,"name":"Human Cries: Live At The Apollo Oxford 85"}]},{"@type":"WebSite","@id":"https:\/\/wpguerssen-test.odoo.rgbconsulting.com\/es\/#website","url":"https:\/\/wpguerssen-test.odoo.rgbconsulting.com\/es\/","name":"Guerssen records","description":"psychedelia - progressive - folk - garage ","publisher":{"@id":"https:\/\/wpguerssen-test.odoo.rgbconsulting.com\/es\/#organization"},"potentialAction":[{"@type":"SearchAction","target":{"@type":"EntryPoint","urlTemplate":"https:\/\/wpguerssen-test.odoo.rgbconsulting.com\/es\/?s={search_term_string}"},"query-input":{"@type":"PropertyValueSpecification","valueRequired":true,"valueName":"search_term_string"}}],"inLanguage":"es"},{"@type":"Organization","@id":"https:\/\/wpguerssen-test.odoo.rgbconsulting.com\/es\/#organization","name":"Guerssen records","url":"https:\/\/wpguerssen-test.odoo.rgbconsulting.com\/es\/","logo":{"@type":"ImageObject","inLanguage":"es","@id":"https:\/\/wpguerssen-test.odoo.rgbconsulting.com\/es\/#\/schema\/logo\/image\/","url":"https:\/\/wpguerssen-test.odoo.rgbconsulting.com\/wp-content\/uploads\/2022\/04\/Logo_Guerssen_trans_100.png","contentUrl":"https:\/\/wpguerssen-test.odoo.rgbconsulting.com\/wp-content\/uploads\/2022\/04\/Logo_Guerssen_trans_100.png","width":122,"height":100,"caption":"Guerssen records"},"image":{"@id":"https:\/\/wpguerssen-test.odoo.rgbconsulting.com\/es\/#\/schema\/logo\/image\/"}}]}},"_links":{"self":[{"href":"https:\/\/wpguerssen-test.odoo.rgbconsulting.com\/es\/wp-json\/wp\/v2\/product\/244906","targetHints":{"allow":["GET"]}}],"collection":[{"href":"https:\/\/wpguerssen-test.odoo.rgbconsulting.com\/es\/wp-json\/wp\/v2\/product"}],"about":[{"href":"https:\/\/wpguerssen-test.odoo.rgbconsulting.com\/es\/wp-json\/wp\/v2\/types\/product"}],"wp:featuredmedia":[{"embeddable":true,"href":"https:\/\/wpguerssen-test.odoo.rgbconsulting.com\/es\/wp-json\/wp\/v2\/media\/247292"}],"wp:attachment":[{"href":"https:\/\/wpguerssen-test.odoo.rgbconsulting.com\/es\/wp-json\/wp\/v2\/media?parent=244906"}],"wp:term":[{"taxonomy":"product_brand","embeddable":true,"href":"https:\/\/wpguerssen-test.odoo.rgbconsulting.com\/es\/wp-json\/wp\/v2\/product_brand?post=244906"},{"taxonomy":"product_cat","embeddable":true,"href":"https:\/\/wpguerssen-test.odoo.rgbconsulting.com\/es\/wp-json\/wp\/v2\/product_cat?post=244906"},{"taxonomy":"product_tag","embeddable":true,"href":"https:\/\/wpguerssen-test.odoo.rgbconsulting.com\/es\/wp-json\/wp\/v2\/product_tag?post=244906"}],"curies":[{"name":"wp","href":"https:\/\/api.w.org\/{rel}","templated":true}]}}