{"id":244963,"date":"2023-12-14T00:00:00","date_gmt":"2023-12-13T23:00:00","guid":{"rendered":"https:\/\/wpguerssen-test.odoo.rgbconsulting.com\/product\/live-in-paris-1970-3\/"},"modified":"2024-04-30T11:24:34","modified_gmt":"2024-04-30T09:24:34","slug":"live-in-paris-1970-3","status":"publish","type":"product","link":"https:\/\/wpguerssen-test.odoo.rgbconsulting.com\/es\/producto\/live-in-paris-1970-3\/","title":{"rendered":"Live In Paris 1970"},"content":{"rendered":"<p>Este es el \u00fanico que Rahsaan Roland Kirk capt\u00f3 en vivo en Par\u00eds en 1970 con una de las mejores alineaciones de su historia. Un quinteto distintivo con Ron Burton al piano, el bajista Vernon Martin, el gran baterista Jerome Cooper, conocido principalmente como miembro del m\u00edtico Revolutionary Ensemble, y el colorido trabajo de percusi\u00f3n de Joe Habao Texidor. Rahsaan muestra una excelente lista de canciones que incluye composiciones originales como el himno \u00abVoluntary Slavery\u00bb y una amplia selecci\u00f3n de est\u00e1ndares, desde Cole Porter hasta Stevie Wonder, como material inspirador para improvisaciones contagiosas y llenas de ritmo frente a un p\u00fablico parisino muy receptivo, todo esto en los mismos albores de los a\u00f1os setenta.<\/p>\n","protected":false},"excerpt":{"rendered":"<p>Este es el \u00fanico que Rahsaan Roland Kirk capt\u00f3 en vivo en Par\u00eds en 1970 con una de las mejores alineaciones de su historia. Un quinteto distintivo con Ron Burton<a class=\"read\" href=\"https:\/\/wpguerssen-test.odoo.rgbconsulting.com\/es\/producto\/live-in-paris-1970-3\/\"> (...)<\/a>","protected":false},"featured_media":247304,"template":"","meta":{"_acf_changed":false},"product_brand":[],"product_cat":[23227],"product_tag":[],"class_list":{"0":"post-244963","1":"product","2":"type-product","3":"status-publish","4":"has-post-thumbnail","6":"product_cat-jazz-es","7":"pa_artist-roland-kirk-rahsaan","8":"pa_format-2lp-es","9":"pa_gender-jazz","10":"pa_label-whp","11":"pa_location-north-america-es","12":"pa_other-filters-vinyl-only-es","14":"first","15":"instock","16":"taxable","17":"shipping-taxable","18":"purchasable","19":"product-type-simple"},"acf":[],"yoast_head":"<!-- This site is optimized with the Yoast SEO plugin v24.9 - https:\/\/yoast.com\/wordpress\/plugins\/seo\/ -->\n<title>ROLAND KIRK, Rahsaan - Live In Paris 1970 -  (2LP) | Guerssen<\/title>\n<meta name=\"description\" content=\"This is the one and only Rahsaan Roland Kirk caught Live in Paris in 1970 with one of his best lineups ever. A distinctive quintet featuring Ron Burton on piano, bassist Vernon Martin, drummer great Jerome Cooper, mostly known as member of the mythical Revolutionary Ensemble, and the colourful percussion work of Joe Habao Texidor. Rahsan displays a fine set list including original compositions like the anthemic &quot;Voluntary Slavery&quot; and a wide selection of standards, from Cole Porter to Stevie Wonder, as inspirational material for infectious, groovy improvisations in front of a very receptive Parisian audience, all this at the very dawn of the Seventies.\" \/>\n<meta name=\"robots\" content=\"index, follow, max-snippet:-1, max-image-preview:large, max-video-preview:-1\" \/>\n<link rel=\"canonical\" href=\"https:\/\/wpguerssen-test.odoo.rgbconsulting.com\/es\/producto\/live-in-paris-1970-3\/\" \/>\n<meta property=\"og:locale\" content=\"es_ES\" \/>\n<meta property=\"og:type\" content=\"article\" \/>\n<meta property=\"og:title\" content=\"ROLAND KIRK, Rahsaan - Live In Paris 1970 -  (2LP) | Guerssen\" \/>\n<meta property=\"og:description\" content=\"This is the one and only Rahsaan Roland Kirk caught Live in Paris in 1970 with one of his best lineups ever. A distinctive quintet featuring Ron Burton on piano, bassist Vernon Martin, drummer great Jerome Cooper, mostly known as member of the mythical Revolutionary Ensemble, and the colourful percussion work of Joe Habao Texidor. Rahsan displays a fine set list including original compositions like the anthemic &quot;Voluntary Slavery&quot; and a wide selection of standards, from Cole Porter to Stevie Wonder, as inspirational material for infectious, groovy improvisations in front of a very receptive Parisian audience, all this at the very dawn of the Seventies.\" \/>\n<meta property=\"og:url\" content=\"https:\/\/wpguerssen-test.odoo.rgbconsulting.com\/es\/producto\/live-in-paris-1970-3\/\" \/>\n<meta property=\"og:site_name\" content=\"Guerssen records\" \/>\n<meta property=\"article:modified_time\" content=\"2024-04-30T09:24:34+00:00\" \/>\n<meta property=\"og:image\" content=\"https:\/\/wpguerssen-test.odoo.rgbconsulting.com\/wp-content\/uploads\/2023\/11\/45984.jpg\" \/>\n\t<meta property=\"og:image:width\" content=\"1181\" \/>\n\t<meta property=\"og:image:height\" content=\"1186\" \/>\n\t<meta property=\"og:image:type\" content=\"image\/jpeg\" \/>\n<meta name=\"twitter:card\" content=\"summary_large_image\" \/>\n<meta name=\"twitter:title\" content=\"ROLAND KIRK, Rahsaan - Live In Paris 1970 -  (2LP) | Guerssen\" \/>\n<meta name=\"twitter:label1\" content=\"Tiempo de lectura\" \/>\n\t<meta name=\"twitter:data1\" content=\"1 minuto\" \/>\n<script type=\"application\/ld+json\" class=\"yoast-schema-graph\">{\"@context\":\"https:\/\/schema.org\",\"@graph\":[{\"@type\":\"WebPage\",\"@id\":\"https:\/\/wpguerssen-test.odoo.rgbconsulting.com\/es\/producto\/live-in-paris-1970-3\/\",\"url\":\"https:\/\/wpguerssen-test.odoo.rgbconsulting.com\/es\/producto\/live-in-paris-1970-3\/\",\"name\":\"ROLAND KIRK, Rahsaan - Live In Paris 1970 - (2LP) | Guerssen\",\"isPartOf\":{\"@id\":\"https:\/\/wpguerssen-test.odoo.rgbconsulting.com\/es\/#website\"},\"primaryImageOfPage\":{\"@id\":\"https:\/\/wpguerssen-test.odoo.rgbconsulting.com\/es\/producto\/live-in-paris-1970-3\/#primaryimage\"},\"image\":{\"@id\":\"https:\/\/wpguerssen-test.odoo.rgbconsulting.com\/es\/producto\/live-in-paris-1970-3\/#primaryimage\"},\"thumbnailUrl\":\"https:\/\/wpguerssen-test.odoo.rgbconsulting.com\/wp-content\/uploads\/2023\/11\/45984.jpg\",\"datePublished\":\"2023-12-13T23:00:00+00:00\",\"dateModified\":\"2024-04-30T09:24:34+00:00\",\"description\":\"This is the one and only Rahsaan Roland Kirk caught Live in Paris in 1970 with one of his best lineups ever. A distinctive quintet featuring Ron Burton on piano, bassist Vernon Martin, drummer great Jerome Cooper, mostly known as member of the mythical Revolutionary Ensemble, and the colourful percussion work of Joe Habao Texidor. Rahsan displays a fine set list including original compositions like the anthemic \\\"Voluntary Slavery\\\" and a wide selection of standards, from Cole Porter to Stevie Wonder, as inspirational material for infectious, groovy improvisations in front of a very receptive Parisian audience, all this at the very dawn of the Seventies.\",\"breadcrumb\":{\"@id\":\"https:\/\/wpguerssen-test.odoo.rgbconsulting.com\/es\/producto\/live-in-paris-1970-3\/#breadcrumb\"},\"inLanguage\":\"es\",\"potentialAction\":[{\"@type\":\"ReadAction\",\"target\":[\"https:\/\/wpguerssen-test.odoo.rgbconsulting.com\/es\/producto\/live-in-paris-1970-3\/\"]}]},{\"@type\":\"ImageObject\",\"inLanguage\":\"es\",\"@id\":\"https:\/\/wpguerssen-test.odoo.rgbconsulting.com\/es\/producto\/live-in-paris-1970-3\/#primaryimage\",\"url\":\"https:\/\/wpguerssen-test.odoo.rgbconsulting.com\/wp-content\/uploads\/2023\/11\/45984.jpg\",\"contentUrl\":\"https:\/\/wpguerssen-test.odoo.rgbconsulting.com\/wp-content\/uploads\/2023\/11\/45984.jpg\",\"width\":1181,\"height\":1186,\"caption\":\"Rahsaan - Live In Paris 1970 - WHP (2LP) | Guerssen\"},{\"@type\":\"BreadcrumbList\",\"@id\":\"https:\/\/wpguerssen-test.odoo.rgbconsulting.com\/es\/producto\/live-in-paris-1970-3\/#breadcrumb\",\"itemListElement\":[{\"@type\":\"ListItem\",\"position\":1,\"name\":\"Inicio\",\"item\":\"https:\/\/wpguerssen-test.odoo.rgbconsulting.com\/es\/\"},{\"@type\":\"ListItem\",\"position\":2,\"name\":\"Shop\",\"item\":\"https:\/\/wpguerssen-test.odoo.rgbconsulting.com\/shop\/\"},{\"@type\":\"ListItem\",\"position\":3,\"name\":\"Live In Paris 1970\"}]},{\"@type\":\"WebSite\",\"@id\":\"https:\/\/wpguerssen-test.odoo.rgbconsulting.com\/es\/#website\",\"url\":\"https:\/\/wpguerssen-test.odoo.rgbconsulting.com\/es\/\",\"name\":\"Guerssen records\",\"description\":\"psychedelia - progressive - folk - garage \",\"publisher\":{\"@id\":\"https:\/\/wpguerssen-test.odoo.rgbconsulting.com\/es\/#organization\"},\"potentialAction\":[{\"@type\":\"SearchAction\",\"target\":{\"@type\":\"EntryPoint\",\"urlTemplate\":\"https:\/\/wpguerssen-test.odoo.rgbconsulting.com\/es\/?s={search_term_string}\"},\"query-input\":{\"@type\":\"PropertyValueSpecification\",\"valueRequired\":true,\"valueName\":\"search_term_string\"}}],\"inLanguage\":\"es\"},{\"@type\":\"Organization\",\"@id\":\"https:\/\/wpguerssen-test.odoo.rgbconsulting.com\/es\/#organization\",\"name\":\"Guerssen records\",\"url\":\"https:\/\/wpguerssen-test.odoo.rgbconsulting.com\/es\/\",\"logo\":{\"@type\":\"ImageObject\",\"inLanguage\":\"es\",\"@id\":\"https:\/\/wpguerssen-test.odoo.rgbconsulting.com\/es\/#\/schema\/logo\/image\/\",\"url\":\"https:\/\/wpguerssen-test.odoo.rgbconsulting.com\/wp-content\/uploads\/2022\/04\/Logo_Guerssen_trans_100.png\",\"contentUrl\":\"https:\/\/wpguerssen-test.odoo.rgbconsulting.com\/wp-content\/uploads\/2022\/04\/Logo_Guerssen_trans_100.png\",\"width\":122,\"height\":100,\"caption\":\"Guerssen records\"},\"image\":{\"@id\":\"https:\/\/wpguerssen-test.odoo.rgbconsulting.com\/es\/#\/schema\/logo\/image\/\"}}]}<\/script>\n<!-- \/ Yoast SEO plugin. -->","yoast_head_json":{"title":"ROLAND KIRK, Rahsaan - Live In Paris 1970 -  (2LP) | Guerssen","description":"This is the one and only Rahsaan Roland Kirk caught Live in Paris in 1970 with one of his best lineups ever. A distinctive quintet featuring Ron Burton on piano, bassist Vernon Martin, drummer great Jerome Cooper, mostly known as member of the mythical Revolutionary Ensemble, and the colourful percussion work of Joe Habao Texidor. Rahsan displays a fine set list including original compositions like the anthemic \"Voluntary Slavery\" and a wide selection of standards, from Cole Porter to Stevie Wonder, as inspirational material for infectious, groovy improvisations in front of a very receptive Parisian audience, all this at the very dawn of the Seventies.","robots":{"index":"index","follow":"follow","max-snippet":"max-snippet:-1","max-image-preview":"max-image-preview:large","max-video-preview":"max-video-preview:-1"},"canonical":"https:\/\/wpguerssen-test.odoo.rgbconsulting.com\/es\/producto\/live-in-paris-1970-3\/","og_locale":"es_ES","og_type":"article","og_title":"ROLAND KIRK, Rahsaan - Live In Paris 1970 -  (2LP) | Guerssen","og_description":"This is the one and only Rahsaan Roland Kirk caught Live in Paris in 1970 with one of his best lineups ever. A distinctive quintet featuring Ron Burton on piano, bassist Vernon Martin, drummer great Jerome Cooper, mostly known as member of the mythical Revolutionary Ensemble, and the colourful percussion work of Joe Habao Texidor. Rahsan displays a fine set list including original compositions like the anthemic \"Voluntary Slavery\" and a wide selection of standards, from Cole Porter to Stevie Wonder, as inspirational material for infectious, groovy improvisations in front of a very receptive Parisian audience, all this at the very dawn of the Seventies.","og_url":"https:\/\/wpguerssen-test.odoo.rgbconsulting.com\/es\/producto\/live-in-paris-1970-3\/","og_site_name":"Guerssen records","article_modified_time":"2024-04-30T09:24:34+00:00","og_image":[{"width":1181,"height":1186,"url":"https:\/\/wpguerssen-test.odoo.rgbconsulting.com\/wp-content\/uploads\/2023\/11\/45984.jpg","type":"image\/jpeg"}],"twitter_card":"summary_large_image","twitter_title":"ROLAND KIRK, Rahsaan - Live In Paris 1970 -  (2LP) | Guerssen","twitter_misc":{"Tiempo de lectura":"1 minuto"},"schema":{"@context":"https:\/\/schema.org","@graph":[{"@type":"WebPage","@id":"https:\/\/wpguerssen-test.odoo.rgbconsulting.com\/es\/producto\/live-in-paris-1970-3\/","url":"https:\/\/wpguerssen-test.odoo.rgbconsulting.com\/es\/producto\/live-in-paris-1970-3\/","name":"ROLAND KIRK, Rahsaan - Live In Paris 1970 - (2LP) | Guerssen","isPartOf":{"@id":"https:\/\/wpguerssen-test.odoo.rgbconsulting.com\/es\/#website"},"primaryImageOfPage":{"@id":"https:\/\/wpguerssen-test.odoo.rgbconsulting.com\/es\/producto\/live-in-paris-1970-3\/#primaryimage"},"image":{"@id":"https:\/\/wpguerssen-test.odoo.rgbconsulting.com\/es\/producto\/live-in-paris-1970-3\/#primaryimage"},"thumbnailUrl":"https:\/\/wpguerssen-test.odoo.rgbconsulting.com\/wp-content\/uploads\/2023\/11\/45984.jpg","datePublished":"2023-12-13T23:00:00+00:00","dateModified":"2024-04-30T09:24:34+00:00","description":"This is the one and only Rahsaan Roland Kirk caught Live in Paris in 1970 with one of his best lineups ever. A distinctive quintet featuring Ron Burton on piano, bassist Vernon Martin, drummer great Jerome Cooper, mostly known as member of the mythical Revolutionary Ensemble, and the colourful percussion work of Joe Habao Texidor. Rahsan displays a fine set list including original compositions like the anthemic \"Voluntary Slavery\" and a wide selection of standards, from Cole Porter to Stevie Wonder, as inspirational material for infectious, groovy improvisations in front of a very receptive Parisian audience, all this at the very dawn of the Seventies.","breadcrumb":{"@id":"https:\/\/wpguerssen-test.odoo.rgbconsulting.com\/es\/producto\/live-in-paris-1970-3\/#breadcrumb"},"inLanguage":"es","potentialAction":[{"@type":"ReadAction","target":["https:\/\/wpguerssen-test.odoo.rgbconsulting.com\/es\/producto\/live-in-paris-1970-3\/"]}]},{"@type":"ImageObject","inLanguage":"es","@id":"https:\/\/wpguerssen-test.odoo.rgbconsulting.com\/es\/producto\/live-in-paris-1970-3\/#primaryimage","url":"https:\/\/wpguerssen-test.odoo.rgbconsulting.com\/wp-content\/uploads\/2023\/11\/45984.jpg","contentUrl":"https:\/\/wpguerssen-test.odoo.rgbconsulting.com\/wp-content\/uploads\/2023\/11\/45984.jpg","width":1181,"height":1186,"caption":"Rahsaan - Live In Paris 1970 - WHP (2LP) | Guerssen"},{"@type":"BreadcrumbList","@id":"https:\/\/wpguerssen-test.odoo.rgbconsulting.com\/es\/producto\/live-in-paris-1970-3\/#breadcrumb","itemListElement":[{"@type":"ListItem","position":1,"name":"Inicio","item":"https:\/\/wpguerssen-test.odoo.rgbconsulting.com\/es\/"},{"@type":"ListItem","position":2,"name":"Shop","item":"https:\/\/wpguerssen-test.odoo.rgbconsulting.com\/shop\/"},{"@type":"ListItem","position":3,"name":"Live In Paris 1970"}]},{"@type":"WebSite","@id":"https:\/\/wpguerssen-test.odoo.rgbconsulting.com\/es\/#website","url":"https:\/\/wpguerssen-test.odoo.rgbconsulting.com\/es\/","name":"Guerssen records","description":"psychedelia - progressive - folk - garage ","publisher":{"@id":"https:\/\/wpguerssen-test.odoo.rgbconsulting.com\/es\/#organization"},"potentialAction":[{"@type":"SearchAction","target":{"@type":"EntryPoint","urlTemplate":"https:\/\/wpguerssen-test.odoo.rgbconsulting.com\/es\/?s={search_term_string}"},"query-input":{"@type":"PropertyValueSpecification","valueRequired":true,"valueName":"search_term_string"}}],"inLanguage":"es"},{"@type":"Organization","@id":"https:\/\/wpguerssen-test.odoo.rgbconsulting.com\/es\/#organization","name":"Guerssen records","url":"https:\/\/wpguerssen-test.odoo.rgbconsulting.com\/es\/","logo":{"@type":"ImageObject","inLanguage":"es","@id":"https:\/\/wpguerssen-test.odoo.rgbconsulting.com\/es\/#\/schema\/logo\/image\/","url":"https:\/\/wpguerssen-test.odoo.rgbconsulting.com\/wp-content\/uploads\/2022\/04\/Logo_Guerssen_trans_100.png","contentUrl":"https:\/\/wpguerssen-test.odoo.rgbconsulting.com\/wp-content\/uploads\/2022\/04\/Logo_Guerssen_trans_100.png","width":122,"height":100,"caption":"Guerssen records"},"image":{"@id":"https:\/\/wpguerssen-test.odoo.rgbconsulting.com\/es\/#\/schema\/logo\/image\/"}}]}},"_links":{"self":[{"href":"https:\/\/wpguerssen-test.odoo.rgbconsulting.com\/es\/wp-json\/wp\/v2\/product\/244963","targetHints":{"allow":["GET"]}}],"collection":[{"href":"https:\/\/wpguerssen-test.odoo.rgbconsulting.com\/es\/wp-json\/wp\/v2\/product"}],"about":[{"href":"https:\/\/wpguerssen-test.odoo.rgbconsulting.com\/es\/wp-json\/wp\/v2\/types\/product"}],"wp:featuredmedia":[{"embeddable":true,"href":"https:\/\/wpguerssen-test.odoo.rgbconsulting.com\/es\/wp-json\/wp\/v2\/media\/247304"}],"wp:attachment":[{"href":"https:\/\/wpguerssen-test.odoo.rgbconsulting.com\/es\/wp-json\/wp\/v2\/media?parent=244963"}],"wp:term":[{"taxonomy":"product_brand","embeddable":true,"href":"https:\/\/wpguerssen-test.odoo.rgbconsulting.com\/es\/wp-json\/wp\/v2\/product_brand?post=244963"},{"taxonomy":"product_cat","embeddable":true,"href":"https:\/\/wpguerssen-test.odoo.rgbconsulting.com\/es\/wp-json\/wp\/v2\/product_cat?post=244963"},{"taxonomy":"product_tag","embeddable":true,"href":"https:\/\/wpguerssen-test.odoo.rgbconsulting.com\/es\/wp-json\/wp\/v2\/product_tag?post=244963"}],"curies":[{"name":"wp","href":"https:\/\/api.w.org\/{rel}","templated":true}]}}