{"id":245242,"date":"2025-04-22T00:00:00","date_gmt":"2025-04-21T22:00:00","guid":{"rendered":"https:\/\/wpguerssen-test.odoo.rgbconsulting.com\/product\/down-in-the-bunker\/"},"modified":"2025-04-29T13:34:14","modified_gmt":"2025-04-29T11:34:14","slug":"down-in-the-bunker","status":"publish","type":"product","link":"https:\/\/wpguerssen-test.odoo.rgbconsulting.com\/es\/producto\/down-in-the-bunker\/","title":{"rendered":"Down In The Bunker"},"content":{"rendered":"<p>Presentada aqu\u00ed, la reedici\u00f3n definitiva de un \u00e1lbum de Krautrock elogiado e incomprendido, Down in the Bunker de German Oak. La liberaci\u00f3n ha sido fetichizada y demonizada, elogiada e incomprendida durante d\u00e9cadas.En esta reedici\u00f3n definitiva del \u00e1lbum, el tr\u00edo alem\u00e1n Oak, reunidos de nuevo despu\u00e9s de 30 a\u00f1os separados, han aprobado la remasterizaci\u00f3n de su m\u00fasica de los 70; finalmente cuentan la historia detr\u00e1s de la creaci\u00f3n de su \u00e1lbum oscuro y melanc\u00f3lico, y el coleccionista de discos obsesionado con lo oculto detr\u00e1s del lanzamiento del \u00e1lbum original y su mito, y comparten m\u00fasica in\u00e9dita.<br \/>Este conjunto de dos LP presenta el \u00e1lbum tal como fue lanzado inicialmente, y un segundo disco de las otras dos canciones de la banda, raras e in\u00e9ditas.<\/p>\n","protected":false},"excerpt":{"rendered":"<p>Presentada aqu\u00ed, la reedici\u00f3n definitiva de un \u00e1lbum de Krautrock elogiado e incomprendido, Down in the Bunker de German Oak. La liberaci\u00f3n ha sido fetichizada<a class=\"read\" href=\"https:\/\/wpguerssen-test.odoo.rgbconsulting.com\/es\/producto\/down-in-the-bunker\/\"> (...)<\/a>","protected":false},"featured_media":245343,"template":"","meta":{"_acf_changed":false},"product_brand":[],"product_cat":[21639,23230],"product_tag":[24185],"class_list":{"0":"post-245242","1":"product","2":"type-product","3":"status-publish","4":"has-post-thumbnail","6":"product_cat-psychedelic60s-70s-es","7":"product_cat-krautrock-es-2","8":"product_tag-de-nuevo-en-existencia","9":"pa_artist-german-oak","10":"pa_format-2lp-es","11":"pa_gender-krautrock-psychedelic60s-70s","12":"pa_label-now-again","13":"pa_location-europe-es","14":"pa_other-filters-vinyl-only-es","16":"first","17":"instock","18":"taxable","19":"shipping-taxable","20":"purchasable","21":"product-type-simple"},"acf":[],"yoast_head":"<!-- This site is optimized with the Yoast SEO plugin v24.9 - https:\/\/yoast.com\/wordpress\/plugins\/seo\/ -->\n<title>GERMAN OAK - Down In The Bunker -  (2LP) | Guerssen<\/title>\n<meta name=\"description\" content=\"Presented here, the definitive reissue of a lauded and misunderstood Krautrock album, German Oak&#039;s Down in the Bunker. The release has been fetishized and demonized, lauded and misunderstood for decades.In this definitive reissue of the album, the German Oak trio - together again after 30 years apart - have approved the remastering of their 70s music; finally tell the story behind the creation of their dark, brooding album - and the occult-obsessed record collector behind the original album&#039;s release and its myth - and they share previously unreleased music.This two LP set presents the album as it was initially released, and a second disc of other songs by the band, both rare and previously unreleased.\" \/>\n<meta name=\"robots\" content=\"index, follow, max-snippet:-1, max-image-preview:large, max-video-preview:-1\" \/>\n<link rel=\"canonical\" href=\"https:\/\/wpguerssen-test.odoo.rgbconsulting.com\/es\/producto\/down-in-the-bunker\/\" \/>\n<meta property=\"og:locale\" content=\"es_ES\" \/>\n<meta property=\"og:type\" content=\"article\" \/>\n<meta property=\"og:title\" content=\"GERMAN OAK - Down In The Bunker -  (2LP) | Guerssen\" \/>\n<meta property=\"og:description\" content=\"Presented here, the definitive reissue of a lauded and misunderstood Krautrock album, German Oak&#039;s Down in the Bunker. The release has been fetishized and demonized, lauded and misunderstood for decades.In this definitive reissue of the album, the German Oak trio - together again after 30 years apart - have approved the remastering of their 70s music; finally tell the story behind the creation of their dark, brooding album - and the occult-obsessed record collector behind the original album&#039;s release and its myth - and they share previously unreleased music.This two LP set presents the album as it was initially released, and a second disc of other songs by the band, both rare and previously unreleased.\" \/>\n<meta property=\"og:url\" content=\"https:\/\/wpguerssen-test.odoo.rgbconsulting.com\/es\/producto\/down-in-the-bunker\/\" \/>\n<meta property=\"og:site_name\" content=\"Guerssen records\" \/>\n<meta property=\"article:modified_time\" content=\"2025-04-29T11:34:14+00:00\" \/>\n<meta property=\"og:image\" content=\"https:\/\/wpguerssen-test.odoo.rgbconsulting.com\/wp-content\/uploads\/2023\/11\/46076.png\" \/>\n\t<meta property=\"og:image:width\" content=\"243\" \/>\n\t<meta property=\"og:image:height\" content=\"243\" \/>\n\t<meta property=\"og:image:type\" content=\"image\/png\" \/>\n<meta name=\"twitter:card\" content=\"summary_large_image\" \/>\n<meta name=\"twitter:title\" content=\"GERMAN OAK - Down In The Bunker -  (2LP) | Guerssen\" \/>\n<meta name=\"twitter:label1\" content=\"Tiempo de lectura\" \/>\n\t<meta name=\"twitter:data1\" content=\"1 minuto\" \/>\n<script type=\"application\/ld+json\" class=\"yoast-schema-graph\">{\"@context\":\"https:\/\/schema.org\",\"@graph\":[{\"@type\":\"WebPage\",\"@id\":\"https:\/\/wpguerssen-test.odoo.rgbconsulting.com\/es\/producto\/down-in-the-bunker\/\",\"url\":\"https:\/\/wpguerssen-test.odoo.rgbconsulting.com\/es\/producto\/down-in-the-bunker\/\",\"name\":\"GERMAN OAK - Down In The Bunker - (2LP) | Guerssen\",\"isPartOf\":{\"@id\":\"https:\/\/wpguerssen-test.odoo.rgbconsulting.com\/es\/#website\"},\"primaryImageOfPage\":{\"@id\":\"https:\/\/wpguerssen-test.odoo.rgbconsulting.com\/es\/producto\/down-in-the-bunker\/#primaryimage\"},\"image\":{\"@id\":\"https:\/\/wpguerssen-test.odoo.rgbconsulting.com\/es\/producto\/down-in-the-bunker\/#primaryimage\"},\"thumbnailUrl\":\"https:\/\/wpguerssen-test.odoo.rgbconsulting.com\/wp-content\/uploads\/2023\/11\/46076.png\",\"datePublished\":\"2025-04-21T22:00:00+00:00\",\"dateModified\":\"2025-04-29T11:34:14+00:00\",\"description\":\"Presented here, the definitive reissue of a lauded and misunderstood Krautrock album, German Oak's Down in the Bunker. The release has been fetishized and demonized, lauded and misunderstood for decades.In this definitive reissue of the album, the German Oak trio - together again after 30 years apart - have approved the remastering of their 70s music; finally tell the story behind the creation of their dark, brooding album - and the occult-obsessed record collector behind the original album's release and its myth - and they share previously unreleased music.This two LP set presents the album as it was initially released, and a second disc of other songs by the band, both rare and previously unreleased.\",\"breadcrumb\":{\"@id\":\"https:\/\/wpguerssen-test.odoo.rgbconsulting.com\/es\/producto\/down-in-the-bunker\/#breadcrumb\"},\"inLanguage\":\"es\",\"potentialAction\":[{\"@type\":\"ReadAction\",\"target\":[\"https:\/\/wpguerssen-test.odoo.rgbconsulting.com\/es\/producto\/down-in-the-bunker\/\"]}]},{\"@type\":\"ImageObject\",\"inLanguage\":\"es\",\"@id\":\"https:\/\/wpguerssen-test.odoo.rgbconsulting.com\/es\/producto\/down-in-the-bunker\/#primaryimage\",\"url\":\"https:\/\/wpguerssen-test.odoo.rgbconsulting.com\/wp-content\/uploads\/2023\/11\/46076.png\",\"contentUrl\":\"https:\/\/wpguerssen-test.odoo.rgbconsulting.com\/wp-content\/uploads\/2023\/11\/46076.png\",\"width\":243,\"height\":243,\"caption\":\"GERMAN OAK - Down In The Bunker - NOW AGAIN (2LP) | Guerssen\"},{\"@type\":\"BreadcrumbList\",\"@id\":\"https:\/\/wpguerssen-test.odoo.rgbconsulting.com\/es\/producto\/down-in-the-bunker\/#breadcrumb\",\"itemListElement\":[{\"@type\":\"ListItem\",\"position\":1,\"name\":\"Inicio\",\"item\":\"https:\/\/wpguerssen-test.odoo.rgbconsulting.com\/es\/\"},{\"@type\":\"ListItem\",\"position\":2,\"name\":\"Shop\",\"item\":\"https:\/\/wpguerssen-test.odoo.rgbconsulting.com\/shop\/\"},{\"@type\":\"ListItem\",\"position\":3,\"name\":\"Down In The Bunker\"}]},{\"@type\":\"WebSite\",\"@id\":\"https:\/\/wpguerssen-test.odoo.rgbconsulting.com\/es\/#website\",\"url\":\"https:\/\/wpguerssen-test.odoo.rgbconsulting.com\/es\/\",\"name\":\"Guerssen records\",\"description\":\"psychedelia - progressive - folk - garage \",\"publisher\":{\"@id\":\"https:\/\/wpguerssen-test.odoo.rgbconsulting.com\/es\/#organization\"},\"potentialAction\":[{\"@type\":\"SearchAction\",\"target\":{\"@type\":\"EntryPoint\",\"urlTemplate\":\"https:\/\/wpguerssen-test.odoo.rgbconsulting.com\/es\/?s={search_term_string}\"},\"query-input\":{\"@type\":\"PropertyValueSpecification\",\"valueRequired\":true,\"valueName\":\"search_term_string\"}}],\"inLanguage\":\"es\"},{\"@type\":\"Organization\",\"@id\":\"https:\/\/wpguerssen-test.odoo.rgbconsulting.com\/es\/#organization\",\"name\":\"Guerssen records\",\"url\":\"https:\/\/wpguerssen-test.odoo.rgbconsulting.com\/es\/\",\"logo\":{\"@type\":\"ImageObject\",\"inLanguage\":\"es\",\"@id\":\"https:\/\/wpguerssen-test.odoo.rgbconsulting.com\/es\/#\/schema\/logo\/image\/\",\"url\":\"https:\/\/wpguerssen-test.odoo.rgbconsulting.com\/wp-content\/uploads\/2022\/04\/Logo_Guerssen_trans_100.png\",\"contentUrl\":\"https:\/\/wpguerssen-test.odoo.rgbconsulting.com\/wp-content\/uploads\/2022\/04\/Logo_Guerssen_trans_100.png\",\"width\":122,\"height\":100,\"caption\":\"Guerssen records\"},\"image\":{\"@id\":\"https:\/\/wpguerssen-test.odoo.rgbconsulting.com\/es\/#\/schema\/logo\/image\/\"}}]}<\/script>\n<!-- \/ Yoast SEO plugin. -->","yoast_head_json":{"title":"GERMAN OAK - Down In The Bunker -  (2LP) | Guerssen","description":"Presented here, the definitive reissue of a lauded and misunderstood Krautrock album, German Oak's Down in the Bunker. The release has been fetishized and demonized, lauded and misunderstood for decades.In this definitive reissue of the album, the German Oak trio - together again after 30 years apart - have approved the remastering of their 70s music; finally tell the story behind the creation of their dark, brooding album - and the occult-obsessed record collector behind the original album's release and its myth - and they share previously unreleased music.This two LP set presents the album as it was initially released, and a second disc of other songs by the band, both rare and previously unreleased.","robots":{"index":"index","follow":"follow","max-snippet":"max-snippet:-1","max-image-preview":"max-image-preview:large","max-video-preview":"max-video-preview:-1"},"canonical":"https:\/\/wpguerssen-test.odoo.rgbconsulting.com\/es\/producto\/down-in-the-bunker\/","og_locale":"es_ES","og_type":"article","og_title":"GERMAN OAK - Down In The Bunker -  (2LP) | Guerssen","og_description":"Presented here, the definitive reissue of a lauded and misunderstood Krautrock album, German Oak's Down in the Bunker. The release has been fetishized and demonized, lauded and misunderstood for decades.In this definitive reissue of the album, the German Oak trio - together again after 30 years apart - have approved the remastering of their 70s music; finally tell the story behind the creation of their dark, brooding album - and the occult-obsessed record collector behind the original album's release and its myth - and they share previously unreleased music.This two LP set presents the album as it was initially released, and a second disc of other songs by the band, both rare and previously unreleased.","og_url":"https:\/\/wpguerssen-test.odoo.rgbconsulting.com\/es\/producto\/down-in-the-bunker\/","og_site_name":"Guerssen records","article_modified_time":"2025-04-29T11:34:14+00:00","og_image":[{"width":243,"height":243,"url":"https:\/\/wpguerssen-test.odoo.rgbconsulting.com\/wp-content\/uploads\/2023\/11\/46076.png","type":"image\/png"}],"twitter_card":"summary_large_image","twitter_title":"GERMAN OAK - Down In The Bunker -  (2LP) | Guerssen","twitter_misc":{"Tiempo de lectura":"1 minuto"},"schema":{"@context":"https:\/\/schema.org","@graph":[{"@type":"WebPage","@id":"https:\/\/wpguerssen-test.odoo.rgbconsulting.com\/es\/producto\/down-in-the-bunker\/","url":"https:\/\/wpguerssen-test.odoo.rgbconsulting.com\/es\/producto\/down-in-the-bunker\/","name":"GERMAN OAK - Down In The Bunker - (2LP) | Guerssen","isPartOf":{"@id":"https:\/\/wpguerssen-test.odoo.rgbconsulting.com\/es\/#website"},"primaryImageOfPage":{"@id":"https:\/\/wpguerssen-test.odoo.rgbconsulting.com\/es\/producto\/down-in-the-bunker\/#primaryimage"},"image":{"@id":"https:\/\/wpguerssen-test.odoo.rgbconsulting.com\/es\/producto\/down-in-the-bunker\/#primaryimage"},"thumbnailUrl":"https:\/\/wpguerssen-test.odoo.rgbconsulting.com\/wp-content\/uploads\/2023\/11\/46076.png","datePublished":"2025-04-21T22:00:00+00:00","dateModified":"2025-04-29T11:34:14+00:00","description":"Presented here, the definitive reissue of a lauded and misunderstood Krautrock album, German Oak's Down in the Bunker. The release has been fetishized and demonized, lauded and misunderstood for decades.In this definitive reissue of the album, the German Oak trio - together again after 30 years apart - have approved the remastering of their 70s music; finally tell the story behind the creation of their dark, brooding album - and the occult-obsessed record collector behind the original album's release and its myth - and they share previously unreleased music.This two LP set presents the album as it was initially released, and a second disc of other songs by the band, both rare and previously unreleased.","breadcrumb":{"@id":"https:\/\/wpguerssen-test.odoo.rgbconsulting.com\/es\/producto\/down-in-the-bunker\/#breadcrumb"},"inLanguage":"es","potentialAction":[{"@type":"ReadAction","target":["https:\/\/wpguerssen-test.odoo.rgbconsulting.com\/es\/producto\/down-in-the-bunker\/"]}]},{"@type":"ImageObject","inLanguage":"es","@id":"https:\/\/wpguerssen-test.odoo.rgbconsulting.com\/es\/producto\/down-in-the-bunker\/#primaryimage","url":"https:\/\/wpguerssen-test.odoo.rgbconsulting.com\/wp-content\/uploads\/2023\/11\/46076.png","contentUrl":"https:\/\/wpguerssen-test.odoo.rgbconsulting.com\/wp-content\/uploads\/2023\/11\/46076.png","width":243,"height":243,"caption":"GERMAN OAK - Down In The Bunker - NOW AGAIN (2LP) | Guerssen"},{"@type":"BreadcrumbList","@id":"https:\/\/wpguerssen-test.odoo.rgbconsulting.com\/es\/producto\/down-in-the-bunker\/#breadcrumb","itemListElement":[{"@type":"ListItem","position":1,"name":"Inicio","item":"https:\/\/wpguerssen-test.odoo.rgbconsulting.com\/es\/"},{"@type":"ListItem","position":2,"name":"Shop","item":"https:\/\/wpguerssen-test.odoo.rgbconsulting.com\/shop\/"},{"@type":"ListItem","position":3,"name":"Down In The Bunker"}]},{"@type":"WebSite","@id":"https:\/\/wpguerssen-test.odoo.rgbconsulting.com\/es\/#website","url":"https:\/\/wpguerssen-test.odoo.rgbconsulting.com\/es\/","name":"Guerssen records","description":"psychedelia - progressive - folk - garage ","publisher":{"@id":"https:\/\/wpguerssen-test.odoo.rgbconsulting.com\/es\/#organization"},"potentialAction":[{"@type":"SearchAction","target":{"@type":"EntryPoint","urlTemplate":"https:\/\/wpguerssen-test.odoo.rgbconsulting.com\/es\/?s={search_term_string}"},"query-input":{"@type":"PropertyValueSpecification","valueRequired":true,"valueName":"search_term_string"}}],"inLanguage":"es"},{"@type":"Organization","@id":"https:\/\/wpguerssen-test.odoo.rgbconsulting.com\/es\/#organization","name":"Guerssen records","url":"https:\/\/wpguerssen-test.odoo.rgbconsulting.com\/es\/","logo":{"@type":"ImageObject","inLanguage":"es","@id":"https:\/\/wpguerssen-test.odoo.rgbconsulting.com\/es\/#\/schema\/logo\/image\/","url":"https:\/\/wpguerssen-test.odoo.rgbconsulting.com\/wp-content\/uploads\/2022\/04\/Logo_Guerssen_trans_100.png","contentUrl":"https:\/\/wpguerssen-test.odoo.rgbconsulting.com\/wp-content\/uploads\/2022\/04\/Logo_Guerssen_trans_100.png","width":122,"height":100,"caption":"Guerssen records"},"image":{"@id":"https:\/\/wpguerssen-test.odoo.rgbconsulting.com\/es\/#\/schema\/logo\/image\/"}}]}},"_links":{"self":[{"href":"https:\/\/wpguerssen-test.odoo.rgbconsulting.com\/es\/wp-json\/wp\/v2\/product\/245242","targetHints":{"allow":["GET"]}}],"collection":[{"href":"https:\/\/wpguerssen-test.odoo.rgbconsulting.com\/es\/wp-json\/wp\/v2\/product"}],"about":[{"href":"https:\/\/wpguerssen-test.odoo.rgbconsulting.com\/es\/wp-json\/wp\/v2\/types\/product"}],"wp:featuredmedia":[{"embeddable":true,"href":"https:\/\/wpguerssen-test.odoo.rgbconsulting.com\/es\/wp-json\/wp\/v2\/media\/245343"}],"wp:attachment":[{"href":"https:\/\/wpguerssen-test.odoo.rgbconsulting.com\/es\/wp-json\/wp\/v2\/media?parent=245242"}],"wp:term":[{"taxonomy":"product_brand","embeddable":true,"href":"https:\/\/wpguerssen-test.odoo.rgbconsulting.com\/es\/wp-json\/wp\/v2\/product_brand?post=245242"},{"taxonomy":"product_cat","embeddable":true,"href":"https:\/\/wpguerssen-test.odoo.rgbconsulting.com\/es\/wp-json\/wp\/v2\/product_cat?post=245242"},{"taxonomy":"product_tag","embeddable":true,"href":"https:\/\/wpguerssen-test.odoo.rgbconsulting.com\/es\/wp-json\/wp\/v2\/product_tag?post=245242"}],"curies":[{"name":"wp","href":"https:\/\/api.w.org\/{rel}","templated":true}]}}