{"id":245344,"date":"2024-01-09T00:00:00","date_gmt":"2024-01-08T23:00:00","guid":{"rendered":"https:\/\/wpguerssen-test.odoo.rgbconsulting.com\/product\/speshal-machinery\/"},"modified":"2024-06-03T19:27:53","modified_gmt":"2024-06-03T17:27:53","slug":"speshal-machinery","status":"publish","type":"product","link":"https:\/\/wpguerssen-test.odoo.rgbconsulting.com\/es\/producto\/speshal-machinery\/","title":{"rendered":"Speshal Machinery"},"content":{"rendered":"<p>Los pesos pesados \u00bf\u00bfdel norte de Nueva York, 38 Spesh y Conway The Machine, han unido fuerzas para un \u00e1lbum de colaboraci\u00f3n que los fans no vieron venir. Despu\u00e9s de haber grabado juntos durante m\u00e1s de una d\u00e9cada, los estilos de estas dos potencias l\u00edricas se combinan sin esfuerzo en esta oferta de 10 pistas. Las bases sonoras para este ilustre asunto las proporciona el propio Spesh con la ayuda de un productor al que ha defendido durante a\u00f1os, Jimmy Dukes. En lugar de seguir explotando los a\u00f1os 90 como sus contempor\u00e1neos, el d\u00fao trae un sonido que recuerda al hip-hop de principios de los a\u00f1os 2000. Adem\u00e1s de los versos que quedar\u00e1n grabados en tu mente, cortes\u00eda de Spesh y Conway, el proyecto incluye compases y ganchos destacados de artistas como Lloyd Banks, Pharoahe Monch, Benny The Butcher, Che Noir, ElCamino y Emanny.<\/p>\n","protected":false},"excerpt":{"rendered":"<p>Los pesos pesados \u00bf\u00bfdel norte de Nueva York, 38 Spesh y Conway The Machine, han unido fuerzas para un \u00e1lbum de colaboraci\u00f3n que los fans no vieron venir. Despu\u00e9s<a class=\"read\" href=\"https:\/\/wpguerssen-test.odoo.rgbconsulting.com\/es\/producto\/speshal-machinery\/\"> (...)<\/a>","protected":false},"featured_media":245345,"template":"","meta":{"_acf_changed":false},"product_brand":[],"product_cat":[21706],"product_tag":[],"class_list":{"0":"post-245344","1":"product","2":"type-product","3":"status-publish","4":"has-post-thumbnail","6":"product_cat-rap-hip-hop-es","7":"pa_artist-38-spesh-conway-the-machine","8":"pa_format-lp-es","9":"pa_gender-rap-hip-hop","10":"pa_label-tcf-music-group-llc","11":"pa_location-north-america-es","12":"pa_other-filters-vinyl-only-es","14":"first","15":"instock","16":"taxable","17":"shipping-taxable","18":"purchasable","19":"product-type-simple"},"acf":[],"yoast_head":"<!-- This site is optimized with the Yoast SEO plugin v24.9 - https:\/\/yoast.com\/wordpress\/plugins\/seo\/ -->\n<title>38 SPESH &amp; CONWAY THE MACHINE - Speshal Machinery -  (LP) | Guerssen<\/title>\n<meta name=\"description\" content=\"Upstate NY heavyweights 38 Spesh and Conway The Machine have joined forces for a collaboration album fans did not see coming. Having recorded with each other for well over a decade, these two lyrical powerhouses&#039; styles mesh effortlessly on this 10-track offering. The soundbeds for the illustrious affair are provided by Spesh himself with the help of a producer he has championed for years, Jimmy Dukes. Instead of continuing to mine the &#039;90s like their contemporaries, the duo bring a sound that calls back to early &#039;00s Hip-Hop. On top of verses that will etch themselves in your mind courtesy of Spesh and Conway, the project includes standout bars and hooks by the likes Lloyd Banks, Pharoahe Monch, Benny The Butcher, Che Noir, ElCamino, and Emanny.\" \/>\n<meta name=\"robots\" content=\"index, follow, max-snippet:-1, max-image-preview:large, max-video-preview:-1\" \/>\n<link rel=\"canonical\" href=\"https:\/\/wpguerssen-test.odoo.rgbconsulting.com\/es\/producto\/speshal-machinery\/\" \/>\n<meta property=\"og:locale\" content=\"es_ES\" \/>\n<meta property=\"og:type\" content=\"article\" \/>\n<meta property=\"og:title\" content=\"38 SPESH &amp; CONWAY THE MACHINE - Speshal Machinery -  (LP) | Guerssen\" \/>\n<meta property=\"og:description\" content=\"Upstate NY heavyweights 38 Spesh and Conway The Machine have joined forces for a collaboration album fans did not see coming. Having recorded with each other for well over a decade, these two lyrical powerhouses&#039; styles mesh effortlessly on this 10-track offering. The soundbeds for the illustrious affair are provided by Spesh himself with the help of a producer he has championed for years, Jimmy Dukes. Instead of continuing to mine the &#039;90s like their contemporaries, the duo bring a sound that calls back to early &#039;00s Hip-Hop. On top of verses that will etch themselves in your mind courtesy of Spesh and Conway, the project includes standout bars and hooks by the likes Lloyd Banks, Pharoahe Monch, Benny The Butcher, Che Noir, ElCamino, and Emanny.\" \/>\n<meta property=\"og:url\" content=\"https:\/\/wpguerssen-test.odoo.rgbconsulting.com\/es\/producto\/speshal-machinery\/\" \/>\n<meta property=\"og:site_name\" content=\"Guerssen records\" \/>\n<meta property=\"article:modified_time\" content=\"2024-06-03T17:27:53+00:00\" \/>\n<meta property=\"og:image\" content=\"https:\/\/wpguerssen-test.odoo.rgbconsulting.com\/wp-content\/uploads\/2023\/11\/46078.jpg\" \/>\n\t<meta property=\"og:image:width\" content=\"1000\" \/>\n\t<meta property=\"og:image:height\" content=\"1000\" \/>\n\t<meta property=\"og:image:type\" content=\"image\/jpeg\" \/>\n<meta name=\"twitter:card\" content=\"summary_large_image\" \/>\n<meta name=\"twitter:title\" content=\"38 SPESH &amp; CONWAY THE MACHINE - Speshal Machinery -  (LP) | Guerssen\" \/>\n<meta name=\"twitter:label1\" content=\"Tiempo de lectura\" \/>\n\t<meta name=\"twitter:data1\" content=\"1 minuto\" \/>\n<script type=\"application\/ld+json\" class=\"yoast-schema-graph\">{\"@context\":\"https:\/\/schema.org\",\"@graph\":[{\"@type\":\"WebPage\",\"@id\":\"https:\/\/wpguerssen-test.odoo.rgbconsulting.com\/es\/producto\/speshal-machinery\/\",\"url\":\"https:\/\/wpguerssen-test.odoo.rgbconsulting.com\/es\/producto\/speshal-machinery\/\",\"name\":\"38 SPESH & CONWAY THE MACHINE - Speshal Machinery - (LP) | Guerssen\",\"isPartOf\":{\"@id\":\"https:\/\/wpguerssen-test.odoo.rgbconsulting.com\/es\/#website\"},\"primaryImageOfPage\":{\"@id\":\"https:\/\/wpguerssen-test.odoo.rgbconsulting.com\/es\/producto\/speshal-machinery\/#primaryimage\"},\"image\":{\"@id\":\"https:\/\/wpguerssen-test.odoo.rgbconsulting.com\/es\/producto\/speshal-machinery\/#primaryimage\"},\"thumbnailUrl\":\"https:\/\/wpguerssen-test.odoo.rgbconsulting.com\/wp-content\/uploads\/2023\/11\/46078.jpg\",\"datePublished\":\"2024-01-08T23:00:00+00:00\",\"dateModified\":\"2024-06-03T17:27:53+00:00\",\"description\":\"Upstate NY heavyweights 38 Spesh and Conway The Machine have joined forces for a collaboration album fans did not see coming. Having recorded with each other for well over a decade, these two lyrical powerhouses' styles mesh effortlessly on this 10-track offering. The soundbeds for the illustrious affair are provided by Spesh himself with the help of a producer he has championed for years, Jimmy Dukes. Instead of continuing to mine the '90s like their contemporaries, the duo bring a sound that calls back to early '00s Hip-Hop. On top of verses that will etch themselves in your mind courtesy of Spesh and Conway, the project includes standout bars and hooks by the likes Lloyd Banks, Pharoahe Monch, Benny The Butcher, Che Noir, ElCamino, and Emanny.\",\"breadcrumb\":{\"@id\":\"https:\/\/wpguerssen-test.odoo.rgbconsulting.com\/es\/producto\/speshal-machinery\/#breadcrumb\"},\"inLanguage\":\"es\",\"potentialAction\":[{\"@type\":\"ReadAction\",\"target\":[\"https:\/\/wpguerssen-test.odoo.rgbconsulting.com\/es\/producto\/speshal-machinery\/\"]}]},{\"@type\":\"ImageObject\",\"inLanguage\":\"es\",\"@id\":\"https:\/\/wpguerssen-test.odoo.rgbconsulting.com\/es\/producto\/speshal-machinery\/#primaryimage\",\"url\":\"https:\/\/wpguerssen-test.odoo.rgbconsulting.com\/wp-content\/uploads\/2023\/11\/46078.jpg\",\"contentUrl\":\"https:\/\/wpguerssen-test.odoo.rgbconsulting.com\/wp-content\/uploads\/2023\/11\/46078.jpg\",\"width\":1000,\"height\":1000},{\"@type\":\"BreadcrumbList\",\"@id\":\"https:\/\/wpguerssen-test.odoo.rgbconsulting.com\/es\/producto\/speshal-machinery\/#breadcrumb\",\"itemListElement\":[{\"@type\":\"ListItem\",\"position\":1,\"name\":\"Inicio\",\"item\":\"https:\/\/wpguerssen-test.odoo.rgbconsulting.com\/es\/\"},{\"@type\":\"ListItem\",\"position\":2,\"name\":\"Shop\",\"item\":\"https:\/\/wpguerssen-test.odoo.rgbconsulting.com\/shop\/\"},{\"@type\":\"ListItem\",\"position\":3,\"name\":\"Speshal Machinery\"}]},{\"@type\":\"WebSite\",\"@id\":\"https:\/\/wpguerssen-test.odoo.rgbconsulting.com\/es\/#website\",\"url\":\"https:\/\/wpguerssen-test.odoo.rgbconsulting.com\/es\/\",\"name\":\"Guerssen records\",\"description\":\"psychedelia - progressive - folk - garage \",\"publisher\":{\"@id\":\"https:\/\/wpguerssen-test.odoo.rgbconsulting.com\/es\/#organization\"},\"potentialAction\":[{\"@type\":\"SearchAction\",\"target\":{\"@type\":\"EntryPoint\",\"urlTemplate\":\"https:\/\/wpguerssen-test.odoo.rgbconsulting.com\/es\/?s={search_term_string}\"},\"query-input\":{\"@type\":\"PropertyValueSpecification\",\"valueRequired\":true,\"valueName\":\"search_term_string\"}}],\"inLanguage\":\"es\"},{\"@type\":\"Organization\",\"@id\":\"https:\/\/wpguerssen-test.odoo.rgbconsulting.com\/es\/#organization\",\"name\":\"Guerssen records\",\"url\":\"https:\/\/wpguerssen-test.odoo.rgbconsulting.com\/es\/\",\"logo\":{\"@type\":\"ImageObject\",\"inLanguage\":\"es\",\"@id\":\"https:\/\/wpguerssen-test.odoo.rgbconsulting.com\/es\/#\/schema\/logo\/image\/\",\"url\":\"https:\/\/wpguerssen-test.odoo.rgbconsulting.com\/wp-content\/uploads\/2022\/04\/Logo_Guerssen_trans_100.png\",\"contentUrl\":\"https:\/\/wpguerssen-test.odoo.rgbconsulting.com\/wp-content\/uploads\/2022\/04\/Logo_Guerssen_trans_100.png\",\"width\":122,\"height\":100,\"caption\":\"Guerssen records\"},\"image\":{\"@id\":\"https:\/\/wpguerssen-test.odoo.rgbconsulting.com\/es\/#\/schema\/logo\/image\/\"}}]}<\/script>\n<!-- \/ Yoast SEO plugin. -->","yoast_head_json":{"title":"38 SPESH & CONWAY THE MACHINE - Speshal Machinery -  (LP) | Guerssen","description":"Upstate NY heavyweights 38 Spesh and Conway The Machine have joined forces for a collaboration album fans did not see coming. Having recorded with each other for well over a decade, these two lyrical powerhouses' styles mesh effortlessly on this 10-track offering. The soundbeds for the illustrious affair are provided by Spesh himself with the help of a producer he has championed for years, Jimmy Dukes. Instead of continuing to mine the '90s like their contemporaries, the duo bring a sound that calls back to early '00s Hip-Hop. On top of verses that will etch themselves in your mind courtesy of Spesh and Conway, the project includes standout bars and hooks by the likes Lloyd Banks, Pharoahe Monch, Benny The Butcher, Che Noir, ElCamino, and Emanny.","robots":{"index":"index","follow":"follow","max-snippet":"max-snippet:-1","max-image-preview":"max-image-preview:large","max-video-preview":"max-video-preview:-1"},"canonical":"https:\/\/wpguerssen-test.odoo.rgbconsulting.com\/es\/producto\/speshal-machinery\/","og_locale":"es_ES","og_type":"article","og_title":"38 SPESH & CONWAY THE MACHINE - Speshal Machinery -  (LP) | Guerssen","og_description":"Upstate NY heavyweights 38 Spesh and Conway The Machine have joined forces for a collaboration album fans did not see coming. Having recorded with each other for well over a decade, these two lyrical powerhouses' styles mesh effortlessly on this 10-track offering. The soundbeds for the illustrious affair are provided by Spesh himself with the help of a producer he has championed for years, Jimmy Dukes. Instead of continuing to mine the '90s like their contemporaries, the duo bring a sound that calls back to early '00s Hip-Hop. On top of verses that will etch themselves in your mind courtesy of Spesh and Conway, the project includes standout bars and hooks by the likes Lloyd Banks, Pharoahe Monch, Benny The Butcher, Che Noir, ElCamino, and Emanny.","og_url":"https:\/\/wpguerssen-test.odoo.rgbconsulting.com\/es\/producto\/speshal-machinery\/","og_site_name":"Guerssen records","article_modified_time":"2024-06-03T17:27:53+00:00","og_image":[{"width":1000,"height":1000,"url":"https:\/\/wpguerssen-test.odoo.rgbconsulting.com\/wp-content\/uploads\/2023\/11\/46078.jpg","type":"image\/jpeg"}],"twitter_card":"summary_large_image","twitter_title":"38 SPESH & CONWAY THE MACHINE - Speshal Machinery -  (LP) | Guerssen","twitter_misc":{"Tiempo de lectura":"1 minuto"},"schema":{"@context":"https:\/\/schema.org","@graph":[{"@type":"WebPage","@id":"https:\/\/wpguerssen-test.odoo.rgbconsulting.com\/es\/producto\/speshal-machinery\/","url":"https:\/\/wpguerssen-test.odoo.rgbconsulting.com\/es\/producto\/speshal-machinery\/","name":"38 SPESH & CONWAY THE MACHINE - Speshal Machinery - (LP) | Guerssen","isPartOf":{"@id":"https:\/\/wpguerssen-test.odoo.rgbconsulting.com\/es\/#website"},"primaryImageOfPage":{"@id":"https:\/\/wpguerssen-test.odoo.rgbconsulting.com\/es\/producto\/speshal-machinery\/#primaryimage"},"image":{"@id":"https:\/\/wpguerssen-test.odoo.rgbconsulting.com\/es\/producto\/speshal-machinery\/#primaryimage"},"thumbnailUrl":"https:\/\/wpguerssen-test.odoo.rgbconsulting.com\/wp-content\/uploads\/2023\/11\/46078.jpg","datePublished":"2024-01-08T23:00:00+00:00","dateModified":"2024-06-03T17:27:53+00:00","description":"Upstate NY heavyweights 38 Spesh and Conway The Machine have joined forces for a collaboration album fans did not see coming. Having recorded with each other for well over a decade, these two lyrical powerhouses' styles mesh effortlessly on this 10-track offering. The soundbeds for the illustrious affair are provided by Spesh himself with the help of a producer he has championed for years, Jimmy Dukes. Instead of continuing to mine the '90s like their contemporaries, the duo bring a sound that calls back to early '00s Hip-Hop. On top of verses that will etch themselves in your mind courtesy of Spesh and Conway, the project includes standout bars and hooks by the likes Lloyd Banks, Pharoahe Monch, Benny The Butcher, Che Noir, ElCamino, and Emanny.","breadcrumb":{"@id":"https:\/\/wpguerssen-test.odoo.rgbconsulting.com\/es\/producto\/speshal-machinery\/#breadcrumb"},"inLanguage":"es","potentialAction":[{"@type":"ReadAction","target":["https:\/\/wpguerssen-test.odoo.rgbconsulting.com\/es\/producto\/speshal-machinery\/"]}]},{"@type":"ImageObject","inLanguage":"es","@id":"https:\/\/wpguerssen-test.odoo.rgbconsulting.com\/es\/producto\/speshal-machinery\/#primaryimage","url":"https:\/\/wpguerssen-test.odoo.rgbconsulting.com\/wp-content\/uploads\/2023\/11\/46078.jpg","contentUrl":"https:\/\/wpguerssen-test.odoo.rgbconsulting.com\/wp-content\/uploads\/2023\/11\/46078.jpg","width":1000,"height":1000},{"@type":"BreadcrumbList","@id":"https:\/\/wpguerssen-test.odoo.rgbconsulting.com\/es\/producto\/speshal-machinery\/#breadcrumb","itemListElement":[{"@type":"ListItem","position":1,"name":"Inicio","item":"https:\/\/wpguerssen-test.odoo.rgbconsulting.com\/es\/"},{"@type":"ListItem","position":2,"name":"Shop","item":"https:\/\/wpguerssen-test.odoo.rgbconsulting.com\/shop\/"},{"@type":"ListItem","position":3,"name":"Speshal Machinery"}]},{"@type":"WebSite","@id":"https:\/\/wpguerssen-test.odoo.rgbconsulting.com\/es\/#website","url":"https:\/\/wpguerssen-test.odoo.rgbconsulting.com\/es\/","name":"Guerssen records","description":"psychedelia - progressive - folk - garage ","publisher":{"@id":"https:\/\/wpguerssen-test.odoo.rgbconsulting.com\/es\/#organization"},"potentialAction":[{"@type":"SearchAction","target":{"@type":"EntryPoint","urlTemplate":"https:\/\/wpguerssen-test.odoo.rgbconsulting.com\/es\/?s={search_term_string}"},"query-input":{"@type":"PropertyValueSpecification","valueRequired":true,"valueName":"search_term_string"}}],"inLanguage":"es"},{"@type":"Organization","@id":"https:\/\/wpguerssen-test.odoo.rgbconsulting.com\/es\/#organization","name":"Guerssen records","url":"https:\/\/wpguerssen-test.odoo.rgbconsulting.com\/es\/","logo":{"@type":"ImageObject","inLanguage":"es","@id":"https:\/\/wpguerssen-test.odoo.rgbconsulting.com\/es\/#\/schema\/logo\/image\/","url":"https:\/\/wpguerssen-test.odoo.rgbconsulting.com\/wp-content\/uploads\/2022\/04\/Logo_Guerssen_trans_100.png","contentUrl":"https:\/\/wpguerssen-test.odoo.rgbconsulting.com\/wp-content\/uploads\/2022\/04\/Logo_Guerssen_trans_100.png","width":122,"height":100,"caption":"Guerssen records"},"image":{"@id":"https:\/\/wpguerssen-test.odoo.rgbconsulting.com\/es\/#\/schema\/logo\/image\/"}}]}},"_links":{"self":[{"href":"https:\/\/wpguerssen-test.odoo.rgbconsulting.com\/es\/wp-json\/wp\/v2\/product\/245344","targetHints":{"allow":["GET"]}}],"collection":[{"href":"https:\/\/wpguerssen-test.odoo.rgbconsulting.com\/es\/wp-json\/wp\/v2\/product"}],"about":[{"href":"https:\/\/wpguerssen-test.odoo.rgbconsulting.com\/es\/wp-json\/wp\/v2\/types\/product"}],"wp:featuredmedia":[{"embeddable":true,"href":"https:\/\/wpguerssen-test.odoo.rgbconsulting.com\/es\/wp-json\/wp\/v2\/media\/245345"}],"wp:attachment":[{"href":"https:\/\/wpguerssen-test.odoo.rgbconsulting.com\/es\/wp-json\/wp\/v2\/media?parent=245344"}],"wp:term":[{"taxonomy":"product_brand","embeddable":true,"href":"https:\/\/wpguerssen-test.odoo.rgbconsulting.com\/es\/wp-json\/wp\/v2\/product_brand?post=245344"},{"taxonomy":"product_cat","embeddable":true,"href":"https:\/\/wpguerssen-test.odoo.rgbconsulting.com\/es\/wp-json\/wp\/v2\/product_cat?post=245344"},{"taxonomy":"product_tag","embeddable":true,"href":"https:\/\/wpguerssen-test.odoo.rgbconsulting.com\/es\/wp-json\/wp\/v2\/product_tag?post=245344"}],"curies":[{"name":"wp","href":"https:\/\/api.w.org\/{rel}","templated":true}]}}