{"id":245347,"date":"2025-02-28T00:00:00","date_gmt":"2025-02-27T23:00:00","guid":{"rendered":"https:\/\/wpguerssen-test.odoo.rgbconsulting.com\/product\/stoned-soul-picnic\/"},"modified":"2025-02-28T13:47:49","modified_gmt":"2025-02-28T12:47:49","slug":"stoned-soul-picnic","status":"publish","type":"product","link":"https:\/\/wpguerssen-test.odoo.rgbconsulting.com\/es\/producto\/stoned-soul-picnic\/","title":{"rendered":"Stoned Soul Picnic"},"content":{"rendered":"<p>A finales de la d\u00e9cada de 1960, el vibrafonista Roy Ayers estaba entre los principales talentos j\u00f3venes del jazz y prosperaba durante una \u00e9poca notable para el g\u00e9nero. Si bien Ayers se convertir\u00eda m\u00e1s tarde en un pionero del jazz-funk y profundizar\u00eda en las fusiones de R&#038;B, su tercer \u00e1lbum, Stoned Soul Picnic, es una muestra magistral de ritmos de soul-jazz.<br \/>Producido por Herbie Mann, Stoned Soul Picnic presenta a una memorable Laura Nyro- canci\u00f3n principal escrita, junto con una alineaci\u00f3n excepcional de m\u00fasicos, incluidos Gary Bartz, Hubert Laws, Ron Carter, Herbie Hancock y Grady Tate. Lanzado originalmente en 1968, este cl\u00e1sico de Roy Ayers ahora recibe una reedici\u00f3n oficial a trav\u00e9s de Nature Sounds.<\/p>\n","protected":false},"excerpt":{"rendered":"<p>A finales de la d\u00e9cada de 1960, el vibrafonista Roy Ayers estaba entre los principales talentos j\u00f3venes del jazz y prosperaba durante una \u00e9poca notable para el<a class=\"read\" href=\"https:\/\/wpguerssen-test.odoo.rgbconsulting.com\/es\/producto\/stoned-soul-picnic\/\"> (...)<\/a>","protected":false},"featured_media":245348,"template":"","meta":{"_acf_changed":false},"product_brand":[],"product_cat":[21649,23227],"product_tag":[24185],"class_list":{"0":"post-245347","1":"product","2":"type-product","3":"status-publish","4":"has-post-thumbnail","6":"product_cat-soul-rnb-es","7":"product_cat-jazz-es","8":"product_tag-de-nuevo-en-existencia","9":"pa_artist-ayers-roy","10":"pa_format-lp-es","11":"pa_gender-jazz-soul-rnb","12":"pa_label-nature-sounds","13":"pa_location-north-america-es","14":"pa_other-filters-vinyl-only-es","16":"first","17":"instock","18":"taxable","19":"shipping-taxable","20":"purchasable","21":"product-type-simple"},"acf":[],"yoast_head":"<!-- This site is optimized with the Yoast SEO plugin v24.9 - https:\/\/yoast.com\/wordpress\/plugins\/seo\/ -->\n<title>AYERS, Roy - Stoned Soul Picnic -  (LP) | Guerssen<\/title>\n<meta name=\"description\" content=\"In the late 1960s, vibraphonist Roy Ayers was among the top young talents in jazz, thriving during a remarkable era for the genre. While Ayers would later become a jazz-funk pioneer and delve heavily into R&amp;B fusions, his third album Stoned Soul Picnic is a masterful showcase of soul-jazz grooves.Produced by Herbie Mann, Stoned Soul Picnic features a memorable Laura Nyro-penned title track, along with an exceptional lineup of musicians, including Gary Bartz, Hubert Laws, Ron Carter, Herbie Hancock, and Grady Tate. Originally released in 1968, this early Roy Ayers classic is now receiving an official reissue via Nature Sounds.\" \/>\n<meta name=\"robots\" content=\"index, follow, max-snippet:-1, max-image-preview:large, max-video-preview:-1\" \/>\n<link rel=\"canonical\" href=\"https:\/\/wpguerssen-test.odoo.rgbconsulting.com\/es\/producto\/stoned-soul-picnic\/\" \/>\n<meta property=\"og:locale\" content=\"es_ES\" \/>\n<meta property=\"og:type\" content=\"article\" \/>\n<meta property=\"og:title\" content=\"AYERS, Roy - Stoned Soul Picnic -  (LP) | Guerssen\" \/>\n<meta property=\"og:description\" content=\"In the late 1960s, vibraphonist Roy Ayers was among the top young talents in jazz, thriving during a remarkable era for the genre. While Ayers would later become a jazz-funk pioneer and delve heavily into R&amp;B fusions, his third album Stoned Soul Picnic is a masterful showcase of soul-jazz grooves.Produced by Herbie Mann, Stoned Soul Picnic features a memorable Laura Nyro-penned title track, along with an exceptional lineup of musicians, including Gary Bartz, Hubert Laws, Ron Carter, Herbie Hancock, and Grady Tate. Originally released in 1968, this early Roy Ayers classic is now receiving an official reissue via Nature Sounds.\" \/>\n<meta property=\"og:url\" content=\"https:\/\/wpguerssen-test.odoo.rgbconsulting.com\/es\/producto\/stoned-soul-picnic\/\" \/>\n<meta property=\"og:site_name\" content=\"Guerssen records\" \/>\n<meta property=\"article:modified_time\" content=\"2025-02-28T12:47:49+00:00\" \/>\n<meta property=\"og:image\" content=\"https:\/\/wpguerssen-test.odoo.rgbconsulting.com\/wp-content\/uploads\/2023\/11\/46080.jpg\" \/>\n\t<meta property=\"og:image:width\" content=\"966\" \/>\n\t<meta property=\"og:image:height\" content=\"1000\" \/>\n\t<meta property=\"og:image:type\" content=\"image\/jpeg\" \/>\n<meta name=\"twitter:card\" content=\"summary_large_image\" \/>\n<meta name=\"twitter:title\" content=\"AYERS, Roy - Stoned Soul Picnic -  (LP) | Guerssen\" \/>\n<meta name=\"twitter:label1\" content=\"Tiempo de lectura\" \/>\n\t<meta name=\"twitter:data1\" content=\"1 minuto\" \/>\n<script type=\"application\/ld+json\" class=\"yoast-schema-graph\">{\"@context\":\"https:\/\/schema.org\",\"@graph\":[{\"@type\":\"WebPage\",\"@id\":\"https:\/\/wpguerssen-test.odoo.rgbconsulting.com\/es\/producto\/stoned-soul-picnic\/\",\"url\":\"https:\/\/wpguerssen-test.odoo.rgbconsulting.com\/es\/producto\/stoned-soul-picnic\/\",\"name\":\"AYERS, Roy - Stoned Soul Picnic - (LP) | Guerssen\",\"isPartOf\":{\"@id\":\"https:\/\/wpguerssen-test.odoo.rgbconsulting.com\/es\/#website\"},\"primaryImageOfPage\":{\"@id\":\"https:\/\/wpguerssen-test.odoo.rgbconsulting.com\/es\/producto\/stoned-soul-picnic\/#primaryimage\"},\"image\":{\"@id\":\"https:\/\/wpguerssen-test.odoo.rgbconsulting.com\/es\/producto\/stoned-soul-picnic\/#primaryimage\"},\"thumbnailUrl\":\"https:\/\/wpguerssen-test.odoo.rgbconsulting.com\/wp-content\/uploads\/2023\/11\/46080.jpg\",\"datePublished\":\"2025-02-27T23:00:00+00:00\",\"dateModified\":\"2025-02-28T12:47:49+00:00\",\"description\":\"In the late 1960s, vibraphonist Roy Ayers was among the top young talents in jazz, thriving during a remarkable era for the genre. While Ayers would later become a jazz-funk pioneer and delve heavily into R&B fusions, his third album Stoned Soul Picnic is a masterful showcase of soul-jazz grooves.Produced by Herbie Mann, Stoned Soul Picnic features a memorable Laura Nyro-penned title track, along with an exceptional lineup of musicians, including Gary Bartz, Hubert Laws, Ron Carter, Herbie Hancock, and Grady Tate. Originally released in 1968, this early Roy Ayers classic is now receiving an official reissue via Nature Sounds.\",\"breadcrumb\":{\"@id\":\"https:\/\/wpguerssen-test.odoo.rgbconsulting.com\/es\/producto\/stoned-soul-picnic\/#breadcrumb\"},\"inLanguage\":\"es\",\"potentialAction\":[{\"@type\":\"ReadAction\",\"target\":[\"https:\/\/wpguerssen-test.odoo.rgbconsulting.com\/es\/producto\/stoned-soul-picnic\/\"]}]},{\"@type\":\"ImageObject\",\"inLanguage\":\"es\",\"@id\":\"https:\/\/wpguerssen-test.odoo.rgbconsulting.com\/es\/producto\/stoned-soul-picnic\/#primaryimage\",\"url\":\"https:\/\/wpguerssen-test.odoo.rgbconsulting.com\/wp-content\/uploads\/2023\/11\/46080.jpg\",\"contentUrl\":\"https:\/\/wpguerssen-test.odoo.rgbconsulting.com\/wp-content\/uploads\/2023\/11\/46080.jpg\",\"width\":966,\"height\":1000,\"caption\":\"Roy - Stoned Soul Picnic - NATURE SOUNDS (LP) | Guerssen\"},{\"@type\":\"BreadcrumbList\",\"@id\":\"https:\/\/wpguerssen-test.odoo.rgbconsulting.com\/es\/producto\/stoned-soul-picnic\/#breadcrumb\",\"itemListElement\":[{\"@type\":\"ListItem\",\"position\":1,\"name\":\"Inicio\",\"item\":\"https:\/\/wpguerssen-test.odoo.rgbconsulting.com\/es\/\"},{\"@type\":\"ListItem\",\"position\":2,\"name\":\"Shop\",\"item\":\"https:\/\/wpguerssen-test.odoo.rgbconsulting.com\/shop\/\"},{\"@type\":\"ListItem\",\"position\":3,\"name\":\"Stoned Soul Picnic\"}]},{\"@type\":\"WebSite\",\"@id\":\"https:\/\/wpguerssen-test.odoo.rgbconsulting.com\/es\/#website\",\"url\":\"https:\/\/wpguerssen-test.odoo.rgbconsulting.com\/es\/\",\"name\":\"Guerssen records\",\"description\":\"psychedelia - progressive - folk - garage \",\"publisher\":{\"@id\":\"https:\/\/wpguerssen-test.odoo.rgbconsulting.com\/es\/#organization\"},\"potentialAction\":[{\"@type\":\"SearchAction\",\"target\":{\"@type\":\"EntryPoint\",\"urlTemplate\":\"https:\/\/wpguerssen-test.odoo.rgbconsulting.com\/es\/?s={search_term_string}\"},\"query-input\":{\"@type\":\"PropertyValueSpecification\",\"valueRequired\":true,\"valueName\":\"search_term_string\"}}],\"inLanguage\":\"es\"},{\"@type\":\"Organization\",\"@id\":\"https:\/\/wpguerssen-test.odoo.rgbconsulting.com\/es\/#organization\",\"name\":\"Guerssen records\",\"url\":\"https:\/\/wpguerssen-test.odoo.rgbconsulting.com\/es\/\",\"logo\":{\"@type\":\"ImageObject\",\"inLanguage\":\"es\",\"@id\":\"https:\/\/wpguerssen-test.odoo.rgbconsulting.com\/es\/#\/schema\/logo\/image\/\",\"url\":\"https:\/\/wpguerssen-test.odoo.rgbconsulting.com\/wp-content\/uploads\/2022\/04\/Logo_Guerssen_trans_100.png\",\"contentUrl\":\"https:\/\/wpguerssen-test.odoo.rgbconsulting.com\/wp-content\/uploads\/2022\/04\/Logo_Guerssen_trans_100.png\",\"width\":122,\"height\":100,\"caption\":\"Guerssen records\"},\"image\":{\"@id\":\"https:\/\/wpguerssen-test.odoo.rgbconsulting.com\/es\/#\/schema\/logo\/image\/\"}}]}<\/script>\n<!-- \/ Yoast SEO plugin. -->","yoast_head_json":{"title":"AYERS, Roy - Stoned Soul Picnic -  (LP) | Guerssen","description":"In the late 1960s, vibraphonist Roy Ayers was among the top young talents in jazz, thriving during a remarkable era for the genre. While Ayers would later become a jazz-funk pioneer and delve heavily into R&B fusions, his third album Stoned Soul Picnic is a masterful showcase of soul-jazz grooves.Produced by Herbie Mann, Stoned Soul Picnic features a memorable Laura Nyro-penned title track, along with an exceptional lineup of musicians, including Gary Bartz, Hubert Laws, Ron Carter, Herbie Hancock, and Grady Tate. Originally released in 1968, this early Roy Ayers classic is now receiving an official reissue via Nature Sounds.","robots":{"index":"index","follow":"follow","max-snippet":"max-snippet:-1","max-image-preview":"max-image-preview:large","max-video-preview":"max-video-preview:-1"},"canonical":"https:\/\/wpguerssen-test.odoo.rgbconsulting.com\/es\/producto\/stoned-soul-picnic\/","og_locale":"es_ES","og_type":"article","og_title":"AYERS, Roy - Stoned Soul Picnic -  (LP) | Guerssen","og_description":"In the late 1960s, vibraphonist Roy Ayers was among the top young talents in jazz, thriving during a remarkable era for the genre. While Ayers would later become a jazz-funk pioneer and delve heavily into R&B fusions, his third album Stoned Soul Picnic is a masterful showcase of soul-jazz grooves.Produced by Herbie Mann, Stoned Soul Picnic features a memorable Laura Nyro-penned title track, along with an exceptional lineup of musicians, including Gary Bartz, Hubert Laws, Ron Carter, Herbie Hancock, and Grady Tate. Originally released in 1968, this early Roy Ayers classic is now receiving an official reissue via Nature Sounds.","og_url":"https:\/\/wpguerssen-test.odoo.rgbconsulting.com\/es\/producto\/stoned-soul-picnic\/","og_site_name":"Guerssen records","article_modified_time":"2025-02-28T12:47:49+00:00","og_image":[{"width":966,"height":1000,"url":"https:\/\/wpguerssen-test.odoo.rgbconsulting.com\/wp-content\/uploads\/2023\/11\/46080.jpg","type":"image\/jpeg"}],"twitter_card":"summary_large_image","twitter_title":"AYERS, Roy - Stoned Soul Picnic -  (LP) | Guerssen","twitter_misc":{"Tiempo de lectura":"1 minuto"},"schema":{"@context":"https:\/\/schema.org","@graph":[{"@type":"WebPage","@id":"https:\/\/wpguerssen-test.odoo.rgbconsulting.com\/es\/producto\/stoned-soul-picnic\/","url":"https:\/\/wpguerssen-test.odoo.rgbconsulting.com\/es\/producto\/stoned-soul-picnic\/","name":"AYERS, Roy - Stoned Soul Picnic - (LP) | Guerssen","isPartOf":{"@id":"https:\/\/wpguerssen-test.odoo.rgbconsulting.com\/es\/#website"},"primaryImageOfPage":{"@id":"https:\/\/wpguerssen-test.odoo.rgbconsulting.com\/es\/producto\/stoned-soul-picnic\/#primaryimage"},"image":{"@id":"https:\/\/wpguerssen-test.odoo.rgbconsulting.com\/es\/producto\/stoned-soul-picnic\/#primaryimage"},"thumbnailUrl":"https:\/\/wpguerssen-test.odoo.rgbconsulting.com\/wp-content\/uploads\/2023\/11\/46080.jpg","datePublished":"2025-02-27T23:00:00+00:00","dateModified":"2025-02-28T12:47:49+00:00","description":"In the late 1960s, vibraphonist Roy Ayers was among the top young talents in jazz, thriving during a remarkable era for the genre. While Ayers would later become a jazz-funk pioneer and delve heavily into R&B fusions, his third album Stoned Soul Picnic is a masterful showcase of soul-jazz grooves.Produced by Herbie Mann, Stoned Soul Picnic features a memorable Laura Nyro-penned title track, along with an exceptional lineup of musicians, including Gary Bartz, Hubert Laws, Ron Carter, Herbie Hancock, and Grady Tate. Originally released in 1968, this early Roy Ayers classic is now receiving an official reissue via Nature Sounds.","breadcrumb":{"@id":"https:\/\/wpguerssen-test.odoo.rgbconsulting.com\/es\/producto\/stoned-soul-picnic\/#breadcrumb"},"inLanguage":"es","potentialAction":[{"@type":"ReadAction","target":["https:\/\/wpguerssen-test.odoo.rgbconsulting.com\/es\/producto\/stoned-soul-picnic\/"]}]},{"@type":"ImageObject","inLanguage":"es","@id":"https:\/\/wpguerssen-test.odoo.rgbconsulting.com\/es\/producto\/stoned-soul-picnic\/#primaryimage","url":"https:\/\/wpguerssen-test.odoo.rgbconsulting.com\/wp-content\/uploads\/2023\/11\/46080.jpg","contentUrl":"https:\/\/wpguerssen-test.odoo.rgbconsulting.com\/wp-content\/uploads\/2023\/11\/46080.jpg","width":966,"height":1000,"caption":"Roy - Stoned Soul Picnic - NATURE SOUNDS (LP) | Guerssen"},{"@type":"BreadcrumbList","@id":"https:\/\/wpguerssen-test.odoo.rgbconsulting.com\/es\/producto\/stoned-soul-picnic\/#breadcrumb","itemListElement":[{"@type":"ListItem","position":1,"name":"Inicio","item":"https:\/\/wpguerssen-test.odoo.rgbconsulting.com\/es\/"},{"@type":"ListItem","position":2,"name":"Shop","item":"https:\/\/wpguerssen-test.odoo.rgbconsulting.com\/shop\/"},{"@type":"ListItem","position":3,"name":"Stoned Soul Picnic"}]},{"@type":"WebSite","@id":"https:\/\/wpguerssen-test.odoo.rgbconsulting.com\/es\/#website","url":"https:\/\/wpguerssen-test.odoo.rgbconsulting.com\/es\/","name":"Guerssen records","description":"psychedelia - progressive - folk - garage ","publisher":{"@id":"https:\/\/wpguerssen-test.odoo.rgbconsulting.com\/es\/#organization"},"potentialAction":[{"@type":"SearchAction","target":{"@type":"EntryPoint","urlTemplate":"https:\/\/wpguerssen-test.odoo.rgbconsulting.com\/es\/?s={search_term_string}"},"query-input":{"@type":"PropertyValueSpecification","valueRequired":true,"valueName":"search_term_string"}}],"inLanguage":"es"},{"@type":"Organization","@id":"https:\/\/wpguerssen-test.odoo.rgbconsulting.com\/es\/#organization","name":"Guerssen records","url":"https:\/\/wpguerssen-test.odoo.rgbconsulting.com\/es\/","logo":{"@type":"ImageObject","inLanguage":"es","@id":"https:\/\/wpguerssen-test.odoo.rgbconsulting.com\/es\/#\/schema\/logo\/image\/","url":"https:\/\/wpguerssen-test.odoo.rgbconsulting.com\/wp-content\/uploads\/2022\/04\/Logo_Guerssen_trans_100.png","contentUrl":"https:\/\/wpguerssen-test.odoo.rgbconsulting.com\/wp-content\/uploads\/2022\/04\/Logo_Guerssen_trans_100.png","width":122,"height":100,"caption":"Guerssen records"},"image":{"@id":"https:\/\/wpguerssen-test.odoo.rgbconsulting.com\/es\/#\/schema\/logo\/image\/"}}]}},"_links":{"self":[{"href":"https:\/\/wpguerssen-test.odoo.rgbconsulting.com\/es\/wp-json\/wp\/v2\/product\/245347","targetHints":{"allow":["GET"]}}],"collection":[{"href":"https:\/\/wpguerssen-test.odoo.rgbconsulting.com\/es\/wp-json\/wp\/v2\/product"}],"about":[{"href":"https:\/\/wpguerssen-test.odoo.rgbconsulting.com\/es\/wp-json\/wp\/v2\/types\/product"}],"wp:featuredmedia":[{"embeddable":true,"href":"https:\/\/wpguerssen-test.odoo.rgbconsulting.com\/es\/wp-json\/wp\/v2\/media\/245348"}],"wp:attachment":[{"href":"https:\/\/wpguerssen-test.odoo.rgbconsulting.com\/es\/wp-json\/wp\/v2\/media?parent=245347"}],"wp:term":[{"taxonomy":"product_brand","embeddable":true,"href":"https:\/\/wpguerssen-test.odoo.rgbconsulting.com\/es\/wp-json\/wp\/v2\/product_brand?post=245347"},{"taxonomy":"product_cat","embeddable":true,"href":"https:\/\/wpguerssen-test.odoo.rgbconsulting.com\/es\/wp-json\/wp\/v2\/product_cat?post=245347"},{"taxonomy":"product_tag","embeddable":true,"href":"https:\/\/wpguerssen-test.odoo.rgbconsulting.com\/es\/wp-json\/wp\/v2\/product_tag?post=245347"}],"curies":[{"name":"wp","href":"https:\/\/api.w.org\/{rel}","templated":true}]}}