{"id":245374,"date":"2024-03-25T00:00:00","date_gmt":"2024-03-24T23:00:00","guid":{"rendered":"https:\/\/wpguerssen-test.odoo.rgbconsulting.com\/product\/6-feet-deep\/"},"modified":"2024-07-01T19:05:03","modified_gmt":"2024-07-01T17:05:03","slug":"6-feet-deep","status":"publish","type":"product","link":"https:\/\/wpguerssen-test.odoo.rgbconsulting.com\/es\/producto\/6-feet-deep\/","title":{"rendered":"6 Feet Deep"},"content":{"rendered":"<p>Gravediggaz: \u00abCavar tumbas de muertos mentales y resucitar su estado de inconsciencia e ignorancia\u00bb. Frukwan describe el significado del nombre del grupo. La banda, que ayud\u00f3 a dar origen al subg\u00e9nero Horrorcore del hip-hop y a uno de los primeros supergrupos de hip-hop, naci\u00f3 en un momento en que los cuatro miembros se encontraban en puntos bajos de sus carreras.<br \/>Ya uno de los productores m\u00e1s legendarios del hip-hop, Prince Paul se encontraba en una encrucijada en su carrera y tuvo que experimentar con ritmos que sonaban m\u00e1s oscuros. Reclut\u00f3 a un joven que pronto se convertir\u00eda en productor legendario, RZA, quien se encontraba en una encrucijada diferente en su carrera, sin tener las mejores experiencias con varios sellos y antes de comenzar el fen\u00f3meno global que es The Wu-Tang Clan. Tambi\u00e9n se agregaron Frukwan, un ex miembro de Stetsasonic con Paul, y Too Poetic, un joven MC que se abre camino en el juego despu\u00e9s de crear revuelo clandestino con sus dos hermanos y su grupo de corta duraci\u00f3n, los Brothers Grym, y antes de su desafortunada muerte por c\u00e1ncer de colon. Los cuatro se transformaron en The Undertaker (Paul), The RZArector (RZA), The Gatekeeper (Frukwan) y The Grym Reaper (Too Poetic) para formar Gravediggaz. En 6 pies de profundidad, el grupo utiliza im\u00e1genes y letras de terror combinadas con comedia negra y s\u00e1tira para expresar sus frustraciones con la industria discogr\u00e1fica del hip-hop. Los sencillos \u00abDiary of a Madman\u00bb, \u00abNowhere to Run, Nowhere to Hide\u00bb y \u00ab1-800 Suicide\u00bb encabezan una avalancha de temas que el escritor de The Quietus, David Bennun, describi\u00f3 como \u00abuna forma entonces novedosa de abordar la vida negra en la calle y encontrar una nueva forma de transmitir ese mensaje\u00bb. La producci\u00f3n est\u00e1 a cargo principalmente de Paul y RZA se encarga de algunas pistas. Muy apreciada y todav\u00eda buscada, esta edici\u00f3n viene en una portada desplegable premium con solo 2000 ejemplares de este cl\u00e1sico disponibles.<\/p>\n","protected":false},"excerpt":{"rendered":"<p>Gravediggaz: \u00abCavar tumbas de muertos mentales y resucitar su estado de inconsciencia e ignorancia\u00bb. Frukwan describe el significado del nombre del grupo. La banda,<a class=\"read\" href=\"https:\/\/wpguerssen-test.odoo.rgbconsulting.com\/es\/producto\/6-feet-deep\/\"> (...)<\/a>","protected":false},"featured_media":245375,"template":"","meta":{"_acf_changed":false},"product_brand":[],"product_cat":[21706],"product_tag":[24185],"class_list":{"0":"post-245374","1":"product","2":"type-product","3":"status-publish","4":"has-post-thumbnail","6":"product_cat-rap-hip-hop-es","7":"product_tag-de-nuevo-en-existencia","8":"pa_artist-gravediggaz","9":"pa_format-2lp-es","10":"pa_gender-rap-hip-hop","11":"pa_label-hhc","12":"pa_location-north-america-es","13":"pa_other-filters-vinyl-only-es","15":"first","16":"instock","17":"taxable","18":"shipping-taxable","19":"purchasable","20":"product-type-simple"},"acf":[],"yoast_head":"<!-- This site is optimized with the Yoast SEO plugin v24.9 - https:\/\/yoast.com\/wordpress\/plugins\/seo\/ -->\n<title>GRAVEDIGGAZ - 6 Feet Deep -  (2LP) | Guerssen<\/title>\n<meta name=\"description\" content=\"Gravediggaz: &quot;Digging graves of the mentally dead and resurrecting their state of unawareness and ignorance.&quot; Frukwan describes the meaning of the group&#039;s name. Helping give birth to hip-hop&#039;s subgenre of Horrorcore and one of hip-hop&#039;s first supergroups, Gravediggaz were born at a time when all four members were at low points in their careers.Already one of hip-hop&#039;s most legendary producers, Prince Paul was at a crossroads in his career resulting in experimenting with darker sounding beats. He recruited a young soon to be legendary producer RZA, who was at a different type of crossroads in his career, not having the best experiences with various labels and before going on to start the global phenomenon that is The Wu-Tang Clan. Also added were Frukwan, a former member of Stetsasonic with Paul, and Too Poetic, a young MC navigating his way in the game after creating underground buzz with his 2 brothers and their short lived group the Brothers Grym and before his unfortunate death from colon cancer. The four transformed themselves into The Undertaker (Paul), The RZArector (RZA), The Gatekeeper (Frukwan) and The Grym Reaper (Too Poetic) to form Gravediggaz. On 6 Feet Deep the group utilize horror-themed imagery and lyrics combined with black comedy and satire to vent their frustrations with the hip-hop record industry. Singles &quot;Diary of a Madman,&quot; &quot;Nowhere to Run, Nowhere to Hide&quot; and &quot;1-800 Suicide&quot; lead an onslaught of tracks which The Quietus writer David Bennun described as &quot;a then novel means of addressing black life at street level [and] finding a new way of getting that message across&quot;. Production is mostly handled by Paul with RZA handling a few tracks. Highly regarded and still sought after, this pressing comes in a premium gatefold jacket with only 2000 of this classic available.\" \/>\n<meta name=\"robots\" content=\"index, follow, max-snippet:-1, max-image-preview:large, max-video-preview:-1\" \/>\n<link rel=\"canonical\" href=\"https:\/\/wpguerssen-test.odoo.rgbconsulting.com\/es\/producto\/6-feet-deep\/\" \/>\n<meta property=\"og:locale\" content=\"es_ES\" \/>\n<meta property=\"og:type\" content=\"article\" \/>\n<meta property=\"og:title\" content=\"GRAVEDIGGAZ - 6 Feet Deep -  (2LP) | Guerssen\" \/>\n<meta property=\"og:description\" content=\"Gravediggaz: &quot;Digging graves of the mentally dead and resurrecting their state of unawareness and ignorance.&quot; Frukwan describes the meaning of the group&#039;s name. Helping give birth to hip-hop&#039;s subgenre of Horrorcore and one of hip-hop&#039;s first supergroups, Gravediggaz were born at a time when all four members were at low points in their careers.Already one of hip-hop&#039;s most legendary producers, Prince Paul was at a crossroads in his career resulting in experimenting with darker sounding beats. He recruited a young soon to be legendary producer RZA, who was at a different type of crossroads in his career, not having the best experiences with various labels and before going on to start the global phenomenon that is The Wu-Tang Clan. Also added were Frukwan, a former member of Stetsasonic with Paul, and Too Poetic, a young MC navigating his way in the game after creating underground buzz with his 2 brothers and their short lived group the Brothers Grym and before his unfortunate death from colon cancer. The four transformed themselves into The Undertaker (Paul), The RZArector (RZA), The Gatekeeper (Frukwan) and The Grym Reaper (Too Poetic) to form Gravediggaz. On 6 Feet Deep the group utilize horror-themed imagery and lyrics combined with black comedy and satire to vent their frustrations with the hip-hop record industry. Singles &quot;Diary of a Madman,&quot; &quot;Nowhere to Run, Nowhere to Hide&quot; and &quot;1-800 Suicide&quot; lead an onslaught of tracks which The Quietus writer David Bennun described as &quot;a then novel means of addressing black life at street level [and] finding a new way of getting that message across&quot;. Production is mostly handled by Paul with RZA handling a few tracks. Highly regarded and still sought after, this pressing comes in a premium gatefold jacket with only 2000 of this classic available.\" \/>\n<meta property=\"og:url\" content=\"https:\/\/wpguerssen-test.odoo.rgbconsulting.com\/es\/producto\/6-feet-deep\/\" \/>\n<meta property=\"og:site_name\" content=\"Guerssen records\" \/>\n<meta property=\"article:modified_time\" content=\"2024-07-01T17:05:03+00:00\" \/>\n<meta property=\"og:image\" content=\"https:\/\/wpguerssen-test.odoo.rgbconsulting.com\/wp-content\/uploads\/2023\/11\/46089-1024x1024.jpg\" \/>\n\t<meta property=\"og:image:width\" content=\"1024\" \/>\n\t<meta property=\"og:image:height\" content=\"1024\" \/>\n\t<meta property=\"og:image:type\" content=\"image\/jpeg\" \/>\n<meta name=\"twitter:card\" content=\"summary_large_image\" \/>\n<meta name=\"twitter:title\" content=\"GRAVEDIGGAZ - 6 Feet Deep -  (2LP) | Guerssen\" \/>\n<meta name=\"twitter:label1\" content=\"Tiempo de lectura\" \/>\n\t<meta name=\"twitter:data1\" content=\"2 minutos\" \/>\n<script type=\"application\/ld+json\" class=\"yoast-schema-graph\">{\"@context\":\"https:\/\/schema.org\",\"@graph\":[{\"@type\":\"WebPage\",\"@id\":\"https:\/\/wpguerssen-test.odoo.rgbconsulting.com\/es\/producto\/6-feet-deep\/\",\"url\":\"https:\/\/wpguerssen-test.odoo.rgbconsulting.com\/es\/producto\/6-feet-deep\/\",\"name\":\"GRAVEDIGGAZ - 6 Feet Deep - (2LP) | Guerssen\",\"isPartOf\":{\"@id\":\"https:\/\/wpguerssen-test.odoo.rgbconsulting.com\/es\/#website\"},\"primaryImageOfPage\":{\"@id\":\"https:\/\/wpguerssen-test.odoo.rgbconsulting.com\/es\/producto\/6-feet-deep\/#primaryimage\"},\"image\":{\"@id\":\"https:\/\/wpguerssen-test.odoo.rgbconsulting.com\/es\/producto\/6-feet-deep\/#primaryimage\"},\"thumbnailUrl\":\"https:\/\/wpguerssen-test.odoo.rgbconsulting.com\/wp-content\/uploads\/2023\/11\/46089.jpg\",\"datePublished\":\"2024-03-24T23:00:00+00:00\",\"dateModified\":\"2024-07-01T17:05:03+00:00\",\"description\":\"Gravediggaz: \\\"Digging graves of the mentally dead and resurrecting their state of unawareness and ignorance.\\\" Frukwan describes the meaning of the group's name. Helping give birth to hip-hop's subgenre of Horrorcore and one of hip-hop's first supergroups, Gravediggaz were born at a time when all four members were at low points in their careers.Already one of hip-hop's most legendary producers, Prince Paul was at a crossroads in his career resulting in experimenting with darker sounding beats. He recruited a young soon to be legendary producer RZA, who was at a different type of crossroads in his career, not having the best experiences with various labels and before going on to start the global phenomenon that is The Wu-Tang Clan. Also added were Frukwan, a former member of Stetsasonic with Paul, and Too Poetic, a young MC navigating his way in the game after creating underground buzz with his 2 brothers and their short lived group the Brothers Grym and before his unfortunate death from colon cancer. The four transformed themselves into The Undertaker (Paul), The RZArector (RZA), The Gatekeeper (Frukwan) and The Grym Reaper (Too Poetic) to form Gravediggaz. On 6 Feet Deep the group utilize horror-themed imagery and lyrics combined with black comedy and satire to vent their frustrations with the hip-hop record industry. Singles \\\"Diary of a Madman,\\\" \\\"Nowhere to Run, Nowhere to Hide\\\" and \\\"1-800 Suicide\\\" lead an onslaught of tracks which The Quietus writer David Bennun described as \\\"a then novel means of addressing black life at street level [and] finding a new way of getting that message across\\\". Production is mostly handled by Paul with RZA handling a few tracks. Highly regarded and still sought after, this pressing comes in a premium gatefold jacket with only 2000 of this classic available.\",\"breadcrumb\":{\"@id\":\"https:\/\/wpguerssen-test.odoo.rgbconsulting.com\/es\/producto\/6-feet-deep\/#breadcrumb\"},\"inLanguage\":\"es\",\"potentialAction\":[{\"@type\":\"ReadAction\",\"target\":[\"https:\/\/wpguerssen-test.odoo.rgbconsulting.com\/es\/producto\/6-feet-deep\/\"]}]},{\"@type\":\"ImageObject\",\"inLanguage\":\"es\",\"@id\":\"https:\/\/wpguerssen-test.odoo.rgbconsulting.com\/es\/producto\/6-feet-deep\/#primaryimage\",\"url\":\"https:\/\/wpguerssen-test.odoo.rgbconsulting.com\/wp-content\/uploads\/2023\/11\/46089.jpg\",\"contentUrl\":\"https:\/\/wpguerssen-test.odoo.rgbconsulting.com\/wp-content\/uploads\/2023\/11\/46089.jpg\",\"width\":1800,\"height\":1800},{\"@type\":\"BreadcrumbList\",\"@id\":\"https:\/\/wpguerssen-test.odoo.rgbconsulting.com\/es\/producto\/6-feet-deep\/#breadcrumb\",\"itemListElement\":[{\"@type\":\"ListItem\",\"position\":1,\"name\":\"Inicio\",\"item\":\"https:\/\/wpguerssen-test.odoo.rgbconsulting.com\/es\/\"},{\"@type\":\"ListItem\",\"position\":2,\"name\":\"Shop\",\"item\":\"https:\/\/wpguerssen-test.odoo.rgbconsulting.com\/shop\/\"},{\"@type\":\"ListItem\",\"position\":3,\"name\":\"6 Feet Deep\"}]},{\"@type\":\"WebSite\",\"@id\":\"https:\/\/wpguerssen-test.odoo.rgbconsulting.com\/es\/#website\",\"url\":\"https:\/\/wpguerssen-test.odoo.rgbconsulting.com\/es\/\",\"name\":\"Guerssen records\",\"description\":\"psychedelia - progressive - folk - garage \",\"publisher\":{\"@id\":\"https:\/\/wpguerssen-test.odoo.rgbconsulting.com\/es\/#organization\"},\"potentialAction\":[{\"@type\":\"SearchAction\",\"target\":{\"@type\":\"EntryPoint\",\"urlTemplate\":\"https:\/\/wpguerssen-test.odoo.rgbconsulting.com\/es\/?s={search_term_string}\"},\"query-input\":{\"@type\":\"PropertyValueSpecification\",\"valueRequired\":true,\"valueName\":\"search_term_string\"}}],\"inLanguage\":\"es\"},{\"@type\":\"Organization\",\"@id\":\"https:\/\/wpguerssen-test.odoo.rgbconsulting.com\/es\/#organization\",\"name\":\"Guerssen records\",\"url\":\"https:\/\/wpguerssen-test.odoo.rgbconsulting.com\/es\/\",\"logo\":{\"@type\":\"ImageObject\",\"inLanguage\":\"es\",\"@id\":\"https:\/\/wpguerssen-test.odoo.rgbconsulting.com\/es\/#\/schema\/logo\/image\/\",\"url\":\"https:\/\/wpguerssen-test.odoo.rgbconsulting.com\/wp-content\/uploads\/2022\/04\/Logo_Guerssen_trans_100.png\",\"contentUrl\":\"https:\/\/wpguerssen-test.odoo.rgbconsulting.com\/wp-content\/uploads\/2022\/04\/Logo_Guerssen_trans_100.png\",\"width\":122,\"height\":100,\"caption\":\"Guerssen records\"},\"image\":{\"@id\":\"https:\/\/wpguerssen-test.odoo.rgbconsulting.com\/es\/#\/schema\/logo\/image\/\"}}]}<\/script>\n<!-- \/ Yoast SEO plugin. -->","yoast_head_json":{"title":"GRAVEDIGGAZ - 6 Feet Deep -  (2LP) | Guerssen","description":"Gravediggaz: \"Digging graves of the mentally dead and resurrecting their state of unawareness and ignorance.\" Frukwan describes the meaning of the group's name. Helping give birth to hip-hop's subgenre of Horrorcore and one of hip-hop's first supergroups, Gravediggaz were born at a time when all four members were at low points in their careers.Already one of hip-hop's most legendary producers, Prince Paul was at a crossroads in his career resulting in experimenting with darker sounding beats. He recruited a young soon to be legendary producer RZA, who was at a different type of crossroads in his career, not having the best experiences with various labels and before going on to start the global phenomenon that is The Wu-Tang Clan. Also added were Frukwan, a former member of Stetsasonic with Paul, and Too Poetic, a young MC navigating his way in the game after creating underground buzz with his 2 brothers and their short lived group the Brothers Grym and before his unfortunate death from colon cancer. The four transformed themselves into The Undertaker (Paul), The RZArector (RZA), The Gatekeeper (Frukwan) and The Grym Reaper (Too Poetic) to form Gravediggaz. On 6 Feet Deep the group utilize horror-themed imagery and lyrics combined with black comedy and satire to vent their frustrations with the hip-hop record industry. Singles \"Diary of a Madman,\" \"Nowhere to Run, Nowhere to Hide\" and \"1-800 Suicide\" lead an onslaught of tracks which The Quietus writer David Bennun described as \"a then novel means of addressing black life at street level [and] finding a new way of getting that message across\". Production is mostly handled by Paul with RZA handling a few tracks. Highly regarded and still sought after, this pressing comes in a premium gatefold jacket with only 2000 of this classic available.","robots":{"index":"index","follow":"follow","max-snippet":"max-snippet:-1","max-image-preview":"max-image-preview:large","max-video-preview":"max-video-preview:-1"},"canonical":"https:\/\/wpguerssen-test.odoo.rgbconsulting.com\/es\/producto\/6-feet-deep\/","og_locale":"es_ES","og_type":"article","og_title":"GRAVEDIGGAZ - 6 Feet Deep -  (2LP) | Guerssen","og_description":"Gravediggaz: \"Digging graves of the mentally dead and resurrecting their state of unawareness and ignorance.\" Frukwan describes the meaning of the group's name. Helping give birth to hip-hop's subgenre of Horrorcore and one of hip-hop's first supergroups, Gravediggaz were born at a time when all four members were at low points in their careers.Already one of hip-hop's most legendary producers, Prince Paul was at a crossroads in his career resulting in experimenting with darker sounding beats. He recruited a young soon to be legendary producer RZA, who was at a different type of crossroads in his career, not having the best experiences with various labels and before going on to start the global phenomenon that is The Wu-Tang Clan. Also added were Frukwan, a former member of Stetsasonic with Paul, and Too Poetic, a young MC navigating his way in the game after creating underground buzz with his 2 brothers and their short lived group the Brothers Grym and before his unfortunate death from colon cancer. The four transformed themselves into The Undertaker (Paul), The RZArector (RZA), The Gatekeeper (Frukwan) and The Grym Reaper (Too Poetic) to form Gravediggaz. On 6 Feet Deep the group utilize horror-themed imagery and lyrics combined with black comedy and satire to vent their frustrations with the hip-hop record industry. Singles \"Diary of a Madman,\" \"Nowhere to Run, Nowhere to Hide\" and \"1-800 Suicide\" lead an onslaught of tracks which The Quietus writer David Bennun described as \"a then novel means of addressing black life at street level [and] finding a new way of getting that message across\". Production is mostly handled by Paul with RZA handling a few tracks. Highly regarded and still sought after, this pressing comes in a premium gatefold jacket with only 2000 of this classic available.","og_url":"https:\/\/wpguerssen-test.odoo.rgbconsulting.com\/es\/producto\/6-feet-deep\/","og_site_name":"Guerssen records","article_modified_time":"2024-07-01T17:05:03+00:00","og_image":[{"width":1024,"height":1024,"url":"https:\/\/wpguerssen-test.odoo.rgbconsulting.com\/wp-content\/uploads\/2023\/11\/46089-1024x1024.jpg","type":"image\/jpeg"}],"twitter_card":"summary_large_image","twitter_title":"GRAVEDIGGAZ - 6 Feet Deep -  (2LP) | Guerssen","twitter_misc":{"Tiempo de lectura":"2 minutos"},"schema":{"@context":"https:\/\/schema.org","@graph":[{"@type":"WebPage","@id":"https:\/\/wpguerssen-test.odoo.rgbconsulting.com\/es\/producto\/6-feet-deep\/","url":"https:\/\/wpguerssen-test.odoo.rgbconsulting.com\/es\/producto\/6-feet-deep\/","name":"GRAVEDIGGAZ - 6 Feet Deep - (2LP) | Guerssen","isPartOf":{"@id":"https:\/\/wpguerssen-test.odoo.rgbconsulting.com\/es\/#website"},"primaryImageOfPage":{"@id":"https:\/\/wpguerssen-test.odoo.rgbconsulting.com\/es\/producto\/6-feet-deep\/#primaryimage"},"image":{"@id":"https:\/\/wpguerssen-test.odoo.rgbconsulting.com\/es\/producto\/6-feet-deep\/#primaryimage"},"thumbnailUrl":"https:\/\/wpguerssen-test.odoo.rgbconsulting.com\/wp-content\/uploads\/2023\/11\/46089.jpg","datePublished":"2024-03-24T23:00:00+00:00","dateModified":"2024-07-01T17:05:03+00:00","description":"Gravediggaz: \"Digging graves of the mentally dead and resurrecting their state of unawareness and ignorance.\" Frukwan describes the meaning of the group's name. Helping give birth to hip-hop's subgenre of Horrorcore and one of hip-hop's first supergroups, Gravediggaz were born at a time when all four members were at low points in their careers.Already one of hip-hop's most legendary producers, Prince Paul was at a crossroads in his career resulting in experimenting with darker sounding beats. He recruited a young soon to be legendary producer RZA, who was at a different type of crossroads in his career, not having the best experiences with various labels and before going on to start the global phenomenon that is The Wu-Tang Clan. Also added were Frukwan, a former member of Stetsasonic with Paul, and Too Poetic, a young MC navigating his way in the game after creating underground buzz with his 2 brothers and their short lived group the Brothers Grym and before his unfortunate death from colon cancer. The four transformed themselves into The Undertaker (Paul), The RZArector (RZA), The Gatekeeper (Frukwan) and The Grym Reaper (Too Poetic) to form Gravediggaz. On 6 Feet Deep the group utilize horror-themed imagery and lyrics combined with black comedy and satire to vent their frustrations with the hip-hop record industry. Singles \"Diary of a Madman,\" \"Nowhere to Run, Nowhere to Hide\" and \"1-800 Suicide\" lead an onslaught of tracks which The Quietus writer David Bennun described as \"a then novel means of addressing black life at street level [and] finding a new way of getting that message across\". Production is mostly handled by Paul with RZA handling a few tracks. Highly regarded and still sought after, this pressing comes in a premium gatefold jacket with only 2000 of this classic available.","breadcrumb":{"@id":"https:\/\/wpguerssen-test.odoo.rgbconsulting.com\/es\/producto\/6-feet-deep\/#breadcrumb"},"inLanguage":"es","potentialAction":[{"@type":"ReadAction","target":["https:\/\/wpguerssen-test.odoo.rgbconsulting.com\/es\/producto\/6-feet-deep\/"]}]},{"@type":"ImageObject","inLanguage":"es","@id":"https:\/\/wpguerssen-test.odoo.rgbconsulting.com\/es\/producto\/6-feet-deep\/#primaryimage","url":"https:\/\/wpguerssen-test.odoo.rgbconsulting.com\/wp-content\/uploads\/2023\/11\/46089.jpg","contentUrl":"https:\/\/wpguerssen-test.odoo.rgbconsulting.com\/wp-content\/uploads\/2023\/11\/46089.jpg","width":1800,"height":1800},{"@type":"BreadcrumbList","@id":"https:\/\/wpguerssen-test.odoo.rgbconsulting.com\/es\/producto\/6-feet-deep\/#breadcrumb","itemListElement":[{"@type":"ListItem","position":1,"name":"Inicio","item":"https:\/\/wpguerssen-test.odoo.rgbconsulting.com\/es\/"},{"@type":"ListItem","position":2,"name":"Shop","item":"https:\/\/wpguerssen-test.odoo.rgbconsulting.com\/shop\/"},{"@type":"ListItem","position":3,"name":"6 Feet Deep"}]},{"@type":"WebSite","@id":"https:\/\/wpguerssen-test.odoo.rgbconsulting.com\/es\/#website","url":"https:\/\/wpguerssen-test.odoo.rgbconsulting.com\/es\/","name":"Guerssen records","description":"psychedelia - progressive - folk - garage ","publisher":{"@id":"https:\/\/wpguerssen-test.odoo.rgbconsulting.com\/es\/#organization"},"potentialAction":[{"@type":"SearchAction","target":{"@type":"EntryPoint","urlTemplate":"https:\/\/wpguerssen-test.odoo.rgbconsulting.com\/es\/?s={search_term_string}"},"query-input":{"@type":"PropertyValueSpecification","valueRequired":true,"valueName":"search_term_string"}}],"inLanguage":"es"},{"@type":"Organization","@id":"https:\/\/wpguerssen-test.odoo.rgbconsulting.com\/es\/#organization","name":"Guerssen records","url":"https:\/\/wpguerssen-test.odoo.rgbconsulting.com\/es\/","logo":{"@type":"ImageObject","inLanguage":"es","@id":"https:\/\/wpguerssen-test.odoo.rgbconsulting.com\/es\/#\/schema\/logo\/image\/","url":"https:\/\/wpguerssen-test.odoo.rgbconsulting.com\/wp-content\/uploads\/2022\/04\/Logo_Guerssen_trans_100.png","contentUrl":"https:\/\/wpguerssen-test.odoo.rgbconsulting.com\/wp-content\/uploads\/2022\/04\/Logo_Guerssen_trans_100.png","width":122,"height":100,"caption":"Guerssen records"},"image":{"@id":"https:\/\/wpguerssen-test.odoo.rgbconsulting.com\/es\/#\/schema\/logo\/image\/"}}]}},"_links":{"self":[{"href":"https:\/\/wpguerssen-test.odoo.rgbconsulting.com\/es\/wp-json\/wp\/v2\/product\/245374","targetHints":{"allow":["GET"]}}],"collection":[{"href":"https:\/\/wpguerssen-test.odoo.rgbconsulting.com\/es\/wp-json\/wp\/v2\/product"}],"about":[{"href":"https:\/\/wpguerssen-test.odoo.rgbconsulting.com\/es\/wp-json\/wp\/v2\/types\/product"}],"wp:featuredmedia":[{"embeddable":true,"href":"https:\/\/wpguerssen-test.odoo.rgbconsulting.com\/es\/wp-json\/wp\/v2\/media\/245375"}],"wp:attachment":[{"href":"https:\/\/wpguerssen-test.odoo.rgbconsulting.com\/es\/wp-json\/wp\/v2\/media?parent=245374"}],"wp:term":[{"taxonomy":"product_brand","embeddable":true,"href":"https:\/\/wpguerssen-test.odoo.rgbconsulting.com\/es\/wp-json\/wp\/v2\/product_brand?post=245374"},{"taxonomy":"product_cat","embeddable":true,"href":"https:\/\/wpguerssen-test.odoo.rgbconsulting.com\/es\/wp-json\/wp\/v2\/product_cat?post=245374"},{"taxonomy":"product_tag","embeddable":true,"href":"https:\/\/wpguerssen-test.odoo.rgbconsulting.com\/es\/wp-json\/wp\/v2\/product_tag?post=245374"}],"curies":[{"name":"wp","href":"https:\/\/api.w.org\/{rel}","templated":true}]}}