{"id":245377,"date":"2024-01-09T00:00:00","date_gmt":"2024-01-08T23:00:00","guid":{"rendered":"https:\/\/wpguerssen-test.odoo.rgbconsulting.com\/product\/reflections-in-the-sea-of-nuren-yellow\/"},"modified":"2024-08-26T18:13:11","modified_gmt":"2024-08-26T16:13:11","slug":"reflections-in-the-sea-of-nuren","status":"publish","type":"product","link":"https:\/\/wpguerssen-test.odoo.rgbconsulting.com\/es\/producto\/reflections-in-the-sea-of-nuren\/","title":{"rendered":"Reflections In The Sea Of Nuren"},"content":{"rendered":"<p>Originalmente planeado para su publicaci\u00f3n en Strata-East, Hammond llev\u00f3 su colaboraci\u00f3n con Durrah a Detroit y public\u00f3 su obra maestra. Lacado por Bernie Grundman.<br \/>Now-Again presenta las reediciones definitivas de Tribe Records.<br \/>Jazz profundo y espiritual del m\u00e1s alto nivel.<br \/>El sello Tribe, una de las luces m\u00e1s brillantes del jazz underground estadounidense de los a\u00f1os 70, recibe el Tratamiento de reedici\u00f3n Now-Again. Esta es su oportunidad de disfrutar de la m\u00fasica y la historia de uno de los movimientos locales m\u00e1s significativos de la experiencia afroamericana del siglo XX, uno que se expandi\u00f3 hacia el cosmos. En palabras del propio colectivo, \u00abLa m\u00fasica es la fuerza curativa del universo\u00bb.<\/p>\n","protected":false},"excerpt":{"rendered":"<p>Originalmente planeado para su publicaci\u00f3n en Strata-East, Hammond llev\u00f3 su colaboraci\u00f3n con Durrah a Detroit y public\u00f3 su obra maestra. Lacado por Bernie Grundman.<br<a class=\"read\" href=\"https:\/\/wpguerssen-test.odoo.rgbconsulting.com\/es\/producto\/reflections-in-the-sea-of-nuren\/\"> (...)<\/a>","protected":false},"featured_media":245378,"template":"","meta":{"_acf_changed":false},"product_brand":[],"product_cat":[23227],"product_tag":[],"class_list":{"0":"post-245377","1":"product","2":"type-product","3":"status-publish","4":"has-post-thumbnail","6":"product_cat-jazz-es","7":"pa_artist-hammond-doug-durrah-david","8":"pa_format-lp-es","9":"pa_gender-jazz","10":"pa_label-now-again","11":"pa_location-north-america-es","12":"pa_other-filters-vinyl-only-es","14":"first","15":"instock","16":"taxable","17":"shipping-taxable","18":"purchasable","19":"product-type-simple"},"acf":[],"yoast_head":"<!-- This site is optimized with the Yoast SEO plugin v24.9 - https:\/\/yoast.com\/wordpress\/plugins\/seo\/ -->\n<title>HAMMOND, Doug &amp; DURRAH, David - Reflections In The Sea Of Nuren -  (LP) | Guerssen<\/title>\n<meta name=\"description\" content=\"Originally planned for issue on Strata-East, Hammond took his collaboration with Durrah to Detroit and issued his masterpiece. Lacquered by Bernie Grundman.Now-Again presents the definitive Tribe Records reissues.Deep, Spiritual Jazz of the highest order.The Tribe label, one of the brightest lights of America&#039;s 1970s jazz underground, receives the Now-Again reissue treatment. This is your chance to indulge in the music and story of one of the most meaningful, local movements of the 20th Century Black American experience, one that expanded outwards towards the cosmos. In the words of the collective themselves, &quot;Music is the healing force of the universe.&quot;Included in an extensive, oversized booklet, Larry Gabriel and Jeff &quot;Chairman&quot; Mao take us through the history of the Tribe, in a compelling story that delves not just into the history of the label and its principals, but into the story of Black American empowerment in the latter half of the 20th Century.The booklet features never-before-seen archival photos and rare ephemera from Tribe&#039;s mid-1970s heyday.\" \/>\n<meta name=\"robots\" content=\"index, follow, max-snippet:-1, max-image-preview:large, max-video-preview:-1\" \/>\n<link rel=\"canonical\" href=\"https:\/\/wpguerssen-test.odoo.rgbconsulting.com\/es\/producto\/reflections-in-the-sea-of-nuren\/\" \/>\n<meta property=\"og:locale\" content=\"es_ES\" \/>\n<meta property=\"og:type\" content=\"article\" \/>\n<meta property=\"og:title\" content=\"HAMMOND, Doug &amp; DURRAH, David - Reflections In The Sea Of Nuren -  (LP) | Guerssen\" \/>\n<meta property=\"og:description\" content=\"Originally planned for issue on Strata-East, Hammond took his collaboration with Durrah to Detroit and issued his masterpiece. Lacquered by Bernie Grundman.Now-Again presents the definitive Tribe Records reissues.Deep, Spiritual Jazz of the highest order.The Tribe label, one of the brightest lights of America&#039;s 1970s jazz underground, receives the Now-Again reissue treatment. This is your chance to indulge in the music and story of one of the most meaningful, local movements of the 20th Century Black American experience, one that expanded outwards towards the cosmos. In the words of the collective themselves, &quot;Music is the healing force of the universe.&quot;Included in an extensive, oversized booklet, Larry Gabriel and Jeff &quot;Chairman&quot; Mao take us through the history of the Tribe, in a compelling story that delves not just into the history of the label and its principals, but into the story of Black American empowerment in the latter half of the 20th Century.The booklet features never-before-seen archival photos and rare ephemera from Tribe&#039;s mid-1970s heyday.\" \/>\n<meta property=\"og:url\" content=\"https:\/\/wpguerssen-test.odoo.rgbconsulting.com\/es\/producto\/reflections-in-the-sea-of-nuren\/\" \/>\n<meta property=\"og:site_name\" content=\"Guerssen records\" \/>\n<meta property=\"article:modified_time\" content=\"2024-08-26T16:13:11+00:00\" \/>\n<meta property=\"og:image\" content=\"https:\/\/wpguerssen-test.odoo.rgbconsulting.com\/wp-content\/uploads\/2023\/11\/46090.jpg\" \/>\n\t<meta property=\"og:image:width\" content=\"700\" \/>\n\t<meta property=\"og:image:height\" content=\"700\" \/>\n\t<meta property=\"og:image:type\" content=\"image\/jpeg\" \/>\n<meta name=\"twitter:card\" content=\"summary_large_image\" \/>\n<meta name=\"twitter:title\" content=\"HAMMOND, Doug &amp; DURRAH, David - Reflections In The Sea Of Nuren -  (LP) | Guerssen\" \/>\n<meta name=\"twitter:label1\" content=\"Tiempo de lectura\" \/>\n\t<meta name=\"twitter:data1\" content=\"1 minuto\" \/>\n<script type=\"application\/ld+json\" class=\"yoast-schema-graph\">{\"@context\":\"https:\/\/schema.org\",\"@graph\":[{\"@type\":\"WebPage\",\"@id\":\"https:\/\/wpguerssen-test.odoo.rgbconsulting.com\/es\/producto\/reflections-in-the-sea-of-nuren\/\",\"url\":\"https:\/\/wpguerssen-test.odoo.rgbconsulting.com\/es\/producto\/reflections-in-the-sea-of-nuren\/\",\"name\":\"HAMMOND, Doug & DURRAH, David - Reflections In The Sea Of Nuren - (LP) | Guerssen\",\"isPartOf\":{\"@id\":\"https:\/\/wpguerssen-test.odoo.rgbconsulting.com\/es\/#website\"},\"primaryImageOfPage\":{\"@id\":\"https:\/\/wpguerssen-test.odoo.rgbconsulting.com\/es\/producto\/reflections-in-the-sea-of-nuren\/#primaryimage\"},\"image\":{\"@id\":\"https:\/\/wpguerssen-test.odoo.rgbconsulting.com\/es\/producto\/reflections-in-the-sea-of-nuren\/#primaryimage\"},\"thumbnailUrl\":\"https:\/\/wpguerssen-test.odoo.rgbconsulting.com\/wp-content\/uploads\/2023\/11\/46090.jpg\",\"datePublished\":\"2024-01-08T23:00:00+00:00\",\"dateModified\":\"2024-08-26T16:13:11+00:00\",\"description\":\"Originally planned for issue on Strata-East, Hammond took his collaboration with Durrah to Detroit and issued his masterpiece. Lacquered by Bernie Grundman.Now-Again presents the definitive Tribe Records reissues.Deep, Spiritual Jazz of the highest order.The Tribe label, one of the brightest lights of America's 1970s jazz underground, receives the Now-Again reissue treatment. This is your chance to indulge in the music and story of one of the most meaningful, local movements of the 20th Century Black American experience, one that expanded outwards towards the cosmos. In the words of the collective themselves, \\\"Music is the healing force of the universe.\\\"Included in an extensive, oversized booklet, Larry Gabriel and Jeff \\\"Chairman\\\" Mao take us through the history of the Tribe, in a compelling story that delves not just into the history of the label and its principals, but into the story of Black American empowerment in the latter half of the 20th Century.The booklet features never-before-seen archival photos and rare ephemera from Tribe's mid-1970s heyday.\",\"breadcrumb\":{\"@id\":\"https:\/\/wpguerssen-test.odoo.rgbconsulting.com\/es\/producto\/reflections-in-the-sea-of-nuren\/#breadcrumb\"},\"inLanguage\":\"es\",\"potentialAction\":[{\"@type\":\"ReadAction\",\"target\":[\"https:\/\/wpguerssen-test.odoo.rgbconsulting.com\/es\/producto\/reflections-in-the-sea-of-nuren\/\"]}]},{\"@type\":\"ImageObject\",\"inLanguage\":\"es\",\"@id\":\"https:\/\/wpguerssen-test.odoo.rgbconsulting.com\/es\/producto\/reflections-in-the-sea-of-nuren\/#primaryimage\",\"url\":\"https:\/\/wpguerssen-test.odoo.rgbconsulting.com\/wp-content\/uploads\/2023\/11\/46090.jpg\",\"contentUrl\":\"https:\/\/wpguerssen-test.odoo.rgbconsulting.com\/wp-content\/uploads\/2023\/11\/46090.jpg\",\"width\":700,\"height\":700,\"caption\":\"Doug & DURRAH\"},{\"@type\":\"BreadcrumbList\",\"@id\":\"https:\/\/wpguerssen-test.odoo.rgbconsulting.com\/es\/producto\/reflections-in-the-sea-of-nuren\/#breadcrumb\",\"itemListElement\":[{\"@type\":\"ListItem\",\"position\":1,\"name\":\"Inicio\",\"item\":\"https:\/\/wpguerssen-test.odoo.rgbconsulting.com\/es\/\"},{\"@type\":\"ListItem\",\"position\":2,\"name\":\"Shop\",\"item\":\"https:\/\/wpguerssen-test.odoo.rgbconsulting.com\/shop\/\"},{\"@type\":\"ListItem\",\"position\":3,\"name\":\"Reflections In The Sea Of Nuren\"}]},{\"@type\":\"WebSite\",\"@id\":\"https:\/\/wpguerssen-test.odoo.rgbconsulting.com\/es\/#website\",\"url\":\"https:\/\/wpguerssen-test.odoo.rgbconsulting.com\/es\/\",\"name\":\"Guerssen records\",\"description\":\"psychedelia - progressive - folk - garage \",\"publisher\":{\"@id\":\"https:\/\/wpguerssen-test.odoo.rgbconsulting.com\/es\/#organization\"},\"potentialAction\":[{\"@type\":\"SearchAction\",\"target\":{\"@type\":\"EntryPoint\",\"urlTemplate\":\"https:\/\/wpguerssen-test.odoo.rgbconsulting.com\/es\/?s={search_term_string}\"},\"query-input\":{\"@type\":\"PropertyValueSpecification\",\"valueRequired\":true,\"valueName\":\"search_term_string\"}}],\"inLanguage\":\"es\"},{\"@type\":\"Organization\",\"@id\":\"https:\/\/wpguerssen-test.odoo.rgbconsulting.com\/es\/#organization\",\"name\":\"Guerssen records\",\"url\":\"https:\/\/wpguerssen-test.odoo.rgbconsulting.com\/es\/\",\"logo\":{\"@type\":\"ImageObject\",\"inLanguage\":\"es\",\"@id\":\"https:\/\/wpguerssen-test.odoo.rgbconsulting.com\/es\/#\/schema\/logo\/image\/\",\"url\":\"https:\/\/wpguerssen-test.odoo.rgbconsulting.com\/wp-content\/uploads\/2022\/04\/Logo_Guerssen_trans_100.png\",\"contentUrl\":\"https:\/\/wpguerssen-test.odoo.rgbconsulting.com\/wp-content\/uploads\/2022\/04\/Logo_Guerssen_trans_100.png\",\"width\":122,\"height\":100,\"caption\":\"Guerssen records\"},\"image\":{\"@id\":\"https:\/\/wpguerssen-test.odoo.rgbconsulting.com\/es\/#\/schema\/logo\/image\/\"}}]}<\/script>\n<!-- \/ Yoast SEO plugin. -->","yoast_head_json":{"title":"HAMMOND, Doug & DURRAH, David - Reflections In The Sea Of Nuren -  (LP) | Guerssen","description":"Originally planned for issue on Strata-East, Hammond took his collaboration with Durrah to Detroit and issued his masterpiece. Lacquered by Bernie Grundman.Now-Again presents the definitive Tribe Records reissues.Deep, Spiritual Jazz of the highest order.The Tribe label, one of the brightest lights of America's 1970s jazz underground, receives the Now-Again reissue treatment. This is your chance to indulge in the music and story of one of the most meaningful, local movements of the 20th Century Black American experience, one that expanded outwards towards the cosmos. In the words of the collective themselves, \"Music is the healing force of the universe.\"Included in an extensive, oversized booklet, Larry Gabriel and Jeff \"Chairman\" Mao take us through the history of the Tribe, in a compelling story that delves not just into the history of the label and its principals, but into the story of Black American empowerment in the latter half of the 20th Century.The booklet features never-before-seen archival photos and rare ephemera from Tribe's mid-1970s heyday.","robots":{"index":"index","follow":"follow","max-snippet":"max-snippet:-1","max-image-preview":"max-image-preview:large","max-video-preview":"max-video-preview:-1"},"canonical":"https:\/\/wpguerssen-test.odoo.rgbconsulting.com\/es\/producto\/reflections-in-the-sea-of-nuren\/","og_locale":"es_ES","og_type":"article","og_title":"HAMMOND, Doug & DURRAH, David - Reflections In The Sea Of Nuren -  (LP) | Guerssen","og_description":"Originally planned for issue on Strata-East, Hammond took his collaboration with Durrah to Detroit and issued his masterpiece. Lacquered by Bernie Grundman.Now-Again presents the definitive Tribe Records reissues.Deep, Spiritual Jazz of the highest order.The Tribe label, one of the brightest lights of America's 1970s jazz underground, receives the Now-Again reissue treatment. This is your chance to indulge in the music and story of one of the most meaningful, local movements of the 20th Century Black American experience, one that expanded outwards towards the cosmos. In the words of the collective themselves, \"Music is the healing force of the universe.\"Included in an extensive, oversized booklet, Larry Gabriel and Jeff \"Chairman\" Mao take us through the history of the Tribe, in a compelling story that delves not just into the history of the label and its principals, but into the story of Black American empowerment in the latter half of the 20th Century.The booklet features never-before-seen archival photos and rare ephemera from Tribe's mid-1970s heyday.","og_url":"https:\/\/wpguerssen-test.odoo.rgbconsulting.com\/es\/producto\/reflections-in-the-sea-of-nuren\/","og_site_name":"Guerssen records","article_modified_time":"2024-08-26T16:13:11+00:00","og_image":[{"width":700,"height":700,"url":"https:\/\/wpguerssen-test.odoo.rgbconsulting.com\/wp-content\/uploads\/2023\/11\/46090.jpg","type":"image\/jpeg"}],"twitter_card":"summary_large_image","twitter_title":"HAMMOND, Doug & DURRAH, David - Reflections In The Sea Of Nuren -  (LP) | Guerssen","twitter_misc":{"Tiempo de lectura":"1 minuto"},"schema":{"@context":"https:\/\/schema.org","@graph":[{"@type":"WebPage","@id":"https:\/\/wpguerssen-test.odoo.rgbconsulting.com\/es\/producto\/reflections-in-the-sea-of-nuren\/","url":"https:\/\/wpguerssen-test.odoo.rgbconsulting.com\/es\/producto\/reflections-in-the-sea-of-nuren\/","name":"HAMMOND, Doug & DURRAH, David - Reflections In The Sea Of Nuren - (LP) | Guerssen","isPartOf":{"@id":"https:\/\/wpguerssen-test.odoo.rgbconsulting.com\/es\/#website"},"primaryImageOfPage":{"@id":"https:\/\/wpguerssen-test.odoo.rgbconsulting.com\/es\/producto\/reflections-in-the-sea-of-nuren\/#primaryimage"},"image":{"@id":"https:\/\/wpguerssen-test.odoo.rgbconsulting.com\/es\/producto\/reflections-in-the-sea-of-nuren\/#primaryimage"},"thumbnailUrl":"https:\/\/wpguerssen-test.odoo.rgbconsulting.com\/wp-content\/uploads\/2023\/11\/46090.jpg","datePublished":"2024-01-08T23:00:00+00:00","dateModified":"2024-08-26T16:13:11+00:00","description":"Originally planned for issue on Strata-East, Hammond took his collaboration with Durrah to Detroit and issued his masterpiece. Lacquered by Bernie Grundman.Now-Again presents the definitive Tribe Records reissues.Deep, Spiritual Jazz of the highest order.The Tribe label, one of the brightest lights of America's 1970s jazz underground, receives the Now-Again reissue treatment. This is your chance to indulge in the music and story of one of the most meaningful, local movements of the 20th Century Black American experience, one that expanded outwards towards the cosmos. In the words of the collective themselves, \"Music is the healing force of the universe.\"Included in an extensive, oversized booklet, Larry Gabriel and Jeff \"Chairman\" Mao take us through the history of the Tribe, in a compelling story that delves not just into the history of the label and its principals, but into the story of Black American empowerment in the latter half of the 20th Century.The booklet features never-before-seen archival photos and rare ephemera from Tribe's mid-1970s heyday.","breadcrumb":{"@id":"https:\/\/wpguerssen-test.odoo.rgbconsulting.com\/es\/producto\/reflections-in-the-sea-of-nuren\/#breadcrumb"},"inLanguage":"es","potentialAction":[{"@type":"ReadAction","target":["https:\/\/wpguerssen-test.odoo.rgbconsulting.com\/es\/producto\/reflections-in-the-sea-of-nuren\/"]}]},{"@type":"ImageObject","inLanguage":"es","@id":"https:\/\/wpguerssen-test.odoo.rgbconsulting.com\/es\/producto\/reflections-in-the-sea-of-nuren\/#primaryimage","url":"https:\/\/wpguerssen-test.odoo.rgbconsulting.com\/wp-content\/uploads\/2023\/11\/46090.jpg","contentUrl":"https:\/\/wpguerssen-test.odoo.rgbconsulting.com\/wp-content\/uploads\/2023\/11\/46090.jpg","width":700,"height":700,"caption":"Doug & DURRAH"},{"@type":"BreadcrumbList","@id":"https:\/\/wpguerssen-test.odoo.rgbconsulting.com\/es\/producto\/reflections-in-the-sea-of-nuren\/#breadcrumb","itemListElement":[{"@type":"ListItem","position":1,"name":"Inicio","item":"https:\/\/wpguerssen-test.odoo.rgbconsulting.com\/es\/"},{"@type":"ListItem","position":2,"name":"Shop","item":"https:\/\/wpguerssen-test.odoo.rgbconsulting.com\/shop\/"},{"@type":"ListItem","position":3,"name":"Reflections In The Sea Of Nuren"}]},{"@type":"WebSite","@id":"https:\/\/wpguerssen-test.odoo.rgbconsulting.com\/es\/#website","url":"https:\/\/wpguerssen-test.odoo.rgbconsulting.com\/es\/","name":"Guerssen records","description":"psychedelia - progressive - folk - garage ","publisher":{"@id":"https:\/\/wpguerssen-test.odoo.rgbconsulting.com\/es\/#organization"},"potentialAction":[{"@type":"SearchAction","target":{"@type":"EntryPoint","urlTemplate":"https:\/\/wpguerssen-test.odoo.rgbconsulting.com\/es\/?s={search_term_string}"},"query-input":{"@type":"PropertyValueSpecification","valueRequired":true,"valueName":"search_term_string"}}],"inLanguage":"es"},{"@type":"Organization","@id":"https:\/\/wpguerssen-test.odoo.rgbconsulting.com\/es\/#organization","name":"Guerssen records","url":"https:\/\/wpguerssen-test.odoo.rgbconsulting.com\/es\/","logo":{"@type":"ImageObject","inLanguage":"es","@id":"https:\/\/wpguerssen-test.odoo.rgbconsulting.com\/es\/#\/schema\/logo\/image\/","url":"https:\/\/wpguerssen-test.odoo.rgbconsulting.com\/wp-content\/uploads\/2022\/04\/Logo_Guerssen_trans_100.png","contentUrl":"https:\/\/wpguerssen-test.odoo.rgbconsulting.com\/wp-content\/uploads\/2022\/04\/Logo_Guerssen_trans_100.png","width":122,"height":100,"caption":"Guerssen records"},"image":{"@id":"https:\/\/wpguerssen-test.odoo.rgbconsulting.com\/es\/#\/schema\/logo\/image\/"}}]}},"_links":{"self":[{"href":"https:\/\/wpguerssen-test.odoo.rgbconsulting.com\/es\/wp-json\/wp\/v2\/product\/245377","targetHints":{"allow":["GET"]}}],"collection":[{"href":"https:\/\/wpguerssen-test.odoo.rgbconsulting.com\/es\/wp-json\/wp\/v2\/product"}],"about":[{"href":"https:\/\/wpguerssen-test.odoo.rgbconsulting.com\/es\/wp-json\/wp\/v2\/types\/product"}],"wp:featuredmedia":[{"embeddable":true,"href":"https:\/\/wpguerssen-test.odoo.rgbconsulting.com\/es\/wp-json\/wp\/v2\/media\/245378"}],"wp:attachment":[{"href":"https:\/\/wpguerssen-test.odoo.rgbconsulting.com\/es\/wp-json\/wp\/v2\/media?parent=245377"}],"wp:term":[{"taxonomy":"product_brand","embeddable":true,"href":"https:\/\/wpguerssen-test.odoo.rgbconsulting.com\/es\/wp-json\/wp\/v2\/product_brand?post=245377"},{"taxonomy":"product_cat","embeddable":true,"href":"https:\/\/wpguerssen-test.odoo.rgbconsulting.com\/es\/wp-json\/wp\/v2\/product_cat?post=245377"},{"taxonomy":"product_tag","embeddable":true,"href":"https:\/\/wpguerssen-test.odoo.rgbconsulting.com\/es\/wp-json\/wp\/v2\/product_tag?post=245377"}],"curies":[{"name":"wp","href":"https:\/\/api.w.org\/{rel}","templated":true}]}}