{"id":245389,"date":"2024-01-09T00:00:00","date_gmt":"2024-01-08T23:00:00","guid":{"rendered":"https:\/\/wpguerssen-test.odoo.rgbconsulting.com\/product\/mr-hood\/"},"modified":"2024-06-03T19:28:53","modified_gmt":"2024-06-03T17:28:53","slug":"mr-hood","status":"publish","type":"product","link":"https:\/\/wpguerssen-test.odoo.rgbconsulting.com\/es\/producto\/mr-hood\/","title":{"rendered":"Mr Hood"},"content":{"rendered":"<p>KMD (Kausing Much Damage) fue un grupo de Hip Hop de principios de los 90, quiz\u00e1s mejor conocido por lanzar la carrera del aclamado MC\/Productor MF Doom (conocido durante su mandato en KMD como Zev Love X). Despu\u00e9s de aparecer como invitados en \u00abThe Gas Face\u00bb de 3rd Bass, el tr\u00edo (Zev, su hermano Subroc y Onyx) lanz\u00f3 el aclamado y pasado por alto \u00abMr. Hood\u00bb de cuerpo entero. Su perspectiva pol\u00edtica era similar a la del grupo Brand Nubian, que apareci\u00f3 como invitado en Hood; sin embargo, el estilo era m\u00e1s c\u00f3mico e inclu\u00eda una gran cantidad de clips de grabaciones antiguas de ni\u00f1os, sobre todo una muestra del personaje de Seaseme Street, Bert, en el sencillo \u00abWho Me?\u00bb <br \/>Este es el relanzamiento oficial de Elektra Records\/Traffic Entertainment Group con arte original y lista de canciones en su totalidad. Producci\u00f3n vanguardista y adelantada a su tiempo y sketches de KMD y Stimulated Dummies (John Gamble y Mr. Dante Ross). Incluye los sencillos \u00abPeachfuzz\u00bb, \u00abWho Me?\u00bb y \u00abNitty Gritty\u00bb (con Brand Nubian). Este es un \u00e1lbum de rap que no debe perderse.<\/p>\n","protected":false},"excerpt":{"rendered":"<p>KMD (Kausing Much Damage) fue un grupo de Hip Hop de principios de los 90, quiz\u00e1s mejor conocido por lanzar la carrera del aclamado MC\/Productor MF Doom (conocido<a class=\"read\" href=\"https:\/\/wpguerssen-test.odoo.rgbconsulting.com\/es\/producto\/mr-hood\/\"> (...)<\/a>","protected":false},"featured_media":245390,"template":"","meta":{"_acf_changed":false},"product_brand":[],"product_cat":[21706],"product_tag":[],"class_list":{"0":"post-245389","1":"product","2":"type-product","3":"status-publish","4":"has-post-thumbnail","6":"product_cat-rap-hip-hop-es","7":"pa_artist-kmd","8":"pa_format-2lp-es","9":"pa_gender-rap-hip-hop","10":"pa_label-traffic","11":"pa_location-north-america-es","12":"pa_other-filters-vinyl-only-es","14":"first","15":"instock","16":"taxable","17":"shipping-taxable","18":"purchasable","19":"product-type-simple"},"acf":[],"yoast_head":"<!-- This site is optimized with the Yoast SEO plugin v24.9 - https:\/\/yoast.com\/wordpress\/plugins\/seo\/ -->\n<title>KMD - Mr Hood -  (2LP) | Guerssen<\/title>\n<meta name=\"description\" content=\"KMD (Kausing Much Damage, or a positive Kause in a Much Damaged society) was a Hip Hop group in the early 90s perhaps best known for launching the career of acclaimed MC\/Producer MF Doom (known during his KMD tenure as Zev Love X). After guesting on 3rd Bass&#039; &quot;The Gas Face,&quot; the trio (Zev, brother Subroc, and Onyx) released the acclaimed and overlooked &quot;Mr. Hood&quot; full-length. Their political outlook was similar to the group Brand Nubian, who guested on Hood; however, the style was more comical and included a great deal of clips from old children&#039;s recordings, mostly notably a sample of the Seaseme Street character Bert on the single &quot;Who Me?&quot; This is the official Elektra Records\/Traffic Entertainment Group re-release with original artwork and track listing in it&#039;s entirety. Cutting edge, ahead of it&#039;s time production and skits from KMD and Stimulated Dummies (John Gamble and Mr. Dante Ross). Features the singles &quot;Peachfuzz&quot;, &quot;Who Me?&quot; and &quot;Nitty Gritty&quot; (feat. Brand Nubian). This is one Rap album that is not to be missed.\" \/>\n<meta name=\"robots\" content=\"index, follow, max-snippet:-1, max-image-preview:large, max-video-preview:-1\" \/>\n<link rel=\"canonical\" href=\"https:\/\/wpguerssen-test.odoo.rgbconsulting.com\/es\/producto\/mr-hood\/\" \/>\n<meta property=\"og:locale\" content=\"es_ES\" \/>\n<meta property=\"og:type\" content=\"article\" \/>\n<meta property=\"og:title\" content=\"KMD - Mr Hood -  (2LP) | Guerssen\" \/>\n<meta property=\"og:description\" content=\"KMD (Kausing Much Damage, or a positive Kause in a Much Damaged society) was a Hip Hop group in the early 90s perhaps best known for launching the career of acclaimed MC\/Producer MF Doom (known during his KMD tenure as Zev Love X). After guesting on 3rd Bass&#039; &quot;The Gas Face,&quot; the trio (Zev, brother Subroc, and Onyx) released the acclaimed and overlooked &quot;Mr. Hood&quot; full-length. Their political outlook was similar to the group Brand Nubian, who guested on Hood; however, the style was more comical and included a great deal of clips from old children&#039;s recordings, mostly notably a sample of the Seaseme Street character Bert on the single &quot;Who Me?&quot; This is the official Elektra Records\/Traffic Entertainment Group re-release with original artwork and track listing in it&#039;s entirety. Cutting edge, ahead of it&#039;s time production and skits from KMD and Stimulated Dummies (John Gamble and Mr. Dante Ross). Features the singles &quot;Peachfuzz&quot;, &quot;Who Me?&quot; and &quot;Nitty Gritty&quot; (feat. Brand Nubian). This is one Rap album that is not to be missed.\" \/>\n<meta property=\"og:url\" content=\"https:\/\/wpguerssen-test.odoo.rgbconsulting.com\/es\/producto\/mr-hood\/\" \/>\n<meta property=\"og:site_name\" content=\"Guerssen records\" \/>\n<meta property=\"article:modified_time\" content=\"2024-06-03T17:28:53+00:00\" \/>\n<meta property=\"og:image\" content=\"https:\/\/wpguerssen-test.odoo.rgbconsulting.com\/wp-content\/uploads\/2023\/11\/46094.jpg\" \/>\n\t<meta property=\"og:image:width\" content=\"700\" \/>\n\t<meta property=\"og:image:height\" content=\"715\" \/>\n\t<meta property=\"og:image:type\" content=\"image\/jpeg\" \/>\n<meta name=\"twitter:card\" content=\"summary_large_image\" \/>\n<meta name=\"twitter:title\" content=\"KMD - Mr Hood -  (2LP) | Guerssen\" \/>\n<meta name=\"twitter:label1\" content=\"Tiempo de lectura\" \/>\n\t<meta name=\"twitter:data1\" content=\"1 minuto\" \/>\n<script type=\"application\/ld+json\" class=\"yoast-schema-graph\">{\"@context\":\"https:\/\/schema.org\",\"@graph\":[{\"@type\":\"WebPage\",\"@id\":\"https:\/\/wpguerssen-test.odoo.rgbconsulting.com\/es\/producto\/mr-hood\/\",\"url\":\"https:\/\/wpguerssen-test.odoo.rgbconsulting.com\/es\/producto\/mr-hood\/\",\"name\":\"KMD - Mr Hood - (2LP) | Guerssen\",\"isPartOf\":{\"@id\":\"https:\/\/wpguerssen-test.odoo.rgbconsulting.com\/es\/#website\"},\"primaryImageOfPage\":{\"@id\":\"https:\/\/wpguerssen-test.odoo.rgbconsulting.com\/es\/producto\/mr-hood\/#primaryimage\"},\"image\":{\"@id\":\"https:\/\/wpguerssen-test.odoo.rgbconsulting.com\/es\/producto\/mr-hood\/#primaryimage\"},\"thumbnailUrl\":\"https:\/\/wpguerssen-test.odoo.rgbconsulting.com\/wp-content\/uploads\/2023\/11\/46094.jpg\",\"datePublished\":\"2024-01-08T23:00:00+00:00\",\"dateModified\":\"2024-06-03T17:28:53+00:00\",\"description\":\"KMD (Kausing Much Damage, or a positive Kause in a Much Damaged society) was a Hip Hop group in the early 90s perhaps best known for launching the career of acclaimed MC\/Producer MF Doom (known during his KMD tenure as Zev Love X). After guesting on 3rd Bass' \\\"The Gas Face,\\\" the trio (Zev, brother Subroc, and Onyx) released the acclaimed and overlooked \\\"Mr. Hood\\\" full-length. Their political outlook was similar to the group Brand Nubian, who guested on Hood; however, the style was more comical and included a great deal of clips from old children's recordings, mostly notably a sample of the Seaseme Street character Bert on the single \\\"Who Me?\\\" This is the official Elektra Records\/Traffic Entertainment Group re-release with original artwork and track listing in it's entirety. Cutting edge, ahead of it's time production and skits from KMD and Stimulated Dummies (John Gamble and Mr. Dante Ross). Features the singles \\\"Peachfuzz\\\", \\\"Who Me?\\\" and \\\"Nitty Gritty\\\" (feat. Brand Nubian). This is one Rap album that is not to be missed.\",\"breadcrumb\":{\"@id\":\"https:\/\/wpguerssen-test.odoo.rgbconsulting.com\/es\/producto\/mr-hood\/#breadcrumb\"},\"inLanguage\":\"es\",\"potentialAction\":[{\"@type\":\"ReadAction\",\"target\":[\"https:\/\/wpguerssen-test.odoo.rgbconsulting.com\/es\/producto\/mr-hood\/\"]}]},{\"@type\":\"ImageObject\",\"inLanguage\":\"es\",\"@id\":\"https:\/\/wpguerssen-test.odoo.rgbconsulting.com\/es\/producto\/mr-hood\/#primaryimage\",\"url\":\"https:\/\/wpguerssen-test.odoo.rgbconsulting.com\/wp-content\/uploads\/2023\/11\/46094.jpg\",\"contentUrl\":\"https:\/\/wpguerssen-test.odoo.rgbconsulting.com\/wp-content\/uploads\/2023\/11\/46094.jpg\",\"width\":700,\"height\":715},{\"@type\":\"BreadcrumbList\",\"@id\":\"https:\/\/wpguerssen-test.odoo.rgbconsulting.com\/es\/producto\/mr-hood\/#breadcrumb\",\"itemListElement\":[{\"@type\":\"ListItem\",\"position\":1,\"name\":\"Inicio\",\"item\":\"https:\/\/wpguerssen-test.odoo.rgbconsulting.com\/es\/\"},{\"@type\":\"ListItem\",\"position\":2,\"name\":\"Shop\",\"item\":\"https:\/\/wpguerssen-test.odoo.rgbconsulting.com\/shop\/\"},{\"@type\":\"ListItem\",\"position\":3,\"name\":\"Mr Hood\"}]},{\"@type\":\"WebSite\",\"@id\":\"https:\/\/wpguerssen-test.odoo.rgbconsulting.com\/es\/#website\",\"url\":\"https:\/\/wpguerssen-test.odoo.rgbconsulting.com\/es\/\",\"name\":\"Guerssen records\",\"description\":\"psychedelia - progressive - folk - garage \",\"publisher\":{\"@id\":\"https:\/\/wpguerssen-test.odoo.rgbconsulting.com\/es\/#organization\"},\"potentialAction\":[{\"@type\":\"SearchAction\",\"target\":{\"@type\":\"EntryPoint\",\"urlTemplate\":\"https:\/\/wpguerssen-test.odoo.rgbconsulting.com\/es\/?s={search_term_string}\"},\"query-input\":{\"@type\":\"PropertyValueSpecification\",\"valueRequired\":true,\"valueName\":\"search_term_string\"}}],\"inLanguage\":\"es\"},{\"@type\":\"Organization\",\"@id\":\"https:\/\/wpguerssen-test.odoo.rgbconsulting.com\/es\/#organization\",\"name\":\"Guerssen records\",\"url\":\"https:\/\/wpguerssen-test.odoo.rgbconsulting.com\/es\/\",\"logo\":{\"@type\":\"ImageObject\",\"inLanguage\":\"es\",\"@id\":\"https:\/\/wpguerssen-test.odoo.rgbconsulting.com\/es\/#\/schema\/logo\/image\/\",\"url\":\"https:\/\/wpguerssen-test.odoo.rgbconsulting.com\/wp-content\/uploads\/2022\/04\/Logo_Guerssen_trans_100.png\",\"contentUrl\":\"https:\/\/wpguerssen-test.odoo.rgbconsulting.com\/wp-content\/uploads\/2022\/04\/Logo_Guerssen_trans_100.png\",\"width\":122,\"height\":100,\"caption\":\"Guerssen records\"},\"image\":{\"@id\":\"https:\/\/wpguerssen-test.odoo.rgbconsulting.com\/es\/#\/schema\/logo\/image\/\"}}]}<\/script>\n<!-- \/ Yoast SEO plugin. -->","yoast_head_json":{"title":"KMD - Mr Hood -  (2LP) | Guerssen","description":"KMD (Kausing Much Damage, or a positive Kause in a Much Damaged society) was a Hip Hop group in the early 90s perhaps best known for launching the career of acclaimed MC\/Producer MF Doom (known during his KMD tenure as Zev Love X). After guesting on 3rd Bass' \"The Gas Face,\" the trio (Zev, brother Subroc, and Onyx) released the acclaimed and overlooked \"Mr. Hood\" full-length. Their political outlook was similar to the group Brand Nubian, who guested on Hood; however, the style was more comical and included a great deal of clips from old children's recordings, mostly notably a sample of the Seaseme Street character Bert on the single \"Who Me?\" This is the official Elektra Records\/Traffic Entertainment Group re-release with original artwork and track listing in it's entirety. Cutting edge, ahead of it's time production and skits from KMD and Stimulated Dummies (John Gamble and Mr. Dante Ross). Features the singles \"Peachfuzz\", \"Who Me?\" and \"Nitty Gritty\" (feat. Brand Nubian). This is one Rap album that is not to be missed.","robots":{"index":"index","follow":"follow","max-snippet":"max-snippet:-1","max-image-preview":"max-image-preview:large","max-video-preview":"max-video-preview:-1"},"canonical":"https:\/\/wpguerssen-test.odoo.rgbconsulting.com\/es\/producto\/mr-hood\/","og_locale":"es_ES","og_type":"article","og_title":"KMD - Mr Hood -  (2LP) | Guerssen","og_description":"KMD (Kausing Much Damage, or a positive Kause in a Much Damaged society) was a Hip Hop group in the early 90s perhaps best known for launching the career of acclaimed MC\/Producer MF Doom (known during his KMD tenure as Zev Love X). After guesting on 3rd Bass' \"The Gas Face,\" the trio (Zev, brother Subroc, and Onyx) released the acclaimed and overlooked \"Mr. Hood\" full-length. Their political outlook was similar to the group Brand Nubian, who guested on Hood; however, the style was more comical and included a great deal of clips from old children's recordings, mostly notably a sample of the Seaseme Street character Bert on the single \"Who Me?\" This is the official Elektra Records\/Traffic Entertainment Group re-release with original artwork and track listing in it's entirety. Cutting edge, ahead of it's time production and skits from KMD and Stimulated Dummies (John Gamble and Mr. Dante Ross). Features the singles \"Peachfuzz\", \"Who Me?\" and \"Nitty Gritty\" (feat. Brand Nubian). This is one Rap album that is not to be missed.","og_url":"https:\/\/wpguerssen-test.odoo.rgbconsulting.com\/es\/producto\/mr-hood\/","og_site_name":"Guerssen records","article_modified_time":"2024-06-03T17:28:53+00:00","og_image":[{"width":700,"height":715,"url":"https:\/\/wpguerssen-test.odoo.rgbconsulting.com\/wp-content\/uploads\/2023\/11\/46094.jpg","type":"image\/jpeg"}],"twitter_card":"summary_large_image","twitter_title":"KMD - Mr Hood -  (2LP) | Guerssen","twitter_misc":{"Tiempo de lectura":"1 minuto"},"schema":{"@context":"https:\/\/schema.org","@graph":[{"@type":"WebPage","@id":"https:\/\/wpguerssen-test.odoo.rgbconsulting.com\/es\/producto\/mr-hood\/","url":"https:\/\/wpguerssen-test.odoo.rgbconsulting.com\/es\/producto\/mr-hood\/","name":"KMD - Mr Hood - (2LP) | Guerssen","isPartOf":{"@id":"https:\/\/wpguerssen-test.odoo.rgbconsulting.com\/es\/#website"},"primaryImageOfPage":{"@id":"https:\/\/wpguerssen-test.odoo.rgbconsulting.com\/es\/producto\/mr-hood\/#primaryimage"},"image":{"@id":"https:\/\/wpguerssen-test.odoo.rgbconsulting.com\/es\/producto\/mr-hood\/#primaryimage"},"thumbnailUrl":"https:\/\/wpguerssen-test.odoo.rgbconsulting.com\/wp-content\/uploads\/2023\/11\/46094.jpg","datePublished":"2024-01-08T23:00:00+00:00","dateModified":"2024-06-03T17:28:53+00:00","description":"KMD (Kausing Much Damage, or a positive Kause in a Much Damaged society) was a Hip Hop group in the early 90s perhaps best known for launching the career of acclaimed MC\/Producer MF Doom (known during his KMD tenure as Zev Love X). After guesting on 3rd Bass' \"The Gas Face,\" the trio (Zev, brother Subroc, and Onyx) released the acclaimed and overlooked \"Mr. Hood\" full-length. Their political outlook was similar to the group Brand Nubian, who guested on Hood; however, the style was more comical and included a great deal of clips from old children's recordings, mostly notably a sample of the Seaseme Street character Bert on the single \"Who Me?\" This is the official Elektra Records\/Traffic Entertainment Group re-release with original artwork and track listing in it's entirety. Cutting edge, ahead of it's time production and skits from KMD and Stimulated Dummies (John Gamble and Mr. Dante Ross). Features the singles \"Peachfuzz\", \"Who Me?\" and \"Nitty Gritty\" (feat. Brand Nubian). This is one Rap album that is not to be missed.","breadcrumb":{"@id":"https:\/\/wpguerssen-test.odoo.rgbconsulting.com\/es\/producto\/mr-hood\/#breadcrumb"},"inLanguage":"es","potentialAction":[{"@type":"ReadAction","target":["https:\/\/wpguerssen-test.odoo.rgbconsulting.com\/es\/producto\/mr-hood\/"]}]},{"@type":"ImageObject","inLanguage":"es","@id":"https:\/\/wpguerssen-test.odoo.rgbconsulting.com\/es\/producto\/mr-hood\/#primaryimage","url":"https:\/\/wpguerssen-test.odoo.rgbconsulting.com\/wp-content\/uploads\/2023\/11\/46094.jpg","contentUrl":"https:\/\/wpguerssen-test.odoo.rgbconsulting.com\/wp-content\/uploads\/2023\/11\/46094.jpg","width":700,"height":715},{"@type":"BreadcrumbList","@id":"https:\/\/wpguerssen-test.odoo.rgbconsulting.com\/es\/producto\/mr-hood\/#breadcrumb","itemListElement":[{"@type":"ListItem","position":1,"name":"Inicio","item":"https:\/\/wpguerssen-test.odoo.rgbconsulting.com\/es\/"},{"@type":"ListItem","position":2,"name":"Shop","item":"https:\/\/wpguerssen-test.odoo.rgbconsulting.com\/shop\/"},{"@type":"ListItem","position":3,"name":"Mr Hood"}]},{"@type":"WebSite","@id":"https:\/\/wpguerssen-test.odoo.rgbconsulting.com\/es\/#website","url":"https:\/\/wpguerssen-test.odoo.rgbconsulting.com\/es\/","name":"Guerssen records","description":"psychedelia - progressive - folk - garage ","publisher":{"@id":"https:\/\/wpguerssen-test.odoo.rgbconsulting.com\/es\/#organization"},"potentialAction":[{"@type":"SearchAction","target":{"@type":"EntryPoint","urlTemplate":"https:\/\/wpguerssen-test.odoo.rgbconsulting.com\/es\/?s={search_term_string}"},"query-input":{"@type":"PropertyValueSpecification","valueRequired":true,"valueName":"search_term_string"}}],"inLanguage":"es"},{"@type":"Organization","@id":"https:\/\/wpguerssen-test.odoo.rgbconsulting.com\/es\/#organization","name":"Guerssen records","url":"https:\/\/wpguerssen-test.odoo.rgbconsulting.com\/es\/","logo":{"@type":"ImageObject","inLanguage":"es","@id":"https:\/\/wpguerssen-test.odoo.rgbconsulting.com\/es\/#\/schema\/logo\/image\/","url":"https:\/\/wpguerssen-test.odoo.rgbconsulting.com\/wp-content\/uploads\/2022\/04\/Logo_Guerssen_trans_100.png","contentUrl":"https:\/\/wpguerssen-test.odoo.rgbconsulting.com\/wp-content\/uploads\/2022\/04\/Logo_Guerssen_trans_100.png","width":122,"height":100,"caption":"Guerssen records"},"image":{"@id":"https:\/\/wpguerssen-test.odoo.rgbconsulting.com\/es\/#\/schema\/logo\/image\/"}}]}},"_links":{"self":[{"href":"https:\/\/wpguerssen-test.odoo.rgbconsulting.com\/es\/wp-json\/wp\/v2\/product\/245389","targetHints":{"allow":["GET"]}}],"collection":[{"href":"https:\/\/wpguerssen-test.odoo.rgbconsulting.com\/es\/wp-json\/wp\/v2\/product"}],"about":[{"href":"https:\/\/wpguerssen-test.odoo.rgbconsulting.com\/es\/wp-json\/wp\/v2\/types\/product"}],"wp:featuredmedia":[{"embeddable":true,"href":"https:\/\/wpguerssen-test.odoo.rgbconsulting.com\/es\/wp-json\/wp\/v2\/media\/245390"}],"wp:attachment":[{"href":"https:\/\/wpguerssen-test.odoo.rgbconsulting.com\/es\/wp-json\/wp\/v2\/media?parent=245389"}],"wp:term":[{"taxonomy":"product_brand","embeddable":true,"href":"https:\/\/wpguerssen-test.odoo.rgbconsulting.com\/es\/wp-json\/wp\/v2\/product_brand?post=245389"},{"taxonomy":"product_cat","embeddable":true,"href":"https:\/\/wpguerssen-test.odoo.rgbconsulting.com\/es\/wp-json\/wp\/v2\/product_cat?post=245389"},{"taxonomy":"product_tag","embeddable":true,"href":"https:\/\/wpguerssen-test.odoo.rgbconsulting.com\/es\/wp-json\/wp\/v2\/product_tag?post=245389"}],"curies":[{"name":"wp","href":"https:\/\/api.w.org\/{rel}","templated":true}]}}