{"id":245392,"date":"2024-01-09T00:00:00","date_gmt":"2024-01-08T23:00:00","guid":{"rendered":"https:\/\/wpguerssen-test.odoo.rgbconsulting.com\/product\/liberation-2\/"},"modified":"2024-06-03T19:28:59","modified_gmt":"2024-06-03T17:28:59","slug":"liberation-2","status":"publish","type":"product","link":"https:\/\/wpguerssen-test.odoo.rgbconsulting.com\/es\/producto\/liberation-2\/","title":{"rendered":"Liberation 2"},"content":{"rendered":"<p>Talib Kweli, con talento l\u00edrico, conciencia social y visi\u00f3n pol\u00edtica, es uno de los artistas de hip-hop m\u00e1s influyentes de los \u00faltimos 25 a\u00f1os. Sus primeros \u00e1lbumes colaborativos con Mos Def y Hi-Tek estuvieron entre los lanzamientos m\u00e1s importantes en la g\u00e9nesis del rap moderno, forjando un futuro para el lirismo que invita a la reflexi\u00f3n y paisajes sonoros crudos en un momento en que la comercializaci\u00f3n masiva amenazaba el alma del g\u00e9nero. Ahora, m\u00e1s de dos d\u00e9cadas despu\u00e9s de una emocionante carrera en solitario, Kweli ha evolucionado creativamente manteniendo su integridad art\u00edstica, trabajando con los mejores talentos de todo el espectro musical en el proceso. Conocido por \u00e1lbumes colaborativos cl\u00e1sicos con artistas como J Dilla, MF DOOM y Freddie Gibbs, el c\u00e9lebre productor Madlib es un estudioso del sampleo que ha creado ritmos para artistas como Erykah Badu, Anderson Paak, Tyler The Creator, Logic, De La Soul y muchos m\u00e1s.<\/p>\n","protected":false},"excerpt":{"rendered":"<p>Talib Kweli, con talento l\u00edrico, conciencia social y visi\u00f3n pol\u00edtica, es uno de los artistas de hip-hop m\u00e1s influyentes de los \u00faltimos 25 a\u00f1os. Sus primeros<a class=\"read\" href=\"https:\/\/wpguerssen-test.odoo.rgbconsulting.com\/es\/producto\/liberation-2\/\"> (...)<\/a>","protected":false},"featured_media":245393,"template":"","meta":{"_acf_changed":false},"product_brand":[],"product_cat":[21706],"product_tag":[],"class_list":{"0":"post-245392","1":"product","2":"type-product","3":"status-publish","4":"has-post-thumbnail","6":"product_cat-rap-hip-hop-es","7":"pa_artist-kweli-talib-madlib","8":"pa_format-2lp-es","9":"pa_gender-rap-hip-hop","10":"pa_label-nature-sounds","11":"pa_location-north-america-es","12":"pa_other-filters-vinyl-only-es","14":"first","15":"instock","16":"taxable","17":"shipping-taxable","18":"purchasable","19":"product-type-simple"},"acf":[],"yoast_head":"<!-- This site is optimized with the Yoast SEO plugin v24.9 - https:\/\/yoast.com\/wordpress\/plugins\/seo\/ -->\n<title>KWELI, Talib &amp; MADLIB - Liberation 2 -  (2LP) | Guerssen<\/title>\n<meta name=\"description\" content=\"Lyrically gifted, socially aware, and politically insightful, Talib Kweli is one of the most influential hip-hop artists of the last 25 years. His early collaborative albums with Mos Def and Hi-Tek were among the most important releases in the genesis of modern rap, forging a future for thought-provoking lyricism and raw soundscapes at a moment when mass commercialization threatened the soul of the genre. Now more than two decades into a thrilling solo career, Kweli has evolved creatively while maintaining his artistic integrity, working with top talent across the musical spectrum in the process. Known for classic collaborative albums with artists like J Dilla, MF DOOM, and Freddie Gibbs, widely celebrated producer Madlib is a sampling savant who has crafted beats for the likes of Erykah Badu, Anderson .Paak, Tyler The Creator, Logic, De La Soul, and many more.After releasing a groundbreaking collaborative project back in 2006, Madlib and Talib Kweli are reuniting for the highly-anticipated follow-up Liberation 2. Expansive in concept, the album is a vivid exploration of revolution, love, pan-Africanism, music, spirituality, and more, with Madlib&#039;s jazz-inflected instrumentals providing the perfect soundtrack. &quot;The materialism and debauchery that is stereotypically associated with hip hop has lost some of its luster,&quot; Kweli explains. \u00ecNever has there been a better time for such honest, message driven music that pays tribute to the sounds that came before us.&quot; A global call for unity through space and time, Liberation 2 features appearances by Q-Tip, Westside Gunn, Roc Marciano, Roy Ayers, Goapele, Wildchild, Pink Siifu, and more, plus a posthumous verse by Mac Miller. Not on traditional digital outlets, the album is now available in physical form for the first time ever.\" \/>\n<meta name=\"robots\" content=\"index, follow, max-snippet:-1, max-image-preview:large, max-video-preview:-1\" \/>\n<link rel=\"canonical\" href=\"https:\/\/wpguerssen-test.odoo.rgbconsulting.com\/es\/producto\/liberation-2\/\" \/>\n<meta property=\"og:locale\" content=\"es_ES\" \/>\n<meta property=\"og:type\" content=\"article\" \/>\n<meta property=\"og:title\" content=\"KWELI, Talib &amp; MADLIB - Liberation 2 -  (2LP) | Guerssen\" \/>\n<meta property=\"og:description\" content=\"Lyrically gifted, socially aware, and politically insightful, Talib Kweli is one of the most influential hip-hop artists of the last 25 years. His early collaborative albums with Mos Def and Hi-Tek were among the most important releases in the genesis of modern rap, forging a future for thought-provoking lyricism and raw soundscapes at a moment when mass commercialization threatened the soul of the genre. Now more than two decades into a thrilling solo career, Kweli has evolved creatively while maintaining his artistic integrity, working with top talent across the musical spectrum in the process. Known for classic collaborative albums with artists like J Dilla, MF DOOM, and Freddie Gibbs, widely celebrated producer Madlib is a sampling savant who has crafted beats for the likes of Erykah Badu, Anderson .Paak, Tyler The Creator, Logic, De La Soul, and many more.After releasing a groundbreaking collaborative project back in 2006, Madlib and Talib Kweli are reuniting for the highly-anticipated follow-up Liberation 2. Expansive in concept, the album is a vivid exploration of revolution, love, pan-Africanism, music, spirituality, and more, with Madlib&#039;s jazz-inflected instrumentals providing the perfect soundtrack. &quot;The materialism and debauchery that is stereotypically associated with hip hop has lost some of its luster,&quot; Kweli explains. \u00ecNever has there been a better time for such honest, message driven music that pays tribute to the sounds that came before us.&quot; A global call for unity through space and time, Liberation 2 features appearances by Q-Tip, Westside Gunn, Roc Marciano, Roy Ayers, Goapele, Wildchild, Pink Siifu, and more, plus a posthumous verse by Mac Miller. Not on traditional digital outlets, the album is now available in physical form for the first time ever.\" \/>\n<meta property=\"og:url\" content=\"https:\/\/wpguerssen-test.odoo.rgbconsulting.com\/es\/producto\/liberation-2\/\" \/>\n<meta property=\"og:site_name\" content=\"Guerssen records\" \/>\n<meta property=\"article:modified_time\" content=\"2024-06-03T17:28:59+00:00\" \/>\n<meta property=\"og:image\" content=\"https:\/\/wpguerssen-test.odoo.rgbconsulting.com\/wp-content\/uploads\/2023\/11\/46095.jpg\" \/>\n\t<meta property=\"og:image:width\" content=\"316\" \/>\n\t<meta property=\"og:image:height\" content=\"316\" \/>\n\t<meta property=\"og:image:type\" content=\"image\/jpeg\" \/>\n<meta name=\"twitter:card\" content=\"summary_large_image\" \/>\n<meta name=\"twitter:title\" content=\"KWELI, Talib &amp; MADLIB - Liberation 2 -  (2LP) | Guerssen\" \/>\n<meta name=\"twitter:label1\" content=\"Tiempo de lectura\" \/>\n\t<meta name=\"twitter:data1\" content=\"1 minuto\" \/>\n<script type=\"application\/ld+json\" class=\"yoast-schema-graph\">{\"@context\":\"https:\/\/schema.org\",\"@graph\":[{\"@type\":\"WebPage\",\"@id\":\"https:\/\/wpguerssen-test.odoo.rgbconsulting.com\/es\/producto\/liberation-2\/\",\"url\":\"https:\/\/wpguerssen-test.odoo.rgbconsulting.com\/es\/producto\/liberation-2\/\",\"name\":\"KWELI, Talib & MADLIB - Liberation 2 - (2LP) | Guerssen\",\"isPartOf\":{\"@id\":\"https:\/\/wpguerssen-test.odoo.rgbconsulting.com\/es\/#website\"},\"primaryImageOfPage\":{\"@id\":\"https:\/\/wpguerssen-test.odoo.rgbconsulting.com\/es\/producto\/liberation-2\/#primaryimage\"},\"image\":{\"@id\":\"https:\/\/wpguerssen-test.odoo.rgbconsulting.com\/es\/producto\/liberation-2\/#primaryimage\"},\"thumbnailUrl\":\"https:\/\/wpguerssen-test.odoo.rgbconsulting.com\/wp-content\/uploads\/2023\/11\/46095.jpg\",\"datePublished\":\"2024-01-08T23:00:00+00:00\",\"dateModified\":\"2024-06-03T17:28:59+00:00\",\"description\":\"Lyrically gifted, socially aware, and politically insightful, Talib Kweli is one of the most influential hip-hop artists of the last 25 years. His early collaborative albums with Mos Def and Hi-Tek were among the most important releases in the genesis of modern rap, forging a future for thought-provoking lyricism and raw soundscapes at a moment when mass commercialization threatened the soul of the genre. Now more than two decades into a thrilling solo career, Kweli has evolved creatively while maintaining his artistic integrity, working with top talent across the musical spectrum in the process. Known for classic collaborative albums with artists like J Dilla, MF DOOM, and Freddie Gibbs, widely celebrated producer Madlib is a sampling savant who has crafted beats for the likes of Erykah Badu, Anderson .Paak, Tyler The Creator, Logic, De La Soul, and many more.After releasing a groundbreaking collaborative project back in 2006, Madlib and Talib Kweli are reuniting for the highly-anticipated follow-up Liberation 2. Expansive in concept, the album is a vivid exploration of revolution, love, pan-Africanism, music, spirituality, and more, with Madlib's jazz-inflected instrumentals providing the perfect soundtrack. \\\"The materialism and debauchery that is stereotypically associated with hip hop has lost some of its luster,\\\" Kweli explains. \u00ecNever has there been a better time for such honest, message driven music that pays tribute to the sounds that came before us.\\\" A global call for unity through space and time, Liberation 2 features appearances by Q-Tip, Westside Gunn, Roc Marciano, Roy Ayers, Goapele, Wildchild, Pink Siifu, and more, plus a posthumous verse by Mac Miller. Not on traditional digital outlets, the album is now available in physical form for the first time ever.\",\"breadcrumb\":{\"@id\":\"https:\/\/wpguerssen-test.odoo.rgbconsulting.com\/es\/producto\/liberation-2\/#breadcrumb\"},\"inLanguage\":\"es\",\"potentialAction\":[{\"@type\":\"ReadAction\",\"target\":[\"https:\/\/wpguerssen-test.odoo.rgbconsulting.com\/es\/producto\/liberation-2\/\"]}]},{\"@type\":\"ImageObject\",\"inLanguage\":\"es\",\"@id\":\"https:\/\/wpguerssen-test.odoo.rgbconsulting.com\/es\/producto\/liberation-2\/#primaryimage\",\"url\":\"https:\/\/wpguerssen-test.odoo.rgbconsulting.com\/wp-content\/uploads\/2023\/11\/46095.jpg\",\"contentUrl\":\"https:\/\/wpguerssen-test.odoo.rgbconsulting.com\/wp-content\/uploads\/2023\/11\/46095.jpg\",\"width\":316,\"height\":316,\"caption\":\"Talib & MADLIB - Liberation 2 - NATURE SOUNDS (2LP) | Guerssen\"},{\"@type\":\"BreadcrumbList\",\"@id\":\"https:\/\/wpguerssen-test.odoo.rgbconsulting.com\/es\/producto\/liberation-2\/#breadcrumb\",\"itemListElement\":[{\"@type\":\"ListItem\",\"position\":1,\"name\":\"Inicio\",\"item\":\"https:\/\/wpguerssen-test.odoo.rgbconsulting.com\/es\/\"},{\"@type\":\"ListItem\",\"position\":2,\"name\":\"Shop\",\"item\":\"https:\/\/wpguerssen-test.odoo.rgbconsulting.com\/shop\/\"},{\"@type\":\"ListItem\",\"position\":3,\"name\":\"Liberation 2\"}]},{\"@type\":\"WebSite\",\"@id\":\"https:\/\/wpguerssen-test.odoo.rgbconsulting.com\/es\/#website\",\"url\":\"https:\/\/wpguerssen-test.odoo.rgbconsulting.com\/es\/\",\"name\":\"Guerssen records\",\"description\":\"psychedelia - progressive - folk - garage \",\"publisher\":{\"@id\":\"https:\/\/wpguerssen-test.odoo.rgbconsulting.com\/es\/#organization\"},\"potentialAction\":[{\"@type\":\"SearchAction\",\"target\":{\"@type\":\"EntryPoint\",\"urlTemplate\":\"https:\/\/wpguerssen-test.odoo.rgbconsulting.com\/es\/?s={search_term_string}\"},\"query-input\":{\"@type\":\"PropertyValueSpecification\",\"valueRequired\":true,\"valueName\":\"search_term_string\"}}],\"inLanguage\":\"es\"},{\"@type\":\"Organization\",\"@id\":\"https:\/\/wpguerssen-test.odoo.rgbconsulting.com\/es\/#organization\",\"name\":\"Guerssen records\",\"url\":\"https:\/\/wpguerssen-test.odoo.rgbconsulting.com\/es\/\",\"logo\":{\"@type\":\"ImageObject\",\"inLanguage\":\"es\",\"@id\":\"https:\/\/wpguerssen-test.odoo.rgbconsulting.com\/es\/#\/schema\/logo\/image\/\",\"url\":\"https:\/\/wpguerssen-test.odoo.rgbconsulting.com\/wp-content\/uploads\/2022\/04\/Logo_Guerssen_trans_100.png\",\"contentUrl\":\"https:\/\/wpguerssen-test.odoo.rgbconsulting.com\/wp-content\/uploads\/2022\/04\/Logo_Guerssen_trans_100.png\",\"width\":122,\"height\":100,\"caption\":\"Guerssen records\"},\"image\":{\"@id\":\"https:\/\/wpguerssen-test.odoo.rgbconsulting.com\/es\/#\/schema\/logo\/image\/\"}}]}<\/script>\n<!-- \/ Yoast SEO plugin. -->","yoast_head_json":{"title":"KWELI, Talib & MADLIB - Liberation 2 -  (2LP) | Guerssen","description":"Lyrically gifted, socially aware, and politically insightful, Talib Kweli is one of the most influential hip-hop artists of the last 25 years. His early collaborative albums with Mos Def and Hi-Tek were among the most important releases in the genesis of modern rap, forging a future for thought-provoking lyricism and raw soundscapes at a moment when mass commercialization threatened the soul of the genre. Now more than two decades into a thrilling solo career, Kweli has evolved creatively while maintaining his artistic integrity, working with top talent across the musical spectrum in the process. Known for classic collaborative albums with artists like J Dilla, MF DOOM, and Freddie Gibbs, widely celebrated producer Madlib is a sampling savant who has crafted beats for the likes of Erykah Badu, Anderson .Paak, Tyler The Creator, Logic, De La Soul, and many more.After releasing a groundbreaking collaborative project back in 2006, Madlib and Talib Kweli are reuniting for the highly-anticipated follow-up Liberation 2. Expansive in concept, the album is a vivid exploration of revolution, love, pan-Africanism, music, spirituality, and more, with Madlib's jazz-inflected instrumentals providing the perfect soundtrack. \"The materialism and debauchery that is stereotypically associated with hip hop has lost some of its luster,\" Kweli explains. \u00ecNever has there been a better time for such honest, message driven music that pays tribute to the sounds that came before us.\" A global call for unity through space and time, Liberation 2 features appearances by Q-Tip, Westside Gunn, Roc Marciano, Roy Ayers, Goapele, Wildchild, Pink Siifu, and more, plus a posthumous verse by Mac Miller. Not on traditional digital outlets, the album is now available in physical form for the first time ever.","robots":{"index":"index","follow":"follow","max-snippet":"max-snippet:-1","max-image-preview":"max-image-preview:large","max-video-preview":"max-video-preview:-1"},"canonical":"https:\/\/wpguerssen-test.odoo.rgbconsulting.com\/es\/producto\/liberation-2\/","og_locale":"es_ES","og_type":"article","og_title":"KWELI, Talib & MADLIB - Liberation 2 -  (2LP) | Guerssen","og_description":"Lyrically gifted, socially aware, and politically insightful, Talib Kweli is one of the most influential hip-hop artists of the last 25 years. His early collaborative albums with Mos Def and Hi-Tek were among the most important releases in the genesis of modern rap, forging a future for thought-provoking lyricism and raw soundscapes at a moment when mass commercialization threatened the soul of the genre. Now more than two decades into a thrilling solo career, Kweli has evolved creatively while maintaining his artistic integrity, working with top talent across the musical spectrum in the process. Known for classic collaborative albums with artists like J Dilla, MF DOOM, and Freddie Gibbs, widely celebrated producer Madlib is a sampling savant who has crafted beats for the likes of Erykah Badu, Anderson .Paak, Tyler The Creator, Logic, De La Soul, and many more.After releasing a groundbreaking collaborative project back in 2006, Madlib and Talib Kweli are reuniting for the highly-anticipated follow-up Liberation 2. Expansive in concept, the album is a vivid exploration of revolution, love, pan-Africanism, music, spirituality, and more, with Madlib's jazz-inflected instrumentals providing the perfect soundtrack. \"The materialism and debauchery that is stereotypically associated with hip hop has lost some of its luster,\" Kweli explains. \u00ecNever has there been a better time for such honest, message driven music that pays tribute to the sounds that came before us.\" A global call for unity through space and time, Liberation 2 features appearances by Q-Tip, Westside Gunn, Roc Marciano, Roy Ayers, Goapele, Wildchild, Pink Siifu, and more, plus a posthumous verse by Mac Miller. Not on traditional digital outlets, the album is now available in physical form for the first time ever.","og_url":"https:\/\/wpguerssen-test.odoo.rgbconsulting.com\/es\/producto\/liberation-2\/","og_site_name":"Guerssen records","article_modified_time":"2024-06-03T17:28:59+00:00","og_image":[{"width":316,"height":316,"url":"https:\/\/wpguerssen-test.odoo.rgbconsulting.com\/wp-content\/uploads\/2023\/11\/46095.jpg","type":"image\/jpeg"}],"twitter_card":"summary_large_image","twitter_title":"KWELI, Talib & MADLIB - Liberation 2 -  (2LP) | Guerssen","twitter_misc":{"Tiempo de lectura":"1 minuto"},"schema":{"@context":"https:\/\/schema.org","@graph":[{"@type":"WebPage","@id":"https:\/\/wpguerssen-test.odoo.rgbconsulting.com\/es\/producto\/liberation-2\/","url":"https:\/\/wpguerssen-test.odoo.rgbconsulting.com\/es\/producto\/liberation-2\/","name":"KWELI, Talib & MADLIB - Liberation 2 - (2LP) | Guerssen","isPartOf":{"@id":"https:\/\/wpguerssen-test.odoo.rgbconsulting.com\/es\/#website"},"primaryImageOfPage":{"@id":"https:\/\/wpguerssen-test.odoo.rgbconsulting.com\/es\/producto\/liberation-2\/#primaryimage"},"image":{"@id":"https:\/\/wpguerssen-test.odoo.rgbconsulting.com\/es\/producto\/liberation-2\/#primaryimage"},"thumbnailUrl":"https:\/\/wpguerssen-test.odoo.rgbconsulting.com\/wp-content\/uploads\/2023\/11\/46095.jpg","datePublished":"2024-01-08T23:00:00+00:00","dateModified":"2024-06-03T17:28:59+00:00","description":"Lyrically gifted, socially aware, and politically insightful, Talib Kweli is one of the most influential hip-hop artists of the last 25 years. His early collaborative albums with Mos Def and Hi-Tek were among the most important releases in the genesis of modern rap, forging a future for thought-provoking lyricism and raw soundscapes at a moment when mass commercialization threatened the soul of the genre. Now more than two decades into a thrilling solo career, Kweli has evolved creatively while maintaining his artistic integrity, working with top talent across the musical spectrum in the process. Known for classic collaborative albums with artists like J Dilla, MF DOOM, and Freddie Gibbs, widely celebrated producer Madlib is a sampling savant who has crafted beats for the likes of Erykah Badu, Anderson .Paak, Tyler The Creator, Logic, De La Soul, and many more.After releasing a groundbreaking collaborative project back in 2006, Madlib and Talib Kweli are reuniting for the highly-anticipated follow-up Liberation 2. Expansive in concept, the album is a vivid exploration of revolution, love, pan-Africanism, music, spirituality, and more, with Madlib's jazz-inflected instrumentals providing the perfect soundtrack. \"The materialism and debauchery that is stereotypically associated with hip hop has lost some of its luster,\" Kweli explains. \u00ecNever has there been a better time for such honest, message driven music that pays tribute to the sounds that came before us.\" A global call for unity through space and time, Liberation 2 features appearances by Q-Tip, Westside Gunn, Roc Marciano, Roy Ayers, Goapele, Wildchild, Pink Siifu, and more, plus a posthumous verse by Mac Miller. Not on traditional digital outlets, the album is now available in physical form for the first time ever.","breadcrumb":{"@id":"https:\/\/wpguerssen-test.odoo.rgbconsulting.com\/es\/producto\/liberation-2\/#breadcrumb"},"inLanguage":"es","potentialAction":[{"@type":"ReadAction","target":["https:\/\/wpguerssen-test.odoo.rgbconsulting.com\/es\/producto\/liberation-2\/"]}]},{"@type":"ImageObject","inLanguage":"es","@id":"https:\/\/wpguerssen-test.odoo.rgbconsulting.com\/es\/producto\/liberation-2\/#primaryimage","url":"https:\/\/wpguerssen-test.odoo.rgbconsulting.com\/wp-content\/uploads\/2023\/11\/46095.jpg","contentUrl":"https:\/\/wpguerssen-test.odoo.rgbconsulting.com\/wp-content\/uploads\/2023\/11\/46095.jpg","width":316,"height":316,"caption":"Talib & MADLIB - Liberation 2 - NATURE SOUNDS (2LP) | Guerssen"},{"@type":"BreadcrumbList","@id":"https:\/\/wpguerssen-test.odoo.rgbconsulting.com\/es\/producto\/liberation-2\/#breadcrumb","itemListElement":[{"@type":"ListItem","position":1,"name":"Inicio","item":"https:\/\/wpguerssen-test.odoo.rgbconsulting.com\/es\/"},{"@type":"ListItem","position":2,"name":"Shop","item":"https:\/\/wpguerssen-test.odoo.rgbconsulting.com\/shop\/"},{"@type":"ListItem","position":3,"name":"Liberation 2"}]},{"@type":"WebSite","@id":"https:\/\/wpguerssen-test.odoo.rgbconsulting.com\/es\/#website","url":"https:\/\/wpguerssen-test.odoo.rgbconsulting.com\/es\/","name":"Guerssen records","description":"psychedelia - progressive - folk - garage ","publisher":{"@id":"https:\/\/wpguerssen-test.odoo.rgbconsulting.com\/es\/#organization"},"potentialAction":[{"@type":"SearchAction","target":{"@type":"EntryPoint","urlTemplate":"https:\/\/wpguerssen-test.odoo.rgbconsulting.com\/es\/?s={search_term_string}"},"query-input":{"@type":"PropertyValueSpecification","valueRequired":true,"valueName":"search_term_string"}}],"inLanguage":"es"},{"@type":"Organization","@id":"https:\/\/wpguerssen-test.odoo.rgbconsulting.com\/es\/#organization","name":"Guerssen records","url":"https:\/\/wpguerssen-test.odoo.rgbconsulting.com\/es\/","logo":{"@type":"ImageObject","inLanguage":"es","@id":"https:\/\/wpguerssen-test.odoo.rgbconsulting.com\/es\/#\/schema\/logo\/image\/","url":"https:\/\/wpguerssen-test.odoo.rgbconsulting.com\/wp-content\/uploads\/2022\/04\/Logo_Guerssen_trans_100.png","contentUrl":"https:\/\/wpguerssen-test.odoo.rgbconsulting.com\/wp-content\/uploads\/2022\/04\/Logo_Guerssen_trans_100.png","width":122,"height":100,"caption":"Guerssen records"},"image":{"@id":"https:\/\/wpguerssen-test.odoo.rgbconsulting.com\/es\/#\/schema\/logo\/image\/"}}]}},"_links":{"self":[{"href":"https:\/\/wpguerssen-test.odoo.rgbconsulting.com\/es\/wp-json\/wp\/v2\/product\/245392","targetHints":{"allow":["GET"]}}],"collection":[{"href":"https:\/\/wpguerssen-test.odoo.rgbconsulting.com\/es\/wp-json\/wp\/v2\/product"}],"about":[{"href":"https:\/\/wpguerssen-test.odoo.rgbconsulting.com\/es\/wp-json\/wp\/v2\/types\/product"}],"wp:featuredmedia":[{"embeddable":true,"href":"https:\/\/wpguerssen-test.odoo.rgbconsulting.com\/es\/wp-json\/wp\/v2\/media\/245393"}],"wp:attachment":[{"href":"https:\/\/wpguerssen-test.odoo.rgbconsulting.com\/es\/wp-json\/wp\/v2\/media?parent=245392"}],"wp:term":[{"taxonomy":"product_brand","embeddable":true,"href":"https:\/\/wpguerssen-test.odoo.rgbconsulting.com\/es\/wp-json\/wp\/v2\/product_brand?post=245392"},{"taxonomy":"product_cat","embeddable":true,"href":"https:\/\/wpguerssen-test.odoo.rgbconsulting.com\/es\/wp-json\/wp\/v2\/product_cat?post=245392"},{"taxonomy":"product_tag","embeddable":true,"href":"https:\/\/wpguerssen-test.odoo.rgbconsulting.com\/es\/wp-json\/wp\/v2\/product_tag?post=245392"}],"curies":[{"name":"wp","href":"https:\/\/api.w.org\/{rel}","templated":true}]}}