{"id":245398,"date":"2024-01-09T00:00:00","date_gmt":"2024-01-08T23:00:00","guid":{"rendered":"https:\/\/wpguerssen-test.odoo.rgbconsulting.com\/product\/mc-breed-dfc-pink-acid-wash\/"},"modified":"2025-01-09T15:37:01","modified_gmt":"2025-01-09T14:37:01","slug":"mc-breed-dfc-pink-acid-wash","status":"publish","type":"product","link":"https:\/\/wpguerssen-test.odoo.rgbconsulting.com\/es\/producto\/mc-breed-dfc-pink-acid-wash\/","title":{"rendered":"Mc Breed &#038; DFC (Pink Acid Wash)"},"content":{"rendered":"<p>El rapero MC Breed, con sede en Flint, Michigan, y su equipo DFC (Da Funk Clan, tambi\u00e9n conocido como Dope Flint Connection) pusieron el Medio Oeste en el mapa en 1991 con el lanzamiento de su \u00e1lbum debut hom\u00f3nimo, una joya subestimada de principios de los 90. El sencillo principal, \u00abAin&#8217;t No Future in Yo&#8217; Frontin'\u00bb, con un sonido en auge de la costa oeste, se reproducir\u00eda en radio en todo el pa\u00eds y rotaci\u00f3n de videos en YO! MTV Raps, Rap City de BET y Video Music Box de Ralph McDaniels. El segundo sencillo del \u00e1lbum, \u00abJust Kickin&#8217; It\u00bb, con el estilo vocal relajado de MC Breed sobre un ritmo funky, lleg\u00f3 al top 10 en la lista Hot Rap Singles. Temas como \u00abUnderground Slang\u00bb tienen una vibra electr\u00f3nica de los 80 y \u00abBetter Terms\u00bb tiene a Breed rapeando un poco m\u00e1s r\u00e1pido sobre un ritmo influenciado por Bomb Squad con su DJ en el corte. MC Breed lanzar\u00eda otros 11 \u00e1lbumes y colabor\u00f3 \u00bf\u00bfcon artistas como 2Pac en \u00abGotta Get Mine\u00bb y \u00abGettin It\u00bb de Too $hort\u00ed, as\u00ed como colaboraciones con Slum Village, Pimp C, Kurupt, Erick Sermon y The D.O.C. entre otros. Breed falleci\u00f3 en 2008 por insuficiencia renal, pero su legado sigue vivo al haber influido en otros artistas del Medio Oeste, incluidos Eminem, Proof, D12, Common y Slum Village.<\/p>\n","protected":false},"excerpt":{"rendered":"<p>El rapero MC Breed, con sede en Flint, Michigan, y su equipo DFC (Da Funk Clan, tambi\u00e9n conocido como Dope Flint Connection) pusieron el Medio Oeste en el mapa en<a class=\"read\" href=\"https:\/\/wpguerssen-test.odoo.rgbconsulting.com\/es\/producto\/mc-breed-dfc-pink-acid-wash\/\"> (...)<\/a>","protected":false},"featured_media":245399,"template":"","meta":{"_acf_changed":false},"product_brand":[],"product_cat":[21706],"product_tag":[29140],"class_list":{"0":"post-245398","1":"product","2":"type-product","3":"status-publish","4":"has-post-thumbnail","6":"product_cat-rap-hip-hop-es","7":"product_tag-color-vinyl-es","8":"pa_artist-mc-breed-dfc","9":"pa_format-lp-es","10":"pa_gender-rap-hip-hop","11":"pa_label-phase-one","12":"pa_location-north-america-es","13":"pa_other-filters-vinyl-only-es","15":"first","16":"instock","17":"taxable","18":"shipping-taxable","19":"purchasable","20":"product-type-simple"},"acf":[],"yoast_head":"<!-- This site is optimized with the Yoast SEO plugin v24.9 - https:\/\/yoast.com\/wordpress\/plugins\/seo\/ -->\n<title>MC BREED &amp; DFC - Mc Breed &amp; DFC (Pink Acid Wash) -  (LP) | Guerssen<\/title>\n<meta name=\"description\" content=\"Flint, Michigan-based rapped MC Breed and his crew DFC (Da Funk Clan aka Dope Flint Connection) put the Midwest on the map in 1991 with the release of their self-titled debut album, an underrated gem of the early 90s. The lead single, &quot;Ain&#039;t No Future in Yo&#039; Frontin&#039;&quot; with a boomin&#039; west coast sound would get radio play across the country and video rotation on YO! MTV Raps, BET&#039;s Rap City, and Ralph McDaniels&#039; Video Music Box. The album&#039;s second single &quot;Just Kickin&#039; It&quot; with MC Breed&#039;s laid-back vocal style over a funky groove landed in the top 10 on the Hot Rap Singles Chart. Tracks like &quot;Underground Slang&quot; have an 80s electro vibe and &quot;Better Terms&quot; has Breed rapping a little faster over a Bomb Squad influenced beat with his DJ on the cut. MC Breed would go on to release another 11 albums and collaborated with artists such as 2Pac on &quot;Gotta Get Mine&quot; and Too $hort\u00eds &quot;Gettin It&quot; as well as features with Slum Village, Pimp C, Kurupt, Erick Sermon, and The D.O.C. among others. Breed passed away in 2008 from kidney failure, but his legacy lives on having influenced other Midwest artists including Eminem, Proof, D12, Common, and Slum Village.Out of print on vinyl since 2018, Get On Down is bringing back this Midwest 90s classic on limited edition colored vinyl.\" \/>\n<meta name=\"robots\" content=\"index, follow, max-snippet:-1, max-image-preview:large, max-video-preview:-1\" \/>\n<link rel=\"canonical\" href=\"https:\/\/wpguerssen-test.odoo.rgbconsulting.com\/es\/producto\/mc-breed-dfc-pink-acid-wash\/\" \/>\n<meta property=\"og:locale\" content=\"es_ES\" \/>\n<meta property=\"og:type\" content=\"article\" \/>\n<meta property=\"og:title\" content=\"MC BREED &amp; DFC - Mc Breed &amp; DFC (Pink Acid Wash) -  (LP) | Guerssen\" \/>\n<meta property=\"og:description\" content=\"Flint, Michigan-based rapped MC Breed and his crew DFC (Da Funk Clan aka Dope Flint Connection) put the Midwest on the map in 1991 with the release of their self-titled debut album, an underrated gem of the early 90s. The lead single, &quot;Ain&#039;t No Future in Yo&#039; Frontin&#039;&quot; with a boomin&#039; west coast sound would get radio play across the country and video rotation on YO! MTV Raps, BET&#039;s Rap City, and Ralph McDaniels&#039; Video Music Box. The album&#039;s second single &quot;Just Kickin&#039; It&quot; with MC Breed&#039;s laid-back vocal style over a funky groove landed in the top 10 on the Hot Rap Singles Chart. Tracks like &quot;Underground Slang&quot; have an 80s electro vibe and &quot;Better Terms&quot; has Breed rapping a little faster over a Bomb Squad influenced beat with his DJ on the cut. MC Breed would go on to release another 11 albums and collaborated with artists such as 2Pac on &quot;Gotta Get Mine&quot; and Too $hort\u00eds &quot;Gettin It&quot; as well as features with Slum Village, Pimp C, Kurupt, Erick Sermon, and The D.O.C. among others. Breed passed away in 2008 from kidney failure, but his legacy lives on having influenced other Midwest artists including Eminem, Proof, D12, Common, and Slum Village.Out of print on vinyl since 2018, Get On Down is bringing back this Midwest 90s classic on limited edition colored vinyl.\" \/>\n<meta property=\"og:url\" content=\"https:\/\/wpguerssen-test.odoo.rgbconsulting.com\/es\/producto\/mc-breed-dfc-pink-acid-wash\/\" \/>\n<meta property=\"og:site_name\" content=\"Guerssen records\" \/>\n<meta property=\"article:modified_time\" content=\"2025-01-09T14:37:01+00:00\" \/>\n<meta property=\"og:image\" content=\"https:\/\/wpguerssen-test.odoo.rgbconsulting.com\/wp-content\/uploads\/2023\/11\/46097.jpg\" \/>\n\t<meta property=\"og:image:width\" content=\"894\" \/>\n\t<meta property=\"og:image:height\" content=\"894\" \/>\n\t<meta property=\"og:image:type\" content=\"image\/jpeg\" \/>\n<meta name=\"twitter:card\" content=\"summary_large_image\" \/>\n<meta name=\"twitter:title\" content=\"MC BREED &amp; DFC - Mc Breed &amp; DFC (Pink Acid Wash) -  (LP) | Guerssen\" \/>\n<meta name=\"twitter:label1\" content=\"Tiempo de lectura\" \/>\n\t<meta name=\"twitter:data1\" content=\"1 minuto\" \/>\n<script type=\"application\/ld+json\" class=\"yoast-schema-graph\">{\"@context\":\"https:\/\/schema.org\",\"@graph\":[{\"@type\":\"WebPage\",\"@id\":\"https:\/\/wpguerssen-test.odoo.rgbconsulting.com\/es\/producto\/mc-breed-dfc-pink-acid-wash\/\",\"url\":\"https:\/\/wpguerssen-test.odoo.rgbconsulting.com\/es\/producto\/mc-breed-dfc-pink-acid-wash\/\",\"name\":\"MC BREED & DFC - Mc Breed & DFC (Pink Acid Wash) - (LP) | Guerssen\",\"isPartOf\":{\"@id\":\"https:\/\/wpguerssen-test.odoo.rgbconsulting.com\/es\/#website\"},\"primaryImageOfPage\":{\"@id\":\"https:\/\/wpguerssen-test.odoo.rgbconsulting.com\/es\/producto\/mc-breed-dfc-pink-acid-wash\/#primaryimage\"},\"image\":{\"@id\":\"https:\/\/wpguerssen-test.odoo.rgbconsulting.com\/es\/producto\/mc-breed-dfc-pink-acid-wash\/#primaryimage\"},\"thumbnailUrl\":\"https:\/\/wpguerssen-test.odoo.rgbconsulting.com\/wp-content\/uploads\/2023\/11\/46097.jpg\",\"datePublished\":\"2024-01-08T23:00:00+00:00\",\"dateModified\":\"2025-01-09T14:37:01+00:00\",\"description\":\"Flint, Michigan-based rapped MC Breed and his crew DFC (Da Funk Clan aka Dope Flint Connection) put the Midwest on the map in 1991 with the release of their self-titled debut album, an underrated gem of the early 90s. The lead single, \\\"Ain't No Future in Yo' Frontin'\\\" with a boomin' west coast sound would get radio play across the country and video rotation on YO! MTV Raps, BET's Rap City, and Ralph McDaniels' Video Music Box. The album's second single \\\"Just Kickin' It\\\" with MC Breed's laid-back vocal style over a funky groove landed in the top 10 on the Hot Rap Singles Chart. Tracks like \\\"Underground Slang\\\" have an 80s electro vibe and \\\"Better Terms\\\" has Breed rapping a little faster over a Bomb Squad influenced beat with his DJ on the cut. MC Breed would go on to release another 11 albums and collaborated with artists such as 2Pac on \\\"Gotta Get Mine\\\" and Too $hort\u00eds \\\"Gettin It\\\" as well as features with Slum Village, Pimp C, Kurupt, Erick Sermon, and The D.O.C. among others. Breed passed away in 2008 from kidney failure, but his legacy lives on having influenced other Midwest artists including Eminem, Proof, D12, Common, and Slum Village.Out of print on vinyl since 2018, Get On Down is bringing back this Midwest 90s classic on limited edition colored vinyl.\",\"breadcrumb\":{\"@id\":\"https:\/\/wpguerssen-test.odoo.rgbconsulting.com\/es\/producto\/mc-breed-dfc-pink-acid-wash\/#breadcrumb\"},\"inLanguage\":\"es\",\"potentialAction\":[{\"@type\":\"ReadAction\",\"target\":[\"https:\/\/wpguerssen-test.odoo.rgbconsulting.com\/es\/producto\/mc-breed-dfc-pink-acid-wash\/\"]}]},{\"@type\":\"ImageObject\",\"inLanguage\":\"es\",\"@id\":\"https:\/\/wpguerssen-test.odoo.rgbconsulting.com\/es\/producto\/mc-breed-dfc-pink-acid-wash\/#primaryimage\",\"url\":\"https:\/\/wpguerssen-test.odoo.rgbconsulting.com\/wp-content\/uploads\/2023\/11\/46097.jpg\",\"contentUrl\":\"https:\/\/wpguerssen-test.odoo.rgbconsulting.com\/wp-content\/uploads\/2023\/11\/46097.jpg\",\"width\":894,\"height\":894},{\"@type\":\"BreadcrumbList\",\"@id\":\"https:\/\/wpguerssen-test.odoo.rgbconsulting.com\/es\/producto\/mc-breed-dfc-pink-acid-wash\/#breadcrumb\",\"itemListElement\":[{\"@type\":\"ListItem\",\"position\":1,\"name\":\"Inicio\",\"item\":\"https:\/\/wpguerssen-test.odoo.rgbconsulting.com\/es\/\"},{\"@type\":\"ListItem\",\"position\":2,\"name\":\"Shop\",\"item\":\"https:\/\/wpguerssen-test.odoo.rgbconsulting.com\/shop\/\"},{\"@type\":\"ListItem\",\"position\":3,\"name\":\"Mc Breed &#038; DFC (Pink Acid Wash)\"}]},{\"@type\":\"WebSite\",\"@id\":\"https:\/\/wpguerssen-test.odoo.rgbconsulting.com\/es\/#website\",\"url\":\"https:\/\/wpguerssen-test.odoo.rgbconsulting.com\/es\/\",\"name\":\"Guerssen records\",\"description\":\"psychedelia - progressive - folk - garage \",\"publisher\":{\"@id\":\"https:\/\/wpguerssen-test.odoo.rgbconsulting.com\/es\/#organization\"},\"potentialAction\":[{\"@type\":\"SearchAction\",\"target\":{\"@type\":\"EntryPoint\",\"urlTemplate\":\"https:\/\/wpguerssen-test.odoo.rgbconsulting.com\/es\/?s={search_term_string}\"},\"query-input\":{\"@type\":\"PropertyValueSpecification\",\"valueRequired\":true,\"valueName\":\"search_term_string\"}}],\"inLanguage\":\"es\"},{\"@type\":\"Organization\",\"@id\":\"https:\/\/wpguerssen-test.odoo.rgbconsulting.com\/es\/#organization\",\"name\":\"Guerssen records\",\"url\":\"https:\/\/wpguerssen-test.odoo.rgbconsulting.com\/es\/\",\"logo\":{\"@type\":\"ImageObject\",\"inLanguage\":\"es\",\"@id\":\"https:\/\/wpguerssen-test.odoo.rgbconsulting.com\/es\/#\/schema\/logo\/image\/\",\"url\":\"https:\/\/wpguerssen-test.odoo.rgbconsulting.com\/wp-content\/uploads\/2022\/04\/Logo_Guerssen_trans_100.png\",\"contentUrl\":\"https:\/\/wpguerssen-test.odoo.rgbconsulting.com\/wp-content\/uploads\/2022\/04\/Logo_Guerssen_trans_100.png\",\"width\":122,\"height\":100,\"caption\":\"Guerssen records\"},\"image\":{\"@id\":\"https:\/\/wpguerssen-test.odoo.rgbconsulting.com\/es\/#\/schema\/logo\/image\/\"}}]}<\/script>\n<!-- \/ Yoast SEO plugin. -->","yoast_head_json":{"title":"MC BREED & DFC - Mc Breed & DFC (Pink Acid Wash) -  (LP) | Guerssen","description":"Flint, Michigan-based rapped MC Breed and his crew DFC (Da Funk Clan aka Dope Flint Connection) put the Midwest on the map in 1991 with the release of their self-titled debut album, an underrated gem of the early 90s. The lead single, \"Ain't No Future in Yo' Frontin'\" with a boomin' west coast sound would get radio play across the country and video rotation on YO! MTV Raps, BET's Rap City, and Ralph McDaniels' Video Music Box. The album's second single \"Just Kickin' It\" with MC Breed's laid-back vocal style over a funky groove landed in the top 10 on the Hot Rap Singles Chart. Tracks like \"Underground Slang\" have an 80s electro vibe and \"Better Terms\" has Breed rapping a little faster over a Bomb Squad influenced beat with his DJ on the cut. MC Breed would go on to release another 11 albums and collaborated with artists such as 2Pac on \"Gotta Get Mine\" and Too $hort\u00eds \"Gettin It\" as well as features with Slum Village, Pimp C, Kurupt, Erick Sermon, and The D.O.C. among others. Breed passed away in 2008 from kidney failure, but his legacy lives on having influenced other Midwest artists including Eminem, Proof, D12, Common, and Slum Village.Out of print on vinyl since 2018, Get On Down is bringing back this Midwest 90s classic on limited edition colored vinyl.","robots":{"index":"index","follow":"follow","max-snippet":"max-snippet:-1","max-image-preview":"max-image-preview:large","max-video-preview":"max-video-preview:-1"},"canonical":"https:\/\/wpguerssen-test.odoo.rgbconsulting.com\/es\/producto\/mc-breed-dfc-pink-acid-wash\/","og_locale":"es_ES","og_type":"article","og_title":"MC BREED & DFC - Mc Breed & DFC (Pink Acid Wash) -  (LP) | Guerssen","og_description":"Flint, Michigan-based rapped MC Breed and his crew DFC (Da Funk Clan aka Dope Flint Connection) put the Midwest on the map in 1991 with the release of their self-titled debut album, an underrated gem of the early 90s. The lead single, \"Ain't No Future in Yo' Frontin'\" with a boomin' west coast sound would get radio play across the country and video rotation on YO! MTV Raps, BET's Rap City, and Ralph McDaniels' Video Music Box. The album's second single \"Just Kickin' It\" with MC Breed's laid-back vocal style over a funky groove landed in the top 10 on the Hot Rap Singles Chart. Tracks like \"Underground Slang\" have an 80s electro vibe and \"Better Terms\" has Breed rapping a little faster over a Bomb Squad influenced beat with his DJ on the cut. MC Breed would go on to release another 11 albums and collaborated with artists such as 2Pac on \"Gotta Get Mine\" and Too $hort\u00eds \"Gettin It\" as well as features with Slum Village, Pimp C, Kurupt, Erick Sermon, and The D.O.C. among others. Breed passed away in 2008 from kidney failure, but his legacy lives on having influenced other Midwest artists including Eminem, Proof, D12, Common, and Slum Village.Out of print on vinyl since 2018, Get On Down is bringing back this Midwest 90s classic on limited edition colored vinyl.","og_url":"https:\/\/wpguerssen-test.odoo.rgbconsulting.com\/es\/producto\/mc-breed-dfc-pink-acid-wash\/","og_site_name":"Guerssen records","article_modified_time":"2025-01-09T14:37:01+00:00","og_image":[{"width":894,"height":894,"url":"https:\/\/wpguerssen-test.odoo.rgbconsulting.com\/wp-content\/uploads\/2023\/11\/46097.jpg","type":"image\/jpeg"}],"twitter_card":"summary_large_image","twitter_title":"MC BREED & DFC - Mc Breed & DFC (Pink Acid Wash) -  (LP) | Guerssen","twitter_misc":{"Tiempo de lectura":"1 minuto"},"schema":{"@context":"https:\/\/schema.org","@graph":[{"@type":"WebPage","@id":"https:\/\/wpguerssen-test.odoo.rgbconsulting.com\/es\/producto\/mc-breed-dfc-pink-acid-wash\/","url":"https:\/\/wpguerssen-test.odoo.rgbconsulting.com\/es\/producto\/mc-breed-dfc-pink-acid-wash\/","name":"MC BREED & DFC - Mc Breed & DFC (Pink Acid Wash) - (LP) | Guerssen","isPartOf":{"@id":"https:\/\/wpguerssen-test.odoo.rgbconsulting.com\/es\/#website"},"primaryImageOfPage":{"@id":"https:\/\/wpguerssen-test.odoo.rgbconsulting.com\/es\/producto\/mc-breed-dfc-pink-acid-wash\/#primaryimage"},"image":{"@id":"https:\/\/wpguerssen-test.odoo.rgbconsulting.com\/es\/producto\/mc-breed-dfc-pink-acid-wash\/#primaryimage"},"thumbnailUrl":"https:\/\/wpguerssen-test.odoo.rgbconsulting.com\/wp-content\/uploads\/2023\/11\/46097.jpg","datePublished":"2024-01-08T23:00:00+00:00","dateModified":"2025-01-09T14:37:01+00:00","description":"Flint, Michigan-based rapped MC Breed and his crew DFC (Da Funk Clan aka Dope Flint Connection) put the Midwest on the map in 1991 with the release of their self-titled debut album, an underrated gem of the early 90s. The lead single, \"Ain't No Future in Yo' Frontin'\" with a boomin' west coast sound would get radio play across the country and video rotation on YO! MTV Raps, BET's Rap City, and Ralph McDaniels' Video Music Box. The album's second single \"Just Kickin' It\" with MC Breed's laid-back vocal style over a funky groove landed in the top 10 on the Hot Rap Singles Chart. Tracks like \"Underground Slang\" have an 80s electro vibe and \"Better Terms\" has Breed rapping a little faster over a Bomb Squad influenced beat with his DJ on the cut. MC Breed would go on to release another 11 albums and collaborated with artists such as 2Pac on \"Gotta Get Mine\" and Too $hort\u00eds \"Gettin It\" as well as features with Slum Village, Pimp C, Kurupt, Erick Sermon, and The D.O.C. among others. Breed passed away in 2008 from kidney failure, but his legacy lives on having influenced other Midwest artists including Eminem, Proof, D12, Common, and Slum Village.Out of print on vinyl since 2018, Get On Down is bringing back this Midwest 90s classic on limited edition colored vinyl.","breadcrumb":{"@id":"https:\/\/wpguerssen-test.odoo.rgbconsulting.com\/es\/producto\/mc-breed-dfc-pink-acid-wash\/#breadcrumb"},"inLanguage":"es","potentialAction":[{"@type":"ReadAction","target":["https:\/\/wpguerssen-test.odoo.rgbconsulting.com\/es\/producto\/mc-breed-dfc-pink-acid-wash\/"]}]},{"@type":"ImageObject","inLanguage":"es","@id":"https:\/\/wpguerssen-test.odoo.rgbconsulting.com\/es\/producto\/mc-breed-dfc-pink-acid-wash\/#primaryimage","url":"https:\/\/wpguerssen-test.odoo.rgbconsulting.com\/wp-content\/uploads\/2023\/11\/46097.jpg","contentUrl":"https:\/\/wpguerssen-test.odoo.rgbconsulting.com\/wp-content\/uploads\/2023\/11\/46097.jpg","width":894,"height":894},{"@type":"BreadcrumbList","@id":"https:\/\/wpguerssen-test.odoo.rgbconsulting.com\/es\/producto\/mc-breed-dfc-pink-acid-wash\/#breadcrumb","itemListElement":[{"@type":"ListItem","position":1,"name":"Inicio","item":"https:\/\/wpguerssen-test.odoo.rgbconsulting.com\/es\/"},{"@type":"ListItem","position":2,"name":"Shop","item":"https:\/\/wpguerssen-test.odoo.rgbconsulting.com\/shop\/"},{"@type":"ListItem","position":3,"name":"Mc Breed &#038; DFC (Pink Acid Wash)"}]},{"@type":"WebSite","@id":"https:\/\/wpguerssen-test.odoo.rgbconsulting.com\/es\/#website","url":"https:\/\/wpguerssen-test.odoo.rgbconsulting.com\/es\/","name":"Guerssen records","description":"psychedelia - progressive - folk - garage ","publisher":{"@id":"https:\/\/wpguerssen-test.odoo.rgbconsulting.com\/es\/#organization"},"potentialAction":[{"@type":"SearchAction","target":{"@type":"EntryPoint","urlTemplate":"https:\/\/wpguerssen-test.odoo.rgbconsulting.com\/es\/?s={search_term_string}"},"query-input":{"@type":"PropertyValueSpecification","valueRequired":true,"valueName":"search_term_string"}}],"inLanguage":"es"},{"@type":"Organization","@id":"https:\/\/wpguerssen-test.odoo.rgbconsulting.com\/es\/#organization","name":"Guerssen records","url":"https:\/\/wpguerssen-test.odoo.rgbconsulting.com\/es\/","logo":{"@type":"ImageObject","inLanguage":"es","@id":"https:\/\/wpguerssen-test.odoo.rgbconsulting.com\/es\/#\/schema\/logo\/image\/","url":"https:\/\/wpguerssen-test.odoo.rgbconsulting.com\/wp-content\/uploads\/2022\/04\/Logo_Guerssen_trans_100.png","contentUrl":"https:\/\/wpguerssen-test.odoo.rgbconsulting.com\/wp-content\/uploads\/2022\/04\/Logo_Guerssen_trans_100.png","width":122,"height":100,"caption":"Guerssen records"},"image":{"@id":"https:\/\/wpguerssen-test.odoo.rgbconsulting.com\/es\/#\/schema\/logo\/image\/"}}]}},"_links":{"self":[{"href":"https:\/\/wpguerssen-test.odoo.rgbconsulting.com\/es\/wp-json\/wp\/v2\/product\/245398","targetHints":{"allow":["GET"]}}],"collection":[{"href":"https:\/\/wpguerssen-test.odoo.rgbconsulting.com\/es\/wp-json\/wp\/v2\/product"}],"about":[{"href":"https:\/\/wpguerssen-test.odoo.rgbconsulting.com\/es\/wp-json\/wp\/v2\/types\/product"}],"wp:featuredmedia":[{"embeddable":true,"href":"https:\/\/wpguerssen-test.odoo.rgbconsulting.com\/es\/wp-json\/wp\/v2\/media\/245399"}],"wp:attachment":[{"href":"https:\/\/wpguerssen-test.odoo.rgbconsulting.com\/es\/wp-json\/wp\/v2\/media?parent=245398"}],"wp:term":[{"taxonomy":"product_brand","embeddable":true,"href":"https:\/\/wpguerssen-test.odoo.rgbconsulting.com\/es\/wp-json\/wp\/v2\/product_brand?post=245398"},{"taxonomy":"product_cat","embeddable":true,"href":"https:\/\/wpguerssen-test.odoo.rgbconsulting.com\/es\/wp-json\/wp\/v2\/product_cat?post=245398"},{"taxonomy":"product_tag","embeddable":true,"href":"https:\/\/wpguerssen-test.odoo.rgbconsulting.com\/es\/wp-json\/wp\/v2\/product_tag?post=245398"}],"curies":[{"name":"wp","href":"https:\/\/api.w.org\/{rel}","templated":true}]}}