{"id":245534,"date":"2024-01-09T00:00:00","date_gmt":"2024-01-08T23:00:00","guid":{"rendered":"https:\/\/wpguerssen-test.odoo.rgbconsulting.com\/product\/crazyndalazdayz-blood-red\/"},"modified":"2025-01-09T15:37:23","modified_gmt":"2025-01-09T14:37:23","slug":"crazyndalazdayz-blood-red","status":"publish","type":"product","link":"https:\/\/wpguerssen-test.odoo.rgbconsulting.com\/es\/producto\/crazyndalazdayz-blood-red\/","title":{"rendered":"Crazyndalazdayz (Blood Red)"},"content":{"rendered":"<p>A finales de los 90, en el Hip Hop, todas las miradas estaban puestas en el Sur, y el sonido Down South reinaba de forma suprema. Pocos grupos eran tan populares como Three 6 Mafia de Memphis.<br \/>CrazyNDaLazDayz era un \u00e9xito regional cuando cay\u00f3 en 1999, lanzado bajo el nombre del grupo Tear Da Club Up Thugs, pero esencialmente un larga duraci\u00f3n de Three 6 Mafia como el n\u00facleo Three 6 Los miembros DJ Paul, Juicy J y Lord Infamous contribuyen al proyecto. El disco obtuvo la certificaci\u00f3n Oro y Three 6 Mafia gan\u00f3 un Premio de la Academia por su contribuci\u00f3n a la pel\u00edcula Hustle &#038; Flow.<br \/>CrazyNDaLazDayz sigue teniendo un impacto. Un corte que Juicy J hizo por primera vez cuando a\u00fan estaba en la escuela secundaria, \u00abSlob On My Knob\u00bb, se utiliz\u00f3 en el \u00e9xito \u00abPlain Jane\u00bb de A$AP Ferg. Adem\u00e1s, el corte se interpola en el corte m\u00e1s exitoso de G-Eazy hasta la fecha, \u00abNo Limit\u00bb. Get On Down te ofrece esta parte del legado de Three 6 Mafia que a menudo se pasa por alto y definitivamente necesita ser revisado.<\/p>\n","protected":false},"excerpt":{"rendered":"<p>A finales de los 90, en el Hip Hop, todas las miradas estaban puestas en el Sur, y el sonido Down South reinaba de forma suprema. Pocos grupos eran tan populares como<a class=\"read\" href=\"https:\/\/wpguerssen-test.odoo.rgbconsulting.com\/es\/producto\/crazyndalazdayz-blood-red\/\"> (...)<\/a>","protected":false},"featured_media":245476,"template":"","meta":{"_acf_changed":false},"product_brand":[],"product_cat":[21706],"product_tag":[29140],"class_list":{"0":"post-245534","1":"product","2":"type-product","3":"status-publish","4":"has-post-thumbnail","6":"product_cat-rap-hip-hop-es","7":"product_tag-color-vinyl-es","8":"pa_artist-tear-da-club-up-thugs","9":"pa_format-2lp-es","10":"pa_gender-rap-hip-hop","11":"pa_label-get-on-down","12":"pa_location-north-america-es","13":"pa_other-filters-vinyl-only-es","15":"first","16":"instock","17":"taxable","18":"shipping-taxable","19":"purchasable","20":"product-type-simple"},"acf":[],"yoast_head":"<!-- This site is optimized with the Yoast SEO plugin v24.9 - https:\/\/yoast.com\/wordpress\/plugins\/seo\/ -->\n<title>TEAR DA CLUB UP THUGS - Crazyndalazdayz (Blood Red) -  (2LP) | Guerssen<\/title>\n<meta name=\"description\" content=\"In the late 90s in Hip Hop, all eyes were on the South - and the Down South sound reigned supreme. Few groups were as hot as Memphis&#039; Three 6 Mafia.CrazyNDaLazDayz was a regional scorcher when it dropped in 1999, released under the group name Tear Da Club Up Thugs, but essentially a Three 6 Mafia full-length as core Three 6 members DJ Paul, Juicy J and Lord Infamous all contribute to the project. The record went on to be certified Gold and Three 6 Mafia went on to win an Academy Award for their contribution to the film Hustle &amp; Flow.CrazyNDaLazDayz continues to have an impact. A cut Juicy J first pulled together while still in high school, &quot;Slob On My Knob&quot;, was utilized in A$AP Ferg&#039;s hit &quot;Plain Jane.&quot; In addition, the cut is interpolated into G-Eazy&#039;s most successful cut to date, &quot;No Limit.&quot; Get On Down brings you this often overlooked and definitely in need of being revisited portion of Three 6 Mafia&#039;s legacy.\" \/>\n<meta name=\"robots\" content=\"index, follow, max-snippet:-1, max-image-preview:large, max-video-preview:-1\" \/>\n<link rel=\"canonical\" href=\"https:\/\/wpguerssen-test.odoo.rgbconsulting.com\/es\/producto\/crazyndalazdayz-blood-red\/\" \/>\n<meta property=\"og:locale\" content=\"es_ES\" \/>\n<meta property=\"og:type\" content=\"article\" \/>\n<meta property=\"og:title\" content=\"TEAR DA CLUB UP THUGS - Crazyndalazdayz (Blood Red) -  (2LP) | Guerssen\" \/>\n<meta property=\"og:description\" content=\"In the late 90s in Hip Hop, all eyes were on the South - and the Down South sound reigned supreme. Few groups were as hot as Memphis&#039; Three 6 Mafia.CrazyNDaLazDayz was a regional scorcher when it dropped in 1999, released under the group name Tear Da Club Up Thugs, but essentially a Three 6 Mafia full-length as core Three 6 members DJ Paul, Juicy J and Lord Infamous all contribute to the project. The record went on to be certified Gold and Three 6 Mafia went on to win an Academy Award for their contribution to the film Hustle &amp; Flow.CrazyNDaLazDayz continues to have an impact. A cut Juicy J first pulled together while still in high school, &quot;Slob On My Knob&quot;, was utilized in A$AP Ferg&#039;s hit &quot;Plain Jane.&quot; In addition, the cut is interpolated into G-Eazy&#039;s most successful cut to date, &quot;No Limit.&quot; Get On Down brings you this often overlooked and definitely in need of being revisited portion of Three 6 Mafia&#039;s legacy.\" \/>\n<meta property=\"og:url\" content=\"https:\/\/wpguerssen-test.odoo.rgbconsulting.com\/es\/producto\/crazyndalazdayz-blood-red\/\" \/>\n<meta property=\"og:site_name\" content=\"Guerssen records\" \/>\n<meta property=\"article:modified_time\" content=\"2025-01-09T14:37:23+00:00\" \/>\n<meta property=\"og:image\" content=\"https:\/\/wpguerssen-test.odoo.rgbconsulting.com\/wp-content\/uploads\/2023\/11\/46108.jpg\" \/>\n\t<meta property=\"og:image:width\" content=\"500\" \/>\n\t<meta property=\"og:image:height\" content=\"500\" \/>\n\t<meta property=\"og:image:type\" content=\"image\/jpeg\" \/>\n<meta name=\"twitter:card\" content=\"summary_large_image\" \/>\n<meta name=\"twitter:title\" content=\"TEAR DA CLUB UP THUGS - Crazyndalazdayz (Blood Red) -  (2LP) | Guerssen\" \/>\n<meta name=\"twitter:label1\" content=\"Tiempo de lectura\" \/>\n\t<meta name=\"twitter:data1\" content=\"1 minuto\" \/>\n<script type=\"application\/ld+json\" class=\"yoast-schema-graph\">{\"@context\":\"https:\/\/schema.org\",\"@graph\":[{\"@type\":\"WebPage\",\"@id\":\"https:\/\/wpguerssen-test.odoo.rgbconsulting.com\/es\/producto\/crazyndalazdayz-blood-red\/\",\"url\":\"https:\/\/wpguerssen-test.odoo.rgbconsulting.com\/es\/producto\/crazyndalazdayz-blood-red\/\",\"name\":\"TEAR DA CLUB UP THUGS - Crazyndalazdayz (Blood Red) - (2LP) | Guerssen\",\"isPartOf\":{\"@id\":\"https:\/\/wpguerssen-test.odoo.rgbconsulting.com\/es\/#website\"},\"primaryImageOfPage\":{\"@id\":\"https:\/\/wpguerssen-test.odoo.rgbconsulting.com\/es\/producto\/crazyndalazdayz-blood-red\/#primaryimage\"},\"image\":{\"@id\":\"https:\/\/wpguerssen-test.odoo.rgbconsulting.com\/es\/producto\/crazyndalazdayz-blood-red\/#primaryimage\"},\"thumbnailUrl\":\"https:\/\/wpguerssen-test.odoo.rgbconsulting.com\/wp-content\/uploads\/2023\/11\/46108.jpg\",\"datePublished\":\"2024-01-08T23:00:00+00:00\",\"dateModified\":\"2025-01-09T14:37:23+00:00\",\"description\":\"In the late 90s in Hip Hop, all eyes were on the South - and the Down South sound reigned supreme. Few groups were as hot as Memphis' Three 6 Mafia.CrazyNDaLazDayz was a regional scorcher when it dropped in 1999, released under the group name Tear Da Club Up Thugs, but essentially a Three 6 Mafia full-length as core Three 6 members DJ Paul, Juicy J and Lord Infamous all contribute to the project. The record went on to be certified Gold and Three 6 Mafia went on to win an Academy Award for their contribution to the film Hustle & Flow.CrazyNDaLazDayz continues to have an impact. A cut Juicy J first pulled together while still in high school, \\\"Slob On My Knob\\\", was utilized in A$AP Ferg's hit \\\"Plain Jane.\\\" In addition, the cut is interpolated into G-Eazy's most successful cut to date, \\\"No Limit.\\\" Get On Down brings you this often overlooked and definitely in need of being revisited portion of Three 6 Mafia's legacy.\",\"breadcrumb\":{\"@id\":\"https:\/\/wpguerssen-test.odoo.rgbconsulting.com\/es\/producto\/crazyndalazdayz-blood-red\/#breadcrumb\"},\"inLanguage\":\"es\",\"potentialAction\":[{\"@type\":\"ReadAction\",\"target\":[\"https:\/\/wpguerssen-test.odoo.rgbconsulting.com\/es\/producto\/crazyndalazdayz-blood-red\/\"]}]},{\"@type\":\"ImageObject\",\"inLanguage\":\"es\",\"@id\":\"https:\/\/wpguerssen-test.odoo.rgbconsulting.com\/es\/producto\/crazyndalazdayz-blood-red\/#primaryimage\",\"url\":\"https:\/\/wpguerssen-test.odoo.rgbconsulting.com\/wp-content\/uploads\/2023\/11\/46108.jpg\",\"contentUrl\":\"https:\/\/wpguerssen-test.odoo.rgbconsulting.com\/wp-content\/uploads\/2023\/11\/46108.jpg\",\"width\":500,\"height\":500},{\"@type\":\"BreadcrumbList\",\"@id\":\"https:\/\/wpguerssen-test.odoo.rgbconsulting.com\/es\/producto\/crazyndalazdayz-blood-red\/#breadcrumb\",\"itemListElement\":[{\"@type\":\"ListItem\",\"position\":1,\"name\":\"Inicio\",\"item\":\"https:\/\/wpguerssen-test.odoo.rgbconsulting.com\/es\/\"},{\"@type\":\"ListItem\",\"position\":2,\"name\":\"Shop\",\"item\":\"https:\/\/wpguerssen-test.odoo.rgbconsulting.com\/shop\/\"},{\"@type\":\"ListItem\",\"position\":3,\"name\":\"Crazyndalazdayz (Blood Red)\"}]},{\"@type\":\"WebSite\",\"@id\":\"https:\/\/wpguerssen-test.odoo.rgbconsulting.com\/es\/#website\",\"url\":\"https:\/\/wpguerssen-test.odoo.rgbconsulting.com\/es\/\",\"name\":\"Guerssen records\",\"description\":\"psychedelia - progressive - folk - garage \",\"publisher\":{\"@id\":\"https:\/\/wpguerssen-test.odoo.rgbconsulting.com\/es\/#organization\"},\"potentialAction\":[{\"@type\":\"SearchAction\",\"target\":{\"@type\":\"EntryPoint\",\"urlTemplate\":\"https:\/\/wpguerssen-test.odoo.rgbconsulting.com\/es\/?s={search_term_string}\"},\"query-input\":{\"@type\":\"PropertyValueSpecification\",\"valueRequired\":true,\"valueName\":\"search_term_string\"}}],\"inLanguage\":\"es\"},{\"@type\":\"Organization\",\"@id\":\"https:\/\/wpguerssen-test.odoo.rgbconsulting.com\/es\/#organization\",\"name\":\"Guerssen records\",\"url\":\"https:\/\/wpguerssen-test.odoo.rgbconsulting.com\/es\/\",\"logo\":{\"@type\":\"ImageObject\",\"inLanguage\":\"es\",\"@id\":\"https:\/\/wpguerssen-test.odoo.rgbconsulting.com\/es\/#\/schema\/logo\/image\/\",\"url\":\"https:\/\/wpguerssen-test.odoo.rgbconsulting.com\/wp-content\/uploads\/2022\/04\/Logo_Guerssen_trans_100.png\",\"contentUrl\":\"https:\/\/wpguerssen-test.odoo.rgbconsulting.com\/wp-content\/uploads\/2022\/04\/Logo_Guerssen_trans_100.png\",\"width\":122,\"height\":100,\"caption\":\"Guerssen records\"},\"image\":{\"@id\":\"https:\/\/wpguerssen-test.odoo.rgbconsulting.com\/es\/#\/schema\/logo\/image\/\"}}]}<\/script>\n<!-- \/ Yoast SEO plugin. -->","yoast_head_json":{"title":"TEAR DA CLUB UP THUGS - Crazyndalazdayz (Blood Red) -  (2LP) | Guerssen","description":"In the late 90s in Hip Hop, all eyes were on the South - and the Down South sound reigned supreme. Few groups were as hot as Memphis' Three 6 Mafia.CrazyNDaLazDayz was a regional scorcher when it dropped in 1999, released under the group name Tear Da Club Up Thugs, but essentially a Three 6 Mafia full-length as core Three 6 members DJ Paul, Juicy J and Lord Infamous all contribute to the project. The record went on to be certified Gold and Three 6 Mafia went on to win an Academy Award for their contribution to the film Hustle & Flow.CrazyNDaLazDayz continues to have an impact. A cut Juicy J first pulled together while still in high school, \"Slob On My Knob\", was utilized in A$AP Ferg's hit \"Plain Jane.\" In addition, the cut is interpolated into G-Eazy's most successful cut to date, \"No Limit.\" Get On Down brings you this often overlooked and definitely in need of being revisited portion of Three 6 Mafia's legacy.","robots":{"index":"index","follow":"follow","max-snippet":"max-snippet:-1","max-image-preview":"max-image-preview:large","max-video-preview":"max-video-preview:-1"},"canonical":"https:\/\/wpguerssen-test.odoo.rgbconsulting.com\/es\/producto\/crazyndalazdayz-blood-red\/","og_locale":"es_ES","og_type":"article","og_title":"TEAR DA CLUB UP THUGS - Crazyndalazdayz (Blood Red) -  (2LP) | Guerssen","og_description":"In the late 90s in Hip Hop, all eyes were on the South - and the Down South sound reigned supreme. Few groups were as hot as Memphis' Three 6 Mafia.CrazyNDaLazDayz was a regional scorcher when it dropped in 1999, released under the group name Tear Da Club Up Thugs, but essentially a Three 6 Mafia full-length as core Three 6 members DJ Paul, Juicy J and Lord Infamous all contribute to the project. The record went on to be certified Gold and Three 6 Mafia went on to win an Academy Award for their contribution to the film Hustle & Flow.CrazyNDaLazDayz continues to have an impact. A cut Juicy J first pulled together while still in high school, \"Slob On My Knob\", was utilized in A$AP Ferg's hit \"Plain Jane.\" In addition, the cut is interpolated into G-Eazy's most successful cut to date, \"No Limit.\" Get On Down brings you this often overlooked and definitely in need of being revisited portion of Three 6 Mafia's legacy.","og_url":"https:\/\/wpguerssen-test.odoo.rgbconsulting.com\/es\/producto\/crazyndalazdayz-blood-red\/","og_site_name":"Guerssen records","article_modified_time":"2025-01-09T14:37:23+00:00","og_image":[{"width":500,"height":500,"url":"https:\/\/wpguerssen-test.odoo.rgbconsulting.com\/wp-content\/uploads\/2023\/11\/46108.jpg","type":"image\/jpeg"}],"twitter_card":"summary_large_image","twitter_title":"TEAR DA CLUB UP THUGS - Crazyndalazdayz (Blood Red) -  (2LP) | Guerssen","twitter_misc":{"Tiempo de lectura":"1 minuto"},"schema":{"@context":"https:\/\/schema.org","@graph":[{"@type":"WebPage","@id":"https:\/\/wpguerssen-test.odoo.rgbconsulting.com\/es\/producto\/crazyndalazdayz-blood-red\/","url":"https:\/\/wpguerssen-test.odoo.rgbconsulting.com\/es\/producto\/crazyndalazdayz-blood-red\/","name":"TEAR DA CLUB UP THUGS - Crazyndalazdayz (Blood Red) - (2LP) | Guerssen","isPartOf":{"@id":"https:\/\/wpguerssen-test.odoo.rgbconsulting.com\/es\/#website"},"primaryImageOfPage":{"@id":"https:\/\/wpguerssen-test.odoo.rgbconsulting.com\/es\/producto\/crazyndalazdayz-blood-red\/#primaryimage"},"image":{"@id":"https:\/\/wpguerssen-test.odoo.rgbconsulting.com\/es\/producto\/crazyndalazdayz-blood-red\/#primaryimage"},"thumbnailUrl":"https:\/\/wpguerssen-test.odoo.rgbconsulting.com\/wp-content\/uploads\/2023\/11\/46108.jpg","datePublished":"2024-01-08T23:00:00+00:00","dateModified":"2025-01-09T14:37:23+00:00","description":"In the late 90s in Hip Hop, all eyes were on the South - and the Down South sound reigned supreme. Few groups were as hot as Memphis' Three 6 Mafia.CrazyNDaLazDayz was a regional scorcher when it dropped in 1999, released under the group name Tear Da Club Up Thugs, but essentially a Three 6 Mafia full-length as core Three 6 members DJ Paul, Juicy J and Lord Infamous all contribute to the project. The record went on to be certified Gold and Three 6 Mafia went on to win an Academy Award for their contribution to the film Hustle & Flow.CrazyNDaLazDayz continues to have an impact. A cut Juicy J first pulled together while still in high school, \"Slob On My Knob\", was utilized in A$AP Ferg's hit \"Plain Jane.\" In addition, the cut is interpolated into G-Eazy's most successful cut to date, \"No Limit.\" Get On Down brings you this often overlooked and definitely in need of being revisited portion of Three 6 Mafia's legacy.","breadcrumb":{"@id":"https:\/\/wpguerssen-test.odoo.rgbconsulting.com\/es\/producto\/crazyndalazdayz-blood-red\/#breadcrumb"},"inLanguage":"es","potentialAction":[{"@type":"ReadAction","target":["https:\/\/wpguerssen-test.odoo.rgbconsulting.com\/es\/producto\/crazyndalazdayz-blood-red\/"]}]},{"@type":"ImageObject","inLanguage":"es","@id":"https:\/\/wpguerssen-test.odoo.rgbconsulting.com\/es\/producto\/crazyndalazdayz-blood-red\/#primaryimage","url":"https:\/\/wpguerssen-test.odoo.rgbconsulting.com\/wp-content\/uploads\/2023\/11\/46108.jpg","contentUrl":"https:\/\/wpguerssen-test.odoo.rgbconsulting.com\/wp-content\/uploads\/2023\/11\/46108.jpg","width":500,"height":500},{"@type":"BreadcrumbList","@id":"https:\/\/wpguerssen-test.odoo.rgbconsulting.com\/es\/producto\/crazyndalazdayz-blood-red\/#breadcrumb","itemListElement":[{"@type":"ListItem","position":1,"name":"Inicio","item":"https:\/\/wpguerssen-test.odoo.rgbconsulting.com\/es\/"},{"@type":"ListItem","position":2,"name":"Shop","item":"https:\/\/wpguerssen-test.odoo.rgbconsulting.com\/shop\/"},{"@type":"ListItem","position":3,"name":"Crazyndalazdayz (Blood Red)"}]},{"@type":"WebSite","@id":"https:\/\/wpguerssen-test.odoo.rgbconsulting.com\/es\/#website","url":"https:\/\/wpguerssen-test.odoo.rgbconsulting.com\/es\/","name":"Guerssen records","description":"psychedelia - progressive - folk - garage ","publisher":{"@id":"https:\/\/wpguerssen-test.odoo.rgbconsulting.com\/es\/#organization"},"potentialAction":[{"@type":"SearchAction","target":{"@type":"EntryPoint","urlTemplate":"https:\/\/wpguerssen-test.odoo.rgbconsulting.com\/es\/?s={search_term_string}"},"query-input":{"@type":"PropertyValueSpecification","valueRequired":true,"valueName":"search_term_string"}}],"inLanguage":"es"},{"@type":"Organization","@id":"https:\/\/wpguerssen-test.odoo.rgbconsulting.com\/es\/#organization","name":"Guerssen records","url":"https:\/\/wpguerssen-test.odoo.rgbconsulting.com\/es\/","logo":{"@type":"ImageObject","inLanguage":"es","@id":"https:\/\/wpguerssen-test.odoo.rgbconsulting.com\/es\/#\/schema\/logo\/image\/","url":"https:\/\/wpguerssen-test.odoo.rgbconsulting.com\/wp-content\/uploads\/2022\/04\/Logo_Guerssen_trans_100.png","contentUrl":"https:\/\/wpguerssen-test.odoo.rgbconsulting.com\/wp-content\/uploads\/2022\/04\/Logo_Guerssen_trans_100.png","width":122,"height":100,"caption":"Guerssen records"},"image":{"@id":"https:\/\/wpguerssen-test.odoo.rgbconsulting.com\/es\/#\/schema\/logo\/image\/"}}]}},"_links":{"self":[{"href":"https:\/\/wpguerssen-test.odoo.rgbconsulting.com\/es\/wp-json\/wp\/v2\/product\/245534","targetHints":{"allow":["GET"]}}],"collection":[{"href":"https:\/\/wpguerssen-test.odoo.rgbconsulting.com\/es\/wp-json\/wp\/v2\/product"}],"about":[{"href":"https:\/\/wpguerssen-test.odoo.rgbconsulting.com\/es\/wp-json\/wp\/v2\/types\/product"}],"wp:featuredmedia":[{"embeddable":true,"href":"https:\/\/wpguerssen-test.odoo.rgbconsulting.com\/es\/wp-json\/wp\/v2\/media\/245476"}],"wp:attachment":[{"href":"https:\/\/wpguerssen-test.odoo.rgbconsulting.com\/es\/wp-json\/wp\/v2\/media?parent=245534"}],"wp:term":[{"taxonomy":"product_brand","embeddable":true,"href":"https:\/\/wpguerssen-test.odoo.rgbconsulting.com\/es\/wp-json\/wp\/v2\/product_brand?post=245534"},{"taxonomy":"product_cat","embeddable":true,"href":"https:\/\/wpguerssen-test.odoo.rgbconsulting.com\/es\/wp-json\/wp\/v2\/product_cat?post=245534"},{"taxonomy":"product_tag","embeddable":true,"href":"https:\/\/wpguerssen-test.odoo.rgbconsulting.com\/es\/wp-json\/wp\/v2\/product_tag?post=245534"}],"curies":[{"name":"wp","href":"https:\/\/api.w.org\/{rel}","templated":true}]}}