{"id":245535,"date":"2024-01-09T00:00:00","date_gmt":"2024-01-08T23:00:00","guid":{"rendered":"https:\/\/wpguerssen-test.odoo.rgbconsulting.com\/product\/2-sides-of-every-story\/"},"modified":"2024-06-03T19:29:58","modified_gmt":"2024-06-03T17:29:58","slug":"2-sides-of-every-story","status":"publish","type":"product","link":"https:\/\/wpguerssen-test.odoo.rgbconsulting.com\/es\/producto\/2-sides-of-every-story\/","title":{"rendered":"2 Sides Of Every Story"},"content":{"rendered":"<p>El muy esperado nuevo \u00e1lbum de Teflon, 2 Sides to Every Story, es un momento de celebraci\u00f3n para el nativo de Brooklyn, quien irrumpi\u00f3 en escena como parte de First Family de M.O.P. durante la escena del rap neoyorquino de finales de los 90. Despu\u00e9s de dolores de cabeza contractuales y un tiempo fuera del juego, el aclamado maestro de ceremonias est\u00e1 de regreso como si nunca se hubiera ido. Y tampoco lo hace solo. A Telfon se unen en este proyecto dos de los mejores productores de hip-hop y sus colaboradores m\u00e1s cercanos, DJ Premier y Jazimoto, quienes dividieron las tareas de producci\u00f3n por la mitad.<br \/>Juntos, han creado un \u00e1lbum crudo y maduro que muestra Teflon en la cima de su juego l\u00edrico. Teflon todav\u00eda tiene esa voz distintiva y atrapante al instante que te atrae, solo para poder golpearte en la cabeza con juegos de palabras geniales y compases rectos.<br \/>Si bien Teflon act\u00faa en solitario en varios cortes del \u00e1lbum, tambi\u00e9n llama a su M.O.P. hermanos para brindar su energ\u00eda caracter\u00edstica. Es un verdadero momento de cierre de c\u00edrculo para Teflon, cuyo nombre est\u00e1 fuertemente vinculado a la discograf\u00eda de M.O.P. desde su \u00e1lbum del 96, Firing Squad. Y para los fan\u00e1ticos del hip-hop que han estado tocando su m\u00fasica desde entonces, este \u00e1lbum no podr\u00eda haber llegado antes.<\/p>\n","protected":false},"excerpt":{"rendered":"<p>El muy esperado nuevo \u00e1lbum de Teflon, 2 Sides to Every Story, es un momento de celebraci\u00f3n para el nativo de Brooklyn, quien irrumpi\u00f3 en escena como parte de First<a class=\"read\" href=\"https:\/\/wpguerssen-test.odoo.rgbconsulting.com\/es\/producto\/2-sides-of-every-story\/\"> (...)<\/a>","protected":false},"featured_media":245479,"template":"","meta":{"_acf_changed":false},"product_brand":[],"product_cat":[21706],"product_tag":[],"class_list":{"0":"post-245535","1":"product","2":"type-product","3":"status-publish","4":"has-post-thumbnail","6":"product_cat-rap-hip-hop-es","7":"pa_artist-teflon","8":"pa_format-lp-es","9":"pa_gender-rap-hip-hop","10":"pa_label-coalmine-records","11":"pa_location-north-america-es","12":"pa_other-filters-vinyl-only-es","14":"first","15":"instock","16":"taxable","17":"shipping-taxable","18":"purchasable","19":"product-type-simple"},"acf":[],"yoast_head":"<!-- This site is optimized with the Yoast SEO plugin v24.9 - https:\/\/yoast.com\/wordpress\/plugins\/seo\/ -->\n<title>TEFLON - 2 Sides Of Every Story -  (LP) | Guerssen<\/title>\n<meta name=\"description\" content=\"Teflon&#039;s much-anticipated new album, 2 Sides to Every Story, is a celebratory moment for the Brooklyn native, who burst onto the scene as part of M.O.P.&#039;s First Family during the late &#039;90s New York rap scene. Following contractual headaches and some time away from the game, the acclaimed emcee is back like he never left. And he&#039;s not doing it alone, either. Telfon is joined on this project by two of hip-hop&#039;s finest producers and his closest collaborators, DJ Premier and Jazimoto, who split production duties down the middle.Together, they&#039;ve crafted a raw, mature album that showcases Teflon at the top of his lyrical game. Teflon still has that distinctive, instantly gripping voice that pulls you in, just so he can hit you over the head with dope wordplay and straight bars.While Teflon goes solo for a number of cuts on the album, he also calls on his M.O.P. brethren to provide their signature energy. It&#039;s a true full circle moment for Teflon, whose name is heavily linked to M.O.P.&#039;s discography since their &#039;96 album, Firing Squad. And for hip-hop heads who have been bumping his music since then, this album couldn&#039;t have arrived any sooner.\" \/>\n<meta name=\"robots\" content=\"index, follow, max-snippet:-1, max-image-preview:large, max-video-preview:-1\" \/>\n<link rel=\"canonical\" href=\"https:\/\/wpguerssen-test.odoo.rgbconsulting.com\/es\/producto\/2-sides-of-every-story\/\" \/>\n<meta property=\"og:locale\" content=\"es_ES\" \/>\n<meta property=\"og:type\" content=\"article\" \/>\n<meta property=\"og:title\" content=\"TEFLON - 2 Sides Of Every Story -  (LP) | Guerssen\" \/>\n<meta property=\"og:description\" content=\"Teflon&#039;s much-anticipated new album, 2 Sides to Every Story, is a celebratory moment for the Brooklyn native, who burst onto the scene as part of M.O.P.&#039;s First Family during the late &#039;90s New York rap scene. Following contractual headaches and some time away from the game, the acclaimed emcee is back like he never left. And he&#039;s not doing it alone, either. Telfon is joined on this project by two of hip-hop&#039;s finest producers and his closest collaborators, DJ Premier and Jazimoto, who split production duties down the middle.Together, they&#039;ve crafted a raw, mature album that showcases Teflon at the top of his lyrical game. Teflon still has that distinctive, instantly gripping voice that pulls you in, just so he can hit you over the head with dope wordplay and straight bars.While Teflon goes solo for a number of cuts on the album, he also calls on his M.O.P. brethren to provide their signature energy. It&#039;s a true full circle moment for Teflon, whose name is heavily linked to M.O.P.&#039;s discography since their &#039;96 album, Firing Squad. And for hip-hop heads who have been bumping his music since then, this album couldn&#039;t have arrived any sooner.\" \/>\n<meta property=\"og:url\" content=\"https:\/\/wpguerssen-test.odoo.rgbconsulting.com\/es\/producto\/2-sides-of-every-story\/\" \/>\n<meta property=\"og:site_name\" content=\"Guerssen records\" \/>\n<meta property=\"article:modified_time\" content=\"2024-06-03T17:29:58+00:00\" \/>\n<meta property=\"og:image\" content=\"https:\/\/wpguerssen-test.odoo.rgbconsulting.com\/wp-content\/uploads\/2023\/11\/46109.jpg\" \/>\n\t<meta property=\"og:image:width\" content=\"1200\" \/>\n\t<meta property=\"og:image:height\" content=\"1200\" \/>\n\t<meta property=\"og:image:type\" content=\"image\/jpeg\" \/>\n<meta name=\"twitter:card\" content=\"summary_large_image\" \/>\n<meta name=\"twitter:title\" content=\"TEFLON - 2 Sides Of Every Story -  (LP) | Guerssen\" \/>\n<meta name=\"twitter:label1\" content=\"Tiempo de lectura\" \/>\n\t<meta name=\"twitter:data1\" content=\"1 minuto\" \/>\n<script type=\"application\/ld+json\" class=\"yoast-schema-graph\">{\"@context\":\"https:\/\/schema.org\",\"@graph\":[{\"@type\":\"WebPage\",\"@id\":\"https:\/\/wpguerssen-test.odoo.rgbconsulting.com\/es\/producto\/2-sides-of-every-story\/\",\"url\":\"https:\/\/wpguerssen-test.odoo.rgbconsulting.com\/es\/producto\/2-sides-of-every-story\/\",\"name\":\"TEFLON - 2 Sides Of Every Story - (LP) | Guerssen\",\"isPartOf\":{\"@id\":\"https:\/\/wpguerssen-test.odoo.rgbconsulting.com\/es\/#website\"},\"primaryImageOfPage\":{\"@id\":\"https:\/\/wpguerssen-test.odoo.rgbconsulting.com\/es\/producto\/2-sides-of-every-story\/#primaryimage\"},\"image\":{\"@id\":\"https:\/\/wpguerssen-test.odoo.rgbconsulting.com\/es\/producto\/2-sides-of-every-story\/#primaryimage\"},\"thumbnailUrl\":\"https:\/\/wpguerssen-test.odoo.rgbconsulting.com\/wp-content\/uploads\/2023\/11\/46109.jpg\",\"datePublished\":\"2024-01-08T23:00:00+00:00\",\"dateModified\":\"2024-06-03T17:29:58+00:00\",\"description\":\"Teflon's much-anticipated new album, 2 Sides to Every Story, is a celebratory moment for the Brooklyn native, who burst onto the scene as part of M.O.P.'s First Family during the late '90s New York rap scene. Following contractual headaches and some time away from the game, the acclaimed emcee is back like he never left. And he's not doing it alone, either. Telfon is joined on this project by two of hip-hop's finest producers and his closest collaborators, DJ Premier and Jazimoto, who split production duties down the middle.Together, they've crafted a raw, mature album that showcases Teflon at the top of his lyrical game. Teflon still has that distinctive, instantly gripping voice that pulls you in, just so he can hit you over the head with dope wordplay and straight bars.While Teflon goes solo for a number of cuts on the album, he also calls on his M.O.P. brethren to provide their signature energy. It's a true full circle moment for Teflon, whose name is heavily linked to M.O.P.'s discography since their '96 album, Firing Squad. And for hip-hop heads who have been bumping his music since then, this album couldn't have arrived any sooner.\",\"breadcrumb\":{\"@id\":\"https:\/\/wpguerssen-test.odoo.rgbconsulting.com\/es\/producto\/2-sides-of-every-story\/#breadcrumb\"},\"inLanguage\":\"es\",\"potentialAction\":[{\"@type\":\"ReadAction\",\"target\":[\"https:\/\/wpguerssen-test.odoo.rgbconsulting.com\/es\/producto\/2-sides-of-every-story\/\"]}]},{\"@type\":\"ImageObject\",\"inLanguage\":\"es\",\"@id\":\"https:\/\/wpguerssen-test.odoo.rgbconsulting.com\/es\/producto\/2-sides-of-every-story\/#primaryimage\",\"url\":\"https:\/\/wpguerssen-test.odoo.rgbconsulting.com\/wp-content\/uploads\/2023\/11\/46109.jpg\",\"contentUrl\":\"https:\/\/wpguerssen-test.odoo.rgbconsulting.com\/wp-content\/uploads\/2023\/11\/46109.jpg\",\"width\":1200,\"height\":1200},{\"@type\":\"BreadcrumbList\",\"@id\":\"https:\/\/wpguerssen-test.odoo.rgbconsulting.com\/es\/producto\/2-sides-of-every-story\/#breadcrumb\",\"itemListElement\":[{\"@type\":\"ListItem\",\"position\":1,\"name\":\"Inicio\",\"item\":\"https:\/\/wpguerssen-test.odoo.rgbconsulting.com\/es\/\"},{\"@type\":\"ListItem\",\"position\":2,\"name\":\"Shop\",\"item\":\"https:\/\/wpguerssen-test.odoo.rgbconsulting.com\/shop\/\"},{\"@type\":\"ListItem\",\"position\":3,\"name\":\"2 Sides Of Every Story\"}]},{\"@type\":\"WebSite\",\"@id\":\"https:\/\/wpguerssen-test.odoo.rgbconsulting.com\/es\/#website\",\"url\":\"https:\/\/wpguerssen-test.odoo.rgbconsulting.com\/es\/\",\"name\":\"Guerssen records\",\"description\":\"psychedelia - progressive - folk - garage \",\"publisher\":{\"@id\":\"https:\/\/wpguerssen-test.odoo.rgbconsulting.com\/es\/#organization\"},\"potentialAction\":[{\"@type\":\"SearchAction\",\"target\":{\"@type\":\"EntryPoint\",\"urlTemplate\":\"https:\/\/wpguerssen-test.odoo.rgbconsulting.com\/es\/?s={search_term_string}\"},\"query-input\":{\"@type\":\"PropertyValueSpecification\",\"valueRequired\":true,\"valueName\":\"search_term_string\"}}],\"inLanguage\":\"es\"},{\"@type\":\"Organization\",\"@id\":\"https:\/\/wpguerssen-test.odoo.rgbconsulting.com\/es\/#organization\",\"name\":\"Guerssen records\",\"url\":\"https:\/\/wpguerssen-test.odoo.rgbconsulting.com\/es\/\",\"logo\":{\"@type\":\"ImageObject\",\"inLanguage\":\"es\",\"@id\":\"https:\/\/wpguerssen-test.odoo.rgbconsulting.com\/es\/#\/schema\/logo\/image\/\",\"url\":\"https:\/\/wpguerssen-test.odoo.rgbconsulting.com\/wp-content\/uploads\/2022\/04\/Logo_Guerssen_trans_100.png\",\"contentUrl\":\"https:\/\/wpguerssen-test.odoo.rgbconsulting.com\/wp-content\/uploads\/2022\/04\/Logo_Guerssen_trans_100.png\",\"width\":122,\"height\":100,\"caption\":\"Guerssen records\"},\"image\":{\"@id\":\"https:\/\/wpguerssen-test.odoo.rgbconsulting.com\/es\/#\/schema\/logo\/image\/\"}}]}<\/script>\n<!-- \/ Yoast SEO plugin. -->","yoast_head_json":{"title":"TEFLON - 2 Sides Of Every Story -  (LP) | Guerssen","description":"Teflon's much-anticipated new album, 2 Sides to Every Story, is a celebratory moment for the Brooklyn native, who burst onto the scene as part of M.O.P.'s First Family during the late '90s New York rap scene. Following contractual headaches and some time away from the game, the acclaimed emcee is back like he never left. And he's not doing it alone, either. Telfon is joined on this project by two of hip-hop's finest producers and his closest collaborators, DJ Premier and Jazimoto, who split production duties down the middle.Together, they've crafted a raw, mature album that showcases Teflon at the top of his lyrical game. Teflon still has that distinctive, instantly gripping voice that pulls you in, just so he can hit you over the head with dope wordplay and straight bars.While Teflon goes solo for a number of cuts on the album, he also calls on his M.O.P. brethren to provide their signature energy. It's a true full circle moment for Teflon, whose name is heavily linked to M.O.P.'s discography since their '96 album, Firing Squad. And for hip-hop heads who have been bumping his music since then, this album couldn't have arrived any sooner.","robots":{"index":"index","follow":"follow","max-snippet":"max-snippet:-1","max-image-preview":"max-image-preview:large","max-video-preview":"max-video-preview:-1"},"canonical":"https:\/\/wpguerssen-test.odoo.rgbconsulting.com\/es\/producto\/2-sides-of-every-story\/","og_locale":"es_ES","og_type":"article","og_title":"TEFLON - 2 Sides Of Every Story -  (LP) | Guerssen","og_description":"Teflon's much-anticipated new album, 2 Sides to Every Story, is a celebratory moment for the Brooklyn native, who burst onto the scene as part of M.O.P.'s First Family during the late '90s New York rap scene. Following contractual headaches and some time away from the game, the acclaimed emcee is back like he never left. And he's not doing it alone, either. Telfon is joined on this project by two of hip-hop's finest producers and his closest collaborators, DJ Premier and Jazimoto, who split production duties down the middle.Together, they've crafted a raw, mature album that showcases Teflon at the top of his lyrical game. Teflon still has that distinctive, instantly gripping voice that pulls you in, just so he can hit you over the head with dope wordplay and straight bars.While Teflon goes solo for a number of cuts on the album, he also calls on his M.O.P. brethren to provide their signature energy. It's a true full circle moment for Teflon, whose name is heavily linked to M.O.P.'s discography since their '96 album, Firing Squad. And for hip-hop heads who have been bumping his music since then, this album couldn't have arrived any sooner.","og_url":"https:\/\/wpguerssen-test.odoo.rgbconsulting.com\/es\/producto\/2-sides-of-every-story\/","og_site_name":"Guerssen records","article_modified_time":"2024-06-03T17:29:58+00:00","og_image":[{"width":1200,"height":1200,"url":"https:\/\/wpguerssen-test.odoo.rgbconsulting.com\/wp-content\/uploads\/2023\/11\/46109.jpg","type":"image\/jpeg"}],"twitter_card":"summary_large_image","twitter_title":"TEFLON - 2 Sides Of Every Story -  (LP) | Guerssen","twitter_misc":{"Tiempo de lectura":"1 minuto"},"schema":{"@context":"https:\/\/schema.org","@graph":[{"@type":"WebPage","@id":"https:\/\/wpguerssen-test.odoo.rgbconsulting.com\/es\/producto\/2-sides-of-every-story\/","url":"https:\/\/wpguerssen-test.odoo.rgbconsulting.com\/es\/producto\/2-sides-of-every-story\/","name":"TEFLON - 2 Sides Of Every Story - (LP) | Guerssen","isPartOf":{"@id":"https:\/\/wpguerssen-test.odoo.rgbconsulting.com\/es\/#website"},"primaryImageOfPage":{"@id":"https:\/\/wpguerssen-test.odoo.rgbconsulting.com\/es\/producto\/2-sides-of-every-story\/#primaryimage"},"image":{"@id":"https:\/\/wpguerssen-test.odoo.rgbconsulting.com\/es\/producto\/2-sides-of-every-story\/#primaryimage"},"thumbnailUrl":"https:\/\/wpguerssen-test.odoo.rgbconsulting.com\/wp-content\/uploads\/2023\/11\/46109.jpg","datePublished":"2024-01-08T23:00:00+00:00","dateModified":"2024-06-03T17:29:58+00:00","description":"Teflon's much-anticipated new album, 2 Sides to Every Story, is a celebratory moment for the Brooklyn native, who burst onto the scene as part of M.O.P.'s First Family during the late '90s New York rap scene. Following contractual headaches and some time away from the game, the acclaimed emcee is back like he never left. And he's not doing it alone, either. Telfon is joined on this project by two of hip-hop's finest producers and his closest collaborators, DJ Premier and Jazimoto, who split production duties down the middle.Together, they've crafted a raw, mature album that showcases Teflon at the top of his lyrical game. Teflon still has that distinctive, instantly gripping voice that pulls you in, just so he can hit you over the head with dope wordplay and straight bars.While Teflon goes solo for a number of cuts on the album, he also calls on his M.O.P. brethren to provide their signature energy. It's a true full circle moment for Teflon, whose name is heavily linked to M.O.P.'s discography since their '96 album, Firing Squad. And for hip-hop heads who have been bumping his music since then, this album couldn't have arrived any sooner.","breadcrumb":{"@id":"https:\/\/wpguerssen-test.odoo.rgbconsulting.com\/es\/producto\/2-sides-of-every-story\/#breadcrumb"},"inLanguage":"es","potentialAction":[{"@type":"ReadAction","target":["https:\/\/wpguerssen-test.odoo.rgbconsulting.com\/es\/producto\/2-sides-of-every-story\/"]}]},{"@type":"ImageObject","inLanguage":"es","@id":"https:\/\/wpguerssen-test.odoo.rgbconsulting.com\/es\/producto\/2-sides-of-every-story\/#primaryimage","url":"https:\/\/wpguerssen-test.odoo.rgbconsulting.com\/wp-content\/uploads\/2023\/11\/46109.jpg","contentUrl":"https:\/\/wpguerssen-test.odoo.rgbconsulting.com\/wp-content\/uploads\/2023\/11\/46109.jpg","width":1200,"height":1200},{"@type":"BreadcrumbList","@id":"https:\/\/wpguerssen-test.odoo.rgbconsulting.com\/es\/producto\/2-sides-of-every-story\/#breadcrumb","itemListElement":[{"@type":"ListItem","position":1,"name":"Inicio","item":"https:\/\/wpguerssen-test.odoo.rgbconsulting.com\/es\/"},{"@type":"ListItem","position":2,"name":"Shop","item":"https:\/\/wpguerssen-test.odoo.rgbconsulting.com\/shop\/"},{"@type":"ListItem","position":3,"name":"2 Sides Of Every Story"}]},{"@type":"WebSite","@id":"https:\/\/wpguerssen-test.odoo.rgbconsulting.com\/es\/#website","url":"https:\/\/wpguerssen-test.odoo.rgbconsulting.com\/es\/","name":"Guerssen records","description":"psychedelia - progressive - folk - garage ","publisher":{"@id":"https:\/\/wpguerssen-test.odoo.rgbconsulting.com\/es\/#organization"},"potentialAction":[{"@type":"SearchAction","target":{"@type":"EntryPoint","urlTemplate":"https:\/\/wpguerssen-test.odoo.rgbconsulting.com\/es\/?s={search_term_string}"},"query-input":{"@type":"PropertyValueSpecification","valueRequired":true,"valueName":"search_term_string"}}],"inLanguage":"es"},{"@type":"Organization","@id":"https:\/\/wpguerssen-test.odoo.rgbconsulting.com\/es\/#organization","name":"Guerssen records","url":"https:\/\/wpguerssen-test.odoo.rgbconsulting.com\/es\/","logo":{"@type":"ImageObject","inLanguage":"es","@id":"https:\/\/wpguerssen-test.odoo.rgbconsulting.com\/es\/#\/schema\/logo\/image\/","url":"https:\/\/wpguerssen-test.odoo.rgbconsulting.com\/wp-content\/uploads\/2022\/04\/Logo_Guerssen_trans_100.png","contentUrl":"https:\/\/wpguerssen-test.odoo.rgbconsulting.com\/wp-content\/uploads\/2022\/04\/Logo_Guerssen_trans_100.png","width":122,"height":100,"caption":"Guerssen records"},"image":{"@id":"https:\/\/wpguerssen-test.odoo.rgbconsulting.com\/es\/#\/schema\/logo\/image\/"}}]}},"_links":{"self":[{"href":"https:\/\/wpguerssen-test.odoo.rgbconsulting.com\/es\/wp-json\/wp\/v2\/product\/245535","targetHints":{"allow":["GET"]}}],"collection":[{"href":"https:\/\/wpguerssen-test.odoo.rgbconsulting.com\/es\/wp-json\/wp\/v2\/product"}],"about":[{"href":"https:\/\/wpguerssen-test.odoo.rgbconsulting.com\/es\/wp-json\/wp\/v2\/types\/product"}],"wp:featuredmedia":[{"embeddable":true,"href":"https:\/\/wpguerssen-test.odoo.rgbconsulting.com\/es\/wp-json\/wp\/v2\/media\/245479"}],"wp:attachment":[{"href":"https:\/\/wpguerssen-test.odoo.rgbconsulting.com\/es\/wp-json\/wp\/v2\/media?parent=245535"}],"wp:term":[{"taxonomy":"product_brand","embeddable":true,"href":"https:\/\/wpguerssen-test.odoo.rgbconsulting.com\/es\/wp-json\/wp\/v2\/product_brand?post=245535"},{"taxonomy":"product_cat","embeddable":true,"href":"https:\/\/wpguerssen-test.odoo.rgbconsulting.com\/es\/wp-json\/wp\/v2\/product_cat?post=245535"},{"taxonomy":"product_tag","embeddable":true,"href":"https:\/\/wpguerssen-test.odoo.rgbconsulting.com\/es\/wp-json\/wp\/v2\/product_tag?post=245535"}],"curies":[{"name":"wp","href":"https:\/\/api.w.org\/{rel}","templated":true}]}}