{"id":245541,"date":"2023-12-07T00:00:00","date_gmt":"2023-12-06T23:00:00","guid":{"rendered":"https:\/\/wpguerssen-test.odoo.rgbconsulting.com\/product\/eternity-2\/"},"modified":"2025-01-07T19:11:13","modified_gmt":"2025-01-07T18:11:13","slug":"eternity","status":"publish","type":"product","link":"https:\/\/wpguerssen-test.odoo.rgbconsulting.com\/es\/producto\/eternity\/","title":{"rendered":"Eternity"},"content":{"rendered":"<p>Lanzado en 1976, Eternity fue el primer \u00e1lbum de Alice Coltrane para Warner Bros despu\u00e9s de ocho maravillosos discos en Impulse. Combinando los zumbidos y las texturas de la India, el gospel y el R&#038;B de su juventud en Detroit y la disonancia de la composici\u00f3n cl\u00e1sica moderna, la m\u00fasica de Coltrane en los a\u00f1os 70 se volver\u00eda cada vez m\u00e1s dif\u00edcil de categorizar.<br \/>Habi\u00e9ndose mudado unos a\u00f1os antes a California (donde (fund\u00f3 el Centro Ved\u00e1ntico, un Ashram para estudios espirituales), Coltrane se extiende sobre la Eternidad, incorporando varios estilos musicales, incluida una conmovedora adaptaci\u00f3n de La consagraci\u00f3n de la primavera de Igor Stravinsky, y los resultados son deslumbrantes, tanto en alcance sonoro como en rango emocional. \u00abSpiritual Eternal\u00bb oscila entre el \u00f3rgano exploratorio de Alice y el dram\u00e1tico oleaje de exuberantes cuerdas. Una pieza solista meditativa para arpa, \u00abWisdom Eye\u00bb, precede a los ritmos ondulantes de \u00abLos Caballos\u00bb, que muestra algunos de sus mejores solos.<br \/>\u00abOm Supreme\u00bb es la primera pista del \u00e1lbum que se basa en bhajans (canciones devocionales hind\u00faes). Con elegantes teclados respaldados por un coro angelical, esta pieza insin\u00faa la m\u00fasica devocional ext\u00e1tica que m\u00e1s tarde har\u00eda con miembros de su Ashram. Si bien Coltrane profundizar\u00eda en sus viajes espirituales y continuar\u00eda expandiendo sus intereses musicales en LP posteriores, Eternity sigue siendo una muestra v\u00edvida y convincente de su visi\u00f3n \u00fanica, sus innumerables talentos y pasiones.<\/p>\n","protected":false},"excerpt":{"rendered":"<p>Lanzado en 1976, Eternity fue el primer \u00e1lbum de Alice Coltrane para Warner Bros despu\u00e9s de ocho maravillosos discos en Impulse. Combinando los zumbidos y las texturas<a class=\"read\" href=\"https:\/\/wpguerssen-test.odoo.rgbconsulting.com\/es\/producto\/eternity\/\"> (...)<\/a>","protected":false},"featured_media":245497,"template":"","meta":{"_acf_changed":false},"product_brand":[],"product_cat":[23227],"product_tag":[],"class_list":{"0":"post-245541","1":"product","2":"type-product","3":"status-publish","4":"has-post-thumbnail","6":"product_cat-jazz-es","7":"pa_artist-coltrane-alice-es","8":"pa_format-lp-es","9":"pa_gender-jazz","10":"pa_label-antarctica-starts-here","11":"pa_location-north-america-es","12":"pa_other-filters-vinyl-only-es","14":"first","15":"instock","16":"taxable","17":"shipping-taxable","18":"purchasable","19":"product-type-simple"},"acf":[],"yoast_head":"<!-- This site is optimized with the Yoast SEO plugin v24.9 - https:\/\/yoast.com\/wordpress\/plugins\/seo\/ -->\n<title>COLTRANE, Alice - Eternity -  (LP) | Guerssen<\/title>\n<meta name=\"description\" content=\"Released in 1976, Eternity was Alice Coltrane&#039;s first album for Warner Bros. after eight wondrous records on Impulse! Combining the drones and textures of India, the gospel and R&amp;B of her Detroit youth and the dissonance of modern classical composition, Coltrane&#039;s music in the &#039;70s would become increasingly difficult to categorize.Having moved a few years earlier to California (where she founded the Vedantic Center, an Ashram for spiritual studies), Coltrane stretches out on Eternity--incorporating various musical styles, including a stirring adaptation of Igor Stravinsky&#039;s The Rite of Spring--and the results are dazzling, both in sonic scope and emotional range Opener &quot;Spiritual Eternal&quot; sways between Alice&#039;s exploratory organ and the dramatic swell of lush strings. A meditative solo piece for harp, &quot;Wisdom Eye,&quot; precedes the rollicking rhythms of &quot;Los Caballos,&quot; which showcases some of her finest soloing.&quot;Om Supreme&quot; is the album&#039;s first track to be built around bhajans (Hindu devotional songs). Featuring graceful keyboards backed by an angelic choir, this piece hints at the ecstatic devotional music that she would later make with members of her Ashram. While Coltrane would delve deeper into her spiritual journeys and continue to expand her musical interests on subsequent LPs, Eternity remains a vivid and compelling display of her unique vision, myriad talents and passions.\" \/>\n<meta name=\"robots\" content=\"index, follow, max-snippet:-1, max-image-preview:large, max-video-preview:-1\" \/>\n<link rel=\"canonical\" href=\"https:\/\/wpguerssen-test.odoo.rgbconsulting.com\/es\/producto\/eternity\/\" \/>\n<meta property=\"og:locale\" content=\"es_ES\" \/>\n<meta property=\"og:type\" content=\"article\" \/>\n<meta property=\"og:title\" content=\"COLTRANE, Alice - Eternity -  (LP) | Guerssen\" \/>\n<meta property=\"og:description\" content=\"Released in 1976, Eternity was Alice Coltrane&#039;s first album for Warner Bros. after eight wondrous records on Impulse! Combining the drones and textures of India, the gospel and R&amp;B of her Detroit youth and the dissonance of modern classical composition, Coltrane&#039;s music in the &#039;70s would become increasingly difficult to categorize.Having moved a few years earlier to California (where she founded the Vedantic Center, an Ashram for spiritual studies), Coltrane stretches out on Eternity--incorporating various musical styles, including a stirring adaptation of Igor Stravinsky&#039;s The Rite of Spring--and the results are dazzling, both in sonic scope and emotional range Opener &quot;Spiritual Eternal&quot; sways between Alice&#039;s exploratory organ and the dramatic swell of lush strings. A meditative solo piece for harp, &quot;Wisdom Eye,&quot; precedes the rollicking rhythms of &quot;Los Caballos,&quot; which showcases some of her finest soloing.&quot;Om Supreme&quot; is the album&#039;s first track to be built around bhajans (Hindu devotional songs). Featuring graceful keyboards backed by an angelic choir, this piece hints at the ecstatic devotional music that she would later make with members of her Ashram. While Coltrane would delve deeper into her spiritual journeys and continue to expand her musical interests on subsequent LPs, Eternity remains a vivid and compelling display of her unique vision, myriad talents and passions.\" \/>\n<meta property=\"og:url\" content=\"https:\/\/wpguerssen-test.odoo.rgbconsulting.com\/es\/producto\/eternity\/\" \/>\n<meta property=\"og:site_name\" content=\"Guerssen records\" \/>\n<meta property=\"article:modified_time\" content=\"2025-01-07T18:11:13+00:00\" \/>\n<meta property=\"og:image\" content=\"https:\/\/wpguerssen-test.odoo.rgbconsulting.com\/wp-content\/uploads\/2023\/11\/46115.jpg\" \/>\n\t<meta property=\"og:image:width\" content=\"500\" \/>\n\t<meta property=\"og:image:height\" content=\"500\" \/>\n\t<meta property=\"og:image:type\" content=\"image\/jpeg\" \/>\n<meta name=\"twitter:card\" content=\"summary_large_image\" \/>\n<meta name=\"twitter:title\" content=\"COLTRANE, Alice - Eternity -  (LP) | Guerssen\" \/>\n<meta name=\"twitter:label1\" content=\"Tiempo de lectura\" \/>\n\t<meta name=\"twitter:data1\" content=\"1 minuto\" \/>\n<script type=\"application\/ld+json\" class=\"yoast-schema-graph\">{\"@context\":\"https:\/\/schema.org\",\"@graph\":[{\"@type\":\"WebPage\",\"@id\":\"https:\/\/wpguerssen-test.odoo.rgbconsulting.com\/es\/producto\/eternity\/\",\"url\":\"https:\/\/wpguerssen-test.odoo.rgbconsulting.com\/es\/producto\/eternity\/\",\"name\":\"COLTRANE, Alice - Eternity - (LP) | Guerssen\",\"isPartOf\":{\"@id\":\"https:\/\/wpguerssen-test.odoo.rgbconsulting.com\/es\/#website\"},\"primaryImageOfPage\":{\"@id\":\"https:\/\/wpguerssen-test.odoo.rgbconsulting.com\/es\/producto\/eternity\/#primaryimage\"},\"image\":{\"@id\":\"https:\/\/wpguerssen-test.odoo.rgbconsulting.com\/es\/producto\/eternity\/#primaryimage\"},\"thumbnailUrl\":\"https:\/\/wpguerssen-test.odoo.rgbconsulting.com\/wp-content\/uploads\/2023\/11\/46115.jpg\",\"datePublished\":\"2023-12-06T23:00:00+00:00\",\"dateModified\":\"2025-01-07T18:11:13+00:00\",\"description\":\"Released in 1976, Eternity was Alice Coltrane's first album for Warner Bros. after eight wondrous records on Impulse! Combining the drones and textures of India, the gospel and R&B of her Detroit youth and the dissonance of modern classical composition, Coltrane's music in the '70s would become increasingly difficult to categorize.Having moved a few years earlier to California (where she founded the Vedantic Center, an Ashram for spiritual studies), Coltrane stretches out on Eternity--incorporating various musical styles, including a stirring adaptation of Igor Stravinsky's The Rite of Spring--and the results are dazzling, both in sonic scope and emotional range Opener \\\"Spiritual Eternal\\\" sways between Alice's exploratory organ and the dramatic swell of lush strings. A meditative solo piece for harp, \\\"Wisdom Eye,\\\" precedes the rollicking rhythms of \\\"Los Caballos,\\\" which showcases some of her finest soloing.\\\"Om Supreme\\\" is the album's first track to be built around bhajans (Hindu devotional songs). Featuring graceful keyboards backed by an angelic choir, this piece hints at the ecstatic devotional music that she would later make with members of her Ashram. While Coltrane would delve deeper into her spiritual journeys and continue to expand her musical interests on subsequent LPs, Eternity remains a vivid and compelling display of her unique vision, myriad talents and passions.\",\"breadcrumb\":{\"@id\":\"https:\/\/wpguerssen-test.odoo.rgbconsulting.com\/es\/producto\/eternity\/#breadcrumb\"},\"inLanguage\":\"es\",\"potentialAction\":[{\"@type\":\"ReadAction\",\"target\":[\"https:\/\/wpguerssen-test.odoo.rgbconsulting.com\/es\/producto\/eternity\/\"]}]},{\"@type\":\"ImageObject\",\"inLanguage\":\"es\",\"@id\":\"https:\/\/wpguerssen-test.odoo.rgbconsulting.com\/es\/producto\/eternity\/#primaryimage\",\"url\":\"https:\/\/wpguerssen-test.odoo.rgbconsulting.com\/wp-content\/uploads\/2023\/11\/46115.jpg\",\"contentUrl\":\"https:\/\/wpguerssen-test.odoo.rgbconsulting.com\/wp-content\/uploads\/2023\/11\/46115.jpg\",\"width\":500,\"height\":500,\"caption\":\"Alice - Eternity - ANTARCTICA STARTS HERE (LP) | Guerssen\"},{\"@type\":\"BreadcrumbList\",\"@id\":\"https:\/\/wpguerssen-test.odoo.rgbconsulting.com\/es\/producto\/eternity\/#breadcrumb\",\"itemListElement\":[{\"@type\":\"ListItem\",\"position\":1,\"name\":\"Inicio\",\"item\":\"https:\/\/wpguerssen-test.odoo.rgbconsulting.com\/es\/\"},{\"@type\":\"ListItem\",\"position\":2,\"name\":\"Shop\",\"item\":\"https:\/\/wpguerssen-test.odoo.rgbconsulting.com\/shop\/\"},{\"@type\":\"ListItem\",\"position\":3,\"name\":\"Eternity\"}]},{\"@type\":\"WebSite\",\"@id\":\"https:\/\/wpguerssen-test.odoo.rgbconsulting.com\/es\/#website\",\"url\":\"https:\/\/wpguerssen-test.odoo.rgbconsulting.com\/es\/\",\"name\":\"Guerssen records\",\"description\":\"psychedelia - progressive - folk - garage \",\"publisher\":{\"@id\":\"https:\/\/wpguerssen-test.odoo.rgbconsulting.com\/es\/#organization\"},\"potentialAction\":[{\"@type\":\"SearchAction\",\"target\":{\"@type\":\"EntryPoint\",\"urlTemplate\":\"https:\/\/wpguerssen-test.odoo.rgbconsulting.com\/es\/?s={search_term_string}\"},\"query-input\":{\"@type\":\"PropertyValueSpecification\",\"valueRequired\":true,\"valueName\":\"search_term_string\"}}],\"inLanguage\":\"es\"},{\"@type\":\"Organization\",\"@id\":\"https:\/\/wpguerssen-test.odoo.rgbconsulting.com\/es\/#organization\",\"name\":\"Guerssen records\",\"url\":\"https:\/\/wpguerssen-test.odoo.rgbconsulting.com\/es\/\",\"logo\":{\"@type\":\"ImageObject\",\"inLanguage\":\"es\",\"@id\":\"https:\/\/wpguerssen-test.odoo.rgbconsulting.com\/es\/#\/schema\/logo\/image\/\",\"url\":\"https:\/\/wpguerssen-test.odoo.rgbconsulting.com\/wp-content\/uploads\/2022\/04\/Logo_Guerssen_trans_100.png\",\"contentUrl\":\"https:\/\/wpguerssen-test.odoo.rgbconsulting.com\/wp-content\/uploads\/2022\/04\/Logo_Guerssen_trans_100.png\",\"width\":122,\"height\":100,\"caption\":\"Guerssen records\"},\"image\":{\"@id\":\"https:\/\/wpguerssen-test.odoo.rgbconsulting.com\/es\/#\/schema\/logo\/image\/\"}}]}<\/script>\n<!-- \/ Yoast SEO plugin. -->","yoast_head_json":{"title":"COLTRANE, Alice - Eternity -  (LP) | Guerssen","description":"Released in 1976, Eternity was Alice Coltrane's first album for Warner Bros. after eight wondrous records on Impulse! Combining the drones and textures of India, the gospel and R&B of her Detroit youth and the dissonance of modern classical composition, Coltrane's music in the '70s would become increasingly difficult to categorize.Having moved a few years earlier to California (where she founded the Vedantic Center, an Ashram for spiritual studies), Coltrane stretches out on Eternity--incorporating various musical styles, including a stirring adaptation of Igor Stravinsky's The Rite of Spring--and the results are dazzling, both in sonic scope and emotional range Opener \"Spiritual Eternal\" sways between Alice's exploratory organ and the dramatic swell of lush strings. A meditative solo piece for harp, \"Wisdom Eye,\" precedes the rollicking rhythms of \"Los Caballos,\" which showcases some of her finest soloing.\"Om Supreme\" is the album's first track to be built around bhajans (Hindu devotional songs). Featuring graceful keyboards backed by an angelic choir, this piece hints at the ecstatic devotional music that she would later make with members of her Ashram. While Coltrane would delve deeper into her spiritual journeys and continue to expand her musical interests on subsequent LPs, Eternity remains a vivid and compelling display of her unique vision, myriad talents and passions.","robots":{"index":"index","follow":"follow","max-snippet":"max-snippet:-1","max-image-preview":"max-image-preview:large","max-video-preview":"max-video-preview:-1"},"canonical":"https:\/\/wpguerssen-test.odoo.rgbconsulting.com\/es\/producto\/eternity\/","og_locale":"es_ES","og_type":"article","og_title":"COLTRANE, Alice - Eternity -  (LP) | Guerssen","og_description":"Released in 1976, Eternity was Alice Coltrane's first album for Warner Bros. after eight wondrous records on Impulse! Combining the drones and textures of India, the gospel and R&B of her Detroit youth and the dissonance of modern classical composition, Coltrane's music in the '70s would become increasingly difficult to categorize.Having moved a few years earlier to California (where she founded the Vedantic Center, an Ashram for spiritual studies), Coltrane stretches out on Eternity--incorporating various musical styles, including a stirring adaptation of Igor Stravinsky's The Rite of Spring--and the results are dazzling, both in sonic scope and emotional range Opener \"Spiritual Eternal\" sways between Alice's exploratory organ and the dramatic swell of lush strings. A meditative solo piece for harp, \"Wisdom Eye,\" precedes the rollicking rhythms of \"Los Caballos,\" which showcases some of her finest soloing.\"Om Supreme\" is the album's first track to be built around bhajans (Hindu devotional songs). Featuring graceful keyboards backed by an angelic choir, this piece hints at the ecstatic devotional music that she would later make with members of her Ashram. While Coltrane would delve deeper into her spiritual journeys and continue to expand her musical interests on subsequent LPs, Eternity remains a vivid and compelling display of her unique vision, myriad talents and passions.","og_url":"https:\/\/wpguerssen-test.odoo.rgbconsulting.com\/es\/producto\/eternity\/","og_site_name":"Guerssen records","article_modified_time":"2025-01-07T18:11:13+00:00","og_image":[{"width":500,"height":500,"url":"https:\/\/wpguerssen-test.odoo.rgbconsulting.com\/wp-content\/uploads\/2023\/11\/46115.jpg","type":"image\/jpeg"}],"twitter_card":"summary_large_image","twitter_title":"COLTRANE, Alice - Eternity -  (LP) | Guerssen","twitter_misc":{"Tiempo de lectura":"1 minuto"},"schema":{"@context":"https:\/\/schema.org","@graph":[{"@type":"WebPage","@id":"https:\/\/wpguerssen-test.odoo.rgbconsulting.com\/es\/producto\/eternity\/","url":"https:\/\/wpguerssen-test.odoo.rgbconsulting.com\/es\/producto\/eternity\/","name":"COLTRANE, Alice - Eternity - (LP) | Guerssen","isPartOf":{"@id":"https:\/\/wpguerssen-test.odoo.rgbconsulting.com\/es\/#website"},"primaryImageOfPage":{"@id":"https:\/\/wpguerssen-test.odoo.rgbconsulting.com\/es\/producto\/eternity\/#primaryimage"},"image":{"@id":"https:\/\/wpguerssen-test.odoo.rgbconsulting.com\/es\/producto\/eternity\/#primaryimage"},"thumbnailUrl":"https:\/\/wpguerssen-test.odoo.rgbconsulting.com\/wp-content\/uploads\/2023\/11\/46115.jpg","datePublished":"2023-12-06T23:00:00+00:00","dateModified":"2025-01-07T18:11:13+00:00","description":"Released in 1976, Eternity was Alice Coltrane's first album for Warner Bros. after eight wondrous records on Impulse! Combining the drones and textures of India, the gospel and R&B of her Detroit youth and the dissonance of modern classical composition, Coltrane's music in the '70s would become increasingly difficult to categorize.Having moved a few years earlier to California (where she founded the Vedantic Center, an Ashram for spiritual studies), Coltrane stretches out on Eternity--incorporating various musical styles, including a stirring adaptation of Igor Stravinsky's The Rite of Spring--and the results are dazzling, both in sonic scope and emotional range Opener \"Spiritual Eternal\" sways between Alice's exploratory organ and the dramatic swell of lush strings. A meditative solo piece for harp, \"Wisdom Eye,\" precedes the rollicking rhythms of \"Los Caballos,\" which showcases some of her finest soloing.\"Om Supreme\" is the album's first track to be built around bhajans (Hindu devotional songs). Featuring graceful keyboards backed by an angelic choir, this piece hints at the ecstatic devotional music that she would later make with members of her Ashram. While Coltrane would delve deeper into her spiritual journeys and continue to expand her musical interests on subsequent LPs, Eternity remains a vivid and compelling display of her unique vision, myriad talents and passions.","breadcrumb":{"@id":"https:\/\/wpguerssen-test.odoo.rgbconsulting.com\/es\/producto\/eternity\/#breadcrumb"},"inLanguage":"es","potentialAction":[{"@type":"ReadAction","target":["https:\/\/wpguerssen-test.odoo.rgbconsulting.com\/es\/producto\/eternity\/"]}]},{"@type":"ImageObject","inLanguage":"es","@id":"https:\/\/wpguerssen-test.odoo.rgbconsulting.com\/es\/producto\/eternity\/#primaryimage","url":"https:\/\/wpguerssen-test.odoo.rgbconsulting.com\/wp-content\/uploads\/2023\/11\/46115.jpg","contentUrl":"https:\/\/wpguerssen-test.odoo.rgbconsulting.com\/wp-content\/uploads\/2023\/11\/46115.jpg","width":500,"height":500,"caption":"Alice - Eternity - ANTARCTICA STARTS HERE (LP) | Guerssen"},{"@type":"BreadcrumbList","@id":"https:\/\/wpguerssen-test.odoo.rgbconsulting.com\/es\/producto\/eternity\/#breadcrumb","itemListElement":[{"@type":"ListItem","position":1,"name":"Inicio","item":"https:\/\/wpguerssen-test.odoo.rgbconsulting.com\/es\/"},{"@type":"ListItem","position":2,"name":"Shop","item":"https:\/\/wpguerssen-test.odoo.rgbconsulting.com\/shop\/"},{"@type":"ListItem","position":3,"name":"Eternity"}]},{"@type":"WebSite","@id":"https:\/\/wpguerssen-test.odoo.rgbconsulting.com\/es\/#website","url":"https:\/\/wpguerssen-test.odoo.rgbconsulting.com\/es\/","name":"Guerssen records","description":"psychedelia - progressive - folk - garage ","publisher":{"@id":"https:\/\/wpguerssen-test.odoo.rgbconsulting.com\/es\/#organization"},"potentialAction":[{"@type":"SearchAction","target":{"@type":"EntryPoint","urlTemplate":"https:\/\/wpguerssen-test.odoo.rgbconsulting.com\/es\/?s={search_term_string}"},"query-input":{"@type":"PropertyValueSpecification","valueRequired":true,"valueName":"search_term_string"}}],"inLanguage":"es"},{"@type":"Organization","@id":"https:\/\/wpguerssen-test.odoo.rgbconsulting.com\/es\/#organization","name":"Guerssen records","url":"https:\/\/wpguerssen-test.odoo.rgbconsulting.com\/es\/","logo":{"@type":"ImageObject","inLanguage":"es","@id":"https:\/\/wpguerssen-test.odoo.rgbconsulting.com\/es\/#\/schema\/logo\/image\/","url":"https:\/\/wpguerssen-test.odoo.rgbconsulting.com\/wp-content\/uploads\/2022\/04\/Logo_Guerssen_trans_100.png","contentUrl":"https:\/\/wpguerssen-test.odoo.rgbconsulting.com\/wp-content\/uploads\/2022\/04\/Logo_Guerssen_trans_100.png","width":122,"height":100,"caption":"Guerssen records"},"image":{"@id":"https:\/\/wpguerssen-test.odoo.rgbconsulting.com\/es\/#\/schema\/logo\/image\/"}}]}},"_links":{"self":[{"href":"https:\/\/wpguerssen-test.odoo.rgbconsulting.com\/es\/wp-json\/wp\/v2\/product\/245541","targetHints":{"allow":["GET"]}}],"collection":[{"href":"https:\/\/wpguerssen-test.odoo.rgbconsulting.com\/es\/wp-json\/wp\/v2\/product"}],"about":[{"href":"https:\/\/wpguerssen-test.odoo.rgbconsulting.com\/es\/wp-json\/wp\/v2\/types\/product"}],"wp:featuredmedia":[{"embeddable":true,"href":"https:\/\/wpguerssen-test.odoo.rgbconsulting.com\/es\/wp-json\/wp\/v2\/media\/245497"}],"wp:attachment":[{"href":"https:\/\/wpguerssen-test.odoo.rgbconsulting.com\/es\/wp-json\/wp\/v2\/media?parent=245541"}],"wp:term":[{"taxonomy":"product_brand","embeddable":true,"href":"https:\/\/wpguerssen-test.odoo.rgbconsulting.com\/es\/wp-json\/wp\/v2\/product_brand?post=245541"},{"taxonomy":"product_cat","embeddable":true,"href":"https:\/\/wpguerssen-test.odoo.rgbconsulting.com\/es\/wp-json\/wp\/v2\/product_cat?post=245541"},{"taxonomy":"product_tag","embeddable":true,"href":"https:\/\/wpguerssen-test.odoo.rgbconsulting.com\/es\/wp-json\/wp\/v2\/product_tag?post=245541"}],"curies":[{"name":"wp","href":"https:\/\/api.w.org\/{rel}","templated":true}]}}