{"id":245687,"date":"2002-11-10T00:00:00","date_gmt":"2002-11-09T23:00:00","guid":{"rendered":"https:\/\/wpguerssen-test.odoo.rgbconsulting.com\/product\/dap-dippin-with-remastered\/"},"modified":"2025-02-24T16:53:01","modified_gmt":"2025-02-24T15:53:01","slug":"dap-dippin-with-remastered","status":"publish","type":"product","link":"https:\/\/wpguerssen-test.odoo.rgbconsulting.com\/es\/producto\/dap-dippin-with-remastered\/","title":{"rendered":"Dap-dippin&#8217; with&#8230; (Remastered)"},"content":{"rendered":"<p>\u00a1Este es el que empez\u00f3 todo, amigos! El debut de Long Player para SJDK y Daptone Records. PROFUNDIZA en cl\u00e1sicos del Funky como &#8216;Got a Thing on My Mind&#8217;, &#8216;Got to be the Way iIt Is&#8217; y &#8216;Pick it up Lay it in the Cut&#8217;. Ah, y si eres fan\u00e1tico de las versiones de Funky, este \u00e1lbum tambi\u00e9n cuenta con el sencillo muuuuuuuy agotado: &#8216;What Have You Done for me Lately&#8217; de Janet Jackson. \u00a1Un cl\u00e1sico del Funk en el sentido m\u00e1s aut\u00e9ntico!<\/p>\n","protected":false},"excerpt":{"rendered":"<p>\u00a1Este es el que empez\u00f3 todo, amigos! El debut de Long Player para SJDK y Daptone Records. PROFUNDIZA en cl\u00e1sicos del Funky como &#8216;Got a Thing on My Mind&#8217;,<a class=\"read\" href=\"https:\/\/wpguerssen-test.odoo.rgbconsulting.com\/es\/producto\/dap-dippin-with-remastered\/\"> (...)<\/a>","protected":false},"featured_media":245572,"template":"","meta":{"_acf_changed":false},"product_brand":[],"product_cat":[23219],"product_tag":[],"class_list":{"0":"post-245687","1":"product","2":"type-product","3":"status-publish","4":"has-post-thumbnail","6":"product_cat-funk-es","7":"pa_artist-jones-sharon-the-dap-kings","8":"pa_format-lp-es","9":"pa_gender-funk","10":"pa_label-daptone-es-2","11":"pa_location-north-america-es","12":"pa_other-filters-vinyl-only-es","14":"first","15":"instock","16":"taxable","17":"shipping-taxable","18":"purchasable","19":"product-type-simple"},"acf":[],"yoast_head":"<!-- This site is optimized with the Yoast SEO plugin v24.9 - https:\/\/yoast.com\/wordpress\/plugins\/seo\/ -->\n<title>JONES, Sharon &amp; the Dap-Kings - Dap-dippin&#039; with... (Remastered) -  (LP) | Guerssen<\/title>\n<meta name=\"description\" content=\"This is the one that started it all, Folks! The debut Long Player for SJDK and Daptone Records. DIG on Funky classics like &#039;Got a Thing on My Mind&#039;, &#039;Got to be the Way iIt Is&#039;, and &#039;Pick it up Lay it in the Cut&#039;. Oh, and if you&#039;re a fan of Funky covers - this album also boasts the Looooooooooooong out of print single - Janet Jackson&#039;s &#039;What Have You Done for me Lately&#039;. All KILLER no FILLER! A Funk classic in the truest sense!\" \/>\n<meta name=\"robots\" content=\"index, follow, max-snippet:-1, max-image-preview:large, max-video-preview:-1\" \/>\n<link rel=\"canonical\" href=\"https:\/\/wpguerssen-test.odoo.rgbconsulting.com\/es\/producto\/dap-dippin-with-remastered\/\" \/>\n<meta property=\"og:locale\" content=\"es_ES\" \/>\n<meta property=\"og:type\" content=\"article\" \/>\n<meta property=\"og:title\" content=\"JONES, Sharon &amp; the Dap-Kings - Dap-dippin&#039; with... (Remastered) -  (LP) | Guerssen\" \/>\n<meta property=\"og:description\" content=\"This is the one that started it all, Folks! The debut Long Player for SJDK and Daptone Records. DIG on Funky classics like &#039;Got a Thing on My Mind&#039;, &#039;Got to be the Way iIt Is&#039;, and &#039;Pick it up Lay it in the Cut&#039;. Oh, and if you&#039;re a fan of Funky covers - this album also boasts the Looooooooooooong out of print single - Janet Jackson&#039;s &#039;What Have You Done for me Lately&#039;. All KILLER no FILLER! A Funk classic in the truest sense!\" \/>\n<meta property=\"og:url\" content=\"https:\/\/wpguerssen-test.odoo.rgbconsulting.com\/es\/producto\/dap-dippin-with-remastered\/\" \/>\n<meta property=\"og:site_name\" content=\"Guerssen records\" \/>\n<meta property=\"article:modified_time\" content=\"2025-02-24T15:53:01+00:00\" \/>\n<meta property=\"og:image\" content=\"https:\/\/wpguerssen-test.odoo.rgbconsulting.com\/wp-content\/uploads\/2023\/11\/4714.jpg\" \/>\n\t<meta property=\"og:image:width\" content=\"561\" \/>\n\t<meta property=\"og:image:height\" content=\"561\" \/>\n\t<meta property=\"og:image:type\" content=\"image\/jpeg\" \/>\n<meta name=\"twitter:card\" content=\"summary_large_image\" \/>\n<meta name=\"twitter:title\" content=\"JONES, Sharon &amp; the Dap-Kings - Dap-dippin&#039; with... (Remastered) -  (LP) | Guerssen\" \/>\n<script type=\"application\/ld+json\" class=\"yoast-schema-graph\">{\"@context\":\"https:\/\/schema.org\",\"@graph\":[{\"@type\":\"WebPage\",\"@id\":\"https:\/\/wpguerssen-test.odoo.rgbconsulting.com\/es\/producto\/dap-dippin-with-remastered\/\",\"url\":\"https:\/\/wpguerssen-test.odoo.rgbconsulting.com\/es\/producto\/dap-dippin-with-remastered\/\",\"name\":\"JONES, Sharon & the Dap-Kings - Dap-dippin' with... (Remastered) - (LP) | Guerssen\",\"isPartOf\":{\"@id\":\"https:\/\/wpguerssen-test.odoo.rgbconsulting.com\/es\/#website\"},\"primaryImageOfPage\":{\"@id\":\"https:\/\/wpguerssen-test.odoo.rgbconsulting.com\/es\/producto\/dap-dippin-with-remastered\/#primaryimage\"},\"image\":{\"@id\":\"https:\/\/wpguerssen-test.odoo.rgbconsulting.com\/es\/producto\/dap-dippin-with-remastered\/#primaryimage\"},\"thumbnailUrl\":\"https:\/\/wpguerssen-test.odoo.rgbconsulting.com\/wp-content\/uploads\/2023\/11\/4714.jpg\",\"datePublished\":\"2002-11-09T23:00:00+00:00\",\"dateModified\":\"2025-02-24T15:53:01+00:00\",\"description\":\"This is the one that started it all, Folks! The debut Long Player for SJDK and Daptone Records. DIG on Funky classics like 'Got a Thing on My Mind', 'Got to be the Way iIt Is', and 'Pick it up Lay it in the Cut'. Oh, and if you're a fan of Funky covers - this album also boasts the Looooooooooooong out of print single - Janet Jackson's 'What Have You Done for me Lately'. All KILLER no FILLER! A Funk classic in the truest sense!\",\"breadcrumb\":{\"@id\":\"https:\/\/wpguerssen-test.odoo.rgbconsulting.com\/es\/producto\/dap-dippin-with-remastered\/#breadcrumb\"},\"inLanguage\":\"es\",\"potentialAction\":[{\"@type\":\"ReadAction\",\"target\":[\"https:\/\/wpguerssen-test.odoo.rgbconsulting.com\/es\/producto\/dap-dippin-with-remastered\/\"]}]},{\"@type\":\"ImageObject\",\"inLanguage\":\"es\",\"@id\":\"https:\/\/wpguerssen-test.odoo.rgbconsulting.com\/es\/producto\/dap-dippin-with-remastered\/#primaryimage\",\"url\":\"https:\/\/wpguerssen-test.odoo.rgbconsulting.com\/wp-content\/uploads\/2023\/11\/4714.jpg\",\"contentUrl\":\"https:\/\/wpguerssen-test.odoo.rgbconsulting.com\/wp-content\/uploads\/2023\/11\/4714.jpg\",\"width\":561,\"height\":561,\"caption\":\"Sharon & the Dap-Kings - Dap-dippin' with... (Remastered) - DAPTONE (LP) | Guerssen\"},{\"@type\":\"BreadcrumbList\",\"@id\":\"https:\/\/wpguerssen-test.odoo.rgbconsulting.com\/es\/producto\/dap-dippin-with-remastered\/#breadcrumb\",\"itemListElement\":[{\"@type\":\"ListItem\",\"position\":1,\"name\":\"Inicio\",\"item\":\"https:\/\/wpguerssen-test.odoo.rgbconsulting.com\/es\/\"},{\"@type\":\"ListItem\",\"position\":2,\"name\":\"Shop\",\"item\":\"https:\/\/wpguerssen-test.odoo.rgbconsulting.com\/shop\/\"},{\"@type\":\"ListItem\",\"position\":3,\"name\":\"Dap-dippin&#8217; with&#8230; (Remastered)\"}]},{\"@type\":\"WebSite\",\"@id\":\"https:\/\/wpguerssen-test.odoo.rgbconsulting.com\/es\/#website\",\"url\":\"https:\/\/wpguerssen-test.odoo.rgbconsulting.com\/es\/\",\"name\":\"Guerssen records\",\"description\":\"psychedelia - progressive - folk - garage \",\"publisher\":{\"@id\":\"https:\/\/wpguerssen-test.odoo.rgbconsulting.com\/es\/#organization\"},\"potentialAction\":[{\"@type\":\"SearchAction\",\"target\":{\"@type\":\"EntryPoint\",\"urlTemplate\":\"https:\/\/wpguerssen-test.odoo.rgbconsulting.com\/es\/?s={search_term_string}\"},\"query-input\":{\"@type\":\"PropertyValueSpecification\",\"valueRequired\":true,\"valueName\":\"search_term_string\"}}],\"inLanguage\":\"es\"},{\"@type\":\"Organization\",\"@id\":\"https:\/\/wpguerssen-test.odoo.rgbconsulting.com\/es\/#organization\",\"name\":\"Guerssen records\",\"url\":\"https:\/\/wpguerssen-test.odoo.rgbconsulting.com\/es\/\",\"logo\":{\"@type\":\"ImageObject\",\"inLanguage\":\"es\",\"@id\":\"https:\/\/wpguerssen-test.odoo.rgbconsulting.com\/es\/#\/schema\/logo\/image\/\",\"url\":\"https:\/\/wpguerssen-test.odoo.rgbconsulting.com\/wp-content\/uploads\/2022\/04\/Logo_Guerssen_trans_100.png\",\"contentUrl\":\"https:\/\/wpguerssen-test.odoo.rgbconsulting.com\/wp-content\/uploads\/2022\/04\/Logo_Guerssen_trans_100.png\",\"width\":122,\"height\":100,\"caption\":\"Guerssen records\"},\"image\":{\"@id\":\"https:\/\/wpguerssen-test.odoo.rgbconsulting.com\/es\/#\/schema\/logo\/image\/\"}}]}<\/script>\n<!-- \/ Yoast SEO plugin. -->","yoast_head_json":{"title":"JONES, Sharon & the Dap-Kings - Dap-dippin' with... (Remastered) -  (LP) | Guerssen","description":"This is the one that started it all, Folks! The debut Long Player for SJDK and Daptone Records. DIG on Funky classics like 'Got a Thing on My Mind', 'Got to be the Way iIt Is', and 'Pick it up Lay it in the Cut'. Oh, and if you're a fan of Funky covers - this album also boasts the Looooooooooooong out of print single - Janet Jackson's 'What Have You Done for me Lately'. All KILLER no FILLER! A Funk classic in the truest sense!","robots":{"index":"index","follow":"follow","max-snippet":"max-snippet:-1","max-image-preview":"max-image-preview:large","max-video-preview":"max-video-preview:-1"},"canonical":"https:\/\/wpguerssen-test.odoo.rgbconsulting.com\/es\/producto\/dap-dippin-with-remastered\/","og_locale":"es_ES","og_type":"article","og_title":"JONES, Sharon & the Dap-Kings - Dap-dippin' with... (Remastered) -  (LP) | Guerssen","og_description":"This is the one that started it all, Folks! The debut Long Player for SJDK and Daptone Records. DIG on Funky classics like 'Got a Thing on My Mind', 'Got to be the Way iIt Is', and 'Pick it up Lay it in the Cut'. Oh, and if you're a fan of Funky covers - this album also boasts the Looooooooooooong out of print single - Janet Jackson's 'What Have You Done for me Lately'. All KILLER no FILLER! A Funk classic in the truest sense!","og_url":"https:\/\/wpguerssen-test.odoo.rgbconsulting.com\/es\/producto\/dap-dippin-with-remastered\/","og_site_name":"Guerssen records","article_modified_time":"2025-02-24T15:53:01+00:00","og_image":[{"width":561,"height":561,"url":"https:\/\/wpguerssen-test.odoo.rgbconsulting.com\/wp-content\/uploads\/2023\/11\/4714.jpg","type":"image\/jpeg"}],"twitter_card":"summary_large_image","twitter_title":"JONES, Sharon & the Dap-Kings - Dap-dippin' with... (Remastered) -  (LP) | Guerssen","schema":{"@context":"https:\/\/schema.org","@graph":[{"@type":"WebPage","@id":"https:\/\/wpguerssen-test.odoo.rgbconsulting.com\/es\/producto\/dap-dippin-with-remastered\/","url":"https:\/\/wpguerssen-test.odoo.rgbconsulting.com\/es\/producto\/dap-dippin-with-remastered\/","name":"JONES, Sharon & the Dap-Kings - Dap-dippin' with... (Remastered) - (LP) | Guerssen","isPartOf":{"@id":"https:\/\/wpguerssen-test.odoo.rgbconsulting.com\/es\/#website"},"primaryImageOfPage":{"@id":"https:\/\/wpguerssen-test.odoo.rgbconsulting.com\/es\/producto\/dap-dippin-with-remastered\/#primaryimage"},"image":{"@id":"https:\/\/wpguerssen-test.odoo.rgbconsulting.com\/es\/producto\/dap-dippin-with-remastered\/#primaryimage"},"thumbnailUrl":"https:\/\/wpguerssen-test.odoo.rgbconsulting.com\/wp-content\/uploads\/2023\/11\/4714.jpg","datePublished":"2002-11-09T23:00:00+00:00","dateModified":"2025-02-24T15:53:01+00:00","description":"This is the one that started it all, Folks! The debut Long Player for SJDK and Daptone Records. DIG on Funky classics like 'Got a Thing on My Mind', 'Got to be the Way iIt Is', and 'Pick it up Lay it in the Cut'. Oh, and if you're a fan of Funky covers - this album also boasts the Looooooooooooong out of print single - Janet Jackson's 'What Have You Done for me Lately'. All KILLER no FILLER! A Funk classic in the truest sense!","breadcrumb":{"@id":"https:\/\/wpguerssen-test.odoo.rgbconsulting.com\/es\/producto\/dap-dippin-with-remastered\/#breadcrumb"},"inLanguage":"es","potentialAction":[{"@type":"ReadAction","target":["https:\/\/wpguerssen-test.odoo.rgbconsulting.com\/es\/producto\/dap-dippin-with-remastered\/"]}]},{"@type":"ImageObject","inLanguage":"es","@id":"https:\/\/wpguerssen-test.odoo.rgbconsulting.com\/es\/producto\/dap-dippin-with-remastered\/#primaryimage","url":"https:\/\/wpguerssen-test.odoo.rgbconsulting.com\/wp-content\/uploads\/2023\/11\/4714.jpg","contentUrl":"https:\/\/wpguerssen-test.odoo.rgbconsulting.com\/wp-content\/uploads\/2023\/11\/4714.jpg","width":561,"height":561,"caption":"Sharon & the Dap-Kings - Dap-dippin' with... (Remastered) - DAPTONE (LP) | Guerssen"},{"@type":"BreadcrumbList","@id":"https:\/\/wpguerssen-test.odoo.rgbconsulting.com\/es\/producto\/dap-dippin-with-remastered\/#breadcrumb","itemListElement":[{"@type":"ListItem","position":1,"name":"Inicio","item":"https:\/\/wpguerssen-test.odoo.rgbconsulting.com\/es\/"},{"@type":"ListItem","position":2,"name":"Shop","item":"https:\/\/wpguerssen-test.odoo.rgbconsulting.com\/shop\/"},{"@type":"ListItem","position":3,"name":"Dap-dippin&#8217; with&#8230; (Remastered)"}]},{"@type":"WebSite","@id":"https:\/\/wpguerssen-test.odoo.rgbconsulting.com\/es\/#website","url":"https:\/\/wpguerssen-test.odoo.rgbconsulting.com\/es\/","name":"Guerssen records","description":"psychedelia - progressive - folk - garage ","publisher":{"@id":"https:\/\/wpguerssen-test.odoo.rgbconsulting.com\/es\/#organization"},"potentialAction":[{"@type":"SearchAction","target":{"@type":"EntryPoint","urlTemplate":"https:\/\/wpguerssen-test.odoo.rgbconsulting.com\/es\/?s={search_term_string}"},"query-input":{"@type":"PropertyValueSpecification","valueRequired":true,"valueName":"search_term_string"}}],"inLanguage":"es"},{"@type":"Organization","@id":"https:\/\/wpguerssen-test.odoo.rgbconsulting.com\/es\/#organization","name":"Guerssen records","url":"https:\/\/wpguerssen-test.odoo.rgbconsulting.com\/es\/","logo":{"@type":"ImageObject","inLanguage":"es","@id":"https:\/\/wpguerssen-test.odoo.rgbconsulting.com\/es\/#\/schema\/logo\/image\/","url":"https:\/\/wpguerssen-test.odoo.rgbconsulting.com\/wp-content\/uploads\/2022\/04\/Logo_Guerssen_trans_100.png","contentUrl":"https:\/\/wpguerssen-test.odoo.rgbconsulting.com\/wp-content\/uploads\/2022\/04\/Logo_Guerssen_trans_100.png","width":122,"height":100,"caption":"Guerssen records"},"image":{"@id":"https:\/\/wpguerssen-test.odoo.rgbconsulting.com\/es\/#\/schema\/logo\/image\/"}}]}},"_links":{"self":[{"href":"https:\/\/wpguerssen-test.odoo.rgbconsulting.com\/es\/wp-json\/wp\/v2\/product\/245687","targetHints":{"allow":["GET"]}}],"collection":[{"href":"https:\/\/wpguerssen-test.odoo.rgbconsulting.com\/es\/wp-json\/wp\/v2\/product"}],"about":[{"href":"https:\/\/wpguerssen-test.odoo.rgbconsulting.com\/es\/wp-json\/wp\/v2\/types\/product"}],"wp:featuredmedia":[{"embeddable":true,"href":"https:\/\/wpguerssen-test.odoo.rgbconsulting.com\/es\/wp-json\/wp\/v2\/media\/245572"}],"wp:attachment":[{"href":"https:\/\/wpguerssen-test.odoo.rgbconsulting.com\/es\/wp-json\/wp\/v2\/media?parent=245687"}],"wp:term":[{"taxonomy":"product_brand","embeddable":true,"href":"https:\/\/wpguerssen-test.odoo.rgbconsulting.com\/es\/wp-json\/wp\/v2\/product_brand?post=245687"},{"taxonomy":"product_cat","embeddable":true,"href":"https:\/\/wpguerssen-test.odoo.rgbconsulting.com\/es\/wp-json\/wp\/v2\/product_cat?post=245687"},{"taxonomy":"product_tag","embeddable":true,"href":"https:\/\/wpguerssen-test.odoo.rgbconsulting.com\/es\/wp-json\/wp\/v2\/product_tag?post=245687"}],"curies":[{"name":"wp","href":"https:\/\/api.w.org\/{rel}","templated":true}]}}