{"id":245692,"date":"2024-01-08T00:00:00","date_gmt":"2024-01-07T23:00:00","guid":{"rendered":"https:\/\/wpguerssen-test.odoo.rgbconsulting.com\/product\/if-you-ask-me-to\/"},"modified":"2025-02-24T16:53:50","modified_gmt":"2025-02-24T15:53:50","slug":"if-you-ask-me-to","status":"publish","type":"product","link":"https:\/\/wpguerssen-test.odoo.rgbconsulting.com\/es\/producto\/if-you-ask-me-to\/","title":{"rendered":"If You Ask Me To&#8230;"},"content":{"rendered":"<p>Si eres fan\u00e1tico de Daptone Records, es probable que hayas le\u00eddo o escuchado el nombre de Victor Axelrod, e incluso si no lo has hecho, has escuchado m\u00fasica de su mano. Como productor, arreglista, ingeniero de grabaci\u00f3n y mezcla, y teclista, su creatividad se ha extendido a lo largo de m\u00e1s de dos d\u00e9cadas de lanzamientos del sello, incluso remont\u00e1ndose a su prehistoria con Desco Records. If You Ask Me To&#8230;, el primer LP bajo su nombre para el sello, es una colecci\u00f3n de sencillos lanzados entre 2007-2023, as\u00ed como temas in\u00e9ditos de Sugar Minott y Binky Griptite.<br \/>Mientras que proyectos anteriores como Ticklah Vs Axelrod y Roots Combined (producida bajo el alias Ticklah) se inspiraron en la Jamaica de los a\u00f1os 1970 y 1980; este conjunto canaliza espec\u00edficamente un per\u00edodo anterior en la d\u00e9cada de 1960, cuando Jamaica era sorprendentemente original en su continuidad de g\u00e9neros pero tambi\u00e9n estaba estrecha y emp\u00e1ticamente en sinton\u00eda con M\u00fasica negra americana. A trav\u00e9s del gusto excepcional de Axelrod y las notables contribuciones del guitarrista Tom Brenneck, cintas originales de la discograf\u00eda MoDo de Bob &#038; Gene, miembros de The Frightnrs y otros de la comunidad reggae de Nueva York, el legado de artistas jamaiquinos pioneros como Alton Ellis, Tony Gregory y Ken Parker contin\u00faa resonando e inspirando a toda una nueva generaci\u00f3n de fan\u00e1ticos del reggae y soul.<\/p>\n","protected":false},"excerpt":{"rendered":"<p>Si eres fan\u00e1tico de Daptone Records, es probable que hayas le\u00eddo o escuchado el nombre de Victor Axelrod, e incluso si no lo has hecho, has escuchado m\u00fasica de<a class=\"read\" href=\"https:\/\/wpguerssen-test.odoo.rgbconsulting.com\/es\/producto\/if-you-ask-me-to\/\"> (...)<\/a>","protected":false},"featured_media":245585,"template":"","meta":{"_acf_changed":false},"product_brand":[],"product_cat":[21666],"product_tag":[],"class_list":{"0":"post-245692","1":"product","2":"type-product","3":"status-publish","4":"has-post-thumbnail","6":"product_cat-reggae-ska-dub-es","7":"pa_artist-axelrod-victor","8":"pa_format-lp-es","9":"pa_gender-reggae-ska-dub","10":"pa_label-daptone-es-2","11":"pa_location-north-america-es","12":"pa_other-filters-vinyl-only-es","14":"first","15":"instock","16":"taxable","17":"shipping-taxable","18":"purchasable","19":"product-type-simple"},"acf":[],"yoast_head":"<!-- This site is optimized with the Yoast SEO plugin v24.9 - https:\/\/yoast.com\/wordpress\/plugins\/seo\/ -->\n<title>AXELROD, Victor - If You Ask Me To... -  (LP) | Guerssen<\/title>\n<meta name=\"description\" content=\"If you&#039;re a fan of Daptone Records, chances are you&#039;ve read or heard the name Victor Axelrod, and even if you haven&#039;t, you&#039;ve heard music from his hand. As a producer, arranger, recording and mixing engineer, and keyboardist, his creativity has extended across more than two decades of the label&#039;s releases, even dating to its prehistory with Desco Records. If You Ask Me To..., the first LP under his name for the label, is a collection of singles released between 2007-2023 as well as unreleased tracks from Sugar Minott and Binky Griptite.While previous projects like Ticklah Vs. Axelrod and Roots Combination (produced under the alias Ticklah) were inspired by the Jamaica of the 1970s and 80s, this set specifically channels an earlier period in the 1960s when Jamaica was both strikingly original in its continuum of genres but also closely and empathetically attuned to Black American music. Through Axelrod&#039;s exceptional taste and the notable contributions of guitarist Tom Brenneck, original tapes from Bob &amp; Gene&#039;s MoDo discography, members of The Frightnrs, and others from the NYC reggae community, the legacy of trailblazing Jamaican artists like Alton Ellis, Tony Gregory, and Ken Parker continue to resonate and inspire a whole new generation of reggae and soul enthusiasts.\" \/>\n<meta name=\"robots\" content=\"index, follow, max-snippet:-1, max-image-preview:large, max-video-preview:-1\" \/>\n<link rel=\"canonical\" href=\"https:\/\/wpguerssen-test.odoo.rgbconsulting.com\/es\/producto\/if-you-ask-me-to\/\" \/>\n<meta property=\"og:locale\" content=\"es_ES\" \/>\n<meta property=\"og:type\" content=\"article\" \/>\n<meta property=\"og:title\" content=\"AXELROD, Victor - If You Ask Me To... -  (LP) | Guerssen\" \/>\n<meta property=\"og:description\" content=\"If you&#039;re a fan of Daptone Records, chances are you&#039;ve read or heard the name Victor Axelrod, and even if you haven&#039;t, you&#039;ve heard music from his hand. As a producer, arranger, recording and mixing engineer, and keyboardist, his creativity has extended across more than two decades of the label&#039;s releases, even dating to its prehistory with Desco Records. If You Ask Me To..., the first LP under his name for the label, is a collection of singles released between 2007-2023 as well as unreleased tracks from Sugar Minott and Binky Griptite.While previous projects like Ticklah Vs. Axelrod and Roots Combination (produced under the alias Ticklah) were inspired by the Jamaica of the 1970s and 80s, this set specifically channels an earlier period in the 1960s when Jamaica was both strikingly original in its continuum of genres but also closely and empathetically attuned to Black American music. Through Axelrod&#039;s exceptional taste and the notable contributions of guitarist Tom Brenneck, original tapes from Bob &amp; Gene&#039;s MoDo discography, members of The Frightnrs, and others from the NYC reggae community, the legacy of trailblazing Jamaican artists like Alton Ellis, Tony Gregory, and Ken Parker continue to resonate and inspire a whole new generation of reggae and soul enthusiasts.\" \/>\n<meta property=\"og:url\" content=\"https:\/\/wpguerssen-test.odoo.rgbconsulting.com\/es\/producto\/if-you-ask-me-to\/\" \/>\n<meta property=\"og:site_name\" content=\"Guerssen records\" \/>\n<meta property=\"article:modified_time\" content=\"2025-02-24T15:53:50+00:00\" \/>\n<meta property=\"og:image\" content=\"https:\/\/wpguerssen-test.odoo.rgbconsulting.com\/wp-content\/uploads\/2023\/11\/46131.jpg\" \/>\n\t<meta property=\"og:image:width\" content=\"750\" \/>\n\t<meta property=\"og:image:height\" content=\"750\" \/>\n\t<meta property=\"og:image:type\" content=\"image\/jpeg\" \/>\n<meta name=\"twitter:card\" content=\"summary_large_image\" \/>\n<meta name=\"twitter:title\" content=\"AXELROD, Victor - If You Ask Me To... -  (LP) | Guerssen\" \/>\n<meta name=\"twitter:label1\" content=\"Tiempo de lectura\" \/>\n\t<meta name=\"twitter:data1\" content=\"1 minuto\" \/>\n<script type=\"application\/ld+json\" class=\"yoast-schema-graph\">{\"@context\":\"https:\/\/schema.org\",\"@graph\":[{\"@type\":\"WebPage\",\"@id\":\"https:\/\/wpguerssen-test.odoo.rgbconsulting.com\/es\/producto\/if-you-ask-me-to\/\",\"url\":\"https:\/\/wpguerssen-test.odoo.rgbconsulting.com\/es\/producto\/if-you-ask-me-to\/\",\"name\":\"AXELROD, Victor - If You Ask Me To... - (LP) | Guerssen\",\"isPartOf\":{\"@id\":\"https:\/\/wpguerssen-test.odoo.rgbconsulting.com\/es\/#website\"},\"primaryImageOfPage\":{\"@id\":\"https:\/\/wpguerssen-test.odoo.rgbconsulting.com\/es\/producto\/if-you-ask-me-to\/#primaryimage\"},\"image\":{\"@id\":\"https:\/\/wpguerssen-test.odoo.rgbconsulting.com\/es\/producto\/if-you-ask-me-to\/#primaryimage\"},\"thumbnailUrl\":\"https:\/\/wpguerssen-test.odoo.rgbconsulting.com\/wp-content\/uploads\/2023\/11\/46131.jpg\",\"datePublished\":\"2024-01-07T23:00:00+00:00\",\"dateModified\":\"2025-02-24T15:53:50+00:00\",\"description\":\"If you're a fan of Daptone Records, chances are you've read or heard the name Victor Axelrod, and even if you haven't, you've heard music from his hand. As a producer, arranger, recording and mixing engineer, and keyboardist, his creativity has extended across more than two decades of the label's releases, even dating to its prehistory with Desco Records. If You Ask Me To..., the first LP under his name for the label, is a collection of singles released between 2007-2023 as well as unreleased tracks from Sugar Minott and Binky Griptite.While previous projects like Ticklah Vs. Axelrod and Roots Combination (produced under the alias Ticklah) were inspired by the Jamaica of the 1970s and 80s, this set specifically channels an earlier period in the 1960s when Jamaica was both strikingly original in its continuum of genres but also closely and empathetically attuned to Black American music. Through Axelrod's exceptional taste and the notable contributions of guitarist Tom Brenneck, original tapes from Bob & Gene's MoDo discography, members of The Frightnrs, and others from the NYC reggae community, the legacy of trailblazing Jamaican artists like Alton Ellis, Tony Gregory, and Ken Parker continue to resonate and inspire a whole new generation of reggae and soul enthusiasts.\",\"breadcrumb\":{\"@id\":\"https:\/\/wpguerssen-test.odoo.rgbconsulting.com\/es\/producto\/if-you-ask-me-to\/#breadcrumb\"},\"inLanguage\":\"es\",\"potentialAction\":[{\"@type\":\"ReadAction\",\"target\":[\"https:\/\/wpguerssen-test.odoo.rgbconsulting.com\/es\/producto\/if-you-ask-me-to\/\"]}]},{\"@type\":\"ImageObject\",\"inLanguage\":\"es\",\"@id\":\"https:\/\/wpguerssen-test.odoo.rgbconsulting.com\/es\/producto\/if-you-ask-me-to\/#primaryimage\",\"url\":\"https:\/\/wpguerssen-test.odoo.rgbconsulting.com\/wp-content\/uploads\/2023\/11\/46131.jpg\",\"contentUrl\":\"https:\/\/wpguerssen-test.odoo.rgbconsulting.com\/wp-content\/uploads\/2023\/11\/46131.jpg\",\"width\":750,\"height\":750,\"caption\":\"Victor - If You Ask Me To... - DAPTONE (LP) | Guerssen\"},{\"@type\":\"BreadcrumbList\",\"@id\":\"https:\/\/wpguerssen-test.odoo.rgbconsulting.com\/es\/producto\/if-you-ask-me-to\/#breadcrumb\",\"itemListElement\":[{\"@type\":\"ListItem\",\"position\":1,\"name\":\"Inicio\",\"item\":\"https:\/\/wpguerssen-test.odoo.rgbconsulting.com\/es\/\"},{\"@type\":\"ListItem\",\"position\":2,\"name\":\"Shop\",\"item\":\"https:\/\/wpguerssen-test.odoo.rgbconsulting.com\/shop\/\"},{\"@type\":\"ListItem\",\"position\":3,\"name\":\"If You Ask Me To&#8230;\"}]},{\"@type\":\"WebSite\",\"@id\":\"https:\/\/wpguerssen-test.odoo.rgbconsulting.com\/es\/#website\",\"url\":\"https:\/\/wpguerssen-test.odoo.rgbconsulting.com\/es\/\",\"name\":\"Guerssen records\",\"description\":\"psychedelia - progressive - folk - garage \",\"publisher\":{\"@id\":\"https:\/\/wpguerssen-test.odoo.rgbconsulting.com\/es\/#organization\"},\"potentialAction\":[{\"@type\":\"SearchAction\",\"target\":{\"@type\":\"EntryPoint\",\"urlTemplate\":\"https:\/\/wpguerssen-test.odoo.rgbconsulting.com\/es\/?s={search_term_string}\"},\"query-input\":{\"@type\":\"PropertyValueSpecification\",\"valueRequired\":true,\"valueName\":\"search_term_string\"}}],\"inLanguage\":\"es\"},{\"@type\":\"Organization\",\"@id\":\"https:\/\/wpguerssen-test.odoo.rgbconsulting.com\/es\/#organization\",\"name\":\"Guerssen records\",\"url\":\"https:\/\/wpguerssen-test.odoo.rgbconsulting.com\/es\/\",\"logo\":{\"@type\":\"ImageObject\",\"inLanguage\":\"es\",\"@id\":\"https:\/\/wpguerssen-test.odoo.rgbconsulting.com\/es\/#\/schema\/logo\/image\/\",\"url\":\"https:\/\/wpguerssen-test.odoo.rgbconsulting.com\/wp-content\/uploads\/2022\/04\/Logo_Guerssen_trans_100.png\",\"contentUrl\":\"https:\/\/wpguerssen-test.odoo.rgbconsulting.com\/wp-content\/uploads\/2022\/04\/Logo_Guerssen_trans_100.png\",\"width\":122,\"height\":100,\"caption\":\"Guerssen records\"},\"image\":{\"@id\":\"https:\/\/wpguerssen-test.odoo.rgbconsulting.com\/es\/#\/schema\/logo\/image\/\"}}]}<\/script>\n<!-- \/ Yoast SEO plugin. -->","yoast_head_json":{"title":"AXELROD, Victor - If You Ask Me To... -  (LP) | Guerssen","description":"If you're a fan of Daptone Records, chances are you've read or heard the name Victor Axelrod, and even if you haven't, you've heard music from his hand. As a producer, arranger, recording and mixing engineer, and keyboardist, his creativity has extended across more than two decades of the label's releases, even dating to its prehistory with Desco Records. If You Ask Me To..., the first LP under his name for the label, is a collection of singles released between 2007-2023 as well as unreleased tracks from Sugar Minott and Binky Griptite.While previous projects like Ticklah Vs. Axelrod and Roots Combination (produced under the alias Ticklah) were inspired by the Jamaica of the 1970s and 80s, this set specifically channels an earlier period in the 1960s when Jamaica was both strikingly original in its continuum of genres but also closely and empathetically attuned to Black American music. Through Axelrod's exceptional taste and the notable contributions of guitarist Tom Brenneck, original tapes from Bob & Gene's MoDo discography, members of The Frightnrs, and others from the NYC reggae community, the legacy of trailblazing Jamaican artists like Alton Ellis, Tony Gregory, and Ken Parker continue to resonate and inspire a whole new generation of reggae and soul enthusiasts.","robots":{"index":"index","follow":"follow","max-snippet":"max-snippet:-1","max-image-preview":"max-image-preview:large","max-video-preview":"max-video-preview:-1"},"canonical":"https:\/\/wpguerssen-test.odoo.rgbconsulting.com\/es\/producto\/if-you-ask-me-to\/","og_locale":"es_ES","og_type":"article","og_title":"AXELROD, Victor - If You Ask Me To... -  (LP) | Guerssen","og_description":"If you're a fan of Daptone Records, chances are you've read or heard the name Victor Axelrod, and even if you haven't, you've heard music from his hand. As a producer, arranger, recording and mixing engineer, and keyboardist, his creativity has extended across more than two decades of the label's releases, even dating to its prehistory with Desco Records. If You Ask Me To..., the first LP under his name for the label, is a collection of singles released between 2007-2023 as well as unreleased tracks from Sugar Minott and Binky Griptite.While previous projects like Ticklah Vs. Axelrod and Roots Combination (produced under the alias Ticklah) were inspired by the Jamaica of the 1970s and 80s, this set specifically channels an earlier period in the 1960s when Jamaica was both strikingly original in its continuum of genres but also closely and empathetically attuned to Black American music. Through Axelrod's exceptional taste and the notable contributions of guitarist Tom Brenneck, original tapes from Bob & Gene's MoDo discography, members of The Frightnrs, and others from the NYC reggae community, the legacy of trailblazing Jamaican artists like Alton Ellis, Tony Gregory, and Ken Parker continue to resonate and inspire a whole new generation of reggae and soul enthusiasts.","og_url":"https:\/\/wpguerssen-test.odoo.rgbconsulting.com\/es\/producto\/if-you-ask-me-to\/","og_site_name":"Guerssen records","article_modified_time":"2025-02-24T15:53:50+00:00","og_image":[{"width":750,"height":750,"url":"https:\/\/wpguerssen-test.odoo.rgbconsulting.com\/wp-content\/uploads\/2023\/11\/46131.jpg","type":"image\/jpeg"}],"twitter_card":"summary_large_image","twitter_title":"AXELROD, Victor - If You Ask Me To... -  (LP) | Guerssen","twitter_misc":{"Tiempo de lectura":"1 minuto"},"schema":{"@context":"https:\/\/schema.org","@graph":[{"@type":"WebPage","@id":"https:\/\/wpguerssen-test.odoo.rgbconsulting.com\/es\/producto\/if-you-ask-me-to\/","url":"https:\/\/wpguerssen-test.odoo.rgbconsulting.com\/es\/producto\/if-you-ask-me-to\/","name":"AXELROD, Victor - If You Ask Me To... - (LP) | Guerssen","isPartOf":{"@id":"https:\/\/wpguerssen-test.odoo.rgbconsulting.com\/es\/#website"},"primaryImageOfPage":{"@id":"https:\/\/wpguerssen-test.odoo.rgbconsulting.com\/es\/producto\/if-you-ask-me-to\/#primaryimage"},"image":{"@id":"https:\/\/wpguerssen-test.odoo.rgbconsulting.com\/es\/producto\/if-you-ask-me-to\/#primaryimage"},"thumbnailUrl":"https:\/\/wpguerssen-test.odoo.rgbconsulting.com\/wp-content\/uploads\/2023\/11\/46131.jpg","datePublished":"2024-01-07T23:00:00+00:00","dateModified":"2025-02-24T15:53:50+00:00","description":"If you're a fan of Daptone Records, chances are you've read or heard the name Victor Axelrod, and even if you haven't, you've heard music from his hand. As a producer, arranger, recording and mixing engineer, and keyboardist, his creativity has extended across more than two decades of the label's releases, even dating to its prehistory with Desco Records. If You Ask Me To..., the first LP under his name for the label, is a collection of singles released between 2007-2023 as well as unreleased tracks from Sugar Minott and Binky Griptite.While previous projects like Ticklah Vs. Axelrod and Roots Combination (produced under the alias Ticklah) were inspired by the Jamaica of the 1970s and 80s, this set specifically channels an earlier period in the 1960s when Jamaica was both strikingly original in its continuum of genres but also closely and empathetically attuned to Black American music. Through Axelrod's exceptional taste and the notable contributions of guitarist Tom Brenneck, original tapes from Bob & Gene's MoDo discography, members of The Frightnrs, and others from the NYC reggae community, the legacy of trailblazing Jamaican artists like Alton Ellis, Tony Gregory, and Ken Parker continue to resonate and inspire a whole new generation of reggae and soul enthusiasts.","breadcrumb":{"@id":"https:\/\/wpguerssen-test.odoo.rgbconsulting.com\/es\/producto\/if-you-ask-me-to\/#breadcrumb"},"inLanguage":"es","potentialAction":[{"@type":"ReadAction","target":["https:\/\/wpguerssen-test.odoo.rgbconsulting.com\/es\/producto\/if-you-ask-me-to\/"]}]},{"@type":"ImageObject","inLanguage":"es","@id":"https:\/\/wpguerssen-test.odoo.rgbconsulting.com\/es\/producto\/if-you-ask-me-to\/#primaryimage","url":"https:\/\/wpguerssen-test.odoo.rgbconsulting.com\/wp-content\/uploads\/2023\/11\/46131.jpg","contentUrl":"https:\/\/wpguerssen-test.odoo.rgbconsulting.com\/wp-content\/uploads\/2023\/11\/46131.jpg","width":750,"height":750,"caption":"Victor - If You Ask Me To... - DAPTONE (LP) | Guerssen"},{"@type":"BreadcrumbList","@id":"https:\/\/wpguerssen-test.odoo.rgbconsulting.com\/es\/producto\/if-you-ask-me-to\/#breadcrumb","itemListElement":[{"@type":"ListItem","position":1,"name":"Inicio","item":"https:\/\/wpguerssen-test.odoo.rgbconsulting.com\/es\/"},{"@type":"ListItem","position":2,"name":"Shop","item":"https:\/\/wpguerssen-test.odoo.rgbconsulting.com\/shop\/"},{"@type":"ListItem","position":3,"name":"If You Ask Me To&#8230;"}]},{"@type":"WebSite","@id":"https:\/\/wpguerssen-test.odoo.rgbconsulting.com\/es\/#website","url":"https:\/\/wpguerssen-test.odoo.rgbconsulting.com\/es\/","name":"Guerssen records","description":"psychedelia - progressive - folk - garage ","publisher":{"@id":"https:\/\/wpguerssen-test.odoo.rgbconsulting.com\/es\/#organization"},"potentialAction":[{"@type":"SearchAction","target":{"@type":"EntryPoint","urlTemplate":"https:\/\/wpguerssen-test.odoo.rgbconsulting.com\/es\/?s={search_term_string}"},"query-input":{"@type":"PropertyValueSpecification","valueRequired":true,"valueName":"search_term_string"}}],"inLanguage":"es"},{"@type":"Organization","@id":"https:\/\/wpguerssen-test.odoo.rgbconsulting.com\/es\/#organization","name":"Guerssen records","url":"https:\/\/wpguerssen-test.odoo.rgbconsulting.com\/es\/","logo":{"@type":"ImageObject","inLanguage":"es","@id":"https:\/\/wpguerssen-test.odoo.rgbconsulting.com\/es\/#\/schema\/logo\/image\/","url":"https:\/\/wpguerssen-test.odoo.rgbconsulting.com\/wp-content\/uploads\/2022\/04\/Logo_Guerssen_trans_100.png","contentUrl":"https:\/\/wpguerssen-test.odoo.rgbconsulting.com\/wp-content\/uploads\/2022\/04\/Logo_Guerssen_trans_100.png","width":122,"height":100,"caption":"Guerssen records"},"image":{"@id":"https:\/\/wpguerssen-test.odoo.rgbconsulting.com\/es\/#\/schema\/logo\/image\/"}}]}},"_links":{"self":[{"href":"https:\/\/wpguerssen-test.odoo.rgbconsulting.com\/es\/wp-json\/wp\/v2\/product\/245692","targetHints":{"allow":["GET"]}}],"collection":[{"href":"https:\/\/wpguerssen-test.odoo.rgbconsulting.com\/es\/wp-json\/wp\/v2\/product"}],"about":[{"href":"https:\/\/wpguerssen-test.odoo.rgbconsulting.com\/es\/wp-json\/wp\/v2\/types\/product"}],"wp:featuredmedia":[{"embeddable":true,"href":"https:\/\/wpguerssen-test.odoo.rgbconsulting.com\/es\/wp-json\/wp\/v2\/media\/245585"}],"wp:attachment":[{"href":"https:\/\/wpguerssen-test.odoo.rgbconsulting.com\/es\/wp-json\/wp\/v2\/media?parent=245692"}],"wp:term":[{"taxonomy":"product_brand","embeddable":true,"href":"https:\/\/wpguerssen-test.odoo.rgbconsulting.com\/es\/wp-json\/wp\/v2\/product_brand?post=245692"},{"taxonomy":"product_cat","embeddable":true,"href":"https:\/\/wpguerssen-test.odoo.rgbconsulting.com\/es\/wp-json\/wp\/v2\/product_cat?post=245692"},{"taxonomy":"product_tag","embeddable":true,"href":"https:\/\/wpguerssen-test.odoo.rgbconsulting.com\/es\/wp-json\/wp\/v2\/product_tag?post=245692"}],"curies":[{"name":"wp","href":"https:\/\/api.w.org\/{rel}","templated":true}]}}