{"id":245695,"date":"2024-01-08T00:00:00","date_gmt":"2024-01-07T23:00:00","guid":{"rendered":"https:\/\/wpguerssen-test.odoo.rgbconsulting.com\/product\/with-love\/"},"modified":"2025-02-24T16:54:00","modified_gmt":"2025-02-24T15:54:00","slug":"with-love","status":"publish","type":"product","link":"https:\/\/wpguerssen-test.odoo.rgbconsulting.com\/es\/producto\/with-love\/","title":{"rendered":"With Love"},"content":{"rendered":"<p>Daptone Records presenta la \u00faltima oferta de The James Hunter Six, With Love: una colecci\u00f3n en forma de coraz\u00f3n a base de baladas a la luz de las velas y canciones de amor. Arrancadas como otros tantos p\u00e9talos de \u00ab\u00e9l te ama\u00bb del vasto y suntuoso jard\u00edn de sus Daptone Recordings, estas doce melod\u00edas han sido seleccionadas y secuenciadas con gran cuidado, ternura e intenci\u00f3n por el personal de Daptone con el \u00fanico prop\u00f3sito de recopilar algunos de los tesoros criminalmente pasados \u00bf\u00bfpor alto por la cr\u00edtica de James Hunter Six.<\/p>\n","protected":false},"excerpt":{"rendered":"<p>Daptone Records presenta la \u00faltima oferta de The James Hunter Six, With Love: una colecci\u00f3n en forma de coraz\u00f3n a base de baladas a la luz de las velas y canciones<a class=\"read\" href=\"https:\/\/wpguerssen-test.odoo.rgbconsulting.com\/es\/producto\/with-love\/\"> (...)<\/a>","protected":false},"featured_media":245594,"template":"","meta":{"_acf_changed":false},"product_brand":[],"product_cat":[21649],"product_tag":[],"class_list":{"0":"post-245695","1":"product","2":"type-product","3":"status-publish","4":"has-post-thumbnail","6":"product_cat-soul-rnb-es","7":"pa_artist-james-hunter-six-the","8":"pa_format-lp-es","9":"pa_gender-soul-rnb","10":"pa_label-daptone-es-2","11":"pa_location-uk-ireland-es","12":"pa_other-filters-vinyl-only-es","14":"first","15":"instock","16":"taxable","17":"shipping-taxable","18":"purchasable","19":"product-type-simple"},"acf":[],"yoast_head":"<!-- This site is optimized with the Yoast SEO plugin v24.9 - https:\/\/yoast.com\/wordpress\/plugins\/seo\/ -->\n<title>JAMES HUNTER SIX, The - With Love -  (LP) | Guerssen<\/title>\n<meta name=\"description\" content=\"Daptone Records presents The James Hunter Six&#039;s latest offering, With Love: a heart-shaped collection of candle-lit ballads and love songs. Plucked like so many &quot;he loves you&quot; petals from the vast and sumptuous garden of his Daptone Recordings, these twelve lilting melodies have been selected and sequenced with great care, tenderness, and intention by Daptone staff for the solitary purpose of compiling some of the criminally overlooked treasures in the James Hunter Six&#039;s critically acclaimed catalog.\" \/>\n<meta name=\"robots\" content=\"index, follow, max-snippet:-1, max-image-preview:large, max-video-preview:-1\" \/>\n<link rel=\"canonical\" href=\"https:\/\/wpguerssen-test.odoo.rgbconsulting.com\/es\/producto\/with-love\/\" \/>\n<meta property=\"og:locale\" content=\"es_ES\" \/>\n<meta property=\"og:type\" content=\"article\" \/>\n<meta property=\"og:title\" content=\"JAMES HUNTER SIX, The - With Love -  (LP) | Guerssen\" \/>\n<meta property=\"og:description\" content=\"Daptone Records presents The James Hunter Six&#039;s latest offering, With Love: a heart-shaped collection of candle-lit ballads and love songs. Plucked like so many &quot;he loves you&quot; petals from the vast and sumptuous garden of his Daptone Recordings, these twelve lilting melodies have been selected and sequenced with great care, tenderness, and intention by Daptone staff for the solitary purpose of compiling some of the criminally overlooked treasures in the James Hunter Six&#039;s critically acclaimed catalog.\" \/>\n<meta property=\"og:url\" content=\"https:\/\/wpguerssen-test.odoo.rgbconsulting.com\/es\/producto\/with-love\/\" \/>\n<meta property=\"og:site_name\" content=\"Guerssen records\" \/>\n<meta property=\"article:modified_time\" content=\"2025-02-24T15:54:00+00:00\" \/>\n<meta property=\"og:image\" content=\"https:\/\/wpguerssen-test.odoo.rgbconsulting.com\/wp-content\/uploads\/2023\/11\/46134.jpg\" \/>\n\t<meta property=\"og:image:width\" content=\"1200\" \/>\n\t<meta property=\"og:image:height\" content=\"1200\" \/>\n\t<meta property=\"og:image:type\" content=\"image\/jpeg\" \/>\n<meta name=\"twitter:card\" content=\"summary_large_image\" \/>\n<meta name=\"twitter:title\" content=\"JAMES HUNTER SIX, The - With Love -  (LP) | Guerssen\" \/>\n<script type=\"application\/ld+json\" class=\"yoast-schema-graph\">{\"@context\":\"https:\/\/schema.org\",\"@graph\":[{\"@type\":\"WebPage\",\"@id\":\"https:\/\/wpguerssen-test.odoo.rgbconsulting.com\/es\/producto\/with-love\/\",\"url\":\"https:\/\/wpguerssen-test.odoo.rgbconsulting.com\/es\/producto\/with-love\/\",\"name\":\"JAMES HUNTER SIX, The - With Love - (LP) | Guerssen\",\"isPartOf\":{\"@id\":\"https:\/\/wpguerssen-test.odoo.rgbconsulting.com\/es\/#website\"},\"primaryImageOfPage\":{\"@id\":\"https:\/\/wpguerssen-test.odoo.rgbconsulting.com\/es\/producto\/with-love\/#primaryimage\"},\"image\":{\"@id\":\"https:\/\/wpguerssen-test.odoo.rgbconsulting.com\/es\/producto\/with-love\/#primaryimage\"},\"thumbnailUrl\":\"https:\/\/wpguerssen-test.odoo.rgbconsulting.com\/wp-content\/uploads\/2023\/11\/46134.jpg\",\"datePublished\":\"2024-01-07T23:00:00+00:00\",\"dateModified\":\"2025-02-24T15:54:00+00:00\",\"description\":\"Daptone Records presents The James Hunter Six's latest offering, With Love: a heart-shaped collection of candle-lit ballads and love songs. Plucked like so many \\\"he loves you\\\" petals from the vast and sumptuous garden of his Daptone Recordings, these twelve lilting melodies have been selected and sequenced with great care, tenderness, and intention by Daptone staff for the solitary purpose of compiling some of the criminally overlooked treasures in the James Hunter Six's critically acclaimed catalog.\",\"breadcrumb\":{\"@id\":\"https:\/\/wpguerssen-test.odoo.rgbconsulting.com\/es\/producto\/with-love\/#breadcrumb\"},\"inLanguage\":\"es\",\"potentialAction\":[{\"@type\":\"ReadAction\",\"target\":[\"https:\/\/wpguerssen-test.odoo.rgbconsulting.com\/es\/producto\/with-love\/\"]}]},{\"@type\":\"ImageObject\",\"inLanguage\":\"es\",\"@id\":\"https:\/\/wpguerssen-test.odoo.rgbconsulting.com\/es\/producto\/with-love\/#primaryimage\",\"url\":\"https:\/\/wpguerssen-test.odoo.rgbconsulting.com\/wp-content\/uploads\/2023\/11\/46134.jpg\",\"contentUrl\":\"https:\/\/wpguerssen-test.odoo.rgbconsulting.com\/wp-content\/uploads\/2023\/11\/46134.jpg\",\"width\":1200,\"height\":1200,\"caption\":\"The - With Love - DAPTONE (LP) | Guerssen\"},{\"@type\":\"BreadcrumbList\",\"@id\":\"https:\/\/wpguerssen-test.odoo.rgbconsulting.com\/es\/producto\/with-love\/#breadcrumb\",\"itemListElement\":[{\"@type\":\"ListItem\",\"position\":1,\"name\":\"Inicio\",\"item\":\"https:\/\/wpguerssen-test.odoo.rgbconsulting.com\/es\/\"},{\"@type\":\"ListItem\",\"position\":2,\"name\":\"Shop\",\"item\":\"https:\/\/wpguerssen-test.odoo.rgbconsulting.com\/shop\/\"},{\"@type\":\"ListItem\",\"position\":3,\"name\":\"With Love\"}]},{\"@type\":\"WebSite\",\"@id\":\"https:\/\/wpguerssen-test.odoo.rgbconsulting.com\/es\/#website\",\"url\":\"https:\/\/wpguerssen-test.odoo.rgbconsulting.com\/es\/\",\"name\":\"Guerssen records\",\"description\":\"psychedelia - progressive - folk - garage \",\"publisher\":{\"@id\":\"https:\/\/wpguerssen-test.odoo.rgbconsulting.com\/es\/#organization\"},\"potentialAction\":[{\"@type\":\"SearchAction\",\"target\":{\"@type\":\"EntryPoint\",\"urlTemplate\":\"https:\/\/wpguerssen-test.odoo.rgbconsulting.com\/es\/?s={search_term_string}\"},\"query-input\":{\"@type\":\"PropertyValueSpecification\",\"valueRequired\":true,\"valueName\":\"search_term_string\"}}],\"inLanguage\":\"es\"},{\"@type\":\"Organization\",\"@id\":\"https:\/\/wpguerssen-test.odoo.rgbconsulting.com\/es\/#organization\",\"name\":\"Guerssen records\",\"url\":\"https:\/\/wpguerssen-test.odoo.rgbconsulting.com\/es\/\",\"logo\":{\"@type\":\"ImageObject\",\"inLanguage\":\"es\",\"@id\":\"https:\/\/wpguerssen-test.odoo.rgbconsulting.com\/es\/#\/schema\/logo\/image\/\",\"url\":\"https:\/\/wpguerssen-test.odoo.rgbconsulting.com\/wp-content\/uploads\/2022\/04\/Logo_Guerssen_trans_100.png\",\"contentUrl\":\"https:\/\/wpguerssen-test.odoo.rgbconsulting.com\/wp-content\/uploads\/2022\/04\/Logo_Guerssen_trans_100.png\",\"width\":122,\"height\":100,\"caption\":\"Guerssen records\"},\"image\":{\"@id\":\"https:\/\/wpguerssen-test.odoo.rgbconsulting.com\/es\/#\/schema\/logo\/image\/\"}}]}<\/script>\n<!-- \/ Yoast SEO plugin. -->","yoast_head_json":{"title":"JAMES HUNTER SIX, The - With Love -  (LP) | Guerssen","description":"Daptone Records presents The James Hunter Six's latest offering, With Love: a heart-shaped collection of candle-lit ballads and love songs. Plucked like so many \"he loves you\" petals from the vast and sumptuous garden of his Daptone Recordings, these twelve lilting melodies have been selected and sequenced with great care, tenderness, and intention by Daptone staff for the solitary purpose of compiling some of the criminally overlooked treasures in the James Hunter Six's critically acclaimed catalog.","robots":{"index":"index","follow":"follow","max-snippet":"max-snippet:-1","max-image-preview":"max-image-preview:large","max-video-preview":"max-video-preview:-1"},"canonical":"https:\/\/wpguerssen-test.odoo.rgbconsulting.com\/es\/producto\/with-love\/","og_locale":"es_ES","og_type":"article","og_title":"JAMES HUNTER SIX, The - With Love -  (LP) | Guerssen","og_description":"Daptone Records presents The James Hunter Six's latest offering, With Love: a heart-shaped collection of candle-lit ballads and love songs. Plucked like so many \"he loves you\" petals from the vast and sumptuous garden of his Daptone Recordings, these twelve lilting melodies have been selected and sequenced with great care, tenderness, and intention by Daptone staff for the solitary purpose of compiling some of the criminally overlooked treasures in the James Hunter Six's critically acclaimed catalog.","og_url":"https:\/\/wpguerssen-test.odoo.rgbconsulting.com\/es\/producto\/with-love\/","og_site_name":"Guerssen records","article_modified_time":"2025-02-24T15:54:00+00:00","og_image":[{"width":1200,"height":1200,"url":"https:\/\/wpguerssen-test.odoo.rgbconsulting.com\/wp-content\/uploads\/2023\/11\/46134.jpg","type":"image\/jpeg"}],"twitter_card":"summary_large_image","twitter_title":"JAMES HUNTER SIX, The - With Love -  (LP) | Guerssen","schema":{"@context":"https:\/\/schema.org","@graph":[{"@type":"WebPage","@id":"https:\/\/wpguerssen-test.odoo.rgbconsulting.com\/es\/producto\/with-love\/","url":"https:\/\/wpguerssen-test.odoo.rgbconsulting.com\/es\/producto\/with-love\/","name":"JAMES HUNTER SIX, The - With Love - (LP) | Guerssen","isPartOf":{"@id":"https:\/\/wpguerssen-test.odoo.rgbconsulting.com\/es\/#website"},"primaryImageOfPage":{"@id":"https:\/\/wpguerssen-test.odoo.rgbconsulting.com\/es\/producto\/with-love\/#primaryimage"},"image":{"@id":"https:\/\/wpguerssen-test.odoo.rgbconsulting.com\/es\/producto\/with-love\/#primaryimage"},"thumbnailUrl":"https:\/\/wpguerssen-test.odoo.rgbconsulting.com\/wp-content\/uploads\/2023\/11\/46134.jpg","datePublished":"2024-01-07T23:00:00+00:00","dateModified":"2025-02-24T15:54:00+00:00","description":"Daptone Records presents The James Hunter Six's latest offering, With Love: a heart-shaped collection of candle-lit ballads and love songs. Plucked like so many \"he loves you\" petals from the vast and sumptuous garden of his Daptone Recordings, these twelve lilting melodies have been selected and sequenced with great care, tenderness, and intention by Daptone staff for the solitary purpose of compiling some of the criminally overlooked treasures in the James Hunter Six's critically acclaimed catalog.","breadcrumb":{"@id":"https:\/\/wpguerssen-test.odoo.rgbconsulting.com\/es\/producto\/with-love\/#breadcrumb"},"inLanguage":"es","potentialAction":[{"@type":"ReadAction","target":["https:\/\/wpguerssen-test.odoo.rgbconsulting.com\/es\/producto\/with-love\/"]}]},{"@type":"ImageObject","inLanguage":"es","@id":"https:\/\/wpguerssen-test.odoo.rgbconsulting.com\/es\/producto\/with-love\/#primaryimage","url":"https:\/\/wpguerssen-test.odoo.rgbconsulting.com\/wp-content\/uploads\/2023\/11\/46134.jpg","contentUrl":"https:\/\/wpguerssen-test.odoo.rgbconsulting.com\/wp-content\/uploads\/2023\/11\/46134.jpg","width":1200,"height":1200,"caption":"The - With Love - DAPTONE (LP) | Guerssen"},{"@type":"BreadcrumbList","@id":"https:\/\/wpguerssen-test.odoo.rgbconsulting.com\/es\/producto\/with-love\/#breadcrumb","itemListElement":[{"@type":"ListItem","position":1,"name":"Inicio","item":"https:\/\/wpguerssen-test.odoo.rgbconsulting.com\/es\/"},{"@type":"ListItem","position":2,"name":"Shop","item":"https:\/\/wpguerssen-test.odoo.rgbconsulting.com\/shop\/"},{"@type":"ListItem","position":3,"name":"With Love"}]},{"@type":"WebSite","@id":"https:\/\/wpguerssen-test.odoo.rgbconsulting.com\/es\/#website","url":"https:\/\/wpguerssen-test.odoo.rgbconsulting.com\/es\/","name":"Guerssen records","description":"psychedelia - progressive - folk - garage ","publisher":{"@id":"https:\/\/wpguerssen-test.odoo.rgbconsulting.com\/es\/#organization"},"potentialAction":[{"@type":"SearchAction","target":{"@type":"EntryPoint","urlTemplate":"https:\/\/wpguerssen-test.odoo.rgbconsulting.com\/es\/?s={search_term_string}"},"query-input":{"@type":"PropertyValueSpecification","valueRequired":true,"valueName":"search_term_string"}}],"inLanguage":"es"},{"@type":"Organization","@id":"https:\/\/wpguerssen-test.odoo.rgbconsulting.com\/es\/#organization","name":"Guerssen records","url":"https:\/\/wpguerssen-test.odoo.rgbconsulting.com\/es\/","logo":{"@type":"ImageObject","inLanguage":"es","@id":"https:\/\/wpguerssen-test.odoo.rgbconsulting.com\/es\/#\/schema\/logo\/image\/","url":"https:\/\/wpguerssen-test.odoo.rgbconsulting.com\/wp-content\/uploads\/2022\/04\/Logo_Guerssen_trans_100.png","contentUrl":"https:\/\/wpguerssen-test.odoo.rgbconsulting.com\/wp-content\/uploads\/2022\/04\/Logo_Guerssen_trans_100.png","width":122,"height":100,"caption":"Guerssen records"},"image":{"@id":"https:\/\/wpguerssen-test.odoo.rgbconsulting.com\/es\/#\/schema\/logo\/image\/"}}]}},"_links":{"self":[{"href":"https:\/\/wpguerssen-test.odoo.rgbconsulting.com\/es\/wp-json\/wp\/v2\/product\/245695","targetHints":{"allow":["GET"]}}],"collection":[{"href":"https:\/\/wpguerssen-test.odoo.rgbconsulting.com\/es\/wp-json\/wp\/v2\/product"}],"about":[{"href":"https:\/\/wpguerssen-test.odoo.rgbconsulting.com\/es\/wp-json\/wp\/v2\/types\/product"}],"wp:featuredmedia":[{"embeddable":true,"href":"https:\/\/wpguerssen-test.odoo.rgbconsulting.com\/es\/wp-json\/wp\/v2\/media\/245594"}],"wp:attachment":[{"href":"https:\/\/wpguerssen-test.odoo.rgbconsulting.com\/es\/wp-json\/wp\/v2\/media?parent=245695"}],"wp:term":[{"taxonomy":"product_brand","embeddable":true,"href":"https:\/\/wpguerssen-test.odoo.rgbconsulting.com\/es\/wp-json\/wp\/v2\/product_brand?post=245695"},{"taxonomy":"product_cat","embeddable":true,"href":"https:\/\/wpguerssen-test.odoo.rgbconsulting.com\/es\/wp-json\/wp\/v2\/product_cat?post=245695"},{"taxonomy":"product_tag","embeddable":true,"href":"https:\/\/wpguerssen-test.odoo.rgbconsulting.com\/es\/wp-json\/wp\/v2\/product_tag?post=245695"}],"curies":[{"name":"wp","href":"https:\/\/api.w.org\/{rel}","templated":true}]}}